{"id":5761,"date":"2023-05-12T21:13:08","date_gmt":"2023-05-12T21:13:08","guid":{"rendered":"https:\/\/distribucionarc.com\/?post_type=product&#038;p=5761"},"modified":"2024-10-05T03:04:04","modified_gmt":"2024-10-05T03:04:04","slug":"automatisk-kjottskjaerer","status":"publish","type":"product","link":"https:\/\/distribucionarc.com\/nb\/producto\/cortadora-de-fiambre-automatica\/","title":{"rendered":"Automatisk kj\u00f8ttskj\u00e6rer"},"content":{"rendered":"<h2>Automatisk kj\u00f8ttp\u00e5legg og kj\u00f8ttskj\u00e6rer<\/h2>\n<p><a href=\"https:\/\/distribucionarc.com\/wp-content\/uploads\/2023\/05\/cortadora-fiambre-automatica-medidas-1.jpg\"><img loading=\"lazy\" decoding=\"async\" class=\"alignnone size-medium wp-image-5956\" src=\"https:\/\/distribucionarc.com\/wp-content\/uploads\/2023\/05\/cortadora-fiambre-automatica-medidas-1-300x300.jpg\" alt=\"\" width=\"300\" height=\"300\" srcset=\"https:\/\/distribucionarc.com\/wp-content\/uploads\/2023\/05\/cortadora-fiambre-automatica-medidas-1-300x300.jpg 300w, https:\/\/distribucionarc.com\/wp-content\/uploads\/2023\/05\/cortadora-fiambre-automatica-medidas-1-430x430.jpg 430w, https:\/\/distribucionarc.com\/wp-content\/uploads\/2023\/05\/cortadora-fiambre-automatica-medidas-1-150x150.jpg 150w, https:\/\/distribucionarc.com\/wp-content\/uploads\/2023\/05\/cortadora-fiambre-automatica-medidas-1-700x700.jpg 700w, https:\/\/distribucionarc.com\/wp-content\/uploads\/2023\/05\/cortadora-fiambre-automatica-medidas-1-1024x1024.jpg 1024w, https:\/\/distribucionarc.com\/wp-content\/uploads\/2023\/05\/cortadora-fiambre-automatica-medidas-1-768x768.jpg 768w, https:\/\/distribucionarc.com\/wp-content\/uploads\/2023\/05\/cortadora-fiambre-automatica-medidas-1-1536x1536.jpg 1536w, https:\/\/distribucionarc.com\/wp-content\/uploads\/2023\/05\/cortadora-fiambre-automatica-medidas-1-12x12.jpg 12w, https:\/\/distribucionarc.com\/wp-content\/uploads\/2023\/05\/cortadora-fiambre-automatica-medidas-1-48x48.jpg 48w, https:\/\/distribucionarc.com\/wp-content\/uploads\/2023\/05\/cortadora-fiambre-automatica-medidas-1.jpg 2000w\" sizes=\"auto, (max-width: 300px) 100vw, 300px\" \/><\/a><\/p>\n<p>V\u00e5r <strong>p\u00e5legg og kj\u00f8ttskj\u00e6rer<\/strong>og automatisk er den perfekte l\u00f8sningen for \u00e5 oppn\u00e5 n\u00f8yaktige og effektive kutt automatisk. Med en finish av h\u00f8y kvalitet tilbyr denne maskinen en rekke funksjoner som gj\u00f8r den trygg og enkel \u00e5 bruke. Ingen manuell kontroll kreves, noe som gir bekvemmelighet og presisjon ved kutting. Laget med en kropp av h\u00f8y kvalitet i AISI 304 rustfritt st\u00e5l, gir denne skj\u00e6remaskinen holdbarhet og motstand. Den skr\u00e5stilte kutteanordningen og den automatiske vogndriften gj\u00f8r den spesielt egnet for kj\u00f8ttprodukter. Med 320 mm diameter kniver, en maksimal skj\u00e6rebredde p\u00e5 300 mm og en justerbar skj\u00e6retykkelse fra 0 til 18 mm, kan du f\u00e5 perfekte skiver etter dine behov. Tilkoblingsmessig har den en elektrisk tilkobling p\u00e5 1 \/ N \/ PE 230 volt \/ 50 Hz og en effekt p\u00e5 370*2 watt. Dens ytre m\u00e5l p\u00e5 747 mm x 582 mm x 764 mm gj\u00f8r den kompakt og enkel \u00e5 plassere p\u00e5 arbeidsplassen.<\/p>\n<div style=\"width: 1280px;\" class=\"wp-video\"><video class=\"wp-video-shortcode\" id=\"video-5761-1\" width=\"1280\" height=\"720\" preload=\"metadata\" controls=\"controls\"><source type=\"video\/mp4\" src=\"https:\/\/distribucionarc.com\/wp-content\/uploads\/2023\/05\/cortadora-fiambre-automatica-funcionamiento.mp4?_=1\" \/><a href=\"https:\/\/distribucionarc.com\/wp-content\/uploads\/2023\/05\/cortadora-fiambre-automatica-funcionamiento.mp4\">https:\/\/distribucionarc.com\/wp-content\/uploads\/2023\/05\/cortadora-fiambre-automatica-funcionamiento.mp4<\/a><\/video><\/div>\n<p>Tekniske spesifikasjoner<strong> AR10168<\/strong><\/p>\n<ul>\n<li>Manuell eller automatisk kontroll<\/li>\n<li>presis kutting<\/li>\n<li>Enkel mekanisk betjening<\/li>\n<li>H\u00e5ndbeskyttelse gir sikker drift<\/li>\n<li>Utskiftbar slipeskive<\/li>\n<li>Sprutbeskyttelse<\/li>\n<li>Enkel \u00e5 rengj\u00f8re<\/li>\n<li>Hus laget av h\u00f8ykvalitets AISI 304 rustfritt st\u00e5l<\/li>\n<li>Skr\u00e5 skj\u00e6reanordning<\/li>\n<li>Automatisk vogndrift<\/li>\n<li>Spesielt egnet for kj\u00f8ttprodukter<\/li>\n<li>Bladdiameter: 320 mm<\/li>\n<li>Klippebredde: maks 300 mm<\/li>\n<li>Skj\u00e6retykkelse: 0 \u2013 18 mm<\/li>\n<li>Elektrisk tilkobling: 1 \/ N \/ PE 230 volt \/ 50 Hz<\/li>\n<\/ul>\n<h3>Be om mer informasjon<\/h3>\n<p>I\u00a0<b>ARC distribusjon<\/b>\u00a0Vi gir deg r\u00e5d om optimalisering av fabrikken eller etablering av en ny industri<\/p>","protected":false},"excerpt":{"rendered":"<p>Automatisk kj\u00f8tt- og delikatesseskj\u00e6rer V\u00e5r automatiske kj\u00f8tt- og delikatesseskj\u00e6rer er den perfekte l\u00f8sningen for \u00e5 f\u00e5 kj\u00f8ttstykker<\/p>","protected":false},"featured_media":5955,"comment_status":"open","ping_status":"closed","template":"","meta":{"wds_primary_product_brand":0,"wds_primary_product_cat":0},"product_brand":[],"product_cat":[115,116,117],"product_tag":[],"class_list":{"0":"post-5761","1":"product","2":"type-product","3":"status-publish","4":"has-post-thumbnail","6":"product_cat-cortadoras","7":"product_cat-coartadoras-de-carne","8":"product_cat-filetes","9":"product_shipping_class-express","11":"first","12":"instock","13":"taxable","14":"shipping-taxable","15":"purchasable","16":"product-type-simple"},"yoast_head":"<!-- This site is optimized with the Yoast SEO Premium plugin v24.9 (Yoast SEO v26.1) - https:\/\/yoast.com\/wordpress\/plugins\/seo\/ -->\n<title>Cortadora de fiambre autom\u00e1tica - distribuci\u00f3n ARC<\/title>\n<meta name=\"robots\" content=\"index, follow, max-snippet:-1, max-image-preview:large, max-video-preview:-1\" \/>\n<link rel=\"canonical\" href=\"https:\/\/www.distribucionarc.com\/nl\/producto\/cortadora-de-fiambre-automatica\/\" \/>\n<meta property=\"og:locale\" content=\"nb_NO\" \/>\n<meta property=\"og:type\" content=\"article\" \/>\n<meta property=\"og:title\" content=\"Cortadora de fiambre autom\u00e1tica\" \/>\n<meta property=\"og:description\" content=\"Cortadora de fiambre y carne autom\u00e1tica Nuestra cortadora de fiambre y carne autom\u00e1tica es la soluci\u00f3n perfecta para obtener cortes\" \/>\n<meta property=\"og:url\" content=\"https:\/\/www.distribucionarc.com\/nl\/producto\/cortadora-de-fiambre-automatica\/\" \/>\n<meta property=\"og:site_name\" content=\"distribuci\u00f3n ARC\" \/>\n<meta property=\"article:modified_time\" content=\"2024-10-05T03:04:04+00:00\" \/>\n<meta property=\"og:image\" content=\"https:\/\/www.distribucionarc.com\/wp-content\/uploads\/2023\/05\/cortadora-fiambre-automatica-imagen-producto.jpg\" \/>\n\t<meta property=\"og:image:width\" content=\"1600\" \/>\n\t<meta property=\"og:image:height\" content=\"1600\" \/>\n\t<meta property=\"og:image:type\" content=\"image\/jpeg\" \/>\n<meta name=\"twitter:card\" content=\"summary_large_image\" \/>\n<meta name=\"twitter:label1\" content=\"Ansl. lesetid\" \/>\n\t<meta name=\"twitter:data1\" content=\"2 minutter\" \/>\n<script type=\"application\/ld+json\" class=\"yoast-schema-graph\">{\"@context\":\"https:\/\/schema.org\",\"@graph\":[{\"@type\":\"WebPage\",\"@id\":\"https:\/\/www.distribucionarc.com\/nl\/producto\/cortadora-de-fiambre-automatica\/\",\"url\":\"https:\/\/www.distribucionarc.com\/nl\/producto\/cortadora-de-fiambre-automatica\/\",\"name\":\"Cortadora de fiambre autom\u00e1tica - distribuci\u00f3n ARC\",\"isPartOf\":{\"@id\":\"https:\/\/distribucionarc.com\/de\/#website\"},\"primaryImageOfPage\":{\"@id\":\"https:\/\/www.distribucionarc.com\/nl\/producto\/cortadora-de-fiambre-automatica\/#primaryimage\"},\"image\":{\"@id\":\"https:\/\/www.distribucionarc.com\/nl\/producto\/cortadora-de-fiambre-automatica\/#primaryimage\"},\"thumbnailUrl\":\"https:\/\/distribucionarc.com\/wp-content\/uploads\/2023\/05\/cortadora-fiambre-automatica-imagen-producto.jpg\",\"datePublished\":\"2023-05-12T21:13:08+00:00\",\"dateModified\":\"2024-10-05T03:04:04+00:00\",\"breadcrumb\":{\"@id\":\"https:\/\/www.distribucionarc.com\/nl\/producto\/cortadora-de-fiambre-automatica\/#breadcrumb\"},\"inLanguage\":\"nb-NO\",\"potentialAction\":[{\"@type\":\"ReadAction\",\"target\":[\"https:\/\/www.distribucionarc.com\/nl\/producto\/cortadora-de-fiambre-automatica\/\"]}]},{\"@type\":\"ImageObject\",\"inLanguage\":\"nb-NO\",\"@id\":\"https:\/\/www.distribucionarc.com\/nl\/producto\/cortadora-de-fiambre-automatica\/#primaryimage\",\"url\":\"https:\/\/distribucionarc.com\/wp-content\/uploads\/2023\/05\/cortadora-fiambre-automatica-imagen-producto.jpg\",\"contentUrl\":\"https:\/\/distribucionarc.com\/wp-content\/uploads\/2023\/05\/cortadora-fiambre-automatica-imagen-producto.jpg\",\"width\":1600,\"height\":1600},{\"@type\":\"BreadcrumbList\",\"@id\":\"https:\/\/www.distribucionarc.com\/nl\/producto\/cortadora-de-fiambre-automatica\/#breadcrumb\",\"itemListElement\":[{\"@type\":\"ListItem\",\"position\":1,\"name\":\"Portada\",\"item\":\"https:\/\/distribucionarc.com\/pl\/\"},{\"@type\":\"ListItem\",\"position\":2,\"name\":\"Produkty\",\"item\":\"https:\/\/distribucionarc.com\/pl\/shop\/\"},{\"@type\":\"ListItem\",\"position\":3,\"name\":\"Cortadora de fiambre autom\u00e1tica\"}]},{\"@type\":\"WebSite\",\"@id\":\"https:\/\/distribucionarc.com\/de\/#website\",\"url\":\"https:\/\/distribucionarc.com\/de\/\",\"name\":\"distribuci\u00f3n ARC\",\"description\":\"Empresa especializada en la fabricaci\u00f3n y distribuci\u00f3n de maquinaria industrial, selladoras de latas, Maquinas de hacer pastillas, Maquinas de cortar carne...\",\"publisher\":{\"@id\":\"https:\/\/distribucionarc.com\/de\/#organization\"},\"potentialAction\":[{\"@type\":\"SearchAction\",\"target\":{\"@type\":\"EntryPoint\",\"urlTemplate\":\"https:\/\/distribucionarc.com\/de\/?s={search_term_string}\"},\"query-input\":{\"@type\":\"PropertyValueSpecification\",\"valueRequired\":true,\"valueName\":\"search_term_string\"}}],\"inLanguage\":\"nb-NO\"},{\"@type\":\"Organization\",\"@id\":\"https:\/\/distribucionarc.com\/de\/#organization\",\"name\":\"Distribuci\u00f3n ARC\",\"url\":\"https:\/\/distribucionarc.com\/de\/\",\"logo\":{\"@type\":\"ImageObject\",\"inLanguage\":\"nb-NO\",\"@id\":\"https:\/\/distribucionarc.com\/de\/#\/schema\/logo\/image\/\",\"url\":\"https:\/\/distribucionarc.com\/wp-content\/uploads\/2024\/10\/distribucion-ARC-COLOR-SIN-FONDO-e1732295305345.png\",\"contentUrl\":\"https:\/\/distribucionarc.com\/wp-content\/uploads\/2024\/10\/distribucion-ARC-COLOR-SIN-FONDO-e1732295305345.png\",\"width\":1164,\"height\":558,\"caption\":\"Distribuci\u00f3n ARC\"},\"image\":{\"@id\":\"https:\/\/distribucionarc.com\/de\/#\/schema\/logo\/image\/\"},\"description\":\"Empresa especializada en la fabricaci\u00f3n y distribuci\u00f3n de maquinaria industrial para los sectores alimentario y farmac\u00e9utico. Nos especializamos en: M\u00e1quinas de cortar carne Fabricaci\u00f3n de comprimidos Sistemas de transporte industrial L\u00edneas de embotellado Dosificadores Y mucho m\u00e1s... Ofrecemos soluciones innovadoras y personalizadas para optimizar los procesos productivos de tu empresa.\",\"email\":\"Admistracion@distribucionarc.com\",\"telephone\":\"+34 643496664\",\"legalName\":\"ARC TECH SOLUTIONS\",\"foundingDate\":\"2024-04-09\",\"vatID\":\"B55480172\",\"numberOfEmployees\":{\"@type\":\"QuantitativeValue\",\"minValue\":\"1\",\"maxValue\":\"10\"}}]}<\/script>\n<!-- \/ Yoast SEO Premium plugin. -->","yoast_head_json":{"title":"Automatisk kj\u00f8ttskj\u00e6rer - ARC distribusjon","robots":{"index":"index","follow":"follow","max-snippet":"max-snippet:-1","max-image-preview":"max-image-preview:large","max-video-preview":"max-video-preview:-1"},"canonical":"https:\/\/www.distribucionarc.com\/nl\/producto\/cortadora-de-fiambre-automatica\/","og_locale":"nb_NO","og_type":"article","og_title":"Cortadora de fiambre autom\u00e1tica","og_description":"Cortadora de fiambre y carne autom\u00e1tica Nuestra cortadora de fiambre y carne autom\u00e1tica es la soluci\u00f3n perfecta para obtener cortes","og_url":"https:\/\/www.distribucionarc.com\/nl\/producto\/cortadora-de-fiambre-automatica\/","og_site_name":"distribuci\u00f3n ARC","article_modified_time":"2024-10-05T03:04:04+00:00","og_image":[{"width":1600,"height":1600,"url":"https:\/\/www.distribucionarc.com\/wp-content\/uploads\/2023\/05\/cortadora-fiambre-automatica-imagen-producto.jpg","type":"image\/jpeg"}],"twitter_card":"summary_large_image","twitter_misc":{"Ansl. lesetid":"2 minutter"},"schema":{"@context":"https:\/\/schema.org","@graph":[{"@type":"WebPage","@id":"https:\/\/www.distribucionarc.com\/nl\/producto\/cortadora-de-fiambre-automatica\/","url":"https:\/\/www.distribucionarc.com\/nl\/producto\/cortadora-de-fiambre-automatica\/","name":"Automatisk kj\u00f8ttskj\u00e6rer - ARC distribusjon","isPartOf":{"@id":"https:\/\/distribucionarc.com\/de\/#website"},"primaryImageOfPage":{"@id":"https:\/\/www.distribucionarc.com\/nl\/producto\/cortadora-de-fiambre-automatica\/#primaryimage"},"image":{"@id":"https:\/\/www.distribucionarc.com\/nl\/producto\/cortadora-de-fiambre-automatica\/#primaryimage"},"thumbnailUrl":"https:\/\/distribucionarc.com\/wp-content\/uploads\/2023\/05\/cortadora-fiambre-automatica-imagen-producto.jpg","datePublished":"2023-05-12T21:13:08+00:00","dateModified":"2024-10-05T03:04:04+00:00","breadcrumb":{"@id":"https:\/\/www.distribucionarc.com\/nl\/producto\/cortadora-de-fiambre-automatica\/#breadcrumb"},"inLanguage":"nb-NO","potentialAction":[{"@type":"ReadAction","target":["https:\/\/www.distribucionarc.com\/nl\/producto\/cortadora-de-fiambre-automatica\/"]}]},{"@type":"ImageObject","inLanguage":"nb-NO","@id":"https:\/\/www.distribucionarc.com\/nl\/producto\/cortadora-de-fiambre-automatica\/#primaryimage","url":"https:\/\/distribucionarc.com\/wp-content\/uploads\/2023\/05\/cortadora-fiambre-automatica-imagen-producto.jpg","contentUrl":"https:\/\/distribucionarc.com\/wp-content\/uploads\/2023\/05\/cortadora-fiambre-automatica-imagen-producto.jpg","width":1600,"height":1600},{"@type":"BreadcrumbList","@id":"https:\/\/www.distribucionarc.com\/nl\/producto\/cortadora-de-fiambre-automatica\/#breadcrumb","itemListElement":[{"@type":"ListItem","position":1,"name":"Portada","item":"https:\/\/distribucionarc.com\/pl\/"},{"@type":"ListItem","position":2,"name":"Produkty","item":"https:\/\/distribucionarc.com\/pl\/shop\/"},{"@type":"ListItem","position":3,"name":"Cortadora de fiambre autom\u00e1tica"}]},{"@type":"WebSite","@id":"https:\/\/distribucionarc.com\/de\/#website","url":"https:\/\/distribucionarc.com\/de\/","name":"ARC distribusjon","description":"Selskapet har spesialisert seg p\u00e5 produksjon og distribusjon av industrimaskiner, hermetikkboksforseglingsmaskiner, tablettmaskiner, kj\u00f8ttskj\u00e6remaskiner og...","publisher":{"@id":"https:\/\/distribucionarc.com\/de\/#organization"},"potentialAction":[{"@type":"SearchAction","target":{"@type":"EntryPoint","urlTemplate":"https:\/\/distribucionarc.com\/de\/?s={search_term_string}"},"query-input":{"@type":"PropertyValueSpecification","valueRequired":true,"valueName":"search_term_string"}}],"inLanguage":"nb-NO"},{"@type":"Organization","@id":"https:\/\/distribucionarc.com\/de\/#organization","name":"ARC distribusjon","url":"https:\/\/distribucionarc.com\/de\/","logo":{"@type":"ImageObject","inLanguage":"nb-NO","@id":"https:\/\/distribucionarc.com\/de\/#\/schema\/logo\/image\/","url":"https:\/\/distribucionarc.com\/wp-content\/uploads\/2024\/10\/distribucion-ARC-COLOR-SIN-FONDO-e1732295305345.png","contentUrl":"https:\/\/distribucionarc.com\/wp-content\/uploads\/2024\/10\/distribucion-ARC-COLOR-SIN-FONDO-e1732295305345.png","width":1164,"height":558,"caption":"Distribuci\u00f3n ARC"},"image":{"@id":"https:\/\/distribucionarc.com\/de\/#\/schema\/logo\/image\/"},"description":"Selskap som har spesialisert seg p\u00e5 produksjon og distribusjon av industrimaskiner til n\u00e6ringsmiddel- og farmasisektoren. Vi er spesialister p\u00e5: Kj\u00f8ttskj\u00e6remaskiner Tablettilvirkning Industrielle transportsystemer Tappelinjer Dispensere Og mye mer... Vi tilbyr innovative og skreddersydde l\u00f8sninger for \u00e5 optimalisere bedriftens produksjonsprosesser.","email":"Admistracion@distribucionarc.com","telephone":"+34 643496664","legalName":"ARC TECH SOLUTIONS","foundingDate":"2024-04-09","vatID":"B55480172","numberOfEmployees":{"@type":"QuantitativeValue","minValue":"1","maxValue":"10"}}]}},"_links":{"self":[{"href":"https:\/\/distribucionarc.com\/nb\/wp-json\/wp\/v2\/product\/5761","targetHints":{"allow":["GET"]}}],"collection":[{"href":"https:\/\/distribucionarc.com\/nb\/wp-json\/wp\/v2\/product"}],"about":[{"href":"https:\/\/distribucionarc.com\/nb\/wp-json\/wp\/v2\/types\/product"}],"replies":[{"embeddable":true,"href":"https:\/\/distribucionarc.com\/nb\/wp-json\/wp\/v2\/comments?post=5761"}],"version-history":[{"count":0,"href":"https:\/\/distribucionarc.com\/nb\/wp-json\/wp\/v2\/product\/5761\/revisions"}],"wp:featuredmedia":[{"embeddable":true,"href":"https:\/\/distribucionarc.com\/nb\/wp-json\/wp\/v2\/media\/5955"}],"wp:attachment":[{"href":"https:\/\/distribucionarc.com\/nb\/wp-json\/wp\/v2\/media?parent=5761"}],"wp:term":[{"taxonomy":"product_brand","embeddable":true,"href":"https:\/\/distribucionarc.com\/nb\/wp-json\/wp\/v2\/product_brand?post=5761"},{"taxonomy":"product_cat","embeddable":true,"href":"https:\/\/distribucionarc.com\/nb\/wp-json\/wp\/v2\/product_cat?post=5761"},{"taxonomy":"product_tag","embeddable":true,"href":"https:\/\/distribucionarc.com\/nb\/wp-json\/wp\/v2\/product_tag?post=5761"}],"curies":[{"name":"wp","href":"https:\/\/api.w.org\/{rel}","templated":true}]}}