{"id":5787,"date":"2023-05-14T11:31:10","date_gmt":"2023-05-14T11:31:10","guid":{"rendered":"https:\/\/distribucionarc.com\/?post_type=product&#038;p=5787"},"modified":"2024-10-05T03:02:53","modified_gmt":"2024-10-05T03:02:53","slug":"skjaeremaskin-for-kjottkoteletter-med-bein","status":"publish","type":"product","link":"https:\/\/distribucionarc.com\/nb\/producto\/maquina-cortadora-chuletas-de-carne-con-hueso\/","title":{"rendered":"skj\u00e6remaskin for kj\u00f8ttkoteletter med bein"},"content":{"rendered":"<h2>Lammekotelett kuttemaskin<\/h2>\n<p><a href=\"https:\/\/distribucionarc.com\/wp-content\/uploads\/2023\/05\/maquina-para-cortar-carne-en-filetes.webp\"><img loading=\"lazy\" decoding=\"async\" src=\"https:\/\/distribucionarc.com\/wp-content\/uploads\/2023\/05\/maquina-para-cortar-carne-en-filetes-300x300.webp\" alt=\"\" width=\"300\" height=\"300\" \/><\/a><br \/>\nJARY-25K filetkutter med ben er en maskin som brukes til \u00e5 kutte <strong>frosset kj\u00f8tt<\/strong>, <strong>ribbeina<\/strong>, <strong>bacon<\/strong>, <strong>p\u00f8lser<\/strong>, <strong>lam<\/strong>osv., i skiver. Den har presis digital justering av skj\u00e6retykkelse og oppfyller brukernes krav til sm\u00e5 kutt. Den er laget av rustfrie st\u00e5lmaterialer og har komponenter av h\u00f8y kvalitet, som skj\u00e6remotor, reduksjonsmotor, servomotor og kutter. Spesialbladet importert fra Tyskland er skarpt og slitesterkt, spesialdesignet for \u00e5 kutte ribber og t\u00e5le lange arbeidstider uten \u00e5 bli skadet. Maskinen tilbyr ogs\u00e5 p\u00e5litelige tidsfunksjoner og sikkerhetstiltak.<br \/>\n<a href=\"https:\/\/distribucionarc.com\/wp-content\/uploads\/2023\/05\/maquina-para-cortar-chuletas-de-cordero.webp\"><img loading=\"lazy\" decoding=\"async\" src=\"https:\/\/distribucionarc.com\/wp-content\/uploads\/2023\/05\/maquina-para-cortar-chuletas-de-cordero-300x300.webp\" alt=\"\" width=\"300\" height=\"300\" \/><\/a><a href=\"https:\/\/distribucionarc.com\/wp-content\/uploads\/2023\/05\/maquina-para-cortar-chuletas-de-cordero-linea.jpg\"><img loading=\"lazy\" decoding=\"async\" src=\"https:\/\/distribucionarc.com\/wp-content\/uploads\/2023\/05\/maquina-para-cortar-chuletas-de-cordero-linea-300x156.jpg\" alt=\"\" width=\"300\" height=\"156\" \/><\/a><a href=\"https:\/\/distribucionarc.com\/wp-content\/uploads\/2023\/05\/cortadora-de-carne-peneles-de-contrrol.webp\"><img loading=\"lazy\" decoding=\"async\" src=\"https:\/\/distribucionarc.com\/wp-content\/uploads\/2023\/05\/cortadora-de-carne-peneles-de-contrrol-163x300.webp\" alt=\"\" width=\"163\" height=\"300\" \/><\/a><br \/>\nTekniske spesifikasjoner:<\/p>\n<table role=\"presentation\" width=\"100%\" cellspacing=\"0\" cellpadding=\"0\">\n<tbody>\n<tr>\n<td>Makt:<\/td>\n<td width=\"50.0%\">4,84 kW<\/td>\n<\/tr>\n<tr>\n<td>Spenning:<\/td>\n<td width=\"50.0%\">380\/220v<\/td>\n<td>Vekt:<\/td>\n<td width=\"50.0%\">500 kg<\/td>\n<\/tr>\n<tr>\n<td>Mateh\u00f8yde:<\/td>\n<td width=\"50.0%\">180 mm<\/td>\n<td>H\u00f8yde:<\/td>\n<td width=\"50.0%\">1850 mm<\/td>\n<\/tr>\n<tr>\n<td>Laveste temperatur for skj\u00e6ring av kj\u00f8tt:<\/td>\n<td width=\"50.0%\">-4\u2103<\/td>\n<td>Lang:<\/td>\n<td width=\"50.0%\">950 mm<\/td>\n<\/tr>\n<tr>\n<td>Partisjonsfunksjon:<\/td>\n<td width=\"50.0%\">Antallet p\u00e5 hvert stykke settes digitalt<\/td>\n<td>Bred:<\/td>\n<td width=\"50.0%\">\u00a01480 mm<\/td>\n<\/tr>\n<tr>\n<td>Produsentnummer:<\/td>\n<td width=\"50.0%\">ARCMHE100<\/td>\n<td>Arbeidshastighet:<\/td>\n<td width=\"50.0%\">\u00a0200 kg per min<\/td>\n<\/tr>\n<tr>\n<td>Materialer av h\u00f8y kvalitet:<\/td>\n<td width=\"50.0%\">\u00a0Motor<br \/>\nPLS panel<br \/>\nBlader laget i Tyskland<br \/>\n,<\/td>\n<td>Skivetykkelse:<\/td>\n<td width=\"50.0%\">1-32 mm spill av digitalt<\/td>\n<\/tr>\n<tr>\n<td>Kj\u00f8ttskj\u00e6ringslengde:<\/td>\n<td width=\"50.0%\">Ca. 600 mm<\/td>\n<td>Lagring:<\/td>\n<td width=\"50.0%\">30 kg<\/td>\n<\/tr>\n<tr>\n<td>Skivetykkelse:<\/td>\n<td width=\"50.0%\">1-32 mm spill av digitalt<\/td>\n<td>Garanti:<\/td>\n<td width=\"50.0%\">2 \u00c5R<\/td>\n<\/tr>\n<\/tbody>\n<\/table>\n<div style=\"width: 720px;\" class=\"wp-video\"><video class=\"wp-video-shortcode\" id=\"video-5787-1\" width=\"720\" height=\"1280\" preload=\"metadata\" controls=\"controls\"><source type=\"video\/mp4\" src=\"https:\/\/distribucionarc.com\/wp-content\/uploads\/2023\/05\/69A34BEB-597A-45CE-89B9-E55AC367D4C7_L0_001.mp4?_=1\" \/><a href=\"https:\/\/distribucionarc.com\/wp-content\/uploads\/2023\/05\/69A34BEB-597A-45CE-89B9-E55AC367D4C7_L0_001.mp4\">https:\/\/distribucionarc.com\/wp-content\/uploads\/2023\/05\/69A34BEB-597A-45CE-89B9-E55AC367D4C7_L0_001.mp4<\/a><\/video><\/div>\n<p>&nbsp;<\/p>\n<p>Byggematerialer:<\/p>\n<ul>\n<li>Tysk merke NORD girmotor.<\/li>\n<li>Inovance ber\u00f8ringsskjerm.<\/li>\n<li>plc, servodrift<\/li>\n<li>Schneider kontaktor rel\u00e9 omron<\/li>\n<li>Siemens effektbrytere<\/li>\n<li>Japansk registerreim<\/li>\n<li>NSK lagre<\/li>\n<\/ul>\n<h3>Be om mer informasjon<\/h3>\n<p>I\u00a0<b>ARC distribusjon<\/b>\u00a0Vi gir deg r\u00e5d om optimalisering av fabrikken eller etablering av en ny industri<\/p>","protected":false},"excerpt":{"rendered":"<p>Lammekotelettskj\u00e6remaskin JARY-25K biffskj\u00e6rer med bein er en maskin som brukes til<\/p>","protected":false},"featured_media":5790,"comment_status":"open","ping_status":"closed","template":"","meta":{"wds_primary_product_brand":0,"wds_primary_product_cat":0},"product_brand":[],"product_cat":[121,116,117],"product_tag":[],"class_list":{"0":"post-5787","1":"product","2":"type-product","3":"status-publish","4":"has-post-thumbnail","6":"product_cat-carne-y-hueso","7":"product_cat-coartadoras-de-carne","8":"product_cat-filetes","9":"product_shipping_class-express","11":"first","12":"instock","13":"taxable","14":"shipping-taxable","15":"purchasable","16":"product-type-simple"},"yoast_head":"<!-- This site is optimized with the Yoast SEO Premium plugin v24.9 (Yoast SEO v26.1) - https:\/\/yoast.com\/wordpress\/plugins\/seo\/ -->\n<title>maquina cortadora chuletas de carne con hueso - distribuci\u00f3n ARC<\/title>\n<meta name=\"robots\" content=\"index, follow, max-snippet:-1, max-image-preview:large, max-video-preview:-1\" \/>\n<link rel=\"canonical\" href=\"https:\/\/www.distribucionarc.com\/tr\/producto\/maquina-cortadora-chuletas-de-carne-con-hueso\/\" \/>\n<meta property=\"og:locale\" content=\"nb_NO\" \/>\n<meta property=\"og:type\" content=\"article\" \/>\n<meta property=\"og:title\" content=\"maquina cortadora chuletas de carne con hueso\" \/>\n<meta property=\"og:description\" content=\"Maquina para cortar chuletas de cordero La cortadora de filetes con hueso JARY-25K es una maquina que se utiliza para\" \/>\n<meta property=\"og:url\" content=\"https:\/\/www.distribucionarc.com\/tr\/producto\/maquina-cortadora-chuletas-de-carne-con-hueso\/\" \/>\n<meta property=\"og:site_name\" content=\"distribuci\u00f3n ARC\" \/>\n<meta property=\"article:modified_time\" content=\"2024-10-05T03:02:53+00:00\" \/>\n<meta property=\"og:image\" content=\"https:\/\/www.distribucionarc.com\/wp-content\/uploads\/2023\/05\/cortadora-fileteadora-de3-crane-iagem-producto.webp\" \/>\n\t<meta property=\"og:image:width\" content=\"743\" \/>\n\t<meta property=\"og:image:height\" content=\"775\" \/>\n\t<meta property=\"og:image:type\" content=\"image\/webp\" \/>\n<meta name=\"twitter:card\" content=\"summary_large_image\" \/>\n<meta name=\"twitter:label1\" content=\"Ansl. lesetid\" \/>\n\t<meta name=\"twitter:data1\" content=\"3 minutter\" \/>\n<script type=\"application\/ld+json\" class=\"yoast-schema-graph\">{\"@context\":\"https:\/\/schema.org\",\"@graph\":[{\"@type\":\"WebPage\",\"@id\":\"https:\/\/www.distribucionarc.com\/tr\/producto\/maquina-cortadora-chuletas-de-carne-con-hueso\/\",\"url\":\"https:\/\/www.distribucionarc.com\/tr\/producto\/maquina-cortadora-chuletas-de-carne-con-hueso\/\",\"name\":\"maquina cortadora chuletas de carne con hueso - distribuci\u00f3n ARC\",\"isPartOf\":{\"@id\":\"https:\/\/www.distribucionarc.com\/sl\/#website\"},\"primaryImageOfPage\":{\"@id\":\"https:\/\/www.distribucionarc.com\/tr\/producto\/maquina-cortadora-chuletas-de-carne-con-hueso\/#primaryimage\"},\"image\":{\"@id\":\"https:\/\/www.distribucionarc.com\/tr\/producto\/maquina-cortadora-chuletas-de-carne-con-hueso\/#primaryimage\"},\"thumbnailUrl\":\"https:\/\/distribucionarc.com\/wp-content\/uploads\/2023\/05\/cortadora-fileteadora-de3-crane-iagem-producto.webp\",\"datePublished\":\"2023-05-14T11:31:10+00:00\",\"dateModified\":\"2024-10-05T03:02:53+00:00\",\"breadcrumb\":{\"@id\":\"https:\/\/www.distribucionarc.com\/tr\/producto\/maquina-cortadora-chuletas-de-carne-con-hueso\/#breadcrumb\"},\"inLanguage\":\"nb-NO\",\"potentialAction\":[{\"@type\":\"ReadAction\",\"target\":[\"https:\/\/www.distribucionarc.com\/tr\/producto\/maquina-cortadora-chuletas-de-carne-con-hueso\/\"]}]},{\"@type\":\"ImageObject\",\"inLanguage\":\"nb-NO\",\"@id\":\"https:\/\/www.distribucionarc.com\/tr\/producto\/maquina-cortadora-chuletas-de-carne-con-hueso\/#primaryimage\",\"url\":\"https:\/\/distribucionarc.com\/wp-content\/uploads\/2023\/05\/cortadora-fileteadora-de3-crane-iagem-producto.webp\",\"contentUrl\":\"https:\/\/distribucionarc.com\/wp-content\/uploads\/2023\/05\/cortadora-fileteadora-de3-crane-iagem-producto.webp\",\"width\":743,\"height\":775},{\"@type\":\"BreadcrumbList\",\"@id\":\"https:\/\/www.distribucionarc.com\/tr\/producto\/maquina-cortadora-chuletas-de-carne-con-hueso\/#breadcrumb\",\"itemListElement\":[{\"@type\":\"ListItem\",\"position\":1,\"name\":\"Portada\",\"item\":\"https:\/\/www.distribucionarc.com\/\"},{\"@type\":\"ListItem\",\"position\":2,\"name\":\"\u00dcr\u00fcnler\",\"item\":\"https:\/\/www.distribucionarc.com\/tr\/magaza\/\"},{\"@type\":\"ListItem\",\"position\":3,\"name\":\"maquina cortadora chuletas de carne con hueso\"}]},{\"@type\":\"WebSite\",\"@id\":\"https:\/\/www.distribucionarc.com\/sl\/#website\",\"url\":\"https:\/\/www.distribucionarc.com\/sl\/\",\"name\":\"distribuci\u00f3n ARC\",\"description\":\"Empresa especializada en la fabricaci\u00f3n y distribuci\u00f3n de maquinaria industrial, selladoras de latas, Maquinas de hacer pastillas, Maquinas de cortar carne...\",\"publisher\":{\"@id\":\"https:\/\/www.distribucionarc.com\/sl\/#organization\"},\"potentialAction\":[{\"@type\":\"SearchAction\",\"target\":{\"@type\":\"EntryPoint\",\"urlTemplate\":\"https:\/\/www.distribucionarc.com\/sl\/?s={search_term_string}\"},\"query-input\":{\"@type\":\"PropertyValueSpecification\",\"valueRequired\":true,\"valueName\":\"search_term_string\"}}],\"inLanguage\":\"nb-NO\"},{\"@type\":\"Organization\",\"@id\":\"https:\/\/www.distribucionarc.com\/sl\/#organization\",\"name\":\"Distribuci\u00f3n ARC\",\"url\":\"https:\/\/www.distribucionarc.com\/sl\/\",\"logo\":{\"@type\":\"ImageObject\",\"inLanguage\":\"nb-NO\",\"@id\":\"https:\/\/www.distribucionarc.com\/sl\/#\/schema\/logo\/image\/\",\"url\":\"https:\/\/distribucionarc.com\/wp-content\/uploads\/2024\/10\/distribucion-ARC-COLOR-SIN-FONDO-e1732295305345.png\",\"contentUrl\":\"https:\/\/distribucionarc.com\/wp-content\/uploads\/2024\/10\/distribucion-ARC-COLOR-SIN-FONDO-e1732295305345.png\",\"width\":1164,\"height\":558,\"caption\":\"Distribuci\u00f3n ARC\"},\"image\":{\"@id\":\"https:\/\/www.distribucionarc.com\/sl\/#\/schema\/logo\/image\/\"},\"description\":\"Empresa especializada en la fabricaci\u00f3n y distribuci\u00f3n de maquinaria industrial para los sectores alimentario y farmac\u00e9utico. Nos especializamos en: M\u00e1quinas de cortar carne Fabricaci\u00f3n de comprimidos Sistemas de transporte industrial L\u00edneas de embotellado Dosificadores Y mucho m\u00e1s... Ofrecemos soluciones innovadoras y personalizadas para optimizar los procesos productivos de tu empresa.\",\"email\":\"Admistracion@distribucionarc.com\",\"telephone\":\"+34 643496664\",\"legalName\":\"ARC TECH SOLUTIONS\",\"foundingDate\":\"2024-04-09\",\"vatID\":\"B55480172\",\"numberOfEmployees\":{\"@type\":\"QuantitativeValue\",\"minValue\":\"1\",\"maxValue\":\"10\"}}]}<\/script>\n<!-- \/ Yoast SEO Premium plugin. -->","yoast_head_json":{"title":"Utbenet kj\u00f8ttkotelettskj\u00e6remaskin - ARC-fordeling","robots":{"index":"index","follow":"follow","max-snippet":"max-snippet:-1","max-image-preview":"max-image-preview:large","max-video-preview":"max-video-preview:-1"},"canonical":"https:\/\/www.distribucionarc.com\/tr\/producto\/maquina-cortadora-chuletas-de-carne-con-hueso\/","og_locale":"nb_NO","og_type":"article","og_title":"maquina cortadora chuletas de carne con hueso","og_description":"Maquina para cortar chuletas de cordero La cortadora de filetes con hueso JARY-25K es una maquina que se utiliza para","og_url":"https:\/\/www.distribucionarc.com\/tr\/producto\/maquina-cortadora-chuletas-de-carne-con-hueso\/","og_site_name":"distribuci\u00f3n ARC","article_modified_time":"2024-10-05T03:02:53+00:00","og_image":[{"width":743,"height":775,"url":"https:\/\/www.distribucionarc.com\/wp-content\/uploads\/2023\/05\/cortadora-fileteadora-de3-crane-iagem-producto.webp","type":"image\/webp"}],"twitter_card":"summary_large_image","twitter_misc":{"Ansl. lesetid":"3 minutter"},"schema":{"@context":"https:\/\/schema.org","@graph":[{"@type":"WebPage","@id":"https:\/\/www.distribucionarc.com\/tr\/producto\/maquina-cortadora-chuletas-de-carne-con-hueso\/","url":"https:\/\/www.distribucionarc.com\/tr\/producto\/maquina-cortadora-chuletas-de-carne-con-hueso\/","name":"Utbenet kj\u00f8ttkotelettskj\u00e6remaskin - ARC-fordeling","isPartOf":{"@id":"https:\/\/www.distribucionarc.com\/sl\/#website"},"primaryImageOfPage":{"@id":"https:\/\/www.distribucionarc.com\/tr\/producto\/maquina-cortadora-chuletas-de-carne-con-hueso\/#primaryimage"},"image":{"@id":"https:\/\/www.distribucionarc.com\/tr\/producto\/maquina-cortadora-chuletas-de-carne-con-hueso\/#primaryimage"},"thumbnailUrl":"https:\/\/distribucionarc.com\/wp-content\/uploads\/2023\/05\/cortadora-fileteadora-de3-crane-iagem-producto.webp","datePublished":"2023-05-14T11:31:10+00:00","dateModified":"2024-10-05T03:02:53+00:00","breadcrumb":{"@id":"https:\/\/www.distribucionarc.com\/tr\/producto\/maquina-cortadora-chuletas-de-carne-con-hueso\/#breadcrumb"},"inLanguage":"nb-NO","potentialAction":[{"@type":"ReadAction","target":["https:\/\/www.distribucionarc.com\/tr\/producto\/maquina-cortadora-chuletas-de-carne-con-hueso\/"]}]},{"@type":"ImageObject","inLanguage":"nb-NO","@id":"https:\/\/www.distribucionarc.com\/tr\/producto\/maquina-cortadora-chuletas-de-carne-con-hueso\/#primaryimage","url":"https:\/\/distribucionarc.com\/wp-content\/uploads\/2023\/05\/cortadora-fileteadora-de3-crane-iagem-producto.webp","contentUrl":"https:\/\/distribucionarc.com\/wp-content\/uploads\/2023\/05\/cortadora-fileteadora-de3-crane-iagem-producto.webp","width":743,"height":775},{"@type":"BreadcrumbList","@id":"https:\/\/www.distribucionarc.com\/tr\/producto\/maquina-cortadora-chuletas-de-carne-con-hueso\/#breadcrumb","itemListElement":[{"@type":"ListItem","position":1,"name":"Portada","item":"https:\/\/www.distribucionarc.com\/"},{"@type":"ListItem","position":2,"name":"\u00dcr\u00fcnler","item":"https:\/\/www.distribucionarc.com\/tr\/magaza\/"},{"@type":"ListItem","position":3,"name":"maquina cortadora chuletas de carne con hueso"}]},{"@type":"WebSite","@id":"https:\/\/www.distribucionarc.com\/sl\/#website","url":"https:\/\/www.distribucionarc.com\/sl\/","name":"ARC distribusjon","description":"Selskapet har spesialisert seg p\u00e5 produksjon og distribusjon av industrimaskiner, hermetikkboksforseglingsmaskiner, tablettmaskiner, kj\u00f8ttskj\u00e6remaskiner og...","publisher":{"@id":"https:\/\/www.distribucionarc.com\/sl\/#organization"},"potentialAction":[{"@type":"SearchAction","target":{"@type":"EntryPoint","urlTemplate":"https:\/\/www.distribucionarc.com\/sl\/?s={search_term_string}"},"query-input":{"@type":"PropertyValueSpecification","valueRequired":true,"valueName":"search_term_string"}}],"inLanguage":"nb-NO"},{"@type":"Organization","@id":"https:\/\/www.distribucionarc.com\/sl\/#organization","name":"ARC distribusjon","url":"https:\/\/www.distribucionarc.com\/sl\/","logo":{"@type":"ImageObject","inLanguage":"nb-NO","@id":"https:\/\/www.distribucionarc.com\/sl\/#\/schema\/logo\/image\/","url":"https:\/\/distribucionarc.com\/wp-content\/uploads\/2024\/10\/distribucion-ARC-COLOR-SIN-FONDO-e1732295305345.png","contentUrl":"https:\/\/distribucionarc.com\/wp-content\/uploads\/2024\/10\/distribucion-ARC-COLOR-SIN-FONDO-e1732295305345.png","width":1164,"height":558,"caption":"Distribuci\u00f3n ARC"},"image":{"@id":"https:\/\/www.distribucionarc.com\/sl\/#\/schema\/logo\/image\/"},"description":"Selskap som har spesialisert seg p\u00e5 produksjon og distribusjon av industrimaskiner til n\u00e6ringsmiddel- og farmasisektoren. Vi er spesialister p\u00e5: Kj\u00f8ttskj\u00e6remaskiner Tablettilvirkning Industrielle transportsystemer Tappelinjer Dispensere Og mye mer... Vi tilbyr innovative og skreddersydde l\u00f8sninger for \u00e5 optimalisere bedriftens produksjonsprosesser.","email":"Admistracion@distribucionarc.com","telephone":"+34 643496664","legalName":"ARC TECH SOLUTIONS","foundingDate":"2024-04-09","vatID":"B55480172","numberOfEmployees":{"@type":"QuantitativeValue","minValue":"1","maxValue":"10"}}]}},"_links":{"self":[{"href":"https:\/\/distribucionarc.com\/nb\/wp-json\/wp\/v2\/product\/5787","targetHints":{"allow":["GET"]}}],"collection":[{"href":"https:\/\/distribucionarc.com\/nb\/wp-json\/wp\/v2\/product"}],"about":[{"href":"https:\/\/distribucionarc.com\/nb\/wp-json\/wp\/v2\/types\/product"}],"replies":[{"embeddable":true,"href":"https:\/\/distribucionarc.com\/nb\/wp-json\/wp\/v2\/comments?post=5787"}],"version-history":[{"count":0,"href":"https:\/\/distribucionarc.com\/nb\/wp-json\/wp\/v2\/product\/5787\/revisions"}],"wp:featuredmedia":[{"embeddable":true,"href":"https:\/\/distribucionarc.com\/nb\/wp-json\/wp\/v2\/media\/5790"}],"wp:attachment":[{"href":"https:\/\/distribucionarc.com\/nb\/wp-json\/wp\/v2\/media?parent=5787"}],"wp:term":[{"taxonomy":"product_brand","embeddable":true,"href":"https:\/\/distribucionarc.com\/nb\/wp-json\/wp\/v2\/product_brand?post=5787"},{"taxonomy":"product_cat","embeddable":true,"href":"https:\/\/distribucionarc.com\/nb\/wp-json\/wp\/v2\/product_cat?post=5787"},{"taxonomy":"product_tag","embeddable":true,"href":"https:\/\/distribucionarc.com\/nb\/wp-json\/wp\/v2\/product_tag?post=5787"}],"curies":[{"name":"wp","href":"https:\/\/api.w.org\/{rel}","templated":true}]}}