{"id":627,"date":"2020-04-30T16:36:12","date_gmt":"2020-04-30T16:36:12","guid":{"rendered":"https:\/\/distribucionarc.com\/?post_type=product&#038;p=627"},"modified":"2023-04-12T22:40:29","modified_gmt":"2023-04-12T22:40:29","slug":"termisk-induksjonsforsegling-maskin-semi-automatisk-cap-sealer","status":"publish","type":"product","link":"https:\/\/distribucionarc.com\/nb\/producto\/maquina-selladora-de-induccion-termica-selladora-de-operculos-semiautomatica\/","title":{"rendered":"Halvautomatisk Operculum Sealer termisk induksjonsforseglingsmaskin"},"content":{"rendered":"<p>Denne termiske induksjonsforseglingsmaskinen fungerer p\u00e5 ikke-metalliske flasker, de m\u00e5 v\u00e6re av plast eller glass samt koppformede beholdere. Den er oppdatert for den popul\u00e6re lufttette forseglingsmetoden. Induksjonsvarmeforsegling forbedrer produktkvaliteten, forhindrer naturlig fuktighetsabsorpsjon, forlenger holdbarheten, gir sikkerhet mot forfalskning. I dag har forseglingsinstallasjon blitt viktig og er mye brukt i den kjemiske, farmas\u00f8ytiske og kosmetiske industrien, s\u00e5 vel som i drikkevarer og mat, blant andre industrier.<\/p>\n<ul>\n<li>Egnet for glass- eller plastflasker, som ABS, PE (HDPE, LDPE), PET, PP, PS, PVC, (Ikke bruk metallbeholdere) skrukorker, manipulasjonssikre korker, etc.<\/li>\n<li>Den fungerer for \u00e5 forsegle et bredt utvalg av emballerte produkter som: pulver, kapsler og piller, melk, vann, juice, yoghurt, alkohol, gelatin, bearbeidet mat, motorolje, etc.<\/li>\n<li>halvautomatisk.<\/li>\n<li>Hermetisk forsegling ved varmeinduksjon uten direkte kontakt.<\/li>\n<li>Den er veldig enkel \u00e5 h\u00e5ndtere siden den er utformet med panel.<\/li>\n<li>Ingen bevegelige deler, ingen st\u00f8y, de sammensatte elektroniske komponentene er solid state 100% for lang levetid.<\/li>\n<li>Den er veldig trygg \u00e5 bruke, den har en beskyttelseskrets mot str\u00f8moverbelastning og overoppheting.<\/li>\n<li>H\u00f8y kvalitet og sikkerhetsstandard: GB 15579 og 1995<\/li>\n<li>Str\u00f8m: 110V og 220V<\/li>\n<li>Utgangseffekt: 1800W<\/li>\n<li>Tetningsdiameter fra: 20 til 80 mm<\/li>\n<li>Omgivelsestemperatur: 25 til 45 \u00b0C<\/li>\n<li>Relativ fuktighet: \u2264 95%<\/li>\n<li>Justerbar h\u00f8yde fra: 20 til 350 mm.<\/li>\n<li>Beltehastighet: opptil 8,5 m\/min.<\/li>\n<\/ul>\n<div id=\"comp-ju8d08ip\" class=\"style-ju8e633l\" data-is-absolute-layout=\"false\">\n<div id=\"comp-ju8d08ipinlineContent\" class=\"style-ju8e633linlineContent\">\n<div id=\"comp-ju8d08ipinlineContent-gridWrapper\" data-mesh-internal=\"true\">\n<div id=\"comp-ju8d08ipinlineContent-gridContainer\" data-mesh-internal=\"true\">\n<div id=\"comp-ju8d2m6m\" class=\"s_BIwzIGroupSkin\" data-is-absolute-layout=\"false\">\n<div id=\"comp-ju8d2m6minlineContent\" class=\"s_BIwzIGroupSkininlineContent\">\n<div id=\"comp-ju8d2m6minlineContent-gridWrapper\" data-mesh-internal=\"true\">\n<div id=\"comp-ju8d2m6minlineContent-gridContainer\" data-mesh-internal=\"true\">\n<div id=\"comp-ju8d26x1\" class=\"txtNew\" data-packed=\"true\">\n<h6 class=\"font_6\">Hva er induksjonsforsegling av emballasje?<\/h6>\n<p class=\"font_8\">\n<\/div>\n<div id=\"comp-ju8d270s\" class=\"style-ju8d27a4\" title=\"\" data-is-responsive=\"false\" data-display-mode=\"fill\" data-content-padding-horizontal=\"4\" data-content-padding-vertical=\"4\" data-exact-height=\"98\">\n<div id=\"comp-ju8d270slink\" class=\"style-ju8d27a4link\"><img decoding=\"async\" id=\"comp-ju8d270simgimage\" src=\"https:\/\/static.wixstatic.com\/media\/0ab0df_fc6543c220494629b174900d082fb8c2.jpg\/v1\/fill\/w_104,h_94,al_c,q_80,usm_0.66_1.00_0.01\/0ab0df_fc6543c220494629b174900d082fb8c2.webp\" alt=\"\" data-type=\"image\" \/><\/div>\n<\/div>\n<div id=\"comp-ju8d2750\" class=\"txtNew\" data-packed=\"true\">\n<p class=\"font_8\">Induksjonsbeholderforseglinger er basert p\u00e5 et rent, kontaktl\u00f8st beholderforseglingssystem gjennom hvilket en aluminiumsplate eller &quot;skive&quot; limes over omkretsen av munningen til en beholder.<\/p>\n<\/div>\n<\/div>\n<\/div>\n<\/div>\n<\/div>\n<div id=\"comp-ju8deb64\" class=\"txtNew\" data-packed=\"true\">\n<h6 class=\"font_6\">For det f\u00f8rste, for \u00e5 forsegle en beholder ved induksjon, er eksistensen av en skrukork avgj\u00f8rende, og denne kan ikke v\u00e6re metallisk. Induksjonsskiven\/dekselet m\u00e5 allerede v\u00e6re plassert inne i lokket.<\/h6>\n<h6 class=\"font_6\"><span class=\"wixGuard\">?<\/span><\/h6>\n<h6 class=\"font_6\">N\u00e5r det gjelder beholderens kropp, vil det alltid anbefales at den er laget av hvilken som helst plastpolymer (PP, PET, PE, etc.). For glassbeholdere anbefaler vi \u00e5 bruke ledningsforseglingssystem eller ogs\u00e5 kjent som: varmeforsegling.<\/h6>\n<h6 class=\"font_6\"><span class=\"wixGuard\">?<\/span><\/h6>\n<h6 class=\"font_6\">En passende plugg. For induksjonsforsegling kan jeg komponere f\u00f8lgende elementer (lag):<\/h6>\n<h6 class=\"font_6\"><span class=\"wixGuard\">?<\/span><\/h6>\n<\/div>\n<div id=\"comp-ju8d8b6w\" class=\"s_BIwzIGroupSkin\" data-is-absolute-layout=\"false\">\n<div id=\"comp-ju8d8b6winlineContent\" class=\"s_BIwzIGroupSkininlineContent\">\n<div id=\"comp-ju8d8b6winlineContent-gridWrapper\" data-mesh-internal=\"true\">\n<div id=\"comp-ju8d8b6winlineContent-gridContainer\" data-mesh-internal=\"true\">\n<div id=\"comp-ju8d8bb0\" class=\"txtNew\" data-packed=\"true\">\n<h2 class=\"font_2\">Innvendig &quot;gradfri&quot; hette, egnet for inkorporering av aluminiumskive\/operculum<\/h2>\n<\/div>\n<div id=\"comp-ju8d8bba\" class=\"txtNew\" data-packed=\"true\">\n<h2 class=\"font_2\">Kartong: dette elementet fyller en dobbel funksjon, siden det ikke bare er n\u00f8dvendig \u00e5 inkorporere og sentrere operculumet i hetten, men det vil ogs\u00e5 garantere at operculumet har tilstrekkelig kontakt med munningen av beholderen n\u00e5r lokket er lukket og f\u00f8r induksjon forsegling.<\/h2>\n<\/div>\n<div id=\"comp-ju8d8bbi\" class=\"txtNew\" data-packed=\"true\">\n<h2 class=\"font_2\">klebende lag<\/h2>\n<\/div>\n<div id=\"comp-ju8d8bbr\" class=\"txtNew\" data-packed=\"true\">\n<h2 class=\"font_2\">Operculum \/ aluminiumsplate. Uten tvil det viktigste elementet av alt, siden uten det ville det v\u00e6re umulig \u00e5 forsegle beholderen. Forel\u00f8pig finnes det forskjellige typer deksler hvis valg vil avhenge av hvilken type produkt du \u00f8nsker \u00e5 forsegle.<\/h2>\n<\/div>\n<div id=\"comp-ju8d8bc0\" class=\"ca1\" title=\"\" data-is-responsive=\"false\" data-display-mode=\"stretch\" data-content-padding-horizontal=\"0\" data-content-padding-vertical=\"0\" data-exact-height=\"166\">\n<div id=\"comp-ju8d8bc0link\" class=\"ca1link\"><img decoding=\"async\" id=\"comp-ju8d8bc0imgimage\" src=\"https:\/\/static.wixstatic.com\/media\/0ab0df_0918d28554344404b02ebd3639ef0817.jpg\/v1\/fill\/w_93,h_166,al_c,q_80,usm_0.66_1.00_0.01\/0ab0df_0918d28554344404b02ebd3639ef0817.webp\" alt=\"\" data-type=\"image\" \/><\/div>\n<\/div>\n<div id=\"comp-ju8d8bcd-rotated-wrapper\" data-mesh-internal=\"true\">\n<div id=\"comp-ju8d8bcd\" class=\"style-ju4eg3ke1\" data-svg-id=\"b851f16f69da4d608e8726a8c991fe31.svg\" data-svg-type=\"shape\" data-display-mode=\"legacyFit\" data-strokewidth=\"1\" data-viewbox=\"0 0 200 200\" data-preserve-viewbox=\"ignore\" data-angle=\"229\" data-angle-style-location=\"inline\">\n<div id=\"comp-ju8d8bcdlink\" class=\"style-ju4eg3ke1link\">\n<div id=\"comp-ju8d8bcdsvg\" class=\"style-ju4eg3ke1_comp-ju8d8bcd style-ju4eg3ke1_non-scaling-stroke style-ju4eg3ke1svg\"><\/div>\n<\/div>\n<\/div>\n<\/div>\n<div id=\"comp-ju8d8bcw-rotated-wrapper\" data-mesh-internal=\"true\">\n<div id=\"comp-ju8d8bcw\" class=\"style-ju4eg3ke1\" data-svg-id=\"b851f16f69da4d608e8726a8c991fe31.svg\" data-svg-type=\"shape\" data-display-mode=\"legacyFit\" data-strokewidth=\"1\" data-viewbox=\"0 0 200 200\" data-preserve-viewbox=\"ignore\" data-angle=\"232\" data-angle-style-location=\"inline\">\n<div id=\"comp-ju8d8bcwlink\" class=\"style-ju4eg3ke1link\">\n<div id=\"comp-ju8d8bcwsvg\" class=\"style-ju4eg3ke1_comp-ju8d8bcw style-ju4eg3ke1_non-scaling-stroke style-ju4eg3ke1svg\"><\/div>\n<\/div>\n<\/div>\n<\/div>\n<div id=\"comp-ju8d8bd9-rotated-wrapper\" data-mesh-internal=\"true\">\n<div id=\"comp-ju8d8bd9\" class=\"style-ju4eg3ke1\" data-svg-id=\"b851f16f69da4d608e8726a8c991fe31.svg\" data-svg-type=\"shape\" data-display-mode=\"legacyFit\" data-strokewidth=\"1\" data-viewbox=\"0 0 200 200\" data-preserve-viewbox=\"ignore\" data-angle=\"153\" data-angle-style-location=\"inline\">\n<div id=\"comp-ju8d8bd9link\" class=\"style-ju4eg3ke1link\">\n<div id=\"comp-ju8d8bd9svg\" class=\"style-ju4eg3ke1_comp-ju8d8bd9 style-ju4eg3ke1_non-scaling-stroke style-ju4eg3ke1svg\"><\/div>\n<\/div>\n<\/div>\n<\/div>\n<div id=\"comp-ju8d8bdm-rotated-wrapper\" data-mesh-internal=\"true\">\n<div id=\"comp-ju8d8bdm\" class=\"style-ju4eg3ke1\" data-svg-id=\"b851f16f69da4d608e8726a8c991fe31.svg\" data-svg-type=\"shape\" data-display-mode=\"legacyFit\" data-strokewidth=\"1\" data-viewbox=\"0 0 200 200\" data-preserve-viewbox=\"ignore\" data-angle=\"67\" data-angle-style-location=\"inline\">\n<div id=\"comp-ju8d8bdmlink\" class=\"style-ju4eg3ke1link\">\n<div id=\"comp-ju8d8bdmsvg\" class=\"style-ju4eg3ke1_comp-ju8d8bdm style-ju4eg3ke1_non-scaling-stroke style-ju4eg3ke1svg\"><\/div>\n<\/div>\n<\/div>\n<\/div>\n<div id=\"comp-ju8d8bdx-rotated-wrapper\" data-mesh-internal=\"true\">\n<div id=\"comp-ju8d8bdx\" class=\"style-ju4eg3ke1\" data-svg-id=\"b851f16f69da4d608e8726a8c991fe31.svg\" data-svg-type=\"shape\" data-display-mode=\"legacyFit\" data-strokewidth=\"1\" data-viewbox=\"0 0 200 200\" data-preserve-viewbox=\"ignore\" data-angle=\"259\" data-angle-style-location=\"inline\">\n<div id=\"comp-ju8d8bdxlink\" class=\"style-ju4eg3ke1link\">\n<div id=\"comp-ju8d8bdxsvg\" class=\"style-ju4eg3ke1_comp-ju8d8bdx style-ju4eg3ke1_non-scaling-stroke style-ju4eg3ke1svg\"><\/div>\n<\/div>\n<\/div>\n<\/div>\n<\/div>\n<\/div>\n<\/div>\n<\/div>\n<\/div>\n<\/div>\n<\/div>\n<\/div>\n<p><iframe loading=\"lazy\" src=\"https:\/\/www.youtube.com\/embed\/Y59OPYvS82g\" width=\"560\" height=\"315\" frameborder=\"0\" allowfullscreen=\"allowfullscreen\">&nbsp;<\/p>\n<p><\/iframe><\/p>","protected":false},"excerpt":{"rendered":"<h2>Halvautomatisk termisk induksjonslokkforsegler<\/h2>\n<p>Induksjonsvarmeforsegling forbedrer produktkvaliteten, forhindrer naturlig fuktighetsabsorpsjon, forlenger holdbarheten, gir sikkerhet mot forfalskning.<\/p>\n<h6 class=\"font_8\">Halvautomatisk induksjonsforsegling anbefalt for h\u00f8y produksjon, \u00f8konomisk, med tetningshode for beholdermunndiametre fra<\/h6>\n<p class=\"font_8\">\u00d820 mm opp til \u00d880 mm.<\/p>\n<p class=\"font_8\"><span class=\"wixGuard\">?<\/span><\/p>\n<p class=\"font_8\">Den kjennetegnes ved \u00e5 v\u00e6re kompakt og lett, men samtidig har den kraften og effektiviteten som er n\u00f8dvendig for de aller fleste bruksomr\u00e5der med induksjonsforsegling; styrt av en SIEMENS &quot;IGBT&quot;-brikke med h\u00f8y effektivitet og lavt elektrisk forbruk. V\u00e5r anbefaling, Kvalitet-Pris for h\u00f8ye produksjoner.<\/p>","protected":false},"featured_media":628,"comment_status":"open","ping_status":"closed","template":"","meta":{"wds_primary_product_brand":0,"wds_primary_product_cat":0},"product_brand":[],"product_cat":[45,28],"product_tag":[],"class_list":{"0":"post-627","1":"product","2":"type-product","3":"status-publish","4":"has-post-thumbnail","6":"product_cat-selladoras-de-induccion","7":"product_cat-tapadoras","9":"first","10":"instock","11":"taxable","12":"shipping-taxable","13":"purchasable","14":"product-type-simple"},"yoast_head":"<!-- This site is optimized with the Yoast SEO Premium plugin v24.9 (Yoast SEO v26.1) - https:\/\/yoast.com\/wordpress\/plugins\/seo\/ -->\n<title>M\u00e1quina Selladora de Inducci\u00f3n T\u00e9rmica selladora de op\u00e9rculos semiautom\u00e1tica - distribuci\u00f3n ARC<\/title>\n<meta name=\"robots\" content=\"index, follow, max-snippet:-1, max-image-preview:large, max-video-preview:-1\" \/>\n<link rel=\"canonical\" href=\"https:\/\/distribucionarc.com\/nb\/produkter\/termisk-induksjonsforsegling-maskin-semi-automatisk-cap-sealer\/\" \/>\n<meta property=\"og:locale\" content=\"nb_NO\" \/>\n<meta property=\"og:type\" content=\"article\" \/>\n<meta property=\"og:title\" content=\"M\u00e1quina Selladora de Inducci\u00f3n T\u00e9rmica selladora de op\u00e9rculos semiautom\u00e1tica\" \/>\n<meta property=\"og:description\" content=\"selladora de op\u00e9rculos inducci\u00f3n t\u00e9rmica semiautom\u00e1tica El sellado t\u00e9rmico por inducci\u00f3n mejora la calidad del producto, evita la absorci\u00f3n de la humedad natural, prolonga el per\u00edodo de caducidad, a\u00f1ade seguridad contra falsificaciones. Selladora semiautom\u00e1tica por inducci\u00f3n recomendada para altas producciones, econ\u00f3mica, con cabezal de sellado para di\u00e1metros de bocas de envases desde \u00d820 mm hasta \u00d880 mm. \u200b Se caracteriza por ser compacta y ligera, pero al mismo tiempo dispone de la potencia y efectividad necesaria para la gran mayor\u00eda de aplicaciones de sellado por inducci\u00f3n; controlada mediante un chip SIEMENS \u201cIGBT\u201d de alta eficiencia y bajo consumo el\u00e9ctrico. Nuestra recomendaci\u00f3n, Calidad-Precio para producciones altas.\" \/>\n<meta property=\"og:url\" content=\"https:\/\/distribucionarc.com\/nb\/produkter\/termisk-induksjonsforsegling-maskin-semi-automatisk-cap-sealer\/\" \/>\n<meta property=\"og:site_name\" content=\"distribuci\u00f3n ARC\" \/>\n<meta property=\"article:modified_time\" content=\"2023-04-12T22:40:29+00:00\" \/>\n<meta property=\"og:image\" content=\"https:\/\/distribucionarc.com\/wp-content\/uploads\/2020\/04\/selladora_de_op\u00e9rculos_semiautom\u00e1tica_0.jpg\" \/>\n\t<meta property=\"og:image:width\" content=\"1600\" \/>\n\t<meta property=\"og:image:height\" content=\"1600\" \/>\n\t<meta property=\"og:image:type\" content=\"image\/jpeg\" \/>\n<meta name=\"twitter:card\" content=\"summary_large_image\" \/>\n<meta name=\"twitter:label1\" content=\"Ansl. lesetid\" \/>\n\t<meta name=\"twitter:data1\" content=\"3 minutter\" \/>\n<script type=\"application\/ld+json\" class=\"yoast-schema-graph\">{\"@context\":\"https:\/\/schema.org\",\"@graph\":[{\"@type\":\"WebPage\",\"@id\":\"https:\/\/distribucionarc.com\/de\/producto\/maquina-selladora-de-induccion-termica-selladora-de-operculos-semiautomatica\/\",\"url\":\"https:\/\/distribucionarc.com\/de\/producto\/maquina-selladora-de-induccion-termica-selladora-de-operculos-semiautomatica\/\",\"name\":\"M\u00e1quina Selladora de Inducci\u00f3n T\u00e9rmica selladora de op\u00e9rculos semiautom\u00e1tica - distribuci\u00f3n ARC\",\"isPartOf\":{\"@id\":\"https:\/\/distribucionarc.com\/de\/#website\"},\"primaryImageOfPage\":{\"@id\":\"https:\/\/distribucionarc.com\/de\/producto\/maquina-selladora-de-induccion-termica-selladora-de-operculos-semiautomatica\/#primaryimage\"},\"image\":{\"@id\":\"https:\/\/distribucionarc.com\/de\/producto\/maquina-selladora-de-induccion-termica-selladora-de-operculos-semiautomatica\/#primaryimage\"},\"thumbnailUrl\":\"https:\/\/distribucionarc.com\/wp-content\/uploads\/2020\/04\/selladora_de_op\u00e9rculos_semiautom\u00e1tica_0.jpg\",\"datePublished\":\"2020-04-30T16:36:12+00:00\",\"dateModified\":\"2023-04-12T22:40:29+00:00\",\"breadcrumb\":{\"@id\":\"https:\/\/distribucionarc.com\/de\/producto\/maquina-selladora-de-induccion-termica-selladora-de-operculos-semiautomatica\/#breadcrumb\"},\"inLanguage\":\"nb-NO\",\"potentialAction\":[{\"@type\":\"ReadAction\",\"target\":[\"https:\/\/distribucionarc.com\/de\/producto\/maquina-selladora-de-induccion-termica-selladora-de-operculos-semiautomatica\/\"]}]},{\"@type\":\"ImageObject\",\"inLanguage\":\"nb-NO\",\"@id\":\"https:\/\/distribucionarc.com\/de\/producto\/maquina-selladora-de-induccion-termica-selladora-de-operculos-semiautomatica\/#primaryimage\",\"url\":\"https:\/\/distribucionarc.com\/wp-content\/uploads\/2020\/04\/selladora_de_op\u00e9rculos_semiautom\u00e1tica_0.jpg\",\"contentUrl\":\"https:\/\/distribucionarc.com\/wp-content\/uploads\/2020\/04\/selladora_de_op\u00e9rculos_semiautom\u00e1tica_0.jpg\",\"width\":1600,\"height\":1600},{\"@type\":\"BreadcrumbList\",\"@id\":\"https:\/\/distribucionarc.com\/de\/producto\/maquina-selladora-de-induccion-termica-selladora-de-operculos-semiautomatica\/#breadcrumb\",\"itemListElement\":[{\"@type\":\"ListItem\",\"position\":1,\"name\":\"Portada\",\"item\":\"https:\/\/distribucionarc.com\/pl\/\"},{\"@type\":\"ListItem\",\"position\":2,\"name\":\"Produkty\",\"item\":\"https:\/\/distribucionarc.com\/pl\/shop\/\"},{\"@type\":\"ListItem\",\"position\":3,\"name\":\"M\u00e1quina Selladora de Inducci\u00f3n T\u00e9rmica selladora de op\u00e9rculos semiautom\u00e1tica\"}]},{\"@type\":\"WebSite\",\"@id\":\"https:\/\/distribucionarc.com\/de\/#website\",\"url\":\"https:\/\/distribucionarc.com\/de\/\",\"name\":\"distribuci\u00f3n ARC\",\"description\":\"Empresa especializada en la fabricaci\u00f3n y distribuci\u00f3n de maquinaria industrial, selladoras de latas, Maquinas de hacer pastillas, Maquinas de cortar carne...\",\"publisher\":{\"@id\":\"https:\/\/distribucionarc.com\/de\/#organization\"},\"potentialAction\":[{\"@type\":\"SearchAction\",\"target\":{\"@type\":\"EntryPoint\",\"urlTemplate\":\"https:\/\/distribucionarc.com\/de\/?s={search_term_string}\"},\"query-input\":{\"@type\":\"PropertyValueSpecification\",\"valueRequired\":true,\"valueName\":\"search_term_string\"}}],\"inLanguage\":\"nb-NO\"},{\"@type\":\"Organization\",\"@id\":\"https:\/\/distribucionarc.com\/de\/#organization\",\"name\":\"Distribuci\u00f3n ARC\",\"url\":\"https:\/\/distribucionarc.com\/de\/\",\"logo\":{\"@type\":\"ImageObject\",\"inLanguage\":\"nb-NO\",\"@id\":\"https:\/\/distribucionarc.com\/de\/#\/schema\/logo\/image\/\",\"url\":\"https:\/\/distribucionarc.com\/wp-content\/uploads\/2024\/10\/distribucion-ARC-COLOR-SIN-FONDO-e1732295305345.png\",\"contentUrl\":\"https:\/\/distribucionarc.com\/wp-content\/uploads\/2024\/10\/distribucion-ARC-COLOR-SIN-FONDO-e1732295305345.png\",\"width\":1164,\"height\":558,\"caption\":\"Distribuci\u00f3n ARC\"},\"image\":{\"@id\":\"https:\/\/distribucionarc.com\/de\/#\/schema\/logo\/image\/\"},\"description\":\"Empresa especializada en la fabricaci\u00f3n y distribuci\u00f3n de maquinaria industrial para los sectores alimentario y farmac\u00e9utico. Nos especializamos en: M\u00e1quinas de cortar carne Fabricaci\u00f3n de comprimidos Sistemas de transporte industrial L\u00edneas de embotellado Dosificadores Y mucho m\u00e1s... Ofrecemos soluciones innovadoras y personalizadas para optimizar los procesos productivos de tu empresa.\",\"email\":\"Admistracion@distribucionarc.com\",\"telephone\":\"+34 643496664\",\"legalName\":\"ARC TECH SOLUTIONS\",\"foundingDate\":\"2024-04-09\",\"vatID\":\"B55480172\",\"numberOfEmployees\":{\"@type\":\"QuantitativeValue\",\"minValue\":\"1\",\"maxValue\":\"10\"}}]}<\/script>\n<!-- \/ Yoast SEO Premium plugin. -->","yoast_head_json":{"title":"Termisk induksjonsforseglingsmaskin semi-automatisk kapselforsegler - ARC-fordeling","robots":{"index":"index","follow":"follow","max-snippet":"max-snippet:-1","max-image-preview":"max-image-preview:large","max-video-preview":"max-video-preview:-1"},"canonical":"https:\/\/distribucionarc.com\/nb\/produkter\/termisk-induksjonsforsegling-maskin-semi-automatisk-cap-sealer\/","og_locale":"nb_NO","og_type":"article","og_title":"M\u00e1quina Selladora de Inducci\u00f3n T\u00e9rmica selladora de op\u00e9rculos semiautom\u00e1tica","og_description":"selladora de op\u00e9rculos inducci\u00f3n t\u00e9rmica semiautom\u00e1tica El sellado t\u00e9rmico por inducci\u00f3n mejora la calidad del producto, evita la absorci\u00f3n de la humedad natural, prolonga el per\u00edodo de caducidad, a\u00f1ade seguridad contra falsificaciones. Selladora semiautom\u00e1tica por inducci\u00f3n recomendada para altas producciones, econ\u00f3mica, con cabezal de sellado para di\u00e1metros de bocas de envases desde \u00d820 mm hasta \u00d880 mm. \u200b Se caracteriza por ser compacta y ligera, pero al mismo tiempo dispone de la potencia y efectividad necesaria para la gran mayor\u00eda de aplicaciones de sellado por inducci\u00f3n; controlada mediante un chip SIEMENS \u201cIGBT\u201d de alta eficiencia y bajo consumo el\u00e9ctrico. Nuestra recomendaci\u00f3n, Calidad-Precio para producciones altas.","og_url":"https:\/\/distribucionarc.com\/nb\/produkter\/termisk-induksjonsforsegling-maskin-semi-automatisk-cap-sealer\/","og_site_name":"distribuci\u00f3n ARC","article_modified_time":"2023-04-12T22:40:29+00:00","og_image":[{"width":1600,"height":1600,"url":"https:\/\/distribucionarc.com\/wp-content\/uploads\/2020\/04\/selladora_de_op\u00e9rculos_semiautom\u00e1tica_0.jpg","type":"image\/jpeg"}],"twitter_card":"summary_large_image","twitter_misc":{"Ansl. lesetid":"3 minutter"},"schema":{"@context":"https:\/\/schema.org","@graph":[{"@type":"WebPage","@id":"https:\/\/distribucionarc.com\/de\/producto\/maquina-selladora-de-induccion-termica-selladora-de-operculos-semiautomatica\/","url":"https:\/\/distribucionarc.com\/de\/producto\/maquina-selladora-de-induccion-termica-selladora-de-operculos-semiautomatica\/","name":"Termisk induksjonsforseglingsmaskin semi-automatisk kapselforsegler - ARC-fordeling","isPartOf":{"@id":"https:\/\/distribucionarc.com\/de\/#website"},"primaryImageOfPage":{"@id":"https:\/\/distribucionarc.com\/de\/producto\/maquina-selladora-de-induccion-termica-selladora-de-operculos-semiautomatica\/#primaryimage"},"image":{"@id":"https:\/\/distribucionarc.com\/de\/producto\/maquina-selladora-de-induccion-termica-selladora-de-operculos-semiautomatica\/#primaryimage"},"thumbnailUrl":"https:\/\/distribucionarc.com\/wp-content\/uploads\/2020\/04\/selladora_de_op\u00e9rculos_semiautom\u00e1tica_0.jpg","datePublished":"2020-04-30T16:36:12+00:00","dateModified":"2023-04-12T22:40:29+00:00","breadcrumb":{"@id":"https:\/\/distribucionarc.com\/de\/producto\/maquina-selladora-de-induccion-termica-selladora-de-operculos-semiautomatica\/#breadcrumb"},"inLanguage":"nb-NO","potentialAction":[{"@type":"ReadAction","target":["https:\/\/distribucionarc.com\/de\/producto\/maquina-selladora-de-induccion-termica-selladora-de-operculos-semiautomatica\/"]}]},{"@type":"ImageObject","inLanguage":"nb-NO","@id":"https:\/\/distribucionarc.com\/de\/producto\/maquina-selladora-de-induccion-termica-selladora-de-operculos-semiautomatica\/#primaryimage","url":"https:\/\/distribucionarc.com\/wp-content\/uploads\/2020\/04\/selladora_de_op\u00e9rculos_semiautom\u00e1tica_0.jpg","contentUrl":"https:\/\/distribucionarc.com\/wp-content\/uploads\/2020\/04\/selladora_de_op\u00e9rculos_semiautom\u00e1tica_0.jpg","width":1600,"height":1600},{"@type":"BreadcrumbList","@id":"https:\/\/distribucionarc.com\/de\/producto\/maquina-selladora-de-induccion-termica-selladora-de-operculos-semiautomatica\/#breadcrumb","itemListElement":[{"@type":"ListItem","position":1,"name":"Portada","item":"https:\/\/distribucionarc.com\/pl\/"},{"@type":"ListItem","position":2,"name":"Produkty","item":"https:\/\/distribucionarc.com\/pl\/shop\/"},{"@type":"ListItem","position":3,"name":"M\u00e1quina Selladora de Inducci\u00f3n T\u00e9rmica selladora de op\u00e9rculos semiautom\u00e1tica"}]},{"@type":"WebSite","@id":"https:\/\/distribucionarc.com\/de\/#website","url":"https:\/\/distribucionarc.com\/de\/","name":"ARC distribusjon","description":"Selskapet har spesialisert seg p\u00e5 produksjon og distribusjon av industrimaskiner, hermetikkboksforseglingsmaskiner, tablettmaskiner, kj\u00f8ttskj\u00e6remaskiner og...","publisher":{"@id":"https:\/\/distribucionarc.com\/de\/#organization"},"potentialAction":[{"@type":"SearchAction","target":{"@type":"EntryPoint","urlTemplate":"https:\/\/distribucionarc.com\/de\/?s={search_term_string}"},"query-input":{"@type":"PropertyValueSpecification","valueRequired":true,"valueName":"search_term_string"}}],"inLanguage":"nb-NO"},{"@type":"Organization","@id":"https:\/\/distribucionarc.com\/de\/#organization","name":"ARC distribusjon","url":"https:\/\/distribucionarc.com\/de\/","logo":{"@type":"ImageObject","inLanguage":"nb-NO","@id":"https:\/\/distribucionarc.com\/de\/#\/schema\/logo\/image\/","url":"https:\/\/distribucionarc.com\/wp-content\/uploads\/2024\/10\/distribucion-ARC-COLOR-SIN-FONDO-e1732295305345.png","contentUrl":"https:\/\/distribucionarc.com\/wp-content\/uploads\/2024\/10\/distribucion-ARC-COLOR-SIN-FONDO-e1732295305345.png","width":1164,"height":558,"caption":"Distribuci\u00f3n ARC"},"image":{"@id":"https:\/\/distribucionarc.com\/de\/#\/schema\/logo\/image\/"},"description":"Selskap som har spesialisert seg p\u00e5 produksjon og distribusjon av industrimaskiner til n\u00e6ringsmiddel- og farmasisektoren. Vi er spesialister p\u00e5: Kj\u00f8ttskj\u00e6remaskiner Tablettilvirkning Industrielle transportsystemer Tappelinjer Dispensere Og mye mer... Vi tilbyr innovative og skreddersydde l\u00f8sninger for \u00e5 optimalisere bedriftens produksjonsprosesser.","email":"Admistracion@distribucionarc.com","telephone":"+34 643496664","legalName":"ARC TECH SOLUTIONS","foundingDate":"2024-04-09","vatID":"B55480172","numberOfEmployees":{"@type":"QuantitativeValue","minValue":"1","maxValue":"10"}}]}},"_links":{"self":[{"href":"https:\/\/distribucionarc.com\/nb\/wp-json\/wp\/v2\/product\/627","targetHints":{"allow":["GET"]}}],"collection":[{"href":"https:\/\/distribucionarc.com\/nb\/wp-json\/wp\/v2\/product"}],"about":[{"href":"https:\/\/distribucionarc.com\/nb\/wp-json\/wp\/v2\/types\/product"}],"replies":[{"embeddable":true,"href":"https:\/\/distribucionarc.com\/nb\/wp-json\/wp\/v2\/comments?post=627"}],"version-history":[{"count":0,"href":"https:\/\/distribucionarc.com\/nb\/wp-json\/wp\/v2\/product\/627\/revisions"}],"wp:featuredmedia":[{"embeddable":true,"href":"https:\/\/distribucionarc.com\/nb\/wp-json\/wp\/v2\/media\/628"}],"wp:attachment":[{"href":"https:\/\/distribucionarc.com\/nb\/wp-json\/wp\/v2\/media?parent=627"}],"wp:term":[{"taxonomy":"product_brand","embeddable":true,"href":"https:\/\/distribucionarc.com\/nb\/wp-json\/wp\/v2\/product_brand?post=627"},{"taxonomy":"product_cat","embeddable":true,"href":"https:\/\/distribucionarc.com\/nb\/wp-json\/wp\/v2\/product_cat?post=627"},{"taxonomy":"product_tag","embeddable":true,"href":"https:\/\/distribucionarc.com\/nb\/wp-json\/wp\/v2\/product_tag?post=627"}],"curies":[{"name":"wp","href":"https:\/\/api.w.org\/{rel}","templated":true}]}}