{"id":6625,"date":"2024-04-24T16:26:54","date_gmt":"2024-04-24T16:26:54","guid":{"rendered":"https:\/\/distribucionarc.com\/?post_type=product&#038;p=6625"},"modified":"2024-04-24T16:48:05","modified_gmt":"2024-04-24T16:48:05","slug":"vitamin-booster-loselig-tablettmaskin","status":"publish","type":"product","link":"https:\/\/distribucionarc.com\/nb\/producto\/maquina-de-tabletas-solubles-de-refuerzo-vitaminico\/","title":{"rendered":"L\u00d8SELIG VITAMIN FORSTERKNING TABLETTMASKIN"},"content":{"rendered":"<p>V\u00e5rt fremskritt<strong> Automatisk dobbelpress roterende tablettpressemaskin for vitaminboosterl\u00f8selige tabletter<\/strong>, representerer den perfekte l\u00f8sningen du leter etter. Denne innovative maskinen kombinerer banebrytende teknologi med en intuitiv design, og tilbyr en rekke fordeler for \u00e5 optimere produksjonen og kvaliteten p\u00e5<strong> vitamintilskudd<\/strong>, slik at du kan m\u00f8te kundenes krav effektivt. Den garanterer h\u00f8yere produksjon og overlegen kvalitet takket v\u00e6re en jevn finish og optimal pressing som letter rask oppl\u00f8sning, og dermed forbedrer brukeropplevelsen.<\/p>\n<p>&nbsp;<\/p>\n<p>&nbsp;<\/p>\n<table>\n<tbody>\n<tr>\n<td width=\"189\">modell<\/td>\n<td width=\"189\">ZARPW29<\/td>\n<td width=\"189\">ZARPW31<\/td>\n<\/tr>\n<tr>\n<td width=\"189\">Punching dies<\/td>\n<td width=\"189\">29<\/td>\n<td width=\"189\">31<\/td>\n<\/tr>\n<tr>\n<td width=\"189\">Maks trykk (kN)<\/td>\n<td width=\"189\">100<\/td>\n<td width=\"189\">100<\/td>\n<\/tr>\n<tr>\n<td width=\"189\">Maksimal nettbrettdiameter (mm)<\/td>\n<td width=\"189\">25<\/td>\n<td width=\"189\">22<\/td>\n<\/tr>\n<tr>\n<td width=\"189\">Maksimal fyllingsdybde (mm)<\/td>\n<td width=\"189\">15<\/td>\n<td width=\"189\">15<\/td>\n<\/tr>\n<tr>\n<td width=\"189\">Maks tabletttykkelse (mm)<\/td>\n<td width=\"189\">6<\/td>\n<td width=\"189\">6<\/td>\n<\/tr>\n<tr>\n<td width=\"189\">Turrethastighet (r\/min)<\/td>\n<td width=\"189\">14-36<\/td>\n<td width=\"189\">14-36<\/td>\n<\/tr>\n<tr>\n<td width=\"189\">Produksjonskapasitet (stk\/t)<\/td>\n<td width=\"189\">125000<\/td>\n<td width=\"189\">135000<\/td>\n<\/tr>\n<tr>\n<td width=\"189\">Motoreffekt (kw)<\/td>\n<td width=\"189\">5.5<\/td>\n<td width=\"189\">5.5<\/td>\n<\/tr>\n<tr>\n<td width=\"189\">Total st\u00f8rrelse (mm)<\/td>\n<td width=\"189\">1230*<\/p>\n<p>950*<\/p>\n<p>1670*<\/td>\n<td width=\"189\">1230*<\/p>\n<p>950*<\/p>\n<p>1670*<\/td>\n<\/tr>\n<tr>\n<td width=\"189\">Egenvekt kg<\/td>\n<td width=\"189\">1700<\/td>\n<td width=\"189\">1700<\/td>\n<\/tr>\n<\/tbody>\n<\/table>","protected":false},"excerpt":{"rendered":"<p>V\u00e5r avanserte automatiske roterende dobbeltpressetablettpressemaskin for l\u00f8selige vitaminboostertabletter representerer den perfekte l\u00f8sningen som<\/p>","protected":false},"featured_media":6634,"comment_status":"open","ping_status":"closed","template":"","meta":{"wds_primary_product_brand":0,"wds_primary_product_cat":0},"product_brand":[],"product_cat":[84],"product_tag":[],"class_list":{"0":"post-6625","1":"product","2":"type-product","3":"status-publish","4":"has-post-thumbnail","6":"product_cat-maquinas-para-hacer-pastillas","8":"first","9":"instock","10":"taxable","11":"shipping-taxable","12":"purchasable","13":"product-type-simple"},"yoast_head":"<!-- This site is optimized with the Yoast SEO Premium plugin v24.9 (Yoast SEO v26.1) - https:\/\/yoast.com\/wordpress\/plugins\/seo\/ -->\n<title>MAQUINA DE TABLETAS SOLUBLES DE REFUERZO VITAMINICO - distribuci\u00f3n ARC<\/title>\n<meta name=\"robots\" content=\"index, follow, max-snippet:-1, max-image-preview:large, max-video-preview:-1\" \/>\n<link rel=\"canonical\" href=\"https:\/\/distribucionarc.com\/nb\/produkter\/vitamin-booster-loselig-tablettmaskin\/\" \/>\n<meta property=\"og:locale\" content=\"nb_NO\" \/>\n<meta property=\"og:type\" content=\"article\" \/>\n<meta property=\"og:title\" content=\"MAQUINA DE TABLETAS SOLUBLES DE REFUERZO VITAMINICO\" \/>\n<meta property=\"og:description\" content=\"Nuestra avanzada M\u00e1quina Prensadora Rotativa Autom\u00e1tica de Doble Prensa para Tabletas Solubles de refuerzo vitam\u00ednico, representa la soluci\u00f3n perfecta que\" \/>\n<meta property=\"og:url\" content=\"https:\/\/distribucionarc.com\/nb\/produkter\/vitamin-booster-loselig-tablettmaskin\/\" \/>\n<meta property=\"og:site_name\" content=\"distribuci\u00f3n ARC\" \/>\n<meta property=\"article:modified_time\" content=\"2024-04-24T16:48:05+00:00\" \/>\n<meta property=\"og:image\" content=\"https:\/\/distribucionarc.com\/wp-content\/uploads\/2024\/04\/MAQUINA-DE-TABLETAS-SOLUBLES-DE-REFUERZO-VITAMINICO-1.jpg\" \/>\n\t<meta property=\"og:image:width\" content=\"368\" \/>\n\t<meta property=\"og:image:height\" content=\"465\" \/>\n\t<meta property=\"og:image:type\" content=\"image\/jpeg\" \/>\n<meta name=\"twitter:card\" content=\"summary_large_image\" \/>\n<meta name=\"twitter:label1\" content=\"Ansl. lesetid\" \/>\n\t<meta name=\"twitter:data1\" content=\"1 minutt\" \/>\n<script type=\"application\/ld+json\" class=\"yoast-schema-graph\">{\"@context\":\"https:\/\/schema.org\",\"@graph\":[{\"@type\":\"WebPage\",\"@id\":\"https:\/\/distribucionarc.com\/sk\/producto\/maquina-de-tabletas-solubles-de-refuerzo-vitaminico\/\",\"url\":\"https:\/\/distribucionarc.com\/sk\/producto\/maquina-de-tabletas-solubles-de-refuerzo-vitaminico\/\",\"name\":\"MAQUINA DE TABLETAS SOLUBLES DE REFUERZO VITAMINICO - distribuci\u00f3n ARC\",\"isPartOf\":{\"@id\":\"https:\/\/distribucionarc.com\/de\/#website\"},\"primaryImageOfPage\":{\"@id\":\"https:\/\/distribucionarc.com\/sk\/producto\/maquina-de-tabletas-solubles-de-refuerzo-vitaminico\/#primaryimage\"},\"image\":{\"@id\":\"https:\/\/distribucionarc.com\/sk\/producto\/maquina-de-tabletas-solubles-de-refuerzo-vitaminico\/#primaryimage\"},\"thumbnailUrl\":\"https:\/\/distribucionarc.com\/wp-content\/uploads\/2024\/04\/MAQUINA-DE-TABLETAS-SOLUBLES-DE-REFUERZO-VITAMINICO-1.jpg\",\"datePublished\":\"2024-04-24T16:26:54+00:00\",\"dateModified\":\"2024-04-24T16:48:05+00:00\",\"breadcrumb\":{\"@id\":\"https:\/\/distribucionarc.com\/sk\/producto\/maquina-de-tabletas-solubles-de-refuerzo-vitaminico\/#breadcrumb\"},\"inLanguage\":\"nb-NO\",\"potentialAction\":[{\"@type\":\"ReadAction\",\"target\":[\"https:\/\/distribucionarc.com\/sk\/producto\/maquina-de-tabletas-solubles-de-refuerzo-vitaminico\/\"]}]},{\"@type\":\"ImageObject\",\"inLanguage\":\"nb-NO\",\"@id\":\"https:\/\/distribucionarc.com\/sk\/producto\/maquina-de-tabletas-solubles-de-refuerzo-vitaminico\/#primaryimage\",\"url\":\"https:\/\/distribucionarc.com\/wp-content\/uploads\/2024\/04\/MAQUINA-DE-TABLETAS-SOLUBLES-DE-REFUERZO-VITAMINICO-1.jpg\",\"contentUrl\":\"https:\/\/distribucionarc.com\/wp-content\/uploads\/2024\/04\/MAQUINA-DE-TABLETAS-SOLUBLES-DE-REFUERZO-VITAMINICO-1.jpg\",\"width\":368,\"height\":465,\"caption\":\"#image_title\"},{\"@type\":\"BreadcrumbList\",\"@id\":\"https:\/\/distribucionarc.com\/sk\/producto\/maquina-de-tabletas-solubles-de-refuerzo-vitaminico\/#breadcrumb\",\"itemListElement\":[{\"@type\":\"ListItem\",\"position\":1,\"name\":\"Portada\",\"item\":\"https:\/\/distribucionarc.com\/pl\/\"},{\"@type\":\"ListItem\",\"position\":2,\"name\":\"Produkty\",\"item\":\"https:\/\/distribucionarc.com\/pl\/shop\/\"},{\"@type\":\"ListItem\",\"position\":3,\"name\":\"MAQUINA DE TABLETAS SOLUBLES DE REFUERZO VITAMINICO\"}]},{\"@type\":\"WebSite\",\"@id\":\"https:\/\/distribucionarc.com\/de\/#website\",\"url\":\"https:\/\/distribucionarc.com\/de\/\",\"name\":\"distribuci\u00f3n ARC\",\"description\":\"Empresa especializada en la fabricaci\u00f3n y distribuci\u00f3n de maquinaria industrial, selladoras de latas, Maquinas de hacer pastillas, Maquinas de cortar carne...\",\"publisher\":{\"@id\":\"https:\/\/distribucionarc.com\/de\/#organization\"},\"potentialAction\":[{\"@type\":\"SearchAction\",\"target\":{\"@type\":\"EntryPoint\",\"urlTemplate\":\"https:\/\/distribucionarc.com\/de\/?s={search_term_string}\"},\"query-input\":{\"@type\":\"PropertyValueSpecification\",\"valueRequired\":true,\"valueName\":\"search_term_string\"}}],\"inLanguage\":\"nb-NO\"},{\"@type\":\"Organization\",\"@id\":\"https:\/\/distribucionarc.com\/de\/#organization\",\"name\":\"Distribuci\u00f3n ARC\",\"url\":\"https:\/\/distribucionarc.com\/de\/\",\"logo\":{\"@type\":\"ImageObject\",\"inLanguage\":\"nb-NO\",\"@id\":\"https:\/\/distribucionarc.com\/de\/#\/schema\/logo\/image\/\",\"url\":\"https:\/\/distribucionarc.com\/wp-content\/uploads\/2024\/10\/distribucion-ARC-COLOR-SIN-FONDO-e1732295305345.png\",\"contentUrl\":\"https:\/\/distribucionarc.com\/wp-content\/uploads\/2024\/10\/distribucion-ARC-COLOR-SIN-FONDO-e1732295305345.png\",\"width\":1164,\"height\":558,\"caption\":\"Distribuci\u00f3n ARC\"},\"image\":{\"@id\":\"https:\/\/distribucionarc.com\/de\/#\/schema\/logo\/image\/\"},\"description\":\"Empresa especializada en la fabricaci\u00f3n y distribuci\u00f3n de maquinaria industrial para los sectores alimentario y farmac\u00e9utico. Nos especializamos en: M\u00e1quinas de cortar carne Fabricaci\u00f3n de comprimidos Sistemas de transporte industrial L\u00edneas de embotellado Dosificadores Y mucho m\u00e1s... Ofrecemos soluciones innovadoras y personalizadas para optimizar los procesos productivos de tu empresa.\",\"email\":\"Admistracion@distribucionarc.com\",\"telephone\":\"+34 643496664\",\"legalName\":\"ARC TECH SOLUTIONS\",\"foundingDate\":\"2024-04-09\",\"vatID\":\"B55480172\",\"numberOfEmployees\":{\"@type\":\"QuantitativeValue\",\"minValue\":\"1\",\"maxValue\":\"10\"}}]}<\/script>\n<!-- \/ Yoast SEO Premium plugin. -->","yoast_head_json":{"title":"VITAMIN FORSTERKNING L\u00d8SELIG TABLETTMASKIN - ARC distribusjon","robots":{"index":"index","follow":"follow","max-snippet":"max-snippet:-1","max-image-preview":"max-image-preview:large","max-video-preview":"max-video-preview:-1"},"canonical":"https:\/\/distribucionarc.com\/nb\/produkter\/vitamin-booster-loselig-tablettmaskin\/","og_locale":"nb_NO","og_type":"article","og_title":"MAQUINA DE TABLETAS SOLUBLES DE REFUERZO VITAMINICO","og_description":"Nuestra avanzada M\u00e1quina Prensadora Rotativa Autom\u00e1tica de Doble Prensa para Tabletas Solubles de refuerzo vitam\u00ednico, representa la soluci\u00f3n perfecta que","og_url":"https:\/\/distribucionarc.com\/nb\/produkter\/vitamin-booster-loselig-tablettmaskin\/","og_site_name":"distribuci\u00f3n ARC","article_modified_time":"2024-04-24T16:48:05+00:00","og_image":[{"width":368,"height":465,"url":"https:\/\/distribucionarc.com\/wp-content\/uploads\/2024\/04\/MAQUINA-DE-TABLETAS-SOLUBLES-DE-REFUERZO-VITAMINICO-1.jpg","type":"image\/jpeg"}],"twitter_card":"summary_large_image","twitter_misc":{"Ansl. lesetid":"1 minutt"},"schema":{"@context":"https:\/\/schema.org","@graph":[{"@type":"WebPage","@id":"https:\/\/distribucionarc.com\/sk\/producto\/maquina-de-tabletas-solubles-de-refuerzo-vitaminico\/","url":"https:\/\/distribucionarc.com\/sk\/producto\/maquina-de-tabletas-solubles-de-refuerzo-vitaminico\/","name":"VITAMIN FORSTERKNING L\u00d8SELIG TABLETTMASKIN - ARC distribusjon","isPartOf":{"@id":"https:\/\/distribucionarc.com\/de\/#website"},"primaryImageOfPage":{"@id":"https:\/\/distribucionarc.com\/sk\/producto\/maquina-de-tabletas-solubles-de-refuerzo-vitaminico\/#primaryimage"},"image":{"@id":"https:\/\/distribucionarc.com\/sk\/producto\/maquina-de-tabletas-solubles-de-refuerzo-vitaminico\/#primaryimage"},"thumbnailUrl":"https:\/\/distribucionarc.com\/wp-content\/uploads\/2024\/04\/MAQUINA-DE-TABLETAS-SOLUBLES-DE-REFUERZO-VITAMINICO-1.jpg","datePublished":"2024-04-24T16:26:54+00:00","dateModified":"2024-04-24T16:48:05+00:00","breadcrumb":{"@id":"https:\/\/distribucionarc.com\/sk\/producto\/maquina-de-tabletas-solubles-de-refuerzo-vitaminico\/#breadcrumb"},"inLanguage":"nb-NO","potentialAction":[{"@type":"ReadAction","target":["https:\/\/distribucionarc.com\/sk\/producto\/maquina-de-tabletas-solubles-de-refuerzo-vitaminico\/"]}]},{"@type":"ImageObject","inLanguage":"nb-NO","@id":"https:\/\/distribucionarc.com\/sk\/producto\/maquina-de-tabletas-solubles-de-refuerzo-vitaminico\/#primaryimage","url":"https:\/\/distribucionarc.com\/wp-content\/uploads\/2024\/04\/MAQUINA-DE-TABLETAS-SOLUBLES-DE-REFUERZO-VITAMINICO-1.jpg","contentUrl":"https:\/\/distribucionarc.com\/wp-content\/uploads\/2024\/04\/MAQUINA-DE-TABLETAS-SOLUBLES-DE-REFUERZO-VITAMINICO-1.jpg","width":368,"height":465,"caption":"#image_title"},{"@type":"BreadcrumbList","@id":"https:\/\/distribucionarc.com\/sk\/producto\/maquina-de-tabletas-solubles-de-refuerzo-vitaminico\/#breadcrumb","itemListElement":[{"@type":"ListItem","position":1,"name":"Portada","item":"https:\/\/distribucionarc.com\/pl\/"},{"@type":"ListItem","position":2,"name":"Produkty","item":"https:\/\/distribucionarc.com\/pl\/shop\/"},{"@type":"ListItem","position":3,"name":"MAQUINA DE TABLETAS SOLUBLES DE REFUERZO VITAMINICO"}]},{"@type":"WebSite","@id":"https:\/\/distribucionarc.com\/de\/#website","url":"https:\/\/distribucionarc.com\/de\/","name":"ARC distribusjon","description":"Selskapet har spesialisert seg p\u00e5 produksjon og distribusjon av industrimaskiner, hermetikkboksforseglingsmaskiner, tablettmaskiner, kj\u00f8ttskj\u00e6remaskiner og...","publisher":{"@id":"https:\/\/distribucionarc.com\/de\/#organization"},"potentialAction":[{"@type":"SearchAction","target":{"@type":"EntryPoint","urlTemplate":"https:\/\/distribucionarc.com\/de\/?s={search_term_string}"},"query-input":{"@type":"PropertyValueSpecification","valueRequired":true,"valueName":"search_term_string"}}],"inLanguage":"nb-NO"},{"@type":"Organization","@id":"https:\/\/distribucionarc.com\/de\/#organization","name":"ARC distribusjon","url":"https:\/\/distribucionarc.com\/de\/","logo":{"@type":"ImageObject","inLanguage":"nb-NO","@id":"https:\/\/distribucionarc.com\/de\/#\/schema\/logo\/image\/","url":"https:\/\/distribucionarc.com\/wp-content\/uploads\/2024\/10\/distribucion-ARC-COLOR-SIN-FONDO-e1732295305345.png","contentUrl":"https:\/\/distribucionarc.com\/wp-content\/uploads\/2024\/10\/distribucion-ARC-COLOR-SIN-FONDO-e1732295305345.png","width":1164,"height":558,"caption":"Distribuci\u00f3n ARC"},"image":{"@id":"https:\/\/distribucionarc.com\/de\/#\/schema\/logo\/image\/"},"description":"Selskap som har spesialisert seg p\u00e5 produksjon og distribusjon av industrimaskiner til n\u00e6ringsmiddel- og farmasisektoren. Vi er spesialister p\u00e5: Kj\u00f8ttskj\u00e6remaskiner Tablettilvirkning Industrielle transportsystemer Tappelinjer Dispensere Og mye mer... Vi tilbyr innovative og skreddersydde l\u00f8sninger for \u00e5 optimalisere bedriftens produksjonsprosesser.","email":"Admistracion@distribucionarc.com","telephone":"+34 643496664","legalName":"ARC TECH SOLUTIONS","foundingDate":"2024-04-09","vatID":"B55480172","numberOfEmployees":{"@type":"QuantitativeValue","minValue":"1","maxValue":"10"}}]}},"_links":{"self":[{"href":"https:\/\/distribucionarc.com\/nb\/wp-json\/wp\/v2\/product\/6625","targetHints":{"allow":["GET"]}}],"collection":[{"href":"https:\/\/distribucionarc.com\/nb\/wp-json\/wp\/v2\/product"}],"about":[{"href":"https:\/\/distribucionarc.com\/nb\/wp-json\/wp\/v2\/types\/product"}],"replies":[{"embeddable":true,"href":"https:\/\/distribucionarc.com\/nb\/wp-json\/wp\/v2\/comments?post=6625"}],"version-history":[{"count":0,"href":"https:\/\/distribucionarc.com\/nb\/wp-json\/wp\/v2\/product\/6625\/revisions"}],"wp:featuredmedia":[{"embeddable":true,"href":"https:\/\/distribucionarc.com\/nb\/wp-json\/wp\/v2\/media\/6634"}],"wp:attachment":[{"href":"https:\/\/distribucionarc.com\/nb\/wp-json\/wp\/v2\/media?parent=6625"}],"wp:term":[{"taxonomy":"product_brand","embeddable":true,"href":"https:\/\/distribucionarc.com\/nb\/wp-json\/wp\/v2\/product_brand?post=6625"},{"taxonomy":"product_cat","embeddable":true,"href":"https:\/\/distribucionarc.com\/nb\/wp-json\/wp\/v2\/product_cat?post=6625"},{"taxonomy":"product_tag","embeddable":true,"href":"https:\/\/distribucionarc.com\/nb\/wp-json\/wp\/v2\/product_tag?post=6625"}],"curies":[{"name":"wp","href":"https:\/\/api.w.org\/{rel}","templated":true}]}}