{"id":6641,"date":"2024-04-24T16:45:56","date_gmt":"2024-04-24T16:45:56","guid":{"rendered":"https:\/\/distribucionarc.com\/?post_type=product&#038;p=6641"},"modified":"2024-04-24T16:45:58","modified_gmt":"2024-04-24T16:45:58","slug":"dobbelpress-roterende-tablettmaskin-for-kosttilskudd","status":"publish","type":"product","link":"https:\/\/distribucionarc.com\/nb\/producto\/maquina-de-tabletas-rotativa-de-doble-prensa-para-complementos-dieteticos\/","title":{"rendered":"DOBBELTRYKKS ROTERENDE TABLETTMASKIN FOR KOSTTILSKUD"},"content":{"rendered":"<p>Oppdag v\u00e5r<strong> Dobbelpress roterende tablettmaskin for kosttilskudd<\/strong>! Omdanner pulver, granulat og korn til<strong> kosttilskudd tabletter<\/strong> med h\u00f8y kvalitet og ulike former. Trygg og hygienisk takket v\u00e6re lukket design og gjennomsiktig beskyttelsesdeksel. PLS-kontroll for presis drift. \u00d8k produksjonen og forbedre kvaliteten p\u00e5 produktene dine<strong> kosttilskudd<\/strong>. Optimaliser din produksjonsprosess med oss!<\/p>\n<p>&nbsp;<\/p>\n<table>\n<tbody>\n<tr>\n<td width=\"189\">Modell<\/td>\n<td width=\"189\">ZARPW-21D<\/td>\n<td width=\"189\">ZARPW-19D<\/td>\n<\/tr>\n<tr>\n<td width=\"189\">Punching dies<\/td>\n<td width=\"189\">21<\/td>\n<td width=\"189\">19<\/td>\n<\/tr>\n<tr>\n<td width=\"189\">Maks trykk (kN)<\/td>\n<td width=\"189\">100<\/td>\n<td width=\"189\">100<\/td>\n<\/tr>\n<tr>\n<td width=\"189\">Maks nettbrettdiameter (mm)<\/td>\n<td width=\"189\">40<\/td>\n<td width=\"189\">40<\/td>\n<\/tr>\n<tr>\n<td width=\"189\">Maks fyllingsdybde (mm)<\/td>\n<td width=\"189\">25<\/td>\n<td width=\"189\">30<\/td>\n<\/tr>\n<tr>\n<td width=\"189\">Maks tykkelse p\u00e5 nettbrettet (mm)<\/td>\n<td width=\"189\">12<\/td>\n<td width=\"189\">15<\/td>\n<\/tr>\n<tr>\n<td width=\"189\">Turrethastighet (r\/min)<\/td>\n<td width=\"189\">0-30<\/td>\n<td width=\"189\">0-30<\/td>\n<\/tr>\n<tr>\n<td width=\"189\">Produksjonskapasitet (stk\/t)<\/td>\n<td width=\"189\">25500<\/td>\n<td width=\"189\">20500<\/td>\n<\/tr>\n<tr>\n<td width=\"189\">Motorkraft<\/td>\n<td width=\"189\">5.5<\/td>\n<td width=\"189\">5.5<\/td>\n<\/tr>\n<tr>\n<td width=\"189\">Total st\u00f8rrelse (mm)<\/td>\n<td width=\"189\">1500*<\/p>\n<p>1300*<\/p>\n<p>1650*<\/td>\n<td width=\"189\">1230*<\/p>\n<p>950*<\/p>\n<p>1900*<\/td>\n<\/tr>\n<tr>\n<td width=\"189\">Egenvekt kg<\/td>\n<td width=\"189\">1850<\/td>\n<td width=\"189\">2500<\/td>\n<\/tr>\n<\/tbody>\n<\/table>","protected":false},"excerpt":{"rendered":"<p>Oppdag v\u00e5r roterende tablettmaskin med dobbelt trykk for kosttilskudd! Omdanner pulver, granulat og korn til tabletter<\/p>","protected":false},"featured_media":6644,"comment_status":"open","ping_status":"closed","template":"","meta":{"wds_primary_product_brand":0,"wds_primary_product_cat":0},"product_brand":[],"product_cat":[84],"product_tag":[],"class_list":{"0":"post-6641","1":"product","2":"type-product","3":"status-publish","4":"has-post-thumbnail","6":"product_cat-maquinas-para-hacer-pastillas","8":"first","9":"instock","10":"taxable","11":"shipping-taxable","12":"purchasable","13":"product-type-simple"},"yoast_head":"<!-- This site is optimized with the Yoast SEO Premium plugin v24.9 (Yoast SEO v26.1) - https:\/\/yoast.com\/wordpress\/plugins\/seo\/ -->\n<title>MAQUINA DE TABLETAS ROTATIVA DE DOBLE PRENSA PARA COMPLEMENTOS DIETETICOS - distribuci\u00f3n ARC<\/title>\n<meta name=\"robots\" content=\"index, follow, max-snippet:-1, max-image-preview:large, max-video-preview:-1\" \/>\n<link rel=\"canonical\" href=\"https:\/\/www.distribucionarc.com\/pt\/producto\/maquina-de-tabletas-rotativa-de-doble-prensa-para-complementos-dieteticos\/\" \/>\n<meta property=\"og:locale\" content=\"nb_NO\" \/>\n<meta property=\"og:type\" content=\"article\" \/>\n<meta property=\"og:title\" content=\"MAQUINA DE TABLETAS ROTATIVA DE DOBLE PRENSA PARA COMPLEMENTOS DIETETICOS\" \/>\n<meta property=\"og:description\" content=\"\u00a1Descubre nuestra m\u00e1quina de tabletas rotativa de doble prensa para complementos diet\u00e9ticos! Convierte polvo, gr\u00e1nulos y granos en tabletas de\" \/>\n<meta property=\"og:url\" content=\"https:\/\/www.distribucionarc.com\/pt\/producto\/maquina-de-tabletas-rotativa-de-doble-prensa-para-complementos-dieteticos\/\" \/>\n<meta property=\"og:site_name\" content=\"distribuci\u00f3n ARC\" \/>\n<meta property=\"article:modified_time\" content=\"2024-04-24T16:45:58+00:00\" \/>\n<meta property=\"og:image\" content=\"https:\/\/www.distribucionarc.com\/wp-content\/uploads\/2024\/04\/MAQUINA-DE-TABLETAS-ROTATIVA-DE-DOBLE-PRENSA-PARA-COMPLEMENTOS-DIETETICOS-fotor-20240424184144.jpg\" \/>\n\t<meta property=\"og:image:width\" content=\"688\" \/>\n\t<meta property=\"og:image:height\" content=\"944\" \/>\n\t<meta property=\"og:image:type\" content=\"image\/jpeg\" \/>\n<meta name=\"twitter:card\" content=\"summary_large_image\" \/>\n<meta name=\"twitter:label1\" content=\"Ansl. lesetid\" \/>\n\t<meta name=\"twitter:data1\" content=\"1 minutt\" \/>\n<script type=\"application\/ld+json\" class=\"yoast-schema-graph\">{\"@context\":\"https:\/\/schema.org\",\"@graph\":[{\"@type\":\"WebPage\",\"@id\":\"https:\/\/www.distribucionarc.com\/pt\/producto\/maquina-de-tabletas-rotativa-de-doble-prensa-para-complementos-dieteticos\/\",\"url\":\"https:\/\/www.distribucionarc.com\/pt\/producto\/maquina-de-tabletas-rotativa-de-doble-prensa-para-complementos-dieteticos\/\",\"name\":\"MAQUINA DE TABLETAS ROTATIVA DE DOBLE PRENSA PARA COMPLEMENTOS DIETETICOS - distribuci\u00f3n ARC\",\"isPartOf\":{\"@id\":\"https:\/\/distribucionarc.com\/de\/#website\"},\"primaryImageOfPage\":{\"@id\":\"https:\/\/www.distribucionarc.com\/pt\/producto\/maquina-de-tabletas-rotativa-de-doble-prensa-para-complementos-dieteticos\/#primaryimage\"},\"image\":{\"@id\":\"https:\/\/www.distribucionarc.com\/pt\/producto\/maquina-de-tabletas-rotativa-de-doble-prensa-para-complementos-dieteticos\/#primaryimage\"},\"thumbnailUrl\":\"https:\/\/distribucionarc.com\/wp-content\/uploads\/2024\/04\/MAQUINA-DE-TABLETAS-ROTATIVA-DE-DOBLE-PRENSA-PARA-COMPLEMENTOS-DIETETICOS-fotor-20240424184144.jpg\",\"datePublished\":\"2024-04-24T16:45:56+00:00\",\"dateModified\":\"2024-04-24T16:45:58+00:00\",\"breadcrumb\":{\"@id\":\"https:\/\/www.distribucionarc.com\/pt\/producto\/maquina-de-tabletas-rotativa-de-doble-prensa-para-complementos-dieteticos\/#breadcrumb\"},\"inLanguage\":\"nb-NO\",\"potentialAction\":[{\"@type\":\"ReadAction\",\"target\":[\"https:\/\/www.distribucionarc.com\/pt\/producto\/maquina-de-tabletas-rotativa-de-doble-prensa-para-complementos-dieteticos\/\"]}]},{\"@type\":\"ImageObject\",\"inLanguage\":\"nb-NO\",\"@id\":\"https:\/\/www.distribucionarc.com\/pt\/producto\/maquina-de-tabletas-rotativa-de-doble-prensa-para-complementos-dieteticos\/#primaryimage\",\"url\":\"https:\/\/distribucionarc.com\/wp-content\/uploads\/2024\/04\/MAQUINA-DE-TABLETAS-ROTATIVA-DE-DOBLE-PRENSA-PARA-COMPLEMENTOS-DIETETICOS-fotor-20240424184144.jpg\",\"contentUrl\":\"https:\/\/distribucionarc.com\/wp-content\/uploads\/2024\/04\/MAQUINA-DE-TABLETAS-ROTATIVA-DE-DOBLE-PRENSA-PARA-COMPLEMENTOS-DIETETICOS-fotor-20240424184144.jpg\",\"width\":688,\"height\":944,\"caption\":\"#image_title\"},{\"@type\":\"BreadcrumbList\",\"@id\":\"https:\/\/www.distribucionarc.com\/pt\/producto\/maquina-de-tabletas-rotativa-de-doble-prensa-para-complementos-dieteticos\/#breadcrumb\",\"itemListElement\":[{\"@type\":\"ListItem\",\"position\":1,\"name\":\"Portada\",\"item\":\"https:\/\/distribucionarc.com\/pl\/\"},{\"@type\":\"ListItem\",\"position\":2,\"name\":\"Produkty\",\"item\":\"https:\/\/distribucionarc.com\/pl\/shop\/\"},{\"@type\":\"ListItem\",\"position\":3,\"name\":\"MAQUINA DE TABLETAS ROTATIVA DE DOBLE PRENSA PARA COMPLEMENTOS DIETETICOS\"}]},{\"@type\":\"WebSite\",\"@id\":\"https:\/\/distribucionarc.com\/de\/#website\",\"url\":\"https:\/\/distribucionarc.com\/de\/\",\"name\":\"distribuci\u00f3n ARC\",\"description\":\"Empresa especializada en la fabricaci\u00f3n y distribuci\u00f3n de maquinaria industrial, selladoras de latas, Maquinas de hacer pastillas, Maquinas de cortar carne...\",\"publisher\":{\"@id\":\"https:\/\/distribucionarc.com\/de\/#organization\"},\"potentialAction\":[{\"@type\":\"SearchAction\",\"target\":{\"@type\":\"EntryPoint\",\"urlTemplate\":\"https:\/\/distribucionarc.com\/de\/?s={search_term_string}\"},\"query-input\":{\"@type\":\"PropertyValueSpecification\",\"valueRequired\":true,\"valueName\":\"search_term_string\"}}],\"inLanguage\":\"nb-NO\"},{\"@type\":\"Organization\",\"@id\":\"https:\/\/distribucionarc.com\/de\/#organization\",\"name\":\"Distribuci\u00f3n ARC\",\"url\":\"https:\/\/distribucionarc.com\/de\/\",\"logo\":{\"@type\":\"ImageObject\",\"inLanguage\":\"nb-NO\",\"@id\":\"https:\/\/distribucionarc.com\/de\/#\/schema\/logo\/image\/\",\"url\":\"https:\/\/distribucionarc.com\/wp-content\/uploads\/2024\/10\/distribucion-ARC-COLOR-SIN-FONDO-e1732295305345.png\",\"contentUrl\":\"https:\/\/distribucionarc.com\/wp-content\/uploads\/2024\/10\/distribucion-ARC-COLOR-SIN-FONDO-e1732295305345.png\",\"width\":1164,\"height\":558,\"caption\":\"Distribuci\u00f3n ARC\"},\"image\":{\"@id\":\"https:\/\/distribucionarc.com\/de\/#\/schema\/logo\/image\/\"},\"description\":\"Empresa especializada en la fabricaci\u00f3n y distribuci\u00f3n de maquinaria industrial para los sectores alimentario y farmac\u00e9utico. Nos especializamos en: M\u00e1quinas de cortar carne Fabricaci\u00f3n de comprimidos Sistemas de transporte industrial L\u00edneas de embotellado Dosificadores Y mucho m\u00e1s... Ofrecemos soluciones innovadoras y personalizadas para optimizar los procesos productivos de tu empresa.\",\"email\":\"Admistracion@distribucionarc.com\",\"telephone\":\"+34 643496664\",\"legalName\":\"ARC TECH SOLUTIONS\",\"foundingDate\":\"2024-04-09\",\"vatID\":\"B55480172\",\"numberOfEmployees\":{\"@type\":\"QuantitativeValue\",\"minValue\":\"1\",\"maxValue\":\"10\"}}]}<\/script>\n<!-- \/ Yoast SEO Premium plugin. -->","yoast_head_json":{"title":"DOBBELTRYKKS ROTERENDE TABLETTMASKIN FOR KOSTTILSKUD \u2013 ARC distribusjon","robots":{"index":"index","follow":"follow","max-snippet":"max-snippet:-1","max-image-preview":"max-image-preview:large","max-video-preview":"max-video-preview:-1"},"canonical":"https:\/\/www.distribucionarc.com\/pt\/producto\/maquina-de-tabletas-rotativa-de-doble-prensa-para-complementos-dieteticos\/","og_locale":"nb_NO","og_type":"article","og_title":"MAQUINA DE TABLETAS ROTATIVA DE DOBLE PRENSA PARA COMPLEMENTOS DIETETICOS","og_description":"\u00a1Descubre nuestra m\u00e1quina de tabletas rotativa de doble prensa para complementos diet\u00e9ticos! Convierte polvo, gr\u00e1nulos y granos en tabletas de","og_url":"https:\/\/www.distribucionarc.com\/pt\/producto\/maquina-de-tabletas-rotativa-de-doble-prensa-para-complementos-dieteticos\/","og_site_name":"distribuci\u00f3n ARC","article_modified_time":"2024-04-24T16:45:58+00:00","og_image":[{"width":688,"height":944,"url":"https:\/\/www.distribucionarc.com\/wp-content\/uploads\/2024\/04\/MAQUINA-DE-TABLETAS-ROTATIVA-DE-DOBLE-PRENSA-PARA-COMPLEMENTOS-DIETETICOS-fotor-20240424184144.jpg","type":"image\/jpeg"}],"twitter_card":"summary_large_image","twitter_misc":{"Ansl. lesetid":"1 minutt"},"schema":{"@context":"https:\/\/schema.org","@graph":[{"@type":"WebPage","@id":"https:\/\/www.distribucionarc.com\/pt\/producto\/maquina-de-tabletas-rotativa-de-doble-prensa-para-complementos-dieteticos\/","url":"https:\/\/www.distribucionarc.com\/pt\/producto\/maquina-de-tabletas-rotativa-de-doble-prensa-para-complementos-dieteticos\/","name":"DOBBELTRYKKS ROTERENDE TABLETTMASKIN FOR KOSTTILSKUD \u2013 ARC distribusjon","isPartOf":{"@id":"https:\/\/distribucionarc.com\/de\/#website"},"primaryImageOfPage":{"@id":"https:\/\/www.distribucionarc.com\/pt\/producto\/maquina-de-tabletas-rotativa-de-doble-prensa-para-complementos-dieteticos\/#primaryimage"},"image":{"@id":"https:\/\/www.distribucionarc.com\/pt\/producto\/maquina-de-tabletas-rotativa-de-doble-prensa-para-complementos-dieteticos\/#primaryimage"},"thumbnailUrl":"https:\/\/distribucionarc.com\/wp-content\/uploads\/2024\/04\/MAQUINA-DE-TABLETAS-ROTATIVA-DE-DOBLE-PRENSA-PARA-COMPLEMENTOS-DIETETICOS-fotor-20240424184144.jpg","datePublished":"2024-04-24T16:45:56+00:00","dateModified":"2024-04-24T16:45:58+00:00","breadcrumb":{"@id":"https:\/\/www.distribucionarc.com\/pt\/producto\/maquina-de-tabletas-rotativa-de-doble-prensa-para-complementos-dieteticos\/#breadcrumb"},"inLanguage":"nb-NO","potentialAction":[{"@type":"ReadAction","target":["https:\/\/www.distribucionarc.com\/pt\/producto\/maquina-de-tabletas-rotativa-de-doble-prensa-para-complementos-dieteticos\/"]}]},{"@type":"ImageObject","inLanguage":"nb-NO","@id":"https:\/\/www.distribucionarc.com\/pt\/producto\/maquina-de-tabletas-rotativa-de-doble-prensa-para-complementos-dieteticos\/#primaryimage","url":"https:\/\/distribucionarc.com\/wp-content\/uploads\/2024\/04\/MAQUINA-DE-TABLETAS-ROTATIVA-DE-DOBLE-PRENSA-PARA-COMPLEMENTOS-DIETETICOS-fotor-20240424184144.jpg","contentUrl":"https:\/\/distribucionarc.com\/wp-content\/uploads\/2024\/04\/MAQUINA-DE-TABLETAS-ROTATIVA-DE-DOBLE-PRENSA-PARA-COMPLEMENTOS-DIETETICOS-fotor-20240424184144.jpg","width":688,"height":944,"caption":"#image_title"},{"@type":"BreadcrumbList","@id":"https:\/\/www.distribucionarc.com\/pt\/producto\/maquina-de-tabletas-rotativa-de-doble-prensa-para-complementos-dieteticos\/#breadcrumb","itemListElement":[{"@type":"ListItem","position":1,"name":"Portada","item":"https:\/\/distribucionarc.com\/pl\/"},{"@type":"ListItem","position":2,"name":"Produkty","item":"https:\/\/distribucionarc.com\/pl\/shop\/"},{"@type":"ListItem","position":3,"name":"MAQUINA DE TABLETAS ROTATIVA DE DOBLE PRENSA PARA COMPLEMENTOS DIETETICOS"}]},{"@type":"WebSite","@id":"https:\/\/distribucionarc.com\/de\/#website","url":"https:\/\/distribucionarc.com\/de\/","name":"ARC distribusjon","description":"Selskapet har spesialisert seg p\u00e5 produksjon og distribusjon av industrimaskiner, hermetikkboksforseglingsmaskiner, tablettmaskiner, kj\u00f8ttskj\u00e6remaskiner og...","publisher":{"@id":"https:\/\/distribucionarc.com\/de\/#organization"},"potentialAction":[{"@type":"SearchAction","target":{"@type":"EntryPoint","urlTemplate":"https:\/\/distribucionarc.com\/de\/?s={search_term_string}"},"query-input":{"@type":"PropertyValueSpecification","valueRequired":true,"valueName":"search_term_string"}}],"inLanguage":"nb-NO"},{"@type":"Organization","@id":"https:\/\/distribucionarc.com\/de\/#organization","name":"ARC distribusjon","url":"https:\/\/distribucionarc.com\/de\/","logo":{"@type":"ImageObject","inLanguage":"nb-NO","@id":"https:\/\/distribucionarc.com\/de\/#\/schema\/logo\/image\/","url":"https:\/\/distribucionarc.com\/wp-content\/uploads\/2024\/10\/distribucion-ARC-COLOR-SIN-FONDO-e1732295305345.png","contentUrl":"https:\/\/distribucionarc.com\/wp-content\/uploads\/2024\/10\/distribucion-ARC-COLOR-SIN-FONDO-e1732295305345.png","width":1164,"height":558,"caption":"Distribuci\u00f3n ARC"},"image":{"@id":"https:\/\/distribucionarc.com\/de\/#\/schema\/logo\/image\/"},"description":"Selskap som har spesialisert seg p\u00e5 produksjon og distribusjon av industrimaskiner til n\u00e6ringsmiddel- og farmasisektoren. Vi er spesialister p\u00e5: Kj\u00f8ttskj\u00e6remaskiner Tablettilvirkning Industrielle transportsystemer Tappelinjer Dispensere Og mye mer... Vi tilbyr innovative og skreddersydde l\u00f8sninger for \u00e5 optimalisere bedriftens produksjonsprosesser.","email":"Admistracion@distribucionarc.com","telephone":"+34 643496664","legalName":"ARC TECH SOLUTIONS","foundingDate":"2024-04-09","vatID":"B55480172","numberOfEmployees":{"@type":"QuantitativeValue","minValue":"1","maxValue":"10"}}]}},"_links":{"self":[{"href":"https:\/\/distribucionarc.com\/nb\/wp-json\/wp\/v2\/product\/6641","targetHints":{"allow":["GET"]}}],"collection":[{"href":"https:\/\/distribucionarc.com\/nb\/wp-json\/wp\/v2\/product"}],"about":[{"href":"https:\/\/distribucionarc.com\/nb\/wp-json\/wp\/v2\/types\/product"}],"replies":[{"embeddable":true,"href":"https:\/\/distribucionarc.com\/nb\/wp-json\/wp\/v2\/comments?post=6641"}],"version-history":[{"count":0,"href":"https:\/\/distribucionarc.com\/nb\/wp-json\/wp\/v2\/product\/6641\/revisions"}],"wp:featuredmedia":[{"embeddable":true,"href":"https:\/\/distribucionarc.com\/nb\/wp-json\/wp\/v2\/media\/6644"}],"wp:attachment":[{"href":"https:\/\/distribucionarc.com\/nb\/wp-json\/wp\/v2\/media?parent=6641"}],"wp:term":[{"taxonomy":"product_brand","embeddable":true,"href":"https:\/\/distribucionarc.com\/nb\/wp-json\/wp\/v2\/product_brand?post=6641"},{"taxonomy":"product_cat","embeddable":true,"href":"https:\/\/distribucionarc.com\/nb\/wp-json\/wp\/v2\/product_cat?post=6641"},{"taxonomy":"product_tag","embeddable":true,"href":"https:\/\/distribucionarc.com\/nb\/wp-json\/wp\/v2\/product_tag?post=6641"}],"curies":[{"name":"wp","href":"https:\/\/api.w.org\/{rel}","templated":true}]}}