{"id":6686,"date":"2024-04-24T19:17:37","date_gmt":"2024-04-24T19:17:37","guid":{"rendered":"https:\/\/distribucionarc.com\/?post_type=product&#038;p=6686"},"modified":"2024-04-24T19:17:39","modified_gmt":"2024-04-24T19:17:39","slug":"granulatormaskin-for-kosttilskuddstabletter","status":"publish","type":"product","link":"https:\/\/distribucionarc.com\/nb\/producto\/maquina-granuladora-para-comprimidos-de-suplementos-nutricionales\/","title":{"rendered":"GRANULERINGSMASKIN FOR N\u00c6RINGSTILLSATT TABLETTER"},"content":{"rendered":"<p>V\u00e5r <strong>ZARP roterende maskin<\/strong> Den er designet for din produksjon av<strong> kosttilskudd tabletter<\/strong> <strong>Pressemaskin<\/strong> fra pulver, granulat og sm\u00e5 korn til h\u00f8ykvalitetstabletter, perfekt for batchproduksjon. Juster hastighet, pulverfyllingsmengde og tykkelse p\u00e5 pulveret. <strong>komprimert<\/strong> i henhold til dine behov. Med mekanisk st\u00f8tdemper for \u00e5 forhindre skade p\u00e5 grunn av overbelastning. Optimaliser produksjonsprosessen med presisjon og effektivitet.<\/p>\n<p>&nbsp;<\/p>\n<table>\n<tbody>\n<tr>\n<td width=\"81\"><em>Modell<\/em><\/td>\n<td width=\"81\">ZARP-15<\/td>\n<td width=\"81\"><em>ZARP-17<\/em><\/td>\n<td width=\"81\"><em>ZARP-19<\/em><\/td>\n<td width=\"81\"><em>ZARP-29<\/em><\/td>\n<td width=\"81\"><em>ZARP-31<\/em><\/td>\n<td width=\"81\"><em>ZARP-33<\/em><\/td>\n<\/tr>\n<tr>\n<td width=\"81\">Punching dies<\/td>\n<td width=\"81\">15<\/td>\n<td width=\"81\">17<\/td>\n<td width=\"81\">19<\/td>\n<td width=\"81\">29<\/td>\n<td width=\"81\">31<\/td>\n<td width=\"81\">33<\/td>\n<\/tr>\n<tr>\n<td width=\"81\">Maks trykk (kN)<\/td>\n<td width=\"81\">80<\/td>\n<td width=\"81\">60<\/td>\n<td width=\"81\">60<\/td>\n<td width=\"81\">60<\/td>\n<td width=\"81\">60<\/td>\n<td width=\"81\">60<\/td>\n<\/tr>\n<tr>\n<td width=\"81\">Maksimal nettbrettdiameter (mm)<\/td>\n<td width=\"81\">25<\/td>\n<td width=\"81\">20<\/td>\n<td width=\"81\">13<\/td>\n<td width=\"81\">20<\/td>\n<td width=\"81\">20<\/td>\n<td width=\"81\">12<\/td>\n<\/tr>\n<tr>\n<td width=\"81\">Maksimal fyllingsdybde (mm)<\/td>\n<td width=\"81\">15 justerbar<\/td>\n<td width=\"81\">15 justerbar<\/td>\n<td width=\"81\">15 justerbar<\/td>\n<td width=\"81\">15 justerbar<\/td>\n<td width=\"81\">15 justerbar<\/td>\n<td width=\"81\">15 justerbar<\/td>\n<\/tr>\n<tr>\n<td width=\"81\">Maks tykkelse p\u00e5 nettbrettet (mm)<\/td>\n<td width=\"81\">6 justerbare<\/td>\n<td width=\"81\">6 justerbare<\/td>\n<td width=\"81\">6 justerbare<\/td>\n<td width=\"81\">6 justerbare<\/td>\n<td width=\"81\">6 justerbare<\/td>\n<td width=\"81\">6 justerbare<\/td>\n<\/tr>\n<tr>\n<td width=\"81\">Turrethastighet (r-min)<\/td>\n<td width=\"81\">0-35<\/td>\n<td width=\"81\">0-35<\/td>\n<td width=\"81\">0-35<\/td>\n<td width=\"81\">11-28<\/td>\n<td width=\"81\">11-28<\/td>\n<td width=\"81\">11-28<\/td>\n<\/tr>\n<tr>\n<td width=\"81\">Produksjonskapasitet (stk\/t)<\/td>\n<td width=\"81\">31500<\/td>\n<td width=\"81\">35700<\/td>\n<td width=\"81\">39900<\/td>\n<td width=\"81\">38280-97000<\/td>\n<td width=\"81\">40900-104000<\/td>\n<td width=\"81\">43000-110000<\/td>\n<\/tr>\n<tr>\n<td width=\"81\">Spenning (V)<\/td>\n<td width=\"81\">220V OG 380V<\/td>\n<td width=\"81\">220V OG 380V<\/td>\n<td width=\"81\">220V OG 380V<\/td>\n<td width=\"81\">220V OG 380V<\/td>\n<td width=\"81\">220V OG 380V<\/td>\n<td width=\"81\">220V OG 380V<\/td>\n<\/tr>\n<tr>\n<td width=\"81\">Motoreffekt (kw)<\/td>\n<td width=\"81\">2.2<\/td>\n<td width=\"81\">2.2<\/td>\n<td width=\"81\">2.2<\/td>\n<td width=\"81\">2.2<\/td>\n<td width=\"81\">2.2<\/td>\n<td width=\"81\">2.2<\/td>\n<\/tr>\n<tr>\n<td width=\"81\">Total st\u00f8rrelse (mm)<\/td>\n<td width=\"81\">760*<\/p>\n<p>750*<\/p>\n<p>1550*<\/td>\n<td width=\"81\">760*<\/p>\n<p>750*<\/p>\n<p>1550*<\/td>\n<td width=\"81\">950*<\/p>\n<p>960*<\/p>\n<p>1600*<\/td>\n<td width=\"81\">950*<\/p>\n<p>960*<\/p>\n<p>1600*<\/td>\n<td width=\"81\">950*<\/p>\n<p>960*<\/p>\n<p>1600*<\/td>\n<td width=\"81\">950*<\/p>\n<p>960*<\/p>\n<p>1600*<\/td>\n<\/tr>\n<tr>\n<td width=\"81\">Vekt kg<\/td>\n<td width=\"81\">500<\/td>\n<td width=\"81\">500<\/td>\n<td width=\"81\">500<\/td>\n<td width=\"81\">850<\/td>\n<td width=\"81\">850<\/td>\n<td width=\"81\">850<\/td>\n<\/tr>\n<\/tbody>\n<\/table>\n<p>&nbsp;<\/p>\n<p>&nbsp;<\/p>","protected":false},"excerpt":{"rendered":"<p>V\u00e5r ZARP rotasjonsmaskin er designet for produksjon av kosttilskuddstabletter, pulver, granulat og pressing av korn.<\/p>","protected":false},"featured_media":6694,"comment_status":"open","ping_status":"closed","template":"","meta":{"wds_primary_product_brand":0,"wds_primary_product_cat":0},"product_brand":[],"product_cat":[84],"product_tag":[],"class_list":{"0":"post-6686","1":"product","2":"type-product","3":"status-publish","4":"has-post-thumbnail","6":"product_cat-maquinas-para-hacer-pastillas","8":"first","9":"instock","10":"taxable","11":"shipping-taxable","12":"purchasable","13":"product-type-simple"},"yoast_head":"<!-- This site is optimized with the Yoast SEO Premium plugin v24.9 (Yoast SEO v26.1) - https:\/\/yoast.com\/wordpress\/plugins\/seo\/ -->\n<title>MAQUINA GRANULADORA PARA COMPRIMIDOS DE SUPLEMENTOS NUTRICIONALES - distribuci\u00f3n ARC<\/title>\n<meta name=\"robots\" content=\"index, follow, max-snippet:-1, max-image-preview:large, max-video-preview:-1\" \/>\n<link rel=\"canonical\" href=\"https:\/\/distribucionarc.com\/nb\/produkter\/granulatormaskin-for-kosttilskuddstabletter\/\" \/>\n<meta property=\"og:locale\" content=\"nb_NO\" \/>\n<meta property=\"og:type\" content=\"article\" \/>\n<meta property=\"og:title\" content=\"MAQUINA GRANULADORA PARA COMPRIMIDOS DE SUPLEMENTOS NUTRICIONALES\" \/>\n<meta property=\"og:description\" content=\"Nuestra m\u00e1quina rotativa ZARP esta dise\u00f1ada para tu producci\u00f3n de comprimidos de suplementos nutricionales prensadora de polvo, gr\u00e1nulos y granos\" \/>\n<meta property=\"og:url\" content=\"https:\/\/distribucionarc.com\/nb\/produkter\/granulatormaskin-for-kosttilskuddstabletter\/\" \/>\n<meta property=\"og:site_name\" content=\"distribuci\u00f3n ARC\" \/>\n<meta property=\"article:modified_time\" content=\"2024-04-24T19:17:39+00:00\" \/>\n<meta property=\"og:image\" content=\"https:\/\/distribucionarc.com\/wp-content\/uploads\/2024\/04\/MAQUINA-GRANULADORA-PARA-COMPRIMIDOS-DE-SUPLEMENTOS-NUTRICIONALES.jpg\" \/>\n\t<meta property=\"og:image:width\" content=\"816\" \/>\n\t<meta property=\"og:image:height\" content=\"824\" \/>\n\t<meta property=\"og:image:type\" content=\"image\/jpeg\" \/>\n<meta name=\"twitter:card\" content=\"summary_large_image\" \/>\n<meta name=\"twitter:label1\" content=\"Ansl. lesetid\" \/>\n\t<meta name=\"twitter:data1\" content=\"1 minutt\" \/>\n<script type=\"application\/ld+json\" class=\"yoast-schema-graph\">{\"@context\":\"https:\/\/schema.org\",\"@graph\":[{\"@type\":\"WebPage\",\"@id\":\"https:\/\/distribucionarc.com\/nb\/producto\/maquina-granuladora-para-comprimidos-de-suplementos-nutricionales\/\",\"url\":\"https:\/\/distribucionarc.com\/nb\/producto\/maquina-granuladora-para-comprimidos-de-suplementos-nutricionales\/\",\"name\":\"MAQUINA GRANULADORA PARA COMPRIMIDOS DE SUPLEMENTOS NUTRICIONALES - distribuci\u00f3n ARC\",\"isPartOf\":{\"@id\":\"https:\/\/distribucionarc.com\/de\/#website\"},\"primaryImageOfPage\":{\"@id\":\"https:\/\/distribucionarc.com\/nb\/producto\/maquina-granuladora-para-comprimidos-de-suplementos-nutricionales\/#primaryimage\"},\"image\":{\"@id\":\"https:\/\/distribucionarc.com\/nb\/producto\/maquina-granuladora-para-comprimidos-de-suplementos-nutricionales\/#primaryimage\"},\"thumbnailUrl\":\"https:\/\/distribucionarc.com\/wp-content\/uploads\/2024\/04\/MAQUINA-GRANULADORA-PARA-COMPRIMIDOS-DE-SUPLEMENTOS-NUTRICIONALES.jpg\",\"datePublished\":\"2024-04-24T19:17:37+00:00\",\"dateModified\":\"2024-04-24T19:17:39+00:00\",\"breadcrumb\":{\"@id\":\"https:\/\/distribucionarc.com\/nb\/producto\/maquina-granuladora-para-comprimidos-de-suplementos-nutricionales\/#breadcrumb\"},\"inLanguage\":\"nb-NO\",\"potentialAction\":[{\"@type\":\"ReadAction\",\"target\":[\"https:\/\/distribucionarc.com\/nb\/producto\/maquina-granuladora-para-comprimidos-de-suplementos-nutricionales\/\"]}]},{\"@type\":\"ImageObject\",\"inLanguage\":\"nb-NO\",\"@id\":\"https:\/\/distribucionarc.com\/nb\/producto\/maquina-granuladora-para-comprimidos-de-suplementos-nutricionales\/#primaryimage\",\"url\":\"https:\/\/distribucionarc.com\/wp-content\/uploads\/2024\/04\/MAQUINA-GRANULADORA-PARA-COMPRIMIDOS-DE-SUPLEMENTOS-NUTRICIONALES.jpg\",\"contentUrl\":\"https:\/\/distribucionarc.com\/wp-content\/uploads\/2024\/04\/MAQUINA-GRANULADORA-PARA-COMPRIMIDOS-DE-SUPLEMENTOS-NUTRICIONALES.jpg\",\"width\":816,\"height\":824,\"caption\":\"#image_title\"},{\"@type\":\"BreadcrumbList\",\"@id\":\"https:\/\/distribucionarc.com\/nb\/producto\/maquina-granuladora-para-comprimidos-de-suplementos-nutricionales\/#breadcrumb\",\"itemListElement\":[{\"@type\":\"ListItem\",\"position\":1,\"name\":\"Portada\",\"item\":\"https:\/\/distribucionarc.com\/pl\/\"},{\"@type\":\"ListItem\",\"position\":2,\"name\":\"Produkty\",\"item\":\"https:\/\/distribucionarc.com\/pl\/shop\/\"},{\"@type\":\"ListItem\",\"position\":3,\"name\":\"MAQUINA GRANULADORA PARA COMPRIMIDOS DE SUPLEMENTOS NUTRICIONALES\"}]},{\"@type\":\"WebSite\",\"@id\":\"https:\/\/distribucionarc.com\/de\/#website\",\"url\":\"https:\/\/distribucionarc.com\/de\/\",\"name\":\"distribuci\u00f3n ARC\",\"description\":\"Empresa especializada en la fabricaci\u00f3n y distribuci\u00f3n de maquinaria industrial, selladoras de latas, Maquinas de hacer pastillas, Maquinas de cortar carne...\",\"publisher\":{\"@id\":\"https:\/\/distribucionarc.com\/de\/#organization\"},\"potentialAction\":[{\"@type\":\"SearchAction\",\"target\":{\"@type\":\"EntryPoint\",\"urlTemplate\":\"https:\/\/distribucionarc.com\/de\/?s={search_term_string}\"},\"query-input\":{\"@type\":\"PropertyValueSpecification\",\"valueRequired\":true,\"valueName\":\"search_term_string\"}}],\"inLanguage\":\"nb-NO\"},{\"@type\":\"Organization\",\"@id\":\"https:\/\/distribucionarc.com\/de\/#organization\",\"name\":\"Distribuci\u00f3n ARC\",\"url\":\"https:\/\/distribucionarc.com\/de\/\",\"logo\":{\"@type\":\"ImageObject\",\"inLanguage\":\"nb-NO\",\"@id\":\"https:\/\/distribucionarc.com\/de\/#\/schema\/logo\/image\/\",\"url\":\"https:\/\/distribucionarc.com\/wp-content\/uploads\/2024\/10\/distribucion-ARC-COLOR-SIN-FONDO-e1732295305345.png\",\"contentUrl\":\"https:\/\/distribucionarc.com\/wp-content\/uploads\/2024\/10\/distribucion-ARC-COLOR-SIN-FONDO-e1732295305345.png\",\"width\":1164,\"height\":558,\"caption\":\"Distribuci\u00f3n ARC\"},\"image\":{\"@id\":\"https:\/\/distribucionarc.com\/de\/#\/schema\/logo\/image\/\"},\"description\":\"Empresa especializada en la fabricaci\u00f3n y distribuci\u00f3n de maquinaria industrial para los sectores alimentario y farmac\u00e9utico. Nos especializamos en: M\u00e1quinas de cortar carne Fabricaci\u00f3n de comprimidos Sistemas de transporte industrial L\u00edneas de embotellado Dosificadores Y mucho m\u00e1s... Ofrecemos soluciones innovadoras y personalizadas para optimizar los procesos productivos de tu empresa.\",\"email\":\"Admistracion@distribucionarc.com\",\"telephone\":\"+34 643496664\",\"legalName\":\"ARC TECH SOLUTIONS\",\"foundingDate\":\"2024-04-09\",\"vatID\":\"B55480172\",\"numberOfEmployees\":{\"@type\":\"QuantitativeValue\",\"minValue\":\"1\",\"maxValue\":\"10\"}}]}<\/script>\n<!-- \/ Yoast SEO Premium plugin. -->","yoast_head_json":{"title":"GRANULERINGSMASKIN FOR N\u00c6RINGSTILLSATT TABLETTER - ARC-fordeling","robots":{"index":"index","follow":"follow","max-snippet":"max-snippet:-1","max-image-preview":"max-image-preview:large","max-video-preview":"max-video-preview:-1"},"canonical":"https:\/\/distribucionarc.com\/nb\/produkter\/granulatormaskin-for-kosttilskuddstabletter\/","og_locale":"nb_NO","og_type":"article","og_title":"MAQUINA GRANULADORA PARA COMPRIMIDOS DE SUPLEMENTOS NUTRICIONALES","og_description":"Nuestra m\u00e1quina rotativa ZARP esta dise\u00f1ada para tu producci\u00f3n de comprimidos de suplementos nutricionales prensadora de polvo, gr\u00e1nulos y granos","og_url":"https:\/\/distribucionarc.com\/nb\/produkter\/granulatormaskin-for-kosttilskuddstabletter\/","og_site_name":"distribuci\u00f3n ARC","article_modified_time":"2024-04-24T19:17:39+00:00","og_image":[{"width":816,"height":824,"url":"https:\/\/distribucionarc.com\/wp-content\/uploads\/2024\/04\/MAQUINA-GRANULADORA-PARA-COMPRIMIDOS-DE-SUPLEMENTOS-NUTRICIONALES.jpg","type":"image\/jpeg"}],"twitter_card":"summary_large_image","twitter_misc":{"Ansl. lesetid":"1 minutt"},"schema":{"@context":"https:\/\/schema.org","@graph":[{"@type":"WebPage","@id":"https:\/\/distribucionarc.com\/nb\/producto\/maquina-granuladora-para-comprimidos-de-suplementos-nutricionales\/","url":"https:\/\/distribucionarc.com\/nb\/producto\/maquina-granuladora-para-comprimidos-de-suplementos-nutricionales\/","name":"GRANULERINGSMASKIN FOR N\u00c6RINGSTILLSATT TABLETTER - ARC-fordeling","isPartOf":{"@id":"https:\/\/distribucionarc.com\/de\/#website"},"primaryImageOfPage":{"@id":"https:\/\/distribucionarc.com\/nb\/producto\/maquina-granuladora-para-comprimidos-de-suplementos-nutricionales\/#primaryimage"},"image":{"@id":"https:\/\/distribucionarc.com\/nb\/producto\/maquina-granuladora-para-comprimidos-de-suplementos-nutricionales\/#primaryimage"},"thumbnailUrl":"https:\/\/distribucionarc.com\/wp-content\/uploads\/2024\/04\/MAQUINA-GRANULADORA-PARA-COMPRIMIDOS-DE-SUPLEMENTOS-NUTRICIONALES.jpg","datePublished":"2024-04-24T19:17:37+00:00","dateModified":"2024-04-24T19:17:39+00:00","breadcrumb":{"@id":"https:\/\/distribucionarc.com\/nb\/producto\/maquina-granuladora-para-comprimidos-de-suplementos-nutricionales\/#breadcrumb"},"inLanguage":"nb-NO","potentialAction":[{"@type":"ReadAction","target":["https:\/\/distribucionarc.com\/nb\/producto\/maquina-granuladora-para-comprimidos-de-suplementos-nutricionales\/"]}]},{"@type":"ImageObject","inLanguage":"nb-NO","@id":"https:\/\/distribucionarc.com\/nb\/producto\/maquina-granuladora-para-comprimidos-de-suplementos-nutricionales\/#primaryimage","url":"https:\/\/distribucionarc.com\/wp-content\/uploads\/2024\/04\/MAQUINA-GRANULADORA-PARA-COMPRIMIDOS-DE-SUPLEMENTOS-NUTRICIONALES.jpg","contentUrl":"https:\/\/distribucionarc.com\/wp-content\/uploads\/2024\/04\/MAQUINA-GRANULADORA-PARA-COMPRIMIDOS-DE-SUPLEMENTOS-NUTRICIONALES.jpg","width":816,"height":824,"caption":"#image_title"},{"@type":"BreadcrumbList","@id":"https:\/\/distribucionarc.com\/nb\/producto\/maquina-granuladora-para-comprimidos-de-suplementos-nutricionales\/#breadcrumb","itemListElement":[{"@type":"ListItem","position":1,"name":"Portada","item":"https:\/\/distribucionarc.com\/pl\/"},{"@type":"ListItem","position":2,"name":"Produkty","item":"https:\/\/distribucionarc.com\/pl\/shop\/"},{"@type":"ListItem","position":3,"name":"MAQUINA GRANULADORA PARA COMPRIMIDOS DE SUPLEMENTOS NUTRICIONALES"}]},{"@type":"WebSite","@id":"https:\/\/distribucionarc.com\/de\/#website","url":"https:\/\/distribucionarc.com\/de\/","name":"ARC distribusjon","description":"Selskapet har spesialisert seg p\u00e5 produksjon og distribusjon av industrimaskiner, hermetikkboksforseglingsmaskiner, tablettmaskiner, kj\u00f8ttskj\u00e6remaskiner og...","publisher":{"@id":"https:\/\/distribucionarc.com\/de\/#organization"},"potentialAction":[{"@type":"SearchAction","target":{"@type":"EntryPoint","urlTemplate":"https:\/\/distribucionarc.com\/de\/?s={search_term_string}"},"query-input":{"@type":"PropertyValueSpecification","valueRequired":true,"valueName":"search_term_string"}}],"inLanguage":"nb-NO"},{"@type":"Organization","@id":"https:\/\/distribucionarc.com\/de\/#organization","name":"ARC distribusjon","url":"https:\/\/distribucionarc.com\/de\/","logo":{"@type":"ImageObject","inLanguage":"nb-NO","@id":"https:\/\/distribucionarc.com\/de\/#\/schema\/logo\/image\/","url":"https:\/\/distribucionarc.com\/wp-content\/uploads\/2024\/10\/distribucion-ARC-COLOR-SIN-FONDO-e1732295305345.png","contentUrl":"https:\/\/distribucionarc.com\/wp-content\/uploads\/2024\/10\/distribucion-ARC-COLOR-SIN-FONDO-e1732295305345.png","width":1164,"height":558,"caption":"Distribuci\u00f3n ARC"},"image":{"@id":"https:\/\/distribucionarc.com\/de\/#\/schema\/logo\/image\/"},"description":"Selskap som har spesialisert seg p\u00e5 produksjon og distribusjon av industrimaskiner til n\u00e6ringsmiddel- og farmasisektoren. Vi er spesialister p\u00e5: Kj\u00f8ttskj\u00e6remaskiner Tablettilvirkning Industrielle transportsystemer Tappelinjer Dispensere Og mye mer... Vi tilbyr innovative og skreddersydde l\u00f8sninger for \u00e5 optimalisere bedriftens produksjonsprosesser.","email":"Admistracion@distribucionarc.com","telephone":"+34 643496664","legalName":"ARC TECH SOLUTIONS","foundingDate":"2024-04-09","vatID":"B55480172","numberOfEmployees":{"@type":"QuantitativeValue","minValue":"1","maxValue":"10"}}]}},"_links":{"self":[{"href":"https:\/\/distribucionarc.com\/nb\/wp-json\/wp\/v2\/product\/6686","targetHints":{"allow":["GET"]}}],"collection":[{"href":"https:\/\/distribucionarc.com\/nb\/wp-json\/wp\/v2\/product"}],"about":[{"href":"https:\/\/distribucionarc.com\/nb\/wp-json\/wp\/v2\/types\/product"}],"replies":[{"embeddable":true,"href":"https:\/\/distribucionarc.com\/nb\/wp-json\/wp\/v2\/comments?post=6686"}],"version-history":[{"count":0,"href":"https:\/\/distribucionarc.com\/nb\/wp-json\/wp\/v2\/product\/6686\/revisions"}],"wp:featuredmedia":[{"embeddable":true,"href":"https:\/\/distribucionarc.com\/nb\/wp-json\/wp\/v2\/media\/6694"}],"wp:attachment":[{"href":"https:\/\/distribucionarc.com\/nb\/wp-json\/wp\/v2\/media?parent=6686"}],"wp:term":[{"taxonomy":"product_brand","embeddable":true,"href":"https:\/\/distribucionarc.com\/nb\/wp-json\/wp\/v2\/product_brand?post=6686"},{"taxonomy":"product_cat","embeddable":true,"href":"https:\/\/distribucionarc.com\/nb\/wp-json\/wp\/v2\/product_cat?post=6686"},{"taxonomy":"product_tag","embeddable":true,"href":"https:\/\/distribucionarc.com\/nb\/wp-json\/wp\/v2\/product_tag?post=6686"}],"curies":[{"name":"wp","href":"https:\/\/api.w.org\/{rel}","templated":true}]}}