{"id":6764,"date":"2024-04-25T16:46:42","date_gmt":"2024-04-25T16:46:42","guid":{"rendered":"https:\/\/distribucionarc.com\/?post_type=product&#038;p=6764"},"modified":"2024-04-25T16:59:56","modified_gmt":"2024-04-25T16:59:56","slug":"tablettformingsmaskin-med-utvidet-utgivelse","status":"publish","type":"product","link":"https:\/\/distribucionarc.com\/nb\/producto\/maquina-formadora-de-tabletas-de-liberacion-prolongada\/","title":{"rendered":"TABLETTFORMINGSMASKIN MED UTVIDET UTGIFT"},"content":{"rendered":"<p>Introduserer det revolusjon\u00e6re<strong> Roterende tablettbehandlingsmaskin for tabletter med utvidet utgivelse,<\/strong> Designet for presis produksjon av<strong> tabletter<\/strong> med ulike former i farmas\u00f8ytisk industri. Denne maskinen gir eksepsjonell ytelse n\u00e5r du presser pulver, korn og granulat inn <strong>nettbrett,<\/strong>\u00a0sikre effektiviteten til medisiner. Oppdag fortreffelighet innen produksjon <strong>tabletter med utvidet utgivelse med Rotary Processing Machine,<\/strong> en p\u00e5litelig og effektiv investering for \u00e5 m\u00f8te de mest krevende behovene i det farmas\u00f8ytiske markedet.<\/p>\n<p>&nbsp;<\/p>\n<table>\n<tbody>\n<tr>\n<td width=\"142\">Modell<\/td>\n<td width=\"142\">ZARP-5B<\/td>\n<td width=\"142\">ZARP-7B<\/td>\n<td width=\"142\">ZARP-9B<\/td>\n<\/tr>\n<tr>\n<td width=\"142\">Spill<\/td>\n<td width=\"142\">5<\/td>\n<td width=\"142\">7<\/td>\n<td width=\"142\">9<\/td>\n<\/tr>\n<tr>\n<td width=\"142\">Maks trykk (tonn)<\/td>\n<td width=\"142\">60<\/td>\n<td width=\"142\">60<\/td>\n<td width=\"142\">60<\/td>\n<\/tr>\n<tr>\n<td width=\"142\">Maks diameter av nettbrettet (mm)<\/td>\n<td width=\"142\">20<\/td>\n<td width=\"142\">20<\/td>\n<td width=\"142\">20<\/td>\n<\/tr>\n<tr>\n<td width=\"142\">Maksimal fyllingsdybde (mm)<\/td>\n<td width=\"142\">15<\/td>\n<td width=\"142\">15<\/td>\n<td width=\"142\">15<\/td>\n<\/tr>\n<tr>\n<td width=\"142\">Turrethastighet (r\/min)<\/td>\n<td width=\"142\">30<\/td>\n<td width=\"142\">30<\/td>\n<td width=\"142\">30<\/td>\n<\/tr>\n<tr>\n<td width=\"142\">Produksjonskapasitet (stk\/t)<\/td>\n<td width=\"142\">9000<\/td>\n<td width=\"142\">12600<\/td>\n<td width=\"142\">16200<\/td>\n<\/tr>\n<tr>\n<td width=\"142\">Maks tykkelse p\u00e5 nettbrettet (mm)<\/td>\n<td width=\"142\">6<\/td>\n<td width=\"142\">6<\/td>\n<td width=\"142\">6<\/td>\n<\/tr>\n<tr>\n<td width=\"142\">Motoreffekt (kw)<\/td>\n<td width=\"142\">2.2<\/td>\n<td width=\"142\">2.2<\/td>\n<td width=\"142\">2.2<\/td>\n<\/tr>\n<tr>\n<td width=\"142\">Total st\u00f8rrelse (mm)<\/td>\n<td width=\"142\">520*<\/p>\n<p>630*<\/p>\n<p>1150*<\/td>\n<td width=\"142\">520*<\/p>\n<p>630*<\/p>\n<p>1150*<\/td>\n<td width=\"142\">520*<\/p>\n<p>630*<\/p>\n<p>1150*<\/td>\n<\/tr>\n<tr>\n<td width=\"142\">Nettovekt (kg)<\/td>\n<td width=\"142\">220<\/td>\n<td width=\"142\">220<\/td>\n<td width=\"142\">220<\/td>\n<\/tr>\n<\/tbody>\n<\/table>","protected":false},"excerpt":{"rendered":"<p>Vi introduserer den revolusjonerende roterende nettbrettprosessoren med forlenget frigivelse, designet for presis produksjon av nettbrett med forskjellige<\/p>","protected":false},"featured_media":6770,"comment_status":"open","ping_status":"closed","template":"","meta":{"wds_primary_product_brand":0,"wds_primary_product_cat":0},"product_brand":[],"product_cat":[84],"product_tag":[],"class_list":{"0":"post-6764","1":"product","2":"type-product","3":"status-publish","4":"has-post-thumbnail","6":"product_cat-maquinas-para-hacer-pastillas","8":"first","9":"instock","10":"taxable","11":"shipping-taxable","12":"purchasable","13":"product-type-simple"},"yoast_head":"<!-- This site is optimized with the Yoast SEO Premium plugin v24.9 (Yoast SEO v26.1) - https:\/\/yoast.com\/wordpress\/plugins\/seo\/ -->\n<title>MAQUINA FORMADORA DE TABLETAS DE LIBERACION PROLONGADA - distribuci\u00f3n ARC<\/title>\n<meta name=\"robots\" content=\"index, follow, max-snippet:-1, max-image-preview:large, max-video-preview:-1\" \/>\n<link rel=\"canonical\" href=\"https:\/\/distribucionarc.com\/nb\/produkter\/tablettformingsmaskin-med-utvidet-utgivelse\/\" \/>\n<meta property=\"og:locale\" content=\"nb_NO\" \/>\n<meta property=\"og:type\" content=\"article\" \/>\n<meta property=\"og:title\" content=\"MAQUINA FORMADORA DE TABLETAS DE LIBERACION PROLONGADA\" \/>\n<meta property=\"og:description\" content=\"Presentamos la revolucionaria M\u00e1quina Rotativa Procesadora de Tabletas de Liberaci\u00f3n Prolongada, dise\u00f1ada para la fabricaci\u00f3n precisa de tabletas con diversas\" \/>\n<meta property=\"og:url\" content=\"https:\/\/distribucionarc.com\/nb\/produkter\/tablettformingsmaskin-med-utvidet-utgivelse\/\" \/>\n<meta property=\"og:site_name\" content=\"distribuci\u00f3n ARC\" \/>\n<meta property=\"article:modified_time\" content=\"2024-04-25T16:59:56+00:00\" \/>\n<meta property=\"og:image\" content=\"https:\/\/distribucionarc.com\/wp-content\/uploads\/2024\/04\/MAQUINA-FORMADORA-DE-TABLETAS-DE-LIBERACION-PROLONGADA-.jpg\" \/>\n\t<meta property=\"og:image:width\" content=\"600\" \/>\n\t<meta property=\"og:image:height\" content=\"880\" \/>\n\t<meta property=\"og:image:type\" content=\"image\/jpeg\" \/>\n<meta name=\"twitter:card\" content=\"summary_large_image\" \/>\n<meta name=\"twitter:label1\" content=\"Ansl. lesetid\" \/>\n\t<meta name=\"twitter:data1\" content=\"1 minutt\" \/>\n<script type=\"application\/ld+json\" class=\"yoast-schema-graph\">{\"@context\":\"https:\/\/schema.org\",\"@graph\":[{\"@type\":\"WebPage\",\"@id\":\"https:\/\/distribucionarc.com\/sk\/producto\/maquina-formadora-de-tabletas-de-liberacion-prolongada\/\",\"url\":\"https:\/\/distribucionarc.com\/sk\/producto\/maquina-formadora-de-tabletas-de-liberacion-prolongada\/\",\"name\":\"MAQUINA FORMADORA DE TABLETAS DE LIBERACION PROLONGADA - distribuci\u00f3n ARC\",\"isPartOf\":{\"@id\":\"https:\/\/distribucionarc.com\/pl\/#website\"},\"primaryImageOfPage\":{\"@id\":\"https:\/\/distribucionarc.com\/sk\/producto\/maquina-formadora-de-tabletas-de-liberacion-prolongada\/#primaryimage\"},\"image\":{\"@id\":\"https:\/\/distribucionarc.com\/sk\/producto\/maquina-formadora-de-tabletas-de-liberacion-prolongada\/#primaryimage\"},\"thumbnailUrl\":\"https:\/\/distribucionarc.com\/wp-content\/uploads\/2024\/04\/MAQUINA-FORMADORA-DE-TABLETAS-DE-LIBERACION-PROLONGADA-.jpg\",\"datePublished\":\"2024-04-25T16:46:42+00:00\",\"dateModified\":\"2024-04-25T16:59:56+00:00\",\"breadcrumb\":{\"@id\":\"https:\/\/distribucionarc.com\/sk\/producto\/maquina-formadora-de-tabletas-de-liberacion-prolongada\/#breadcrumb\"},\"inLanguage\":\"nb-NO\",\"potentialAction\":[{\"@type\":\"ReadAction\",\"target\":[\"https:\/\/distribucionarc.com\/sk\/producto\/maquina-formadora-de-tabletas-de-liberacion-prolongada\/\"]}]},{\"@type\":\"ImageObject\",\"inLanguage\":\"nb-NO\",\"@id\":\"https:\/\/distribucionarc.com\/sk\/producto\/maquina-formadora-de-tabletas-de-liberacion-prolongada\/#primaryimage\",\"url\":\"https:\/\/distribucionarc.com\/wp-content\/uploads\/2024\/04\/MAQUINA-FORMADORA-DE-TABLETAS-DE-LIBERACION-PROLONGADA-.jpg\",\"contentUrl\":\"https:\/\/distribucionarc.com\/wp-content\/uploads\/2024\/04\/MAQUINA-FORMADORA-DE-TABLETAS-DE-LIBERACION-PROLONGADA-.jpg\",\"width\":600,\"height\":880,\"caption\":\"#image_title\"},{\"@type\":\"BreadcrumbList\",\"@id\":\"https:\/\/distribucionarc.com\/sk\/producto\/maquina-formadora-de-tabletas-de-liberacion-prolongada\/#breadcrumb\",\"itemListElement\":[{\"@type\":\"ListItem\",\"position\":1,\"name\":\"Portada\",\"item\":\"https:\/\/www.distribucionarc.com\/tr\/\"},{\"@type\":\"ListItem\",\"position\":2,\"name\":\"Izdelki\",\"item\":\"https:\/\/www.distribucionarc.com\/sl\/trgovina\/\"},{\"@type\":\"ListItem\",\"position\":3,\"name\":\"MAQUINA FORMADORA DE TABLETAS DE LIBERACION PROLONGADA\"}]},{\"@type\":\"WebSite\",\"@id\":\"https:\/\/distribucionarc.com\/pl\/#website\",\"url\":\"https:\/\/distribucionarc.com\/pl\/\",\"name\":\"distribuci\u00f3n ARC\",\"description\":\"Empresa especializada en la fabricaci\u00f3n y distribuci\u00f3n de maquinaria industrial, selladoras de latas, Maquinas de hacer pastillas, Maquinas de cortar carne...\",\"publisher\":{\"@id\":\"https:\/\/distribucionarc.com\/pl\/#organization\"},\"potentialAction\":[{\"@type\":\"SearchAction\",\"target\":{\"@type\":\"EntryPoint\",\"urlTemplate\":\"https:\/\/distribucionarc.com\/pl\/?s={search_term_string}\"},\"query-input\":{\"@type\":\"PropertyValueSpecification\",\"valueRequired\":true,\"valueName\":\"search_term_string\"}}],\"inLanguage\":\"nb-NO\"},{\"@type\":\"Organization\",\"@id\":\"https:\/\/distribucionarc.com\/pl\/#organization\",\"name\":\"Distribuci\u00f3n ARC\",\"url\":\"https:\/\/distribucionarc.com\/pl\/\",\"logo\":{\"@type\":\"ImageObject\",\"inLanguage\":\"nb-NO\",\"@id\":\"https:\/\/distribucionarc.com\/pl\/#\/schema\/logo\/image\/\",\"url\":\"https:\/\/distribucionarc.com\/wp-content\/uploads\/2024\/10\/distribucion-ARC-COLOR-SIN-FONDO-e1732295305345.png\",\"contentUrl\":\"https:\/\/distribucionarc.com\/wp-content\/uploads\/2024\/10\/distribucion-ARC-COLOR-SIN-FONDO-e1732295305345.png\",\"width\":1164,\"height\":558,\"caption\":\"Distribuci\u00f3n ARC\"},\"image\":{\"@id\":\"https:\/\/distribucionarc.com\/pl\/#\/schema\/logo\/image\/\"},\"description\":\"Empresa especializada en la fabricaci\u00f3n y distribuci\u00f3n de maquinaria industrial para los sectores alimentario y farmac\u00e9utico. Nos especializamos en: M\u00e1quinas de cortar carne Fabricaci\u00f3n de comprimidos Sistemas de transporte industrial L\u00edneas de embotellado Dosificadores Y mucho m\u00e1s... Ofrecemos soluciones innovadoras y personalizadas para optimizar los procesos productivos de tu empresa.\",\"email\":\"Admistracion@distribucionarc.com\",\"telephone\":\"+34 643496664\",\"legalName\":\"ARC TECH SOLUTIONS\",\"foundingDate\":\"2024-04-09\",\"vatID\":\"B55480172\",\"numberOfEmployees\":{\"@type\":\"QuantitativeValue\",\"minValue\":\"1\",\"maxValue\":\"10\"}}]}<\/script>\n<!-- \/ Yoast SEO Premium plugin. -->","yoast_head_json":{"title":"UTVIDET UTGIVELSE TABLETTFORMINGSMASKIN - ARC distribusjon","robots":{"index":"index","follow":"follow","max-snippet":"max-snippet:-1","max-image-preview":"max-image-preview:large","max-video-preview":"max-video-preview:-1"},"canonical":"https:\/\/distribucionarc.com\/nb\/produkter\/tablettformingsmaskin-med-utvidet-utgivelse\/","og_locale":"nb_NO","og_type":"article","og_title":"MAQUINA FORMADORA DE TABLETAS DE LIBERACION PROLONGADA","og_description":"Presentamos la revolucionaria M\u00e1quina Rotativa Procesadora de Tabletas de Liberaci\u00f3n Prolongada, dise\u00f1ada para la fabricaci\u00f3n precisa de tabletas con diversas","og_url":"https:\/\/distribucionarc.com\/nb\/produkter\/tablettformingsmaskin-med-utvidet-utgivelse\/","og_site_name":"distribuci\u00f3n ARC","article_modified_time":"2024-04-25T16:59:56+00:00","og_image":[{"width":600,"height":880,"url":"https:\/\/distribucionarc.com\/wp-content\/uploads\/2024\/04\/MAQUINA-FORMADORA-DE-TABLETAS-DE-LIBERACION-PROLONGADA-.jpg","type":"image\/jpeg"}],"twitter_card":"summary_large_image","twitter_misc":{"Ansl. lesetid":"1 minutt"},"schema":{"@context":"https:\/\/schema.org","@graph":[{"@type":"WebPage","@id":"https:\/\/distribucionarc.com\/sk\/producto\/maquina-formadora-de-tabletas-de-liberacion-prolongada\/","url":"https:\/\/distribucionarc.com\/sk\/producto\/maquina-formadora-de-tabletas-de-liberacion-prolongada\/","name":"UTVIDET UTGIVELSE TABLETTFORMINGSMASKIN - ARC distribusjon","isPartOf":{"@id":"https:\/\/distribucionarc.com\/pl\/#website"},"primaryImageOfPage":{"@id":"https:\/\/distribucionarc.com\/sk\/producto\/maquina-formadora-de-tabletas-de-liberacion-prolongada\/#primaryimage"},"image":{"@id":"https:\/\/distribucionarc.com\/sk\/producto\/maquina-formadora-de-tabletas-de-liberacion-prolongada\/#primaryimage"},"thumbnailUrl":"https:\/\/distribucionarc.com\/wp-content\/uploads\/2024\/04\/MAQUINA-FORMADORA-DE-TABLETAS-DE-LIBERACION-PROLONGADA-.jpg","datePublished":"2024-04-25T16:46:42+00:00","dateModified":"2024-04-25T16:59:56+00:00","breadcrumb":{"@id":"https:\/\/distribucionarc.com\/sk\/producto\/maquina-formadora-de-tabletas-de-liberacion-prolongada\/#breadcrumb"},"inLanguage":"nb-NO","potentialAction":[{"@type":"ReadAction","target":["https:\/\/distribucionarc.com\/sk\/producto\/maquina-formadora-de-tabletas-de-liberacion-prolongada\/"]}]},{"@type":"ImageObject","inLanguage":"nb-NO","@id":"https:\/\/distribucionarc.com\/sk\/producto\/maquina-formadora-de-tabletas-de-liberacion-prolongada\/#primaryimage","url":"https:\/\/distribucionarc.com\/wp-content\/uploads\/2024\/04\/MAQUINA-FORMADORA-DE-TABLETAS-DE-LIBERACION-PROLONGADA-.jpg","contentUrl":"https:\/\/distribucionarc.com\/wp-content\/uploads\/2024\/04\/MAQUINA-FORMADORA-DE-TABLETAS-DE-LIBERACION-PROLONGADA-.jpg","width":600,"height":880,"caption":"#image_title"},{"@type":"BreadcrumbList","@id":"https:\/\/distribucionarc.com\/sk\/producto\/maquina-formadora-de-tabletas-de-liberacion-prolongada\/#breadcrumb","itemListElement":[{"@type":"ListItem","position":1,"name":"Portada","item":"https:\/\/www.distribucionarc.com\/tr\/"},{"@type":"ListItem","position":2,"name":"Izdelki","item":"https:\/\/www.distribucionarc.com\/sl\/trgovina\/"},{"@type":"ListItem","position":3,"name":"MAQUINA FORMADORA DE TABLETAS DE LIBERACION PROLONGADA"}]},{"@type":"WebSite","@id":"https:\/\/distribucionarc.com\/pl\/#website","url":"https:\/\/distribucionarc.com\/pl\/","name":"ARC distribusjon","description":"Selskapet har spesialisert seg p\u00e5 produksjon og distribusjon av industrimaskiner, hermetikkboksforseglingsmaskiner, tablettmaskiner, kj\u00f8ttskj\u00e6remaskiner og...","publisher":{"@id":"https:\/\/distribucionarc.com\/pl\/#organization"},"potentialAction":[{"@type":"SearchAction","target":{"@type":"EntryPoint","urlTemplate":"https:\/\/distribucionarc.com\/pl\/?s={search_term_string}"},"query-input":{"@type":"PropertyValueSpecification","valueRequired":true,"valueName":"search_term_string"}}],"inLanguage":"nb-NO"},{"@type":"Organization","@id":"https:\/\/distribucionarc.com\/pl\/#organization","name":"ARC distribusjon","url":"https:\/\/distribucionarc.com\/pl\/","logo":{"@type":"ImageObject","inLanguage":"nb-NO","@id":"https:\/\/distribucionarc.com\/pl\/#\/schema\/logo\/image\/","url":"https:\/\/distribucionarc.com\/wp-content\/uploads\/2024\/10\/distribucion-ARC-COLOR-SIN-FONDO-e1732295305345.png","contentUrl":"https:\/\/distribucionarc.com\/wp-content\/uploads\/2024\/10\/distribucion-ARC-COLOR-SIN-FONDO-e1732295305345.png","width":1164,"height":558,"caption":"Distribuci\u00f3n ARC"},"image":{"@id":"https:\/\/distribucionarc.com\/pl\/#\/schema\/logo\/image\/"},"description":"Selskap som har spesialisert seg p\u00e5 produksjon og distribusjon av industrimaskiner til n\u00e6ringsmiddel- og farmasisektoren. Vi er spesialister p\u00e5: Kj\u00f8ttskj\u00e6remaskiner Tablettilvirkning Industrielle transportsystemer Tappelinjer Dispensere Og mye mer... Vi tilbyr innovative og skreddersydde l\u00f8sninger for \u00e5 optimalisere bedriftens produksjonsprosesser.","email":"Admistracion@distribucionarc.com","telephone":"+34 643496664","legalName":"ARC TECH SOLUTIONS","foundingDate":"2024-04-09","vatID":"B55480172","numberOfEmployees":{"@type":"QuantitativeValue","minValue":"1","maxValue":"10"}}]}},"_links":{"self":[{"href":"https:\/\/distribucionarc.com\/nb\/wp-json\/wp\/v2\/product\/6764","targetHints":{"allow":["GET"]}}],"collection":[{"href":"https:\/\/distribucionarc.com\/nb\/wp-json\/wp\/v2\/product"}],"about":[{"href":"https:\/\/distribucionarc.com\/nb\/wp-json\/wp\/v2\/types\/product"}],"replies":[{"embeddable":true,"href":"https:\/\/distribucionarc.com\/nb\/wp-json\/wp\/v2\/comments?post=6764"}],"version-history":[{"count":0,"href":"https:\/\/distribucionarc.com\/nb\/wp-json\/wp\/v2\/product\/6764\/revisions"}],"wp:featuredmedia":[{"embeddable":true,"href":"https:\/\/distribucionarc.com\/nb\/wp-json\/wp\/v2\/media\/6770"}],"wp:attachment":[{"href":"https:\/\/distribucionarc.com\/nb\/wp-json\/wp\/v2\/media?parent=6764"}],"wp:term":[{"taxonomy":"product_brand","embeddable":true,"href":"https:\/\/distribucionarc.com\/nb\/wp-json\/wp\/v2\/product_brand?post=6764"},{"taxonomy":"product_cat","embeddable":true,"href":"https:\/\/distribucionarc.com\/nb\/wp-json\/wp\/v2\/product_cat?post=6764"},{"taxonomy":"product_tag","embeddable":true,"href":"https:\/\/distribucionarc.com\/nb\/wp-json\/wp\/v2\/product_tag?post=6764"}],"curies":[{"name":"wp","href":"https:\/\/api.w.org\/{rel}","templated":true}]}}