{"id":687,"date":"2020-06-19T20:07:04","date_gmt":"2020-06-19T20:07:04","guid":{"rendered":"https:\/\/distribucionarc.com\/?post_type=product&#038;p=687"},"modified":"2024-10-05T03:52:47","modified_gmt":"2024-10-05T03:52:47","slug":"spesiell-kjott-eller-gronnsakskvern-for-industrien","status":"publish","type":"product","link":"https:\/\/distribucionarc.com\/nb\/producto\/picadora-de-carne-o-verduras-especial-para-industra\/","title":{"rendered":"spesiell kj\u00f8tt- eller gr\u00f8nnsakskvern for industrien"},"content":{"rendered":"<p>ARCP kj\u00f8ttkvern V2 er en kraftig profesjonell kj\u00f8ttkvern med rustfritt st\u00e5lhus og plate. Prinsippet er at snekkegiret og ringgiret ogs\u00e5 er laget av rustfritt st\u00e5l. ARCP <strong>kj\u00f8tthakker<\/strong> V2 har fire gummif\u00f8tter og er derfor i tillegg sikret mot \u00e5 skli. ARCP kj\u00f8ttkvern V2 er enkel \u00e5 rengj\u00f8re og hakkedelen er avtakbar i en del.<\/p>\n<p>den nye versjonen av ARCP V2\u00a0 <strong>Den har en unik funksjon, lavt forbruk, h\u00f8y ytelse.<\/strong><\/p>\n<p><span style=\"color: #ff0000;\">360w<\/span> <span style=\"color: #008000;\">Integrert intelligent system med lavt forbruk.<\/span><\/p>\n<p>Nedenfor finner du alle funksjonene til ARCP V2 kj\u00f8ttkvern:<\/p>\n<ul>\n<li>Kraftig profesjonell kj\u00f8ttkvern<\/li>\n<li>Hus og brett i rustfritt st\u00e5l<\/li>\n<li>spiralformet tannhjul og skruering i rustfritt st\u00e5l<\/li>\n<li>Kniver og plater laget av herdet st\u00e5l<\/li>\n<li>rettingsdelen kan fjernes i \u00e9n bevegelse<\/li>\n<li>Med 2 hastigheter fremover og bakover:<\/li>\n<li>Produksjon: Opptil 120 kg i timen<\/li>\n<li>Brettm\u00e5l: B200 x D295 x H45 mm 4,8 x 20 x 29cm<\/li>\n<li>Brett\u00e5pningsdiameter: 55 mm<\/li>\n<li>Slipeplate diameter: 70mm<\/li>\n<li>motorvernbryter<\/li>\n<li>Fire gummifotbaser<\/li>\n<li>Enkel \u00e5 rengj\u00f8re<\/li>\n<li>Egenvekt: 22 kg<\/li>\n<li>M\u00e5l: B280 x D160 x H290mm<\/li>\n<li>220V\/50Hz\/1Phase 370 Watt<\/li>\n<\/ul>\n<p>Standard inkluderer:<\/p>\n<ul>\n<li>1 pusher<\/li>\n<li>1 fylt p\u00f8lse \u2013 \u00d8 20 mm<\/li>\n<li>2 korskniver<\/li>\n<li>knuseplate 6 mm<\/li>\n<li>knuseplate 8 mm<\/li>\n<\/ul>\n<p><iframe loading=\"lazy\" src=\"https:\/\/www.youtube.com\/embed\/xyT98EOJOG8\" width=\"560\" height=\"315\" frameborder=\"0\" allowfullscreen=\"allowfullscreen\"><\/iframe><\/p>","protected":false},"excerpt":{"rendered":"<h2><span style=\"color: #000080;\">TIL<span style=\"color: #ff0000;\"><strong>R<\/strong><\/span><\/span>CP V2 Kj\u00f8ttkvern 120kg\/t??<\/h2>\n<p><span style=\"color: #ff0000;\">360w<\/span> <span style=\"color: #008000;\">Integrert intelligent system med lavt forbruk.<\/span><\/p>\n<p>perfekt kj\u00f8ttdeig for slakterbutikker eller semi-industrielle selskaper som krever store mengder kj\u00f8tt p\u00e5 kortest mulig tid<\/p>\n<p>alt v\u00e5rt maskineri har <strong>2 \u00e5rs garanti<\/strong><\/p>\n<p><strong>teknisk st\u00f8tte i tilfelle havari<\/strong><\/p>\n<p>alt du trenger for virksomheten din p\u00e5 ett sted<\/p>","protected":false},"featured_media":690,"comment_status":"open","ping_status":"closed","template":"","meta":{"wds_primary_product_brand":0,"wds_primary_product_cat":0},"product_brand":[],"product_cat":[120],"product_tag":[],"class_list":{"0":"post-687","1":"product","2":"type-product","3":"status-publish","4":"has-post-thumbnail","6":"product_cat-picadoras-carne","7":"product_shipping_class-hosteleria","9":"first","10":"outofstock","11":"sale","12":"taxable","13":"shipping-taxable","14":"purchasable","15":"product-type-simple"},"yoast_head":"<!-- This site is optimized with the Yoast SEO Premium plugin v24.9 (Yoast SEO v26.1) - https:\/\/yoast.com\/wordpress\/plugins\/seo\/ -->\n<title>picadora de carne o verduras especial para industra - distribuci\u00f3n ARC<\/title>\n<meta name=\"robots\" content=\"index, follow, max-snippet:-1, max-image-preview:large, max-video-preview:-1\" \/>\n<link rel=\"canonical\" href=\"https:\/\/www.distribucionarc.com\/fr\/producto\/picadora-de-carne-o-verduras-especial-para-industra\/\" \/>\n<meta property=\"og:locale\" content=\"nb_NO\" \/>\n<meta property=\"og:type\" content=\"article\" \/>\n<meta property=\"og:title\" content=\"picadora de carne o verduras especial para industra\" \/>\n<meta property=\"og:description\" content=\"ARCP V2 Picadora de carne 120kg \/h\u00a0 ?? 360w sistema inteligente integrado de bajo consumo.  picadora perfecta para carnicerias o empresas semi industriales que requieran gran cantidad de carne en el menor tiempo posible  toda nuestra maquinaria tiene garantia de 2 a\u00f1os  soporte tecnico en caso de averia  todo lo necesario para su negocio en un solo lugar\" \/>\n<meta property=\"og:url\" content=\"https:\/\/www.distribucionarc.com\/fr\/producto\/picadora-de-carne-o-verduras-especial-para-industra\/\" \/>\n<meta property=\"og:site_name\" content=\"distribuci\u00f3n ARC\" \/>\n<meta property=\"article:modified_time\" content=\"2024-10-05T03:52:47+00:00\" \/>\n<meta property=\"og:image\" content=\"https:\/\/www.distribucionarc.com\/wp-content\/uploads\/2020\/06\/picadora-de-carne-verduras-especial-para-industra-0.jpg\" \/>\n\t<meta property=\"og:image:width\" content=\"1600\" \/>\n\t<meta property=\"og:image:height\" content=\"1600\" \/>\n\t<meta property=\"og:image:type\" content=\"image\/jpeg\" \/>\n<meta name=\"twitter:card\" content=\"summary_large_image\" \/>\n<meta name=\"twitter:label1\" content=\"Ansl. lesetid\" \/>\n\t<meta name=\"twitter:data1\" content=\"2 minutter\" \/>\n<script type=\"application\/ld+json\" class=\"yoast-schema-graph\">{\"@context\":\"https:\/\/schema.org\",\"@graph\":[{\"@type\":\"WebPage\",\"@id\":\"https:\/\/www.distribucionarc.com\/fr\/producto\/picadora-de-carne-o-verduras-especial-para-industra\/\",\"url\":\"https:\/\/www.distribucionarc.com\/fr\/producto\/picadora-de-carne-o-verduras-especial-para-industra\/\",\"name\":\"picadora de carne o verduras especial para industra - distribuci\u00f3n ARC\",\"isPartOf\":{\"@id\":\"https:\/\/www.distribucionarc.com\/tr\/#website\"},\"primaryImageOfPage\":{\"@id\":\"https:\/\/www.distribucionarc.com\/fr\/producto\/picadora-de-carne-o-verduras-especial-para-industra\/#primaryimage\"},\"image\":{\"@id\":\"https:\/\/www.distribucionarc.com\/fr\/producto\/picadora-de-carne-o-verduras-especial-para-industra\/#primaryimage\"},\"thumbnailUrl\":\"https:\/\/distribucionarc.com\/wp-content\/uploads\/2020\/06\/picadora-de-carne-verduras-especial-para-industra-0.jpg\",\"datePublished\":\"2020-06-19T20:07:04+00:00\",\"dateModified\":\"2024-10-05T03:52:47+00:00\",\"breadcrumb\":{\"@id\":\"https:\/\/www.distribucionarc.com\/fr\/producto\/picadora-de-carne-o-verduras-especial-para-industra\/#breadcrumb\"},\"inLanguage\":\"nb-NO\",\"potentialAction\":[{\"@type\":\"ReadAction\",\"target\":[\"https:\/\/www.distribucionarc.com\/fr\/producto\/picadora-de-carne-o-verduras-especial-para-industra\/\"]}]},{\"@type\":\"ImageObject\",\"inLanguage\":\"nb-NO\",\"@id\":\"https:\/\/www.distribucionarc.com\/fr\/producto\/picadora-de-carne-o-verduras-especial-para-industra\/#primaryimage\",\"url\":\"https:\/\/distribucionarc.com\/wp-content\/uploads\/2020\/06\/picadora-de-carne-verduras-especial-para-industra-0.jpg\",\"contentUrl\":\"https:\/\/distribucionarc.com\/wp-content\/uploads\/2020\/06\/picadora-de-carne-verduras-especial-para-industra-0.jpg\",\"width\":1600,\"height\":1600},{\"@type\":\"BreadcrumbList\",\"@id\":\"https:\/\/www.distribucionarc.com\/fr\/producto\/picadora-de-carne-o-verduras-especial-para-industra\/#breadcrumb\",\"itemListElement\":[{\"@type\":\"ListItem\",\"position\":1,\"name\":\"Portada\",\"item\":\"https:\/\/www.distribucionarc.com\/tr\/\"},{\"@type\":\"ListItem\",\"position\":2,\"name\":\"Produktai\",\"item\":\"https:\/\/distribucionarc.com\/lt\/parduotuve\/\"},{\"@type\":\"ListItem\",\"position\":3,\"name\":\"picadora de carne o verduras especial para industra\"}]},{\"@type\":\"WebSite\",\"@id\":\"https:\/\/www.distribucionarc.com\/tr\/#website\",\"url\":\"https:\/\/www.distribucionarc.com\/tr\/\",\"name\":\"distribuci\u00f3n ARC\",\"description\":\"Empresa especializada en la fabricaci\u00f3n y distribuci\u00f3n de maquinaria industrial, selladoras de latas, Maquinas de hacer pastillas, Maquinas de cortar carne...\",\"publisher\":{\"@id\":\"https:\/\/www.distribucionarc.com\/tr\/#organization\"},\"potentialAction\":[{\"@type\":\"SearchAction\",\"target\":{\"@type\":\"EntryPoint\",\"urlTemplate\":\"https:\/\/www.distribucionarc.com\/tr\/?s={search_term_string}\"},\"query-input\":{\"@type\":\"PropertyValueSpecification\",\"valueRequired\":true,\"valueName\":\"search_term_string\"}}],\"inLanguage\":\"nb-NO\"},{\"@type\":\"Organization\",\"@id\":\"https:\/\/www.distribucionarc.com\/tr\/#organization\",\"name\":\"Distribuci\u00f3n ARC\",\"url\":\"https:\/\/www.distribucionarc.com\/tr\/\",\"logo\":{\"@type\":\"ImageObject\",\"inLanguage\":\"nb-NO\",\"@id\":\"https:\/\/www.distribucionarc.com\/tr\/#\/schema\/logo\/image\/\",\"url\":\"https:\/\/distribucionarc.com\/wp-content\/uploads\/2024\/10\/distribucion-ARC-COLOR-SIN-FONDO-e1732295305345.png\",\"contentUrl\":\"https:\/\/distribucionarc.com\/wp-content\/uploads\/2024\/10\/distribucion-ARC-COLOR-SIN-FONDO-e1732295305345.png\",\"width\":1164,\"height\":558,\"caption\":\"Distribuci\u00f3n ARC\"},\"image\":{\"@id\":\"https:\/\/www.distribucionarc.com\/tr\/#\/schema\/logo\/image\/\"},\"description\":\"Empresa especializada en la fabricaci\u00f3n y distribuci\u00f3n de maquinaria industrial para los sectores alimentario y farmac\u00e9utico. Nos especializamos en: M\u00e1quinas de cortar carne Fabricaci\u00f3n de comprimidos Sistemas de transporte industrial L\u00edneas de embotellado Dosificadores Y mucho m\u00e1s... Ofrecemos soluciones innovadoras y personalizadas para optimizar los procesos productivos de tu empresa.\",\"email\":\"Admistracion@distribucionarc.com\",\"telephone\":\"+34 643496664\",\"legalName\":\"ARC TECH SOLUTIONS\",\"foundingDate\":\"2024-04-09\",\"vatID\":\"B55480172\",\"numberOfEmployees\":{\"@type\":\"QuantitativeValue\",\"minValue\":\"1\",\"maxValue\":\"10\"}}]}<\/script>\n<!-- \/ Yoast SEO Premium plugin. -->","yoast_head_json":{"title":"spesiell kj\u00f8tt- eller gr\u00f8nnsakskvern for industri - ARC-distribusjon","robots":{"index":"index","follow":"follow","max-snippet":"max-snippet:-1","max-image-preview":"max-image-preview:large","max-video-preview":"max-video-preview:-1"},"canonical":"https:\/\/www.distribucionarc.com\/fr\/producto\/picadora-de-carne-o-verduras-especial-para-industra\/","og_locale":"nb_NO","og_type":"article","og_title":"picadora de carne o verduras especial para industra","og_description":"ARCP V2 Picadora de carne 120kg \/h\u00a0 ?? 360w sistema inteligente integrado de bajo consumo.  picadora perfecta para carnicerias o empresas semi industriales que requieran gran cantidad de carne en el menor tiempo posible  toda nuestra maquinaria tiene garantia de 2 a\u00f1os  soporte tecnico en caso de averia  todo lo necesario para su negocio en un solo lugar","og_url":"https:\/\/www.distribucionarc.com\/fr\/producto\/picadora-de-carne-o-verduras-especial-para-industra\/","og_site_name":"distribuci\u00f3n ARC","article_modified_time":"2024-10-05T03:52:47+00:00","og_image":[{"width":1600,"height":1600,"url":"https:\/\/www.distribucionarc.com\/wp-content\/uploads\/2020\/06\/picadora-de-carne-verduras-especial-para-industra-0.jpg","type":"image\/jpeg"}],"twitter_card":"summary_large_image","twitter_misc":{"Ansl. lesetid":"2 minutter"},"schema":{"@context":"https:\/\/schema.org","@graph":[{"@type":"WebPage","@id":"https:\/\/www.distribucionarc.com\/fr\/producto\/picadora-de-carne-o-verduras-especial-para-industra\/","url":"https:\/\/www.distribucionarc.com\/fr\/producto\/picadora-de-carne-o-verduras-especial-para-industra\/","name":"spesiell kj\u00f8tt- eller gr\u00f8nnsakskvern for industri - ARC-distribusjon","isPartOf":{"@id":"https:\/\/www.distribucionarc.com\/tr\/#website"},"primaryImageOfPage":{"@id":"https:\/\/www.distribucionarc.com\/fr\/producto\/picadora-de-carne-o-verduras-especial-para-industra\/#primaryimage"},"image":{"@id":"https:\/\/www.distribucionarc.com\/fr\/producto\/picadora-de-carne-o-verduras-especial-para-industra\/#primaryimage"},"thumbnailUrl":"https:\/\/distribucionarc.com\/wp-content\/uploads\/2020\/06\/picadora-de-carne-verduras-especial-para-industra-0.jpg","datePublished":"2020-06-19T20:07:04+00:00","dateModified":"2024-10-05T03:52:47+00:00","breadcrumb":{"@id":"https:\/\/www.distribucionarc.com\/fr\/producto\/picadora-de-carne-o-verduras-especial-para-industra\/#breadcrumb"},"inLanguage":"nb-NO","potentialAction":[{"@type":"ReadAction","target":["https:\/\/www.distribucionarc.com\/fr\/producto\/picadora-de-carne-o-verduras-especial-para-industra\/"]}]},{"@type":"ImageObject","inLanguage":"nb-NO","@id":"https:\/\/www.distribucionarc.com\/fr\/producto\/picadora-de-carne-o-verduras-especial-para-industra\/#primaryimage","url":"https:\/\/distribucionarc.com\/wp-content\/uploads\/2020\/06\/picadora-de-carne-verduras-especial-para-industra-0.jpg","contentUrl":"https:\/\/distribucionarc.com\/wp-content\/uploads\/2020\/06\/picadora-de-carne-verduras-especial-para-industra-0.jpg","width":1600,"height":1600},{"@type":"BreadcrumbList","@id":"https:\/\/www.distribucionarc.com\/fr\/producto\/picadora-de-carne-o-verduras-especial-para-industra\/#breadcrumb","itemListElement":[{"@type":"ListItem","position":1,"name":"Portada","item":"https:\/\/www.distribucionarc.com\/tr\/"},{"@type":"ListItem","position":2,"name":"Produktai","item":"https:\/\/distribucionarc.com\/lt\/parduotuve\/"},{"@type":"ListItem","position":3,"name":"picadora de carne o verduras especial para industra"}]},{"@type":"WebSite","@id":"https:\/\/www.distribucionarc.com\/tr\/#website","url":"https:\/\/www.distribucionarc.com\/tr\/","name":"ARC distribusjon","description":"Selskapet har spesialisert seg p\u00e5 produksjon og distribusjon av industrimaskiner, hermetikkboksforseglingsmaskiner, tablettmaskiner, kj\u00f8ttskj\u00e6remaskiner og...","publisher":{"@id":"https:\/\/www.distribucionarc.com\/tr\/#organization"},"potentialAction":[{"@type":"SearchAction","target":{"@type":"EntryPoint","urlTemplate":"https:\/\/www.distribucionarc.com\/tr\/?s={search_term_string}"},"query-input":{"@type":"PropertyValueSpecification","valueRequired":true,"valueName":"search_term_string"}}],"inLanguage":"nb-NO"},{"@type":"Organization","@id":"https:\/\/www.distribucionarc.com\/tr\/#organization","name":"ARC distribusjon","url":"https:\/\/www.distribucionarc.com\/tr\/","logo":{"@type":"ImageObject","inLanguage":"nb-NO","@id":"https:\/\/www.distribucionarc.com\/tr\/#\/schema\/logo\/image\/","url":"https:\/\/distribucionarc.com\/wp-content\/uploads\/2024\/10\/distribucion-ARC-COLOR-SIN-FONDO-e1732295305345.png","contentUrl":"https:\/\/distribucionarc.com\/wp-content\/uploads\/2024\/10\/distribucion-ARC-COLOR-SIN-FONDO-e1732295305345.png","width":1164,"height":558,"caption":"Distribuci\u00f3n ARC"},"image":{"@id":"https:\/\/www.distribucionarc.com\/tr\/#\/schema\/logo\/image\/"},"description":"Selskap som har spesialisert seg p\u00e5 produksjon og distribusjon av industrimaskiner til n\u00e6ringsmiddel- og farmasisektoren. Vi er spesialister p\u00e5: Kj\u00f8ttskj\u00e6remaskiner Tablettilvirkning Industrielle transportsystemer Tappelinjer Dispensere Og mye mer... Vi tilbyr innovative og skreddersydde l\u00f8sninger for \u00e5 optimalisere bedriftens produksjonsprosesser.","email":"Admistracion@distribucionarc.com","telephone":"+34 643496664","legalName":"ARC TECH SOLUTIONS","foundingDate":"2024-04-09","vatID":"B55480172","numberOfEmployees":{"@type":"QuantitativeValue","minValue":"1","maxValue":"10"}}]}},"_links":{"self":[{"href":"https:\/\/distribucionarc.com\/nb\/wp-json\/wp\/v2\/product\/687","targetHints":{"allow":["GET"]}}],"collection":[{"href":"https:\/\/distribucionarc.com\/nb\/wp-json\/wp\/v2\/product"}],"about":[{"href":"https:\/\/distribucionarc.com\/nb\/wp-json\/wp\/v2\/types\/product"}],"replies":[{"embeddable":true,"href":"https:\/\/distribucionarc.com\/nb\/wp-json\/wp\/v2\/comments?post=687"}],"version-history":[{"count":0,"href":"https:\/\/distribucionarc.com\/nb\/wp-json\/wp\/v2\/product\/687\/revisions"}],"wp:featuredmedia":[{"embeddable":true,"href":"https:\/\/distribucionarc.com\/nb\/wp-json\/wp\/v2\/media\/690"}],"wp:attachment":[{"href":"https:\/\/distribucionarc.com\/nb\/wp-json\/wp\/v2\/media?parent=687"}],"wp:term":[{"taxonomy":"product_brand","embeddable":true,"href":"https:\/\/distribucionarc.com\/nb\/wp-json\/wp\/v2\/product_brand?post=687"},{"taxonomy":"product_cat","embeddable":true,"href":"https:\/\/distribucionarc.com\/nb\/wp-json\/wp\/v2\/product_cat?post=687"},{"taxonomy":"product_tag","embeddable":true,"href":"https:\/\/distribucionarc.com\/nb\/wp-json\/wp\/v2\/product_tag?post=687"}],"curies":[{"name":"wp","href":"https:\/\/api.w.org\/{rel}","templated":true}]}}