{"id":6920,"date":"2024-04-26T19:06:07","date_gmt":"2024-04-26T19:06:07","guid":{"rendered":"https:\/\/distribucionarc.com\/?post_type=product&#038;p=6920"},"modified":"2024-04-26T19:06:09","modified_gmt":"2024-04-26T19:06:09","slug":"industriell-tumbler-blandemaskin","status":"publish","type":"product","link":"https:\/\/distribucionarc.com\/nb\/producto\/maquina-industrial-mezcladora-tumbler\/","title":{"rendered":"INDUSTRIELL TUMBLER BLANDERMASKIN"},"content":{"rendered":"<p>Oppdag v\u00e5r <strong>Tumler blandemaskin<\/strong> spesialisert seg p\u00e5 blanding av <strong>t\u00f8rre pulvermaterialer<\/strong> <strong>av melatonin<\/strong>, avgj\u00f8rende i farmas\u00f8ytisk, kjemisk og n\u00e6ringsmiddelindustri. Den muliggj\u00f8r ikke bare rask og jevn blanding av forskjellige materialer med varierende tetthet og partikkelst\u00f8rrelse, men utmerker seg ogs\u00e5 ved sin jevne drift og lave st\u00f8yniv\u00e5. \u00d8k effektiviteten av produksjonsprosessene dine og s\u00f8rg for kvaliteten p\u00e5 produktene dine med v\u00e5r banebrytende l\u00f8sning. Optimaliser driften og hev kvalitetsstandardene dine med v\u00e5r markedsledende maskin.<\/p>\n<p>&nbsp;<\/p>\n<table>\n<tbody>\n<tr>\n<td width=\"71\">modell<\/td>\n<td width=\"71\">Blandet\u00f8nne (liter)<\/td>\n<td width=\"71\">Maksimal kapasitet (liter)<\/td>\n<td width=\"71\">Kapasitetsvekt (kg)<\/td>\n<td width=\"71\">Spindelhastighet (rpm)<\/td>\n<td width=\"71\">Motoreffekt (kw)<\/td>\n<td width=\"71\">Vekt (kg)<\/td>\n<td width=\"71\">Total st\u00f8rrelse (millimeter)<\/td>\n<\/tr>\n<tr>\n<td width=\"71\">10<\/td>\n<td width=\"71\">10<\/td>\n<td width=\"71\">8<\/td>\n<td width=\"71\">5<\/td>\n<td width=\"71\">0-15<\/td>\n<td width=\"71\">0.55<\/td>\n<td width=\"71\">120<\/td>\n<td width=\"71\">800*<\/p>\n<p>1200*<\/p>\n<p>1000*<\/td>\n<\/tr>\n<tr>\n<td width=\"71\">20<\/td>\n<td width=\"71\">20<\/td>\n<td width=\"71\">14<\/td>\n<td width=\"71\">10<\/td>\n<td width=\"71\">0-15<\/td>\n<td width=\"71\">0.75<\/td>\n<td width=\"71\">125<\/td>\n<td width=\"71\">800*<\/p>\n<p>1200*<\/p>\n<p>1000*<\/td>\n<\/tr>\n<tr>\n<td width=\"71\">50<\/td>\n<td width=\"71\">50<\/td>\n<td width=\"71\">40<\/td>\n<td width=\"71\">25<\/td>\n<td width=\"71\">0-15<\/td>\n<td width=\"71\">1.1<\/td>\n<td width=\"71\">300<\/td>\n<td width=\"71\">1000*<\/p>\n<p>1400*<\/p>\n<p>1200*<\/p>\n<p>&nbsp;<\/td>\n<\/tr>\n<tr>\n<td width=\"71\">100<\/td>\n<td width=\"71\">100<\/td>\n<td width=\"71\">80<\/td>\n<td width=\"71\">50<\/td>\n<td width=\"71\">0-15<\/td>\n<td width=\"71\">1.5<\/td>\n<td width=\"71\">500<\/td>\n<td width=\"71\">1200*<\/p>\n<p>1700*<\/p>\n<p>1500*<\/td>\n<\/tr>\n<tr>\n<td width=\"71\">200<\/td>\n<td width=\"71\">200<\/td>\n<td width=\"71\">160<\/td>\n<td width=\"71\">100<\/td>\n<td width=\"71\">0-15<\/td>\n<td width=\"71\">2.2<\/td>\n<td width=\"71\">800<\/td>\n<td width=\"71\">1400*<\/p>\n<p>1800*<\/p>\n<p>1600*<\/td>\n<\/tr>\n<tr>\n<td width=\"71\">300<\/td>\n<td width=\"71\">300<\/td>\n<td width=\"71\">240<\/td>\n<td width=\"71\">150<\/td>\n<td width=\"71\">0-15<\/td>\n<td width=\"71\">4<\/td>\n<td width=\"71\">1000<\/td>\n<td width=\"71\">1800*<\/p>\n<p>1950*<\/p>\n<p>1800*<\/td>\n<\/tr>\n<tr>\n<td width=\"71\">400<\/td>\n<td width=\"71\">400<\/td>\n<td width=\"71\">320<\/td>\n<td width=\"71\">200<\/td>\n<td width=\"71\">0-15<\/td>\n<td width=\"71\">4<\/td>\n<td width=\"71\">1200<\/td>\n<td width=\"71\">1800*<\/p>\n<p>2100*<\/p>\n<p>1950*<\/td>\n<\/tr>\n<tr>\n<td width=\"71\">500<\/td>\n<td width=\"71\">500<\/td>\n<td width=\"71\">400<\/td>\n<td width=\"71\">250<\/td>\n<td width=\"71\">0-15<\/td>\n<td width=\"71\">5.5<\/td>\n<td width=\"71\">1380<\/td>\n<td width=\"71\">1900*<\/p>\n<p>2100*<\/p>\n<p>2250*<\/td>\n<\/tr>\n<tr>\n<td width=\"71\">600<\/td>\n<td width=\"71\">600<\/td>\n<td width=\"71\">480<\/td>\n<td width=\"71\">300<\/td>\n<td width=\"71\">0-15<\/td>\n<td width=\"71\">5.5<\/td>\n<td width=\"71\">1500<\/td>\n<td width=\"71\">1900*<\/p>\n<p>2100*<\/p>\n<p>2250*<\/td>\n<\/tr>\n<tr>\n<td width=\"71\">800<\/td>\n<td width=\"71\">800<\/td>\n<td width=\"71\">640<\/td>\n<td width=\"71\">400<\/td>\n<td width=\"71\">0-15<\/td>\n<td width=\"71\">7.5<\/td>\n<td width=\"71\">2000<\/td>\n<td width=\"71\">220*<\/p>\n<p>2600*<\/p>\n<p>2600*<\/p>\n<p>&nbsp;<\/td>\n<\/tr>\n<tr>\n<td width=\"71\">1000<\/td>\n<td width=\"71\">100<\/td>\n<td width=\"71\">800<\/td>\n<td width=\"71\">500<\/td>\n<td width=\"71\">0-15<\/td>\n<td width=\"71\">7.5<\/td>\n<td width=\"71\">2500<\/td>\n<td width=\"71\">2250*<\/p>\n<p>2600*<\/p>\n<p>2600*<\/td>\n<\/tr>\n<tr>\n<td width=\"71\">1200<\/td>\n<td width=\"71\">1200<\/td>\n<td width=\"71\">950<\/td>\n<td width=\"71\">600<\/td>\n<td width=\"71\">0-15<\/td>\n<td width=\"71\">11<\/td>\n<td width=\"71\">2800<\/td>\n<td width=\"71\">2400*<\/p>\n<p>2800*<\/p>\n<p>2800*<\/td>\n<\/tr>\n<tr>\n<td width=\"71\">1500<\/td>\n<td width=\"71\">1500<\/td>\n<td width=\"71\">1200<\/td>\n<td width=\"71\">750<\/td>\n<td width=\"71\">0-15<\/td>\n<td width=\"71\">15<\/td>\n<td width=\"71\">3000<\/td>\n<td width=\"71\">2500*<\/p>\n<p>2950*<\/p>\n<p>3000*<\/td>\n<\/tr>\n<\/tbody>\n<\/table>","protected":false},"excerpt":{"rendered":"<p>Oppdag v\u00e5r Tumbler-miksemaskin som spesialiserer seg p\u00e5 blanding av t\u00f8rre pulveriserte melatoninmaterialer, essensielle i industrien.<\/p>","protected":false},"featured_media":6925,"comment_status":"open","ping_status":"closed","template":"","meta":{"wds_primary_product_brand":0,"wds_primary_product_cat":0},"product_brand":[],"product_cat":[84],"product_tag":[],"class_list":{"0":"post-6920","1":"product","2":"type-product","3":"status-publish","4":"has-post-thumbnail","6":"product_cat-maquinas-para-hacer-pastillas","8":"first","9":"instock","10":"taxable","11":"shipping-taxable","12":"purchasable","13":"product-type-simple"},"yoast_head":"<!-- This site is optimized with the Yoast SEO Premium plugin v24.9 (Yoast SEO v26.1) - https:\/\/yoast.com\/wordpress\/plugins\/seo\/ -->\n<title>MAQUINA INDUSTRIAL MEZCLADORA TUMBLER - distribuci\u00f3n ARC<\/title>\n<meta name=\"robots\" content=\"index, follow, max-snippet:-1, max-image-preview:large, max-video-preview:-1\" \/>\n<link rel=\"canonical\" href=\"https:\/\/distribucionarc.com\/nb\/produkter\/industriell-tumbler-blandemaskin\/\" \/>\n<meta property=\"og:locale\" content=\"nb_NO\" \/>\n<meta property=\"og:type\" content=\"article\" \/>\n<meta property=\"og:title\" content=\"MAQUINA INDUSTRIAL MEZCLADORA TUMBLER\" \/>\n<meta property=\"og:description\" content=\"Descubre nuestra M\u00e1quina Mezcladora Tumbler especializada en la mezcla de materiales en polvo seco de melatonina, fundamental en las industrias\" \/>\n<meta property=\"og:url\" content=\"https:\/\/distribucionarc.com\/nb\/produkter\/industriell-tumbler-blandemaskin\/\" \/>\n<meta property=\"og:site_name\" content=\"distribuci\u00f3n ARC\" \/>\n<meta property=\"article:modified_time\" content=\"2024-04-26T19:06:09+00:00\" \/>\n<meta property=\"og:image\" content=\"https:\/\/distribucionarc.com\/wp-content\/uploads\/2024\/04\/MAQUINA-INDUSTRIAL-MEZCLADORA-TUMBLER.webp\" \/>\n\t<meta property=\"og:image:width\" content=\"992\" \/>\n\t<meta property=\"og:image:height\" content=\"728\" \/>\n\t<meta property=\"og:image:type\" content=\"image\/webp\" \/>\n<meta name=\"twitter:card\" content=\"summary_large_image\" \/>\n<meta name=\"twitter:label1\" content=\"Ansl. lesetid\" \/>\n\t<meta name=\"twitter:data1\" content=\"1 minutt\" \/>\n<script type=\"application\/ld+json\" class=\"yoast-schema-graph\">{\"@context\":\"https:\/\/schema.org\",\"@graph\":[{\"@type\":\"WebPage\",\"@id\":\"https:\/\/distribucionarc.com\/hr\/producto\/maquina-industrial-mezcladora-tumbler\/\",\"url\":\"https:\/\/distribucionarc.com\/hr\/producto\/maquina-industrial-mezcladora-tumbler\/\",\"name\":\"MAQUINA INDUSTRIAL MEZCLADORA TUMBLER - distribuci\u00f3n ARC\",\"isPartOf\":{\"@id\":\"https:\/\/distribucionarc.com\/de\/#website\"},\"primaryImageOfPage\":{\"@id\":\"https:\/\/distribucionarc.com\/hr\/producto\/maquina-industrial-mezcladora-tumbler\/#primaryimage\"},\"image\":{\"@id\":\"https:\/\/distribucionarc.com\/hr\/producto\/maquina-industrial-mezcladora-tumbler\/#primaryimage\"},\"thumbnailUrl\":\"https:\/\/distribucionarc.com\/wp-content\/uploads\/2024\/04\/MAQUINA-INDUSTRIAL-MEZCLADORA-TUMBLER.webp\",\"datePublished\":\"2024-04-26T19:06:07+00:00\",\"dateModified\":\"2024-04-26T19:06:09+00:00\",\"breadcrumb\":{\"@id\":\"https:\/\/distribucionarc.com\/hr\/producto\/maquina-industrial-mezcladora-tumbler\/#breadcrumb\"},\"inLanguage\":\"nb-NO\",\"potentialAction\":[{\"@type\":\"ReadAction\",\"target\":[\"https:\/\/distribucionarc.com\/hr\/producto\/maquina-industrial-mezcladora-tumbler\/\"]}]},{\"@type\":\"ImageObject\",\"inLanguage\":\"nb-NO\",\"@id\":\"https:\/\/distribucionarc.com\/hr\/producto\/maquina-industrial-mezcladora-tumbler\/#primaryimage\",\"url\":\"https:\/\/distribucionarc.com\/wp-content\/uploads\/2024\/04\/MAQUINA-INDUSTRIAL-MEZCLADORA-TUMBLER.webp\",\"contentUrl\":\"https:\/\/distribucionarc.com\/wp-content\/uploads\/2024\/04\/MAQUINA-INDUSTRIAL-MEZCLADORA-TUMBLER.webp\",\"width\":992,\"height\":728,\"caption\":\"#image_title\"},{\"@type\":\"BreadcrumbList\",\"@id\":\"https:\/\/distribucionarc.com\/hr\/producto\/maquina-industrial-mezcladora-tumbler\/#breadcrumb\",\"itemListElement\":[{\"@type\":\"ListItem\",\"position\":1,\"name\":\"Portada\",\"item\":\"https:\/\/distribucionarc.com\/pl\/\"},{\"@type\":\"ListItem\",\"position\":2,\"name\":\"Produkty\",\"item\":\"https:\/\/distribucionarc.com\/pl\/shop\/\"},{\"@type\":\"ListItem\",\"position\":3,\"name\":\"MAQUINA INDUSTRIAL MEZCLADORA TUMBLER\"}]},{\"@type\":\"WebSite\",\"@id\":\"https:\/\/distribucionarc.com\/de\/#website\",\"url\":\"https:\/\/distribucionarc.com\/de\/\",\"name\":\"distribuci\u00f3n ARC\",\"description\":\"Empresa especializada en la fabricaci\u00f3n y distribuci\u00f3n de maquinaria industrial, selladoras de latas, Maquinas de hacer pastillas, Maquinas de cortar carne...\",\"publisher\":{\"@id\":\"https:\/\/distribucionarc.com\/de\/#organization\"},\"potentialAction\":[{\"@type\":\"SearchAction\",\"target\":{\"@type\":\"EntryPoint\",\"urlTemplate\":\"https:\/\/distribucionarc.com\/de\/?s={search_term_string}\"},\"query-input\":{\"@type\":\"PropertyValueSpecification\",\"valueRequired\":true,\"valueName\":\"search_term_string\"}}],\"inLanguage\":\"nb-NO\"},{\"@type\":\"Organization\",\"@id\":\"https:\/\/distribucionarc.com\/de\/#organization\",\"name\":\"Distribuci\u00f3n ARC\",\"url\":\"https:\/\/distribucionarc.com\/de\/\",\"logo\":{\"@type\":\"ImageObject\",\"inLanguage\":\"nb-NO\",\"@id\":\"https:\/\/distribucionarc.com\/de\/#\/schema\/logo\/image\/\",\"url\":\"https:\/\/distribucionarc.com\/wp-content\/uploads\/2024\/10\/distribucion-ARC-COLOR-SIN-FONDO-e1732295305345.png\",\"contentUrl\":\"https:\/\/distribucionarc.com\/wp-content\/uploads\/2024\/10\/distribucion-ARC-COLOR-SIN-FONDO-e1732295305345.png\",\"width\":1164,\"height\":558,\"caption\":\"Distribuci\u00f3n ARC\"},\"image\":{\"@id\":\"https:\/\/distribucionarc.com\/de\/#\/schema\/logo\/image\/\"},\"description\":\"Empresa especializada en la fabricaci\u00f3n y distribuci\u00f3n de maquinaria industrial para los sectores alimentario y farmac\u00e9utico. Nos especializamos en: M\u00e1quinas de cortar carne Fabricaci\u00f3n de comprimidos Sistemas de transporte industrial L\u00edneas de embotellado Dosificadores Y mucho m\u00e1s... Ofrecemos soluciones innovadoras y personalizadas para optimizar los procesos productivos de tu empresa.\",\"email\":\"Admistracion@distribucionarc.com\",\"telephone\":\"+34 643496664\",\"legalName\":\"ARC TECH SOLUTIONS\",\"foundingDate\":\"2024-04-09\",\"vatID\":\"B55480172\",\"numberOfEmployees\":{\"@type\":\"QuantitativeValue\",\"minValue\":\"1\",\"maxValue\":\"10\"}}]}<\/script>\n<!-- \/ Yoast SEO Premium plugin. -->","yoast_head_json":{"title":"INDUSTRI TUMBLER BLANDERMASKIN - ARC distribusjon","robots":{"index":"index","follow":"follow","max-snippet":"max-snippet:-1","max-image-preview":"max-image-preview:large","max-video-preview":"max-video-preview:-1"},"canonical":"https:\/\/distribucionarc.com\/nb\/produkter\/industriell-tumbler-blandemaskin\/","og_locale":"nb_NO","og_type":"article","og_title":"MAQUINA INDUSTRIAL MEZCLADORA TUMBLER","og_description":"Descubre nuestra M\u00e1quina Mezcladora Tumbler especializada en la mezcla de materiales en polvo seco de melatonina, fundamental en las industrias","og_url":"https:\/\/distribucionarc.com\/nb\/produkter\/industriell-tumbler-blandemaskin\/","og_site_name":"distribuci\u00f3n ARC","article_modified_time":"2024-04-26T19:06:09+00:00","og_image":[{"width":992,"height":728,"url":"https:\/\/distribucionarc.com\/wp-content\/uploads\/2024\/04\/MAQUINA-INDUSTRIAL-MEZCLADORA-TUMBLER.webp","type":"image\/webp"}],"twitter_card":"summary_large_image","twitter_misc":{"Ansl. lesetid":"1 minutt"},"schema":{"@context":"https:\/\/schema.org","@graph":[{"@type":"WebPage","@id":"https:\/\/distribucionarc.com\/hr\/producto\/maquina-industrial-mezcladora-tumbler\/","url":"https:\/\/distribucionarc.com\/hr\/producto\/maquina-industrial-mezcladora-tumbler\/","name":"INDUSTRI TUMBLER BLANDERMASKIN - ARC distribusjon","isPartOf":{"@id":"https:\/\/distribucionarc.com\/de\/#website"},"primaryImageOfPage":{"@id":"https:\/\/distribucionarc.com\/hr\/producto\/maquina-industrial-mezcladora-tumbler\/#primaryimage"},"image":{"@id":"https:\/\/distribucionarc.com\/hr\/producto\/maquina-industrial-mezcladora-tumbler\/#primaryimage"},"thumbnailUrl":"https:\/\/distribucionarc.com\/wp-content\/uploads\/2024\/04\/MAQUINA-INDUSTRIAL-MEZCLADORA-TUMBLER.webp","datePublished":"2024-04-26T19:06:07+00:00","dateModified":"2024-04-26T19:06:09+00:00","breadcrumb":{"@id":"https:\/\/distribucionarc.com\/hr\/producto\/maquina-industrial-mezcladora-tumbler\/#breadcrumb"},"inLanguage":"nb-NO","potentialAction":[{"@type":"ReadAction","target":["https:\/\/distribucionarc.com\/hr\/producto\/maquina-industrial-mezcladora-tumbler\/"]}]},{"@type":"ImageObject","inLanguage":"nb-NO","@id":"https:\/\/distribucionarc.com\/hr\/producto\/maquina-industrial-mezcladora-tumbler\/#primaryimage","url":"https:\/\/distribucionarc.com\/wp-content\/uploads\/2024\/04\/MAQUINA-INDUSTRIAL-MEZCLADORA-TUMBLER.webp","contentUrl":"https:\/\/distribucionarc.com\/wp-content\/uploads\/2024\/04\/MAQUINA-INDUSTRIAL-MEZCLADORA-TUMBLER.webp","width":992,"height":728,"caption":"#image_title"},{"@type":"BreadcrumbList","@id":"https:\/\/distribucionarc.com\/hr\/producto\/maquina-industrial-mezcladora-tumbler\/#breadcrumb","itemListElement":[{"@type":"ListItem","position":1,"name":"Portada","item":"https:\/\/distribucionarc.com\/pl\/"},{"@type":"ListItem","position":2,"name":"Produkty","item":"https:\/\/distribucionarc.com\/pl\/shop\/"},{"@type":"ListItem","position":3,"name":"MAQUINA INDUSTRIAL MEZCLADORA TUMBLER"}]},{"@type":"WebSite","@id":"https:\/\/distribucionarc.com\/de\/#website","url":"https:\/\/distribucionarc.com\/de\/","name":"ARC distribusjon","description":"Selskapet har spesialisert seg p\u00e5 produksjon og distribusjon av industrimaskiner, hermetikkboksforseglingsmaskiner, tablettmaskiner, kj\u00f8ttskj\u00e6remaskiner og...","publisher":{"@id":"https:\/\/distribucionarc.com\/de\/#organization"},"potentialAction":[{"@type":"SearchAction","target":{"@type":"EntryPoint","urlTemplate":"https:\/\/distribucionarc.com\/de\/?s={search_term_string}"},"query-input":{"@type":"PropertyValueSpecification","valueRequired":true,"valueName":"search_term_string"}}],"inLanguage":"nb-NO"},{"@type":"Organization","@id":"https:\/\/distribucionarc.com\/de\/#organization","name":"ARC distribusjon","url":"https:\/\/distribucionarc.com\/de\/","logo":{"@type":"ImageObject","inLanguage":"nb-NO","@id":"https:\/\/distribucionarc.com\/de\/#\/schema\/logo\/image\/","url":"https:\/\/distribucionarc.com\/wp-content\/uploads\/2024\/10\/distribucion-ARC-COLOR-SIN-FONDO-e1732295305345.png","contentUrl":"https:\/\/distribucionarc.com\/wp-content\/uploads\/2024\/10\/distribucion-ARC-COLOR-SIN-FONDO-e1732295305345.png","width":1164,"height":558,"caption":"Distribuci\u00f3n ARC"},"image":{"@id":"https:\/\/distribucionarc.com\/de\/#\/schema\/logo\/image\/"},"description":"Selskap som har spesialisert seg p\u00e5 produksjon og distribusjon av industrimaskiner til n\u00e6ringsmiddel- og farmasisektoren. Vi er spesialister p\u00e5: Kj\u00f8ttskj\u00e6remaskiner Tablettilvirkning Industrielle transportsystemer Tappelinjer Dispensere Og mye mer... Vi tilbyr innovative og skreddersydde l\u00f8sninger for \u00e5 optimalisere bedriftens produksjonsprosesser.","email":"Admistracion@distribucionarc.com","telephone":"+34 643496664","legalName":"ARC TECH SOLUTIONS","foundingDate":"2024-04-09","vatID":"B55480172","numberOfEmployees":{"@type":"QuantitativeValue","minValue":"1","maxValue":"10"}}]}},"_links":{"self":[{"href":"https:\/\/distribucionarc.com\/nb\/wp-json\/wp\/v2\/product\/6920","targetHints":{"allow":["GET"]}}],"collection":[{"href":"https:\/\/distribucionarc.com\/nb\/wp-json\/wp\/v2\/product"}],"about":[{"href":"https:\/\/distribucionarc.com\/nb\/wp-json\/wp\/v2\/types\/product"}],"replies":[{"embeddable":true,"href":"https:\/\/distribucionarc.com\/nb\/wp-json\/wp\/v2\/comments?post=6920"}],"version-history":[{"count":0,"href":"https:\/\/distribucionarc.com\/nb\/wp-json\/wp\/v2\/product\/6920\/revisions"}],"wp:featuredmedia":[{"embeddable":true,"href":"https:\/\/distribucionarc.com\/nb\/wp-json\/wp\/v2\/media\/6925"}],"wp:attachment":[{"href":"https:\/\/distribucionarc.com\/nb\/wp-json\/wp\/v2\/media?parent=6920"}],"wp:term":[{"taxonomy":"product_brand","embeddable":true,"href":"https:\/\/distribucionarc.com\/nb\/wp-json\/wp\/v2\/product_brand?post=6920"},{"taxonomy":"product_cat","embeddable":true,"href":"https:\/\/distribucionarc.com\/nb\/wp-json\/wp\/v2\/product_cat?post=6920"},{"taxonomy":"product_tag","embeddable":true,"href":"https:\/\/distribucionarc.com\/nb\/wp-json\/wp\/v2\/product_tag?post=6920"}],"curies":[{"name":"wp","href":"https:\/\/api.w.org\/{rel}","templated":true}]}}