{"id":6956,"date":"2024-04-27T04:33:24","date_gmt":"2024-04-27T04:33:24","guid":{"rendered":"https:\/\/distribucionarc.com\/?post_type=product&#038;p=6956"},"modified":"2024-07-03T16:19:54","modified_gmt":"2024-07-03T16:19:54","slug":"industriell-oscillerende-granulator-for-hyluronsyretabletter","status":"publish","type":"product","link":"https:\/\/distribucionarc.com\/nb\/producto\/granulador-oscilante-industrial-para-tabletas-de-acido-hiluronico\/","title":{"rendered":"INDUSTRIELL OSCILLERENDE GRANULATOR FOR HYLURONSYRE-TABLETTER"},"content":{"rendered":"<p>Oppdag <strong>YARK Oscillerende Type Granulator,<\/strong> den ideelle l\u00f8sningen for \u00e5 utvikle v\u00e5tt pulver til de n\u00f8dvendige granulatene og knuse t\u00f8rre materialer til blokker for \u00e5 oppn\u00e5 de \u00f8nskede granulatene. Dette allsidige utstyret er perfekt for produksjon av <strong>laboratorietesting eller forskning og utvikling av hyaluronsyretabletter<\/strong>. Med muligheten til \u00e5 endre skjermen til forskjellige masker, gj\u00f8r det mulig \u00e5 im\u00f8tekomme en rekke granuleringskrav. \u00d8k effektiviteten og presisjonen i produksjonsprosessen.<\/p>\n<p>&nbsp;<\/p>\n<table>\n<tbody>\n<tr>\n<td width=\"142\">Modell<\/td>\n<td width=\"142\">YARK-60<\/td>\n<td width=\"142\">YARK-90<\/td>\n<td width=\"142\">YARK-160<\/td>\n<\/tr>\n<tr>\n<td width=\"142\">Motordiameter (millimeter)<\/td>\n<td width=\"142\">60<\/td>\n<td width=\"142\">90<\/td>\n<td width=\"142\">160<\/td>\n<\/tr>\n<tr>\n<td width=\"142\">Produksjonskapasitet (kg\/t)<\/td>\n<td width=\"142\">20-30<\/td>\n<td width=\"142\">50-100<\/td>\n<td width=\"142\">200-300<\/td>\n<\/tr>\n<tr>\n<td width=\"142\">b\u00f8lgelyd<\/td>\n<td width=\"142\">-360*<\/td>\n<td width=\"142\">-360*<\/td>\n<td width=\"142\">-360*<\/td>\n<\/tr>\n<tr>\n<td width=\"142\">Produksjonskapasitet (tider\/min)<\/td>\n<td width=\"142\">46<\/td>\n<td width=\"142\">50<\/td>\n<td width=\"142\">55<\/td>\n<\/tr>\n<tr>\n<td width=\"142\">Motoreffekt (kw)<\/td>\n<td width=\"142\">0.55<\/td>\n<td width=\"142\">0.75<\/td>\n<td width=\"142\">3.0<\/td>\n<\/tr>\n<tr>\n<td width=\"142\">Vekt (kg)<\/td>\n<td width=\"142\">55<\/td>\n<td width=\"142\">150<\/td>\n<td width=\"142\">330<\/td>\n<\/tr>\n<tr>\n<td width=\"142\">Total st\u00f8rrelse (millimeter)<\/td>\n<td width=\"142\">460*<\/p>\n<p>550*<\/p>\n<p>570*<\/td>\n<td width=\"142\">750*<\/p>\n<p>460*<\/p>\n<p>840*<\/td>\n<td width=\"142\">950*<\/p>\n<p>750*<\/p>\n<p>1240*<\/td>\n<\/tr>\n<\/tbody>\n<\/table>\n<p>&nbsp;<\/p>","protected":false},"excerpt":{"rendered":"<p>Oppdag YARK oscillerende granulator, den ideelle l\u00f8sningen for \u00e5 utvikle v\u00e5tt pulver til n\u00f8dvendige granuler og knusematerialer.<\/p>","protected":false},"featured_media":6962,"comment_status":"open","ping_status":"closed","template":"","meta":{"wds_primary_product_brand":0,"wds_primary_product_cat":0},"product_brand":[],"product_cat":[84],"product_tag":[],"class_list":{"0":"post-6956","1":"product","2":"type-product","3":"status-publish","4":"has-post-thumbnail","6":"product_cat-maquinas-para-hacer-pastillas","8":"first","9":"instock","10":"taxable","11":"shipping-taxable","12":"purchasable","13":"product-type-simple"},"yoast_head":"<!-- This site is optimized with the Yoast SEO Premium plugin v24.9 (Yoast SEO v26.1) - https:\/\/yoast.com\/wordpress\/plugins\/seo\/ -->\n<title>GRANULADOR OSCILANTE INDUSTRIAL PARA TABLETAS DE ACIDO HILURONICO - distribuci\u00f3n ARC<\/title>\n<meta name=\"robots\" content=\"index, follow, max-snippet:-1, max-image-preview:large, max-video-preview:-1\" \/>\n<link rel=\"canonical\" href=\"https:\/\/distribucionarc.com\/nb\/produkter\/industriell-oscillerende-granulator-for-hyluronsyretabletter\/\" \/>\n<meta property=\"og:locale\" content=\"nb_NO\" \/>\n<meta property=\"og:type\" content=\"article\" \/>\n<meta property=\"og:title\" content=\"GRANULADOR OSCILANTE INDUSTRIAL PARA TABLETAS DE ACIDO HILURONICO\" \/>\n<meta property=\"og:description\" content=\"Descubre el Granulador Tipo Oscilante YARK, la soluci\u00f3n ideal para desarrollar polvo h\u00famedo en los gr\u00e1nulos necesarios y triturar materiales\" \/>\n<meta property=\"og:url\" content=\"https:\/\/distribucionarc.com\/nb\/produkter\/industriell-oscillerende-granulator-for-hyluronsyretabletter\/\" \/>\n<meta property=\"og:site_name\" content=\"distribuci\u00f3n ARC\" \/>\n<meta property=\"article:modified_time\" content=\"2024-07-03T16:19:54+00:00\" \/>\n<meta property=\"og:image\" content=\"https:\/\/distribucionarc.com\/wp-content\/uploads\/2024\/04\/GRANULADOR-OSCILANTE-INDUSTRIAL-PARA-TABLETAS-DE-ACIDO-HILURONICO.webp\" \/>\n\t<meta property=\"og:image:width\" content=\"1920\" \/>\n\t<meta property=\"og:image:height\" content=\"701\" \/>\n\t<meta property=\"og:image:type\" content=\"image\/webp\" \/>\n<meta name=\"twitter:card\" content=\"summary_large_image\" \/>\n<meta name=\"twitter:label1\" content=\"Ansl. lesetid\" \/>\n\t<meta name=\"twitter:data1\" content=\"1 minutt\" \/>\n<script type=\"application\/ld+json\" class=\"yoast-schema-graph\">{\"@context\":\"https:\/\/schema.org\",\"@graph\":[{\"@type\":\"WebPage\",\"@id\":\"https:\/\/distribucionarc.com\/ro\/producto\/granulador-oscilante-industrial-para-tabletas-de-acido-hiluronico\/\",\"url\":\"https:\/\/distribucionarc.com\/ro\/producto\/granulador-oscilante-industrial-para-tabletas-de-acido-hiluronico\/\",\"name\":\"GRANULADOR OSCILANTE INDUSTRIAL PARA TABLETAS DE ACIDO HILURONICO - distribuci\u00f3n ARC\",\"isPartOf\":{\"@id\":\"https:\/\/distribucionarc.com\/bg\/#website\"},\"primaryImageOfPage\":{\"@id\":\"https:\/\/distribucionarc.com\/ro\/producto\/granulador-oscilante-industrial-para-tabletas-de-acido-hiluronico\/#primaryimage\"},\"image\":{\"@id\":\"https:\/\/distribucionarc.com\/ro\/producto\/granulador-oscilante-industrial-para-tabletas-de-acido-hiluronico\/#primaryimage\"},\"thumbnailUrl\":\"https:\/\/distribucionarc.com\/wp-content\/uploads\/2024\/04\/GRANULADOR-OSCILANTE-INDUSTRIAL-PARA-TABLETAS-DE-ACIDO-HILURONICO.webp\",\"datePublished\":\"2024-04-27T04:33:24+00:00\",\"dateModified\":\"2024-07-03T16:19:54+00:00\",\"breadcrumb\":{\"@id\":\"https:\/\/distribucionarc.com\/ro\/producto\/granulador-oscilante-industrial-para-tabletas-de-acido-hiluronico\/#breadcrumb\"},\"inLanguage\":\"nb-NO\",\"potentialAction\":[{\"@type\":\"ReadAction\",\"target\":[\"https:\/\/distribucionarc.com\/ro\/producto\/granulador-oscilante-industrial-para-tabletas-de-acido-hiluronico\/\"]}]},{\"@type\":\"ImageObject\",\"inLanguage\":\"nb-NO\",\"@id\":\"https:\/\/distribucionarc.com\/ro\/producto\/granulador-oscilante-industrial-para-tabletas-de-acido-hiluronico\/#primaryimage\",\"url\":\"https:\/\/distribucionarc.com\/wp-content\/uploads\/2024\/04\/GRANULADOR-OSCILANTE-INDUSTRIAL-PARA-TABLETAS-DE-ACIDO-HILURONICO.webp\",\"contentUrl\":\"https:\/\/distribucionarc.com\/wp-content\/uploads\/2024\/04\/GRANULADOR-OSCILANTE-INDUSTRIAL-PARA-TABLETAS-DE-ACIDO-HILURONICO.webp\",\"width\":1920,\"height\":701,\"caption\":\"#image_title\"},{\"@type\":\"BreadcrumbList\",\"@id\":\"https:\/\/distribucionarc.com\/ro\/producto\/granulador-oscilante-industrial-para-tabletas-de-acido-hiluronico\/#breadcrumb\",\"itemListElement\":[{\"@type\":\"ListItem\",\"position\":1,\"name\":\"Portada\",\"item\":\"https:\/\/distribucionarc.com\/nb\/\"},{\"@type\":\"ListItem\",\"position\":2,\"name\":\"Products\",\"item\":\"https:\/\/www.distribucionarc.com\/en\/shop\/\"},{\"@type\":\"ListItem\",\"position\":3,\"name\":\"GRANULADOR OSCILANTE INDUSTRIAL PARA TABLETAS DE ACIDO HILURONICO\"}]},{\"@type\":\"WebSite\",\"@id\":\"https:\/\/distribucionarc.com\/bg\/#website\",\"url\":\"https:\/\/distribucionarc.com\/bg\/\",\"name\":\"distribuci\u00f3n ARC\",\"description\":\"Empresa especializada en la fabricaci\u00f3n y distribuci\u00f3n de maquinaria industrial, selladoras de latas, Maquinas de hacer pastillas, Maquinas de cortar carne...\",\"publisher\":{\"@id\":\"https:\/\/distribucionarc.com\/bg\/#organization\"},\"potentialAction\":[{\"@type\":\"SearchAction\",\"target\":{\"@type\":\"EntryPoint\",\"urlTemplate\":\"https:\/\/distribucionarc.com\/bg\/?s={search_term_string}\"},\"query-input\":{\"@type\":\"PropertyValueSpecification\",\"valueRequired\":true,\"valueName\":\"search_term_string\"}}],\"inLanguage\":\"nb-NO\"},{\"@type\":\"Organization\",\"@id\":\"https:\/\/distribucionarc.com\/bg\/#organization\",\"name\":\"Distribuci\u00f3n ARC\",\"url\":\"https:\/\/distribucionarc.com\/bg\/\",\"logo\":{\"@type\":\"ImageObject\",\"inLanguage\":\"nb-NO\",\"@id\":\"https:\/\/distribucionarc.com\/bg\/#\/schema\/logo\/image\/\",\"url\":\"https:\/\/distribucionarc.com\/wp-content\/uploads\/2024\/10\/distribucion-ARC-COLOR-SIN-FONDO-e1732295305345.png\",\"contentUrl\":\"https:\/\/distribucionarc.com\/wp-content\/uploads\/2024\/10\/distribucion-ARC-COLOR-SIN-FONDO-e1732295305345.png\",\"width\":1164,\"height\":558,\"caption\":\"Distribuci\u00f3n ARC\"},\"image\":{\"@id\":\"https:\/\/distribucionarc.com\/bg\/#\/schema\/logo\/image\/\"},\"description\":\"Empresa especializada en la fabricaci\u00f3n y distribuci\u00f3n de maquinaria industrial para los sectores alimentario y farmac\u00e9utico. Nos especializamos en: M\u00e1quinas de cortar carne Fabricaci\u00f3n de comprimidos Sistemas de transporte industrial L\u00edneas de embotellado Dosificadores Y mucho m\u00e1s... Ofrecemos soluciones innovadoras y personalizadas para optimizar los procesos productivos de tu empresa.\",\"email\":\"Admistracion@distribucionarc.com\",\"telephone\":\"+34 643496664\",\"legalName\":\"ARC TECH SOLUTIONS\",\"foundingDate\":\"2024-04-09\",\"vatID\":\"B55480172\",\"numberOfEmployees\":{\"@type\":\"QuantitativeValue\",\"minValue\":\"1\",\"maxValue\":\"10\"}}]}<\/script>\n<!-- \/ Yoast SEO Premium plugin. -->","yoast_head_json":{"title":"INDUSTRIELL OSCILLERENDE GRANULATOR FOR HYLURONSYRE-TABLETTER - ARC-distribusjon","robots":{"index":"index","follow":"follow","max-snippet":"max-snippet:-1","max-image-preview":"max-image-preview:large","max-video-preview":"max-video-preview:-1"},"canonical":"https:\/\/distribucionarc.com\/nb\/produkter\/industriell-oscillerende-granulator-for-hyluronsyretabletter\/","og_locale":"nb_NO","og_type":"article","og_title":"GRANULADOR OSCILANTE INDUSTRIAL PARA TABLETAS DE ACIDO HILURONICO","og_description":"Descubre el Granulador Tipo Oscilante YARK, la soluci\u00f3n ideal para desarrollar polvo h\u00famedo en los gr\u00e1nulos necesarios y triturar materiales","og_url":"https:\/\/distribucionarc.com\/nb\/produkter\/industriell-oscillerende-granulator-for-hyluronsyretabletter\/","og_site_name":"distribuci\u00f3n ARC","article_modified_time":"2024-07-03T16:19:54+00:00","og_image":[{"width":1920,"height":701,"url":"https:\/\/distribucionarc.com\/wp-content\/uploads\/2024\/04\/GRANULADOR-OSCILANTE-INDUSTRIAL-PARA-TABLETAS-DE-ACIDO-HILURONICO.webp","type":"image\/webp"}],"twitter_card":"summary_large_image","twitter_misc":{"Ansl. lesetid":"1 minutt"},"schema":{"@context":"https:\/\/schema.org","@graph":[{"@type":"WebPage","@id":"https:\/\/distribucionarc.com\/ro\/producto\/granulador-oscilante-industrial-para-tabletas-de-acido-hiluronico\/","url":"https:\/\/distribucionarc.com\/ro\/producto\/granulador-oscilante-industrial-para-tabletas-de-acido-hiluronico\/","name":"INDUSTRIELL OSCILLERENDE GRANULATOR FOR HYLURONSYRE-TABLETTER - ARC-distribusjon","isPartOf":{"@id":"https:\/\/distribucionarc.com\/bg\/#website"},"primaryImageOfPage":{"@id":"https:\/\/distribucionarc.com\/ro\/producto\/granulador-oscilante-industrial-para-tabletas-de-acido-hiluronico\/#primaryimage"},"image":{"@id":"https:\/\/distribucionarc.com\/ro\/producto\/granulador-oscilante-industrial-para-tabletas-de-acido-hiluronico\/#primaryimage"},"thumbnailUrl":"https:\/\/distribucionarc.com\/wp-content\/uploads\/2024\/04\/GRANULADOR-OSCILANTE-INDUSTRIAL-PARA-TABLETAS-DE-ACIDO-HILURONICO.webp","datePublished":"2024-04-27T04:33:24+00:00","dateModified":"2024-07-03T16:19:54+00:00","breadcrumb":{"@id":"https:\/\/distribucionarc.com\/ro\/producto\/granulador-oscilante-industrial-para-tabletas-de-acido-hiluronico\/#breadcrumb"},"inLanguage":"nb-NO","potentialAction":[{"@type":"ReadAction","target":["https:\/\/distribucionarc.com\/ro\/producto\/granulador-oscilante-industrial-para-tabletas-de-acido-hiluronico\/"]}]},{"@type":"ImageObject","inLanguage":"nb-NO","@id":"https:\/\/distribucionarc.com\/ro\/producto\/granulador-oscilante-industrial-para-tabletas-de-acido-hiluronico\/#primaryimage","url":"https:\/\/distribucionarc.com\/wp-content\/uploads\/2024\/04\/GRANULADOR-OSCILANTE-INDUSTRIAL-PARA-TABLETAS-DE-ACIDO-HILURONICO.webp","contentUrl":"https:\/\/distribucionarc.com\/wp-content\/uploads\/2024\/04\/GRANULADOR-OSCILANTE-INDUSTRIAL-PARA-TABLETAS-DE-ACIDO-HILURONICO.webp","width":1920,"height":701,"caption":"#image_title"},{"@type":"BreadcrumbList","@id":"https:\/\/distribucionarc.com\/ro\/producto\/granulador-oscilante-industrial-para-tabletas-de-acido-hiluronico\/#breadcrumb","itemListElement":[{"@type":"ListItem","position":1,"name":"Portada","item":"https:\/\/distribucionarc.com\/nb\/"},{"@type":"ListItem","position":2,"name":"Products","item":"https:\/\/www.distribucionarc.com\/en\/shop\/"},{"@type":"ListItem","position":3,"name":"GRANULADOR OSCILANTE INDUSTRIAL PARA TABLETAS DE ACIDO HILURONICO"}]},{"@type":"WebSite","@id":"https:\/\/distribucionarc.com\/bg\/#website","url":"https:\/\/distribucionarc.com\/bg\/","name":"ARC distribusjon","description":"Selskapet har spesialisert seg p\u00e5 produksjon og distribusjon av industrimaskiner, hermetikkboksforseglingsmaskiner, tablettmaskiner, kj\u00f8ttskj\u00e6remaskiner og...","publisher":{"@id":"https:\/\/distribucionarc.com\/bg\/#organization"},"potentialAction":[{"@type":"SearchAction","target":{"@type":"EntryPoint","urlTemplate":"https:\/\/distribucionarc.com\/bg\/?s={search_term_string}"},"query-input":{"@type":"PropertyValueSpecification","valueRequired":true,"valueName":"search_term_string"}}],"inLanguage":"nb-NO"},{"@type":"Organization","@id":"https:\/\/distribucionarc.com\/bg\/#organization","name":"ARC distribusjon","url":"https:\/\/distribucionarc.com\/bg\/","logo":{"@type":"ImageObject","inLanguage":"nb-NO","@id":"https:\/\/distribucionarc.com\/bg\/#\/schema\/logo\/image\/","url":"https:\/\/distribucionarc.com\/wp-content\/uploads\/2024\/10\/distribucion-ARC-COLOR-SIN-FONDO-e1732295305345.png","contentUrl":"https:\/\/distribucionarc.com\/wp-content\/uploads\/2024\/10\/distribucion-ARC-COLOR-SIN-FONDO-e1732295305345.png","width":1164,"height":558,"caption":"Distribuci\u00f3n ARC"},"image":{"@id":"https:\/\/distribucionarc.com\/bg\/#\/schema\/logo\/image\/"},"description":"Selskap som har spesialisert seg p\u00e5 produksjon og distribusjon av industrimaskiner til n\u00e6ringsmiddel- og farmasisektoren. Vi er spesialister p\u00e5: Kj\u00f8ttskj\u00e6remaskiner Tablettilvirkning Industrielle transportsystemer Tappelinjer Dispensere Og mye mer... Vi tilbyr innovative og skreddersydde l\u00f8sninger for \u00e5 optimalisere bedriftens produksjonsprosesser.","email":"Admistracion@distribucionarc.com","telephone":"+34 643496664","legalName":"ARC TECH SOLUTIONS","foundingDate":"2024-04-09","vatID":"B55480172","numberOfEmployees":{"@type":"QuantitativeValue","minValue":"1","maxValue":"10"}}]}},"_links":{"self":[{"href":"https:\/\/distribucionarc.com\/nb\/wp-json\/wp\/v2\/product\/6956","targetHints":{"allow":["GET"]}}],"collection":[{"href":"https:\/\/distribucionarc.com\/nb\/wp-json\/wp\/v2\/product"}],"about":[{"href":"https:\/\/distribucionarc.com\/nb\/wp-json\/wp\/v2\/types\/product"}],"replies":[{"embeddable":true,"href":"https:\/\/distribucionarc.com\/nb\/wp-json\/wp\/v2\/comments?post=6956"}],"version-history":[{"count":0,"href":"https:\/\/distribucionarc.com\/nb\/wp-json\/wp\/v2\/product\/6956\/revisions"}],"wp:featuredmedia":[{"embeddable":true,"href":"https:\/\/distribucionarc.com\/nb\/wp-json\/wp\/v2\/media\/6962"}],"wp:attachment":[{"href":"https:\/\/distribucionarc.com\/nb\/wp-json\/wp\/v2\/media?parent=6956"}],"wp:term":[{"taxonomy":"product_brand","embeddable":true,"href":"https:\/\/distribucionarc.com\/nb\/wp-json\/wp\/v2\/product_brand?post=6956"},{"taxonomy":"product_cat","embeddable":true,"href":"https:\/\/distribucionarc.com\/nb\/wp-json\/wp\/v2\/product_cat?post=6956"},{"taxonomy":"product_tag","embeddable":true,"href":"https:\/\/distribucionarc.com\/nb\/wp-json\/wp\/v2\/product_tag?post=6956"}],"curies":[{"name":"wp","href":"https:\/\/api.w.org\/{rel}","templated":true}]}}