{"id":6996,"date":"2024-04-27T07:48:43","date_gmt":"2024-04-27T07:48:43","guid":{"rendered":"https:\/\/distribucionarc.com\/?post_type=product&#038;p=6996"},"modified":"2024-04-27T07:48:46","modified_gmt":"2024-04-27T07:48:46","slug":"belegningsmaskin-med-myknere-for-proteiner","status":"publish","type":"product","link":"https:\/\/distribucionarc.com\/nb\/producto\/maquina-recubridora-con-plastificantes-para-proteinas\/","title":{"rendered":"GRAVEMASKIN MED MYKKER FOR PROTEINER"},"content":{"rendered":"<p>Oppdag effektiviteten til<strong> BARYC Series Coating Machine<\/strong>, designet for farmas\u00f8ytisk og n\u00e6ringsmiddelindustrien. Dette allsidige utstyret er perfekt for <strong>belegg tabletter med erteproteinmyknere og sukkerbelagte tabletter,<\/strong> samt for modning av frukt. Dens justerbare vippevinkelen p\u00e5 belegningsgryten og muligheten for \u00e5 plassere varmeanordningen under den garanterer en presis og kontrollert prosess. Optimaliser produksjonen din og s\u00f8rg for kvaliteten p\u00e5 produktene dine med <strong>BARYC Series Coating Machine.<\/strong> Styr driften din med denne avanserte og p\u00e5litelige l\u00f8sningen!<\/p>\n<p>&nbsp;<\/p>\n<table>\n<tbody>\n<tr>\n<td width=\"61\">Modell<\/td>\n<td width=\"70\">Diameter for sukkerbeleggbeholder (mm)<\/td>\n<td width=\"67\">Sukkerbeleggbeholderhastighet (omdreininger\/min)<\/td>\n<td width=\"49\">Motoreffekt (kw)<\/td>\n<td width=\"54\">Varmekabeleffekt (W)<\/td>\n<td width=\"54\">Vifteeffekt (w)<\/td>\n<td width=\"57\">Kapasitet (kg\/t)<\/td>\n<td width=\"60\">Effekt av annen oppvarming (w)<\/td>\n<td width=\"49\">Maskinvekt (kg)<\/td>\n<td width=\"45\">Total st\u00f8rrelse (millimeter)<\/td>\n<\/tr>\n<tr>\n<td width=\"61\">BARYC300<\/td>\n<td width=\"70\">300<\/td>\n<td width=\"67\">46<\/td>\n<td width=\"49\">0.55<\/td>\n<td width=\"54\">500<\/td>\n<td width=\"54\">40<\/td>\n<td width=\"57\">2<\/td>\n<td width=\"60\">500<\/td>\n<td width=\"49\">65<\/td>\n<td width=\"45\">485*<\/p>\n<p>585*<\/p>\n<p>766*<\/td>\n<\/tr>\n<tr>\n<td width=\"61\">BARYC400<\/td>\n<td width=\"70\">400<\/td>\n<td width=\"67\">46<\/td>\n<td width=\"49\">0.55<\/td>\n<td width=\"54\">500<\/td>\n<td width=\"54\">40<\/td>\n<td width=\"57\">5<\/td>\n<td width=\"60\">500<\/td>\n<td width=\"49\">70<\/td>\n<td width=\"45\">485*<\/p>\n<p>585*<\/p>\n<p>810*<\/td>\n<\/tr>\n<tr>\n<td width=\"61\">BARYC600<\/td>\n<td width=\"70\">600<\/td>\n<td width=\"67\">40<\/td>\n<td width=\"49\">0.75<\/td>\n<td width=\"54\">800<\/td>\n<td width=\"54\">60<\/td>\n<td width=\"57\">15<\/td>\n<td width=\"60\">600<\/td>\n<td width=\"49\">120<\/td>\n<td width=\"45\">700*<\/p>\n<p>540*<\/p>\n<p>1300*<\/td>\n<\/tr>\n<tr>\n<td width=\"61\">BARYC800<\/td>\n<td width=\"70\">800<\/td>\n<td width=\"67\">32<\/td>\n<td width=\"49\">1.1<\/td>\n<td width=\"54\">1000<\/td>\n<td width=\"54\">250<\/td>\n<td width=\"57\">30-50<\/td>\n<td width=\"60\">2000<\/td>\n<td width=\"49\">240<\/td>\n<td width=\"45\">925*<\/p>\n<p>900*<\/p>\n<p>1500*<\/td>\n<\/tr>\n<tr>\n<td width=\"61\">BARYC1000<\/td>\n<td width=\"70\">1000<\/td>\n<td width=\"67\">32<\/td>\n<td width=\"49\">1.5<\/td>\n<td width=\"54\">1000<\/td>\n<td width=\"54\">250<\/td>\n<td width=\"57\">50-70<\/td>\n<td width=\"60\">2000<\/td>\n<td width=\"49\">250<\/td>\n<td width=\"45\">1100*<\/p>\n<p>1100*<\/p>\n<p>1600*<\/td>\n<\/tr>\n<tr>\n<td width=\"61\">BARYC1250<\/td>\n<td width=\"70\">1250<\/td>\n<td width=\"67\">30<\/td>\n<td width=\"49\">2.2<\/td>\n<td width=\"54\">1000<\/td>\n<td width=\"54\">250<\/td>\n<td width=\"57\">90-150<\/td>\n<td width=\"60\">2000<\/td>\n<td width=\"49\">280<\/td>\n<td width=\"45\">1200*<\/p>\n<p>1250*<\/p>\n<p>1630*<\/td>\n<\/tr>\n<\/tbody>\n<\/table>\n<p>&nbsp;<\/p>","protected":false},"excerpt":{"rendered":"<p>Oppdag effektiviteten til BARYC-serien av belegningsmaskiner, designet for farmas\u00f8ytisk industri og n\u00e6ringsmiddelindustrien. Dette allsidige teamet er<\/p>","protected":false},"featured_media":6997,"comment_status":"open","ping_status":"closed","template":"","meta":{"wds_primary_product_brand":0,"wds_primary_product_cat":0},"product_brand":[],"product_cat":[84],"product_tag":[],"class_list":{"0":"post-6996","1":"product","2":"type-product","3":"status-publish","4":"has-post-thumbnail","6":"product_cat-maquinas-para-hacer-pastillas","8":"first","9":"instock","10":"taxable","11":"shipping-taxable","12":"purchasable","13":"product-type-simple"},"yoast_head":"<!-- This site is optimized with the Yoast SEO Premium plugin v24.9 (Yoast SEO v26.1) - https:\/\/yoast.com\/wordpress\/plugins\/seo\/ -->\n<title>MAQUINA GRAJEADORA CON PLASTIFICANTES PARA PROTEINAS - distribuci\u00f3n ARC<\/title>\n<meta name=\"robots\" content=\"index, follow, max-snippet:-1, max-image-preview:large, max-video-preview:-1\" \/>\n<link rel=\"canonical\" href=\"https:\/\/www.distribucionarc.com\/it\/producto\/maquina-recubridora-con-plastificantes-para-proteinas\/\" \/>\n<meta property=\"og:locale\" content=\"nb_NO\" \/>\n<meta property=\"og:type\" content=\"article\" \/>\n<meta property=\"og:title\" content=\"MAQUINA GRAJEADORA CON PLASTIFICANTES PARA PROTEINAS\" \/>\n<meta property=\"og:description\" content=\"Descubre la eficacia de la M\u00e1quina Grajeadora Serie BARYC, dise\u00f1ada para la industria farmac\u00e9utica y alimentaria. Este equipo vers\u00e1til es\" \/>\n<meta property=\"og:url\" content=\"https:\/\/www.distribucionarc.com\/it\/producto\/maquina-recubridora-con-plastificantes-para-proteinas\/\" \/>\n<meta property=\"og:site_name\" content=\"distribuci\u00f3n ARC\" \/>\n<meta property=\"article:modified_time\" content=\"2024-04-27T07:48:46+00:00\" \/>\n<meta property=\"og:image\" content=\"https:\/\/www.distribucionarc.com\/wp-content\/uploads\/2024\/04\/MAQUINA-GRAJEADORA-CON-PLASTIFICANTES-PARA-PROTEINAS.webp\" \/>\n\t<meta property=\"og:image:width\" content=\"1736\" \/>\n\t<meta property=\"og:image:height\" content=\"1040\" \/>\n\t<meta property=\"og:image:type\" content=\"image\/webp\" \/>\n<meta name=\"twitter:card\" content=\"summary_large_image\" \/>\n<meta name=\"twitter:label1\" content=\"Ansl. lesetid\" \/>\n\t<meta name=\"twitter:data1\" content=\"1 minutt\" \/>\n<script type=\"application\/ld+json\" class=\"yoast-schema-graph\">{\"@context\":\"https:\/\/schema.org\",\"@graph\":[{\"@type\":\"WebPage\",\"@id\":\"https:\/\/www.distribucionarc.com\/it\/producto\/maquina-recubridora-con-plastificantes-para-proteinas\/\",\"url\":\"https:\/\/www.distribucionarc.com\/it\/producto\/maquina-recubridora-con-plastificantes-para-proteinas\/\",\"name\":\"MAQUINA GRAJEADORA CON PLASTIFICANTES PARA PROTEINAS - distribuci\u00f3n ARC\",\"isPartOf\":{\"@id\":\"https:\/\/www.distribucionarc.com\/sl\/#website\"},\"primaryImageOfPage\":{\"@id\":\"https:\/\/www.distribucionarc.com\/it\/producto\/maquina-recubridora-con-plastificantes-para-proteinas\/#primaryimage\"},\"image\":{\"@id\":\"https:\/\/www.distribucionarc.com\/it\/producto\/maquina-recubridora-con-plastificantes-para-proteinas\/#primaryimage\"},\"thumbnailUrl\":\"https:\/\/distribucionarc.com\/wp-content\/uploads\/2024\/04\/MAQUINA-GRAJEADORA-CON-PLASTIFICANTES-PARA-PROTEINAS.webp\",\"datePublished\":\"2024-04-27T07:48:43+00:00\",\"dateModified\":\"2024-04-27T07:48:46+00:00\",\"breadcrumb\":{\"@id\":\"https:\/\/www.distribucionarc.com\/it\/producto\/maquina-recubridora-con-plastificantes-para-proteinas\/#breadcrumb\"},\"inLanguage\":\"nb-NO\",\"potentialAction\":[{\"@type\":\"ReadAction\",\"target\":[\"https:\/\/www.distribucionarc.com\/it\/producto\/maquina-recubridora-con-plastificantes-para-proteinas\/\"]}]},{\"@type\":\"ImageObject\",\"inLanguage\":\"nb-NO\",\"@id\":\"https:\/\/www.distribucionarc.com\/it\/producto\/maquina-recubridora-con-plastificantes-para-proteinas\/#primaryimage\",\"url\":\"https:\/\/distribucionarc.com\/wp-content\/uploads\/2024\/04\/MAQUINA-GRAJEADORA-CON-PLASTIFICANTES-PARA-PROTEINAS.webp\",\"contentUrl\":\"https:\/\/distribucionarc.com\/wp-content\/uploads\/2024\/04\/MAQUINA-GRAJEADORA-CON-PLASTIFICANTES-PARA-PROTEINAS.webp\",\"width\":1736,\"height\":1040,\"caption\":\"#image_title\"},{\"@type\":\"BreadcrumbList\",\"@id\":\"https:\/\/www.distribucionarc.com\/it\/producto\/maquina-recubridora-con-plastificantes-para-proteinas\/#breadcrumb\",\"itemListElement\":[{\"@type\":\"ListItem\",\"position\":1,\"name\":\"Portada\",\"item\":\"https:\/\/www.distribucionarc.com\/\"},{\"@type\":\"ListItem\",\"position\":2,\"name\":\"\u00dcr\u00fcnler\",\"item\":\"https:\/\/www.distribucionarc.com\/tr\/magaza\/\"},{\"@type\":\"ListItem\",\"position\":3,\"name\":\"MAQUINA GRAJEADORA CON PLASTIFICANTES PARA PROTEINAS\"}]},{\"@type\":\"WebSite\",\"@id\":\"https:\/\/www.distribucionarc.com\/sl\/#website\",\"url\":\"https:\/\/www.distribucionarc.com\/sl\/\",\"name\":\"distribuci\u00f3n ARC\",\"description\":\"Empresa especializada en la fabricaci\u00f3n y distribuci\u00f3n de maquinaria industrial, selladoras de latas, Maquinas de hacer pastillas, Maquinas de cortar carne...\",\"publisher\":{\"@id\":\"https:\/\/www.distribucionarc.com\/sl\/#organization\"},\"potentialAction\":[{\"@type\":\"SearchAction\",\"target\":{\"@type\":\"EntryPoint\",\"urlTemplate\":\"https:\/\/www.distribucionarc.com\/sl\/?s={search_term_string}\"},\"query-input\":{\"@type\":\"PropertyValueSpecification\",\"valueRequired\":true,\"valueName\":\"search_term_string\"}}],\"inLanguage\":\"nb-NO\"},{\"@type\":\"Organization\",\"@id\":\"https:\/\/www.distribucionarc.com\/sl\/#organization\",\"name\":\"Distribuci\u00f3n ARC\",\"url\":\"https:\/\/www.distribucionarc.com\/sl\/\",\"logo\":{\"@type\":\"ImageObject\",\"inLanguage\":\"nb-NO\",\"@id\":\"https:\/\/www.distribucionarc.com\/sl\/#\/schema\/logo\/image\/\",\"url\":\"https:\/\/distribucionarc.com\/wp-content\/uploads\/2024\/10\/distribucion-ARC-COLOR-SIN-FONDO-e1732295305345.png\",\"contentUrl\":\"https:\/\/distribucionarc.com\/wp-content\/uploads\/2024\/10\/distribucion-ARC-COLOR-SIN-FONDO-e1732295305345.png\",\"width\":1164,\"height\":558,\"caption\":\"Distribuci\u00f3n ARC\"},\"image\":{\"@id\":\"https:\/\/www.distribucionarc.com\/sl\/#\/schema\/logo\/image\/\"},\"description\":\"Empresa especializada en la fabricaci\u00f3n y distribuci\u00f3n de maquinaria industrial para los sectores alimentario y farmac\u00e9utico. Nos especializamos en: M\u00e1quinas de cortar carne Fabricaci\u00f3n de comprimidos Sistemas de transporte industrial L\u00edneas de embotellado Dosificadores Y mucho m\u00e1s... Ofrecemos soluciones innovadoras y personalizadas para optimizar los procesos productivos de tu empresa.\",\"email\":\"Admistracion@distribucionarc.com\",\"telephone\":\"+34 643496664\",\"legalName\":\"ARC TECH SOLUTIONS\",\"foundingDate\":\"2024-04-09\",\"vatID\":\"B55480172\",\"numberOfEmployees\":{\"@type\":\"QuantitativeValue\",\"minValue\":\"1\",\"maxValue\":\"10\"}}]}<\/script>\n<!-- \/ Yoast SEO Premium plugin. -->","yoast_head_json":{"title":"MYKNINGSMASKIN FOR PROTEINER - lysbuefordeling","robots":{"index":"index","follow":"follow","max-snippet":"max-snippet:-1","max-image-preview":"max-image-preview:large","max-video-preview":"max-video-preview:-1"},"canonical":"https:\/\/www.distribucionarc.com\/it\/producto\/maquina-recubridora-con-plastificantes-para-proteinas\/","og_locale":"nb_NO","og_type":"article","og_title":"MAQUINA GRAJEADORA CON PLASTIFICANTES PARA PROTEINAS","og_description":"Descubre la eficacia de la M\u00e1quina Grajeadora Serie BARYC, dise\u00f1ada para la industria farmac\u00e9utica y alimentaria. Este equipo vers\u00e1til es","og_url":"https:\/\/www.distribucionarc.com\/it\/producto\/maquina-recubridora-con-plastificantes-para-proteinas\/","og_site_name":"distribuci\u00f3n ARC","article_modified_time":"2024-04-27T07:48:46+00:00","og_image":[{"width":1736,"height":1040,"url":"https:\/\/www.distribucionarc.com\/wp-content\/uploads\/2024\/04\/MAQUINA-GRAJEADORA-CON-PLASTIFICANTES-PARA-PROTEINAS.webp","type":"image\/webp"}],"twitter_card":"summary_large_image","twitter_misc":{"Ansl. lesetid":"1 minutt"},"schema":{"@context":"https:\/\/schema.org","@graph":[{"@type":"WebPage","@id":"https:\/\/www.distribucionarc.com\/it\/producto\/maquina-recubridora-con-plastificantes-para-proteinas\/","url":"https:\/\/www.distribucionarc.com\/it\/producto\/maquina-recubridora-con-plastificantes-para-proteinas\/","name":"MYKNINGSMASKIN FOR PROTEINER - lysbuefordeling","isPartOf":{"@id":"https:\/\/www.distribucionarc.com\/sl\/#website"},"primaryImageOfPage":{"@id":"https:\/\/www.distribucionarc.com\/it\/producto\/maquina-recubridora-con-plastificantes-para-proteinas\/#primaryimage"},"image":{"@id":"https:\/\/www.distribucionarc.com\/it\/producto\/maquina-recubridora-con-plastificantes-para-proteinas\/#primaryimage"},"thumbnailUrl":"https:\/\/distribucionarc.com\/wp-content\/uploads\/2024\/04\/MAQUINA-GRAJEADORA-CON-PLASTIFICANTES-PARA-PROTEINAS.webp","datePublished":"2024-04-27T07:48:43+00:00","dateModified":"2024-04-27T07:48:46+00:00","breadcrumb":{"@id":"https:\/\/www.distribucionarc.com\/it\/producto\/maquina-recubridora-con-plastificantes-para-proteinas\/#breadcrumb"},"inLanguage":"nb-NO","potentialAction":[{"@type":"ReadAction","target":["https:\/\/www.distribucionarc.com\/it\/producto\/maquina-recubridora-con-plastificantes-para-proteinas\/"]}]},{"@type":"ImageObject","inLanguage":"nb-NO","@id":"https:\/\/www.distribucionarc.com\/it\/producto\/maquina-recubridora-con-plastificantes-para-proteinas\/#primaryimage","url":"https:\/\/distribucionarc.com\/wp-content\/uploads\/2024\/04\/MAQUINA-GRAJEADORA-CON-PLASTIFICANTES-PARA-PROTEINAS.webp","contentUrl":"https:\/\/distribucionarc.com\/wp-content\/uploads\/2024\/04\/MAQUINA-GRAJEADORA-CON-PLASTIFICANTES-PARA-PROTEINAS.webp","width":1736,"height":1040,"caption":"#image_title"},{"@type":"BreadcrumbList","@id":"https:\/\/www.distribucionarc.com\/it\/producto\/maquina-recubridora-con-plastificantes-para-proteinas\/#breadcrumb","itemListElement":[{"@type":"ListItem","position":1,"name":"Portada","item":"https:\/\/www.distribucionarc.com\/"},{"@type":"ListItem","position":2,"name":"\u00dcr\u00fcnler","item":"https:\/\/www.distribucionarc.com\/tr\/magaza\/"},{"@type":"ListItem","position":3,"name":"MAQUINA GRAJEADORA CON PLASTIFICANTES PARA PROTEINAS"}]},{"@type":"WebSite","@id":"https:\/\/www.distribucionarc.com\/sl\/#website","url":"https:\/\/www.distribucionarc.com\/sl\/","name":"ARC distribusjon","description":"Selskapet har spesialisert seg p\u00e5 produksjon og distribusjon av industrimaskiner, hermetikkboksforseglingsmaskiner, tablettmaskiner, kj\u00f8ttskj\u00e6remaskiner og...","publisher":{"@id":"https:\/\/www.distribucionarc.com\/sl\/#organization"},"potentialAction":[{"@type":"SearchAction","target":{"@type":"EntryPoint","urlTemplate":"https:\/\/www.distribucionarc.com\/sl\/?s={search_term_string}"},"query-input":{"@type":"PropertyValueSpecification","valueRequired":true,"valueName":"search_term_string"}}],"inLanguage":"nb-NO"},{"@type":"Organization","@id":"https:\/\/www.distribucionarc.com\/sl\/#organization","name":"ARC distribusjon","url":"https:\/\/www.distribucionarc.com\/sl\/","logo":{"@type":"ImageObject","inLanguage":"nb-NO","@id":"https:\/\/www.distribucionarc.com\/sl\/#\/schema\/logo\/image\/","url":"https:\/\/distribucionarc.com\/wp-content\/uploads\/2024\/10\/distribucion-ARC-COLOR-SIN-FONDO-e1732295305345.png","contentUrl":"https:\/\/distribucionarc.com\/wp-content\/uploads\/2024\/10\/distribucion-ARC-COLOR-SIN-FONDO-e1732295305345.png","width":1164,"height":558,"caption":"Distribuci\u00f3n ARC"},"image":{"@id":"https:\/\/www.distribucionarc.com\/sl\/#\/schema\/logo\/image\/"},"description":"Selskap som har spesialisert seg p\u00e5 produksjon og distribusjon av industrimaskiner til n\u00e6ringsmiddel- og farmasisektoren. Vi er spesialister p\u00e5: Kj\u00f8ttskj\u00e6remaskiner Tablettilvirkning Industrielle transportsystemer Tappelinjer Dispensere Og mye mer... Vi tilbyr innovative og skreddersydde l\u00f8sninger for \u00e5 optimalisere bedriftens produksjonsprosesser.","email":"Admistracion@distribucionarc.com","telephone":"+34 643496664","legalName":"ARC TECH SOLUTIONS","foundingDate":"2024-04-09","vatID":"B55480172","numberOfEmployees":{"@type":"QuantitativeValue","minValue":"1","maxValue":"10"}}]}},"_links":{"self":[{"href":"https:\/\/distribucionarc.com\/nb\/wp-json\/wp\/v2\/product\/6996","targetHints":{"allow":["GET"]}}],"collection":[{"href":"https:\/\/distribucionarc.com\/nb\/wp-json\/wp\/v2\/product"}],"about":[{"href":"https:\/\/distribucionarc.com\/nb\/wp-json\/wp\/v2\/types\/product"}],"replies":[{"embeddable":true,"href":"https:\/\/distribucionarc.com\/nb\/wp-json\/wp\/v2\/comments?post=6996"}],"version-history":[{"count":0,"href":"https:\/\/distribucionarc.com\/nb\/wp-json\/wp\/v2\/product\/6996\/revisions"}],"wp:featuredmedia":[{"embeddable":true,"href":"https:\/\/distribucionarc.com\/nb\/wp-json\/wp\/v2\/media\/6997"}],"wp:attachment":[{"href":"https:\/\/distribucionarc.com\/nb\/wp-json\/wp\/v2\/media?parent=6996"}],"wp:term":[{"taxonomy":"product_brand","embeddable":true,"href":"https:\/\/distribucionarc.com\/nb\/wp-json\/wp\/v2\/product_brand?post=6996"},{"taxonomy":"product_cat","embeddable":true,"href":"https:\/\/distribucionarc.com\/nb\/wp-json\/wp\/v2\/product_cat?post=6996"},{"taxonomy":"product_tag","embeddable":true,"href":"https:\/\/distribucionarc.com\/nb\/wp-json\/wp\/v2\/product_tag?post=6996"}],"curies":[{"name":"wp","href":"https:\/\/api.w.org\/{rel}","templated":true}]}}