{"id":754,"date":"2020-07-01T21:07:20","date_gmt":"2020-07-01T21:07:20","guid":{"rendered":"https:\/\/distribucionarc.com\/?post_type=product&#038;p=754"},"modified":"2023-02-10T12:16:46","modified_gmt":"2023-02-10T12:16:46","slug":"profesjonell-industriell-elektrisk-frityrkoker-for-stekt-fisk-poteter-etc-76l","status":"publish","type":"product","link":"https:\/\/distribucionarc.com\/nb\/producto\/freidora-electrica-profesional-industrial-para-pescado-frito-patatas-etc-76l\/","title":{"rendered":"Industriell profesjonell elektrisk frityrkoker for stekt fisk, poteter, etc. 76l"},"content":{"rendered":"<div class=\"description-row description-text\">\n<h2>Elektrisk frityrkoker \u2013 76 liter<\/h2>\n<p>Den elektriske frityrkokeren <span style=\"color: #ff0000;\">TIL<\/span><span style=\"color: #0000ff;\">R<\/span>C DISTRIBUTION er designet for profesjonell bruk og fungerer p\u00e5 7000 volt. Den lar deg tilberede deilig stekt mat p\u00e5 en behagelig m\u00e5te uavhengig av hvilken type produkt du \u00f8nsker \u00e5 tilberede. Ideell for din <strong>restaurantbransjen<\/strong> heller <strong>bar,<\/strong> vil tillate deg \u00e5 tilby ekstraordin\u00e6re gastronomiske opplevelser.<\/p>\n<\/div>\n<div class=\"product-icon--wrapper\">\n<div class=\"product--icon\">\n<div class=\"icon-body\">\n<div class=\"product_icon_container svg-icon\"><\/div>\n<div class=\"icon-text\">\n<p>Dette kj\u00f8kkenapparatet har en maksimal oljekapasitet p\u00e5 opptil 70 liter og en <strong>totalt volum p\u00e5 76 liter<\/strong>. Du kan bruke den profesjonelt p\u00e5 en veldig allsidig m\u00e5te, og er spesielt egnet for tilberedning <strong>fisk<\/strong>, <strong>forretter, kroketter eller chips.<\/strong><\/p>\n<\/div>\n<\/div>\n<h3 class=\"product--icon-headline\">Rask og spr\u00f8 snacks med den elektriske frityrkokeren <span style=\"color: #ff0000;\">TIL<\/span><span style=\"color: #0000ff;\">R<\/span>CFRT76L for gastronomi<\/h3>\n<div class=\"icon-body\">\n<div class=\"product_icon_easy_clean svg-icon\"><\/div>\n<div class=\"icon-text\">\n<p>Den elektriske frityrkurven m\u00e5ler 20 x 22 x 10 cm. Eventuelle matrester som kan bli igjen i tanken samler seg i bunnen av den, i den s\u00e5kalte kalde sonen, slik at de ikke brenner seg. P\u00e5 denne m\u00e5ten opprettholder oljen sin naturlige smak. I tillegg er det enkelt \u00e5 tappe oljen.<\/p>\n<\/div>\n<\/div>\n<div class=\"icon-body\">\n<div class=\"product_icon_voltage svg-icon\"><\/div>\n<div class=\"icon-text\">\n<p>Takket v\u00e6re den h\u00f8ye ytelsen til<strong>\u00a0varmeelement<\/strong> flyttbar <strong>9000<\/strong>\u00a0<strong>watt<\/strong>, n\u00e5r frityrkokerens olje raskt den maksimale temperaturen p\u00e5 200 \u00b0C. For optimale resultater holder den h\u00f8ysensitive termostaten varmen i oljetanken p\u00e5 en konstant temperatur. <span style=\"color: #0000ff;\">Denne temperaturen n\u00e5s veldig raskt og med et intelligent elektronisk tavle holdes str\u00f8mforbruket p\u00e5 et minimum n\u00e5r oljen er varm.<\/span> <span style=\"color: #ff0000;\">I tilfelle oljen overopphetes eller varmehodet fjernes, kobler en sikring automatisk fra enheten.<\/span><\/p>\n<\/div>\n<\/div>\n<div class=\"icon-body\">\n<div class=\"product_icon_durable svg-icon\"><\/div>\n<div class=\"icon-text\">\n<p>Det moderne designdekselet, produsert i\u00a0<strong>rustfritt st\u00e5l med lang levetid<\/strong>, det er veldig <strong>motstandsdyktig<\/strong> og, takket v\u00e6re det avtakbare varmeelementet, lett \u00e5 rengj\u00f8re. Bestem deg for en kraftig elektrisk frityrkoker i dag \u2013 dine kunder og gjester vil takke deg.<\/p>\n<p><b>Tekniske data<\/b><\/p>\n<ul>\n<li>Modell <span style=\"color: #ff0000;\">TIL<\/span><span style=\"color: #0000ff;\">R<\/span>CFRT76L<\/li>\n<li>Husmateriale rustfritt st\u00e5l<\/li>\n<li>Antall kurver og pant 2<\/li>\n<li>Tankvolum 76L<\/li>\n<li>Oljekapasitet 70L<\/li>\n<li>Ingen timerfunksjon<\/li>\n<li>Effekt 9000 watt<\/li>\n<li>Nettspenning 400V \/ 50Hz<\/li>\n<li>M\u00e5l 95\u00d757,5\u00d793 cm<\/li>\n<li>Vekt ca. 47,5 kg<\/li>\n<\/ul>\n<\/div>\n<\/div>\n<\/div>\n<\/div>","protected":false},"excerpt":{"rendered":"<h2>INDUSTRIFRYKER 76L TANK<\/h2>\n<p>&nbsp;<\/p>\n<h3>Merket <span style=\"color: #ff0000;\">TIL<\/span><span style=\"color: #0000ff;\">R<\/span>C bruker n\u00f8ye utvalgte materialer, og tilbyr dermed h\u00f8ykvalitetsprodukter til industrisektoren. Materialer av h\u00f8y kvalitet gj\u00f8r at produktene v\u00e5re har lang levetid.<\/h3>\n<p>Perfekt frityrkoker for stekt fisk, poteter osv.<\/p>\n<p>alt v\u00e5rt maskineri har <strong>2 \u00e5rs garanti<\/strong><\/p>\n<p><strong>teknisk st\u00f8tte i tilfelle havari<\/strong><\/p>\n<p>alt du trenger for virksomheten din p\u00e5 ett sted<\/p>","protected":false},"featured_media":755,"comment_status":"open","ping_status":"closed","template":"","meta":{"wds_primary_product_brand":0,"wds_primary_product_cat":0},"product_brand":[],"product_cat":[38],"product_tag":[],"class_list":{"0":"post-754","1":"product","2":"type-product","3":"status-publish","4":"has-post-thumbnail","6":"product_cat-freidoras","7":"product_shipping_class-express","9":"first","10":"instock","11":"taxable","12":"shipping-taxable","13":"purchasable","14":"product-type-simple"},"yoast_head":"<!-- This site is optimized with the Yoast SEO Premium plugin v24.9 (Yoast SEO v26.1) - https:\/\/yoast.com\/wordpress\/plugins\/seo\/ -->\n<title>Freidora el\u00e9ctrica profesional industrial para pescado frito, patatas, etc. 76l - distribuci\u00f3n ARC<\/title>\n<meta name=\"robots\" content=\"index, follow, max-snippet:-1, max-image-preview:large, max-video-preview:-1\" \/>\n<link rel=\"canonical\" href=\"https:\/\/distribucionarc.com\/nb\/produkter\/profesjonell-industriell-elektrisk-frityrkoker-for-stekt-fisk-poteter-etc-76l\/\" \/>\n<meta property=\"og:locale\" content=\"nb_NO\" \/>\n<meta property=\"og:type\" content=\"article\" \/>\n<meta property=\"og:title\" content=\"Freidora el\u00e9ctrica profesional industrial para pescado frito, patatas, etc. 76l\" \/>\n<meta property=\"og:description\" content=\"FREIDORA INDUSTRIAL TANQUE DE 76L &nbsp; La marca ARC utiliza materiales cuidadosamente seleccionados ofreciendo as\u00ed productos de alta calidad para el sector de la industria. Los materiales de alta calidad posibilitan que nuestros productos tengan una larga vida util. freidora perfecta para pescado frito, patatas, etc  toda nuestra maquinaria tiene garantia de 2 a\u00f1os  soporte tecnico en caso de averia  todo lo necesario para su negocio en un solo lugar\" \/>\n<meta property=\"og:url\" content=\"https:\/\/distribucionarc.com\/nb\/produkter\/profesjonell-industriell-elektrisk-frityrkoker-for-stekt-fisk-poteter-etc-76l\/\" \/>\n<meta property=\"og:site_name\" content=\"distribuci\u00f3n ARC\" \/>\n<meta property=\"article:modified_time\" content=\"2023-02-10T12:16:46+00:00\" \/>\n<meta property=\"og:image\" content=\"https:\/\/distribucionarc.com\/wp-content\/uploads\/2020\/07\/freidora-profesional-industrial-76L-0.jpg\" \/>\n\t<meta property=\"og:image:width\" content=\"1500\" \/>\n\t<meta property=\"og:image:height\" content=\"1500\" \/>\n\t<meta property=\"og:image:type\" content=\"image\/jpeg\" \/>\n<meta name=\"twitter:card\" content=\"summary_large_image\" \/>\n<meta name=\"twitter:label1\" content=\"Ansl. lesetid\" \/>\n\t<meta name=\"twitter:data1\" content=\"2 minutter\" \/>\n<script type=\"application\/ld+json\" class=\"yoast-schema-graph\">{\"@context\":\"https:\/\/schema.org\",\"@graph\":[{\"@type\":\"WebPage\",\"@id\":\"https:\/\/distribucionarc.com\/it\/producto\/freidora-electrica-profesional-industrial-para-pescado-frito-patatas-etc-76l\/\",\"url\":\"https:\/\/distribucionarc.com\/it\/producto\/freidora-electrica-profesional-industrial-para-pescado-frito-patatas-etc-76l\/\",\"name\":\"Freidora el\u00e9ctrica profesional industrial para pescado frito, patatas, etc. 76l - distribuci\u00f3n ARC\",\"isPartOf\":{\"@id\":\"https:\/\/www.distribucionarc.com\/sl\/#website\"},\"primaryImageOfPage\":{\"@id\":\"https:\/\/distribucionarc.com\/it\/producto\/freidora-electrica-profesional-industrial-para-pescado-frito-patatas-etc-76l\/#primaryimage\"},\"image\":{\"@id\":\"https:\/\/distribucionarc.com\/it\/producto\/freidora-electrica-profesional-industrial-para-pescado-frito-patatas-etc-76l\/#primaryimage\"},\"thumbnailUrl\":\"https:\/\/distribucionarc.com\/wp-content\/uploads\/2020\/07\/freidora-profesional-industrial-76L-0.jpg\",\"datePublished\":\"2020-07-01T21:07:20+00:00\",\"dateModified\":\"2023-02-10T12:16:46+00:00\",\"breadcrumb\":{\"@id\":\"https:\/\/distribucionarc.com\/it\/producto\/freidora-electrica-profesional-industrial-para-pescado-frito-patatas-etc-76l\/#breadcrumb\"},\"inLanguage\":\"nb-NO\",\"potentialAction\":[{\"@type\":\"ReadAction\",\"target\":[\"https:\/\/distribucionarc.com\/it\/producto\/freidora-electrica-profesional-industrial-para-pescado-frito-patatas-etc-76l\/\"]}]},{\"@type\":\"ImageObject\",\"inLanguage\":\"nb-NO\",\"@id\":\"https:\/\/distribucionarc.com\/it\/producto\/freidora-electrica-profesional-industrial-para-pescado-frito-patatas-etc-76l\/#primaryimage\",\"url\":\"https:\/\/distribucionarc.com\/wp-content\/uploads\/2020\/07\/freidora-profesional-industrial-76L-0.jpg\",\"contentUrl\":\"https:\/\/distribucionarc.com\/wp-content\/uploads\/2020\/07\/freidora-profesional-industrial-76L-0.jpg\",\"width\":1500,\"height\":1500,\"caption\":\"FREIDORA INDUSTRIAL 76L\"},{\"@type\":\"BreadcrumbList\",\"@id\":\"https:\/\/distribucionarc.com\/it\/producto\/freidora-electrica-profesional-industrial-para-pescado-frito-patatas-etc-76l\/#breadcrumb\",\"itemListElement\":[{\"@type\":\"ListItem\",\"position\":1,\"name\":\"Portada\",\"item\":\"https:\/\/www.distribucionarc.com\/\"},{\"@type\":\"ListItem\",\"position\":2,\"name\":\"\u00dcr\u00fcnler\",\"item\":\"https:\/\/www.distribucionarc.com\/tr\/magaza\/\"},{\"@type\":\"ListItem\",\"position\":3,\"name\":\"Freidora el\u00e9ctrica profesional industrial para pescado frito, patatas, etc. 76l\"}]},{\"@type\":\"WebSite\",\"@id\":\"https:\/\/www.distribucionarc.com\/sl\/#website\",\"url\":\"https:\/\/www.distribucionarc.com\/sl\/\",\"name\":\"distribuci\u00f3n ARC\",\"description\":\"Empresa especializada en la fabricaci\u00f3n y distribuci\u00f3n de maquinaria industrial, selladoras de latas, Maquinas de hacer pastillas, Maquinas de cortar carne...\",\"publisher\":{\"@id\":\"https:\/\/www.distribucionarc.com\/sl\/#organization\"},\"potentialAction\":[{\"@type\":\"SearchAction\",\"target\":{\"@type\":\"EntryPoint\",\"urlTemplate\":\"https:\/\/www.distribucionarc.com\/sl\/?s={search_term_string}\"},\"query-input\":{\"@type\":\"PropertyValueSpecification\",\"valueRequired\":true,\"valueName\":\"search_term_string\"}}],\"inLanguage\":\"nb-NO\"},{\"@type\":\"Organization\",\"@id\":\"https:\/\/www.distribucionarc.com\/sl\/#organization\",\"name\":\"Distribuci\u00f3n ARC\",\"url\":\"https:\/\/www.distribucionarc.com\/sl\/\",\"logo\":{\"@type\":\"ImageObject\",\"inLanguage\":\"nb-NO\",\"@id\":\"https:\/\/www.distribucionarc.com\/sl\/#\/schema\/logo\/image\/\",\"url\":\"https:\/\/distribucionarc.com\/wp-content\/uploads\/2024\/10\/distribucion-ARC-COLOR-SIN-FONDO-e1732295305345.png\",\"contentUrl\":\"https:\/\/distribucionarc.com\/wp-content\/uploads\/2024\/10\/distribucion-ARC-COLOR-SIN-FONDO-e1732295305345.png\",\"width\":1164,\"height\":558,\"caption\":\"Distribuci\u00f3n ARC\"},\"image\":{\"@id\":\"https:\/\/www.distribucionarc.com\/sl\/#\/schema\/logo\/image\/\"},\"description\":\"Empresa especializada en la fabricaci\u00f3n y distribuci\u00f3n de maquinaria industrial para los sectores alimentario y farmac\u00e9utico. Nos especializamos en: M\u00e1quinas de cortar carne Fabricaci\u00f3n de comprimidos Sistemas de transporte industrial L\u00edneas de embotellado Dosificadores Y mucho m\u00e1s... Ofrecemos soluciones innovadoras y personalizadas para optimizar los procesos productivos de tu empresa.\",\"email\":\"Admistracion@distribucionarc.com\",\"telephone\":\"+34 643496664\",\"legalName\":\"ARC TECH SOLUTIONS\",\"foundingDate\":\"2024-04-09\",\"vatID\":\"B55480172\",\"numberOfEmployees\":{\"@type\":\"QuantitativeValue\",\"minValue\":\"1\",\"maxValue\":\"10\"}}]}<\/script>\n<!-- \/ Yoast SEO Premium plugin. -->","yoast_head_json":{"title":"Industriell profesjonell elektrisk frityrkoker for stekt fisk, poteter, etc. 76l - ARC distribusjon","robots":{"index":"index","follow":"follow","max-snippet":"max-snippet:-1","max-image-preview":"max-image-preview:large","max-video-preview":"max-video-preview:-1"},"canonical":"https:\/\/distribucionarc.com\/nb\/produkter\/profesjonell-industriell-elektrisk-frityrkoker-for-stekt-fisk-poteter-etc-76l\/","og_locale":"nb_NO","og_type":"article","og_title":"Freidora el\u00e9ctrica profesional industrial para pescado frito, patatas, etc. 76l","og_description":"FREIDORA INDUSTRIAL TANQUE DE 76L &nbsp; La marca ARC utiliza materiales cuidadosamente seleccionados ofreciendo as\u00ed productos de alta calidad para el sector de la industria. Los materiales de alta calidad posibilitan que nuestros productos tengan una larga vida util. freidora perfecta para pescado frito, patatas, etc  toda nuestra maquinaria tiene garantia de 2 a\u00f1os  soporte tecnico en caso de averia  todo lo necesario para su negocio en un solo lugar","og_url":"https:\/\/distribucionarc.com\/nb\/produkter\/profesjonell-industriell-elektrisk-frityrkoker-for-stekt-fisk-poteter-etc-76l\/","og_site_name":"distribuci\u00f3n ARC","article_modified_time":"2023-02-10T12:16:46+00:00","og_image":[{"width":1500,"height":1500,"url":"https:\/\/distribucionarc.com\/wp-content\/uploads\/2020\/07\/freidora-profesional-industrial-76L-0.jpg","type":"image\/jpeg"}],"twitter_card":"summary_large_image","twitter_misc":{"Ansl. lesetid":"2 minutter"},"schema":{"@context":"https:\/\/schema.org","@graph":[{"@type":"WebPage","@id":"https:\/\/distribucionarc.com\/it\/producto\/freidora-electrica-profesional-industrial-para-pescado-frito-patatas-etc-76l\/","url":"https:\/\/distribucionarc.com\/it\/producto\/freidora-electrica-profesional-industrial-para-pescado-frito-patatas-etc-76l\/","name":"Industriell profesjonell elektrisk frityrkoker for stekt fisk, poteter, etc. 76l - ARC distribusjon","isPartOf":{"@id":"https:\/\/www.distribucionarc.com\/sl\/#website"},"primaryImageOfPage":{"@id":"https:\/\/distribucionarc.com\/it\/producto\/freidora-electrica-profesional-industrial-para-pescado-frito-patatas-etc-76l\/#primaryimage"},"image":{"@id":"https:\/\/distribucionarc.com\/it\/producto\/freidora-electrica-profesional-industrial-para-pescado-frito-patatas-etc-76l\/#primaryimage"},"thumbnailUrl":"https:\/\/distribucionarc.com\/wp-content\/uploads\/2020\/07\/freidora-profesional-industrial-76L-0.jpg","datePublished":"2020-07-01T21:07:20+00:00","dateModified":"2023-02-10T12:16:46+00:00","breadcrumb":{"@id":"https:\/\/distribucionarc.com\/it\/producto\/freidora-electrica-profesional-industrial-para-pescado-frito-patatas-etc-76l\/#breadcrumb"},"inLanguage":"nb-NO","potentialAction":[{"@type":"ReadAction","target":["https:\/\/distribucionarc.com\/it\/producto\/freidora-electrica-profesional-industrial-para-pescado-frito-patatas-etc-76l\/"]}]},{"@type":"ImageObject","inLanguage":"nb-NO","@id":"https:\/\/distribucionarc.com\/it\/producto\/freidora-electrica-profesional-industrial-para-pescado-frito-patatas-etc-76l\/#primaryimage","url":"https:\/\/distribucionarc.com\/wp-content\/uploads\/2020\/07\/freidora-profesional-industrial-76L-0.jpg","contentUrl":"https:\/\/distribucionarc.com\/wp-content\/uploads\/2020\/07\/freidora-profesional-industrial-76L-0.jpg","width":1500,"height":1500,"caption":"FREIDORA INDUSTRIAL 76L"},{"@type":"BreadcrumbList","@id":"https:\/\/distribucionarc.com\/it\/producto\/freidora-electrica-profesional-industrial-para-pescado-frito-patatas-etc-76l\/#breadcrumb","itemListElement":[{"@type":"ListItem","position":1,"name":"Portada","item":"https:\/\/www.distribucionarc.com\/"},{"@type":"ListItem","position":2,"name":"\u00dcr\u00fcnler","item":"https:\/\/www.distribucionarc.com\/tr\/magaza\/"},{"@type":"ListItem","position":3,"name":"Freidora el\u00e9ctrica profesional industrial para pescado frito, patatas, etc. 76l"}]},{"@type":"WebSite","@id":"https:\/\/www.distribucionarc.com\/sl\/#website","url":"https:\/\/www.distribucionarc.com\/sl\/","name":"ARC distribusjon","description":"Selskapet har spesialisert seg p\u00e5 produksjon og distribusjon av industrimaskiner, hermetikkboksforseglingsmaskiner, tablettmaskiner, kj\u00f8ttskj\u00e6remaskiner og...","publisher":{"@id":"https:\/\/www.distribucionarc.com\/sl\/#organization"},"potentialAction":[{"@type":"SearchAction","target":{"@type":"EntryPoint","urlTemplate":"https:\/\/www.distribucionarc.com\/sl\/?s={search_term_string}"},"query-input":{"@type":"PropertyValueSpecification","valueRequired":true,"valueName":"search_term_string"}}],"inLanguage":"nb-NO"},{"@type":"Organization","@id":"https:\/\/www.distribucionarc.com\/sl\/#organization","name":"ARC distribusjon","url":"https:\/\/www.distribucionarc.com\/sl\/","logo":{"@type":"ImageObject","inLanguage":"nb-NO","@id":"https:\/\/www.distribucionarc.com\/sl\/#\/schema\/logo\/image\/","url":"https:\/\/distribucionarc.com\/wp-content\/uploads\/2024\/10\/distribucion-ARC-COLOR-SIN-FONDO-e1732295305345.png","contentUrl":"https:\/\/distribucionarc.com\/wp-content\/uploads\/2024\/10\/distribucion-ARC-COLOR-SIN-FONDO-e1732295305345.png","width":1164,"height":558,"caption":"Distribuci\u00f3n ARC"},"image":{"@id":"https:\/\/www.distribucionarc.com\/sl\/#\/schema\/logo\/image\/"},"description":"Selskap som har spesialisert seg p\u00e5 produksjon og distribusjon av industrimaskiner til n\u00e6ringsmiddel- og farmasisektoren. Vi er spesialister p\u00e5: Kj\u00f8ttskj\u00e6remaskiner Tablettilvirkning Industrielle transportsystemer Tappelinjer Dispensere Og mye mer... Vi tilbyr innovative og skreddersydde l\u00f8sninger for \u00e5 optimalisere bedriftens produksjonsprosesser.","email":"Admistracion@distribucionarc.com","telephone":"+34 643496664","legalName":"ARC TECH SOLUTIONS","foundingDate":"2024-04-09","vatID":"B55480172","numberOfEmployees":{"@type":"QuantitativeValue","minValue":"1","maxValue":"10"}}]}},"_links":{"self":[{"href":"https:\/\/distribucionarc.com\/nb\/wp-json\/wp\/v2\/product\/754","targetHints":{"allow":["GET"]}}],"collection":[{"href":"https:\/\/distribucionarc.com\/nb\/wp-json\/wp\/v2\/product"}],"about":[{"href":"https:\/\/distribucionarc.com\/nb\/wp-json\/wp\/v2\/types\/product"}],"replies":[{"embeddable":true,"href":"https:\/\/distribucionarc.com\/nb\/wp-json\/wp\/v2\/comments?post=754"}],"version-history":[{"count":0,"href":"https:\/\/distribucionarc.com\/nb\/wp-json\/wp\/v2\/product\/754\/revisions"}],"wp:featuredmedia":[{"embeddable":true,"href":"https:\/\/distribucionarc.com\/nb\/wp-json\/wp\/v2\/media\/755"}],"wp:attachment":[{"href":"https:\/\/distribucionarc.com\/nb\/wp-json\/wp\/v2\/media?parent=754"}],"wp:term":[{"taxonomy":"product_brand","embeddable":true,"href":"https:\/\/distribucionarc.com\/nb\/wp-json\/wp\/v2\/product_brand?post=754"},{"taxonomy":"product_cat","embeddable":true,"href":"https:\/\/distribucionarc.com\/nb\/wp-json\/wp\/v2\/product_cat?post=754"},{"taxonomy":"product_tag","embeddable":true,"href":"https:\/\/distribucionarc.com\/nb\/wp-json\/wp\/v2\/product_tag?post=754"}],"curies":[{"name":"wp","href":"https:\/\/api.w.org\/{rel}","templated":true}]}}