{"id":799,"date":"2020-07-10T11:03:05","date_gmt":"2020-07-10T11:03:05","guid":{"rendered":"https:\/\/distribucionarc.com\/?post_type=product&#038;p=799"},"modified":"2023-01-13T16:44:36","modified_gmt":"2023-01-13T16:44:36","slug":"2-lags-elektrisk-pizzaovn-i-stein","status":"publish","type":"product","link":"https:\/\/distribucionarc.com\/nb\/producto\/horno-de-pizza-de-2-niveles-de-piedra-electrico\/","title":{"rendered":"2-lags elektrisk pizzaovn i stein"},"content":{"rendered":"<h3>2-lags elektrisk pizzaovn i stein <span style=\"color: #ff0000;\">TIL<\/span><span style=\"color: #0000ff;\">R<\/span>CHPN2<\/h3>\n<p>&nbsp;<\/p>\n<p>Temperaturen kan justeres individuelt for \u00e5 lage perfekte og smakfulle pizzaer. Han <strong>pizzaovn<\/strong> kan varmes opp til en maksimal temperatur p\u00e5 350 \u00b0 C. S\u00e5 snart \u00f8nsket temperatur er n\u00e5dd, opprettholder pizzaovnen <strong><span style=\"color: #008000;\">konstant temperatur med minimalt energiforbruk<\/span><\/strong>. Dette garanterer spr\u00f8 pizza og andre deigretter. Den har to niv\u00e5er for \u00e5 \u00f8ke produksjonen<\/p>\n<p>Pizzaovnen <span style=\"color: #ff0000;\">TIL<\/span><span style=\"color: #0000ff;\">R<\/span>CHPN2 har sklisikre gummiknaster og solid konstruksjon sikrer sikker st\u00e5ende. For perfekt matlaging har pizzaovnen innebygd belysning og glassd\u00f8rer. Kokeflaten er utstyrt med en <strong>ildstein<\/strong>. Den ildfaste steinen lager pizza som en <strong>steinovn,<\/strong>\u00a0 lagring av varmen som avgis. Steinen gir derfor pizzaene en konstant temperatur og gj\u00f8r dem spr\u00f8.<\/p>\n<p>Fronten p\u00e5 pizzaovnen er laget av rustfritt st\u00e5l og er <strong>lett \u00e5 rengj\u00f8re.<\/strong> Takket v\u00e6re bearbeiding av varmebestandige og rustfrie materialer er ovnen ikke bare robust, men har ogs\u00e5 lang levetid. designet for langvarig arbeid egnet for industriell bruk<\/p>\n<p>&nbsp;<\/p>\n<h6><strong>garanti\u00a0<span style=\"color: #ff0000;\">TIL<\/span><span style=\"color: #0000ff;\">R<\/span>C 2 \u00c5R<\/strong><\/h6>\n<h6><span style=\"color: #008000;\"><strong>Effektiv pizzaovn med lavt forbruk 2500w<\/strong><\/span><\/h6>\n<h6><strong>teknisk st\u00f8tte inkludert.<\/strong><\/h6>\n<p>&nbsp;<\/p>\n<p><iframe loading=\"lazy\" src=\"https:\/\/www.youtube.com\/embed\/M6amTii8wPs\" width=\"560\" height=\"315\" frameborder=\"0\" allowfullscreen=\"allowfullscreen\"><\/iframe><\/p>\n<table role=\"presentation\" width=\"100%\" cellspacing=\"0\" cellpadding=\"0\">\n<tbody>\n<tr>\n<td class=\"attrLabels\">Temperatur:<\/td>\n<td width=\"50.0%\">0-350\u00baC<\/td>\n<\/tr>\n<tr>\n<td class=\"attrLabels\">Distribusjonsland:<\/td>\n<td width=\"50.0%\">Spania, Tyskland, USA<\/td>\n<td class=\"attrLabels\">Vekt:<\/td>\n<td width=\"50.0%\">26.kg<\/td>\n<\/tr>\n<tr>\n<td class=\"attrLabels\">Merke:<\/td>\n<td width=\"50.0%\">BUE<\/td>\n<td class=\"attrLabels\">H\u00f8yde:<\/td>\n<td width=\"50.0%\">48 cm<\/td>\n<\/tr>\n<tr>\n<td class=\"attrLabels\">Farge:<\/td>\n<td width=\"50.0%\">S\u00f8lv<\/td>\n<td class=\"attrLabels\">Lang:<\/td>\n<td width=\"50.0%\">63 cm<\/td>\n<\/tr>\n<tr>\n<td class=\"attrLabels\">Produkttype:<\/td>\n<td width=\"50.0%\">steinovn<\/td>\n<td class=\"attrLabels\">Bred:<\/td>\n<td width=\"50.0%\">58 cm<\/td>\n<\/tr>\n<tr>\n<td class=\"attrLabels\">Produsentnummer:<\/td>\n<td width=\"50.0%\"><span style=\"color: #ff0000;\">TIL<\/span><span style=\"color: #0000ff;\">R<\/span>CHPN2<\/td>\n<td class=\"attrLabels\">Makt:<\/td>\n<td width=\"50.0%\">2500W<\/td>\n<\/tr>\n<tr>\n<td class=\"attrLabels\">Materiale:<\/td>\n<td width=\"50.0%\">rustfritt st\u00e5l, reflekterende stein<\/td>\n<td class=\"attrLabels\">Inngangsspenning<\/td>\n<td width=\"50.0%\">230V \u2013 50Hz<\/td>\n<\/tr>\n<tr>\n<td class=\"attrLabels\">Bredde:<\/td>\n<td width=\"50.0%\">57 cm<\/td>\n<td class=\"attrLabels\">Skjemamodeller:<\/td>\n<td width=\"50.0%\">5. stk<\/td>\n<\/tr>\n<tr>\n<td class=\"attrLabels\">Installasjonsverkt\u00f8y:<\/td>\n<td width=\"50.0%\">Ja<\/td>\n<td class=\"attrLabels\">Garanti:<\/td>\n<td width=\"50.0%\">ARC 2 \u00c5R<\/td>\n<\/tr>\n<\/tbody>\n<\/table>\n<p>&nbsp;<\/p>","protected":false},"excerpt":{"rendered":"<h2>2-lags pizzaovn <span style=\"color: #ff0000;\">TIL<\/span><span style=\"color: #0000ff;\">R<\/span>CHPN2<\/h2>\n<p>&nbsp;<\/p>\n<p>Pizzaovn 2 x 40 er en kompakt og robust ovn laget av rustfritt st\u00e5l. Denne pizzaovnen av <strong><span style=\"color: #ff0000;\">TIL<\/span><span style=\"color: #0000ff;\">R<\/span>c<\/strong> Den har ikke bare steinplater, men ogs\u00e5 kameralys. Det er plass til 2 pizzaer p\u00e5 rundt 40 centimeter samtidig. Denne pizzaovnen <strong><span style=\"color: #ff0000;\">TIL<\/span><span style=\"color: #0000ff;\">R<\/span>CHPN2<\/strong><\/p>\n<p>Det er noe som kan l\u00f8ftes, siden det ikke veier mer enn 26 kilo. Det praktiske med denne pizzaovnen er at du kan justere temperaturen etter kammer b\u00e5de nederst og \u00f8verst.<\/p>\n<p>&nbsp;<\/p>\n<h6><strong>garanti\u00a0<span style=\"color: #ff0000;\">TIL<\/span><span style=\"color: #0000ff;\">R<\/span>C 2 \u00c5R<\/strong><\/h6>\n<h6><span style=\"color: #008000;\"><strong>Effektiv pizzaovn med lavt forbruk 2500w<\/strong><\/span><\/h6>\n<h6><strong>teknisk st\u00f8tte inkludert.<\/strong><\/h6>","protected":false},"featured_media":800,"comment_status":"open","ping_status":"closed","template":"","meta":{"wds_primary_product_brand":0,"wds_primary_product_cat":0},"product_brand":[],"product_cat":[40],"product_tag":[],"class_list":{"0":"post-799","1":"product","2":"type-product","3":"status-publish","4":"has-post-thumbnail","6":"product_cat-hornos","7":"product_shipping_class-hosteleria","9":"first","10":"instock","11":"sale","12":"taxable","13":"shipping-taxable","14":"purchasable","15":"product-type-simple"},"yoast_head":"<!-- This site is optimized with the Yoast SEO Premium plugin v24.9 (Yoast SEO v26.1) - https:\/\/yoast.com\/wordpress\/plugins\/seo\/ -->\n<title>Horno de pizza de 2 niveles de piedra electrico - distribuci\u00f3n ARC<\/title>\n<meta name=\"robots\" content=\"index, follow, max-snippet:-1, max-image-preview:large, max-video-preview:-1\" \/>\n<link rel=\"canonical\" href=\"https:\/\/distribucionarc.com\/nb\/produkter\/2-lags-elektrisk-pizzaovn-i-stein\/\" \/>\n<meta property=\"og:locale\" content=\"nb_NO\" \/>\n<meta property=\"og:type\" content=\"article\" \/>\n<meta property=\"og:title\" content=\"Horno de pizza de 2 niveles de piedra electrico\" \/>\n<meta property=\"og:description\" content=\"Horno de pizza de 2 niveles ARCHPN2 &nbsp;  Horno de pizza 2 x 40 es un horno compacto y robusto hecho de acero inoxidable. Este horno de pizza por ARC no s\u00f3lo tiene placas de piedra, pero tambi\u00e9n luces de la c\u00e1mara. Hay espacio para 2 pizzas de alrededor de 40 cent\u00edmetros al mismo tiempo. Este horno de pizza ARCHPN2  es algo que se puede levantar, ya que no pesa m\u00e1s de 26 kilogramos. Lo conveniente de este horno de pizza es que se puede ajustar la temperatura por c\u00e1mara tanto en la parte inferior y la parte superior.  &nbsp; garantia\u00a0ARC 2A\u00d1OS Horno Pizza eficiente bajo consumo 2500w soporte tecnico incluido.\" \/>\n<meta property=\"og:url\" content=\"https:\/\/distribucionarc.com\/nb\/produkter\/2-lags-elektrisk-pizzaovn-i-stein\/\" \/>\n<meta property=\"og:site_name\" content=\"distribuci\u00f3n ARC\" \/>\n<meta property=\"article:modified_time\" content=\"2023-01-13T16:44:36+00:00\" \/>\n<meta property=\"og:image\" content=\"https:\/\/distribucionarc.com\/wp-content\/uploads\/2020\/07\/Horno-de-pizza-de-2-niveles-de-piedra-electrico-0.jpg\" \/>\n\t<meta property=\"og:image:width\" content=\"1600\" \/>\n\t<meta property=\"og:image:height\" content=\"1600\" \/>\n\t<meta property=\"og:image:type\" content=\"image\/jpeg\" \/>\n<meta name=\"twitter:card\" content=\"summary_large_image\" \/>\n<meta name=\"twitter:label1\" content=\"Ansl. lesetid\" \/>\n\t<meta name=\"twitter:data1\" content=\"1 minutt\" \/>\n<script type=\"application\/ld+json\" class=\"yoast-schema-graph\">{\"@context\":\"https:\/\/schema.org\",\"@graph\":[{\"@type\":\"WebPage\",\"@id\":\"https:\/\/distribucionarc.com\/producto\/horno-de-pizza-de-2-niveles-de-piedra-electrico\/\",\"url\":\"https:\/\/distribucionarc.com\/producto\/horno-de-pizza-de-2-niveles-de-piedra-electrico\/\",\"name\":\"Horno de pizza de 2 niveles de piedra electrico - distribuci\u00f3n ARC\",\"isPartOf\":{\"@id\":\"https:\/\/www.distribucionarc.com\/de\/#website\"},\"primaryImageOfPage\":{\"@id\":\"https:\/\/distribucionarc.com\/producto\/horno-de-pizza-de-2-niveles-de-piedra-electrico\/#primaryimage\"},\"image\":{\"@id\":\"https:\/\/distribucionarc.com\/producto\/horno-de-pizza-de-2-niveles-de-piedra-electrico\/#primaryimage\"},\"thumbnailUrl\":\"https:\/\/distribucionarc.com\/wp-content\/uploads\/2020\/07\/Horno-de-pizza-de-2-niveles-de-piedra-electrico-0.jpg\",\"datePublished\":\"2020-07-10T11:03:05+00:00\",\"dateModified\":\"2023-01-13T16:44:36+00:00\",\"breadcrumb\":{\"@id\":\"https:\/\/distribucionarc.com\/producto\/horno-de-pizza-de-2-niveles-de-piedra-electrico\/#breadcrumb\"},\"inLanguage\":\"nb-NO\",\"potentialAction\":[{\"@type\":\"ReadAction\",\"target\":[\"https:\/\/distribucionarc.com\/producto\/horno-de-pizza-de-2-niveles-de-piedra-electrico\/\"]}]},{\"@type\":\"ImageObject\",\"inLanguage\":\"nb-NO\",\"@id\":\"https:\/\/distribucionarc.com\/producto\/horno-de-pizza-de-2-niveles-de-piedra-electrico\/#primaryimage\",\"url\":\"https:\/\/distribucionarc.com\/wp-content\/uploads\/2020\/07\/Horno-de-pizza-de-2-niveles-de-piedra-electrico-0.jpg\",\"contentUrl\":\"https:\/\/distribucionarc.com\/wp-content\/uploads\/2020\/07\/Horno-de-pizza-de-2-niveles-de-piedra-electrico-0.jpg\",\"width\":1600,\"height\":1600,\"caption\":\"Horno-de-pizza-de-2-niveles-de-piedra-electrico\"},{\"@type\":\"BreadcrumbList\",\"@id\":\"https:\/\/distribucionarc.com\/producto\/horno-de-pizza-de-2-niveles-de-piedra-electrico\/#breadcrumb\",\"itemListElement\":[{\"@type\":\"ListItem\",\"position\":1,\"name\":\"Portada\",\"item\":\"https:\/\/www.distribucionarc.com\/en\/\"},{\"@type\":\"ListItem\",\"position\":2,\"name\":\"Products\",\"item\":\"https:\/\/www.distribucionarc.com\/en\/shop\/\"},{\"@type\":\"ListItem\",\"position\":3,\"name\":\"Horno de pizza de 2 niveles de piedra electrico\"}]},{\"@type\":\"WebSite\",\"@id\":\"https:\/\/www.distribucionarc.com\/de\/#website\",\"url\":\"https:\/\/www.distribucionarc.com\/de\/\",\"name\":\"distribuci\u00f3n ARC\",\"description\":\"Empresa especializada en la fabricaci\u00f3n y distribuci\u00f3n de maquinaria industrial, selladoras de latas, Maquinas de hacer pastillas, Maquinas de cortar carne...\",\"publisher\":{\"@id\":\"https:\/\/www.distribucionarc.com\/de\/#organization\"},\"potentialAction\":[{\"@type\":\"SearchAction\",\"target\":{\"@type\":\"EntryPoint\",\"urlTemplate\":\"https:\/\/www.distribucionarc.com\/de\/?s={search_term_string}\"},\"query-input\":{\"@type\":\"PropertyValueSpecification\",\"valueRequired\":true,\"valueName\":\"search_term_string\"}}],\"inLanguage\":\"nb-NO\"},{\"@type\":\"Organization\",\"@id\":\"https:\/\/www.distribucionarc.com\/de\/#organization\",\"name\":\"Distribuci\u00f3n ARC\",\"url\":\"https:\/\/www.distribucionarc.com\/de\/\",\"logo\":{\"@type\":\"ImageObject\",\"inLanguage\":\"nb-NO\",\"@id\":\"https:\/\/www.distribucionarc.com\/de\/#\/schema\/logo\/image\/\",\"url\":\"https:\/\/distribucionarc.com\/wp-content\/uploads\/2024\/10\/distribucion-ARC-COLOR-SIN-FONDO-e1732295305345.png\",\"contentUrl\":\"https:\/\/distribucionarc.com\/wp-content\/uploads\/2024\/10\/distribucion-ARC-COLOR-SIN-FONDO-e1732295305345.png\",\"width\":1164,\"height\":558,\"caption\":\"Distribuci\u00f3n ARC\"},\"image\":{\"@id\":\"https:\/\/www.distribucionarc.com\/de\/#\/schema\/logo\/image\/\"},\"description\":\"Empresa especializada en la fabricaci\u00f3n y distribuci\u00f3n de maquinaria industrial para los sectores alimentario y farmac\u00e9utico. Nos especializamos en: M\u00e1quinas de cortar carne Fabricaci\u00f3n de comprimidos Sistemas de transporte industrial L\u00edneas de embotellado Dosificadores Y mucho m\u00e1s... Ofrecemos soluciones innovadoras y personalizadas para optimizar los procesos productivos de tu empresa.\",\"email\":\"Admistracion@distribucionarc.com\",\"telephone\":\"+34 643496664\",\"legalName\":\"ARC TECH SOLUTIONS\",\"foundingDate\":\"2024-04-09\",\"vatID\":\"B55480172\",\"numberOfEmployees\":{\"@type\":\"QuantitativeValue\",\"minValue\":\"1\",\"maxValue\":\"10\"}}]}<\/script>\n<!-- \/ Yoast SEO Premium plugin. -->","yoast_head_json":{"title":"Elektrisk stein 2-trinns pizzaovn - ARC-fordeling","robots":{"index":"index","follow":"follow","max-snippet":"max-snippet:-1","max-image-preview":"max-image-preview:large","max-video-preview":"max-video-preview:-1"},"canonical":"https:\/\/distribucionarc.com\/nb\/produkter\/2-lags-elektrisk-pizzaovn-i-stein\/","og_locale":"nb_NO","og_type":"article","og_title":"Horno de pizza de 2 niveles de piedra electrico","og_description":"Horno de pizza de 2 niveles ARCHPN2 &nbsp;  Horno de pizza 2 x 40 es un horno compacto y robusto hecho de acero inoxidable. Este horno de pizza por ARC no s\u00f3lo tiene placas de piedra, pero tambi\u00e9n luces de la c\u00e1mara. Hay espacio para 2 pizzas de alrededor de 40 cent\u00edmetros al mismo tiempo. Este horno de pizza ARCHPN2  es algo que se puede levantar, ya que no pesa m\u00e1s de 26 kilogramos. Lo conveniente de este horno de pizza es que se puede ajustar la temperatura por c\u00e1mara tanto en la parte inferior y la parte superior.  &nbsp; garantia\u00a0ARC 2A\u00d1OS Horno Pizza eficiente bajo consumo 2500w soporte tecnico incluido.","og_url":"https:\/\/distribucionarc.com\/nb\/produkter\/2-lags-elektrisk-pizzaovn-i-stein\/","og_site_name":"distribuci\u00f3n ARC","article_modified_time":"2023-01-13T16:44:36+00:00","og_image":[{"width":1600,"height":1600,"url":"https:\/\/distribucionarc.com\/wp-content\/uploads\/2020\/07\/Horno-de-pizza-de-2-niveles-de-piedra-electrico-0.jpg","type":"image\/jpeg"}],"twitter_card":"summary_large_image","twitter_misc":{"Ansl. lesetid":"1 minutt"},"schema":{"@context":"https:\/\/schema.org","@graph":[{"@type":"WebPage","@id":"https:\/\/distribucionarc.com\/producto\/horno-de-pizza-de-2-niveles-de-piedra-electrico\/","url":"https:\/\/distribucionarc.com\/producto\/horno-de-pizza-de-2-niveles-de-piedra-electrico\/","name":"Elektrisk stein 2-trinns pizzaovn - ARC-fordeling","isPartOf":{"@id":"https:\/\/www.distribucionarc.com\/de\/#website"},"primaryImageOfPage":{"@id":"https:\/\/distribucionarc.com\/producto\/horno-de-pizza-de-2-niveles-de-piedra-electrico\/#primaryimage"},"image":{"@id":"https:\/\/distribucionarc.com\/producto\/horno-de-pizza-de-2-niveles-de-piedra-electrico\/#primaryimage"},"thumbnailUrl":"https:\/\/distribucionarc.com\/wp-content\/uploads\/2020\/07\/Horno-de-pizza-de-2-niveles-de-piedra-electrico-0.jpg","datePublished":"2020-07-10T11:03:05+00:00","dateModified":"2023-01-13T16:44:36+00:00","breadcrumb":{"@id":"https:\/\/distribucionarc.com\/producto\/horno-de-pizza-de-2-niveles-de-piedra-electrico\/#breadcrumb"},"inLanguage":"nb-NO","potentialAction":[{"@type":"ReadAction","target":["https:\/\/distribucionarc.com\/producto\/horno-de-pizza-de-2-niveles-de-piedra-electrico\/"]}]},{"@type":"ImageObject","inLanguage":"nb-NO","@id":"https:\/\/distribucionarc.com\/producto\/horno-de-pizza-de-2-niveles-de-piedra-electrico\/#primaryimage","url":"https:\/\/distribucionarc.com\/wp-content\/uploads\/2020\/07\/Horno-de-pizza-de-2-niveles-de-piedra-electrico-0.jpg","contentUrl":"https:\/\/distribucionarc.com\/wp-content\/uploads\/2020\/07\/Horno-de-pizza-de-2-niveles-de-piedra-electrico-0.jpg","width":1600,"height":1600,"caption":"Horno-de-pizza-de-2-niveles-de-piedra-electrico"},{"@type":"BreadcrumbList","@id":"https:\/\/distribucionarc.com\/producto\/horno-de-pizza-de-2-niveles-de-piedra-electrico\/#breadcrumb","itemListElement":[{"@type":"ListItem","position":1,"name":"Portada","item":"https:\/\/www.distribucionarc.com\/en\/"},{"@type":"ListItem","position":2,"name":"Products","item":"https:\/\/www.distribucionarc.com\/en\/shop\/"},{"@type":"ListItem","position":3,"name":"Horno de pizza de 2 niveles de piedra electrico"}]},{"@type":"WebSite","@id":"https:\/\/www.distribucionarc.com\/de\/#website","url":"https:\/\/www.distribucionarc.com\/de\/","name":"ARC distribusjon","description":"Selskapet har spesialisert seg p\u00e5 produksjon og distribusjon av industrimaskiner, hermetikkboksforseglingsmaskiner, tablettmaskiner, kj\u00f8ttskj\u00e6remaskiner og...","publisher":{"@id":"https:\/\/www.distribucionarc.com\/de\/#organization"},"potentialAction":[{"@type":"SearchAction","target":{"@type":"EntryPoint","urlTemplate":"https:\/\/www.distribucionarc.com\/de\/?s={search_term_string}"},"query-input":{"@type":"PropertyValueSpecification","valueRequired":true,"valueName":"search_term_string"}}],"inLanguage":"nb-NO"},{"@type":"Organization","@id":"https:\/\/www.distribucionarc.com\/de\/#organization","name":"ARC distribusjon","url":"https:\/\/www.distribucionarc.com\/de\/","logo":{"@type":"ImageObject","inLanguage":"nb-NO","@id":"https:\/\/www.distribucionarc.com\/de\/#\/schema\/logo\/image\/","url":"https:\/\/distribucionarc.com\/wp-content\/uploads\/2024\/10\/distribucion-ARC-COLOR-SIN-FONDO-e1732295305345.png","contentUrl":"https:\/\/distribucionarc.com\/wp-content\/uploads\/2024\/10\/distribucion-ARC-COLOR-SIN-FONDO-e1732295305345.png","width":1164,"height":558,"caption":"Distribuci\u00f3n ARC"},"image":{"@id":"https:\/\/www.distribucionarc.com\/de\/#\/schema\/logo\/image\/"},"description":"Selskap som har spesialisert seg p\u00e5 produksjon og distribusjon av industrimaskiner til n\u00e6ringsmiddel- og farmasisektoren. Vi er spesialister p\u00e5: Kj\u00f8ttskj\u00e6remaskiner Tablettilvirkning Industrielle transportsystemer Tappelinjer Dispensere Og mye mer... Vi tilbyr innovative og skreddersydde l\u00f8sninger for \u00e5 optimalisere bedriftens produksjonsprosesser.","email":"Admistracion@distribucionarc.com","telephone":"+34 643496664","legalName":"ARC TECH SOLUTIONS","foundingDate":"2024-04-09","vatID":"B55480172","numberOfEmployees":{"@type":"QuantitativeValue","minValue":"1","maxValue":"10"}}]}},"_links":{"self":[{"href":"https:\/\/distribucionarc.com\/nb\/wp-json\/wp\/v2\/product\/799","targetHints":{"allow":["GET"]}}],"collection":[{"href":"https:\/\/distribucionarc.com\/nb\/wp-json\/wp\/v2\/product"}],"about":[{"href":"https:\/\/distribucionarc.com\/nb\/wp-json\/wp\/v2\/types\/product"}],"replies":[{"embeddable":true,"href":"https:\/\/distribucionarc.com\/nb\/wp-json\/wp\/v2\/comments?post=799"}],"version-history":[{"count":0,"href":"https:\/\/distribucionarc.com\/nb\/wp-json\/wp\/v2\/product\/799\/revisions"}],"wp:featuredmedia":[{"embeddable":true,"href":"https:\/\/distribucionarc.com\/nb\/wp-json\/wp\/v2\/media\/800"}],"wp:attachment":[{"href":"https:\/\/distribucionarc.com\/nb\/wp-json\/wp\/v2\/media?parent=799"}],"wp:term":[{"taxonomy":"product_brand","embeddable":true,"href":"https:\/\/distribucionarc.com\/nb\/wp-json\/wp\/v2\/product_brand?post=799"},{"taxonomy":"product_cat","embeddable":true,"href":"https:\/\/distribucionarc.com\/nb\/wp-json\/wp\/v2\/product_cat?post=799"},{"taxonomy":"product_tag","embeddable":true,"href":"https:\/\/distribucionarc.com\/nb\/wp-json\/wp\/v2\/product_tag?post=799"}],"curies":[{"name":"wp","href":"https:\/\/api.w.org\/{rel}","templated":true}]}}