{"id":8228,"date":"2024-10-28T21:32:30","date_gmt":"2024-10-28T21:32:30","guid":{"rendered":"https:\/\/distribucionarc.com\/?post_type=product&#038;p=8228"},"modified":"2024-12-03T18:42:03","modified_gmt":"2024-12-03T18:42:03","slug":"halvautomatisk-vakuumboksforsegling-med-nitrogen-anr-08","status":"publish","type":"product","link":"https:\/\/distribucionarc.com\/nb\/producto\/selladora-semiautomatica-de-latas-al-vacio-con-nitrogeno-anr-08\/","title":{"rendered":"Halvautomatisk nitrogenvakuumboksforsegling ANR-08"},"content":{"rendered":"<p>Vil du holde produktene dine ferske \ud83e\udd57 og under de beste forhold lenger? De <strong>Halvautomatisk vakuumboksforsegling med nitrogen ANR-08<\/strong> Det er verkt\u00f8yet du trenger. Denne maskinen - ogs\u00e5 kjent som <em>vakuumboks s\u00f8mmer<\/em> heller <em>kan tettemaskin<\/em>\u2014 ikke bare tetter den hermetisk, men den gj\u00f8r det med avansert nitrogeninjeksjonsteknologi, ideell for \u00e5 forhindre oksidasjon og bevare kvaliteten p\u00e5 produktene dine.<\/p>\n<h3><strong>Hva gj\u00f8r denne maskinen spesiell?<\/strong> \u2728<\/h3>\n<ul>\n<li><strong>Forleng levetiden til produktene dine:<\/strong> Takket v\u00e6re injeksjonen av nitrogen reduserer det oksygenet inne i boksene, og beskytter innholdet. \ud83d\udd52<\/li>\n<li><strong>Unng\u00e5 deformasjoner:<\/strong> Gassen skaper et lavtrykksmilj\u00f8 som holder beholderen intakt. \ud83d\udee1\ufe0f<\/li>\n<li><strong>N\u00f8yaktig forsegling:<\/strong> Dens justerbare dreiemomentkontrollen sikrer at hvert lokk er tett lukket uten skade. \ud83d\udd27<\/li>\n<\/ul>\n<h3><strong>Hvordan fungerer det?<\/strong> \ud83e\udd14<\/h3>\n<p>Det er veldig enkelt:<br \/>\n1\ufe0f\u20e3 Plasser boksen p\u00e5 bunnen av maskinen og s\u00f8rg for at den er godt plassert.<br \/>\n2\ufe0f\u20e3 Systemet fjerner luft fra emballasjen for \u00e5 skape et perfekt vakuum \ud83c\udf2c\ufe0f.<br \/>\n3\ufe0f\u20e3 Deretter injiseres nitrogen som fortrenger oksygenavfall \ud83e\uddf4.<br \/>\n4\ufe0f\u20e3 Tetningshodet fester lokket ved \u00e5 bruke n\u00f8yaktig trykk \ud83c\udfaf.<br \/>\n5\ufe0f\u20e3 Klar! Fjern den forseglede boksen og g\u00e5 til neste trinn \ud83d\ude9a.<\/p>\n<p>Med denne prosessen vil produktene dine ikke bare v\u00e6re beskyttet, men vil ogs\u00e5 ha en up\u00e5klagelig presentasjon. Dette <strong>kan tettemaskin<\/strong> Den er perfekt til mat, drikke (som \u00f8l \ud83c\udf7a) og andre produkter som krever optimal konservering.<\/p>\n<h3><\/h3>\n<p><a href=\"https:\/\/distribucionarc.com\/wp-content\/uploads\/2024\/10\/Sellado-Hermetico-de-Latas-con-Inyeccion-de-Nitrogeno-2.png\"><img loading=\"lazy\" decoding=\"async\" class=\"alignnone size-medium wp-image-8230\" src=\"https:\/\/distribucionarc.com\/wp-content\/uploads\/2024\/10\/Sellado-Hermetico-de-Latas-con-Inyeccion-de-Nitrogeno-2-287x300.png\" alt=\"\" width=\"287\" height=\"300\" srcset=\"https:\/\/distribucionarc.com\/wp-content\/uploads\/2024\/10\/Sellado-Hermetico-de-Latas-con-Inyeccion-de-Nitrogeno-2-287x300.png 287w, https:\/\/distribucionarc.com\/wp-content\/uploads\/2024\/10\/Sellado-Hermetico-de-Latas-con-Inyeccion-de-Nitrogeno-2-150x157.png 150w, https:\/\/distribucionarc.com\/wp-content\/uploads\/2024\/10\/Sellado-Hermetico-de-Latas-con-Inyeccion-de-Nitrogeno-2-11x12.png 11w, https:\/\/distribucionarc.com\/wp-content\/uploads\/2024\/10\/Sellado-Hermetico-de-Latas-con-Inyeccion-de-Nitrogeno-2.png 409w\" sizes=\"auto, (max-width: 287px) 100vw, 287px\" \/><\/a>\u00a0 \u00a0 \u00a0 \u00a0 \u00a0 \u00a0 \u00a0 \u00a0 \u00a0 <a href=\"https:\/\/distribucionarc.com\/wp-content\/uploads\/2024\/10\/Sellado-Hermetico-de-Latas-con-Inyeccion-de-Nitrogeno-1.png\"><img loading=\"lazy\" decoding=\"async\" class=\"alignnone size-medium wp-image-8229\" src=\"https:\/\/distribucionarc.com\/wp-content\/uploads\/2024\/10\/Sellado-Hermetico-de-Latas-con-Inyeccion-de-Nitrogeno-1-261x300.png\" alt=\"\" width=\"261\" height=\"300\" srcset=\"https:\/\/distribucionarc.com\/wp-content\/uploads\/2024\/10\/Sellado-Hermetico-de-Latas-con-Inyeccion-de-Nitrogeno-1-261x300.png 261w, https:\/\/distribucionarc.com\/wp-content\/uploads\/2024\/10\/Sellado-Hermetico-de-Latas-con-Inyeccion-de-Nitrogeno-1-430x494.png 430w, https:\/\/distribucionarc.com\/wp-content\/uploads\/2024\/10\/Sellado-Hermetico-de-Latas-con-Inyeccion-de-Nitrogeno-1-150x172.png 150w, https:\/\/distribucionarc.com\/wp-content\/uploads\/2024\/10\/Sellado-Hermetico-de-Latas-con-Inyeccion-de-Nitrogeno-1-10x12.png 10w, https:\/\/distribucionarc.com\/wp-content\/uploads\/2024\/10\/Sellado-Hermetico-de-Latas-con-Inyeccion-de-Nitrogeno-1.png 480w\" sizes=\"auto, (max-width: 261px) 100vw, 261px\" \/><\/a><\/p>\n<div class=\"container\"><\/div>\n<p>&nbsp;<\/p>\n<h3><strong>Tekniske spesifikasjoner<\/strong> \ud83d\udccb<\/h3>\n<table>\n<thead>\n<tr>\n<th>Spesifikasjon<\/th>\n<th>Detalj<\/th>\n<\/tr>\n<\/thead>\n<tbody>\n<tr>\n<td><strong>Maskinst\u00f8rrelse<\/strong><\/td>\n<td>780 x 580 x 1750 mm<\/td>\n<\/tr>\n<tr>\n<td><strong>Spenning<\/strong><\/td>\n<td>220V\/50Hz<\/td>\n<\/tr>\n<tr>\n<td><strong>Produksjon<\/strong><\/td>\n<td>4-6 bokser\/minutt<\/td>\n<\/tr>\n<tr>\n<td><strong>Makt<\/strong><\/td>\n<td>2,25KW<\/td>\n<\/tr>\n<tr>\n<td><strong>Boks diameter<\/strong><\/td>\n<td>50-130 mm<\/td>\n<\/tr>\n<tr>\n<td><strong>Maksimal boksh\u00f8yde<\/strong><\/td>\n<td>50-200 mm<\/td>\n<\/tr>\n<tr>\n<td><strong>Vekt<\/strong><\/td>\n<td>300 kg<\/td>\n<\/tr>\n<tr>\n<td><strong>Modell<\/strong><\/td>\n<td>ANR-08<\/td>\n<\/tr>\n<tr>\n<td><strong>lufttrykk<\/strong><\/td>\n<td>0,3-0,6 MPa<\/td>\n<\/tr>\n<tr>\n<td><strong>Tinnplatetykkelse<\/strong><\/td>\n<td>Opp til 0,4 mm<\/td>\n<\/tr>\n<tr>\n<td><strong>SKU<\/strong><\/td>\n<td>AR00220<\/td>\n<\/tr>\n<tr>\n<td><strong>Garanti<\/strong><\/td>\n<td>2 \u00e5r<\/td>\n<\/tr>\n<\/tbody>\n<\/table>\n<p><a href=\"https:\/\/distribucionarc.com\/wp-content\/uploads\/2024\/10\/Equipo-Industrial-selladora-al-vacio-con-nitrogeno.png\"><img loading=\"lazy\" decoding=\"async\" class=\"alignnone size-medium wp-image-8232\" src=\"https:\/\/distribucionarc.com\/wp-content\/uploads\/2024\/10\/Equipo-Industrial-selladora-al-vacio-con-nitrogeno-300x264.png\" alt=\"\" width=\"300\" height=\"264\" srcset=\"https:\/\/distribucionarc.com\/wp-content\/uploads\/2024\/10\/Equipo-Industrial-selladora-al-vacio-con-nitrogeno-300x264.png 300w, https:\/\/distribucionarc.com\/wp-content\/uploads\/2024\/10\/Equipo-Industrial-selladora-al-vacio-con-nitrogeno-150x132.png 150w, https:\/\/distribucionarc.com\/wp-content\/uploads\/2024\/10\/Equipo-Industrial-selladora-al-vacio-con-nitrogeno-14x12.png 14w, https:\/\/distribucionarc.com\/wp-content\/uploads\/2024\/10\/Equipo-Industrial-selladora-al-vacio-con-nitrogeno.png 402w\" sizes=\"auto, (max-width: 300px) 100vw, 300px\" \/><\/a><\/p>\n<h3><strong>Hvorfor velge ANR-08 Sealer?<\/strong> \ud83d\udca1<\/h3>\n<p>Denne maskinen er designet for <strong>gj\u00f8re arbeidet ditt enklere<\/strong> og gi deg konsistente resultater:<\/p>\n<ul>\n<li>Bevar friskheten og kvaliteten p\u00e5 produktene dine, reduser tapene \ud83d\udee1\ufe0f.<\/li>\n<li>Ideell for mat-, syltevarer\ud83e\udd6b- og drikkevaresektorene.<\/li>\n<li>Dens robuste konstruksjon garanterer holdbarhet og enkelt vedlikehold.<\/li>\n<\/ul>\n<p>Med <strong>ANR-08 Vacuum Can Sealer<\/strong>, vil du ha en effektiv og praktisk l\u00f8sning slik at produktene dine alltid holdes under de beste forhold \ud83e\udd47. Klar til \u00e5 ta produksjonen til neste niv\u00e5? \ud83d\ude80<\/p>","protected":false},"excerpt":{"rendered":"<p>De <strong>Halvautomatisk vakuumboksforsegling med nitrogen ANR-08<\/strong> er en maskin designet for vakuumforsegling av bokser, med injeksjon av nitrogengass for \u00e5 bevare innholdet. Hovedfunksjonen er \u00e5 skape et kontrollert milj\u00f8 inne i boksen, redusere oksygen for \u00e5 forlenge friskheten og kvaliteten til produktet. Blant de viktigste komponentene er den justerbare momentkontrolleren, som muliggj\u00f8r presis tetting av det roterende lokket og minimerer slitasje p\u00e5 deler, vakuum- og nitrogeninjeksjonssystemet, og en motstandsdyktig struktur i 304 og 420 st\u00e5l, som sikrer holdbarhet og lav feilrate.<\/p>\n<p>Denne maskinen er anvendelig i ulike bransjer, som mat, kjemikalier, landbruk og kosmetikk, hvor den garanterer h\u00f8ykvalitets forsegling som beskytter innholdet mot forurensninger, forbedrer konserveringen og sikrer en lang levetid for produktet.<\/p>","protected":false},"featured_media":8233,"comment_status":"open","ping_status":"closed","template":"","meta":{"wds_primary_product_brand":0,"wds_primary_product_cat":0},"product_brand":[],"product_cat":[62],"product_tag":[],"class_list":{"0":"post-8228","1":"product","2":"type-product","3":"status-publish","4":"has-post-thumbnail","6":"product_cat-selladoras-de-latas","8":"first","9":"instock","10":"taxable","11":"shipping-taxable","12":"purchasable","13":"product-type-simple"},"yoast_head":"<!-- This site is optimized with the Yoast SEO Premium plugin v24.9 (Yoast SEO v26.1) - https:\/\/yoast.com\/wordpress\/plugins\/seo\/ -->\n<title>Selladora semiautom\u00e1tica de latas al vac\u00edo con nitr\u00f3geno ANR-08 - distribuci\u00f3n ARC<\/title>\n<meta name=\"description\" content=\"Selladora Semiautom\u00e1tica de Latas al Vac\u00edo ANR-08, dise\u00f1ada para un sellado herm\u00e9tico con inyecci\u00f3n de nitr\u00f3geno. Ideal para conservar frescura y calidad en alimentos, bebidas y m\u00e1s. \u00a1Eficiencia garantizada! \ud83d\ude80\" \/>\n<meta name=\"robots\" content=\"index, follow, max-snippet:-1, max-image-preview:large, max-video-preview:-1\" \/>\n<link rel=\"canonical\" href=\"https:\/\/distribucionarc.com\/nb\/produkter\/halvautomatisk-vakuumboksforsegling-med-nitrogen-anr-08\/\" \/>\n<meta property=\"og:locale\" content=\"nb_NO\" \/>\n<meta property=\"og:type\" content=\"article\" \/>\n<meta property=\"og:title\" content=\"Selladora semiautom\u00e1tica de latas al vac\u00edo con nitr\u00f3geno ANR-08\" \/>\n<meta property=\"og:description\" content=\"Selladora Semiautom\u00e1tica de Latas al Vac\u00edo ANR-08, dise\u00f1ada para un sellado herm\u00e9tico con inyecci\u00f3n de nitr\u00f3geno. Ideal para conservar frescura y calidad en alimentos, bebidas y m\u00e1s. \u00a1Eficiencia garantizada! \ud83d\ude80\" \/>\n<meta property=\"og:url\" content=\"https:\/\/distribucionarc.com\/nb\/produkter\/halvautomatisk-vakuumboksforsegling-med-nitrogen-anr-08\/\" \/>\n<meta property=\"og:site_name\" content=\"distribuci\u00f3n ARC\" \/>\n<meta property=\"article:modified_time\" content=\"2024-12-03T18:42:03+00:00\" \/>\n<meta property=\"og:image\" content=\"https:\/\/distribucionarc.com\/wp-content\/uploads\/2024\/10\/Selladora-al-Vacio-con-Nitrogeno.png\" \/>\n\t<meta property=\"og:image:width\" content=\"391\" \/>\n\t<meta property=\"og:image:height\" content=\"348\" \/>\n\t<meta property=\"og:image:type\" content=\"image\/png\" \/>\n<meta name=\"twitter:card\" content=\"summary_large_image\" \/>\n<meta name=\"twitter:label1\" content=\"Ansl. lesetid\" \/>\n\t<meta name=\"twitter:data1\" content=\"3 minutter\" \/>\n<script type=\"application\/ld+json\" class=\"yoast-schema-graph\">{\"@context\":\"https:\/\/schema.org\",\"@graph\":[{\"@type\":\"WebPage\",\"@id\":\"https:\/\/distribucionarc.com\/producto\/selladora-semiautomatica-de-latas-al-vacio-con-nitrogeno-anr-08\/\",\"url\":\"https:\/\/distribucionarc.com\/producto\/selladora-semiautomatica-de-latas-al-vacio-con-nitrogeno-anr-08\/\",\"name\":\"Selladora semiautom\u00e1tica de latas al vac\u00edo con nitr\u00f3geno ANR-08 - distribuci\u00f3n ARC\",\"isPartOf\":{\"@id\":\"https:\/\/www.distribucionarc.com\/de\/#website\"},\"primaryImageOfPage\":{\"@id\":\"https:\/\/distribucionarc.com\/producto\/selladora-semiautomatica-de-latas-al-vacio-con-nitrogeno-anr-08\/#primaryimage\"},\"image\":{\"@id\":\"https:\/\/distribucionarc.com\/producto\/selladora-semiautomatica-de-latas-al-vacio-con-nitrogeno-anr-08\/#primaryimage\"},\"thumbnailUrl\":\"https:\/\/distribucionarc.com\/wp-content\/uploads\/2024\/10\/Selladora-al-Vacio-con-Nitrogeno.png\",\"datePublished\":\"2024-10-28T21:32:30+00:00\",\"dateModified\":\"2024-12-03T18:42:03+00:00\",\"description\":\"Selladora Semiautom\u00e1tica de Latas al Vac\u00edo ANR-08, dise\u00f1ada para un sellado herm\u00e9tico con inyecci\u00f3n de nitr\u00f3geno. Ideal para conservar frescura y calidad en alimentos, bebidas y m\u00e1s. \u00a1Eficiencia garantizada! \ud83d\ude80\",\"breadcrumb\":{\"@id\":\"https:\/\/distribucionarc.com\/producto\/selladora-semiautomatica-de-latas-al-vacio-con-nitrogeno-anr-08\/#breadcrumb\"},\"inLanguage\":\"nb-NO\",\"potentialAction\":[{\"@type\":\"ReadAction\",\"target\":[\"https:\/\/distribucionarc.com\/producto\/selladora-semiautomatica-de-latas-al-vacio-con-nitrogeno-anr-08\/\"]}]},{\"@type\":\"ImageObject\",\"inLanguage\":\"nb-NO\",\"@id\":\"https:\/\/distribucionarc.com\/producto\/selladora-semiautomatica-de-latas-al-vacio-con-nitrogeno-anr-08\/#primaryimage\",\"url\":\"https:\/\/distribucionarc.com\/wp-content\/uploads\/2024\/10\/Selladora-al-Vacio-con-Nitrogeno.png\",\"contentUrl\":\"https:\/\/distribucionarc.com\/wp-content\/uploads\/2024\/10\/Selladora-al-Vacio-con-Nitrogeno.png\",\"width\":391,\"height\":348},{\"@type\":\"BreadcrumbList\",\"@id\":\"https:\/\/distribucionarc.com\/producto\/selladora-semiautomatica-de-latas-al-vacio-con-nitrogeno-anr-08\/#breadcrumb\",\"itemListElement\":[{\"@type\":\"ListItem\",\"position\":1,\"name\":\"Portada\",\"item\":\"https:\/\/www.distribucionarc.com\/en\/\"},{\"@type\":\"ListItem\",\"position\":2,\"name\":\"Products\",\"item\":\"https:\/\/www.distribucionarc.com\/en\/shop\/\"},{\"@type\":\"ListItem\",\"position\":3,\"name\":\"Selladora semiautom\u00e1tica de latas al vac\u00edo con nitr\u00f3geno ANR-08\"}]},{\"@type\":\"WebSite\",\"@id\":\"https:\/\/www.distribucionarc.com\/de\/#website\",\"url\":\"https:\/\/www.distribucionarc.com\/de\/\",\"name\":\"distribuci\u00f3n ARC\",\"description\":\"Empresa especializada en la fabricaci\u00f3n y distribuci\u00f3n de maquinaria industrial, selladoras de latas, Maquinas de hacer pastillas, Maquinas de cortar carne...\",\"publisher\":{\"@id\":\"https:\/\/www.distribucionarc.com\/de\/#organization\"},\"potentialAction\":[{\"@type\":\"SearchAction\",\"target\":{\"@type\":\"EntryPoint\",\"urlTemplate\":\"https:\/\/www.distribucionarc.com\/de\/?s={search_term_string}\"},\"query-input\":{\"@type\":\"PropertyValueSpecification\",\"valueRequired\":true,\"valueName\":\"search_term_string\"}}],\"inLanguage\":\"nb-NO\"},{\"@type\":\"Organization\",\"@id\":\"https:\/\/www.distribucionarc.com\/de\/#organization\",\"name\":\"Distribuci\u00f3n ARC\",\"url\":\"https:\/\/www.distribucionarc.com\/de\/\",\"logo\":{\"@type\":\"ImageObject\",\"inLanguage\":\"nb-NO\",\"@id\":\"https:\/\/www.distribucionarc.com\/de\/#\/schema\/logo\/image\/\",\"url\":\"https:\/\/distribucionarc.com\/wp-content\/uploads\/2024\/10\/distribucion-ARC-COLOR-SIN-FONDO-e1732295305345.png\",\"contentUrl\":\"https:\/\/distribucionarc.com\/wp-content\/uploads\/2024\/10\/distribucion-ARC-COLOR-SIN-FONDO-e1732295305345.png\",\"width\":1164,\"height\":558,\"caption\":\"Distribuci\u00f3n ARC\"},\"image\":{\"@id\":\"https:\/\/www.distribucionarc.com\/de\/#\/schema\/logo\/image\/\"},\"description\":\"Empresa especializada en la fabricaci\u00f3n y distribuci\u00f3n de maquinaria industrial para los sectores alimentario y farmac\u00e9utico. Nos especializamos en: M\u00e1quinas de cortar carne Fabricaci\u00f3n de comprimidos Sistemas de transporte industrial L\u00edneas de embotellado Dosificadores Y mucho m\u00e1s... Ofrecemos soluciones innovadoras y personalizadas para optimizar los procesos productivos de tu empresa.\",\"email\":\"Admistracion@distribucionarc.com\",\"telephone\":\"+34 643496664\",\"legalName\":\"ARC TECH SOLUTIONS\",\"foundingDate\":\"2024-04-09\",\"vatID\":\"B55480172\",\"numberOfEmployees\":{\"@type\":\"QuantitativeValue\",\"minValue\":\"1\",\"maxValue\":\"10\"}}]}<\/script>\n<!-- \/ Yoast SEO Premium plugin. -->","yoast_head_json":{"title":"Halvautomatisk vakuumboksforsegling med nitrogen ANR-08 - ARC-fordeling","description":"ANR-08 Semi-Automatic Vacuum Can Sealer, designet for hermetisk forsegling med nitrogeninjeksjon. Ideell for \u00e5 bevare friskhet og kvalitet i mat, drikke og mer. Garantert effektivitet! \ud83d\ude80","robots":{"index":"index","follow":"follow","max-snippet":"max-snippet:-1","max-image-preview":"max-image-preview:large","max-video-preview":"max-video-preview:-1"},"canonical":"https:\/\/distribucionarc.com\/nb\/produkter\/halvautomatisk-vakuumboksforsegling-med-nitrogen-anr-08\/","og_locale":"nb_NO","og_type":"article","og_title":"Selladora semiautom\u00e1tica de latas al vac\u00edo con nitr\u00f3geno ANR-08","og_description":"Selladora Semiautom\u00e1tica de Latas al Vac\u00edo ANR-08, dise\u00f1ada para un sellado herm\u00e9tico con inyecci\u00f3n de nitr\u00f3geno. Ideal para conservar frescura y calidad en alimentos, bebidas y m\u00e1s. \u00a1Eficiencia garantizada! \ud83d\ude80","og_url":"https:\/\/distribucionarc.com\/nb\/produkter\/halvautomatisk-vakuumboksforsegling-med-nitrogen-anr-08\/","og_site_name":"distribuci\u00f3n ARC","article_modified_time":"2024-12-03T18:42:03+00:00","og_image":[{"width":391,"height":348,"url":"https:\/\/distribucionarc.com\/wp-content\/uploads\/2024\/10\/Selladora-al-Vacio-con-Nitrogeno.png","type":"image\/png"}],"twitter_card":"summary_large_image","twitter_misc":{"Ansl. lesetid":"3 minutter"},"schema":{"@context":"https:\/\/schema.org","@graph":[{"@type":"WebPage","@id":"https:\/\/distribucionarc.com\/producto\/selladora-semiautomatica-de-latas-al-vacio-con-nitrogeno-anr-08\/","url":"https:\/\/distribucionarc.com\/producto\/selladora-semiautomatica-de-latas-al-vacio-con-nitrogeno-anr-08\/","name":"Halvautomatisk vakuumboksforsegling med nitrogen ANR-08 - ARC-fordeling","isPartOf":{"@id":"https:\/\/www.distribucionarc.com\/de\/#website"},"primaryImageOfPage":{"@id":"https:\/\/distribucionarc.com\/producto\/selladora-semiautomatica-de-latas-al-vacio-con-nitrogeno-anr-08\/#primaryimage"},"image":{"@id":"https:\/\/distribucionarc.com\/producto\/selladora-semiautomatica-de-latas-al-vacio-con-nitrogeno-anr-08\/#primaryimage"},"thumbnailUrl":"https:\/\/distribucionarc.com\/wp-content\/uploads\/2024\/10\/Selladora-al-Vacio-con-Nitrogeno.png","datePublished":"2024-10-28T21:32:30+00:00","dateModified":"2024-12-03T18:42:03+00:00","description":"ANR-08 Semi-Automatic Vacuum Can Sealer, designet for hermetisk forsegling med nitrogeninjeksjon. Ideell for \u00e5 bevare friskhet og kvalitet i mat, drikke og mer. Garantert effektivitet! \ud83d\ude80","breadcrumb":{"@id":"https:\/\/distribucionarc.com\/producto\/selladora-semiautomatica-de-latas-al-vacio-con-nitrogeno-anr-08\/#breadcrumb"},"inLanguage":"nb-NO","potentialAction":[{"@type":"ReadAction","target":["https:\/\/distribucionarc.com\/producto\/selladora-semiautomatica-de-latas-al-vacio-con-nitrogeno-anr-08\/"]}]},{"@type":"ImageObject","inLanguage":"nb-NO","@id":"https:\/\/distribucionarc.com\/producto\/selladora-semiautomatica-de-latas-al-vacio-con-nitrogeno-anr-08\/#primaryimage","url":"https:\/\/distribucionarc.com\/wp-content\/uploads\/2024\/10\/Selladora-al-Vacio-con-Nitrogeno.png","contentUrl":"https:\/\/distribucionarc.com\/wp-content\/uploads\/2024\/10\/Selladora-al-Vacio-con-Nitrogeno.png","width":391,"height":348},{"@type":"BreadcrumbList","@id":"https:\/\/distribucionarc.com\/producto\/selladora-semiautomatica-de-latas-al-vacio-con-nitrogeno-anr-08\/#breadcrumb","itemListElement":[{"@type":"ListItem","position":1,"name":"Portada","item":"https:\/\/www.distribucionarc.com\/en\/"},{"@type":"ListItem","position":2,"name":"Products","item":"https:\/\/www.distribucionarc.com\/en\/shop\/"},{"@type":"ListItem","position":3,"name":"Selladora semiautom\u00e1tica de latas al vac\u00edo con nitr\u00f3geno ANR-08"}]},{"@type":"WebSite","@id":"https:\/\/www.distribucionarc.com\/de\/#website","url":"https:\/\/www.distribucionarc.com\/de\/","name":"ARC distribusjon","description":"Selskapet har spesialisert seg p\u00e5 produksjon og distribusjon av industrimaskiner, hermetikkboksforseglingsmaskiner, tablettmaskiner, kj\u00f8ttskj\u00e6remaskiner og...","publisher":{"@id":"https:\/\/www.distribucionarc.com\/de\/#organization"},"potentialAction":[{"@type":"SearchAction","target":{"@type":"EntryPoint","urlTemplate":"https:\/\/www.distribucionarc.com\/de\/?s={search_term_string}"},"query-input":{"@type":"PropertyValueSpecification","valueRequired":true,"valueName":"search_term_string"}}],"inLanguage":"nb-NO"},{"@type":"Organization","@id":"https:\/\/www.distribucionarc.com\/de\/#organization","name":"ARC distribusjon","url":"https:\/\/www.distribucionarc.com\/de\/","logo":{"@type":"ImageObject","inLanguage":"nb-NO","@id":"https:\/\/www.distribucionarc.com\/de\/#\/schema\/logo\/image\/","url":"https:\/\/distribucionarc.com\/wp-content\/uploads\/2024\/10\/distribucion-ARC-COLOR-SIN-FONDO-e1732295305345.png","contentUrl":"https:\/\/distribucionarc.com\/wp-content\/uploads\/2024\/10\/distribucion-ARC-COLOR-SIN-FONDO-e1732295305345.png","width":1164,"height":558,"caption":"Distribuci\u00f3n ARC"},"image":{"@id":"https:\/\/www.distribucionarc.com\/de\/#\/schema\/logo\/image\/"},"description":"Selskap som har spesialisert seg p\u00e5 produksjon og distribusjon av industrimaskiner til n\u00e6ringsmiddel- og farmasisektoren. Vi er spesialister p\u00e5: Kj\u00f8ttskj\u00e6remaskiner Tablettilvirkning Industrielle transportsystemer Tappelinjer Dispensere Og mye mer... Vi tilbyr innovative og skreddersydde l\u00f8sninger for \u00e5 optimalisere bedriftens produksjonsprosesser.","email":"Admistracion@distribucionarc.com","telephone":"+34 643496664","legalName":"ARC TECH SOLUTIONS","foundingDate":"2024-04-09","vatID":"B55480172","numberOfEmployees":{"@type":"QuantitativeValue","minValue":"1","maxValue":"10"}}]}},"_links":{"self":[{"href":"https:\/\/distribucionarc.com\/nb\/wp-json\/wp\/v2\/product\/8228","targetHints":{"allow":["GET"]}}],"collection":[{"href":"https:\/\/distribucionarc.com\/nb\/wp-json\/wp\/v2\/product"}],"about":[{"href":"https:\/\/distribucionarc.com\/nb\/wp-json\/wp\/v2\/types\/product"}],"replies":[{"embeddable":true,"href":"https:\/\/distribucionarc.com\/nb\/wp-json\/wp\/v2\/comments?post=8228"}],"version-history":[{"count":0,"href":"https:\/\/distribucionarc.com\/nb\/wp-json\/wp\/v2\/product\/8228\/revisions"}],"wp:featuredmedia":[{"embeddable":true,"href":"https:\/\/distribucionarc.com\/nb\/wp-json\/wp\/v2\/media\/8233"}],"wp:attachment":[{"href":"https:\/\/distribucionarc.com\/nb\/wp-json\/wp\/v2\/media?parent=8228"}],"wp:term":[{"taxonomy":"product_brand","embeddable":true,"href":"https:\/\/distribucionarc.com\/nb\/wp-json\/wp\/v2\/product_brand?post=8228"},{"taxonomy":"product_cat","embeddable":true,"href":"https:\/\/distribucionarc.com\/nb\/wp-json\/wp\/v2\/product_cat?post=8228"},{"taxonomy":"product_tag","embeddable":true,"href":"https:\/\/distribucionarc.com\/nb\/wp-json\/wp\/v2\/product_tag?post=8228"}],"curies":[{"name":"wp","href":"https:\/\/api.w.org\/{rel}","templated":true}]}}