{"id":901,"date":"2020-07-14T16:13:43","date_gmt":"2020-07-14T16:13:43","guid":{"rendered":"https:\/\/distribucionarc.com\/?post_type=product&#038;p=901"},"modified":"2020-09-26T15:46:27","modified_gmt":"2020-09-26T15:46:27","slug":"mini-hjertevaffelmaskin","status":"publish","type":"product","link":"https:\/\/distribucionarc.com\/nb\/producto\/maquina-para-mini-gofres-corazon\/","title":{"rendered":"Mini hjertepannekakemaskin"},"content":{"rendered":"<h3>Mini hjerte pannekakemaskin<\/h3>\n<p>&nbsp;<\/p>\n<p>De <strong>vaffelmaskin<\/strong> <strong><span style=\"color: #ff0000;\">TIL<\/span><span style=\"color: #0000ff;\">R<\/span>CMGC2<\/strong> Den er utstyrt med st\u00f8pejernsplater og et avtagbart avrundet dryppbrett i rustfritt st\u00e5l. Stekeformene er non-stick med h\u00f8y varmeledningsevne, som <span style=\"color: #008000;\"><strong>De favoriserer det lave elektriske forbruket til vaffelmaskinen<\/strong><\/span>.<\/p>\n<p>Varmedelen er adskilt, s\u00e5 h\u00f8ye temperaturer kan ikke n\u00e5 bunnen av maskinen, de elektroniske komponentene inne i kroppen er beskyttet og lar den vare i flere \u00e5r. Det er veldig enkelt \u00e5 rengj\u00f8re. Brukere trenger bare \u00e5 bruke en t\u00f8rr eller fuktig klut for \u00e5 rengj\u00f8re overflaten, ingen grunn til \u00e5 vaske dem med vann<\/p>\n<p>Dette produktet egner seg veldig godt til \u00e5 bake mat <strong>butikker<\/strong>, <strong>restauranter<\/strong>, <strong>ovner<\/strong>, <strong>isbarer,<\/strong> osv Det effektive systemet vil hjelpe deg \u00e5 gi varm mat til kunden p\u00e5 den mest praktiske og enkle m\u00e5ten.<\/p>\n<p>Den sv\u00e6rt ledende st\u00f8pejernsplaten sprer varmen jevnt, med vaffeljernet <strong><span style=\"color: #ff0000;\">TIL<\/span><span style=\"color: #0000ff;\">R<\/span>c<\/strong> kan bake opptil 50 sm\u00e5 <strong>vafler<\/strong> med hjerteform om gangen vil det bare ta deg 3-5 minutter, lysenheten vil minne deg p\u00e5 n\u00e5r <strong>vafler<\/strong> og til hvilken tid <strong>vaffeljern<\/strong> Den har n\u00e5dd sitt varme punkt.<\/p>\n<p>&nbsp;<\/p>\n<h6><strong>Garanti<span style=\"color: #ff0000;\">\u00a0TIL<\/span><span style=\"color: #0000ff;\">R<\/span>C 2 \u00c5R<\/strong><\/h6>\n<h6><span style=\"color: #008000;\">Effektiv hjerte mini vaffelmaskin, lavt forbruk 1600w<\/span><\/h6>\n<h6><strong>teknisk st\u00f8tte inkludert<\/strong><\/h6>\n<p>&nbsp;<\/p>\n<table role=\"presentation\" width=\"100%\" cellspacing=\"0\" cellpadding=\"0\">\n<tbody>\n<tr>\n<td class=\"attrLabels\">Temperatur:<\/td>\n<td width=\"50.0%\">0-300\u00baC<\/td>\n<\/tr>\n<tr>\n<td class=\"attrLabels\">Distribusjonsland:<\/td>\n<td width=\"50.0%\">Spania, Tyskland, USA<\/td>\n<td class=\"attrLabels\">Vekt:<\/td>\n<td width=\"50.0%\">10,5 kg<\/td>\n<\/tr>\n<tr>\n<td class=\"attrLabels\">Merke:<\/td>\n<td width=\"50.0%\">BUE<\/td>\n<td class=\"attrLabels\">H\u00f8yde:<\/td>\n<td width=\"50.0%\">11,6 cm<\/td>\n<\/tr>\n<tr>\n<td class=\"attrLabels\">Farge:<\/td>\n<td width=\"50.0%\">S\u00f8lv<\/td>\n<td class=\"attrLabels\">Lang:<\/td>\n<td width=\"50.0%\">\u00a027,6 cm<\/td>\n<\/tr>\n<tr>\n<td class=\"attrLabels\">Produkttype:<\/td>\n<td width=\"50.0%\">Hjertevaffelmaskin<\/td>\n<td class=\"attrLabels\">Bred:<\/td>\n<td width=\"50.0%\">16,5 cm<\/td>\n<\/tr>\n<tr>\n<td class=\"attrLabels\">Produsentnummer:<\/td>\n<td width=\"50.0%\">ARMGC2<\/td>\n<td class=\"attrLabels\">Makt:<\/td>\n<td width=\"50.0%\">2800W<\/td>\n<\/tr>\n<tr>\n<td class=\"attrLabels\">Materiale:<\/td>\n<td width=\"50.0%\">rustfritt st\u00e5l, teflonplate, temperaturkontroll<\/td>\n<td class=\"attrLabels\">inngangsspenning<\/td>\n<td width=\"50.0%\">220V \u2013 60Hz<\/td>\n<\/tr>\n<tr>\n<td class=\"attrLabels\">Hjertest\u00f8rrelse:<\/td>\n<td width=\"50.0%\">4 cm<\/td>\n<td class=\"attrLabels\">Garanti:<\/td>\n<td width=\"50.0%\">2 \u00c5R<\/td>\n<\/tr>\n<tr>\n<td class=\"attrLabels\">Installasjonsverkt\u00f8y:<\/td>\n<td width=\"50.0%\">Ja<\/td>\n<td class=\"attrLabels\">Produksjon:<\/td>\n<td width=\"50.0%\">50 stk<\/td>\n<\/tr>\n<\/tbody>\n<\/table>\n<p>&nbsp;<\/p>\n<h3><\/h3>","protected":false},"excerpt":{"rendered":"<h2>Mini hjertepannekakemaskin<\/h2>\n<p>Han <strong>vaffel<\/strong> Det er favorittmaten til folk flest og med <strong>vaffelmaskin<\/strong> av<strong><span style=\"color: #ff0000;\"> TIL<\/span><span style=\"color: #0000ff;\">R<\/span>c<\/strong> Du kan gj\u00f8re dem enda mer attraktive p\u00e5 grunn av hjertedesignet, noe som f\u00e5r kundene til \u00e5 bli forelsket i deres deilige smak.<\/p>\n<p><strong><span style=\"color: #ff0000;\">TIL<\/span><span style=\"color: #0000ff;\">R<\/span>CMGC2<\/strong> Den er designet for \u00e5 bake <strong>vafler<\/strong> luftigere og ristet i form av et minihjerte. Sammensatt av to plater, kan den brukes til \u00e5 lage <strong>50 stk vafler<\/strong> om gangen og denne prosessen tar bare 5-8 minutter, slik at du kan f\u00e5 en produksjon p\u00e5 100 <strong>mini<\/strong> <strong>vafler<\/strong> p\u00e5 10 min. I tillegg har den en ny stil, enkel \u00e5 bruke, automatisk temperaturkontroll, <strong><span style=\"color: #008000;\">lavt str\u00f8mforbruk<\/span><\/strong>, rask oppvarmingshastighet.<\/p>\n<h6><\/h6>\n<h6><strong>Garanti<span style=\"color: #ff0000;\">\u00a0TIL<\/span><span style=\"color: #0000ff;\">R<\/span>C 2 \u00c5R<\/strong><\/h6>\n<h6><span style=\"color: #008000;\">Effektiv hjerte mini vaffelmaskin, lavt forbruk 1600w<\/span><\/h6>\n<h6><strong>teknisk st\u00f8tte inkludert<\/strong><\/h6>","protected":false},"featured_media":902,"comment_status":"open","ping_status":"closed","template":"","meta":{"wds_primary_product_brand":0,"wds_primary_product_cat":0},"product_brand":[],"product_cat":[51],"product_tag":[],"class_list":{"0":"post-901","1":"product","2":"type-product","3":"status-publish","4":"has-post-thumbnail","6":"product_cat-gofreras-profesionales","7":"product_shipping_class-hosteleria","9":"first","10":"instock","11":"sale","12":"taxable","13":"shipping-taxable","14":"purchasable","15":"product-type-simple"},"yoast_head":"<!-- This site is optimized with the Yoast SEO Premium plugin v24.9 (Yoast SEO v26.1) - https:\/\/yoast.com\/wordpress\/plugins\/seo\/ -->\n<title>M\u00e1quina para mini pancakes coraz\u00f3n - distribuci\u00f3n ARC<\/title>\n<meta name=\"robots\" content=\"index, follow, max-snippet:-1, max-image-preview:large, max-video-preview:-1\" \/>\n<link rel=\"canonical\" href=\"https:\/\/distribucionarc.com\/nb\/produkter\/mini-hjertevaffelmaskin\/\" \/>\n<meta property=\"og:locale\" content=\"nb_NO\" \/>\n<meta property=\"og:type\" content=\"article\" \/>\n<meta property=\"og:title\" content=\"M\u00e1quina para mini pancakes coraz\u00f3n\" \/>\n<meta property=\"og:description\" content=\"M\u00e1quina para mini pancakes coraz\u00f3n El gofre es la comida favorita de la mayor\u00eda de la gente y con la m\u00e1quina de gofres de ARC puedes conseguir que sean a\u00fan m\u00e1s atractivos por su dise\u00f1o de coraz\u00f3n enamorando a tus clientes con su delicioso sabor.  ARCMGC2 est\u00e1 dise\u00f1ada para hornear los gofres m\u00e1s esponjosos y tostados en forma de mini coraz\u00f3n. Compuesto de dos placas, se puede utilizar para hacer 50pcs gofres a la vez y este proceso s\u00f3lo toma 5-8 minutos de esta forma puedes obtener una producci\u00f3n de 100 mini gofres en 10 min. Adem\u00e1s, cuenta con estilo novedoso, f\u00e1cil de utilizar, control autom\u00e1tico de la temperatura, bajo consumo de energ\u00eda, velocidad de calentamiento r\u00e1pida.  Garant\u00eda\u00a0ARC 2 A\u00d1OS Maquina para mini gofres coraz\u00f3n eficiente, bajo consumo 1600w soporte t\u00e9cnico\u00a0incluido\" \/>\n<meta property=\"og:url\" content=\"https:\/\/distribucionarc.com\/nb\/produkter\/mini-hjertevaffelmaskin\/\" \/>\n<meta property=\"og:site_name\" content=\"distribuci\u00f3n ARC\" \/>\n<meta property=\"article:modified_time\" content=\"2020-09-26T15:46:27+00:00\" \/>\n<meta property=\"og:image\" content=\"https:\/\/distribucionarc.com\/wp-content\/uploads\/2020\/07\/M\u00e1quina-para-mini-gofres-coraz\u00f3n-5.jpg\" \/>\n\t<meta property=\"og:image:width\" content=\"1001\" \/>\n\t<meta property=\"og:image:height\" content=\"1001\" \/>\n\t<meta property=\"og:image:type\" content=\"image\/jpeg\" \/>\n<meta name=\"twitter:card\" content=\"summary_large_image\" \/>\n<meta name=\"twitter:label1\" content=\"Ansl. lesetid\" \/>\n\t<meta name=\"twitter:data1\" content=\"2 minutter\" \/>\n<script type=\"application\/ld+json\" class=\"yoast-schema-graph\">{\"@context\":\"https:\/\/schema.org\",\"@graph\":[{\"@type\":\"WebPage\",\"@id\":\"https:\/\/distribucionarc.com\/sl\/producto\/maquina-para-mini-gofres-corazon\/\",\"url\":\"https:\/\/distribucionarc.com\/sl\/producto\/maquina-para-mini-gofres-corazon\/\",\"name\":\"M\u00e1quina para mini pancakes coraz\u00f3n - distribuci\u00f3n ARC\",\"isPartOf\":{\"@id\":\"https:\/\/distribucionarc.com\/de\/#website\"},\"primaryImageOfPage\":{\"@id\":\"https:\/\/distribucionarc.com\/sl\/producto\/maquina-para-mini-gofres-corazon\/#primaryimage\"},\"image\":{\"@id\":\"https:\/\/distribucionarc.com\/sl\/producto\/maquina-para-mini-gofres-corazon\/#primaryimage\"},\"thumbnailUrl\":\"https:\/\/distribucionarc.com\/wp-content\/uploads\/2020\/07\/M\u00e1quina-para-mini-gofres-coraz\u00f3n-5.jpg\",\"datePublished\":\"2020-07-14T16:13:43+00:00\",\"dateModified\":\"2020-09-26T15:46:27+00:00\",\"breadcrumb\":{\"@id\":\"https:\/\/distribucionarc.com\/sl\/producto\/maquina-para-mini-gofres-corazon\/#breadcrumb\"},\"inLanguage\":\"nb-NO\",\"potentialAction\":[{\"@type\":\"ReadAction\",\"target\":[\"https:\/\/distribucionarc.com\/sl\/producto\/maquina-para-mini-gofres-corazon\/\"]}]},{\"@type\":\"ImageObject\",\"inLanguage\":\"nb-NO\",\"@id\":\"https:\/\/distribucionarc.com\/sl\/producto\/maquina-para-mini-gofres-corazon\/#primaryimage\",\"url\":\"https:\/\/distribucionarc.com\/wp-content\/uploads\/2020\/07\/M\u00e1quina-para-mini-gofres-coraz\u00f3n-5.jpg\",\"contentUrl\":\"https:\/\/distribucionarc.com\/wp-content\/uploads\/2020\/07\/M\u00e1quina-para-mini-gofres-coraz\u00f3n-5.jpg\",\"width\":1001,\"height\":1001,\"caption\":\"maquina para mini gofres coraz\u00f3n\"},{\"@type\":\"BreadcrumbList\",\"@id\":\"https:\/\/distribucionarc.com\/sl\/producto\/maquina-para-mini-gofres-corazon\/#breadcrumb\",\"itemListElement\":[{\"@type\":\"ListItem\",\"position\":1,\"name\":\"Portada\",\"item\":\"https:\/\/distribucionarc.com\/pl\/\"},{\"@type\":\"ListItem\",\"position\":2,\"name\":\"Produkty\",\"item\":\"https:\/\/distribucionarc.com\/pl\/shop\/\"},{\"@type\":\"ListItem\",\"position\":3,\"name\":\"M\u00e1quina para mini pancakes coraz\u00f3n\"}]},{\"@type\":\"WebSite\",\"@id\":\"https:\/\/distribucionarc.com\/de\/#website\",\"url\":\"https:\/\/distribucionarc.com\/de\/\",\"name\":\"distribuci\u00f3n ARC\",\"description\":\"Empresa especializada en la fabricaci\u00f3n y distribuci\u00f3n de maquinaria industrial, selladoras de latas, Maquinas de hacer pastillas, Maquinas de cortar carne...\",\"publisher\":{\"@id\":\"https:\/\/distribucionarc.com\/de\/#organization\"},\"potentialAction\":[{\"@type\":\"SearchAction\",\"target\":{\"@type\":\"EntryPoint\",\"urlTemplate\":\"https:\/\/distribucionarc.com\/de\/?s={search_term_string}\"},\"query-input\":{\"@type\":\"PropertyValueSpecification\",\"valueRequired\":true,\"valueName\":\"search_term_string\"}}],\"inLanguage\":\"nb-NO\"},{\"@type\":\"Organization\",\"@id\":\"https:\/\/distribucionarc.com\/de\/#organization\",\"name\":\"Distribuci\u00f3n ARC\",\"url\":\"https:\/\/distribucionarc.com\/de\/\",\"logo\":{\"@type\":\"ImageObject\",\"inLanguage\":\"nb-NO\",\"@id\":\"https:\/\/distribucionarc.com\/de\/#\/schema\/logo\/image\/\",\"url\":\"https:\/\/distribucionarc.com\/wp-content\/uploads\/2024\/10\/distribucion-ARC-COLOR-SIN-FONDO-e1732295305345.png\",\"contentUrl\":\"https:\/\/distribucionarc.com\/wp-content\/uploads\/2024\/10\/distribucion-ARC-COLOR-SIN-FONDO-e1732295305345.png\",\"width\":1164,\"height\":558,\"caption\":\"Distribuci\u00f3n ARC\"},\"image\":{\"@id\":\"https:\/\/distribucionarc.com\/de\/#\/schema\/logo\/image\/\"},\"description\":\"Empresa especializada en la fabricaci\u00f3n y distribuci\u00f3n de maquinaria industrial para los sectores alimentario y farmac\u00e9utico. Nos especializamos en: M\u00e1quinas de cortar carne Fabricaci\u00f3n de comprimidos Sistemas de transporte industrial L\u00edneas de embotellado Dosificadores Y mucho m\u00e1s... Ofrecemos soluciones innovadoras y personalizadas para optimizar los procesos productivos de tu empresa.\",\"email\":\"Admistracion@distribucionarc.com\",\"telephone\":\"+34 643496664\",\"legalName\":\"ARC TECH SOLUTIONS\",\"foundingDate\":\"2024-04-09\",\"vatID\":\"B55480172\",\"numberOfEmployees\":{\"@type\":\"QuantitativeValue\",\"minValue\":\"1\",\"maxValue\":\"10\"}}]}<\/script>\n<!-- \/ Yoast SEO Premium plugin. -->","yoast_head_json":{"title":"Minihjertepannekakemaskin - ARC-distribusjon","robots":{"index":"index","follow":"follow","max-snippet":"max-snippet:-1","max-image-preview":"max-image-preview:large","max-video-preview":"max-video-preview:-1"},"canonical":"https:\/\/distribucionarc.com\/nb\/produkter\/mini-hjertevaffelmaskin\/","og_locale":"nb_NO","og_type":"article","og_title":"M\u00e1quina para mini pancakes coraz\u00f3n","og_description":"M\u00e1quina para mini pancakes coraz\u00f3n El gofre es la comida favorita de la mayor\u00eda de la gente y con la m\u00e1quina de gofres de ARC puedes conseguir que sean a\u00fan m\u00e1s atractivos por su dise\u00f1o de coraz\u00f3n enamorando a tus clientes con su delicioso sabor.  ARCMGC2 est\u00e1 dise\u00f1ada para hornear los gofres m\u00e1s esponjosos y tostados en forma de mini coraz\u00f3n. Compuesto de dos placas, se puede utilizar para hacer 50pcs gofres a la vez y este proceso s\u00f3lo toma 5-8 minutos de esta forma puedes obtener una producci\u00f3n de 100 mini gofres en 10 min. Adem\u00e1s, cuenta con estilo novedoso, f\u00e1cil de utilizar, control autom\u00e1tico de la temperatura, bajo consumo de energ\u00eda, velocidad de calentamiento r\u00e1pida.  Garant\u00eda\u00a0ARC 2 A\u00d1OS Maquina para mini gofres coraz\u00f3n eficiente, bajo consumo 1600w soporte t\u00e9cnico\u00a0incluido","og_url":"https:\/\/distribucionarc.com\/nb\/produkter\/mini-hjertevaffelmaskin\/","og_site_name":"distribuci\u00f3n ARC","article_modified_time":"2020-09-26T15:46:27+00:00","og_image":[{"width":1001,"height":1001,"url":"https:\/\/distribucionarc.com\/wp-content\/uploads\/2020\/07\/M\u00e1quina-para-mini-gofres-coraz\u00f3n-5.jpg","type":"image\/jpeg"}],"twitter_card":"summary_large_image","twitter_misc":{"Ansl. lesetid":"2 minutter"},"schema":{"@context":"https:\/\/schema.org","@graph":[{"@type":"WebPage","@id":"https:\/\/distribucionarc.com\/sl\/producto\/maquina-para-mini-gofres-corazon\/","url":"https:\/\/distribucionarc.com\/sl\/producto\/maquina-para-mini-gofres-corazon\/","name":"Minihjertepannekakemaskin - ARC-distribusjon","isPartOf":{"@id":"https:\/\/distribucionarc.com\/de\/#website"},"primaryImageOfPage":{"@id":"https:\/\/distribucionarc.com\/sl\/producto\/maquina-para-mini-gofres-corazon\/#primaryimage"},"image":{"@id":"https:\/\/distribucionarc.com\/sl\/producto\/maquina-para-mini-gofres-corazon\/#primaryimage"},"thumbnailUrl":"https:\/\/distribucionarc.com\/wp-content\/uploads\/2020\/07\/M\u00e1quina-para-mini-gofres-coraz\u00f3n-5.jpg","datePublished":"2020-07-14T16:13:43+00:00","dateModified":"2020-09-26T15:46:27+00:00","breadcrumb":{"@id":"https:\/\/distribucionarc.com\/sl\/producto\/maquina-para-mini-gofres-corazon\/#breadcrumb"},"inLanguage":"nb-NO","potentialAction":[{"@type":"ReadAction","target":["https:\/\/distribucionarc.com\/sl\/producto\/maquina-para-mini-gofres-corazon\/"]}]},{"@type":"ImageObject","inLanguage":"nb-NO","@id":"https:\/\/distribucionarc.com\/sl\/producto\/maquina-para-mini-gofres-corazon\/#primaryimage","url":"https:\/\/distribucionarc.com\/wp-content\/uploads\/2020\/07\/M\u00e1quina-para-mini-gofres-coraz\u00f3n-5.jpg","contentUrl":"https:\/\/distribucionarc.com\/wp-content\/uploads\/2020\/07\/M\u00e1quina-para-mini-gofres-coraz\u00f3n-5.jpg","width":1001,"height":1001,"caption":"maquina para mini gofres coraz\u00f3n"},{"@type":"BreadcrumbList","@id":"https:\/\/distribucionarc.com\/sl\/producto\/maquina-para-mini-gofres-corazon\/#breadcrumb","itemListElement":[{"@type":"ListItem","position":1,"name":"Portada","item":"https:\/\/distribucionarc.com\/pl\/"},{"@type":"ListItem","position":2,"name":"Produkty","item":"https:\/\/distribucionarc.com\/pl\/shop\/"},{"@type":"ListItem","position":3,"name":"M\u00e1quina para mini pancakes coraz\u00f3n"}]},{"@type":"WebSite","@id":"https:\/\/distribucionarc.com\/de\/#website","url":"https:\/\/distribucionarc.com\/de\/","name":"ARC distribusjon","description":"Selskapet har spesialisert seg p\u00e5 produksjon og distribusjon av industrimaskiner, hermetikkboksforseglingsmaskiner, tablettmaskiner, kj\u00f8ttskj\u00e6remaskiner og...","publisher":{"@id":"https:\/\/distribucionarc.com\/de\/#organization"},"potentialAction":[{"@type":"SearchAction","target":{"@type":"EntryPoint","urlTemplate":"https:\/\/distribucionarc.com\/de\/?s={search_term_string}"},"query-input":{"@type":"PropertyValueSpecification","valueRequired":true,"valueName":"search_term_string"}}],"inLanguage":"nb-NO"},{"@type":"Organization","@id":"https:\/\/distribucionarc.com\/de\/#organization","name":"ARC distribusjon","url":"https:\/\/distribucionarc.com\/de\/","logo":{"@type":"ImageObject","inLanguage":"nb-NO","@id":"https:\/\/distribucionarc.com\/de\/#\/schema\/logo\/image\/","url":"https:\/\/distribucionarc.com\/wp-content\/uploads\/2024\/10\/distribucion-ARC-COLOR-SIN-FONDO-e1732295305345.png","contentUrl":"https:\/\/distribucionarc.com\/wp-content\/uploads\/2024\/10\/distribucion-ARC-COLOR-SIN-FONDO-e1732295305345.png","width":1164,"height":558,"caption":"Distribuci\u00f3n ARC"},"image":{"@id":"https:\/\/distribucionarc.com\/de\/#\/schema\/logo\/image\/"},"description":"Selskap som har spesialisert seg p\u00e5 produksjon og distribusjon av industrimaskiner til n\u00e6ringsmiddel- og farmasisektoren. Vi er spesialister p\u00e5: Kj\u00f8ttskj\u00e6remaskiner Tablettilvirkning Industrielle transportsystemer Tappelinjer Dispensere Og mye mer... Vi tilbyr innovative og skreddersydde l\u00f8sninger for \u00e5 optimalisere bedriftens produksjonsprosesser.","email":"Admistracion@distribucionarc.com","telephone":"+34 643496664","legalName":"ARC TECH SOLUTIONS","foundingDate":"2024-04-09","vatID":"B55480172","numberOfEmployees":{"@type":"QuantitativeValue","minValue":"1","maxValue":"10"}}]}},"_links":{"self":[{"href":"https:\/\/distribucionarc.com\/nb\/wp-json\/wp\/v2\/product\/901","targetHints":{"allow":["GET"]}}],"collection":[{"href":"https:\/\/distribucionarc.com\/nb\/wp-json\/wp\/v2\/product"}],"about":[{"href":"https:\/\/distribucionarc.com\/nb\/wp-json\/wp\/v2\/types\/product"}],"replies":[{"embeddable":true,"href":"https:\/\/distribucionarc.com\/nb\/wp-json\/wp\/v2\/comments?post=901"}],"version-history":[{"count":0,"href":"https:\/\/distribucionarc.com\/nb\/wp-json\/wp\/v2\/product\/901\/revisions"}],"wp:featuredmedia":[{"embeddable":true,"href":"https:\/\/distribucionarc.com\/nb\/wp-json\/wp\/v2\/media\/902"}],"wp:attachment":[{"href":"https:\/\/distribucionarc.com\/nb\/wp-json\/wp\/v2\/media?parent=901"}],"wp:term":[{"taxonomy":"product_brand","embeddable":true,"href":"https:\/\/distribucionarc.com\/nb\/wp-json\/wp\/v2\/product_brand?post=901"},{"taxonomy":"product_cat","embeddable":true,"href":"https:\/\/distribucionarc.com\/nb\/wp-json\/wp\/v2\/product_cat?post=901"},{"taxonomy":"product_tag","embeddable":true,"href":"https:\/\/distribucionarc.com\/nb\/wp-json\/wp\/v2\/product_tag?post=901"}],"curies":[{"name":"wp","href":"https:\/\/api.w.org\/{rel}","templated":true}]}}