{"id":923,"date":"2020-07-15T08:17:27","date_gmt":"2020-07-15T08:17:27","guid":{"rendered":"https:\/\/distribucionarc.com\/?post_type=product&#038;p=923"},"modified":"2024-09-05T15:46:43","modified_gmt":"2024-09-05T15:46:43","slug":"elektrisk-honningavtrekk-2m","status":"publish","type":"product","link":"https:\/\/distribucionarc.com\/nb\/producto\/extractor-de-miel-electrico-2m\/","title":{"rendered":"2M elektrisk honningavtrekker"},"content":{"rendered":"<h3>2M elektrisk honningavtrekker<\/h3>\n<p>Dette <strong>industriell elektrisk maskin<\/strong> til <strong>bir\u00f8kt<\/strong> Har en h\u00f8ykvalitets kropp i polert rustfritt st\u00e5l og bikuberamme for rust- og slitestyrke. S\u00f8ml\u00f8s sveisekonstruksjon vil gj\u00f8re det lettere for deg \u00e5 vedlikeholde og rengj\u00f8re maskinen.<\/p>\n<p>De <strong>elektrisk honningavtrekker <span style=\"color: #ff0000;\">TIL<\/span><span style=\"color: #0000ff;\">R<\/span>CEME02<\/strong> Den har en 140W 1,1A, 1300 rpm motor med variabel hastighet, denne honningekstrakteren drives av en elektrisk motor. Betjeningsmetoden er enkel, sparer tid og arbeid. I tillegg til \u00e5 favorisere energiforbruket p\u00e5 grunn av sin <strong><span style=\"color: #008000;\">motor med lavt forbruk<\/span><\/strong>.<\/p>\n<p>De <strong>bir\u00f8ktermaskiner<\/strong> av <strong><span style=\"color: #ff0000;\">TIL<span style=\"color: #0000ff;\">R<\/span><\/span>c<\/strong> Den er designet for tunge belastninger, h\u00e5ndterer opptil 2 standardrammer ved lav, middels og h\u00f8y dybde, det lukkede utstyret p\u00e5 rammen hjelper til med \u00e5 ikke forurense <strong>Honning<\/strong>.<br \/>\nDen integrerte fortykkede bjelken er konstruert av slitesterk aluminiumslegering som er sterkere og mer stabil. Ingen skarpe kanter for \u00e5 unng\u00e5 forurensning av<strong> Honning<\/strong> og gi sikrere h\u00e5ndtering. Kompakt og designet for \u00e5 gi deg mer stabilitet<br \/>\nDen har 2 gjennomsiktige deksler for \u00e5 tillate observasjon under prosessen med <strong>utvinning<\/strong>. Porten <strong>designet for<\/strong><span style=\"font-size: 16px;\"><strong>ra honning<\/strong> p\u00e5 bunnen av tanken lar honningen flyte etter \u00f8nske.<\/span><\/p>\n<p>Bruken av <strong><span style=\"color: #ff0000;\">TIL<\/span><span style=\"color: #0000ff;\">R<\/span>CEME02<\/strong> vil hjelpe deg i prosessen <strong>lage honning<\/strong> for sin bekvemmelighet og enkel behandling, s\u00e5 enkelt som \u00e5 plassere<strong> honningkake<\/strong> p\u00e5 rammene og aktiver den elektriske motoren for \u00e5 begynne \u00e5 rotere og dermed oppn\u00e5 det endelige produktet; p\u00e5 veldig kort tid. Ideell for hobbyen eller <strong>liten bir\u00f8kter<\/strong>.<\/p>\n<p>&nbsp;<\/p>\n<h6><strong>Garanti\u00a0<span style=\"color: #ff0000;\">TIL<\/span><span style=\"color: #0000ff;\">R<\/span>C 2 \u00c5R<\/strong><\/h6>\n<h6><span style=\"color: #008000;\">Effektiv elektrisk honningavtrekker, lavt forbruk 120w<\/span><\/h6>\n<h6><strong>teknisk st\u00f8tte inkludert<\/strong><\/h6>\n<p>&nbsp;<\/p>\n<p>&nbsp;<\/p>\n<table role=\"presentation\" width=\"100%\" cellspacing=\"0\" cellpadding=\"0\">\n<tbody>\n<tr>\n<td class=\"attrLabels\">makt:<\/td>\n<td width=\"50.0%\">120W<\/td>\n<\/tr>\n<tr>\n<td class=\"attrLabels\">Distribusjonsland:<\/td>\n<td width=\"50.0%\">Spania, Tyskland, USA<\/td>\n<td class=\"attrLabels\">Vekt:<\/td>\n<td width=\"50.0%\">18 kg<\/td>\n<\/tr>\n<tr>\n<td class=\"attrLabels\">Merke:<\/td>\n<td width=\"50.0%\">BUE<\/td>\n<td class=\"attrLabels\">H\u00f8yde:<\/td>\n<td width=\"50.0%\">85 cm<\/td>\n<\/tr>\n<tr>\n<td class=\"attrLabels\">Farge:<\/td>\n<td width=\"50.0%\">S\u00f8lv<\/td>\n<td class=\"attrLabels\">Lang:<\/td>\n<td width=\"50.0%\">\u00a038 cm<\/td>\n<\/tr>\n<tr>\n<td class=\"attrLabels\">Produkttype:<\/td>\n<td width=\"50.0%\">elektrisk honningavtrekker<\/td>\n<td class=\"attrLabels\">Bred:<\/td>\n<td width=\"50.0%\">38 cm<\/td>\n<\/tr>\n<tr>\n<td class=\"attrLabels\">Produsentnummer:<\/td>\n<td width=\"50.0%\">ARCEME02<\/td>\n<td class=\"attrLabels\">Motorkraft:<\/td>\n<td width=\"50.0%\">1.1A<\/td>\n<\/tr>\n<tr>\n<td class=\"attrLabels\">Materiale:<\/td>\n<td width=\"50.0%\">rustfritt st\u00e5l, lavforbruksmotor, aluminiumslegering<\/td>\n<td class=\"attrLabels\">inngangsspenning<\/td>\n<td width=\"50.0%\">220V \u2013 50Hz<\/p>\n<p>110V \u2013 60Hz<\/td>\n<\/tr>\n<tr>\n<td class=\"attrLabels\">T\u00f8nnedimensjoner:<\/td>\n<td width=\"50.0%\">15 cm diameter<\/p>\n<p>&nbsp;<\/td>\n<td class=\"attrLabels\">Garanti:<\/td>\n<td width=\"50.0%\">2 \u00c5R<\/td>\n<\/tr>\n<tr>\n<td class=\"attrLabels\">T\u00f8nneh\u00f8yde:<\/td>\n<td width=\"50.0%\">24 cm<\/td>\n<td class=\"attrLabels\">Produksjon:<\/td>\n<td width=\"50.0%\">2 merker<\/td>\n<\/tr>\n<\/tbody>\n<\/table>","protected":false},"excerpt":{"rendered":"<h2><strong>2\/4 ramme elektrisk honningavtrekker - Profesjonell for bir\u00f8ktere<\/strong><\/h2>\n<p>Dette <strong>profesjonell elektrisk honningavtrekker<\/strong> Den er designet for bir\u00f8ktere p\u00e5 jakt etter en effektiv og rask l\u00f8sning for honningutvinning. Med kapasitet til \u00e5 romme opptil <strong>2 dype bokser<\/strong> og <strong>2 mellomstore eller grunne firkanter<\/strong>, den er ideell for bruk i b\u00e5de sm\u00e5 innenlandske produksjoner og kommersielle operasjoner.<\/p>\n<p>Avtrekkeren er utstyrt for \u00e5 arbeide med flere typer popul\u00e6re bir\u00f8kterrammer, for eksempel:<\/p>\n<ul>\n<li><strong>dype malerier<\/strong>: Passer for honningkaker opp til <strong>48 centimeter (cm) x 23 centimeter (cm)<\/strong> (18,9&quot; x 9&quot;).<\/li>\n<li><strong>mellomstore firkanter<\/strong>: Ideell for bleier opp til <strong>48 cm x 16 cm<\/strong> (18,9&quot; x 6,3&quot;).<\/li>\n<li><strong>Langstroth malerier<\/strong>: Den vanligste rammen i moderne bir\u00f8kt, brukt i dype og mellomstore st\u00f8rrelser.<\/li>\n<li><strong>Dadant malerier<\/strong>: Ofte brukt i kommersiell bir\u00f8kt, verdsatt for sin robusthet og st\u00f8rrelse.<\/li>\n<li><strong>Warre malerier<\/strong>: En mer naturlig og vertikal design, foretrukket av \u00f8kologiske bir\u00f8ktere.<\/li>\n<li><strong>Universelle rammer<\/strong>: Kan tilpasses ulike typer elveblest og honningkaker.<\/li>\n<\/ul>\n<p>Dette <strong>honningavtrekker<\/strong> sikrer effektiv uttrekking uten \u00e5 skade kammene, noe som er avgj\u00f8rende for produktkonservering. Takket v\u00e6re den elektriske motoren, eliminerer den behovet for \u00e5 manuelt rotere rammene, noe som gj\u00f8r fjerningen raskere og mindre arbeidskrevende.<\/p>\n<p>Den er perfekt for de som leter etter en <strong>elektrisk honningavtrekker<\/strong> eller a <strong>profesjonell honningavtrekker<\/strong> Gj\u00f8r den allsidig og enkel \u00e5 bruke for b\u00e5de hjemme- og kommersielle bir\u00f8ktere.<\/p>","protected":false},"featured_media":933,"comment_status":"open","ping_status":"closed","template":"","meta":{"wds_primary_product_brand":0,"wds_primary_product_cat":0},"product_brand":[],"product_cat":[55,30],"product_tag":[],"class_list":{"0":"post-923","1":"product","2":"type-product","3":"status-publish","4":"has-post-thumbnail","6":"product_cat-extractor-prensa-de-aceites","7":"product_cat-maquinaria-apicola","9":"first","10":"instock","11":"sale","12":"taxable","13":"shipping-taxable","14":"purchasable","15":"product-type-simple"},"yoast_head":"<!-- This site is optimized with the Yoast SEO Premium plugin v24.9 (Yoast SEO v26.1) - https:\/\/yoast.com\/wordpress\/plugins\/seo\/ -->\n<title>Extractor de miel el\u00e9ctrico 2M - distribuci\u00f3n ARC<\/title>\n<meta name=\"robots\" content=\"index, follow, max-snippet:-1, max-image-preview:large, max-video-preview:-1\" \/>\n<link rel=\"canonical\" href=\"https:\/\/www.distribucionarc.com\/sl\/producto\/extractor-de-miel-electrico-2m\/\" \/>\n<meta property=\"og:locale\" content=\"nb_NO\" \/>\n<meta property=\"og:type\" content=\"article\" \/>\n<meta property=\"og:title\" content=\"Extractor de miel el\u00e9ctrico 2M\" \/>\n<meta property=\"og:description\" content=\"Extractor de miel el\u00e9ctrico de 2\/4 marcos \u2013 Profesional para apicultores Este extractor de miel el\u00e9ctrico profesional est\u00e1 dise\u00f1ado para apicultores que buscan una soluci\u00f3n eficiente y r\u00e1pida para la extracci\u00f3n de miel. Con capacidad para alojar hasta 2 cuadros profundos y 2 cuadros medianos o poco profundos, es ideal tanto para uso en peque\u00f1as producciones dom\u00e9sticas como en operaciones comerciales.  El extractor est\u00e1 equipado para trabajar con varios tipos de cuadros populares en apicultura, tales como:   Cuadros profundos: Adecuados para panales de hasta 48 cent\u00edmetros (cm) x 23 cent\u00edmetros (cm) (18,9&#039;&#039; x 9&#039;&#039;).  Cuadros medianos: Ideales para panales de hasta 48 cm x 16 cm (18,9&#039;&#039; x 6,3&#039;&#039;).  Cuadros Langstroth: El cuadro m\u00e1s com\u00fan en la apicultura moderna, utilizado en tama\u00f1os profundo y mediano.  Cuadros Dadant: Frecuentemente usados en apicultura comercial, apreciados por su robustez y tama\u00f1o.  Cuadros Warre: Un dise\u00f1o m\u00e1s natural y vertical, favorecido por apicultores ecol\u00f3gicos.  Cuadros universales: Adaptables para diferentes tipos de colmenas y panales.  Este extractor de miel garantiza una extracci\u00f3n eficaz sin da\u00f1ar los panales, lo que es crucial para la preservaci\u00f3n del producto. Gracias a su motor el\u00e9ctrico, elimina la necesidad de girar manualmente los marcos, haciendo que la extracci\u00f3n sea m\u00e1s r\u00e1pida y menos laboriosa.  Es perfecto para quienes buscan un extractor de miel el\u00e9ctrico o un extractor de miel profesional que sea vers\u00e1til y f\u00e1cil de usar, tanto para apicultores dom\u00e9sticos como comerciales.\" \/>\n<meta property=\"og:url\" content=\"https:\/\/www.distribucionarc.com\/sl\/producto\/extractor-de-miel-electrico-2m\/\" \/>\n<meta property=\"og:site_name\" content=\"distribuci\u00f3n ARC\" \/>\n<meta property=\"article:modified_time\" content=\"2024-09-05T15:46:43+00:00\" \/>\n<meta property=\"og:image\" content=\"https:\/\/distribucionarc.com\/wp-content\/uploads\/2020\/07\/Extractor-de-miel-el\u00e9ctrico-2M-0.jpg\" \/>\n\t<meta property=\"og:image:width\" content=\"1600\" \/>\n\t<meta property=\"og:image:height\" content=\"1600\" \/>\n\t<meta property=\"og:image:type\" content=\"image\/jpeg\" \/>\n<meta name=\"twitter:card\" content=\"summary_large_image\" \/>\n<meta name=\"twitter:label1\" content=\"Ansl. lesetid\" \/>\n\t<meta name=\"twitter:data1\" content=\"2 minutter\" \/>\n<script type=\"application\/ld+json\" class=\"yoast-schema-graph\">{\"@context\":\"https:\/\/schema.org\",\"@graph\":[{\"@type\":\"WebPage\",\"@id\":\"https:\/\/www.distribucionarc.com\/sl\/producto\/extractor-de-miel-electrico-2m\/\",\"url\":\"https:\/\/www.distribucionarc.com\/sl\/producto\/extractor-de-miel-electrico-2m\/\",\"name\":\"Extractor de miel el\u00e9ctrico 2M - distribuci\u00f3n ARC\",\"isPartOf\":{\"@id\":\"https:\/\/distribucionarc.com\/ro\/#website\"},\"primaryImageOfPage\":{\"@id\":\"https:\/\/www.distribucionarc.com\/sl\/producto\/extractor-de-miel-electrico-2m\/#primaryimage\"},\"image\":{\"@id\":\"https:\/\/www.distribucionarc.com\/sl\/producto\/extractor-de-miel-electrico-2m\/#primaryimage\"},\"thumbnailUrl\":\"https:\/\/distribucionarc.com\/wp-content\/uploads\/2020\/07\/Extractor-de-miel-el\u00e9ctrico-2M-0.jpg\",\"datePublished\":\"2020-07-15T08:17:27+00:00\",\"dateModified\":\"2024-09-05T15:46:43+00:00\",\"breadcrumb\":{\"@id\":\"https:\/\/www.distribucionarc.com\/sl\/producto\/extractor-de-miel-electrico-2m\/#breadcrumb\"},\"inLanguage\":\"nb-NO\",\"potentialAction\":[{\"@type\":\"ReadAction\",\"target\":[\"https:\/\/www.distribucionarc.com\/sl\/producto\/extractor-de-miel-electrico-2m\/\"]}]},{\"@type\":\"ImageObject\",\"inLanguage\":\"nb-NO\",\"@id\":\"https:\/\/www.distribucionarc.com\/sl\/producto\/extractor-de-miel-electrico-2m\/#primaryimage\",\"url\":\"https:\/\/distribucionarc.com\/wp-content\/uploads\/2020\/07\/Extractor-de-miel-el\u00e9ctrico-2M-0.jpg\",\"contentUrl\":\"https:\/\/distribucionarc.com\/wp-content\/uploads\/2020\/07\/Extractor-de-miel-el\u00e9ctrico-2M-0.jpg\",\"width\":1600,\"height\":1600,\"caption\":\"Extractor de miel el\u00e9ctrico\"},{\"@type\":\"BreadcrumbList\",\"@id\":\"https:\/\/www.distribucionarc.com\/sl\/producto\/extractor-de-miel-electrico-2m\/#breadcrumb\",\"itemListElement\":[{\"@type\":\"ListItem\",\"position\":1,\"name\":\"Portada\",\"item\":\"https:\/\/distribucionarc.com\/ar\/\"},{\"@type\":\"ListItem\",\"position\":2,\"name\":\"Proizvodi\",\"item\":\"https:\/\/www.distribucionarc.com\/hr\/ducan\/\"},{\"@type\":\"ListItem\",\"position\":3,\"name\":\"Extractor de miel el\u00e9ctrico 2M\"}]},{\"@type\":\"WebSite\",\"@id\":\"https:\/\/distribucionarc.com\/ro\/#website\",\"url\":\"https:\/\/distribucionarc.com\/ro\/\",\"name\":\"distribuci\u00f3n ARC\",\"description\":\"Empresa especializada en la fabricaci\u00f3n y distribuci\u00f3n de maquinaria industrial, selladoras de latas, Maquinas de hacer pastillas, Maquinas de cortar carne...\",\"publisher\":{\"@id\":\"https:\/\/distribucionarc.com\/ro\/#organization\"},\"potentialAction\":[{\"@type\":\"SearchAction\",\"target\":{\"@type\":\"EntryPoint\",\"urlTemplate\":\"https:\/\/distribucionarc.com\/ro\/?s={search_term_string}\"},\"query-input\":{\"@type\":\"PropertyValueSpecification\",\"valueRequired\":true,\"valueName\":\"search_term_string\"}}],\"inLanguage\":\"nb-NO\"},{\"@type\":\"Organization\",\"@id\":\"https:\/\/distribucionarc.com\/ro\/#organization\",\"name\":\"Distribuci\u00f3n ARC\",\"url\":\"https:\/\/distribucionarc.com\/ro\/\",\"logo\":{\"@type\":\"ImageObject\",\"inLanguage\":\"nb-NO\",\"@id\":\"https:\/\/distribucionarc.com\/ro\/#\/schema\/logo\/image\/\",\"url\":\"https:\/\/distribucionarc.com\/wp-content\/uploads\/2024\/10\/distribucion-ARC-COLOR-SIN-FONDO-e1732295305345.png\",\"contentUrl\":\"https:\/\/distribucionarc.com\/wp-content\/uploads\/2024\/10\/distribucion-ARC-COLOR-SIN-FONDO-e1732295305345.png\",\"width\":1164,\"height\":558,\"caption\":\"Distribuci\u00f3n ARC\"},\"image\":{\"@id\":\"https:\/\/distribucionarc.com\/ro\/#\/schema\/logo\/image\/\"},\"description\":\"Empresa especializada en la fabricaci\u00f3n y distribuci\u00f3n de maquinaria industrial para los sectores alimentario y farmac\u00e9utico. Nos especializamos en: M\u00e1quinas de cortar carne Fabricaci\u00f3n de comprimidos Sistemas de transporte industrial L\u00edneas de embotellado Dosificadores Y mucho m\u00e1s... Ofrecemos soluciones innovadoras y personalizadas para optimizar los procesos productivos de tu empresa.\",\"email\":\"Admistracion@distribucionarc.com\",\"telephone\":\"+34 643496664\",\"legalName\":\"ARC TECH SOLUTIONS\",\"foundingDate\":\"2024-04-09\",\"vatID\":\"B55480172\",\"numberOfEmployees\":{\"@type\":\"QuantitativeValue\",\"minValue\":\"1\",\"maxValue\":\"10\"}}]}<\/script>\n<!-- \/ Yoast SEO Premium plugin. -->","yoast_head_json":{"title":"2M elektrisk honningavtrekker - ARC distribusjon","robots":{"index":"index","follow":"follow","max-snippet":"max-snippet:-1","max-image-preview":"max-image-preview:large","max-video-preview":"max-video-preview:-1"},"canonical":"https:\/\/www.distribucionarc.com\/sl\/producto\/extractor-de-miel-electrico-2m\/","og_locale":"nb_NO","og_type":"article","og_title":"Extractor de miel el\u00e9ctrico 2M","og_description":"Extractor de miel el\u00e9ctrico de 2\/4 marcos \u2013 Profesional para apicultores Este extractor de miel el\u00e9ctrico profesional est\u00e1 dise\u00f1ado para apicultores que buscan una soluci\u00f3n eficiente y r\u00e1pida para la extracci\u00f3n de miel. Con capacidad para alojar hasta 2 cuadros profundos y 2 cuadros medianos o poco profundos, es ideal tanto para uso en peque\u00f1as producciones dom\u00e9sticas como en operaciones comerciales.  El extractor est\u00e1 equipado para trabajar con varios tipos de cuadros populares en apicultura, tales como:   Cuadros profundos: Adecuados para panales de hasta 48 cent\u00edmetros (cm) x 23 cent\u00edmetros (cm) (18,9'' x 9'').  Cuadros medianos: Ideales para panales de hasta 48 cm x 16 cm (18,9'' x 6,3'').  Cuadros Langstroth: El cuadro m\u00e1s com\u00fan en la apicultura moderna, utilizado en tama\u00f1os profundo y mediano.  Cuadros Dadant: Frecuentemente usados en apicultura comercial, apreciados por su robustez y tama\u00f1o.  Cuadros Warre: Un dise\u00f1o m\u00e1s natural y vertical, favorecido por apicultores ecol\u00f3gicos.  Cuadros universales: Adaptables para diferentes tipos de colmenas y panales.  Este extractor de miel garantiza una extracci\u00f3n eficaz sin da\u00f1ar los panales, lo que es crucial para la preservaci\u00f3n del producto. Gracias a su motor el\u00e9ctrico, elimina la necesidad de girar manualmente los marcos, haciendo que la extracci\u00f3n sea m\u00e1s r\u00e1pida y menos laboriosa.  Es perfecto para quienes buscan un extractor de miel el\u00e9ctrico o un extractor de miel profesional que sea vers\u00e1til y f\u00e1cil de usar, tanto para apicultores dom\u00e9sticos como comerciales.","og_url":"https:\/\/www.distribucionarc.com\/sl\/producto\/extractor-de-miel-electrico-2m\/","og_site_name":"distribuci\u00f3n ARC","article_modified_time":"2024-09-05T15:46:43+00:00","og_image":[{"width":1600,"height":1600,"url":"https:\/\/distribucionarc.com\/wp-content\/uploads\/2020\/07\/Extractor-de-miel-el\u00e9ctrico-2M-0.jpg","type":"image\/jpeg"}],"twitter_card":"summary_large_image","twitter_misc":{"Ansl. lesetid":"2 minutter"},"schema":{"@context":"https:\/\/schema.org","@graph":[{"@type":"WebPage","@id":"https:\/\/www.distribucionarc.com\/sl\/producto\/extractor-de-miel-electrico-2m\/","url":"https:\/\/www.distribucionarc.com\/sl\/producto\/extractor-de-miel-electrico-2m\/","name":"2M elektrisk honningavtrekker - ARC distribusjon","isPartOf":{"@id":"https:\/\/distribucionarc.com\/ro\/#website"},"primaryImageOfPage":{"@id":"https:\/\/www.distribucionarc.com\/sl\/producto\/extractor-de-miel-electrico-2m\/#primaryimage"},"image":{"@id":"https:\/\/www.distribucionarc.com\/sl\/producto\/extractor-de-miel-electrico-2m\/#primaryimage"},"thumbnailUrl":"https:\/\/distribucionarc.com\/wp-content\/uploads\/2020\/07\/Extractor-de-miel-el\u00e9ctrico-2M-0.jpg","datePublished":"2020-07-15T08:17:27+00:00","dateModified":"2024-09-05T15:46:43+00:00","breadcrumb":{"@id":"https:\/\/www.distribucionarc.com\/sl\/producto\/extractor-de-miel-electrico-2m\/#breadcrumb"},"inLanguage":"nb-NO","potentialAction":[{"@type":"ReadAction","target":["https:\/\/www.distribucionarc.com\/sl\/producto\/extractor-de-miel-electrico-2m\/"]}]},{"@type":"ImageObject","inLanguage":"nb-NO","@id":"https:\/\/www.distribucionarc.com\/sl\/producto\/extractor-de-miel-electrico-2m\/#primaryimage","url":"https:\/\/distribucionarc.com\/wp-content\/uploads\/2020\/07\/Extractor-de-miel-el\u00e9ctrico-2M-0.jpg","contentUrl":"https:\/\/distribucionarc.com\/wp-content\/uploads\/2020\/07\/Extractor-de-miel-el\u00e9ctrico-2M-0.jpg","width":1600,"height":1600,"caption":"Extractor de miel el\u00e9ctrico"},{"@type":"BreadcrumbList","@id":"https:\/\/www.distribucionarc.com\/sl\/producto\/extractor-de-miel-electrico-2m\/#breadcrumb","itemListElement":[{"@type":"ListItem","position":1,"name":"Portada","item":"https:\/\/distribucionarc.com\/ar\/"},{"@type":"ListItem","position":2,"name":"Proizvodi","item":"https:\/\/www.distribucionarc.com\/hr\/ducan\/"},{"@type":"ListItem","position":3,"name":"Extractor de miel el\u00e9ctrico 2M"}]},{"@type":"WebSite","@id":"https:\/\/distribucionarc.com\/ro\/#website","url":"https:\/\/distribucionarc.com\/ro\/","name":"ARC distribusjon","description":"Selskapet har spesialisert seg p\u00e5 produksjon og distribusjon av industrimaskiner, hermetikkboksforseglingsmaskiner, tablettmaskiner, kj\u00f8ttskj\u00e6remaskiner og...","publisher":{"@id":"https:\/\/distribucionarc.com\/ro\/#organization"},"potentialAction":[{"@type":"SearchAction","target":{"@type":"EntryPoint","urlTemplate":"https:\/\/distribucionarc.com\/ro\/?s={search_term_string}"},"query-input":{"@type":"PropertyValueSpecification","valueRequired":true,"valueName":"search_term_string"}}],"inLanguage":"nb-NO"},{"@type":"Organization","@id":"https:\/\/distribucionarc.com\/ro\/#organization","name":"ARC distribusjon","url":"https:\/\/distribucionarc.com\/ro\/","logo":{"@type":"ImageObject","inLanguage":"nb-NO","@id":"https:\/\/distribucionarc.com\/ro\/#\/schema\/logo\/image\/","url":"https:\/\/distribucionarc.com\/wp-content\/uploads\/2024\/10\/distribucion-ARC-COLOR-SIN-FONDO-e1732295305345.png","contentUrl":"https:\/\/distribucionarc.com\/wp-content\/uploads\/2024\/10\/distribucion-ARC-COLOR-SIN-FONDO-e1732295305345.png","width":1164,"height":558,"caption":"Distribuci\u00f3n ARC"},"image":{"@id":"https:\/\/distribucionarc.com\/ro\/#\/schema\/logo\/image\/"},"description":"Selskap som har spesialisert seg p\u00e5 produksjon og distribusjon av industrimaskiner til n\u00e6ringsmiddel- og farmasisektoren. Vi er spesialister p\u00e5: Kj\u00f8ttskj\u00e6remaskiner Tablettilvirkning Industrielle transportsystemer Tappelinjer Dispensere Og mye mer... Vi tilbyr innovative og skreddersydde l\u00f8sninger for \u00e5 optimalisere bedriftens produksjonsprosesser.","email":"Admistracion@distribucionarc.com","telephone":"+34 643496664","legalName":"ARC TECH SOLUTIONS","foundingDate":"2024-04-09","vatID":"B55480172","numberOfEmployees":{"@type":"QuantitativeValue","minValue":"1","maxValue":"10"}}]}},"_links":{"self":[{"href":"https:\/\/distribucionarc.com\/nb\/wp-json\/wp\/v2\/product\/923","targetHints":{"allow":["GET"]}}],"collection":[{"href":"https:\/\/distribucionarc.com\/nb\/wp-json\/wp\/v2\/product"}],"about":[{"href":"https:\/\/distribucionarc.com\/nb\/wp-json\/wp\/v2\/types\/product"}],"replies":[{"embeddable":true,"href":"https:\/\/distribucionarc.com\/nb\/wp-json\/wp\/v2\/comments?post=923"}],"version-history":[{"count":0,"href":"https:\/\/distribucionarc.com\/nb\/wp-json\/wp\/v2\/product\/923\/revisions"}],"wp:featuredmedia":[{"embeddable":true,"href":"https:\/\/distribucionarc.com\/nb\/wp-json\/wp\/v2\/media\/933"}],"wp:attachment":[{"href":"https:\/\/distribucionarc.com\/nb\/wp-json\/wp\/v2\/media?parent=923"}],"wp:term":[{"taxonomy":"product_brand","embeddable":true,"href":"https:\/\/distribucionarc.com\/nb\/wp-json\/wp\/v2\/product_brand?post=923"},{"taxonomy":"product_cat","embeddable":true,"href":"https:\/\/distribucionarc.com\/nb\/wp-json\/wp\/v2\/product_cat?post=923"},{"taxonomy":"product_tag","embeddable":true,"href":"https:\/\/distribucionarc.com\/nb\/wp-json\/wp\/v2\/product_tag?post=923"}],"curies":[{"name":"wp","href":"https:\/\/api.w.org\/{rel}","templated":true}]}}