{"id":936,"date":"2020-07-15T10:07:35","date_gmt":"2020-07-15T10:07:35","guid":{"rendered":"https:\/\/distribucionarc.com\/?post_type=product&#038;p=936"},"modified":"2020-09-26T15:48:18","modified_gmt":"2020-09-26T15:48:18","slug":"vannkoker-til-meske","status":"publish","type":"product","link":"https:\/\/distribucionarc.com\/nb\/producto\/marmita-olla-de-maceracion\/","title":{"rendered":"Vannkokende gryte"},"content":{"rendered":"<h2>Vannkokende gryte<\/h2>\n<p>Overrask og glede kundene dine med dine egne <strong>h\u00e5ndverks\u00f8l<\/strong>, med <strong>gryte med vannkoker <span style=\"color: #ff0000;\">TIL<\/span><span style=\"color: #0000ff;\">R<\/span>CMO98<\/strong>\u00a0av <strong>98 liter<\/strong> av volum vil kunne \u00f8ke produksjonsniv\u00e5et. Den har en trykt fyllskala i liter og gallon.<\/p>\n<p>Inkluderer gj\u00e6ringsr\u00f8r for \u00e5 utjevne trykket uten \u00e5 \u00e5pne den lufttette forseglingen. \u00d8nske <strong><span style=\"color: #ff0000;\">TIL<\/span><span style=\"color: #0000ff;\">R<\/span>c<\/strong> Vi \u00f8nsker \u00e5 delta i stoltheten over \u00e5 v\u00e6re en brygger, for \u00e5 hjelpe deg med \u00e5 tilberede ditt eget \u00f8l etter smak, p\u00e5 den mest hygieniske og forsiktige m\u00e5ten.\u00a0 <strong>maserasjonstank<\/strong> Den er laget av 304 rustfritt st\u00e5l, det hindrer \u00f8let i \u00e5 f\u00e5 en metallisk smak.<\/p>\n<p>Den store rustfrie st\u00e5ltanken p\u00e5 opptil <strong>98 liter<\/strong> kapasitet gir god modning. Faste l\u00e5ser holder telokket forseglet<strong>maserasjonstank<\/strong> for ikke \u00e5 skade gj\u00e6ringsprosessen. Den inneholder en trykkm\u00e5ler og produksjonsmaterialene overholder CE-forskriftene.<\/p>\n<p>Med dette <strong>maserasjonskjele<\/strong> Den kan gj\u00e6re eller lagre \u00f8l, vin, ulike brennevin, etc. enten blond eller svart, t\u00f8rr eller semisweet, vin eller \u00f8l, med <strong>maserasjonstank <span style=\"color: #ff0000;\">TIL<\/span><span style=\"color: #0000ff;\">R<\/span>c<\/strong> Du m\u00e5 bare slippe fantasien fri for \u00e5 lage ditt eget \u00f8l eller det beste brennevinet av fruktjuice.<\/p>\n<p>Enten du er en nybegynner vinmaker eller en avansert brygger, i <strong>fermenteringskjele<\/strong> <strong><span style=\"color: #ff0000;\">TIL<\/span><span style=\"color: #0000ff;\">R<\/span>CMO98<\/strong>\u00a0Du vil f\u00e5 en passende sammenkobling uten endring av smaker og p\u00e5 den enkleste m\u00e5ten \u00e5 oppn\u00e5 det beste vakuum\u00f8let eller vinen fra bygg eller fruktjuice<\/p>\n<p>&nbsp;<\/p>\n<h6><strong>Garanti\u00a0<span style=\"color: #ff0000;\">TIL<\/span><span style=\"color: #0000ff;\">R<\/span>C 2 \u00c5R<\/strong><\/h6>\n<h6><strong>teknisk st\u00f8tte inkludert<\/strong><\/h6>\n<p>&nbsp;<\/p>\n<table role=\"presentation\" width=\"100%\" cellspacing=\"0\" cellpadding=\"0\">\n<tbody>\n<tr>\n<td class=\"attrLabels\">Temperatur:<\/td>\n<td width=\"50.0%\">0-220\u00baC<\/td>\n<\/tr>\n<tr>\n<td class=\"attrLabels\">Distribusjonsland:<\/td>\n<td width=\"50.0%\">Spania, Tyskland, USA<\/td>\n<td class=\"attrLabels\">Vekt:<\/td>\n<td width=\"50.0%\">12 kg<\/td>\n<\/tr>\n<tr>\n<td class=\"attrLabels\">Merke:<\/td>\n<td width=\"50.0%\">BUE<\/td>\n<td class=\"attrLabels\">H\u00f8yde:<\/td>\n<td width=\"50.0%\">50 cm<\/td>\n<\/tr>\n<tr>\n<td class=\"attrLabels\">Farge:<\/td>\n<td width=\"50.0%\">S\u00f8lv<\/td>\n<td class=\"attrLabels\">Lang:<\/td>\n<td width=\"50.0%\">\u00a060 cm<\/td>\n<\/tr>\n<tr>\n<td class=\"attrLabels\">Produkttype:<\/td>\n<td width=\"50.0%\">Vannkoker maserasjonsgryte<\/td>\n<td class=\"attrLabels\">Bred:<\/td>\n<td width=\"50.0%\">60 cm<\/td>\n<\/tr>\n<tr>\n<td class=\"attrLabels\">Produsentnummer:<\/td>\n<td width=\"50.0%\">ARCMO98<\/td>\n<td class=\"attrLabels\">St\u00e5ltype:<\/td>\n<td width=\"50.0%\">304<\/td>\n<\/tr>\n<tr>\n<td class=\"attrLabels\">Materiale:<\/td>\n<td width=\"50.0%\">rustfritt st\u00e5l, spesiell base, trykkkontroll,<\/td>\n<td class=\"attrLabels\">Cap type:<\/td>\n<td width=\"50.0%\">Svulmende, lukkekroker<\/td>\n<\/tr>\n<tr>\n<td class=\"attrLabels\">Vannkokerens diameter:<\/td>\n<td width=\"50.0%\">45 cm<\/td>\n<td class=\"attrLabels\">Garanti:<\/td>\n<td width=\"50.0%\">2 \u00c5R<\/td>\n<\/tr>\n<tr>\n<td class=\"attrLabels\">Installasjonsverkt\u00f8y:<\/td>\n<td width=\"50.0%\">Ja<\/td>\n<td class=\"attrLabels\">Liter:<\/td>\n<td width=\"50.0%\">98L<\/td>\n<\/tr>\n<\/tbody>\n<\/table>\n<p>&nbsp;<\/p>\n<p>&nbsp;<\/p>\n<h2><\/h2>","protected":false},"excerpt":{"rendered":"<h2>Vannkokende gryte<\/h2>\n<p style=\"margin: 0cm; margin-bottom: .0001pt; line-height: 18.75pt;\"><span style=\"font-family: 'Arial',sans-serif; color: black;\">Det er ingenting som \u00e5 nyte et godt <strong>\u00f8l<\/strong>, selv om det alltid kan forbedres. Fra<strong><span style=\"color: #ff0000;\"> TIL<\/span><span style=\"color: #0000ff;\">R<\/span>C,<\/strong> Vi \u00f8nsker \u00e5 bidra til den dr\u00f8mmen ved \u00e5 legge til rette for din <strong>gryte <span style=\"color: #ff0000;\">TIL<\/span><span style=\"color: #0000ff;\">R<\/span>CMO98<\/strong>\u00a0de <strong>h\u00e5ndverks\u00f8l<\/strong> tilegner seg den primitive og h\u00e5ndverksmessige essensen.<\/span><\/p>\n<p style=\"margin: 0cm; margin-bottom: .0001pt; line-height: 18.75pt;\"><span style=\"font-family: 'Arial',sans-serif; color: black;\">Med <strong>maserasjonskjele <span style=\"color: #ff0000;\">TIL<\/span><span style=\"color: #0000ff;\">R<\/span>c<\/strong>, kan du stole p\u00e5 dine evner <strong>gj\u00e6re malt<\/strong>. Her har du hele kontrollprosessen <strong>maserasjon<\/strong>. I <strong>stor gryte<\/strong> rustfritt st\u00e5l kan koke opp til 70 liter v\u00e6ske eller 60 liter v\u00e6ske med malt. Utformingen av meskegryten garanterer optimal varmefordeling i gryten, den tilpasser seg ogs\u00e5 induksjonskomfyrer. For enkelt \u00e5 overf\u00f8re den fermenterte malten <strong><span style=\"font-family: 'Arial',sans-serif;\">gryte for maserasjon<\/span><\/strong>\u00a0<strong><span style=\"font-family: 'Arial',sans-serif;\"><span style=\"color: #ff0000;\">TIL<\/span><span style=\"color: #0000ff;\">R<\/span>CMO70<\/span><\/strong> Den har en 1 cm t\u00f8mmekran for \u00e5 koble til slangesystemet. <\/span><span style=\"font-family: 'Arial',sans-serif; color: black;\">Verden av smaker er sv\u00e6rt omfattende <strong><span style=\"color: #ff0000;\">TIL<\/span><span style=\"color: #0000ff;\">R<\/span>c<\/strong> hjelper deg med \u00e5 navigere denne reisen med en <strong>gryte<\/strong> der <strong>bryggmestere<\/strong> de oppn\u00e5r passende primitive must uten problemer.<\/span><\/p>\n<p>&nbsp;<\/p>\n<h6><strong>Garanti\u00a0<span style=\"color: #ff0000;\">TIL<\/span><span style=\"color: #0000ff;\">R<\/span>C 2 \u00c5R<\/strong><\/h6>\n<h6><strong>teknisk st\u00f8tte inkludert<\/strong><\/h6>","protected":false},"featured_media":942,"comment_status":"open","ping_status":"closed","template":"","meta":{"wds_primary_product_brand":0,"wds_primary_product_cat":0},"product_brand":[],"product_cat":[54],"product_tag":[],"class_list":{"0":"post-936","1":"product","2":"type-product","3":"status-publish","4":"has-post-thumbnail","6":"product_cat-maceracion-fermentacion","7":"product_shipping_class-hosteleria","9":"first","10":"instock","11":"sale","12":"taxable","13":"shipping-taxable","14":"purchasable","15":"product-type-simple"},"yoast_head":"<!-- This site is optimized with the Yoast SEO Premium plugin v24.9 (Yoast SEO v26.1) - https:\/\/yoast.com\/wordpress\/plugins\/seo\/ -->\n<title>Marmita olla de maceraci\u00f3n - distribuci\u00f3n ARC<\/title>\n<meta name=\"robots\" content=\"index, follow, max-snippet:-1, max-image-preview:large, max-video-preview:-1\" \/>\n<link rel=\"canonical\" href=\"https:\/\/www.distribucionarc.com\/nl\/producto\/marmita-olla-de-maceracion\/\" \/>\n<meta property=\"og:locale\" content=\"nb_NO\" \/>\n<meta property=\"og:type\" content=\"article\" \/>\n<meta property=\"og:title\" content=\"Marmita olla de maceraci\u00f3n\" \/>\n<meta property=\"og:description\" content=\"Marmita olla de maceraci\u00f3n No hay nada como disfrutar de una buena cerveza, aunque siempre se puede mejorar. Desde ARC, queremos contribuir a ese sue\u00f1o facilitandote el caldero ARCMO98\u00a0la cerveza artesanal adquiere esa esencia primitiva y artesanal. Con la marmita de maceraci\u00f3n de ARC, puede confiar en sus habilidades para fermentar la malta. Aqu\u00ed tiene todo el proceso de control de maceraci\u00f3n. En la gran caldera de acero inoxidable se pueden hervir hasta 70 litros de l\u00edquido o 60 litros de l\u00edquido con malta. El dise\u00f1o de la olla de maceraci\u00f3n le garantiza una distribuci\u00f3n \u00f3ptima del calor en el caldero, tambi\u00e9n se adapta a las cocinas de inducci\u00f3n. Para trasvasar f\u00e1cilmente la malta fermentada, el caldero para macerar\u00a0ARCMO70 posee un grifo de desag\u00fce de 1 cm para conectar al sistema de mangueras. El mundo de los sabores es muy extenso ARC te ayuda a recorrer este viaje con una marmita en la que los maestros cerveceros logran sin problemas el mosto primitivo adecuado. &nbsp; Garant\u00eda\u00a0ARC 2 A\u00d1OS soporte t\u00e9cnico\u00a0incluido\" \/>\n<meta property=\"og:url\" content=\"https:\/\/www.distribucionarc.com\/nl\/producto\/marmita-olla-de-maceracion\/\" \/>\n<meta property=\"og:site_name\" content=\"distribuci\u00f3n ARC\" \/>\n<meta property=\"article:modified_time\" content=\"2020-09-26T15:48:18+00:00\" \/>\n<meta property=\"og:image\" content=\"https:\/\/distribucionarc.com\/wp-content\/uploads\/2020\/07\/Marmita-olla-de-maceraci\u00f3n-8.jpg\" \/>\n\t<meta property=\"og:image:width\" content=\"1600\" \/>\n\t<meta property=\"og:image:height\" content=\"1600\" \/>\n\t<meta property=\"og:image:type\" content=\"image\/jpeg\" \/>\n<meta name=\"twitter:card\" content=\"summary_large_image\" \/>\n<meta name=\"twitter:label1\" content=\"Ansl. lesetid\" \/>\n\t<meta name=\"twitter:data1\" content=\"2 minutter\" \/>\n<script type=\"application\/ld+json\" class=\"yoast-schema-graph\">{\"@context\":\"https:\/\/schema.org\",\"@graph\":[{\"@type\":\"WebPage\",\"@id\":\"https:\/\/www.distribucionarc.com\/nl\/producto\/marmita-olla-de-maceracion\/\",\"url\":\"https:\/\/www.distribucionarc.com\/nl\/producto\/marmita-olla-de-maceracion\/\",\"name\":\"Marmita olla de maceraci\u00f3n - distribuci\u00f3n ARC\",\"isPartOf\":{\"@id\":\"https:\/\/distribucionarc.com\/ro\/#website\"},\"primaryImageOfPage\":{\"@id\":\"https:\/\/www.distribucionarc.com\/nl\/producto\/marmita-olla-de-maceracion\/#primaryimage\"},\"image\":{\"@id\":\"https:\/\/www.distribucionarc.com\/nl\/producto\/marmita-olla-de-maceracion\/#primaryimage\"},\"thumbnailUrl\":\"https:\/\/distribucionarc.com\/wp-content\/uploads\/2020\/07\/Marmita-olla-de-maceraci\u00f3n-8.jpg\",\"datePublished\":\"2020-07-15T10:07:35+00:00\",\"dateModified\":\"2020-09-26T15:48:18+00:00\",\"breadcrumb\":{\"@id\":\"https:\/\/www.distribucionarc.com\/nl\/producto\/marmita-olla-de-maceracion\/#breadcrumb\"},\"inLanguage\":\"nb-NO\",\"potentialAction\":[{\"@type\":\"ReadAction\",\"target\":[\"https:\/\/www.distribucionarc.com\/nl\/producto\/marmita-olla-de-maceracion\/\"]}]},{\"@type\":\"ImageObject\",\"inLanguage\":\"nb-NO\",\"@id\":\"https:\/\/www.distribucionarc.com\/nl\/producto\/marmita-olla-de-maceracion\/#primaryimage\",\"url\":\"https:\/\/distribucionarc.com\/wp-content\/uploads\/2020\/07\/Marmita-olla-de-maceraci\u00f3n-8.jpg\",\"contentUrl\":\"https:\/\/distribucionarc.com\/wp-content\/uploads\/2020\/07\/Marmita-olla-de-maceraci\u00f3n-8.jpg\",\"width\":1600,\"height\":1600,\"caption\":\"Marmita olla de maceraci\u00f3n\"},{\"@type\":\"BreadcrumbList\",\"@id\":\"https:\/\/www.distribucionarc.com\/nl\/producto\/marmita-olla-de-maceracion\/#breadcrumb\",\"itemListElement\":[{\"@type\":\"ListItem\",\"position\":1,\"name\":\"Portada\",\"item\":\"https:\/\/distribucionarc.com\/ar\/\"},{\"@type\":\"ListItem\",\"position\":2,\"name\":\"Proizvodi\",\"item\":\"https:\/\/www.distribucionarc.com\/hr\/ducan\/\"},{\"@type\":\"ListItem\",\"position\":3,\"name\":\"Marmita olla de maceraci\u00f3n\"}]},{\"@type\":\"WebSite\",\"@id\":\"https:\/\/distribucionarc.com\/ro\/#website\",\"url\":\"https:\/\/distribucionarc.com\/ro\/\",\"name\":\"distribuci\u00f3n ARC\",\"description\":\"Empresa especializada en la fabricaci\u00f3n y distribuci\u00f3n de maquinaria industrial, selladoras de latas, Maquinas de hacer pastillas, Maquinas de cortar carne...\",\"publisher\":{\"@id\":\"https:\/\/distribucionarc.com\/ro\/#organization\"},\"potentialAction\":[{\"@type\":\"SearchAction\",\"target\":{\"@type\":\"EntryPoint\",\"urlTemplate\":\"https:\/\/distribucionarc.com\/ro\/?s={search_term_string}\"},\"query-input\":{\"@type\":\"PropertyValueSpecification\",\"valueRequired\":true,\"valueName\":\"search_term_string\"}}],\"inLanguage\":\"nb-NO\"},{\"@type\":\"Organization\",\"@id\":\"https:\/\/distribucionarc.com\/ro\/#organization\",\"name\":\"Distribuci\u00f3n ARC\",\"url\":\"https:\/\/distribucionarc.com\/ro\/\",\"logo\":{\"@type\":\"ImageObject\",\"inLanguage\":\"nb-NO\",\"@id\":\"https:\/\/distribucionarc.com\/ro\/#\/schema\/logo\/image\/\",\"url\":\"https:\/\/distribucionarc.com\/wp-content\/uploads\/2024\/10\/distribucion-ARC-COLOR-SIN-FONDO-e1732295305345.png\",\"contentUrl\":\"https:\/\/distribucionarc.com\/wp-content\/uploads\/2024\/10\/distribucion-ARC-COLOR-SIN-FONDO-e1732295305345.png\",\"width\":1164,\"height\":558,\"caption\":\"Distribuci\u00f3n ARC\"},\"image\":{\"@id\":\"https:\/\/distribucionarc.com\/ro\/#\/schema\/logo\/image\/\"},\"description\":\"Empresa especializada en la fabricaci\u00f3n y distribuci\u00f3n de maquinaria industrial para los sectores alimentario y farmac\u00e9utico. Nos especializamos en: M\u00e1quinas de cortar carne Fabricaci\u00f3n de comprimidos Sistemas de transporte industrial L\u00edneas de embotellado Dosificadores Y mucho m\u00e1s... Ofrecemos soluciones innovadoras y personalizadas para optimizar los procesos productivos de tu empresa.\",\"email\":\"Admistracion@distribucionarc.com\",\"telephone\":\"+34 643496664\",\"legalName\":\"ARC TECH SOLUTIONS\",\"foundingDate\":\"2024-04-09\",\"vatID\":\"B55480172\",\"numberOfEmployees\":{\"@type\":\"QuantitativeValue\",\"minValue\":\"1\",\"maxValue\":\"10\"}}]}<\/script>\n<!-- \/ Yoast SEO Premium plugin. -->","yoast_head_json":{"title":"Meskekjele - ARC-fordeling","robots":{"index":"index","follow":"follow","max-snippet":"max-snippet:-1","max-image-preview":"max-image-preview:large","max-video-preview":"max-video-preview:-1"},"canonical":"https:\/\/www.distribucionarc.com\/nl\/producto\/marmita-olla-de-maceracion\/","og_locale":"nb_NO","og_type":"article","og_title":"Marmita olla de maceraci\u00f3n","og_description":"Marmita olla de maceraci\u00f3n No hay nada como disfrutar de una buena cerveza, aunque siempre se puede mejorar. Desde ARC, queremos contribuir a ese sue\u00f1o facilitandote el caldero ARCMO98\u00a0la cerveza artesanal adquiere esa esencia primitiva y artesanal. Con la marmita de maceraci\u00f3n de ARC, puede confiar en sus habilidades para fermentar la malta. Aqu\u00ed tiene todo el proceso de control de maceraci\u00f3n. En la gran caldera de acero inoxidable se pueden hervir hasta 70 litros de l\u00edquido o 60 litros de l\u00edquido con malta. El dise\u00f1o de la olla de maceraci\u00f3n le garantiza una distribuci\u00f3n \u00f3ptima del calor en el caldero, tambi\u00e9n se adapta a las cocinas de inducci\u00f3n. Para trasvasar f\u00e1cilmente la malta fermentada, el caldero para macerar\u00a0ARCMO70 posee un grifo de desag\u00fce de 1 cm para conectar al sistema de mangueras. El mundo de los sabores es muy extenso ARC te ayuda a recorrer este viaje con una marmita en la que los maestros cerveceros logran sin problemas el mosto primitivo adecuado. &nbsp; Garant\u00eda\u00a0ARC 2 A\u00d1OS soporte t\u00e9cnico\u00a0incluido","og_url":"https:\/\/www.distribucionarc.com\/nl\/producto\/marmita-olla-de-maceracion\/","og_site_name":"distribuci\u00f3n ARC","article_modified_time":"2020-09-26T15:48:18+00:00","og_image":[{"width":1600,"height":1600,"url":"https:\/\/distribucionarc.com\/wp-content\/uploads\/2020\/07\/Marmita-olla-de-maceraci\u00f3n-8.jpg","type":"image\/jpeg"}],"twitter_card":"summary_large_image","twitter_misc":{"Ansl. lesetid":"2 minutter"},"schema":{"@context":"https:\/\/schema.org","@graph":[{"@type":"WebPage","@id":"https:\/\/www.distribucionarc.com\/nl\/producto\/marmita-olla-de-maceracion\/","url":"https:\/\/www.distribucionarc.com\/nl\/producto\/marmita-olla-de-maceracion\/","name":"Meskekjele - ARC-fordeling","isPartOf":{"@id":"https:\/\/distribucionarc.com\/ro\/#website"},"primaryImageOfPage":{"@id":"https:\/\/www.distribucionarc.com\/nl\/producto\/marmita-olla-de-maceracion\/#primaryimage"},"image":{"@id":"https:\/\/www.distribucionarc.com\/nl\/producto\/marmita-olla-de-maceracion\/#primaryimage"},"thumbnailUrl":"https:\/\/distribucionarc.com\/wp-content\/uploads\/2020\/07\/Marmita-olla-de-maceraci\u00f3n-8.jpg","datePublished":"2020-07-15T10:07:35+00:00","dateModified":"2020-09-26T15:48:18+00:00","breadcrumb":{"@id":"https:\/\/www.distribucionarc.com\/nl\/producto\/marmita-olla-de-maceracion\/#breadcrumb"},"inLanguage":"nb-NO","potentialAction":[{"@type":"ReadAction","target":["https:\/\/www.distribucionarc.com\/nl\/producto\/marmita-olla-de-maceracion\/"]}]},{"@type":"ImageObject","inLanguage":"nb-NO","@id":"https:\/\/www.distribucionarc.com\/nl\/producto\/marmita-olla-de-maceracion\/#primaryimage","url":"https:\/\/distribucionarc.com\/wp-content\/uploads\/2020\/07\/Marmita-olla-de-maceraci\u00f3n-8.jpg","contentUrl":"https:\/\/distribucionarc.com\/wp-content\/uploads\/2020\/07\/Marmita-olla-de-maceraci\u00f3n-8.jpg","width":1600,"height":1600,"caption":"Marmita olla de maceraci\u00f3n"},{"@type":"BreadcrumbList","@id":"https:\/\/www.distribucionarc.com\/nl\/producto\/marmita-olla-de-maceracion\/#breadcrumb","itemListElement":[{"@type":"ListItem","position":1,"name":"Portada","item":"https:\/\/distribucionarc.com\/ar\/"},{"@type":"ListItem","position":2,"name":"Proizvodi","item":"https:\/\/www.distribucionarc.com\/hr\/ducan\/"},{"@type":"ListItem","position":3,"name":"Marmita olla de maceraci\u00f3n"}]},{"@type":"WebSite","@id":"https:\/\/distribucionarc.com\/ro\/#website","url":"https:\/\/distribucionarc.com\/ro\/","name":"ARC distribusjon","description":"Selskapet har spesialisert seg p\u00e5 produksjon og distribusjon av industrimaskiner, hermetikkboksforseglingsmaskiner, tablettmaskiner, kj\u00f8ttskj\u00e6remaskiner og...","publisher":{"@id":"https:\/\/distribucionarc.com\/ro\/#organization"},"potentialAction":[{"@type":"SearchAction","target":{"@type":"EntryPoint","urlTemplate":"https:\/\/distribucionarc.com\/ro\/?s={search_term_string}"},"query-input":{"@type":"PropertyValueSpecification","valueRequired":true,"valueName":"search_term_string"}}],"inLanguage":"nb-NO"},{"@type":"Organization","@id":"https:\/\/distribucionarc.com\/ro\/#organization","name":"ARC distribusjon","url":"https:\/\/distribucionarc.com\/ro\/","logo":{"@type":"ImageObject","inLanguage":"nb-NO","@id":"https:\/\/distribucionarc.com\/ro\/#\/schema\/logo\/image\/","url":"https:\/\/distribucionarc.com\/wp-content\/uploads\/2024\/10\/distribucion-ARC-COLOR-SIN-FONDO-e1732295305345.png","contentUrl":"https:\/\/distribucionarc.com\/wp-content\/uploads\/2024\/10\/distribucion-ARC-COLOR-SIN-FONDO-e1732295305345.png","width":1164,"height":558,"caption":"Distribuci\u00f3n ARC"},"image":{"@id":"https:\/\/distribucionarc.com\/ro\/#\/schema\/logo\/image\/"},"description":"Selskap som har spesialisert seg p\u00e5 produksjon og distribusjon av industrimaskiner til n\u00e6ringsmiddel- og farmasisektoren. Vi er spesialister p\u00e5: Kj\u00f8ttskj\u00e6remaskiner Tablettilvirkning Industrielle transportsystemer Tappelinjer Dispensere Og mye mer... Vi tilbyr innovative og skreddersydde l\u00f8sninger for \u00e5 optimalisere bedriftens produksjonsprosesser.","email":"Admistracion@distribucionarc.com","telephone":"+34 643496664","legalName":"ARC TECH SOLUTIONS","foundingDate":"2024-04-09","vatID":"B55480172","numberOfEmployees":{"@type":"QuantitativeValue","minValue":"1","maxValue":"10"}}]}},"_links":{"self":[{"href":"https:\/\/distribucionarc.com\/nb\/wp-json\/wp\/v2\/product\/936","targetHints":{"allow":["GET"]}}],"collection":[{"href":"https:\/\/distribucionarc.com\/nb\/wp-json\/wp\/v2\/product"}],"about":[{"href":"https:\/\/distribucionarc.com\/nb\/wp-json\/wp\/v2\/types\/product"}],"replies":[{"embeddable":true,"href":"https:\/\/distribucionarc.com\/nb\/wp-json\/wp\/v2\/comments?post=936"}],"version-history":[{"count":0,"href":"https:\/\/distribucionarc.com\/nb\/wp-json\/wp\/v2\/product\/936\/revisions"}],"wp:featuredmedia":[{"embeddable":true,"href":"https:\/\/distribucionarc.com\/nb\/wp-json\/wp\/v2\/media\/942"}],"wp:attachment":[{"href":"https:\/\/distribucionarc.com\/nb\/wp-json\/wp\/v2\/media?parent=936"}],"wp:term":[{"taxonomy":"product_brand","embeddable":true,"href":"https:\/\/distribucionarc.com\/nb\/wp-json\/wp\/v2\/product_brand?post=936"},{"taxonomy":"product_cat","embeddable":true,"href":"https:\/\/distribucionarc.com\/nb\/wp-json\/wp\/v2\/product_cat?post=936"},{"taxonomy":"product_tag","embeddable":true,"href":"https:\/\/distribucionarc.com\/nb\/wp-json\/wp\/v2\/product_tag?post=936"}],"curies":[{"name":"wp","href":"https:\/\/api.w.org\/{rel}","templated":true}]}}