{"id":952,"date":"2020-07-15T11:51:30","date_gmt":"2020-07-15T11:51:30","guid":{"rendered":"https:\/\/distribucionarc.com\/?post_type=product&#038;p=952"},"modified":"2024-09-05T16:38:38","modified_gmt":"2024-09-05T16:38:38","slug":"elektrisk-oljepresseavsug","status":"publish","type":"product","link":"https:\/\/distribucionarc.com\/nb\/producto\/extractor-prensa-de-aceite-electrico\/","title":{"rendered":"elektrisk oljepresseavsug"},"content":{"rendered":"<h3>elektrisk oljepresseavsug<\/h3>\n<p>De<strong> elektrisk avtrekk<\/strong> av <strong><span style=\"color: #ff0000;\">TIL<\/span><span style=\"color: #0000ff;\">R<\/span>c<\/strong> Den er multifunksjonell slik at du kan prestere <strong>kaldpresset<\/strong> ved temperaturer p\u00e5 0-140\u00baC, lagrer det meste av n\u00e6ringsstoffene. <strong>Varmpresset uten steking<\/strong> Siden den har innebygd termostatoppvarming, nyt<strong> sunne og naturlige oljer<\/strong>, kan du ogs\u00e5 steke og <strong>varmpresse<\/strong> sauter i noen minutter for \u00e5 f\u00e5 en renere og mer aromatisk olje.<\/p>\n<p>De <strong>automatisk oljepresse<\/strong> av <strong><span style=\"color: #ff0000;\">TIL<\/span><span style=\"color: #0000ff;\">R<\/span>c<\/strong> Bruker matkvalitet 304 rustfritt st\u00e5lmateriale, kobber av industrikvalitet med motor med h\u00f8y effekt, god ytelse, som f\u00f8rer til h\u00f8y oljeproduksjon, tilpasningsevne for gr\u00fcnderen p\u00e5 grunn av enkel drift og vedlikehold, ren fysisk knusing, som bidrar til en <span style=\"color: #008000;\"><strong>effektivt energiforbruk<\/strong><\/span>.<\/p>\n<p>De <strong>oljeavsug <span style=\"color: #ff0000;\">TIL<\/span><span style=\"color: #0000ff;\">R<\/span>CEPA1<\/strong> skrue er en toppmoderne oljeutvinningsmaskin som kjennetegnes av h\u00f8y oljestr\u00f8m, god kvalitet, enkel design og kontinuerlig prosess. Denne serien med oljepresser kan brukes til ulike r\u00e5varer som jatrophafr\u00f8, rapsfr\u00f8, pean\u00f8tter, raps- og bomullsfr\u00f8, sesamfr\u00f8, olivenfr\u00f8, solsikkefr\u00f8, kokosfr\u00f8 og gressfr\u00f8.<\/p>\n<p>Sammenlignet med <strong>skrupresse<\/strong> tradisjonelle, den <strong>dreiepresse<\/strong> olje har fordelen av \u00e5 v\u00e6re enkel, enkel i strukturen, enkel og lett \u00e5 utvide bortsett fra \u00e5 gi oljeutvinning fra 95%. Dette <strong>fr\u00f8behandler<\/strong>, har alle n\u00f8dvendige funksjoner for \u00e5 utf\u00f8re <strong>oljeutvinning<\/strong> p\u00e5 den mest komfortable og detaljerte m\u00e5ten, mens programmene letter vedlikeholdet av maskinen, og fremmer dens holdbarhet<\/p>\n<p><iframe loading=\"lazy\" src=\"https:\/\/www.youtube.com\/embed\/w5DjgxuuS58\" width=\"560\" height=\"315\" frameborder=\"0\" allowfullscreen=\"allowfullscreen\"><\/iframe><\/p>\n<h6><strong>Garanti\u00a0<span style=\"color: #ff0000;\">TIL<\/span><span style=\"color: #0000ff;\">R<\/span>C 2 \u00c5R<\/strong><\/h6>\n<h6><span style=\"color: #008000;\">Elektrisk oljepressavsug, lavt forbruk 460 w<\/span><\/h6>\n<h6><strong>teknisk st\u00f8tte inkludert<\/strong><\/h6>\n<p>&nbsp;<\/p>\n<table role=\"presentation\" width=\"100%\" cellspacing=\"0\" cellpadding=\"0\">\n<tbody>\n<tr>\n<td class=\"attrLabels\">Temperatur:<\/td>\n<td width=\"50.0%\">0-140\u00baC<\/td>\n<\/tr>\n<tr>\n<td class=\"attrLabels\">Distribusjonsland:<\/td>\n<td width=\"50.0%\">Spania, Tyskland, USA<\/td>\n<td class=\"attrLabels\">Vekt:<\/td>\n<td width=\"50.0%\">11 kg<\/td>\n<\/tr>\n<tr>\n<td class=\"attrLabels\">Merke:<\/td>\n<td width=\"50.0%\">BUE<\/td>\n<td class=\"attrLabels\">H\u00f8yde:<\/td>\n<td width=\"50.0%\">24 cm<\/td>\n<\/tr>\n<tr>\n<td class=\"attrLabels\">Farge:<\/td>\n<td width=\"50.0%\">S\u00f8lv<\/td>\n<td class=\"attrLabels\">Lang:<\/td>\n<td width=\"50.0%\">46 cm<\/td>\n<\/tr>\n<tr>\n<td class=\"attrLabels\">Produkttype:<\/td>\n<td width=\"50.0%\">Elektrisk oljepresseavsug<\/td>\n<td class=\"attrLabels\">Bred:<\/td>\n<td width=\"50.0%\">19 cm<\/td>\n<\/tr>\n<tr>\n<td class=\"attrLabels\">Produsentnummer:<\/td>\n<td width=\"50.0%\">ARCEPA1<\/td>\n<td class=\"attrLabels\">Makt:<\/td>\n<td width=\"50.0%\">760W<\/td>\n<\/tr>\n<tr>\n<td class=\"attrLabels\">Materiale:<\/td>\n<td width=\"50.0%\">rustfritt st\u00e5l, motor med h\u00f8y effekt, temperaturkontroll<\/td>\n<td class=\"attrLabels\">inngangsspenning<\/td>\n<td width=\"50.0%\">220V \u2013 50Hz<\/p>\n<p>110 \u2013 60 Hz<\/td>\n<\/tr>\n<tr>\n<td class=\"attrLabels\">Behandlingstyper:<\/td>\n<td width=\"50.0%\">kald, varm med eller uten steking<\/td>\n<td class=\"attrLabels\">Garanti:<\/td>\n<td width=\"50.0%\">2 \u00c5R<\/td>\n<\/tr>\n<tr>\n<td class=\"attrLabels\">Installasjonsverkt\u00f8y:<\/td>\n<td width=\"50.0%\">Ja<\/td>\n<td class=\"attrLabels\">Evne:<\/td>\n<td width=\"50.0%\">3-6 kg<\/td>\n<\/tr>\n<\/tbody>\n<\/table>\n<p>&nbsp;<\/p>","protected":false},"excerpt":{"rendered":"<h2><strong>Elektrisk fr\u00f8oljeutvinningsmaskin \u2013 Profesjonell for varm og kald utvinning<\/strong><\/h2>\n<p>V\u00e5r <strong>elektrisk fr\u00f8oljeutvinningsmaskin<\/strong> Den er ideell for de som leter etter en effektiv og profesjonell l\u00f8sning for oljeproduksjon, b\u00e5de kald og varm. Dette <strong>profesjonell oljeutvinningspresse<\/strong> kan behandle et bredt utvalg av fr\u00f8, og tilbyr allsidighet for forskjellige typer oljer.<\/p>\n<p>Maskinen er utstyrt med brett med trakt, med kapasitet til \u00e5 behandle mellom <strong>3 kilogram (kg) og 6 kilogram (kg) time<\/strong> av fr\u00f8, noe som gj\u00f8r den perfekt for sm\u00e5 og mellomstore produksjoner.<\/p>\n<h3>Eksempler p\u00e5 fr\u00f8 som er <strong>oljeutvinningsmaskin<\/strong> kan behandle:<\/h3>\n<ul>\n<li><strong>solsikkefr\u00f8<\/strong>: Sv\u00e6rt vanlig for produksjon av matolje.<\/li>\n<li><strong>sesamfr\u00f8<\/strong>: Brukes i produksjon av gourmetoljer.<\/li>\n<li><strong>linfr\u00f8<\/strong>: Ideell for utvinning av sunne oljer rike p\u00e5 omega-3.<\/li>\n<li><strong>chiafr\u00f8<\/strong>: Brukes til sunne oljer og kosmetikk.<\/li>\n<li><strong>gresskarkjerner<\/strong>: Perfekt for utvinning av n\u00e6ringsolje.<\/li>\n<li><strong>sennepsfr\u00f8<\/strong>: Brukes til spesialoljer til kulinariske og medisinske form\u00e5l.<\/li>\n<li><strong>Hampfr\u00f8<\/strong>: Sv\u00e6rt etterspurt for deres ern\u00e6ringsmessige og kosmetiske egenskaper.<\/li>\n<li><strong>soyab\u00f8nner<\/strong>: Popul\u00e6r for oljeproduksjon i n\u00e6ringsmiddelindustrien.<\/li>\n<li><strong>Pean\u00f8ttfr\u00f8<\/strong>: Brukes til produksjon av mat- og gourmetoljer.<\/li>\n<li><strong>bomullsfr\u00f8<\/strong>: Vanlig ved produksjon av industri- og matolje.<\/li>\n<li><strong>Valn\u00f8tter<\/strong>: For gourmetoljer med h\u00f8y merverdi.<\/li>\n<li><strong>oliven oliven:<\/strong> kan bare trekke ut olje fra fruktkj\u00f8ttet uten fr\u00f8et<\/li>\n<\/ul>\n<p>Med dette <strong>elektrisk oljeutvinningsmaskin<\/strong>, kan du f\u00e5 h\u00f8ykvalitetsoljer fra et bredt utvalg av fr\u00f8. B\u00e5de i kalde utvinningsprosesser for \u00e5 bevare ern\u00e6ringsmessige egenskaper, og i varme ekstraksjonsprosesser for \u00e5 maksimere ytelsen, er denne maskinen et ideelt alternativ for bir\u00f8ktere, naturvarebutikker og sm\u00e5 fabrikker.<\/p>\n<p>Hvis du leter etter en <strong>profesjonell oljeutvinningspresse<\/strong> For fr\u00f8 er denne maskinen den perfekte l\u00f8sningen for \u00e5 utvinne oljer raskt og effektivt. Kapasiteten til <strong>3 kg til 6 kg<\/strong> per prosesseringssyklus sikrer at du kan tilpasse deg ulike produksjonsvolumer uten \u00e5 miste kvalitet.<\/p>","protected":false},"featured_media":963,"comment_status":"open","ping_status":"closed","template":"","meta":{"wds_primary_product_brand":0,"wds_primary_product_cat":0},"product_brand":[],"product_cat":[55],"product_tag":[],"class_list":{"0":"post-952","1":"product","2":"type-product","3":"status-publish","4":"has-post-thumbnail","6":"product_cat-extractor-prensa-de-aceites","7":"product_shipping_class-express","9":"first","10":"instock","11":"taxable","12":"shipping-taxable","13":"purchasable","14":"product-type-simple"},"yoast_head":"<!-- This site is optimized with the Yoast SEO Premium plugin v24.9 (Yoast SEO v26.1) - https:\/\/yoast.com\/wordpress\/plugins\/seo\/ -->\n<title>Extractor prensa de aceite el\u00e9ctrico - distribuci\u00f3n ARC<\/title>\n<meta name=\"robots\" content=\"index, follow, max-snippet:-1, max-image-preview:large, max-video-preview:-1\" \/>\n<link rel=\"canonical\" href=\"https:\/\/distribucionarc.com\/nb\/produkter\/elektrisk-oljepresseavsug\/\" \/>\n<meta property=\"og:locale\" content=\"nb_NO\" \/>\n<meta property=\"og:type\" content=\"article\" \/>\n<meta property=\"og:title\" content=\"Extractor prensa de aceite el\u00e9ctrico\" \/>\n<meta property=\"og:description\" content=\"M\u00e1quina el\u00e9ctrica para extracci\u00f3n de aceite de semillas \u2013 Profesional para extracci\u00f3n en fr\u00edo y caliente Nuestra m\u00e1quina el\u00e9ctrica de extracci\u00f3n de aceite de semillas es ideal para aquellos que buscan una soluci\u00f3n eficiente y profesional para la producci\u00f3n de aceite, tanto en fr\u00edo como en caliente. Esta prensa de extracci\u00f3n de aceite profesional puede procesar una amplia variedad de semillas, ofreciendo versatilidad para diferentes tipos de aceites.  La m\u00e1quina est\u00e1 equipada con una bandeja con embudo, con capacidad para procesar entre 3 kilogramos (kg) y 6 kilogramos (kg) hora de semillas, lo que la hace perfecta para producciones peque\u00f1as y medianas. Ejemplos de semillas que esta m\u00e1quina para extraer aceite puede procesar:   Semillas de girasol: Muy com\u00fan para la producci\u00f3n de aceite de cocina.  Semillas de s\u00e9samo: Utilizadas en la producci\u00f3n de aceites gourmet.  Semillas de lino: Ideales para la extracci\u00f3n de aceites saludables ricos en omega-3.  Semillas de ch\u00eda: Usadas para aceites saludables y cosm\u00e9ticos.  Semillas de calabaza: Perfectas para la extracci\u00f3n de aceite nutritivo.  Semillas de mostaza: Utilizadas para aceites especiales con fines culinarios y medicinales.  Semillas de c\u00e1\u00f1amo: Muy demandadas por sus propiedades nutritivas y cosm\u00e9ticas.  Semillas de soja: Populares para la producci\u00f3n de aceite en la industria alimentaria.  Semillas de man\u00ed (cacahuete): Usadas para la producci\u00f3n de aceites de cocina y gourmet.  Semillas de algod\u00f3n: Com\u00fan en la producci\u00f3n de aceite industrial y alimentario.  Nueces: Para aceites gourmet de alto valor a\u00f1adido.  oliva aceituna: solo puede extraer el aceite de la pulpa sin la semilla  Con esta m\u00e1quina el\u00e9ctrica para extracci\u00f3n de aceite, podr\u00e1s obtener aceites de alta calidad de una gran variedad de semillas. Tanto en procesos de extracci\u00f3n en fr\u00edo para conservar las propiedades nutritivas, como en caliente para maximizar el rendimiento, esta m\u00e1quina es una opci\u00f3n ideal para apicultores, tiendas de productos naturales, y peque\u00f1as f\u00e1bricas.  Si buscas una prensa de extracci\u00f3n de aceite profesional para semillas, esta m\u00e1quina es la soluci\u00f3n perfecta para extraer aceites de forma r\u00e1pida y eficiente. La capacidad de 3 kg a 6 kg por ciclo de procesamiento asegura que puedes adaptarte a diferentes vol\u00famenes de producci\u00f3n sin perder calidad.\" \/>\n<meta property=\"og:url\" content=\"https:\/\/distribucionarc.com\/nb\/produkter\/elektrisk-oljepresseavsug\/\" \/>\n<meta property=\"og:site_name\" content=\"distribuci\u00f3n ARC\" \/>\n<meta property=\"article:modified_time\" content=\"2024-09-05T16:38:38+00:00\" \/>\n<meta property=\"og:image\" content=\"https:\/\/distribucionarc.com\/wp-content\/uploads\/2020\/07\/Extractor-prensa-de-aceite-el\u00e9ctrico-0.jpg\" \/>\n\t<meta property=\"og:image:width\" content=\"1600\" \/>\n\t<meta property=\"og:image:height\" content=\"1600\" \/>\n\t<meta property=\"og:image:type\" content=\"image\/jpeg\" \/>\n<meta name=\"twitter:card\" content=\"summary_large_image\" \/>\n<meta name=\"twitter:label1\" content=\"Ansl. lesetid\" \/>\n\t<meta name=\"twitter:data1\" content=\"2 minutter\" \/>\n<script type=\"application\/ld+json\" class=\"yoast-schema-graph\">{\"@context\":\"https:\/\/schema.org\",\"@graph\":[{\"@type\":\"WebPage\",\"@id\":\"https:\/\/distribucionarc.com\/nl\/producto\/extractor-prensa-de-aceite-electrico\/\",\"url\":\"https:\/\/distribucionarc.com\/nl\/producto\/extractor-prensa-de-aceite-electrico\/\",\"name\":\"Extractor prensa de aceite el\u00e9ctrico - distribuci\u00f3n ARC\",\"isPartOf\":{\"@id\":\"https:\/\/www.distribucionarc.com\/de\/#website\"},\"primaryImageOfPage\":{\"@id\":\"https:\/\/distribucionarc.com\/nl\/producto\/extractor-prensa-de-aceite-electrico\/#primaryimage\"},\"image\":{\"@id\":\"https:\/\/distribucionarc.com\/nl\/producto\/extractor-prensa-de-aceite-electrico\/#primaryimage\"},\"thumbnailUrl\":\"https:\/\/distribucionarc.com\/wp-content\/uploads\/2020\/07\/Extractor-prensa-de-aceite-el\u00e9ctrico-0.jpg\",\"datePublished\":\"2020-07-15T11:51:30+00:00\",\"dateModified\":\"2024-09-05T16:38:38+00:00\",\"breadcrumb\":{\"@id\":\"https:\/\/distribucionarc.com\/nl\/producto\/extractor-prensa-de-aceite-electrico\/#breadcrumb\"},\"inLanguage\":\"nb-NO\",\"potentialAction\":[{\"@type\":\"ReadAction\",\"target\":[\"https:\/\/distribucionarc.com\/nl\/producto\/extractor-prensa-de-aceite-electrico\/\"]}]},{\"@type\":\"ImageObject\",\"inLanguage\":\"nb-NO\",\"@id\":\"https:\/\/distribucionarc.com\/nl\/producto\/extractor-prensa-de-aceite-electrico\/#primaryimage\",\"url\":\"https:\/\/distribucionarc.com\/wp-content\/uploads\/2020\/07\/Extractor-prensa-de-aceite-el\u00e9ctrico-0.jpg\",\"contentUrl\":\"https:\/\/distribucionarc.com\/wp-content\/uploads\/2020\/07\/Extractor-prensa-de-aceite-el\u00e9ctrico-0.jpg\",\"width\":1600,\"height\":1600,\"caption\":\"Extractor prensa de aceite el\u00e9ctrico\"},{\"@type\":\"BreadcrumbList\",\"@id\":\"https:\/\/distribucionarc.com\/nl\/producto\/extractor-prensa-de-aceite-electrico\/#breadcrumb\",\"itemListElement\":[{\"@type\":\"ListItem\",\"position\":1,\"name\":\"Portada\",\"item\":\"https:\/\/www.distribucionarc.com\/en\/\"},{\"@type\":\"ListItem\",\"position\":2,\"name\":\"Products\",\"item\":\"https:\/\/www.distribucionarc.com\/en\/shop\/\"},{\"@type\":\"ListItem\",\"position\":3,\"name\":\"Extractor prensa de aceite el\u00e9ctrico\"}]},{\"@type\":\"WebSite\",\"@id\":\"https:\/\/www.distribucionarc.com\/de\/#website\",\"url\":\"https:\/\/www.distribucionarc.com\/de\/\",\"name\":\"distribuci\u00f3n ARC\",\"description\":\"Empresa especializada en la fabricaci\u00f3n y distribuci\u00f3n de maquinaria industrial, selladoras de latas, Maquinas de hacer pastillas, Maquinas de cortar carne...\",\"publisher\":{\"@id\":\"https:\/\/www.distribucionarc.com\/de\/#organization\"},\"potentialAction\":[{\"@type\":\"SearchAction\",\"target\":{\"@type\":\"EntryPoint\",\"urlTemplate\":\"https:\/\/www.distribucionarc.com\/de\/?s={search_term_string}\"},\"query-input\":{\"@type\":\"PropertyValueSpecification\",\"valueRequired\":true,\"valueName\":\"search_term_string\"}}],\"inLanguage\":\"nb-NO\"},{\"@type\":\"Organization\",\"@id\":\"https:\/\/www.distribucionarc.com\/de\/#organization\",\"name\":\"Distribuci\u00f3n ARC\",\"url\":\"https:\/\/www.distribucionarc.com\/de\/\",\"logo\":{\"@type\":\"ImageObject\",\"inLanguage\":\"nb-NO\",\"@id\":\"https:\/\/www.distribucionarc.com\/de\/#\/schema\/logo\/image\/\",\"url\":\"https:\/\/distribucionarc.com\/wp-content\/uploads\/2024\/10\/distribucion-ARC-COLOR-SIN-FONDO-e1732295305345.png\",\"contentUrl\":\"https:\/\/distribucionarc.com\/wp-content\/uploads\/2024\/10\/distribucion-ARC-COLOR-SIN-FONDO-e1732295305345.png\",\"width\":1164,\"height\":558,\"caption\":\"Distribuci\u00f3n ARC\"},\"image\":{\"@id\":\"https:\/\/www.distribucionarc.com\/de\/#\/schema\/logo\/image\/\"},\"description\":\"Empresa especializada en la fabricaci\u00f3n y distribuci\u00f3n de maquinaria industrial para los sectores alimentario y farmac\u00e9utico. Nos especializamos en: M\u00e1quinas de cortar carne Fabricaci\u00f3n de comprimidos Sistemas de transporte industrial L\u00edneas de embotellado Dosificadores Y mucho m\u00e1s... Ofrecemos soluciones innovadoras y personalizadas para optimizar los procesos productivos de tu empresa.\",\"email\":\"Admistracion@distribucionarc.com\",\"telephone\":\"+34 643496664\",\"legalName\":\"ARC TECH SOLUTIONS\",\"foundingDate\":\"2024-04-09\",\"vatID\":\"B55480172\",\"numberOfEmployees\":{\"@type\":\"QuantitativeValue\",\"minValue\":\"1\",\"maxValue\":\"10\"}}]}<\/script>\n<!-- \/ Yoast SEO Premium plugin. -->","yoast_head_json":{"title":"Elektrisk oljepresseavsug - ARC distribusjon","robots":{"index":"index","follow":"follow","max-snippet":"max-snippet:-1","max-image-preview":"max-image-preview:large","max-video-preview":"max-video-preview:-1"},"canonical":"https:\/\/distribucionarc.com\/nb\/produkter\/elektrisk-oljepresseavsug\/","og_locale":"nb_NO","og_type":"article","og_title":"Extractor prensa de aceite el\u00e9ctrico","og_description":"M\u00e1quina el\u00e9ctrica para extracci\u00f3n de aceite de semillas \u2013 Profesional para extracci\u00f3n en fr\u00edo y caliente Nuestra m\u00e1quina el\u00e9ctrica de extracci\u00f3n de aceite de semillas es ideal para aquellos que buscan una soluci\u00f3n eficiente y profesional para la producci\u00f3n de aceite, tanto en fr\u00edo como en caliente. Esta prensa de extracci\u00f3n de aceite profesional puede procesar una amplia variedad de semillas, ofreciendo versatilidad para diferentes tipos de aceites.  La m\u00e1quina est\u00e1 equipada con una bandeja con embudo, con capacidad para procesar entre 3 kilogramos (kg) y 6 kilogramos (kg) hora de semillas, lo que la hace perfecta para producciones peque\u00f1as y medianas. Ejemplos de semillas que esta m\u00e1quina para extraer aceite puede procesar:   Semillas de girasol: Muy com\u00fan para la producci\u00f3n de aceite de cocina.  Semillas de s\u00e9samo: Utilizadas en la producci\u00f3n de aceites gourmet.  Semillas de lino: Ideales para la extracci\u00f3n de aceites saludables ricos en omega-3.  Semillas de ch\u00eda: Usadas para aceites saludables y cosm\u00e9ticos.  Semillas de calabaza: Perfectas para la extracci\u00f3n de aceite nutritivo.  Semillas de mostaza: Utilizadas para aceites especiales con fines culinarios y medicinales.  Semillas de c\u00e1\u00f1amo: Muy demandadas por sus propiedades nutritivas y cosm\u00e9ticas.  Semillas de soja: Populares para la producci\u00f3n de aceite en la industria alimentaria.  Semillas de man\u00ed (cacahuete): Usadas para la producci\u00f3n de aceites de cocina y gourmet.  Semillas de algod\u00f3n: Com\u00fan en la producci\u00f3n de aceite industrial y alimentario.  Nueces: Para aceites gourmet de alto valor a\u00f1adido.  oliva aceituna: solo puede extraer el aceite de la pulpa sin la semilla  Con esta m\u00e1quina el\u00e9ctrica para extracci\u00f3n de aceite, podr\u00e1s obtener aceites de alta calidad de una gran variedad de semillas. Tanto en procesos de extracci\u00f3n en fr\u00edo para conservar las propiedades nutritivas, como en caliente para maximizar el rendimiento, esta m\u00e1quina es una opci\u00f3n ideal para apicultores, tiendas de productos naturales, y peque\u00f1as f\u00e1bricas.  Si buscas una prensa de extracci\u00f3n de aceite profesional para semillas, esta m\u00e1quina es la soluci\u00f3n perfecta para extraer aceites de forma r\u00e1pida y eficiente. La capacidad de 3 kg a 6 kg por ciclo de procesamiento asegura que puedes adaptarte a diferentes vol\u00famenes de producci\u00f3n sin perder calidad.","og_url":"https:\/\/distribucionarc.com\/nb\/produkter\/elektrisk-oljepresseavsug\/","og_site_name":"distribuci\u00f3n ARC","article_modified_time":"2024-09-05T16:38:38+00:00","og_image":[{"width":1600,"height":1600,"url":"https:\/\/distribucionarc.com\/wp-content\/uploads\/2020\/07\/Extractor-prensa-de-aceite-el\u00e9ctrico-0.jpg","type":"image\/jpeg"}],"twitter_card":"summary_large_image","twitter_misc":{"Ansl. lesetid":"2 minutter"},"schema":{"@context":"https:\/\/schema.org","@graph":[{"@type":"WebPage","@id":"https:\/\/distribucionarc.com\/nl\/producto\/extractor-prensa-de-aceite-electrico\/","url":"https:\/\/distribucionarc.com\/nl\/producto\/extractor-prensa-de-aceite-electrico\/","name":"Elektrisk oljepresseavsug - ARC distribusjon","isPartOf":{"@id":"https:\/\/www.distribucionarc.com\/de\/#website"},"primaryImageOfPage":{"@id":"https:\/\/distribucionarc.com\/nl\/producto\/extractor-prensa-de-aceite-electrico\/#primaryimage"},"image":{"@id":"https:\/\/distribucionarc.com\/nl\/producto\/extractor-prensa-de-aceite-electrico\/#primaryimage"},"thumbnailUrl":"https:\/\/distribucionarc.com\/wp-content\/uploads\/2020\/07\/Extractor-prensa-de-aceite-el\u00e9ctrico-0.jpg","datePublished":"2020-07-15T11:51:30+00:00","dateModified":"2024-09-05T16:38:38+00:00","breadcrumb":{"@id":"https:\/\/distribucionarc.com\/nl\/producto\/extractor-prensa-de-aceite-electrico\/#breadcrumb"},"inLanguage":"nb-NO","potentialAction":[{"@type":"ReadAction","target":["https:\/\/distribucionarc.com\/nl\/producto\/extractor-prensa-de-aceite-electrico\/"]}]},{"@type":"ImageObject","inLanguage":"nb-NO","@id":"https:\/\/distribucionarc.com\/nl\/producto\/extractor-prensa-de-aceite-electrico\/#primaryimage","url":"https:\/\/distribucionarc.com\/wp-content\/uploads\/2020\/07\/Extractor-prensa-de-aceite-el\u00e9ctrico-0.jpg","contentUrl":"https:\/\/distribucionarc.com\/wp-content\/uploads\/2020\/07\/Extractor-prensa-de-aceite-el\u00e9ctrico-0.jpg","width":1600,"height":1600,"caption":"Extractor prensa de aceite el\u00e9ctrico"},{"@type":"BreadcrumbList","@id":"https:\/\/distribucionarc.com\/nl\/producto\/extractor-prensa-de-aceite-electrico\/#breadcrumb","itemListElement":[{"@type":"ListItem","position":1,"name":"Portada","item":"https:\/\/www.distribucionarc.com\/en\/"},{"@type":"ListItem","position":2,"name":"Products","item":"https:\/\/www.distribucionarc.com\/en\/shop\/"},{"@type":"ListItem","position":3,"name":"Extractor prensa de aceite el\u00e9ctrico"}]},{"@type":"WebSite","@id":"https:\/\/www.distribucionarc.com\/de\/#website","url":"https:\/\/www.distribucionarc.com\/de\/","name":"ARC distribusjon","description":"Selskapet har spesialisert seg p\u00e5 produksjon og distribusjon av industrimaskiner, hermetikkboksforseglingsmaskiner, tablettmaskiner, kj\u00f8ttskj\u00e6remaskiner og...","publisher":{"@id":"https:\/\/www.distribucionarc.com\/de\/#organization"},"potentialAction":[{"@type":"SearchAction","target":{"@type":"EntryPoint","urlTemplate":"https:\/\/www.distribucionarc.com\/de\/?s={search_term_string}"},"query-input":{"@type":"PropertyValueSpecification","valueRequired":true,"valueName":"search_term_string"}}],"inLanguage":"nb-NO"},{"@type":"Organization","@id":"https:\/\/www.distribucionarc.com\/de\/#organization","name":"ARC distribusjon","url":"https:\/\/www.distribucionarc.com\/de\/","logo":{"@type":"ImageObject","inLanguage":"nb-NO","@id":"https:\/\/www.distribucionarc.com\/de\/#\/schema\/logo\/image\/","url":"https:\/\/distribucionarc.com\/wp-content\/uploads\/2024\/10\/distribucion-ARC-COLOR-SIN-FONDO-e1732295305345.png","contentUrl":"https:\/\/distribucionarc.com\/wp-content\/uploads\/2024\/10\/distribucion-ARC-COLOR-SIN-FONDO-e1732295305345.png","width":1164,"height":558,"caption":"Distribuci\u00f3n ARC"},"image":{"@id":"https:\/\/www.distribucionarc.com\/de\/#\/schema\/logo\/image\/"},"description":"Selskap som har spesialisert seg p\u00e5 produksjon og distribusjon av industrimaskiner til n\u00e6ringsmiddel- og farmasisektoren. Vi er spesialister p\u00e5: Kj\u00f8ttskj\u00e6remaskiner Tablettilvirkning Industrielle transportsystemer Tappelinjer Dispensere Og mye mer... Vi tilbyr innovative og skreddersydde l\u00f8sninger for \u00e5 optimalisere bedriftens produksjonsprosesser.","email":"Admistracion@distribucionarc.com","telephone":"+34 643496664","legalName":"ARC TECH SOLUTIONS","foundingDate":"2024-04-09","vatID":"B55480172","numberOfEmployees":{"@type":"QuantitativeValue","minValue":"1","maxValue":"10"}}]}},"_links":{"self":[{"href":"https:\/\/distribucionarc.com\/nb\/wp-json\/wp\/v2\/product\/952","targetHints":{"allow":["GET"]}}],"collection":[{"href":"https:\/\/distribucionarc.com\/nb\/wp-json\/wp\/v2\/product"}],"about":[{"href":"https:\/\/distribucionarc.com\/nb\/wp-json\/wp\/v2\/types\/product"}],"replies":[{"embeddable":true,"href":"https:\/\/distribucionarc.com\/nb\/wp-json\/wp\/v2\/comments?post=952"}],"version-history":[{"count":0,"href":"https:\/\/distribucionarc.com\/nb\/wp-json\/wp\/v2\/product\/952\/revisions"}],"wp:featuredmedia":[{"embeddable":true,"href":"https:\/\/distribucionarc.com\/nb\/wp-json\/wp\/v2\/media\/963"}],"wp:attachment":[{"href":"https:\/\/distribucionarc.com\/nb\/wp-json\/wp\/v2\/media?parent=952"}],"wp:term":[{"taxonomy":"product_brand","embeddable":true,"href":"https:\/\/distribucionarc.com\/nb\/wp-json\/wp\/v2\/product_brand?post=952"},{"taxonomy":"product_cat","embeddable":true,"href":"https:\/\/distribucionarc.com\/nb\/wp-json\/wp\/v2\/product_cat?post=952"},{"taxonomy":"product_tag","embeddable":true,"href":"https:\/\/distribucionarc.com\/nb\/wp-json\/wp\/v2\/product_tag?post=952"}],"curies":[{"name":"wp","href":"https:\/\/api.w.org\/{rel}","templated":true}]}}