{"id":5025,"date":"2022-11-21T16:57:14","date_gmt":"2022-11-21T16:57:14","guid":{"rendered":"https:\/\/distribucionarc.com\/?page_id=5025"},"modified":"2025-04-24T06:01:57","modified_gmt":"2025-04-24T04:01:57","slug":"een-fabriek-en-industrie-vanaf-nul-creeren","status":"publish","type":"page","link":"https:\/\/distribucionarc.com\/nl\/crear-una-fabrica-e-industria-desde-cero\/","title":{"rendered":"Cre\u00eber een fabriek en industrie vanaf het begin"},"content":{"rendered":"<div data-elementor-type=\"wp-page\" data-elementor-id=\"5025\" class=\"elementor elementor-5025\" data-elementor-post-type=\"page\">\n\t\t\t\t<div class=\"elementor-element elementor-element-fceeb90 wd-section-stretch e-flex e-con-boxed wpr-particle-no wpr-jarallax-no wpr-parallax-no wpr-sticky-section-no e-con e-parent\" data-id=\"fceeb90\" data-element_type=\"container\" data-e-type=\"container\" data-settings=\"{&quot;background_background&quot;:&quot;classic&quot;}\">\n\t\t\t\t\t<div class=\"e-con-inner\">\n\t\t<div class=\"elementor-element elementor-element-9b8ec44 e-con-full e-flex wpr-particle-no wpr-jarallax-no wpr-parallax-no wpr-sticky-section-no e-con e-child\" data-id=\"9b8ec44\" data-element_type=\"container\" data-e-type=\"container\">\n\t\t\t\t<div class=\"elementor-element elementor-element-343db2a elementor-widget elementor-widget-heading\" data-id=\"343db2a\" data-element_type=\"widget\" data-e-type=\"widget\" data-widget_type=\"heading.default\">\n\t\t\t\t\t<h2 class=\"elementor-heading-title elementor-size-default\">Cre\u00eber een fabriek en industrie vanaf het begin<\/h2>\t\t\t\t<\/div>\n\t\t\t\t<\/div>\n\t\t\t\t\t<\/div>\n\t\t\t\t<\/div>\n\t\t\t\t<section class=\"wd-negative-gap elementor-section elementor-top-section elementor-element elementor-element-b1de429 elementor-section-boxed elementor-section-height-default elementor-section-height-default wpr-particle-no wpr-jarallax-no wpr-parallax-no wpr-sticky-section-no\" data-id=\"b1de429\" data-element_type=\"section\" data-e-type=\"section\">\n\t\t\t\t\t\t<div class=\"elementor-container elementor-column-gap-default\">\n\t\t\t\t\t<div class=\"elementor-column elementor-col-100 elementor-top-column elementor-element elementor-element-5ace1ec\" data-id=\"5ace1ec\" data-element_type=\"column\" data-e-type=\"column\">\n\t\t\t<div class=\"elementor-widget-wrap elementor-element-populated\">\n\t\t\t\t\t\t<div class=\"elementor-element elementor-element-cf9fbaa elementor-widget elementor-widget-heading\" data-id=\"cf9fbaa\" data-element_type=\"widget\" data-e-type=\"widget\" data-widget_type=\"heading.default\">\n\t\t\t\t\t<h2 class=\"elementor-heading-title elementor-size-default\">Cre\u00eber een fabriek en industrie vanaf het begin <\/h2>\t\t\t\t<\/div>\n\t\t\t\t<div class=\"elementor-element elementor-element-53c70b7 color-scheme-inherit text-left elementor-widget elementor-widget-text-editor\" data-id=\"53c70b7\" data-element_type=\"widget\" data-e-type=\"widget\" data-widget_type=\"text-editor.default\">\n\t\t\t\t\t\t\t\t\t<p>Er zijn veel factoren waarmee u rekening moet houden wanneer <b>een fabriek helemaal opnieuw beginnen<\/b>.&nbsp;<\/p>\n<p>De eerste stap is het bepalen van het type industrie en het product of de producten dat de fabriek gaat produceren.&nbsp;<\/p>\n<p>Vervolgens moet de fabriekslocatie worden gekozen.&nbsp;<\/p>\n<p>De fabriek moet dicht bij de grondstoffen liggen die nodig zijn voor de productie, maar ook dicht bij potenti\u00eble markten voor de eindproducten.&nbsp;<\/p>\n<p>Zodra de locatie is gekozen, <b>de fabriek moet ontworpen en gebouwd worden<\/b>.&nbsp;<\/p>\n<p>De indeling van de fabriek en het type <b>De benodigde machines zullen afhangen van de te produceren producten<\/b>. Ten slotte moet de fabriek over werknemers beschikken die over de nodige vaardigheden beschikken om de machines te bedienen en de producten te produceren.<\/p>\t\t\t\t\t\t\t\t<\/div>\n\t\t\t\t<div class=\"elementor-element elementor-element-f239900 color-scheme-inherit text-left elementor-widget elementor-widget-text-editor\" data-id=\"f239900\" data-element_type=\"widget\" data-e-type=\"widget\" data-widget_type=\"text-editor.default\">\n\t\t\t\t\t\t\t\t\t<h2>Soorten fabrieken<\/h2><p>Er zijn verschillende soorten fabrieken, afhankelijk van de producten die ze verwerken en hun eindproducten. Ze zijn onderverdeeld in twee grote klassen: zware fabrieken en lichte fabrieken.<\/p><h3>zware fabriek<\/h3><p>De zware fabriek is een fabriek die zich toelegt op de behandeling van grondstoffen om deze om te zetten, meestal in halffabrikaten en zelden in eindproducten voor directe consumptie. Zware fabrieken worden gekenmerkt doordat ze groot zijn en een groot aantal machines huisvesten. Deze fabrieken worden ook wel genoemd <b>industri\u00eble installaties.<\/b> Enkele voorbeelden van zware fabrieken zijn:<\/p><ul><li><b>Scheikunde<\/b>: productie van chemicali\u00ebn zoals meststoffen, verf en synthetische componenten.<\/li><li><b>Metallurgisch<\/b>: Zij zijn gespecialiseerd in metaalbehandeling.<\/li><li><b>Staal<\/b>: Ze zijn toegewijd aan het omzetten van staal in ijzer.<\/li><li><b>cementfabriek<\/b>: transformeer rotsen in cement en kalk.<\/li><\/ul><h3>lichte fabriek<\/h3><p>De lichte fabriek is een fabriek die grondstoffen of tussenproducten verwerkt tot producten voor directe consumptie. Lichte fabrieken worden gekenmerkt door hun kleinere omvang en omvatten zowel machines als menselijke hulpbronnen. Enkele voorbeelden van dit soort fabrieken zijn:<\/p><ul><li><strong>Textiel<\/strong>: zij maken kleding.<\/li><li><b>Voedsel<\/b>: ze genereren voedsel.<\/li><li><strong>Farmaceutisch<\/strong>: zij produceren medicijnen.<\/li><\/ul><h3>Fabrieken per productiesysteem, industri\u00eble installaties<\/h3><p>Fabrieken worden ook geclassificeerd op basis van hun werking, onderverdeeld in de volgende soorten processen:<\/p><ul><li>Continu: er is geen pauze en er wordt 24 uur per dag geproduceerd, bijvoorbeeld in olieraffinaderijen.<\/li><li>Repetitief: De productielijn wordt batchgewijs beheerd, bijvoorbeeld in textiel- en autofabrieken.<\/li><li>Intermitterend: de producten die op verzoek van de klant worden geproduceerd na het plaatsen van een inkooporder, bijvoorbeeld turbinefabrieken, schepen of vliegtuigen.<\/li><\/ul>\t\t\t\t\t\t\t\t<\/div>\n\t\t\t\t\t<\/div>\n\t\t<\/div>\n\t\t\t\t\t<\/div>\n\t\t<\/section>\n\t\t\t\t<\/div>","protected":false},"excerpt":{"rendered":"<p>Een fabriek en een industrie vanaf nul opbouwen Een fabriek en een industrie vanaf nul opbouwen Er zijn veel factoren waarmee rekening moet worden gehouden bij het vanaf nul opbouwen van een fabriek en een industrie.<\/p>","protected":false},"author":1,"featured_media":0,"parent":0,"menu_order":0,"comment_status":"closed","ping_status":"closed","template":"elementor_header_footer","meta":{"footnotes":""},"class_list":["post-5025","page","type-page","status-publish","hentry"],"yoast_head":"<!-- This site is optimized with the Yoast SEO Premium plugin v24.9 (Yoast SEO v26.1) - https:\/\/yoast.com\/wordpress\/plugins\/seo\/ -->\n<title>Crear una fabrica e industria desde cero - distribuci\u00f3n ARC<\/title>\n<meta name=\"robots\" content=\"index, follow, max-snippet:-1, max-image-preview:large, max-video-preview:-1\" \/>\n<link rel=\"canonical\" href=\"https:\/\/www.distribucionarc.com\/pl\/crear-una-fabrica-e-industria-desde-cero\/\" \/>\n<meta property=\"og:locale\" content=\"nl_NL\" \/>\n<meta property=\"og:type\" content=\"article\" \/>\n<meta property=\"og:title\" content=\"Crear una fabrica e industria desde cero\" \/>\n<meta property=\"og:description\" content=\"Crear una fabrica e industria desde cero Crear una fabrica e industria desde cero Hay muchos factores a considerar al\" \/>\n<meta property=\"og:url\" content=\"https:\/\/www.distribucionarc.com\/pl\/crear-una-fabrica-e-industria-desde-cero\/\" \/>\n<meta property=\"og:site_name\" content=\"distribuci\u00f3n ARC\" \/>\n<meta property=\"article:modified_time\" content=\"2025-04-24T04:01:57+00:00\" \/>\n<meta property=\"og:image\" content=\"https:\/\/distribucionarc.com\/wp-content\/uploads\/2024\/12\/icono-arc.jpg\" \/>\n\t<meta property=\"og:image:width\" content=\"612\" \/>\n\t<meta property=\"og:image:height\" content=\"792\" \/>\n\t<meta property=\"og:image:type\" content=\"image\/jpeg\" \/>\n<meta name=\"twitter:card\" content=\"summary_large_image\" \/>\n<meta name=\"twitter:label1\" content=\"Geschatte leestijd\" \/>\n\t<meta name=\"twitter:data1\" content=\"2 minuten\" \/>\n<script type=\"application\/ld+json\" class=\"yoast-schema-graph\">{\"@context\":\"https:\/\/schema.org\",\"@graph\":[{\"@type\":\"WebPage\",\"@id\":\"https:\/\/www.distribucionarc.com\/pl\/crear-una-fabrica-e-industria-desde-cero\/\",\"url\":\"https:\/\/www.distribucionarc.com\/pl\/crear-una-fabrica-e-industria-desde-cero\/\",\"name\":\"Crear una fabrica e industria desde cero - distribuci\u00f3n ARC\",\"isPartOf\":{\"@id\":\"https:\/\/www.distribucionarc.com\/sl\/#website\"},\"datePublished\":\"2022-11-21T16:57:14+00:00\",\"dateModified\":\"2025-04-24T04:01:57+00:00\",\"breadcrumb\":{\"@id\":\"https:\/\/www.distribucionarc.com\/pl\/crear-una-fabrica-e-industria-desde-cero\/#breadcrumb\"},\"inLanguage\":\"nl-NL\",\"potentialAction\":[{\"@type\":\"ReadAction\",\"target\":[\"https:\/\/www.distribucionarc.com\/pl\/crear-una-fabrica-e-industria-desde-cero\/\"]}]},{\"@type\":\"BreadcrumbList\",\"@id\":\"https:\/\/www.distribucionarc.com\/pl\/crear-una-fabrica-e-industria-desde-cero\/#breadcrumb\",\"itemListElement\":[{\"@type\":\"ListItem\",\"position\":1,\"name\":\"Portada\",\"item\":\"https:\/\/www.distribucionarc.com\/\"},{\"@type\":\"ListItem\",\"position\":2,\"name\":\"Crear una fabrica e industria desde cero\"}]},{\"@type\":\"WebSite\",\"@id\":\"https:\/\/www.distribucionarc.com\/sl\/#website\",\"url\":\"https:\/\/www.distribucionarc.com\/sl\/\",\"name\":\"distribuci\u00f3n ARC\",\"description\":\"Empresa especializada en la fabricaci\u00f3n y distribuci\u00f3n de maquinaria industrial, selladoras de latas, Maquinas de hacer pastillas, Maquinas de cortar carne...\",\"publisher\":{\"@id\":\"https:\/\/www.distribucionarc.com\/sl\/#organization\"},\"potentialAction\":[{\"@type\":\"SearchAction\",\"target\":{\"@type\":\"EntryPoint\",\"urlTemplate\":\"https:\/\/www.distribucionarc.com\/sl\/?s={search_term_string}\"},\"query-input\":{\"@type\":\"PropertyValueSpecification\",\"valueRequired\":true,\"valueName\":\"search_term_string\"}}],\"inLanguage\":\"nl-NL\"},{\"@type\":\"Organization\",\"@id\":\"https:\/\/www.distribucionarc.com\/sl\/#organization\",\"name\":\"Distribuci\u00f3n ARC\",\"url\":\"https:\/\/www.distribucionarc.com\/sl\/\",\"logo\":{\"@type\":\"ImageObject\",\"inLanguage\":\"nl-NL\",\"@id\":\"https:\/\/www.distribucionarc.com\/sl\/#\/schema\/logo\/image\/\",\"url\":\"https:\/\/distribucionarc.com\/wp-content\/uploads\/2024\/10\/distribucion-ARC-COLOR-SIN-FONDO-e1732295305345.png\",\"contentUrl\":\"https:\/\/distribucionarc.com\/wp-content\/uploads\/2024\/10\/distribucion-ARC-COLOR-SIN-FONDO-e1732295305345.png\",\"width\":1164,\"height\":558,\"caption\":\"Distribuci\u00f3n ARC\"},\"image\":{\"@id\":\"https:\/\/www.distribucionarc.com\/sl\/#\/schema\/logo\/image\/\"},\"description\":\"Empresa especializada en la fabricaci\u00f3n y distribuci\u00f3n de maquinaria industrial para los sectores alimentario y farmac\u00e9utico. Nos especializamos en: M\u00e1quinas de cortar carne Fabricaci\u00f3n de comprimidos Sistemas de transporte industrial L\u00edneas de embotellado Dosificadores Y mucho m\u00e1s... Ofrecemos soluciones innovadoras y personalizadas para optimizar los procesos productivos de tu empresa.\",\"email\":\"Admistracion@distribucionarc.com\",\"telephone\":\"+34 643496664\",\"legalName\":\"ARC TECH SOLUTIONS\",\"foundingDate\":\"2024-04-09\",\"vatID\":\"B55480172\",\"numberOfEmployees\":{\"@type\":\"QuantitativeValue\",\"minValue\":\"1\",\"maxValue\":\"10\"}}]}<\/script>\n<!-- \/ Yoast SEO Premium plugin. -->","yoast_head_json":{"title":"Een fabriek en industrie vanaf nul cre\u00ebren - ARC-distributie","robots":{"index":"index","follow":"follow","max-snippet":"max-snippet:-1","max-image-preview":"max-image-preview:large","max-video-preview":"max-video-preview:-1"},"canonical":"https:\/\/www.distribucionarc.com\/pl\/crear-una-fabrica-e-industria-desde-cero\/","og_locale":"nl_NL","og_type":"article","og_title":"Crear una fabrica e industria desde cero","og_description":"Crear una fabrica e industria desde cero Crear una fabrica e industria desde cero Hay muchos factores a considerar al","og_url":"https:\/\/www.distribucionarc.com\/pl\/crear-una-fabrica-e-industria-desde-cero\/","og_site_name":"distribuci\u00f3n ARC","article_modified_time":"2025-04-24T04:01:57+00:00","og_image":[{"width":612,"height":792,"url":"https:\/\/distribucionarc.com\/wp-content\/uploads\/2024\/12\/icono-arc.jpg","type":"image\/jpeg"}],"twitter_card":"summary_large_image","twitter_misc":{"Geschatte leestijd":"2 minuten"},"schema":{"@context":"https:\/\/schema.org","@graph":[{"@type":"WebPage","@id":"https:\/\/www.distribucionarc.com\/pl\/crear-una-fabrica-e-industria-desde-cero\/","url":"https:\/\/www.distribucionarc.com\/pl\/crear-una-fabrica-e-industria-desde-cero\/","name":"Een fabriek en industrie vanaf nul cre\u00ebren - ARC-distributie","isPartOf":{"@id":"https:\/\/www.distribucionarc.com\/sl\/#website"},"datePublished":"2022-11-21T16:57:14+00:00","dateModified":"2025-04-24T04:01:57+00:00","breadcrumb":{"@id":"https:\/\/www.distribucionarc.com\/pl\/crear-una-fabrica-e-industria-desde-cero\/#breadcrumb"},"inLanguage":"nl-NL","potentialAction":[{"@type":"ReadAction","target":["https:\/\/www.distribucionarc.com\/pl\/crear-una-fabrica-e-industria-desde-cero\/"]}]},{"@type":"BreadcrumbList","@id":"https:\/\/www.distribucionarc.com\/pl\/crear-una-fabrica-e-industria-desde-cero\/#breadcrumb","itemListElement":[{"@type":"ListItem","position":1,"name":"Portada","item":"https:\/\/www.distribucionarc.com\/"},{"@type":"ListItem","position":2,"name":"Crear una fabrica e industria desde cero"}]},{"@type":"WebSite","@id":"https:\/\/www.distribucionarc.com\/sl\/#website","url":"https:\/\/www.distribucionarc.com\/sl\/","name":"ARC-distributie","description":"Onderneming gespecialiseerd in de productie en distributie van industri\u00eble machines, machines voor het sluiten van blikken, machines voor het maken van tabletten,...","publisher":{"@id":"https:\/\/www.distribucionarc.com\/sl\/#organization"},"potentialAction":[{"@type":"SearchAction","target":{"@type":"EntryPoint","urlTemplate":"https:\/\/www.distribucionarc.com\/sl\/?s={search_term_string}"},"query-input":{"@type":"PropertyValueSpecification","valueRequired":true,"valueName":"search_term_string"}}],"inLanguage":"nl-NL"},{"@type":"Organization","@id":"https:\/\/www.distribucionarc.com\/sl\/#organization","name":"ARC-distributie","url":"https:\/\/www.distribucionarc.com\/sl\/","logo":{"@type":"ImageObject","inLanguage":"nl-NL","@id":"https:\/\/www.distribucionarc.com\/sl\/#\/schema\/logo\/image\/","url":"https:\/\/distribucionarc.com\/wp-content\/uploads\/2024\/10\/distribucion-ARC-COLOR-SIN-FONDO-e1732295305345.png","contentUrl":"https:\/\/distribucionarc.com\/wp-content\/uploads\/2024\/10\/distribucion-ARC-COLOR-SIN-FONDO-e1732295305345.png","width":1164,"height":558,"caption":"Distribuci\u00f3n ARC"},"image":{"@id":"https:\/\/www.distribucionarc.com\/sl\/#\/schema\/logo\/image\/"},"description":"Bedrijf gespecialiseerd in de productie en distributie van industri\u00eble machines voor de voedingsmiddelen- en farmaceutische sector. Wij zijn gespecialiseerd in: Vleessnijmachines Tabletfabricage Industri\u00eble transportsystemen Bottellijnen Dispensers En nog veel meer... Wij bieden innovatieve oplossingen op maat om de productieprocessen in uw bedrijf te optimaliseren.","email":"Admistracion@distribucionarc.com","telephone":"+34 643496664","legalName":"ARC TECH SOLUTIONS","foundingDate":"2024-04-09","vatID":"B55480172","numberOfEmployees":{"@type":"QuantitativeValue","minValue":"1","maxValue":"10"}}]}},"_links":{"self":[{"href":"https:\/\/distribucionarc.com\/nl\/wp-json\/wp\/v2\/pages\/5025","targetHints":{"allow":["GET"]}}],"collection":[{"href":"https:\/\/distribucionarc.com\/nl\/wp-json\/wp\/v2\/pages"}],"about":[{"href":"https:\/\/distribucionarc.com\/nl\/wp-json\/wp\/v2\/types\/page"}],"author":[{"embeddable":true,"href":"https:\/\/distribucionarc.com\/nl\/wp-json\/wp\/v2\/users\/1"}],"replies":[{"embeddable":true,"href":"https:\/\/distribucionarc.com\/nl\/wp-json\/wp\/v2\/comments?post=5025"}],"version-history":[{"count":5,"href":"https:\/\/distribucionarc.com\/nl\/wp-json\/wp\/v2\/pages\/5025\/revisions"}],"predecessor-version":[{"id":16218,"href":"https:\/\/distribucionarc.com\/nl\/wp-json\/wp\/v2\/pages\/5025\/revisions\/16218"}],"wp:attachment":[{"href":"https:\/\/distribucionarc.com\/nl\/wp-json\/wp\/v2\/media?parent=5025"}],"curies":[{"name":"wp","href":"https:\/\/api.w.org\/{rel}","templated":true}]}}