{"id":68,"date":"2020-04-15T09:20:08","date_gmt":"2020-04-15T09:20:08","guid":{"rendered":"https:\/\/distribucionarc.com\/?page_id=68"},"modified":"2025-04-24T06:55:00","modified_gmt":"2025-04-24T04:55:00","slug":"cookiebeleid","status":"publish","type":"page","link":"https:\/\/distribucionarc.com\/nl\/inicio\/politica-de-cookies\/","title":{"rendered":"cookiebeleid"},"content":{"rendered":"<div data-elementor-type=\"wp-page\" data-elementor-id=\"68\" class=\"elementor elementor-68\" data-elementor-post-type=\"page\">\n\t\t\t\t<div class=\"elementor-element elementor-element-a152b90 wd-section-stretch e-flex e-con-boxed wpr-particle-no wpr-jarallax-no wpr-parallax-no wpr-sticky-section-no e-con e-parent\" data-id=\"a152b90\" data-element_type=\"container\" data-e-type=\"container\" data-settings=\"{&quot;background_background&quot;:&quot;classic&quot;}\">\n\t\t\t\t\t<div class=\"e-con-inner\">\n\t\t<div class=\"elementor-element elementor-element-09d3b2a e-con-full e-flex wpr-particle-no wpr-jarallax-no wpr-parallax-no wpr-sticky-section-no e-con e-child\" data-id=\"09d3b2a\" data-element_type=\"container\" data-e-type=\"container\">\n\t\t\t\t<div class=\"elementor-element elementor-element-c63fd6d elementor-widget elementor-widget-heading\" data-id=\"c63fd6d\" data-element_type=\"widget\" data-e-type=\"widget\" data-widget_type=\"heading.default\">\n\t\t\t\t\t<h2 class=\"elementor-heading-title elementor-size-default\">cookiebeleid<\/h2>\t\t\t\t<\/div>\n\t\t\t\t<\/div>\n\t\t\t\t\t<\/div>\n\t\t\t\t<\/div>\n\t\t<div class=\"wd-negative-gap elementor-element elementor-element-4cdd5007 e-flex e-con-boxed wpr-particle-no wpr-jarallax-no wpr-parallax-no wpr-sticky-section-no e-con e-parent\" data-id=\"4cdd5007\" data-element_type=\"container\" data-e-type=\"container\">\n\t\t\t\t\t<div class=\"e-con-inner\">\n\t\t\t\t<div class=\"elementor-element elementor-element-75fee04d color-scheme-inherit text-left elementor-widget elementor-widget-text-editor\" data-id=\"75fee04d\" data-element_type=\"widget\" data-e-type=\"widget\" data-widget_type=\"text-editor.default\">\n\t\t\t\t\t\t\t\t\t\n<p><strong>Als u de website van DISTRIBUCION ARC bezoekt en uw browser zo hebt ingesteld dat cookies worden geaccepteerd, begrijpen wij dat u gebruik wilt maken van de diensten en producten van DISTRIBUCION ARC en dat u toestemming geeft voor het gebruik van cookies of andere technologie\u00ebn om u de gewenste service te bieden.<\/strong><\/p>\n\n<p><strong>Wat is een cookie?<\/strong><\/p>\n\n<p>Een cookie is een alfanumeriek teken dat door een website wordt verzonden en via de internetbrowser van de gebruiker wordt opgeslagen, zodat de website informatie kan raadplegen. Cookies maken het bijvoorbeeld mogelijk om de inhoud van het winkelwagentje te onthouden, uw browser uw gebruikersnaam te laten onthouden of statistische analyses uit te voeren om de inhoud, diensten en producten van DISTRIBUCION ARC te verbeteren.<\/p>\n\n<p>Om correct in DISTRIBUCION ARC te kunnen navigeren en alle functies te kunnen gebruiken, moet u het accepteren van cookies inschakelen. Als u cookies uitschakelt, kan het zijn dat u onze website niet goed kunt gebruiken.<\/p>\n\n<p><strong>Welke cookies gebruiken wij op distributionarc.com?<\/strong><\/p>\n\n<ul class=\"wp-block-list\">\n<li>\u00a0TOESTEMMING \u2013 permanent \u2013 eigen<\/li>\n<li>\u00a0PHPSESSID \u2013 permanent \u2013 eigen<\/li>\n<li>\u00a0ga \u2013 permanent \u2013 derde partij\u00a0<\/li>\n<li>\u00a0gat \u2013 permanent \u2013 derde partij<\/li>\n<li>\u00a0gid \u2013 permanent \u2013 derde partij<\/li>\n<li>\u00a0valuta \u2013 permanent \u2013 eigen<\/li>\n<li>\u00a0standaard \u2013 permanent \u2013 eigen<\/li>\n<li>\u00a0taal \u2013 permanent \u2013 eigen<\/li>\n<\/ul>\n\n<p><strong>Hoe schakel ik cookies in mijn browser in?<\/strong><\/p>\n\n<p><strong>MICROSOFT INTERNET EXPLORER<\/strong><\/p>\n\n<p>\u2022 Open het menu \u201cExtra\u2019s\u201d en selecteer \u201cInternetopties\u201d.<br \/>\u2022 Klik op het tabblad \u2018Gegevensbescherming\u2019.<br \/>\u2022 Klik op de knop \u201cStandaard\u201d (of navigeer handmatig naar de optie \u201cMedium\u201d) in \u201cInstellingen\u201d.<br \/>\u2022 Klik op \u201cOK\u201d.<br \/><br \/><strong>MOZILLA-FIREFOX<\/strong><br \/><br \/>\u2022 Open het menu \u201cExtra\u2019s\u201d.<br \/>\u2022 Selecteer \u201cInstellingen\u201d.<br \/>\u2022 Selecteer het symbool \u201cGegevensbescherming\u201d.<br \/>\u2022 Vink het vakje \u201cCookies accepteren\u201d aan.<br \/>\u2022 Klik op \u201cOK\u201d om de wijzigingen op te slaan.<br \/><br \/><strong>Google Chrome-app<\/strong><br \/><br \/>\u2022 Klik op het menu \u201cExtra\u2019s\u201d.<br \/>\u2022 Selecteer \u201cInstellingen\u201d.<br \/>\u2022 Klik op \u201cGeavanceerde instellingen\u201d of het tabblad \u201cDetails\u201d (afhankelijk van de versie).<br \/>\u2022 Klik onder &#039;Privacy&#039; op &#039;Inhoudsinstellingen...&#039;<br \/>\u2022 Selecteer de optie \u201cLokale gegevensregistratie toestaan\u201d.<br \/><br \/><strong>SAFARI<\/strong><br \/><br \/>\u2022 Ga naar het Safari-keuzemenu.<br \/>\u2022 Selecteer \u201cInstellingen\u201d.<br \/>\u2022 Selecteer het tabblad \u201cGegevensbescherming\u201d.<br \/>\u2022 Selecteer onder \u201cCookies blokkeren\u201d de optie \u201cNooit\u201d.<br \/><br \/><strong>Hoe schakel ik cookies uit in mijn browser?<\/strong><br \/><br \/>In de Help-functie van de meeste browsers kunt u lezen hoe u kunt voorkomen dat uw browser cookies accepteert, hoe u kunt instellen dat uw browser u waarschuwt wanneer u een nieuwe cookie ontvangt en hoe u cookies helemaal kunt uitschakelen.<\/p>\n\t\t\t\t\t\t\t\t<\/div>\n\t\t\t\t\t<\/div>\n\t\t\t\t<\/div>\n\t\t\t\t<\/div>","protected":false},"excerpt":{"rendered":"<p>Cookiebeleid Wanneer u de DISTRIBUCION ARC-website bezoekt en u uw browser zo hebt ingesteld dat cookies worden geaccepteerd,<\/p>","protected":false},"author":1,"featured_media":0,"parent":45,"menu_order":0,"comment_status":"closed","ping_status":"closed","template":"elementor_header_footer","meta":{"footnotes":""},"class_list":["post-68","page","type-page","status-publish","hentry"],"yoast_head":"<!-- This site is optimized with the Yoast SEO Premium plugin v24.9 (Yoast SEO v26.1) - https:\/\/yoast.com\/wordpress\/plugins\/seo\/ -->\n<title>politica de cookies - distribuci\u00f3n ARC<\/title>\n<meta name=\"robots\" content=\"index, follow, max-snippet:-1, max-image-preview:large, max-video-preview:-1\" \/>\n<link rel=\"canonical\" href=\"https:\/\/distribucionarc.com\/nl\/begin\/cookiebeleid\/\" \/>\n<meta property=\"og:locale\" content=\"nl_NL\" \/>\n<meta property=\"og:type\" content=\"article\" \/>\n<meta property=\"og:title\" content=\"politica de cookies\" \/>\n<meta property=\"og:description\" content=\"politica de cookies Al entrar en la p\u00e1gina web de DISTRIBUCION ARC, si usted tiene ajustado su navegador para permitir\" \/>\n<meta property=\"og:url\" content=\"https:\/\/distribucionarc.com\/nl\/begin\/cookiebeleid\/\" \/>\n<meta property=\"og:site_name\" content=\"distribuci\u00f3n ARC\" \/>\n<meta property=\"article:modified_time\" content=\"2025-04-24T04:55:00+00:00\" \/>\n<meta property=\"og:image\" content=\"https:\/\/distribucionarc.com\/wp-content\/uploads\/2024\/12\/icono-arc.jpg\" \/>\n\t<meta property=\"og:image:width\" content=\"612\" \/>\n\t<meta property=\"og:image:height\" content=\"792\" \/>\n\t<meta property=\"og:image:type\" content=\"image\/jpeg\" \/>\n<meta name=\"twitter:card\" content=\"summary_large_image\" \/>\n<meta name=\"twitter:label1\" content=\"Geschatte leestijd\" \/>\n\t<meta name=\"twitter:data1\" content=\"2 minuten\" \/>\n<script type=\"application\/ld+json\" class=\"yoast-schema-graph\">{\"@context\":\"https:\/\/schema.org\",\"@graph\":[{\"@type\":\"WebPage\",\"@id\":\"https:\/\/distribucionarc.com\/inicio\/politica-de-cookies\/\",\"url\":\"https:\/\/distribucionarc.com\/inicio\/politica-de-cookies\/\",\"name\":\"politica de cookies - distribuci\u00f3n ARC\",\"isPartOf\":{\"@id\":\"https:\/\/distribucionarc.com\/ar\/#website\"},\"datePublished\":\"2020-04-15T09:20:08+00:00\",\"dateModified\":\"2025-04-24T04:55:00+00:00\",\"breadcrumb\":{\"@id\":\"https:\/\/distribucionarc.com\/inicio\/politica-de-cookies\/#breadcrumb\"},\"inLanguage\":\"nl-NL\",\"potentialAction\":[{\"@type\":\"ReadAction\",\"target\":[\"https:\/\/distribucionarc.com\/inicio\/politica-de-cookies\/\"]}]},{\"@type\":\"BreadcrumbList\",\"@id\":\"https:\/\/distribucionarc.com\/inicio\/politica-de-cookies\/#breadcrumb\",\"itemListElement\":[{\"@type\":\"ListItem\",\"position\":1,\"name\":\"Portada\",\"item\":\"https:\/\/www.distribucionarc.com\/pt\/\"},{\"@type\":\"ListItem\",\"position\":2,\"name\":\"inicio\",\"item\":\"https:\/\/www.distribucionarc.com\/en\/inicio\/\"},{\"@type\":\"ListItem\",\"position\":3,\"name\":\"politica de cookies\"}]},{\"@type\":\"WebSite\",\"@id\":\"https:\/\/distribucionarc.com\/ar\/#website\",\"url\":\"https:\/\/distribucionarc.com\/ar\/\",\"name\":\"distribuci\u00f3n ARC\",\"description\":\"Empresa especializada en la fabricaci\u00f3n y distribuci\u00f3n de maquinaria industrial, selladoras de latas, Maquinas de hacer pastillas, Maquinas de cortar carne...\",\"publisher\":{\"@id\":\"https:\/\/distribucionarc.com\/ar\/#organization\"},\"potentialAction\":[{\"@type\":\"SearchAction\",\"target\":{\"@type\":\"EntryPoint\",\"urlTemplate\":\"https:\/\/distribucionarc.com\/ar\/?s={search_term_string}\"},\"query-input\":{\"@type\":\"PropertyValueSpecification\",\"valueRequired\":true,\"valueName\":\"search_term_string\"}}],\"inLanguage\":\"nl-NL\"},{\"@type\":\"Organization\",\"@id\":\"https:\/\/distribucionarc.com\/ar\/#organization\",\"name\":\"Distribuci\u00f3n ARC\",\"url\":\"https:\/\/distribucionarc.com\/ar\/\",\"logo\":{\"@type\":\"ImageObject\",\"inLanguage\":\"nl-NL\",\"@id\":\"https:\/\/distribucionarc.com\/ar\/#\/schema\/logo\/image\/\",\"url\":\"https:\/\/distribucionarc.com\/wp-content\/uploads\/2024\/10\/distribucion-ARC-COLOR-SIN-FONDO-e1732295305345.png\",\"contentUrl\":\"https:\/\/distribucionarc.com\/wp-content\/uploads\/2024\/10\/distribucion-ARC-COLOR-SIN-FONDO-e1732295305345.png\",\"width\":1164,\"height\":558,\"caption\":\"Distribuci\u00f3n ARC\"},\"image\":{\"@id\":\"https:\/\/distribucionarc.com\/ar\/#\/schema\/logo\/image\/\"},\"description\":\"Empresa especializada en la fabricaci\u00f3n y distribuci\u00f3n de maquinaria industrial para los sectores alimentario y farmac\u00e9utico. Nos especializamos en: M\u00e1quinas de cortar carne Fabricaci\u00f3n de comprimidos Sistemas de transporte industrial L\u00edneas de embotellado Dosificadores Y mucho m\u00e1s... Ofrecemos soluciones innovadoras y personalizadas para optimizar los procesos productivos de tu empresa.\",\"email\":\"Admistracion@distribucionarc.com\",\"telephone\":\"+34 643496664\",\"legalName\":\"ARC TECH SOLUTIONS\",\"foundingDate\":\"2024-04-09\",\"vatID\":\"B55480172\",\"numberOfEmployees\":{\"@type\":\"QuantitativeValue\",\"minValue\":\"1\",\"maxValue\":\"10\"}}]}<\/script>\n<!-- \/ Yoast SEO Premium plugin. -->","yoast_head_json":{"title":"Cookiebeleid - ARC Distribution","robots":{"index":"index","follow":"follow","max-snippet":"max-snippet:-1","max-image-preview":"max-image-preview:large","max-video-preview":"max-video-preview:-1"},"canonical":"https:\/\/distribucionarc.com\/nl\/begin\/cookiebeleid\/","og_locale":"nl_NL","og_type":"article","og_title":"politica de cookies","og_description":"politica de cookies Al entrar en la p\u00e1gina web de DISTRIBUCION ARC, si usted tiene ajustado su navegador para permitir","og_url":"https:\/\/distribucionarc.com\/nl\/begin\/cookiebeleid\/","og_site_name":"distribuci\u00f3n ARC","article_modified_time":"2025-04-24T04:55:00+00:00","og_image":[{"width":612,"height":792,"url":"https:\/\/distribucionarc.com\/wp-content\/uploads\/2024\/12\/icono-arc.jpg","type":"image\/jpeg"}],"twitter_card":"summary_large_image","twitter_misc":{"Geschatte leestijd":"2 minuten"},"schema":{"@context":"https:\/\/schema.org","@graph":[{"@type":"WebPage","@id":"https:\/\/distribucionarc.com\/inicio\/politica-de-cookies\/","url":"https:\/\/distribucionarc.com\/inicio\/politica-de-cookies\/","name":"Cookiebeleid - ARC Distribution","isPartOf":{"@id":"https:\/\/distribucionarc.com\/ar\/#website"},"datePublished":"2020-04-15T09:20:08+00:00","dateModified":"2025-04-24T04:55:00+00:00","breadcrumb":{"@id":"https:\/\/distribucionarc.com\/inicio\/politica-de-cookies\/#breadcrumb"},"inLanguage":"nl-NL","potentialAction":[{"@type":"ReadAction","target":["https:\/\/distribucionarc.com\/inicio\/politica-de-cookies\/"]}]},{"@type":"BreadcrumbList","@id":"https:\/\/distribucionarc.com\/inicio\/politica-de-cookies\/#breadcrumb","itemListElement":[{"@type":"ListItem","position":1,"name":"Portada","item":"https:\/\/www.distribucionarc.com\/pt\/"},{"@type":"ListItem","position":2,"name":"inicio","item":"https:\/\/www.distribucionarc.com\/en\/inicio\/"},{"@type":"ListItem","position":3,"name":"politica de cookies"}]},{"@type":"WebSite","@id":"https:\/\/distribucionarc.com\/ar\/#website","url":"https:\/\/distribucionarc.com\/ar\/","name":"ARC-distributie","description":"Onderneming gespecialiseerd in de productie en distributie van industri\u00eble machines, machines voor het sluiten van blikken, machines voor het maken van tabletten,...","publisher":{"@id":"https:\/\/distribucionarc.com\/ar\/#organization"},"potentialAction":[{"@type":"SearchAction","target":{"@type":"EntryPoint","urlTemplate":"https:\/\/distribucionarc.com\/ar\/?s={search_term_string}"},"query-input":{"@type":"PropertyValueSpecification","valueRequired":true,"valueName":"search_term_string"}}],"inLanguage":"nl-NL"},{"@type":"Organization","@id":"https:\/\/distribucionarc.com\/ar\/#organization","name":"ARC-distributie","url":"https:\/\/distribucionarc.com\/ar\/","logo":{"@type":"ImageObject","inLanguage":"nl-NL","@id":"https:\/\/distribucionarc.com\/ar\/#\/schema\/logo\/image\/","url":"https:\/\/distribucionarc.com\/wp-content\/uploads\/2024\/10\/distribucion-ARC-COLOR-SIN-FONDO-e1732295305345.png","contentUrl":"https:\/\/distribucionarc.com\/wp-content\/uploads\/2024\/10\/distribucion-ARC-COLOR-SIN-FONDO-e1732295305345.png","width":1164,"height":558,"caption":"Distribuci\u00f3n ARC"},"image":{"@id":"https:\/\/distribucionarc.com\/ar\/#\/schema\/logo\/image\/"},"description":"Bedrijf gespecialiseerd in de productie en distributie van industri\u00eble machines voor de voedingsmiddelen- en farmaceutische sector. Wij zijn gespecialiseerd in: Vleessnijmachines Tabletfabricage Industri\u00eble transportsystemen Bottellijnen Dispensers En nog veel meer... Wij bieden innovatieve oplossingen op maat om de productieprocessen in uw bedrijf te optimaliseren.","email":"Admistracion@distribucionarc.com","telephone":"+34 643496664","legalName":"ARC TECH SOLUTIONS","foundingDate":"2024-04-09","vatID":"B55480172","numberOfEmployees":{"@type":"QuantitativeValue","minValue":"1","maxValue":"10"}}]}},"_links":{"self":[{"href":"https:\/\/distribucionarc.com\/nl\/wp-json\/wp\/v2\/pages\/68","targetHints":{"allow":["GET"]}}],"collection":[{"href":"https:\/\/distribucionarc.com\/nl\/wp-json\/wp\/v2\/pages"}],"about":[{"href":"https:\/\/distribucionarc.com\/nl\/wp-json\/wp\/v2\/types\/page"}],"author":[{"embeddable":true,"href":"https:\/\/distribucionarc.com\/nl\/wp-json\/wp\/v2\/users\/1"}],"replies":[{"embeddable":true,"href":"https:\/\/distribucionarc.com\/nl\/wp-json\/wp\/v2\/comments?post=68"}],"version-history":[{"count":4,"href":"https:\/\/distribucionarc.com\/nl\/wp-json\/wp\/v2\/pages\/68\/revisions"}],"predecessor-version":[{"id":16303,"href":"https:\/\/distribucionarc.com\/nl\/wp-json\/wp\/v2\/pages\/68\/revisions\/16303"}],"up":[{"embeddable":true,"href":"https:\/\/distribucionarc.com\/nl\/wp-json\/wp\/v2\/pages\/45"}],"wp:attachment":[{"href":"https:\/\/distribucionarc.com\/nl\/wp-json\/wp\/v2\/media?parent=68"}],"curies":[{"name":"wp","href":"https:\/\/api.w.org\/{rel}","templated":true}]}}