{"id":71,"date":"2020-04-15T09:30:06","date_gmt":"2020-04-15T09:30:06","guid":{"rendered":"https:\/\/distribucionarc.com\/?page_id=71"},"modified":"2025-04-25T07:08:47","modified_gmt":"2025-04-25T05:08:47","slug":"privacybeleid","status":"publish","type":"page","link":"https:\/\/distribucionarc.com\/nl\/politica-de-privacidad\/","title":{"rendered":"Privacybeleid"},"content":{"rendered":"<div data-elementor-type=\"wp-page\" data-elementor-id=\"71\" class=\"elementor elementor-71\" data-elementor-post-type=\"page\">\n\t\t\t\t<div class=\"elementor-element elementor-element-55ddc61 wd-section-stretch e-flex e-con-boxed wpr-particle-no wpr-jarallax-no wpr-parallax-no wpr-sticky-section-no e-con e-parent\" data-id=\"55ddc61\" data-element_type=\"container\" data-e-type=\"container\" data-settings=\"{&quot;background_background&quot;:&quot;classic&quot;}\">\n\t\t\t\t\t<div class=\"e-con-inner\">\n\t\t<div class=\"elementor-element elementor-element-5745e6e e-con-full e-flex wpr-particle-no wpr-jarallax-no wpr-parallax-no wpr-sticky-section-no e-con e-child\" data-id=\"5745e6e\" data-element_type=\"container\" data-e-type=\"container\">\n\t\t\t\t<div class=\"elementor-element elementor-element-05ceda0 elementor-widget elementor-widget-heading\" data-id=\"05ceda0\" data-element_type=\"widget\" data-e-type=\"widget\" data-widget_type=\"heading.default\">\n\t\t\t\t\t<h2 class=\"elementor-heading-title elementor-size-default\">Privacybeleid<\/h2>\t\t\t\t<\/div>\n\t\t\t\t<\/div>\n\t\t\t\t\t<\/div>\n\t\t\t\t<\/div>\n\t\t<div class=\"wd-negative-gap elementor-element elementor-element-428fd617 e-flex e-con-boxed wpr-particle-no wpr-jarallax-no wpr-parallax-no wpr-sticky-section-no e-con e-parent\" data-id=\"428fd617\" data-element_type=\"container\" data-e-type=\"container\">\n\t\t\t\t\t<div class=\"e-con-inner\">\n\t\t\t\t<div class=\"elementor-element elementor-element-8a7b043 color-scheme-inherit text-left elementor-widget elementor-widget-text-editor\" data-id=\"8a7b043\" data-element_type=\"widget\" data-e-type=\"widget\" data-widget_type=\"text-editor.default\">\n\t\t\t\t\t\t\t\t\t\n<h2 class=\"wp-block-heading\">Vorige aanbeveling<\/h2>\n\n<p>Wij heten u welkom op deze website en raden u aan ons privacybeleid te lezen. Dit beschrijft de manier waarop\u00a0 <strong>DISTRIBUCIONARC.COM<\/strong> \u00a0verzamelt en gebruikt informatie over haar klanten, gebruikers en abonnees van deze website.\u00a0<\/p>\n\n<p><strong>DISTRIBUCIONARC.COM<\/strong> met B55480172 en adres op C\/CASTELL N1 46970 ALAQUAS (VALENCIA), als verantwoordelijke voor de verwerking van uw gegevens, verwerkt uw gegevens via deze website waar de persoonlijke gegevens van gebruikers worden gerespecteerd en verzorgd. Als gebruiker moet u weten dat uw rechten gegarandeerd zijn.<\/p>\n\n<p>Het is noodzakelijk om te waarschuwen dat dit privacybeleid kan vari\u00ebren afhankelijk van wettelijke vereisten of zelfreguleringsvereisten. Gebruikers wordt daarom geadviseerd om het regelmatig te raadplegen. Het zal van toepassing zijn als gebruikers besluiten een van hun contactformulieren in te vullen waarin persoonlijke gegevens worden verzameld.<\/p>\n\n<p>Wettelijke voorschriften waaraan dit privacybeleid voldoet<\/p>\n\n<ul class=\"wp-block-list\">\n<li>Hij\u00a0<strong>AVG (Verordening (EU) 2016\/679 van het Europees Parlement en de Raad van 27 april 2016 betreffende de bescherming van natuurlijke personen)<\/strong>, de nieuwe verordening van de Europese Unie die de regulering van de verwerking van persoonsgegevens in de verschillende EU-landen verenigt.<\/li>\n\n<li>De\u00a0<strong>LOPD (organische wet 03\/2018 van 5 december betreffende gegevensbescherming en garantie van digitale rechten).<\/strong><\/li>\n\n<li>De\u00a0<strong>LSSI of LSSICE (Wet 34\/2002 van 11 juli betreffende de diensten van de informatiemaatschappij en de elektronische handel)<\/strong>, die economische transacties via elektronische middelen reguleert, zoals het geval is voor deze website.<\/li>\n<\/ul>\n\n<p>Behandelingsdoeleinden<\/p>\n\n<p>In het geval van vragen en suggesties die via de bestaande secties voor dit doel worden gedaan, zal de informatie uitsluitend worden gebruikt om op de gestelde vragen te reageren.<\/p>\n\n<p>Behalve in de velden waar uitdrukkelijk anders aangegeven, is het verstrekken van de informatie die vereist is in de gegevensaanvraagformulieren verplicht voor het correcte beheer van de verzoeken, vragen en suggesties die u doet. Het niet invullen van de als verplicht aangemerkte velden, of het verstrekken van onjuiste gegevens, maakt dit onmogelijk\u00a0<strong>BOOGVERDELING<\/strong>\u00a0kan deze correct beheren.<\/p>\n\n<p>Legitimatie voor behandeling<\/p>\n\n<p>Wanneer de Gebruiker contact met ons opneemt via onze website, verklaart hij op de hoogte te zijn geweest van de voorwaarden met betrekking tot de bescherming van persoonsgegevens en aanvaardt hij en stemt hij in met de verwerking ervan door ons.\u00a0 <strong>BOOGVERDELING<\/strong> \u00a0op de wijze en voor de aangegeven doeleinden.<\/p>\n\n<p>Behoud en overdracht van gegevens<\/p>\n\n<p>De verstrekte gegevens worden bewaard zolang de commerci\u00eble relatie in stand blijft of gedurende de jaren die nodig zijn om aan wettelijke verplichtingen te voldoen.<\/p>\n\n<p>De gegevens worden niet aan derden doorgegeven, behalve in gevallen waarin er een wettelijke verplichting bestaat.\u00a0 <strong>BOOGVERDELING<\/strong> \u00a0verkoopt, verhuurt of draagt geen persoonlijke gegevens over die de gebruiker kunnen identificeren, en zal dit in de toekomst ook niet doen aan derden zonder voorafgaande toestemming. In sommige gevallen kan er echter worden samengewerkt met andere professionals om trainingen te organiseren of diensten te verlenen. In deze gevallen is toestemming van gebruikers vereist, waarbij hen wordt ge\u00efnformeerd over de identiteit van de medewerker en het doel van de samenwerking. Het zal altijd worden uitgevoerd met de strengste veiligheidsnormen.<\/p>\n\n<p>Uitoefening van gegevensbeschermingsrechten<\/p>\n\n<p>De gebruiker kan zijn communicatie richten en de rechten van toegang, rectificatie, verwijdering en verzet uitoefenen, evenals beperking van de verwerking en portabiliteit van gegevens via de post op\u00a0<strong>CARRER CASTELL N1 46970 ALAQUAS (VALENCIA)<\/strong>, of naar de e-mail: rgpd@distribucionarc.com samen met een geldig identiteitsbewijs, zoals een fotokopie van de DNI of gelijkwaardig, met vermelding in het onderwerp \u201cGEGEVENSBESCHERMING\u201d.<\/p>\n\n<p>Diensten van derden die ik op deze website gebruik<\/p>\n\n<ul class=\"wp-block-list\">\n<li><strong>Hosting: strato<\/strong><\/li>\n\n<li><strong>Webplatform: wordpress<\/strong><\/li>\n\n<li><strong>Google Analytics<\/strong><\/li>\n<\/ul>\n\n<p>Gebruikers kunnen zich op elk moment afmelden voor de diensten van <strong>DISTRIBUCIONARC.COM<\/strong> dezelfde nieuwsbrief. In overeenstemming met de huidige regelgeving inzake de bescherming van persoonlijke gegevens, zowel door zich te abonneren op deze blog als door commentaar te geven op een van de pagina&#039;s en\/of bijdragen, stemt de gebruiker ermee in:<\/p>\n\n<h2 class=\"wp-block-heading\">Nauwkeurigheid en waarheidsgetrouwheid van gegevens<\/h2>\n\n<p>De gebruiker is als enige verantwoordelijk voor de waarheidsgetrouwheid en juistheid van de verzonden gegevens\u00a0 <strong>DISTRIBUCIONARC.COM<\/strong> \u00a0waarbij de Aanbieder wordt ontheven van elke verantwoordelijkheid ter zake. De gebruiker garandeert en is in ieder geval verantwoordelijk voor de juistheid, geldigheid en authenticiteit van de verstrekte persoonsgegevens, en verbindt zich ertoe deze naar behoren up-to-date te houden. De gebruiker gaat ermee akkoord om volledige en correcte informatie te verstrekken in het contact- of abonnementsformulier.<\/p>\n\n<h2 class=\"wp-block-heading\">Wijzigingen in dit privacybeleid<\/h2>\n\n<p><strong>BOOGVERDELING<\/strong>\u00a0behoudt zich het recht voor om dit beleid te wijzigen om het aan te passen aan wetgevende of jurisprudenti\u00eble ontwikkelingen en aan praktijken in de sector. In dergelijke gevallen zal de Aanbieder de op deze pagina ge\u00efntroduceerde wijzigingen aankondigen met een redelijke voorafgaande kennisgeving van de implementatie ervan.<\/p>\n\t\t\t\t\t\t\t\t<\/div>\n\t\t\t\t\t<\/div>\n\t\t\t\t<\/div>\n\t\t\t\t<\/div>","protected":false},"excerpt":{"rendered":"<p>Privacybeleid Voorafgaande aanbeveling Wij heten u van harte welkom op deze website en raden u aan ons privacybeleid te lezen.<\/p>","protected":false},"author":1,"featured_media":0,"parent":0,"menu_order":0,"comment_status":"closed","ping_status":"closed","template":"elementor_header_footer","meta":{"footnotes":""},"class_list":["post-71","page","type-page","status-publish","hentry"],"yoast_head":"<!-- This site is optimized with the Yoast SEO Premium plugin v24.9 (Yoast SEO v26.1) - https:\/\/yoast.com\/wordpress\/plugins\/seo\/ -->\n<title>politica de privacidad - distribuci\u00f3n ARC<\/title>\n<meta name=\"robots\" content=\"index, follow, max-snippet:-1, max-image-preview:large, max-video-preview:-1\" \/>\n<link rel=\"canonical\" href=\"https:\/\/www.distribucionarc.com\/sl\/politica-de-privacidad\/\" \/>\n<meta property=\"og:locale\" content=\"nl_NL\" \/>\n<meta property=\"og:type\" content=\"article\" \/>\n<meta property=\"og:title\" content=\"politica de privacidad\" \/>\n<meta property=\"og:description\" content=\"politica de privacidad Recomendaci\u00f3n previa Les damos la bienvenida a esta web y les recomendamos que lean nuestra pol\u00edtica de\" \/>\n<meta property=\"og:url\" content=\"https:\/\/www.distribucionarc.com\/sl\/politica-de-privacidad\/\" \/>\n<meta property=\"og:site_name\" content=\"distribuci\u00f3n ARC\" \/>\n<meta property=\"article:modified_time\" content=\"2025-04-25T05:08:47+00:00\" \/>\n<meta property=\"og:image\" content=\"https:\/\/distribucionarc.com\/wp-content\/uploads\/2024\/12\/icono-arc.jpg\" \/>\n\t<meta property=\"og:image:width\" content=\"612\" \/>\n\t<meta property=\"og:image:height\" content=\"792\" \/>\n\t<meta property=\"og:image:type\" content=\"image\/jpeg\" \/>\n<meta name=\"twitter:card\" content=\"summary_large_image\" \/>\n<meta name=\"twitter:label1\" content=\"Geschatte leestijd\" \/>\n\t<meta name=\"twitter:data1\" content=\"4 minuten\" \/>\n<script type=\"application\/ld+json\" class=\"yoast-schema-graph\">{\"@context\":\"https:\/\/schema.org\",\"@graph\":[{\"@type\":\"WebPage\",\"@id\":\"https:\/\/www.distribucionarc.com\/sl\/politica-de-privacidad\/\",\"url\":\"https:\/\/www.distribucionarc.com\/sl\/politica-de-privacidad\/\",\"name\":\"politica de privacidad - distribuci\u00f3n ARC\",\"isPartOf\":{\"@id\":\"https:\/\/distribucionarc.com\/de\/#website\"},\"datePublished\":\"2020-04-15T09:30:06+00:00\",\"dateModified\":\"2025-04-25T05:08:47+00:00\",\"breadcrumb\":{\"@id\":\"https:\/\/www.distribucionarc.com\/sl\/politica-de-privacidad\/#breadcrumb\"},\"inLanguage\":\"nl-NL\",\"potentialAction\":[{\"@type\":\"ReadAction\",\"target\":[\"https:\/\/www.distribucionarc.com\/sl\/politica-de-privacidad\/\"]}]},{\"@type\":\"BreadcrumbList\",\"@id\":\"https:\/\/www.distribucionarc.com\/sl\/politica-de-privacidad\/#breadcrumb\",\"itemListElement\":[{\"@type\":\"ListItem\",\"position\":1,\"name\":\"Portada\",\"item\":\"https:\/\/distribucionarc.com\/pl\/\"},{\"@type\":\"ListItem\",\"position\":2,\"name\":\"politica de privacidad\"}]},{\"@type\":\"WebSite\",\"@id\":\"https:\/\/distribucionarc.com\/de\/#website\",\"url\":\"https:\/\/distribucionarc.com\/de\/\",\"name\":\"distribuci\u00f3n ARC\",\"description\":\"Empresa especializada en la fabricaci\u00f3n y distribuci\u00f3n de maquinaria industrial, selladoras de latas, Maquinas de hacer pastillas, Maquinas de cortar carne...\",\"publisher\":{\"@id\":\"https:\/\/distribucionarc.com\/de\/#organization\"},\"potentialAction\":[{\"@type\":\"SearchAction\",\"target\":{\"@type\":\"EntryPoint\",\"urlTemplate\":\"https:\/\/distribucionarc.com\/de\/?s={search_term_string}\"},\"query-input\":{\"@type\":\"PropertyValueSpecification\",\"valueRequired\":true,\"valueName\":\"search_term_string\"}}],\"inLanguage\":\"nl-NL\"},{\"@type\":\"Organization\",\"@id\":\"https:\/\/distribucionarc.com\/de\/#organization\",\"name\":\"Distribuci\u00f3n ARC\",\"url\":\"https:\/\/distribucionarc.com\/de\/\",\"logo\":{\"@type\":\"ImageObject\",\"inLanguage\":\"nl-NL\",\"@id\":\"https:\/\/distribucionarc.com\/de\/#\/schema\/logo\/image\/\",\"url\":\"https:\/\/distribucionarc.com\/wp-content\/uploads\/2024\/10\/distribucion-ARC-COLOR-SIN-FONDO-e1732295305345.png\",\"contentUrl\":\"https:\/\/distribucionarc.com\/wp-content\/uploads\/2024\/10\/distribucion-ARC-COLOR-SIN-FONDO-e1732295305345.png\",\"width\":1164,\"height\":558,\"caption\":\"Distribuci\u00f3n ARC\"},\"image\":{\"@id\":\"https:\/\/distribucionarc.com\/de\/#\/schema\/logo\/image\/\"},\"description\":\"Empresa especializada en la fabricaci\u00f3n y distribuci\u00f3n de maquinaria industrial para los sectores alimentario y farmac\u00e9utico. Nos especializamos en: M\u00e1quinas de cortar carne Fabricaci\u00f3n de comprimidos Sistemas de transporte industrial L\u00edneas de embotellado Dosificadores Y mucho m\u00e1s... Ofrecemos soluciones innovadoras y personalizadas para optimizar los procesos productivos de tu empresa.\",\"email\":\"Admistracion@distribucionarc.com\",\"telephone\":\"+34 643496664\",\"legalName\":\"ARC TECH SOLUTIONS\",\"foundingDate\":\"2024-04-09\",\"vatID\":\"B55480172\",\"numberOfEmployees\":{\"@type\":\"QuantitativeValue\",\"minValue\":\"1\",\"maxValue\":\"10\"}}]}<\/script>\n<!-- \/ Yoast SEO Premium plugin. -->","yoast_head_json":{"title":"Privacybeleid - ARC Distribution","robots":{"index":"index","follow":"follow","max-snippet":"max-snippet:-1","max-image-preview":"max-image-preview:large","max-video-preview":"max-video-preview:-1"},"canonical":"https:\/\/www.distribucionarc.com\/sl\/politica-de-privacidad\/","og_locale":"nl_NL","og_type":"article","og_title":"politica de privacidad","og_description":"politica de privacidad Recomendaci\u00f3n previa Les damos la bienvenida a esta web y les recomendamos que lean nuestra pol\u00edtica de","og_url":"https:\/\/www.distribucionarc.com\/sl\/politica-de-privacidad\/","og_site_name":"distribuci\u00f3n ARC","article_modified_time":"2025-04-25T05:08:47+00:00","og_image":[{"width":612,"height":792,"url":"https:\/\/distribucionarc.com\/wp-content\/uploads\/2024\/12\/icono-arc.jpg","type":"image\/jpeg"}],"twitter_card":"summary_large_image","twitter_misc":{"Geschatte leestijd":"4 minuten"},"schema":{"@context":"https:\/\/schema.org","@graph":[{"@type":"WebPage","@id":"https:\/\/www.distribucionarc.com\/sl\/politica-de-privacidad\/","url":"https:\/\/www.distribucionarc.com\/sl\/politica-de-privacidad\/","name":"Privacybeleid - ARC Distribution","isPartOf":{"@id":"https:\/\/distribucionarc.com\/de\/#website"},"datePublished":"2020-04-15T09:30:06+00:00","dateModified":"2025-04-25T05:08:47+00:00","breadcrumb":{"@id":"https:\/\/www.distribucionarc.com\/sl\/politica-de-privacidad\/#breadcrumb"},"inLanguage":"nl-NL","potentialAction":[{"@type":"ReadAction","target":["https:\/\/www.distribucionarc.com\/sl\/politica-de-privacidad\/"]}]},{"@type":"BreadcrumbList","@id":"https:\/\/www.distribucionarc.com\/sl\/politica-de-privacidad\/#breadcrumb","itemListElement":[{"@type":"ListItem","position":1,"name":"Portada","item":"https:\/\/distribucionarc.com\/pl\/"},{"@type":"ListItem","position":2,"name":"politica de privacidad"}]},{"@type":"WebSite","@id":"https:\/\/distribucionarc.com\/de\/#website","url":"https:\/\/distribucionarc.com\/de\/","name":"ARC-distributie","description":"Onderneming gespecialiseerd in de productie en distributie van industri\u00eble machines, machines voor het sluiten van blikken, machines voor het maken van tabletten,...","publisher":{"@id":"https:\/\/distribucionarc.com\/de\/#organization"},"potentialAction":[{"@type":"SearchAction","target":{"@type":"EntryPoint","urlTemplate":"https:\/\/distribucionarc.com\/de\/?s={search_term_string}"},"query-input":{"@type":"PropertyValueSpecification","valueRequired":true,"valueName":"search_term_string"}}],"inLanguage":"nl-NL"},{"@type":"Organization","@id":"https:\/\/distribucionarc.com\/de\/#organization","name":"ARC-distributie","url":"https:\/\/distribucionarc.com\/de\/","logo":{"@type":"ImageObject","inLanguage":"nl-NL","@id":"https:\/\/distribucionarc.com\/de\/#\/schema\/logo\/image\/","url":"https:\/\/distribucionarc.com\/wp-content\/uploads\/2024\/10\/distribucion-ARC-COLOR-SIN-FONDO-e1732295305345.png","contentUrl":"https:\/\/distribucionarc.com\/wp-content\/uploads\/2024\/10\/distribucion-ARC-COLOR-SIN-FONDO-e1732295305345.png","width":1164,"height":558,"caption":"Distribuci\u00f3n ARC"},"image":{"@id":"https:\/\/distribucionarc.com\/de\/#\/schema\/logo\/image\/"},"description":"Bedrijf gespecialiseerd in de productie en distributie van industri\u00eble machines voor de voedingsmiddelen- en farmaceutische sector. Wij zijn gespecialiseerd in: Vleessnijmachines Tabletfabricage Industri\u00eble transportsystemen Bottellijnen Dispensers En nog veel meer... Wij bieden innovatieve oplossingen op maat om de productieprocessen in uw bedrijf te optimaliseren.","email":"Admistracion@distribucionarc.com","telephone":"+34 643496664","legalName":"ARC TECH SOLUTIONS","foundingDate":"2024-04-09","vatID":"B55480172","numberOfEmployees":{"@type":"QuantitativeValue","minValue":"1","maxValue":"10"}}]}},"_links":{"self":[{"href":"https:\/\/distribucionarc.com\/nl\/wp-json\/wp\/v2\/pages\/71","targetHints":{"allow":["GET"]}}],"collection":[{"href":"https:\/\/distribucionarc.com\/nl\/wp-json\/wp\/v2\/pages"}],"about":[{"href":"https:\/\/distribucionarc.com\/nl\/wp-json\/wp\/v2\/types\/page"}],"author":[{"embeddable":true,"href":"https:\/\/distribucionarc.com\/nl\/wp-json\/wp\/v2\/users\/1"}],"replies":[{"embeddable":true,"href":"https:\/\/distribucionarc.com\/nl\/wp-json\/wp\/v2\/comments?post=71"}],"version-history":[{"count":5,"href":"https:\/\/distribucionarc.com\/nl\/wp-json\/wp\/v2\/pages\/71\/revisions"}],"predecessor-version":[{"id":16724,"href":"https:\/\/distribucionarc.com\/nl\/wp-json\/wp\/v2\/pages\/71\/revisions\/16724"}],"wp:attachment":[{"href":"https:\/\/distribucionarc.com\/nl\/wp-json\/wp\/v2\/media?parent=71"}],"curies":[{"name":"wp","href":"https:\/\/api.w.org\/{rel}","templated":true}]}}