{"id":5025,"date":"2022-11-21T16:57:14","date_gmt":"2022-11-21T16:57:14","guid":{"rendered":"https:\/\/distribucionarc.com\/?page_id=5025"},"modified":"2025-04-24T06:01:57","modified_gmt":"2025-04-24T04:01:57","slug":"stworz-fabryke-i-przemysl-od-zera","status":"publish","type":"page","link":"https:\/\/distribucionarc.com\/pl\/crear-una-fabrica-e-industria-desde-cero\/","title":{"rendered":"Stw\u00f3rz od podstaw fabryk\u0119 i przemys\u0142"},"content":{"rendered":"<div data-elementor-type=\"wp-page\" data-elementor-id=\"5025\" class=\"elementor elementor-5025\" data-elementor-post-type=\"page\">\n\t\t\t\t<div class=\"elementor-element elementor-element-fceeb90 wd-section-stretch e-flex e-con-boxed wpr-particle-no wpr-jarallax-no wpr-parallax-no wpr-sticky-section-no e-con e-parent\" data-id=\"fceeb90\" data-element_type=\"container\" data-e-type=\"container\" data-settings=\"{&quot;background_background&quot;:&quot;classic&quot;}\">\n\t\t\t\t\t<div class=\"e-con-inner\">\n\t\t<div class=\"elementor-element elementor-element-9b8ec44 e-con-full e-flex wpr-particle-no wpr-jarallax-no wpr-parallax-no wpr-sticky-section-no e-con e-child\" data-id=\"9b8ec44\" data-element_type=\"container\" data-e-type=\"container\">\n\t\t\t\t<div class=\"elementor-element elementor-element-343db2a elementor-widget elementor-widget-heading\" data-id=\"343db2a\" data-element_type=\"widget\" data-e-type=\"widget\" data-widget_type=\"heading.default\">\n\t\t\t\t\t<h2 class=\"elementor-heading-title elementor-size-default\">Stw\u00f3rz od podstaw fabryk\u0119 i przemys\u0142<\/h2>\t\t\t\t<\/div>\n\t\t\t\t<\/div>\n\t\t\t\t\t<\/div>\n\t\t\t\t<\/div>\n\t\t\t\t<section class=\"wd-negative-gap elementor-section elementor-top-section elementor-element elementor-element-b1de429 elementor-section-boxed elementor-section-height-default elementor-section-height-default wpr-particle-no wpr-jarallax-no wpr-parallax-no wpr-sticky-section-no\" data-id=\"b1de429\" data-element_type=\"section\" data-e-type=\"section\">\n\t\t\t\t\t\t<div class=\"elementor-container elementor-column-gap-default\">\n\t\t\t\t\t<div class=\"elementor-column elementor-col-100 elementor-top-column elementor-element elementor-element-5ace1ec\" data-id=\"5ace1ec\" data-element_type=\"column\" data-e-type=\"column\">\n\t\t\t<div class=\"elementor-widget-wrap elementor-element-populated\">\n\t\t\t\t\t\t<div class=\"elementor-element elementor-element-cf9fbaa elementor-widget elementor-widget-heading\" data-id=\"cf9fbaa\" data-element_type=\"widget\" data-e-type=\"widget\" data-widget_type=\"heading.default\">\n\t\t\t\t\t<h2 class=\"elementor-heading-title elementor-size-default\">Stw\u00f3rz od podstaw fabryk\u0119 i przemys\u0142 <\/h2>\t\t\t\t<\/div>\n\t\t\t\t<div class=\"elementor-element elementor-element-53c70b7 color-scheme-inherit text-left elementor-widget elementor-widget-text-editor\" data-id=\"53c70b7\" data-element_type=\"widget\" data-e-type=\"widget\" data-widget_type=\"text-editor.default\">\n\t\t\t\t\t\t\t\t\t<p>Kiedy to zrobi\u0107, nale\u017cy wzi\u0105\u0107 pod uwag\u0119 wiele czynnik\u00f3w <b>rozpocz\u0105\u0107 fabryk\u0119 od zera<\/b>.&nbsp;<\/p>\n<p>Pierwszym krokiem jest okre\u015blenie rodzaju bran\u017cy oraz produktu lub produkt\u00f3w, kt\u00f3re fabryka b\u0119dzie wytwarza\u0107.&nbsp;<\/p>\n<p>Nast\u0119pnie nale\u017cy wybra\u0107 lokalizacj\u0119 fabryki.&nbsp;<\/p>\n<p>Fabryka musi by\u0107 zlokalizowana blisko surowc\u00f3w niezb\u0119dnych do produkcji, a tak\u017ce blisko potencjalnych rynk\u00f3w zbytu dla gotowych produkt\u00f3w.&nbsp;<\/p>\n<p>Po wybraniu lokalizacji, <b>fabryka musi zosta\u0107 zaprojektowana i zbudowana<\/b>.&nbsp;<\/p>\n<p>Uk\u0142ad fabryki i rodzaj <b>niezb\u0119dne maszyny b\u0119d\u0105 zale\u017ce\u0107 od wytwarzanych produkt\u00f3w<\/b>. Wreszcie fabryka musi zatrudnia\u0107 pracownik\u00f3w posiadaj\u0105cych umiej\u0119tno\u015bci niezb\u0119dne do obs\u0142ugi maszyn i wytwarzania produkt\u00f3w.<\/p>\t\t\t\t\t\t\t\t<\/div>\n\t\t\t\t<div class=\"elementor-element elementor-element-f239900 color-scheme-inherit text-left elementor-widget elementor-widget-text-editor\" data-id=\"f239900\" data-element_type=\"widget\" data-e-type=\"widget\" data-widget_type=\"text-editor.default\">\n\t\t\t\t\t\t\t\t\t<h2>Rodzaje fabryk<\/h2><p>Istniej\u0105 r\u00f3\u017cne typy fabryk w zale\u017cno\u015bci od przetwarzanych produkt\u00f3w i produkt\u00f3w ko\u0144cowych. Dziel\u0105 si\u0119 na dwie du\u017ce klasy: fabryk\u0119 ci\u0119\u017ck\u0105 i fabryk\u0119 lekk\u0105.<\/p><h3>ci\u0119\u017cka fabryka<\/h3><p>Fabryka ci\u0119\u017cka to taka, kt\u00f3ra zajmuje si\u0119 obr\u00f3bk\u0105 surowc\u00f3w w celu ich przekszta\u0142cenia, zazwyczaj w p\u00f3\u0142produkty, a rzadko w produkty ko\u0144cowe do bezpo\u015bredniego spo\u017cycia. Fabryki ci\u0119\u017ckie charakteryzuj\u0105 si\u0119 du\u017cymi rozmiarami i mieszcz\u0105 du\u017c\u0105 liczb\u0119 maszyn. Fabryki te s\u0105 r\u00f3wnie\u017c znane jako <b>zak\u0142ady przemys\u0142owe.<\/b> Oto kilka przyk\u0142ad\u00f3w fabryk ci\u0119\u017ckich:<\/p><ul><li><b>Chemia<\/b>: produkcja substancji chemicznych, takich jak nawozy, farby i sk\u0142adniki syntetyczne.<\/li><li><b>Metalurgiczny<\/b>: Specjalizuj\u0105 si\u0119 w obr\u00f3bce metali.<\/li><li><b>Stal<\/b>: Zajmuj\u0105 si\u0119 przetwarzaniem stali w \u017celazo.<\/li><li><b>cementownia<\/b>: przemieniaj ska\u0142y w cement i wapno.<\/li><\/ul><h3>fabryka \u015bwiat\u0142a<\/h3><p>Fabryka \u015bwiat\u0142a to taka, kt\u00f3ra przetwarza surowce lub materia\u0142y po\u015brednie na produkty przeznaczone do bezpo\u015bredniego spo\u017cycia. Fabryki lekkie charakteryzuj\u0105 si\u0119 mniejszymi rozmiarami i obejmuj\u0105 zar\u00f3wno maszyny, jak i zasoby ludzkie. Oto kilka przyk\u0142ad\u00f3w tego typu fabryk:<\/p><ul><li><strong>Tekstylia<\/strong>: robi\u0105 ubrania.<\/li><li><b>\u017bywno\u015b\u0107<\/b>: wytwarzaj\u0105 \u017cywno\u015b\u0107.<\/li><li><strong>Farmaceutyczny<\/strong>: produkuj\u0105 leki.<\/li><\/ul><h3>Fabryki wed\u0142ug system\u00f3w produkcyjnych, zak\u0142ady przemys\u0142owe<\/h3><p>Fabryki klasyfikuje si\u0119 tak\u017ce ze wzgl\u0119du na spos\u00f3b ich dzia\u0142ania, dziel\u0105c si\u0119 na nast\u0119puj\u0105ce rodzaje proces\u00f3w:<\/p><ul><li>Ci\u0105g\u0142y: nie ma przerwy i utrzymuje produkcj\u0119 przez ca\u0142\u0105 dob\u0119, np. w rafineriach ropy naftowej.<\/li><li>Powtarzalny: Linia produkcyjna zarz\u0105dzana jest partiami, np. w fabrykach tekstylnych i motoryzacyjnych.<\/li><li>Okresowo: produkty produkowane s\u0105 na zam\u00f3wienie klienta po wystawieniu zam\u00f3wienia, np. fabryki turbin, statki czy samoloty.<\/li><\/ul>\t\t\t\t\t\t\t\t<\/div>\n\t\t\t\t\t<\/div>\n\t\t<\/div>\n\t\t\t\t\t<\/div>\n\t\t<\/section>\n\t\t\t\t<\/div>","protected":false},"excerpt":{"rendered":"<p>Tworzenie fabryki i przemys\u0142u od podstaw Tworzenie fabryki i przemys\u0142u od podstaw Przy tworzeniu fabryki i przemys\u0142u od podstaw nale\u017cy wzi\u0105\u0107 pod uwag\u0119 wiele czynnik\u00f3w.<\/p>","protected":false},"author":1,"featured_media":0,"parent":0,"menu_order":0,"comment_status":"closed","ping_status":"closed","template":"elementor_header_footer","meta":{"footnotes":""},"class_list":["post-5025","page","type-page","status-publish","hentry"],"yoast_head":"<!-- This site is optimized with the Yoast SEO Premium plugin v24.9 (Yoast SEO v26.1) - https:\/\/yoast.com\/wordpress\/plugins\/seo\/ -->\n<title>Crear una fabrica e industria desde cero - distribuci\u00f3n ARC<\/title>\n<meta name=\"robots\" content=\"index, follow, max-snippet:-1, max-image-preview:large, max-video-preview:-1\" \/>\n<link rel=\"canonical\" href=\"https:\/\/www.distribucionarc.com\/pl\/crear-una-fabrica-e-industria-desde-cero\/\" \/>\n<meta property=\"og:locale\" content=\"pl_PL\" \/>\n<meta property=\"og:type\" content=\"article\" \/>\n<meta property=\"og:title\" content=\"Crear una fabrica e industria desde cero\" \/>\n<meta property=\"og:description\" content=\"Crear una fabrica e industria desde cero Crear una fabrica e industria desde cero Hay muchos factores a considerar al\" \/>\n<meta property=\"og:url\" content=\"https:\/\/www.distribucionarc.com\/pl\/crear-una-fabrica-e-industria-desde-cero\/\" \/>\n<meta property=\"og:site_name\" content=\"distribuci\u00f3n ARC\" \/>\n<meta property=\"article:modified_time\" content=\"2025-04-24T04:01:57+00:00\" \/>\n<meta property=\"og:image\" content=\"https:\/\/distribucionarc.com\/wp-content\/uploads\/2024\/12\/icono-arc.jpg\" \/>\n\t<meta property=\"og:image:width\" content=\"612\" \/>\n\t<meta property=\"og:image:height\" content=\"792\" \/>\n\t<meta property=\"og:image:type\" content=\"image\/jpeg\" \/>\n<meta name=\"twitter:card\" content=\"summary_large_image\" \/>\n<meta name=\"twitter:label1\" content=\"Szacowany czas czytania\" \/>\n\t<meta name=\"twitter:data1\" content=\"2 minuty\" \/>\n<script type=\"application\/ld+json\" class=\"yoast-schema-graph\">{\"@context\":\"https:\/\/schema.org\",\"@graph\":[{\"@type\":\"WebPage\",\"@id\":\"https:\/\/www.distribucionarc.com\/pl\/crear-una-fabrica-e-industria-desde-cero\/\",\"url\":\"https:\/\/www.distribucionarc.com\/pl\/crear-una-fabrica-e-industria-desde-cero\/\",\"name\":\"Crear una fabrica e industria desde cero - distribuci\u00f3n ARC\",\"isPartOf\":{\"@id\":\"https:\/\/www.distribucionarc.com\/sl\/#website\"},\"datePublished\":\"2022-11-21T16:57:14+00:00\",\"dateModified\":\"2025-04-24T04:01:57+00:00\",\"breadcrumb\":{\"@id\":\"https:\/\/www.distribucionarc.com\/pl\/crear-una-fabrica-e-industria-desde-cero\/#breadcrumb\"},\"inLanguage\":\"pl-PL\",\"potentialAction\":[{\"@type\":\"ReadAction\",\"target\":[\"https:\/\/www.distribucionarc.com\/pl\/crear-una-fabrica-e-industria-desde-cero\/\"]}]},{\"@type\":\"BreadcrumbList\",\"@id\":\"https:\/\/www.distribucionarc.com\/pl\/crear-una-fabrica-e-industria-desde-cero\/#breadcrumb\",\"itemListElement\":[{\"@type\":\"ListItem\",\"position\":1,\"name\":\"Portada\",\"item\":\"https:\/\/www.distribucionarc.com\/\"},{\"@type\":\"ListItem\",\"position\":2,\"name\":\"Crear una fabrica e industria desde cero\"}]},{\"@type\":\"WebSite\",\"@id\":\"https:\/\/www.distribucionarc.com\/sl\/#website\",\"url\":\"https:\/\/www.distribucionarc.com\/sl\/\",\"name\":\"distribuci\u00f3n ARC\",\"description\":\"Empresa especializada en la fabricaci\u00f3n y distribuci\u00f3n de maquinaria industrial, selladoras de latas, Maquinas de hacer pastillas, Maquinas de cortar carne...\",\"publisher\":{\"@id\":\"https:\/\/www.distribucionarc.com\/sl\/#organization\"},\"potentialAction\":[{\"@type\":\"SearchAction\",\"target\":{\"@type\":\"EntryPoint\",\"urlTemplate\":\"https:\/\/www.distribucionarc.com\/sl\/?s={search_term_string}\"},\"query-input\":{\"@type\":\"PropertyValueSpecification\",\"valueRequired\":true,\"valueName\":\"search_term_string\"}}],\"inLanguage\":\"pl-PL\"},{\"@type\":\"Organization\",\"@id\":\"https:\/\/www.distribucionarc.com\/sl\/#organization\",\"name\":\"Distribuci\u00f3n ARC\",\"url\":\"https:\/\/www.distribucionarc.com\/sl\/\",\"logo\":{\"@type\":\"ImageObject\",\"inLanguage\":\"pl-PL\",\"@id\":\"https:\/\/www.distribucionarc.com\/sl\/#\/schema\/logo\/image\/\",\"url\":\"https:\/\/distribucionarc.com\/wp-content\/uploads\/2024\/10\/distribucion-ARC-COLOR-SIN-FONDO-e1732295305345.png\",\"contentUrl\":\"https:\/\/distribucionarc.com\/wp-content\/uploads\/2024\/10\/distribucion-ARC-COLOR-SIN-FONDO-e1732295305345.png\",\"width\":1164,\"height\":558,\"caption\":\"Distribuci\u00f3n ARC\"},\"image\":{\"@id\":\"https:\/\/www.distribucionarc.com\/sl\/#\/schema\/logo\/image\/\"},\"description\":\"Empresa especializada en la fabricaci\u00f3n y distribuci\u00f3n de maquinaria industrial para los sectores alimentario y farmac\u00e9utico. Nos especializamos en: M\u00e1quinas de cortar carne Fabricaci\u00f3n de comprimidos Sistemas de transporte industrial L\u00edneas de embotellado Dosificadores Y mucho m\u00e1s... Ofrecemos soluciones innovadoras y personalizadas para optimizar los procesos productivos de tu empresa.\",\"email\":\"Admistracion@distribucionarc.com\",\"telephone\":\"+34 643496664\",\"legalName\":\"ARC TECH SOLUTIONS\",\"foundingDate\":\"2024-04-09\",\"vatID\":\"B55480172\",\"numberOfEmployees\":{\"@type\":\"QuantitativeValue\",\"minValue\":\"1\",\"maxValue\":\"10\"}}]}<\/script>\n<!-- \/ Yoast SEO Premium plugin. -->","yoast_head_json":{"title":"Stw\u00f3rz od podstaw fabryk\u0119 i przemys\u0142 - dystrybucja ARC","robots":{"index":"index","follow":"follow","max-snippet":"max-snippet:-1","max-image-preview":"max-image-preview:large","max-video-preview":"max-video-preview:-1"},"canonical":"https:\/\/www.distribucionarc.com\/pl\/crear-una-fabrica-e-industria-desde-cero\/","og_locale":"pl_PL","og_type":"article","og_title":"Crear una fabrica e industria desde cero","og_description":"Crear una fabrica e industria desde cero Crear una fabrica e industria desde cero Hay muchos factores a considerar al","og_url":"https:\/\/www.distribucionarc.com\/pl\/crear-una-fabrica-e-industria-desde-cero\/","og_site_name":"distribuci\u00f3n ARC","article_modified_time":"2025-04-24T04:01:57+00:00","og_image":[{"width":612,"height":792,"url":"https:\/\/distribucionarc.com\/wp-content\/uploads\/2024\/12\/icono-arc.jpg","type":"image\/jpeg"}],"twitter_card":"summary_large_image","twitter_misc":{"Szacowany czas czytania":"2 minuty"},"schema":{"@context":"https:\/\/schema.org","@graph":[{"@type":"WebPage","@id":"https:\/\/www.distribucionarc.com\/pl\/crear-una-fabrica-e-industria-desde-cero\/","url":"https:\/\/www.distribucionarc.com\/pl\/crear-una-fabrica-e-industria-desde-cero\/","name":"Stw\u00f3rz od podstaw fabryk\u0119 i przemys\u0142 - dystrybucja ARC","isPartOf":{"@id":"https:\/\/www.distribucionarc.com\/sl\/#website"},"datePublished":"2022-11-21T16:57:14+00:00","dateModified":"2025-04-24T04:01:57+00:00","breadcrumb":{"@id":"https:\/\/www.distribucionarc.com\/pl\/crear-una-fabrica-e-industria-desde-cero\/#breadcrumb"},"inLanguage":"pl-PL","potentialAction":[{"@type":"ReadAction","target":["https:\/\/www.distribucionarc.com\/pl\/crear-una-fabrica-e-industria-desde-cero\/"]}]},{"@type":"BreadcrumbList","@id":"https:\/\/www.distribucionarc.com\/pl\/crear-una-fabrica-e-industria-desde-cero\/#breadcrumb","itemListElement":[{"@type":"ListItem","position":1,"name":"Portada","item":"https:\/\/www.distribucionarc.com\/"},{"@type":"ListItem","position":2,"name":"Crear una fabrica e industria desde cero"}]},{"@type":"WebSite","@id":"https:\/\/www.distribucionarc.com\/sl\/#website","url":"https:\/\/www.distribucionarc.com\/sl\/","name":"Dystrybucja ARC","description":"Firma specjalizuj\u0105ca si\u0119 w produkcji i dystrybucji maszyn przemys\u0142owych, zgrzewarek do puszek, maszyn do produkcji tabletek, maszyn do ci\u0119cia mi\u0119sa...","publisher":{"@id":"https:\/\/www.distribucionarc.com\/sl\/#organization"},"potentialAction":[{"@type":"SearchAction","target":{"@type":"EntryPoint","urlTemplate":"https:\/\/www.distribucionarc.com\/sl\/?s={search_term_string}"},"query-input":{"@type":"PropertyValueSpecification","valueRequired":true,"valueName":"search_term_string"}}],"inLanguage":"pl-PL"},{"@type":"Organization","@id":"https:\/\/www.distribucionarc.com\/sl\/#organization","name":"Dystrybucja ARC","url":"https:\/\/www.distribucionarc.com\/sl\/","logo":{"@type":"ImageObject","inLanguage":"pl-PL","@id":"https:\/\/www.distribucionarc.com\/sl\/#\/schema\/logo\/image\/","url":"https:\/\/distribucionarc.com\/wp-content\/uploads\/2024\/10\/distribucion-ARC-COLOR-SIN-FONDO-e1732295305345.png","contentUrl":"https:\/\/distribucionarc.com\/wp-content\/uploads\/2024\/10\/distribucion-ARC-COLOR-SIN-FONDO-e1732295305345.png","width":1164,"height":558,"caption":"Distribuci\u00f3n ARC"},"image":{"@id":"https:\/\/www.distribucionarc.com\/sl\/#\/schema\/logo\/image\/"},"description":"Firma specjalizuj\u0105ca si\u0119 w produkcji i dystrybucji maszyn przemys\u0142owych dla sektora spo\u017cywczego i farmaceutycznego. Specjalizujemy si\u0119 w: Maszyny do krojenia mi\u0119sa Produkcja tabletek Przemys\u0142owe systemy transportowe Linie butelkuj\u0105ce Dozowniki I wiele wi\u0119cej.... Oferujemy innowacyjne i niestandardowe rozwi\u0105zania w celu optymalizacji proces\u00f3w produkcyjnych w Twojej firmie.","email":"Admistracion@distribucionarc.com","telephone":"+34 643496664","legalName":"ARC TECH SOLUTIONS","foundingDate":"2024-04-09","vatID":"B55480172","numberOfEmployees":{"@type":"QuantitativeValue","minValue":"1","maxValue":"10"}}]}},"_links":{"self":[{"href":"https:\/\/distribucionarc.com\/pl\/wp-json\/wp\/v2\/pages\/5025","targetHints":{"allow":["GET"]}}],"collection":[{"href":"https:\/\/distribucionarc.com\/pl\/wp-json\/wp\/v2\/pages"}],"about":[{"href":"https:\/\/distribucionarc.com\/pl\/wp-json\/wp\/v2\/types\/page"}],"author":[{"embeddable":true,"href":"https:\/\/distribucionarc.com\/pl\/wp-json\/wp\/v2\/users\/1"}],"replies":[{"embeddable":true,"href":"https:\/\/distribucionarc.com\/pl\/wp-json\/wp\/v2\/comments?post=5025"}],"version-history":[{"count":5,"href":"https:\/\/distribucionarc.com\/pl\/wp-json\/wp\/v2\/pages\/5025\/revisions"}],"predecessor-version":[{"id":16218,"href":"https:\/\/distribucionarc.com\/pl\/wp-json\/wp\/v2\/pages\/5025\/revisions\/16218"}],"wp:attachment":[{"href":"https:\/\/distribucionarc.com\/pl\/wp-json\/wp\/v2\/media?parent=5025"}],"curies":[{"name":"wp","href":"https:\/\/api.w.org\/{rel}","templated":true}]}}