{"id":68,"date":"2020-04-15T09:20:08","date_gmt":"2020-04-15T09:20:08","guid":{"rendered":"https:\/\/distribucionarc.com\/?page_id=68"},"modified":"2025-04-24T06:55:00","modified_gmt":"2025-04-24T04:55:00","slug":"polityka-plikow-cookie","status":"publish","type":"page","link":"https:\/\/distribucionarc.com\/pl\/inicio\/politica-de-cookies\/","title":{"rendered":"Polityka plik\u00f3w cookie"},"content":{"rendered":"<div data-elementor-type=\"wp-page\" data-elementor-id=\"68\" class=\"elementor elementor-68\" data-elementor-post-type=\"page\">\n\t\t\t\t<div class=\"elementor-element elementor-element-a152b90 wd-section-stretch e-flex e-con-boxed wpr-particle-no wpr-jarallax-no wpr-parallax-no wpr-sticky-section-no e-con e-parent\" data-id=\"a152b90\" data-element_type=\"container\" data-e-type=\"container\" data-settings=\"{&quot;background_background&quot;:&quot;classic&quot;}\">\n\t\t\t\t\t<div class=\"e-con-inner\">\n\t\t<div class=\"elementor-element elementor-element-09d3b2a e-con-full e-flex wpr-particle-no wpr-jarallax-no wpr-parallax-no wpr-sticky-section-no e-con e-child\" data-id=\"09d3b2a\" data-element_type=\"container\" data-e-type=\"container\">\n\t\t\t\t<div class=\"elementor-element elementor-element-c63fd6d elementor-widget elementor-widget-heading\" data-id=\"c63fd6d\" data-element_type=\"widget\" data-e-type=\"widget\" data-widget_type=\"heading.default\">\n\t\t\t\t\t<h2 class=\"elementor-heading-title elementor-size-default\">Polityka plik\u00f3w cookie<\/h2>\t\t\t\t<\/div>\n\t\t\t\t<\/div>\n\t\t\t\t\t<\/div>\n\t\t\t\t<\/div>\n\t\t<div class=\"wd-negative-gap elementor-element elementor-element-4cdd5007 e-flex e-con-boxed wpr-particle-no wpr-jarallax-no wpr-parallax-no wpr-sticky-section-no e-con e-parent\" data-id=\"4cdd5007\" data-element_type=\"container\" data-e-type=\"container\">\n\t\t\t\t\t<div class=\"e-con-inner\">\n\t\t\t\t<div class=\"elementor-element elementor-element-75fee04d color-scheme-inherit text-left elementor-widget elementor-widget-text-editor\" data-id=\"75fee04d\" data-element_type=\"widget\" data-e-type=\"widget\" data-widget_type=\"text-editor.default\">\n\t\t\t\t\t\t\t\t\t\n<p><strong>Wchodz\u0105c na stron\u0119 DISTRIBUCION ARC, je\u015bli dostosowa\u0142e\u015b swoj\u0105 przegl\u0105dark\u0119 tak, aby zezwala\u0142a na akceptacj\u0119 plik\u00f3w cookies, rozumiemy, \u017ce chcesz korzysta\u0107 z us\u0142ug i produkt\u00f3w DISTRIBUCION ARC i wyra\u017casz zgod\u0119 na u\u017cywanie plik\u00f3w cookies lub innych technologii w celu zapewnienia Ci \u017c\u0105dan\u0105 us\u0142ug\u0119.<\/strong><\/p>\n\n<p><strong>Co to jest plik cookie?<\/strong><\/p>\n\n<p>Plik cookie to znak alfanumeryczny wysy\u0142any przez witryn\u0119 internetow\u0105 i przechowywany w przegl\u0105darce u\u017cytkownika za po\u015brednictwem jego przegl\u0105darki internetowej, dzi\u0119ki czemu witryna internetowa mo\u017ce przegl\u0105da\u0107 informacje. Pliki cookie umo\u017cliwiaj\u0105 na przyk\u0142ad zapami\u0119tanie zawarto\u015bci koszyka, zapami\u0119tanie przez przegl\u0105dark\u0119 Twojej nazwy u\u017cytkownika lub przeprowadzenie analizy statystycznej w celu ulepszenia tre\u015bci, us\u0142ug i produkt\u00f3w DISTRIBUCION ARC.<\/p>\n\n<p>Aby poprawnie porusza\u0107 si\u0119 po DISTRIBUTION ARC i korzysta\u0107 ze wszystkich jego funkcji, musisz mie\u0107 aktywowan\u0105 akceptacj\u0119 plik\u00f3w cookies. Wy\u0142\u0105czenie plik\u00f3w cookies mo\u017ce spowodowa\u0107, \u017ce nie b\u0119d\u0105 Pa\u0144stwo mogli poprawnie korzysta\u0107 z naszej witryny.<\/p>\n\n<p><strong>Jakich plik\u00f3w cookie u\u017cywamy w distribucionarc.com<\/strong><\/p>\n\n<ul class=\"wp-block-list\">\n<li>\u00a0ZGODA \u2013 sta\u0142a \u2013 w\u0142asna<\/li>\n<li>\u00a0PHPSESSID \u2013 sta\u0142y \u2013 w\u0142asny<\/li>\n<li>\u00a0ga \u2013 sta\u0142y \u2013 osoba trzecia\u00a0<\/li>\n<li>\u00a0gat \u2013 sta\u0142y \u2013 strona trzecia<\/li>\n<li>\u00a0gid \u2013 sta\u0142y \u2013 strona trzecia<\/li>\n<li>\u00a0waluta \u2013 sta\u0142a \u2013 w\u0142asna<\/li>\n<li>\u00a0domy\u015blny \u2013 sta\u0142y \u2013 w\u0142asny<\/li>\n<li>\u00a0j\u0119zyk \u2013 sta\u0142y \u2013 w\u0142asny<\/li>\n<\/ul>\n\n<p><strong>Jak aktywowa\u0107 pliki cookies w mojej przegl\u0105darce?<\/strong><\/p>\n\n<p><strong>EKSPLORATOR INTERNETOWY MICROSOFT<\/strong><\/p>\n\n<p>\u2022 Otw\u00f3rz menu \u201eDodatki\u201d i wybierz \u201eOpcje internetowe\u201d.<br \/>\u2022 Kliknij zak\u0142adk\u0119 \u201eOchrona danych\u201d.<br \/>\u2022 Kliknij przycisk \u201eStandardowy\u201d (lub r\u0119cznie przejd\u017a do opcji \u201e\u015aredni\u201d) w \u201eUstawieniach\u201d.<br \/>\u2022 Kliknij \u00abOK\u00bb.<br \/><br \/><strong>MOZILLA FIREFOX<\/strong><br \/><br \/>\u2022 Otw\u00f3rz menu \u201eDodatki\u201d.<br \/>\u2022 Wybierz \u201eUstawienia\u201d.<br \/>\u2022 Wybierz symbol \u201eOchrona danych\u201d.<br \/>\u2022 Zaznacz pole wyboru \u201eAkceptuj pliki cookie\u201d.<br \/>\u2022 Kliknij \u201eOK\u201d, aby zapisa\u0107 zmiany.<br \/><br \/><strong>GOOGLE CHROM<\/strong><br \/><br \/>\u2022 Kliknij menu \u201eDodatki\u201d.<br \/>\u2022 Wybierz \u201eUstawienia\u201d.<br \/>\u2022 Kliknij zak\u0142adk\u0119 \u201eUstawienia zaawansowane\u201d lub \u201eSzczeg\u00f3\u0142y\u201d (w zale\u017cno\u015bci od wersji).<br \/>\u2022 W sekcji \u201ePrywatno\u015b\u0107\u201d kliknij \u201eUstawienia tre\u015bci\u2026\u201d.<br \/>\u2022 Wybierz opcj\u0119 \u201eZezwalaj na lokalne nagrywanie danych\u201d.<br \/><br \/><strong>SAFARI<\/strong><br \/><br \/>\u2022 Przejd\u017a do menu rozwijanego Safari.<br \/>\u2022 Wybierz \u201eUstawienia\u201d.<br \/>\u2022 Wybierz zak\u0142adk\u0119 \u201eOchrona danych\u201d.<br \/>\u2022 W sekcji \u201eBlokuj pliki cookie\u201d wybierz \u201eNigdy\u201d.<br \/><br \/><strong>Jak wy\u0142\u0105czy\u0107 pliki cookies w mojej przegl\u0105darce?<\/strong><br \/><br \/>Funkcja pomocy wi\u0119kszo\u015bci przegl\u0105darek informuje Ci\u0119, jak ustawi\u0107 przegl\u0105dark\u0119 tak, aby nie akceptowa\u0142a plik\u00f3w cookie, powiadamia\u0142a Ci\u0119 za ka\u017cdym razem, gdy otrzymasz nowy plik cookie, a tak\u017ce ca\u0142kowicie wy\u0142\u0105cza\u0142a wszystkie pliki cookie.<\/p>\n\t\t\t\t\t\t\t\t<\/div>\n\t\t\t\t\t<\/div>\n\t\t\t\t<\/div>\n\t\t\t\t<\/div>","protected":false},"excerpt":{"rendered":"<p>Polityka plik\u00f3w cookie Je\u015bli wejdziesz na stron\u0119 internetow\u0105 DISTRIBUCION ARC i ustawisz swoj\u0105 przegl\u0105dark\u0119 tak, aby zezwala\u0142a na pliki cookie,<\/p>","protected":false},"author":1,"featured_media":0,"parent":45,"menu_order":0,"comment_status":"closed","ping_status":"closed","template":"elementor_header_footer","meta":{"footnotes":""},"class_list":["post-68","page","type-page","status-publish","hentry"],"yoast_head":"<!-- This site is optimized with the Yoast SEO Premium plugin v24.9 (Yoast SEO v26.1) - https:\/\/yoast.com\/wordpress\/plugins\/seo\/ -->\n<title>politica de cookies - distribuci\u00f3n ARC<\/title>\n<meta name=\"robots\" content=\"index, follow, max-snippet:-1, max-image-preview:large, max-video-preview:-1\" \/>\n<link rel=\"canonical\" href=\"https:\/\/distribucionarc.com\/pl\/poczatek\/polityka-plikow-cookie\/\" \/>\n<meta property=\"og:locale\" content=\"pl_PL\" \/>\n<meta property=\"og:type\" content=\"article\" \/>\n<meta property=\"og:title\" content=\"politica de cookies\" \/>\n<meta property=\"og:description\" content=\"politica de cookies Al entrar en la p\u00e1gina web de DISTRIBUCION ARC, si usted tiene ajustado su navegador para permitir\" \/>\n<meta property=\"og:url\" content=\"https:\/\/distribucionarc.com\/pl\/poczatek\/polityka-plikow-cookie\/\" \/>\n<meta property=\"og:site_name\" content=\"distribuci\u00f3n ARC\" \/>\n<meta property=\"article:modified_time\" content=\"2025-04-24T04:55:00+00:00\" \/>\n<meta property=\"og:image\" content=\"https:\/\/distribucionarc.com\/wp-content\/uploads\/2024\/12\/icono-arc.jpg\" \/>\n\t<meta property=\"og:image:width\" content=\"612\" \/>\n\t<meta property=\"og:image:height\" content=\"792\" \/>\n\t<meta property=\"og:image:type\" content=\"image\/jpeg\" \/>\n<meta name=\"twitter:card\" content=\"summary_large_image\" \/>\n<meta name=\"twitter:label1\" content=\"Szacowany czas czytania\" \/>\n\t<meta name=\"twitter:data1\" content=\"2 minuty\" \/>\n<script type=\"application\/ld+json\" class=\"yoast-schema-graph\">{\"@context\":\"https:\/\/schema.org\",\"@graph\":[{\"@type\":\"WebPage\",\"@id\":\"https:\/\/distribucionarc.com\/nl\/inicio\/politica-de-cookies\/\",\"url\":\"https:\/\/distribucionarc.com\/nl\/inicio\/politica-de-cookies\/\",\"name\":\"politica de cookies - distribuci\u00f3n ARC\",\"isPartOf\":{\"@id\":\"https:\/\/www.distribucionarc.com\/sl\/#website\"},\"datePublished\":\"2020-04-15T09:20:08+00:00\",\"dateModified\":\"2025-04-24T04:55:00+00:00\",\"breadcrumb\":{\"@id\":\"https:\/\/distribucionarc.com\/nl\/inicio\/politica-de-cookies\/#breadcrumb\"},\"inLanguage\":\"pl-PL\",\"potentialAction\":[{\"@type\":\"ReadAction\",\"target\":[\"https:\/\/distribucionarc.com\/nl\/inicio\/politica-de-cookies\/\"]}]},{\"@type\":\"BreadcrumbList\",\"@id\":\"https:\/\/distribucionarc.com\/nl\/inicio\/politica-de-cookies\/#breadcrumb\",\"itemListElement\":[{\"@type\":\"ListItem\",\"position\":1,\"name\":\"Portada\",\"item\":\"https:\/\/www.distribucionarc.com\/\"},{\"@type\":\"ListItem\",\"position\":2,\"name\":\"inicio\",\"item\":\"https:\/\/www.distribucionarc.com\/inicio\/\"},{\"@type\":\"ListItem\",\"position\":3,\"name\":\"politica de cookies\"}]},{\"@type\":\"WebSite\",\"@id\":\"https:\/\/www.distribucionarc.com\/sl\/#website\",\"url\":\"https:\/\/www.distribucionarc.com\/sl\/\",\"name\":\"distribuci\u00f3n ARC\",\"description\":\"Empresa especializada en la fabricaci\u00f3n y distribuci\u00f3n de maquinaria industrial, selladoras de latas, Maquinas de hacer pastillas, Maquinas de cortar carne...\",\"publisher\":{\"@id\":\"https:\/\/www.distribucionarc.com\/sl\/#organization\"},\"potentialAction\":[{\"@type\":\"SearchAction\",\"target\":{\"@type\":\"EntryPoint\",\"urlTemplate\":\"https:\/\/www.distribucionarc.com\/sl\/?s={search_term_string}\"},\"query-input\":{\"@type\":\"PropertyValueSpecification\",\"valueRequired\":true,\"valueName\":\"search_term_string\"}}],\"inLanguage\":\"pl-PL\"},{\"@type\":\"Organization\",\"@id\":\"https:\/\/www.distribucionarc.com\/sl\/#organization\",\"name\":\"Distribuci\u00f3n ARC\",\"url\":\"https:\/\/www.distribucionarc.com\/sl\/\",\"logo\":{\"@type\":\"ImageObject\",\"inLanguage\":\"pl-PL\",\"@id\":\"https:\/\/www.distribucionarc.com\/sl\/#\/schema\/logo\/image\/\",\"url\":\"https:\/\/distribucionarc.com\/wp-content\/uploads\/2024\/10\/distribucion-ARC-COLOR-SIN-FONDO-e1732295305345.png\",\"contentUrl\":\"https:\/\/distribucionarc.com\/wp-content\/uploads\/2024\/10\/distribucion-ARC-COLOR-SIN-FONDO-e1732295305345.png\",\"width\":1164,\"height\":558,\"caption\":\"Distribuci\u00f3n ARC\"},\"image\":{\"@id\":\"https:\/\/www.distribucionarc.com\/sl\/#\/schema\/logo\/image\/\"},\"description\":\"Empresa especializada en la fabricaci\u00f3n y distribuci\u00f3n de maquinaria industrial para los sectores alimentario y farmac\u00e9utico. Nos especializamos en: M\u00e1quinas de cortar carne Fabricaci\u00f3n de comprimidos Sistemas de transporte industrial L\u00edneas de embotellado Dosificadores Y mucho m\u00e1s... Ofrecemos soluciones innovadoras y personalizadas para optimizar los procesos productivos de tu empresa.\",\"email\":\"Admistracion@distribucionarc.com\",\"telephone\":\"+34 643496664\",\"legalName\":\"ARC TECH SOLUTIONS\",\"foundingDate\":\"2024-04-09\",\"vatID\":\"B55480172\",\"numberOfEmployees\":{\"@type\":\"QuantitativeValue\",\"minValue\":\"1\",\"maxValue\":\"10\"}}]}<\/script>\n<!-- \/ Yoast SEO Premium plugin. -->","yoast_head_json":{"title":"polityka cookies - dystrybucja ARC","robots":{"index":"index","follow":"follow","max-snippet":"max-snippet:-1","max-image-preview":"max-image-preview:large","max-video-preview":"max-video-preview:-1"},"canonical":"https:\/\/distribucionarc.com\/pl\/poczatek\/polityka-plikow-cookie\/","og_locale":"pl_PL","og_type":"article","og_title":"politica de cookies","og_description":"politica de cookies Al entrar en la p\u00e1gina web de DISTRIBUCION ARC, si usted tiene ajustado su navegador para permitir","og_url":"https:\/\/distribucionarc.com\/pl\/poczatek\/polityka-plikow-cookie\/","og_site_name":"distribuci\u00f3n ARC","article_modified_time":"2025-04-24T04:55:00+00:00","og_image":[{"width":612,"height":792,"url":"https:\/\/distribucionarc.com\/wp-content\/uploads\/2024\/12\/icono-arc.jpg","type":"image\/jpeg"}],"twitter_card":"summary_large_image","twitter_misc":{"Szacowany czas czytania":"2 minuty"},"schema":{"@context":"https:\/\/schema.org","@graph":[{"@type":"WebPage","@id":"https:\/\/distribucionarc.com\/nl\/inicio\/politica-de-cookies\/","url":"https:\/\/distribucionarc.com\/nl\/inicio\/politica-de-cookies\/","name":"polityka cookies - dystrybucja ARC","isPartOf":{"@id":"https:\/\/www.distribucionarc.com\/sl\/#website"},"datePublished":"2020-04-15T09:20:08+00:00","dateModified":"2025-04-24T04:55:00+00:00","breadcrumb":{"@id":"https:\/\/distribucionarc.com\/nl\/inicio\/politica-de-cookies\/#breadcrumb"},"inLanguage":"pl-PL","potentialAction":[{"@type":"ReadAction","target":["https:\/\/distribucionarc.com\/nl\/inicio\/politica-de-cookies\/"]}]},{"@type":"BreadcrumbList","@id":"https:\/\/distribucionarc.com\/nl\/inicio\/politica-de-cookies\/#breadcrumb","itemListElement":[{"@type":"ListItem","position":1,"name":"Portada","item":"https:\/\/www.distribucionarc.com\/"},{"@type":"ListItem","position":2,"name":"inicio","item":"https:\/\/www.distribucionarc.com\/inicio\/"},{"@type":"ListItem","position":3,"name":"politica de cookies"}]},{"@type":"WebSite","@id":"https:\/\/www.distribucionarc.com\/sl\/#website","url":"https:\/\/www.distribucionarc.com\/sl\/","name":"Dystrybucja ARC","description":"Firma specjalizuj\u0105ca si\u0119 w produkcji i dystrybucji maszyn przemys\u0142owych, zgrzewarek do puszek, maszyn do produkcji tabletek, maszyn do ci\u0119cia mi\u0119sa...","publisher":{"@id":"https:\/\/www.distribucionarc.com\/sl\/#organization"},"potentialAction":[{"@type":"SearchAction","target":{"@type":"EntryPoint","urlTemplate":"https:\/\/www.distribucionarc.com\/sl\/?s={search_term_string}"},"query-input":{"@type":"PropertyValueSpecification","valueRequired":true,"valueName":"search_term_string"}}],"inLanguage":"pl-PL"},{"@type":"Organization","@id":"https:\/\/www.distribucionarc.com\/sl\/#organization","name":"Dystrybucja ARC","url":"https:\/\/www.distribucionarc.com\/sl\/","logo":{"@type":"ImageObject","inLanguage":"pl-PL","@id":"https:\/\/www.distribucionarc.com\/sl\/#\/schema\/logo\/image\/","url":"https:\/\/distribucionarc.com\/wp-content\/uploads\/2024\/10\/distribucion-ARC-COLOR-SIN-FONDO-e1732295305345.png","contentUrl":"https:\/\/distribucionarc.com\/wp-content\/uploads\/2024\/10\/distribucion-ARC-COLOR-SIN-FONDO-e1732295305345.png","width":1164,"height":558,"caption":"Distribuci\u00f3n ARC"},"image":{"@id":"https:\/\/www.distribucionarc.com\/sl\/#\/schema\/logo\/image\/"},"description":"Firma specjalizuj\u0105ca si\u0119 w produkcji i dystrybucji maszyn przemys\u0142owych dla sektora spo\u017cywczego i farmaceutycznego. Specjalizujemy si\u0119 w: Maszyny do krojenia mi\u0119sa Produkcja tabletek Przemys\u0142owe systemy transportowe Linie butelkuj\u0105ce Dozowniki I wiele wi\u0119cej.... Oferujemy innowacyjne i niestandardowe rozwi\u0105zania w celu optymalizacji proces\u00f3w produkcyjnych w Twojej firmie.","email":"Admistracion@distribucionarc.com","telephone":"+34 643496664","legalName":"ARC TECH SOLUTIONS","foundingDate":"2024-04-09","vatID":"B55480172","numberOfEmployees":{"@type":"QuantitativeValue","minValue":"1","maxValue":"10"}}]}},"_links":{"self":[{"href":"https:\/\/distribucionarc.com\/pl\/wp-json\/wp\/v2\/pages\/68","targetHints":{"allow":["GET"]}}],"collection":[{"href":"https:\/\/distribucionarc.com\/pl\/wp-json\/wp\/v2\/pages"}],"about":[{"href":"https:\/\/distribucionarc.com\/pl\/wp-json\/wp\/v2\/types\/page"}],"author":[{"embeddable":true,"href":"https:\/\/distribucionarc.com\/pl\/wp-json\/wp\/v2\/users\/1"}],"replies":[{"embeddable":true,"href":"https:\/\/distribucionarc.com\/pl\/wp-json\/wp\/v2\/comments?post=68"}],"version-history":[{"count":4,"href":"https:\/\/distribucionarc.com\/pl\/wp-json\/wp\/v2\/pages\/68\/revisions"}],"predecessor-version":[{"id":16303,"href":"https:\/\/distribucionarc.com\/pl\/wp-json\/wp\/v2\/pages\/68\/revisions\/16303"}],"up":[{"embeddable":true,"href":"https:\/\/distribucionarc.com\/pl\/wp-json\/wp\/v2\/pages\/45"}],"wp:attachment":[{"href":"https:\/\/distribucionarc.com\/pl\/wp-json\/wp\/v2\/media?parent=68"}],"curies":[{"name":"wp","href":"https:\/\/api.w.org\/{rel}","templated":true}]}}