{"id":71,"date":"2020-04-15T09:30:06","date_gmt":"2020-04-15T09:30:06","guid":{"rendered":"https:\/\/distribucionarc.com\/?page_id=71"},"modified":"2025-04-25T07:08:47","modified_gmt":"2025-04-25T05:08:47","slug":"polityka-prywatnosci","status":"publish","type":"page","link":"https:\/\/distribucionarc.com\/pl\/politica-de-privacidad\/","title":{"rendered":"Polityka prywatno\u015bci"},"content":{"rendered":"<div data-elementor-type=\"wp-page\" data-elementor-id=\"71\" class=\"elementor elementor-71\" data-elementor-post-type=\"page\">\n\t\t\t\t<div class=\"elementor-element elementor-element-55ddc61 wd-section-stretch e-flex e-con-boxed wpr-particle-no wpr-jarallax-no wpr-parallax-no wpr-sticky-section-no e-con e-parent\" data-id=\"55ddc61\" data-element_type=\"container\" data-e-type=\"container\" data-settings=\"{&quot;background_background&quot;:&quot;classic&quot;}\">\n\t\t\t\t\t<div class=\"e-con-inner\">\n\t\t<div class=\"elementor-element elementor-element-5745e6e e-con-full e-flex wpr-particle-no wpr-jarallax-no wpr-parallax-no wpr-sticky-section-no e-con e-child\" data-id=\"5745e6e\" data-element_type=\"container\" data-e-type=\"container\">\n\t\t\t\t<div class=\"elementor-element elementor-element-05ceda0 elementor-widget elementor-widget-heading\" data-id=\"05ceda0\" data-element_type=\"widget\" data-e-type=\"widget\" data-widget_type=\"heading.default\">\n\t\t\t\t\t<h2 class=\"elementor-heading-title elementor-size-default\">Polityka prywatno\u015bci<\/h2>\t\t\t\t<\/div>\n\t\t\t\t<\/div>\n\t\t\t\t\t<\/div>\n\t\t\t\t<\/div>\n\t\t<div class=\"wd-negative-gap elementor-element elementor-element-428fd617 e-flex e-con-boxed wpr-particle-no wpr-jarallax-no wpr-parallax-no wpr-sticky-section-no e-con e-parent\" data-id=\"428fd617\" data-element_type=\"container\" data-e-type=\"container\">\n\t\t\t\t\t<div class=\"e-con-inner\">\n\t\t\t\t<div class=\"elementor-element elementor-element-8a7b043 color-scheme-inherit text-left elementor-widget elementor-widget-text-editor\" data-id=\"8a7b043\" data-element_type=\"widget\" data-e-type=\"widget\" data-widget_type=\"text-editor.default\">\n\t\t\t\t\t\t\t\t\t\n<h2 class=\"wp-block-heading\">Poprzednie zalecenie<\/h2>\n\n<p>Witamy Ci\u0119 na tej stronie i zalecamy zapoznanie si\u0119 z nasz\u0105 Polityk\u0105 prywatno\u015bci. To opisuje spos\u00f3b, w jaki\u00a0 <strong>DISTRIBUCIONARC.COM<\/strong> \u00a0gromadzi i wykorzystuje informacje o swoich klientach, u\u017cytkownikach i abonentach tej witryny.\u00a0<\/p>\n\n<p><strong>DISTRIBUCIONARC.COM<\/strong> z B55480172 i adresem C\/CASTELL N1 46970 ALAQUAS (VALENCIA), jako odpowiedzialna za przetwarzanie Twoich danych, przetwarza Twoje dane za po\u015brednictwem tej strony internetowej, gdzie dane osobowe u\u017cytkownik\u00f3w s\u0105 szanowane i piel\u0119gnowane. Jako u\u017cytkownik powiniene\u015b wiedzie\u0107, \u017ce Twoje prawa s\u0105 gwarantowane.<\/p>\n\n<p>Nale\u017cy ostrzec, \u017ce niniejsza Polityka prywatno\u015bci mo\u017ce si\u0119 r\u00f3\u017cni\u0107 w zale\u017cno\u015bci od wymog\u00f3w prawnych lub samoregulacji, dlatego u\u017cytkownikom zaleca si\u0119 okresowe odwiedzanie jej. B\u0119dzie to mia\u0142o zastosowanie w przypadku, gdy u\u017cytkownicy zdecyduj\u0105 si\u0119 na wype\u0142nienie kt\u00f3regokolwiek z formularzy kontaktowych, w kt\u00f3rych gromadzone s\u0105 dane osobowe.<\/p>\n\n<p>Regulacje prawne, z kt\u00f3rymi zgodna jest niniejsza Polityka Prywatno\u015bci<\/p>\n\n<ul class=\"wp-block-list\">\n<li>On\u00a0<strong>RODO (Rozporz\u0105dzenie Parlamentu Europejskiego i Rady (UE) 2016\/679 z dnia 27 kwietnia 2016 r. w sprawie ochrony os\u00f3b fizycznych)<\/strong>, czyli nowe rozporz\u0105dzenie Unii Europejskiej ujednolicaj\u0105ce regulacje dotycz\u0105ce przetwarzania danych osobowych w r\u00f3\u017cnych krajach UE.<\/li>\n\n<li>The\u00a0<strong>LOPD (Ustawa organiczna 03\/2018 z dnia 5 grudnia o ochronie danych i gwarancji praw cyfrowych).<\/strong><\/li>\n\n<li>The\u00a0<strong>LSSI lub LSSICE (Ustawa 34\/2002 z dnia 11 lipca o us\u0142ugach spo\u0142ecze\u0144stwa informacyjnego i handlu elektronicznym)<\/strong>, kt\u00f3ra reguluje transakcje gospodarcze realizowane drog\u0105 elektroniczn\u0105, tak jak ma to miejsce w przypadku tej strony internetowej.<\/li>\n<\/ul>\n\n<p>Cele leczenia<\/p>\n\n<p>W przypadku zapyta\u0144 i sugestii zg\u0142aszanych za po\u015brednictwem istniej\u0105cych w tym celu sekcji, podane informacje zostan\u0105 wykorzystane wy\u0142\u0105cznie w celu udzielenia odpowiedzi na zadane pytania.<\/p>\n\n<p>Z wyj\u0105tkiem p\u00f3l, w kt\u00f3rych wyra\u017anie wskazano inaczej, podanie informacji wymaganych w formularzach \u017c\u0105dania danych jest obowi\u0105zkowe w celu prawid\u0142owego zarz\u0105dzania sk\u0142adanymi przez Pa\u0144stwa \u017c\u0105daniami, zapytaniami i sugestiami. Niewype\u0142nienie p\u00f3l uznanych za obowi\u0105zkowe lub podanie nieprawid\u0142owych danych spowoduje, \u017ce b\u0119dzie to niemo\u017cliwe\u00a0<strong>ROZK\u0141AD \u0141UKU<\/strong>\u00a0potrafi nimi prawid\u0142owo zarz\u0105dza\u0107.<\/p>\n\n<p>Legitymacja do leczenia<\/p>\n\n<p>U\u017cytkownik kontaktuj\u0105c si\u0119 z nami za po\u015brednictwem naszej strony internetowej o\u015bwiadcza, \u017ce zosta\u0142 poinformowany o warunkach ochrony danych osobowych, akceptuj\u0105c je i wyra\u017caj\u0105c zgod\u0119 na ich przetwarzanie przez nas.\u00a0 <strong>ROZK\u0141AD \u0141UKU<\/strong> \u00a0w spos\u00f3b i we wskazanych celach.<\/p>\n\n<p>Przechowywanie i przekazywanie danych<\/p>\n\n<p>Podane dane b\u0119d\u0105 przechowywane przez okres utrzymywania relacji handlowej lub przez lata niezb\u0119dne do wywi\u0105zania si\u0119 z obowi\u0105zk\u00f3w prawnych.<\/p>\n\n<p>Dane nie b\u0119d\u0105 przekazywane podmiotom trzecim, z wyj\u0105tkiem przypadk\u00f3w, gdy istnieje obowi\u0105zek prawny.\u00a0 <strong>ROZK\u0141AD \u0141UKU<\/strong> \u00a0nie sprzedaje, nie wynajmuje ani nie przekazuje danych osobowych mog\u0105cych zidentyfikowa\u0107 u\u017cytkownika, ani nie b\u0119dzie tego robi\u0107 w przysz\u0142o\u015bci, podmiotom trzecim bez uprzedniej zgody. Jednak w niekt\u00f3rych przypadkach mo\u017cna nawi\u0105za\u0107 wsp\u00f3\u0142prac\u0119 z innymi specjalistami w celu organizacji szkole\u0144 lub \u015bwiadczenia us\u0142ug. W takich przypadkach wymagana b\u0119dzie zgoda u\u017cytkownik\u00f3w, informuj\u0105ca ich o to\u017csamo\u015bci wsp\u00f3\u0142pracownika i celu wsp\u00f3\u0142pracy. Zawsze b\u0119dzie ono realizowane z zachowaniem najsurowszych norm bezpiecze\u0144stwa.<\/p>\n\n<p>Wykonywanie praw do ochrony danych<\/p>\n\n<p>U\u017cytkownik mo\u017ce kierowa\u0107 swoj\u0105 komunikacj\u0105 oraz skorzysta\u0107 z prawa dost\u0119pu, sprostowania, usuni\u0119cia i sprzeciwu, a tak\u017ce ograniczenia przetwarzania i przenoszenia danych za po\u015brednictwem poczty na adres:\u00a0<strong>CARRER CASTELL N1 46970 ALAQUAS (WALENCJA)<\/strong>, lub na adres e-mail: rgpd@distribucionarc.com wraz z wa\u017cnym dokumentem to\u017csamo\u015bci, np. kserokopi\u0105 DNI lub jego odpowiednikiem, ze wskazaniem w temacie \u201eOCHRONA DANYCH\u201d.<\/p>\n\n<p>Us\u0142ugi stron trzecich, z kt\u00f3rych korzystam na tej stronie<\/p>\n\n<ul class=\"wp-block-list\">\n<li><strong>Hosting: strato<\/strong><\/li>\n\n<li><strong>Platforma internetowa: wordpress<\/strong><\/li>\n\n<li><strong>Google Analytics<\/strong><\/li>\n<\/ul>\n\n<p>U\u017cytkownicy mog\u0105 w ka\u017cdej chwili zrezygnowa\u0107 z us\u0142ug \u015bwiadczonych przez <strong>DISTRIBUCIONARC.COM<\/strong> ten sam Newsletter. Zgodnie z obowi\u0105zuj\u0105cymi przepisami dotycz\u0105cymi ochrony danych osobowych, zar\u00f3wno poprzez subskrypcj\u0119 niniejszego bloga, jak i dodaj\u0105c komentarz na kt\u00f3rejkolwiek jego stronie i\/lub wpisach, u\u017cytkownik wyra\u017ca zgod\u0119 na:<\/p>\n\n<h2 class=\"wp-block-heading\">Dok\u0142adno\u015b\u0107 i prawdziwo\u015b\u0107 danych<\/h2>\n\n<p>U\u017cytkownik ponosi wy\u0142\u0105czn\u0105 odpowiedzialno\u015b\u0107 za prawdziwo\u015b\u0107 i poprawno\u015b\u0107 przesy\u0142anych danych\u00a0 <strong>DISTRIBUCIONARC.COM<\/strong> \u00a0zwalniaj\u0105c Us\u0142ugodawc\u0119 z wszelkiej odpowiedzialno\u015bci w tym zakresie. U\u017cytkownicy gwarantuj\u0105 i s\u0105 w ka\u017cdym przypadku odpowiedzialni za dok\u0142adno\u015b\u0107, wa\u017cno\u015b\u0107 i autentyczno\u015b\u0107 podanych danych osobowych oraz zobowi\u0105zuj\u0105 si\u0119 do ich nale\u017cytej aktualizacji. U\u017cytkownik wyra\u017ca zgod\u0119 na podanie pe\u0142nych i prawid\u0142owych danych w formularzu kontaktowym lub zapisie.<\/p>\n\n<h2 class=\"wp-block-heading\">Zmiany w niniejszej polityce prywatno\u015bci<\/h2>\n\n<p><strong>ROZK\u0141AD \u0141UKU<\/strong>\u00a0zastrzega sobie prawo do modyfikacji niniejszej polityki w celu dostosowania jej do zmian legislacyjnych lub orzecznictwa, a tak\u017ce praktyk bran\u017cowych. W takich przypadkach Dostawca og\u0142osi zmiany wprowadzone na tej stronie z odpowiednim wyprzedzeniem o ich wprowadzeniu.<\/p>\n\t\t\t\t\t\t\t\t<\/div>\n\t\t\t\t\t<\/div>\n\t\t\t\t<\/div>\n\t\t\t\t<\/div>","protected":false},"excerpt":{"rendered":"<p>Polityka prywatno\u015bci Wcze\u015bniejsze zalecenie Witamy na tej stronie internetowej i zalecamy zapoznanie si\u0119 z nasz\u0105 polityk\u0105 prywatno\u015bci.<\/p>","protected":false},"author":1,"featured_media":0,"parent":0,"menu_order":0,"comment_status":"closed","ping_status":"closed","template":"elementor_header_footer","meta":{"footnotes":""},"class_list":["post-71","page","type-page","status-publish","hentry"],"yoast_head":"<!-- This site is optimized with the Yoast SEO Premium plugin v24.9 (Yoast SEO v26.1) - https:\/\/yoast.com\/wordpress\/plugins\/seo\/ -->\n<title>politica de privacidad - distribuci\u00f3n ARC<\/title>\n<meta name=\"robots\" content=\"index, follow, max-snippet:-1, max-image-preview:large, max-video-preview:-1\" \/>\n<link rel=\"canonical\" href=\"https:\/\/www.distribucionarc.com\/fr\/politica-de-privacidad\/\" \/>\n<meta property=\"og:locale\" content=\"pl_PL\" \/>\n<meta property=\"og:type\" content=\"article\" \/>\n<meta property=\"og:title\" content=\"politica de privacidad\" \/>\n<meta property=\"og:description\" content=\"politica de privacidad Recomendaci\u00f3n previa Les damos la bienvenida a esta web y les recomendamos que lean nuestra pol\u00edtica de\" \/>\n<meta property=\"og:url\" content=\"https:\/\/www.distribucionarc.com\/fr\/politica-de-privacidad\/\" \/>\n<meta property=\"og:site_name\" content=\"distribuci\u00f3n ARC\" \/>\n<meta property=\"article:modified_time\" content=\"2025-04-25T05:08:47+00:00\" \/>\n<meta property=\"og:image\" content=\"https:\/\/distribucionarc.com\/wp-content\/uploads\/2024\/12\/icono-arc.jpg\" \/>\n\t<meta property=\"og:image:width\" content=\"612\" \/>\n\t<meta property=\"og:image:height\" content=\"792\" \/>\n\t<meta property=\"og:image:type\" content=\"image\/jpeg\" \/>\n<meta name=\"twitter:card\" content=\"summary_large_image\" \/>\n<meta name=\"twitter:label1\" content=\"Szacowany czas czytania\" \/>\n\t<meta name=\"twitter:data1\" content=\"4 minuty\" \/>\n<script type=\"application\/ld+json\" class=\"yoast-schema-graph\">{\"@context\":\"https:\/\/schema.org\",\"@graph\":[{\"@type\":\"WebPage\",\"@id\":\"https:\/\/www.distribucionarc.com\/fr\/politica-de-privacidad\/\",\"url\":\"https:\/\/www.distribucionarc.com\/fr\/politica-de-privacidad\/\",\"name\":\"politica de privacidad - distribuci\u00f3n ARC\",\"isPartOf\":{\"@id\":\"https:\/\/distribucionarc.com\/pl\/#website\"},\"datePublished\":\"2020-04-15T09:30:06+00:00\",\"dateModified\":\"2025-04-25T05:08:47+00:00\",\"breadcrumb\":{\"@id\":\"https:\/\/www.distribucionarc.com\/fr\/politica-de-privacidad\/#breadcrumb\"},\"inLanguage\":\"pl-PL\",\"potentialAction\":[{\"@type\":\"ReadAction\",\"target\":[\"https:\/\/www.distribucionarc.com\/fr\/politica-de-privacidad\/\"]}]},{\"@type\":\"BreadcrumbList\",\"@id\":\"https:\/\/www.distribucionarc.com\/fr\/politica-de-privacidad\/#breadcrumb\",\"itemListElement\":[{\"@type\":\"ListItem\",\"position\":1,\"name\":\"Portada\",\"item\":\"https:\/\/www.distribucionarc.com\/tr\/\"},{\"@type\":\"ListItem\",\"position\":2,\"name\":\"politica de privacidad\"}]},{\"@type\":\"WebSite\",\"@id\":\"https:\/\/distribucionarc.com\/pl\/#website\",\"url\":\"https:\/\/distribucionarc.com\/pl\/\",\"name\":\"distribuci\u00f3n ARC\",\"description\":\"Empresa especializada en la fabricaci\u00f3n y distribuci\u00f3n de maquinaria industrial, selladoras de latas, Maquinas de hacer pastillas, Maquinas de cortar carne...\",\"publisher\":{\"@id\":\"https:\/\/distribucionarc.com\/pl\/#organization\"},\"potentialAction\":[{\"@type\":\"SearchAction\",\"target\":{\"@type\":\"EntryPoint\",\"urlTemplate\":\"https:\/\/distribucionarc.com\/pl\/?s={search_term_string}\"},\"query-input\":{\"@type\":\"PropertyValueSpecification\",\"valueRequired\":true,\"valueName\":\"search_term_string\"}}],\"inLanguage\":\"pl-PL\"},{\"@type\":\"Organization\",\"@id\":\"https:\/\/distribucionarc.com\/pl\/#organization\",\"name\":\"Distribuci\u00f3n ARC\",\"url\":\"https:\/\/distribucionarc.com\/pl\/\",\"logo\":{\"@type\":\"ImageObject\",\"inLanguage\":\"pl-PL\",\"@id\":\"https:\/\/distribucionarc.com\/pl\/#\/schema\/logo\/image\/\",\"url\":\"https:\/\/distribucionarc.com\/wp-content\/uploads\/2024\/10\/distribucion-ARC-COLOR-SIN-FONDO-e1732295305345.png\",\"contentUrl\":\"https:\/\/distribucionarc.com\/wp-content\/uploads\/2024\/10\/distribucion-ARC-COLOR-SIN-FONDO-e1732295305345.png\",\"width\":1164,\"height\":558,\"caption\":\"Distribuci\u00f3n ARC\"},\"image\":{\"@id\":\"https:\/\/distribucionarc.com\/pl\/#\/schema\/logo\/image\/\"},\"description\":\"Empresa especializada en la fabricaci\u00f3n y distribuci\u00f3n de maquinaria industrial para los sectores alimentario y farmac\u00e9utico. Nos especializamos en: M\u00e1quinas de cortar carne Fabricaci\u00f3n de comprimidos Sistemas de transporte industrial L\u00edneas de embotellado Dosificadores Y mucho m\u00e1s... Ofrecemos soluciones innovadoras y personalizadas para optimizar los procesos productivos de tu empresa.\",\"email\":\"Admistracion@distribucionarc.com\",\"telephone\":\"+34 643496664\",\"legalName\":\"ARC TECH SOLUTIONS\",\"foundingDate\":\"2024-04-09\",\"vatID\":\"B55480172\",\"numberOfEmployees\":{\"@type\":\"QuantitativeValue\",\"minValue\":\"1\",\"maxValue\":\"10\"}}]}<\/script>\n<!-- \/ Yoast SEO Premium plugin. -->","yoast_head_json":{"title":"polityka prywatno\u015bci - dystrybucja ARC","robots":{"index":"index","follow":"follow","max-snippet":"max-snippet:-1","max-image-preview":"max-image-preview:large","max-video-preview":"max-video-preview:-1"},"canonical":"https:\/\/www.distribucionarc.com\/fr\/politica-de-privacidad\/","og_locale":"pl_PL","og_type":"article","og_title":"politica de privacidad","og_description":"politica de privacidad Recomendaci\u00f3n previa Les damos la bienvenida a esta web y les recomendamos que lean nuestra pol\u00edtica de","og_url":"https:\/\/www.distribucionarc.com\/fr\/politica-de-privacidad\/","og_site_name":"distribuci\u00f3n ARC","article_modified_time":"2025-04-25T05:08:47+00:00","og_image":[{"width":612,"height":792,"url":"https:\/\/distribucionarc.com\/wp-content\/uploads\/2024\/12\/icono-arc.jpg","type":"image\/jpeg"}],"twitter_card":"summary_large_image","twitter_misc":{"Szacowany czas czytania":"4 minuty"},"schema":{"@context":"https:\/\/schema.org","@graph":[{"@type":"WebPage","@id":"https:\/\/www.distribucionarc.com\/fr\/politica-de-privacidad\/","url":"https:\/\/www.distribucionarc.com\/fr\/politica-de-privacidad\/","name":"polityka prywatno\u015bci - dystrybucja ARC","isPartOf":{"@id":"https:\/\/distribucionarc.com\/pl\/#website"},"datePublished":"2020-04-15T09:30:06+00:00","dateModified":"2025-04-25T05:08:47+00:00","breadcrumb":{"@id":"https:\/\/www.distribucionarc.com\/fr\/politica-de-privacidad\/#breadcrumb"},"inLanguage":"pl-PL","potentialAction":[{"@type":"ReadAction","target":["https:\/\/www.distribucionarc.com\/fr\/politica-de-privacidad\/"]}]},{"@type":"BreadcrumbList","@id":"https:\/\/www.distribucionarc.com\/fr\/politica-de-privacidad\/#breadcrumb","itemListElement":[{"@type":"ListItem","position":1,"name":"Portada","item":"https:\/\/www.distribucionarc.com\/tr\/"},{"@type":"ListItem","position":2,"name":"politica de privacidad"}]},{"@type":"WebSite","@id":"https:\/\/distribucionarc.com\/pl\/#website","url":"https:\/\/distribucionarc.com\/pl\/","name":"Dystrybucja ARC","description":"Firma specjalizuj\u0105ca si\u0119 w produkcji i dystrybucji maszyn przemys\u0142owych, zgrzewarek do puszek, maszyn do produkcji tabletek, maszyn do ci\u0119cia mi\u0119sa...","publisher":{"@id":"https:\/\/distribucionarc.com\/pl\/#organization"},"potentialAction":[{"@type":"SearchAction","target":{"@type":"EntryPoint","urlTemplate":"https:\/\/distribucionarc.com\/pl\/?s={search_term_string}"},"query-input":{"@type":"PropertyValueSpecification","valueRequired":true,"valueName":"search_term_string"}}],"inLanguage":"pl-PL"},{"@type":"Organization","@id":"https:\/\/distribucionarc.com\/pl\/#organization","name":"Dystrybucja ARC","url":"https:\/\/distribucionarc.com\/pl\/","logo":{"@type":"ImageObject","inLanguage":"pl-PL","@id":"https:\/\/distribucionarc.com\/pl\/#\/schema\/logo\/image\/","url":"https:\/\/distribucionarc.com\/wp-content\/uploads\/2024\/10\/distribucion-ARC-COLOR-SIN-FONDO-e1732295305345.png","contentUrl":"https:\/\/distribucionarc.com\/wp-content\/uploads\/2024\/10\/distribucion-ARC-COLOR-SIN-FONDO-e1732295305345.png","width":1164,"height":558,"caption":"Distribuci\u00f3n ARC"},"image":{"@id":"https:\/\/distribucionarc.com\/pl\/#\/schema\/logo\/image\/"},"description":"Firma specjalizuj\u0105ca si\u0119 w produkcji i dystrybucji maszyn przemys\u0142owych dla sektora spo\u017cywczego i farmaceutycznego. Specjalizujemy si\u0119 w: Maszyny do krojenia mi\u0119sa Produkcja tabletek Przemys\u0142owe systemy transportowe Linie butelkuj\u0105ce Dozowniki I wiele wi\u0119cej.... Oferujemy innowacyjne i niestandardowe rozwi\u0105zania w celu optymalizacji proces\u00f3w produkcyjnych w Twojej firmie.","email":"Admistracion@distribucionarc.com","telephone":"+34 643496664","legalName":"ARC TECH SOLUTIONS","foundingDate":"2024-04-09","vatID":"B55480172","numberOfEmployees":{"@type":"QuantitativeValue","minValue":"1","maxValue":"10"}}]}},"_links":{"self":[{"href":"https:\/\/distribucionarc.com\/pl\/wp-json\/wp\/v2\/pages\/71","targetHints":{"allow":["GET"]}}],"collection":[{"href":"https:\/\/distribucionarc.com\/pl\/wp-json\/wp\/v2\/pages"}],"about":[{"href":"https:\/\/distribucionarc.com\/pl\/wp-json\/wp\/v2\/types\/page"}],"author":[{"embeddable":true,"href":"https:\/\/distribucionarc.com\/pl\/wp-json\/wp\/v2\/users\/1"}],"replies":[{"embeddable":true,"href":"https:\/\/distribucionarc.com\/pl\/wp-json\/wp\/v2\/comments?post=71"}],"version-history":[{"count":5,"href":"https:\/\/distribucionarc.com\/pl\/wp-json\/wp\/v2\/pages\/71\/revisions"}],"predecessor-version":[{"id":16724,"href":"https:\/\/distribucionarc.com\/pl\/wp-json\/wp\/v2\/pages\/71\/revisions\/16724"}],"wp:attachment":[{"href":"https:\/\/distribucionarc.com\/pl\/wp-json\/wp\/v2\/media?parent=71"}],"curies":[{"name":"wp","href":"https:\/\/api.w.org\/{rel}","templated":true}]}}