{"id":74,"date":"2020-04-15T09:38:42","date_gmt":"2020-04-15T09:38:42","guid":{"rendered":"https:\/\/distribucionarc.com\/?page_id=74"},"modified":"2025-05-06T15:58:50","modified_gmt":"2025-05-06T13:58:50","slug":"ostrzezenie-prawne","status":"publish","type":"page","link":"https:\/\/distribucionarc.com\/pl\/inicio\/aviso-legal\/","title":{"rendered":"informacja prawna"},"content":{"rendered":"<div data-elementor-type=\"wp-page\" data-elementor-id=\"74\" class=\"elementor elementor-74\" data-elementor-post-type=\"page\">\n\t\t\t\t<div class=\"elementor-element elementor-element-17a78b4 wd-section-stretch e-flex e-con-boxed wpr-particle-no wpr-jarallax-no wpr-parallax-no wpr-sticky-section-no e-con e-parent\" data-id=\"17a78b4\" data-element_type=\"container\" data-e-type=\"container\" data-settings=\"{&quot;background_background&quot;:&quot;classic&quot;}\">\n\t\t\t\t\t<div class=\"e-con-inner\">\n\t\t<div class=\"elementor-element elementor-element-8e49855 e-con-full e-flex wpr-particle-no wpr-jarallax-no wpr-parallax-no wpr-sticky-section-no e-con e-child\" data-id=\"8e49855\" data-element_type=\"container\" data-e-type=\"container\">\n\t\t\t\t<div class=\"elementor-element elementor-element-3d3bbd4 elementor-widget elementor-widget-heading\" data-id=\"3d3bbd4\" data-element_type=\"widget\" data-e-type=\"widget\" data-widget_type=\"heading.default\">\n\t\t\t\t\t<h2 class=\"elementor-heading-title elementor-size-default\">informacja prawna<\/h2>\t\t\t\t<\/div>\n\t\t\t\t<\/div>\n\t\t\t\t\t<\/div>\n\t\t\t\t<\/div>\n\t\t<div class=\"elementor-element elementor-element-7cdcae67 e-flex e-con-boxed wpr-particle-no wpr-jarallax-no wpr-parallax-no wpr-sticky-section-no e-con e-parent\" data-id=\"7cdcae67\" data-element_type=\"container\" data-e-type=\"container\">\n\t\t\t\t\t<div class=\"e-con-inner\">\n\t\t\t\t<div class=\"elementor-element elementor-element-fa54b7a color-scheme-inherit text-left elementor-widget elementor-widget-text-editor\" data-id=\"fa54b7a\" data-element_type=\"widget\" data-e-type=\"widget\" data-widget_type=\"text-editor.default\">\n\t\t\t\t\t\t\t\t\t\n<p>Dane sprzedawcy<\/p>\n\n<p>W\u0142a\u015bciciel: ARC TECH SOLUTIONS SL<\/p>\n\n<p>Adres: Carrer Castell N1 Bajo Left 46970 Alaquas (Walencja)<\/p>\n\n<p>NIF: B55480172<\/p>\n\n<p>\u00a0<\/p>\n\n<p>E-mail: info@distribucionarc.com<\/p>\n\n<p>Telefon: +34 643496664<\/p>\n\n<p>Klient (zwany dalej \u201e<strong>Klient<\/strong>\u201e), kt\u00f3ry uzyskuje dost\u0119p do strony internetowej (\u201e<strong>Strona internetowa<\/strong>&quot;) nale\u017c\u0105ca do DISTRIBUCION ARC. (\u201e<strong>Spo\u0142ecze\u0144stwo<\/strong>&quot;), zarejestruj si\u0119 lub dokonaj zakupu produkt\u00f3w za po\u015brednictwem Witryny, wyra\u017casz zgod\u0119 na zapoznanie si\u0119 z niniejsz\u0105 Not\u0105 prawn\u0105 i Warunkami Og\u00f3lnymi oraz jeste\u015b zwi\u0105zany nimi w brzmieniu obowi\u0105zuj\u0105cym w chwili uzyskania dost\u0119pu do Witryny.<\/p>\n\n<p>Zasady dozwolonego korzystania z serwisu (\u201e<strong>Strona internetowa<\/strong>&quot;)<\/p>\n\n<p>Klient mo\u017ce uzyska\u0107 dost\u0119p do Serwisu bezp\u0142atnie, bez uszczerbku dla koszt\u00f3w po\u0142\u0105czenia poprzez sie\u0107 telekomunikacyjn\u0105, kt\u00f3re nale\u017cy ui\u015bci\u0107 podmiotowi, z kt\u00f3rym zawar\u0142 umow\u0119.<\/p>\n\n<p>Og\u00f3lnie rzecz bior\u0105c, dost\u0119p do Strony internetowej jest zabroniony osobom niepe\u0142noletnim poni\u017cej 18 roku \u017cycia, kt\u00f3re nie posiadaj\u0105 odpowiedniego zezwolenia rodzic\u00f3w lub opiekun\u00f3w prawnych.<\/p>\n\n<p>Klient zobowi\u0105zuje si\u0119 do przestrzegania niniejszej Noty Prawnej oraz specjalnych ostrze\u017ce\u0144 lub instrukcji u\u017cytkowania zawartych w Serwisie oraz do post\u0119powania zawsze zgodnie z Prawem, dobrymi obyczajami i wymogami dobrej wiary, dok\u0142adaj\u0105c nale\u017cytej staranno\u015bci odpowiedniej do charakteru us\u0142ugi, kt\u00f3r\u0105 \u015bwiadczy Cieszy\u0107 si\u0119.<\/p>\n\n<p>Klient musi powstrzyma\u0107 si\u0119 od: (i) nieuprawnionego lub oszuka\u0144czego korzystania z Witryny i\/lub jej zawarto\u015bci; (ii) uzyskiwanie dost\u0119pu lub pr\u00f3ba uzyskania dost\u0119pu do ograniczonych zasob\u00f3w lub obszar\u00f3w Witryny bez spe\u0142nienia warunk\u00f3w wymaganych do takiego dost\u0119pu; (iii) korzysta\u0107 z Witryny i\/lub jej zawarto\u015bci w celach innych ni\u017c nabywanie jakichkolwiek produkt\u00f3w oferowanych w Witrynie, do cel\u00f3w lub skutk\u00f3w, kt\u00f3re s\u0105 nielegalne, nielegalne, sprzeczne z postanowieniami niniejszej Informacji prawnej, w dobrej wierze i publicznie porz\u0105dku, godzi w prawa i interesy os\u00f3b trzecich lub w jakikolwiek spos\u00f3b mo\u017ce uszkodzi\u0107, uniemo\u017cliwi\u0107 lub przeci\u0105\u017cy\u0107 Serwis lub uniemo\u017cliwi\u0107 normalne korzystanie z niego; (iv) wyrz\u0105dzi\u0107 szkod\u0119 osobom lub mieniu Sp\u00f3\u0142ki, jej dostawc\u00f3w, Klient\u00f3w lub os\u00f3b trzecich; (v) wprowadza\u0107 lub rozprzestrzenia\u0107 wirusy komputerowe lub inne systemy fizyczne lub logiczne w sieci, kt\u00f3re mog\u0105 spowodowa\u0107 uszkodzenie system\u00f3w fizycznych lub logicznych Sp\u00f3\u0142ki, jej dostawc\u00f3w lub stron trzecich.<\/p>\n\n<p>Klient wyra\u017ca zgod\u0119 na korzystanie z Serwisu wy\u0142\u0105cznie w celu sk\u0142adania zgodnych z prawem zapyta\u0144 lub zam\u00f3wie\u0144 i niesk\u0142adania fa\u0142szywych lub oszuka\u0144czych zam\u00f3wie\u0144. W przeciwnym razie b\u0119dziemy uprawnieni do jego anulowania i poinformowania odpowiednich w\u0142adz.<\/p>\n\n<p>Nie ponosimy odpowiedzialno\u015bci za jakiekolwiek szkody lub straty, jakie mog\u0105 mie\u0107 miejsce na Twoim komputerze w wyniku wcze\u015bniejszych dzia\u0142a\u0144, korzystania z Serwisu lub pobierania z niego tre\u015bci lub do kt\u00f3rych mo\u017ce zosta\u0107 przekierowany.<\/p>\n\n<p>W Serwisie mog\u0105 znajdowa\u0107 si\u0119 linki do innych stron internetowych, portali spo\u0142eczno\u015bciowych oraz materia\u0142\u00f3w podmiot\u00f3w trzecich. Linki te zamieszczone s\u0105 wy\u0142\u0105cznie w celach informacyjnych, w zwi\u0105zku z czym Sp\u00f3\u0142ka nie ma wp\u0142ywu na zawarto\u015b\u0107 tych stron internetowych lub materia\u0142\u00f3w. W zwi\u0105zku z tym Sp\u00f3\u0142ka nie b\u0119dzie ponosi\u0107 odpowiedzialno\u015bci za jakiekolwiek szkody lub straty wynikaj\u0105ce z korzystania z tych \u0142\u0105czy lub materia\u0142\u00f3w stron trzecich.<\/p>\n\n<p>Ochrona danych<\/p>\n\n<p>Dla cel\u00f3w przepis\u00f3w ustawy organicznej 15\/1999 z dnia 13 grudnia o ochronie danych osobowych (\u201e<strong>LOPD<\/strong>&quot;), DISTRIBUCION ARC informuje Klienta, \u017ce wszelkie dane osobowe przekazane w dowolnym momencie i dobrowolnie naszej firmie lub naszym pracownikom, zostan\u0105 uwzgl\u0119dnione w zautomatyzowanym pliku danych osobowych tworzonym i utrzymywanym w ramach odpowiedzialno\u015bci DISTRIBUCION ARC. i b\u0119d\u0105 przetwarzane wy\u0142\u0105cznie w celu realizacji Twojego zam\u00f3wienia, a tak\u017ce zapyta\u0144 lub sugestii Klienta. Mo\u017cesz skorzysta\u0107 z prawa dost\u0119pu, sprostowania, anulowania i sprzeciwu w dowolnym momencie, kieruj\u0105c swoj\u0105 pro\u015bb\u0119 na adres, adres e-mail, telefon lub faks wymieniony w poprzedniej sekcji.<\/p>\n\n<p>Aby informacje zawarte w naszych plikach by\u0142y zawsze aktualne i nie zawiera\u0142y b\u0142\u0119d\u00f3w, prosimy Klienta o jak najszybsze informowanie nas o wszelkich modyfikacjach i sprostowaniach dotycz\u0105cych jego danych osobowych.<\/p>\n\n<p>Informujemy, \u017ce zosta\u0142y podj\u0119te wszelkie niezb\u0119dne techniczne i organizacyjne \u015brodki bezpiecze\u0144stwa, aby zagwarantowa\u0107 ochron\u0119 Twoich danych osobowych i zapobiec ich zmianie, utracie, przetwarzaniu i\/lub nieuprawnionemu dost\u0119powi, bior\u0105c pod uwag\u0119 stan wiedzy, charakter przechowywane dane oraz ryzyko, na jakie s\u0105 one nara\u017cone, a wszystko to zgodnie z przepisami ustawy LOPD i jej przepisami wykonawczymi.<\/p>\n\n<p>Z wyj\u0105tkiem p\u00f3l, w kt\u00f3rych wyra\u017anie wskazano inaczej, podanie informacji wymaganych w formularzach \u017c\u0105dania danych jest obowi\u0105zkowe w celu prawid\u0142owego zarz\u0105dzania zam\u00f3wieniami, zapytaniami i sugestiami zg\u0142aszanymi przez Pa\u0144stwa. Niewype\u0142nienie p\u00f3l uznanych za obowi\u0105zkowe lub podanie b\u0142\u0119dnych danych spowoduje, \u017ce DISTRIBUCION ARC nie b\u0119dzie w stanie prawid\u0142owo nimi zarz\u0105dza\u0107.<\/p>\n\n<p>Gwarancja i odpowiedzialno\u015b\u0107<\/p>\n\n<p>Korzystanie z Serwisu przez Klienta odbywa si\u0119 zawsze na jego ca\u0142e ryzyko i odpowiedzialno\u015b\u0107, kt\u00f3r\u0105 on wyra\u017anie uznaje i akceptuje, za kt\u00f3r\u0105 Sp\u00f3\u0142ka nie ponosi \u017cadnej odpowiedzialno\u015bci, bezpo\u015bredniej ani po\u015bredniej, wynikaj\u0105cej z niew\u0142a\u015bciwego lub niew\u0142a\u015bciwego u\u017cytkowania, oszuka\u0144czego lub nielegalnego korzystania z Witryny przez Klient\u00f3w.<\/p>\n\n<p>Sp\u00f3\u0142ka do\u0142o\u017cy wszelkich stara\u0144, aby zapewni\u0107 bezproblemowe dzia\u0142anie Serwisu, wyra\u017anie potwierdzaj\u0105c Klientowi, \u017ce nie jest mo\u017cliwe zapewnienie pe\u0142nej dost\u0119pno\u015bci 100%. Jednak\u017ce Sp\u00f3\u0142ka zobowi\u0105zuje si\u0119 do utrzymywania dost\u0119pno\u015bci Witryny internetowej tak d\u0142ugo, jak to mo\u017cliwe. Jednak\u017ce Firma zastrzega sobie prawo do ograniczenia dost\u0119pu do Witryny internetowej, w ca\u0142o\u015bci lub w cz\u0119\u015bci, tymczasowo lub na sta\u0142e, ze wzgl\u0119du na prace konserwacyjne, wydajno\u015b\u0107 lub zdarzenia pozostaj\u0105ce poza kontrol\u0105 Sp\u00f3\u0142ki.<\/p>\n\n<p>Nale\u017cy zauwa\u017cy\u0107, \u017ce Sp\u00f3\u0142ka nie b\u0119dzie odpowiedzialna za:<\/p>\n\n<ul class=\"wp-block-list\">\n<li>Przerwy, awarie, pomini\u0119cia lub roz\u0142\u0105czenia system\u00f3w, zak\u0142\u00f3cenia lub wirusy, problemy z dost\u0119pem i og\u00f3lnie wszelkie problemy z dost\u0119pno\u015bci\u0105, nieprawid\u0142owym dzia\u0142aniem i\/lub ci\u0105g\u0142o\u015bci\u0105 \u015bwiadczenia us\u0142ug, kt\u00f3re mog\u0105 mie\u0107 wp\u0142yw na Stron\u0119.<\/li>\n<\/ul>\n\n<ul class=\"wp-block-list\">\n<li>Wszelkie uszkodzenia, jakie mog\u0105 powsta\u0107 w sprz\u0119cie lub urz\u0105dzeniach technologicznych Klient\u00f3w na skutek korzystania z Serwisu.<\/li>\n<\/ul>\n\n<ul class=\"wp-block-list\">\n<li>Dzia\u0142ania os\u00f3b trzecich, w tym samych Klient\u00f3w, niezale\u017cne od Sp\u00f3\u0142ki.<\/li>\n<\/ul>\n\n<p>W\u0142asno\u015b\u0107 intelektualna i przemys\u0142owa<\/p>\n\n<p>Sp\u00f3\u0142ka jest wy\u0142\u0105cznym w\u0142a\u015bcicielem Serwisu. Jakiekolwiek powielanie Serwisu w ca\u0142o\u015bci lub w cz\u0119\u015bci jest zabronione.<\/p>\n\n<p>Wszelkie tre\u015bci prezentowane w Serwisie, a w szczeg\u00f3lno\u015bci wszelkie produkty, projekty, teksty, grafiki, logo, ikony, przyciski, oprogramowanie, nazwy handlowe, marki, rysunki przemys\u0142owe lub inne znaki nadaj\u0105ce si\u0119 do u\u017cytku przemys\u0142owego i komercyjnego podlegaj\u0105 prawu autorskiemu i prawa w\u0142asno\u015bci przemys\u0142owej Sp\u00f3\u0142ki lub jej zewn\u0119trznych w\u0142a\u015bcicieli, kt\u00f3rzy nale\u017cycie wyrazili zgod\u0119 na ich umieszczenie w Serwisie.<\/p>\n\n<p>W \u017cadnym przypadku nie b\u0119dzie rozumiane, \u017ce zosta\u0142a udzielona jakakolwiek licencja lub \u017ce wspomniane prawa zosta\u0142y zrzeczone, przekazane, przekazane w ca\u0142o\u015bci lub w cz\u0119\u015bci, ani \u017ce nie przyznano \u017cadnego prawa, w szczeg\u00f3lno\u015bci do modyfikowania, wykorzystywania, reprodukowania, rozpowszechniania lub publicznego udost\u0119pniania na wspomniane tre\u015bci bez uprzedniej wyra\u017anej zgody Sp\u00f3\u0142ki lub odpowiednich w\u0142a\u015bcicieli, w zwi\u0105zku z czym Klientowi nie wolno reprodukowa\u0107, przekszta\u0142ca\u0107, modyfikowa\u0107, demontowa\u0107, odtwarza\u0107 kodu \u017ar\u00f3d\u0142owego, rozpowszechnia\u0107, wynajmowa\u0107, po\u017cycza\u0107, udost\u0119pnia\u0107 ani umo\u017cliwia\u0107 publicznego dost\u0119pu w jakikolwiek spos\u00f3b publiczne udost\u0119pnianie kt\u00f3regokolwiek z element\u00f3w, o kt\u00f3rych mowa w poprzednim akapicie.<\/p>\n\n<p>Ciastka<\/p>\n\n<p>Serwis wykorzystuje pliki cookies, czyli pliki, kt\u00f3re podczas dost\u0119pu do niego pobierane s\u0105 na urz\u0105dzenie Klienta. Pliki cookies pozwalaj\u0105 nam mi\u0119dzy innymi zrozumie\u0107, w jaki spos\u00f3b Klienci poruszaj\u0105 si\u0119 po Serwisie, przechowywa\u0107 i pobiera\u0107 informacje zwi\u0105zane z nawigacj\u0105 i zwyczajami Klient\u00f3w.<\/p>\n\n<p>Witryna korzysta z plik\u00f3w cookie w\u0142asnych i podmiot\u00f3w zewn\u0119trznych, kt\u00f3re umo\u017cliwiaj\u0105 zapami\u0119tywanie danych przegl\u0105dania w celu poprawy komfortu przegl\u0105dania. Klient mo\u017ce skonfigurowa\u0107 swoj\u0105 przegl\u0105dark\u0119 internetow\u0105 tak, aby usuwa\u0142a, blokowa\u0142a lub otrzymywa\u0142a ostrze\u017cenia w przypadku zainstalowania plik\u00f3w cookies, z zastrze\u017ceniem faktu, \u017ce aby m\u00f3c korzysta\u0107 z niekt\u00f3rych us\u0142ug w Serwisie, nale\u017cy w\u0142\u0105czy\u0107 obs\u0142ug\u0119 plik\u00f3w cookies.<\/p>\n\n<p>Pliki cookies wykorzystywane w Serwisie to:<\/p>\n\n<ul class=\"wp-block-list\">\n<li>Techniczne pliki cookie: umo\u017cliwiaj\u0105 Klientowi korzystanie z r\u00f3\u017cnych opcji nawigacji lub us\u0142ug Serwisu, takich jak identyfikacja sesji lub przeprowadzenie procesu zakupowego lub rejestracji.<\/li>\n<\/ul>\n\n<ul class=\"wp-block-list\">\n<li>Pliki cookie s\u0142u\u017c\u0105ce do personalizacji: umo\u017cliwiaj\u0105 Klientowi dost\u0119p do us\u0142ugi o wst\u0119pnie zdefiniowanych cechach og\u00f3lnych, takich jak ustawienia j\u0119zyka lub kraju.<\/li>\n<\/ul>\n\n<ul class=\"wp-block-list\">\n<li>Analityczne pliki cookies: s\u0142u\u017c\u0105 do \u015bledzenia zachowa\u0144 Klient\u00f3w na naszej stronie internetowej, w celu wprowadzania ulepsze\u0144 w Serwisie.<\/li>\n<\/ul>\n\n<ul class=\"wp-block-list\">\n<li>Cookies reklamowe i reklamy behawioralnej: przechowuj\u0105 informacje o zachowaniu Klienta i dopasowuj\u0105 do niego reklamy.<\/li>\n<\/ul>\n\n<p>Kontakt<\/p>\n\n<p>Jeste\u015bmy do Twojej pe\u0142nej dyspozycji, aby odpowiedzie\u0107 na Twoje pytania, sugestie lub uwagi dotycz\u0105ce naszej firmy, naszych produkt\u00f3w, naszej strony internetowej lub naszej polityki prywatno\u015bci. W tym celu mo\u017cesz skontaktowa\u0107 si\u0119 z nami za po\u015brednictwem adresu e-mail, numeru telefonu lub numeru faksu, kt\u00f3ry widnieje w informacjach sprzedawcy.<\/p>\n\n<p>Nasze godziny obs\u0142ugi klienta s\u0105 czynne od poniedzia\u0142ku do pi\u0105tku w godzinach 8:00\u201318:00.<\/p>\n\t\t\t\t\t\t\t\t<\/div>\n\t\t\t\t\t<\/div>\n\t\t\t\t<\/div>\n\t\t\t\t<\/div>","protected":false},"excerpt":{"rendered":"<p>Dane sprzedawcy W\u0142a\u015bciciel: ARC TECH SOLUTIONS SL Adres: Carrer Castell N1, lewy dolny r\u00f3g, 46970 Alaquas (Walencja) NIF:<\/p>","protected":false},"author":1,"featured_media":0,"parent":45,"menu_order":0,"comment_status":"closed","ping_status":"closed","template":"elementor_header_footer","meta":{"footnotes":""},"class_list":["post-74","page","type-page","status-publish","hentry"],"yoast_head":"<!-- This site is optimized with the Yoast SEO Premium plugin v24.9 (Yoast SEO v26.1) - https:\/\/yoast.com\/wordpress\/plugins\/seo\/ -->\n<title>aviso legal - distribuci\u00f3n ARC<\/title>\n<meta name=\"robots\" content=\"index, follow, max-snippet:-1, max-image-preview:large, max-video-preview:-1\" \/>\n<link rel=\"canonical\" href=\"https:\/\/distribucionarc.com\/pl\/poczatek\/ostrzezenie-prawne\/\" \/>\n<meta property=\"og:locale\" content=\"pl_PL\" \/>\n<meta property=\"og:type\" content=\"article\" \/>\n<meta property=\"og:title\" content=\"aviso legal\" \/>\n<meta property=\"og:description\" content=\"aviso legal Datos del vendedor Titular: ARC TECH SOLUTIONS S.L Direcci\u00f3n: carrer castell n1 bajo izquierda 46970 alaquas (valencia) N.I.F.:\" \/>\n<meta property=\"og:url\" content=\"https:\/\/distribucionarc.com\/pl\/poczatek\/ostrzezenie-prawne\/\" \/>\n<meta property=\"og:site_name\" content=\"distribuci\u00f3n ARC\" \/>\n<meta property=\"article:modified_time\" content=\"2025-05-06T13:58:50+00:00\" \/>\n<meta property=\"og:image\" content=\"https:\/\/distribucionarc.com\/wp-content\/uploads\/2024\/12\/icono-arc.jpg\" \/>\n\t<meta property=\"og:image:width\" content=\"612\" \/>\n\t<meta property=\"og:image:height\" content=\"792\" \/>\n\t<meta property=\"og:image:type\" content=\"image\/jpeg\" \/>\n<meta name=\"twitter:card\" content=\"summary_large_image\" \/>\n<meta name=\"twitter:label1\" content=\"Szacowany czas czytania\" \/>\n\t<meta name=\"twitter:data1\" content=\"8 minut\" \/>\n<script type=\"application\/ld+json\" class=\"yoast-schema-graph\">{\"@context\":\"https:\/\/schema.org\",\"@graph\":[{\"@type\":\"WebPage\",\"@id\":\"https:\/\/distribucionarc.com\/pt\/inicio\/aviso-legal\/\",\"url\":\"https:\/\/distribucionarc.com\/pt\/inicio\/aviso-legal\/\",\"name\":\"aviso legal - distribuci\u00f3n ARC\",\"isPartOf\":{\"@id\":\"https:\/\/distribucionarc.com\/de\/#website\"},\"datePublished\":\"2020-04-15T09:38:42+00:00\",\"dateModified\":\"2025-05-06T13:58:50+00:00\",\"breadcrumb\":{\"@id\":\"https:\/\/distribucionarc.com\/pt\/inicio\/aviso-legal\/#breadcrumb\"},\"inLanguage\":\"pl-PL\",\"potentialAction\":[{\"@type\":\"ReadAction\",\"target\":[\"https:\/\/distribucionarc.com\/pt\/inicio\/aviso-legal\/\"]}]},{\"@type\":\"BreadcrumbList\",\"@id\":\"https:\/\/distribucionarc.com\/pt\/inicio\/aviso-legal\/#breadcrumb\",\"itemListElement\":[{\"@type\":\"ListItem\",\"position\":1,\"name\":\"Portada\",\"item\":\"https:\/\/distribucionarc.com\/pl\/\"},{\"@type\":\"ListItem\",\"position\":2,\"name\":\"inicio\",\"item\":\"https:\/\/distribucionarc.com\/pt\/inicio\/\"},{\"@type\":\"ListItem\",\"position\":3,\"name\":\"aviso legal\"}]},{\"@type\":\"WebSite\",\"@id\":\"https:\/\/distribucionarc.com\/de\/#website\",\"url\":\"https:\/\/distribucionarc.com\/de\/\",\"name\":\"distribuci\u00f3n ARC\",\"description\":\"Empresa especializada en la fabricaci\u00f3n y distribuci\u00f3n de maquinaria industrial, selladoras de latas, Maquinas de hacer pastillas, Maquinas de cortar carne...\",\"publisher\":{\"@id\":\"https:\/\/distribucionarc.com\/de\/#organization\"},\"potentialAction\":[{\"@type\":\"SearchAction\",\"target\":{\"@type\":\"EntryPoint\",\"urlTemplate\":\"https:\/\/distribucionarc.com\/de\/?s={search_term_string}\"},\"query-input\":{\"@type\":\"PropertyValueSpecification\",\"valueRequired\":true,\"valueName\":\"search_term_string\"}}],\"inLanguage\":\"pl-PL\"},{\"@type\":\"Organization\",\"@id\":\"https:\/\/distribucionarc.com\/de\/#organization\",\"name\":\"Distribuci\u00f3n ARC\",\"url\":\"https:\/\/distribucionarc.com\/de\/\",\"logo\":{\"@type\":\"ImageObject\",\"inLanguage\":\"pl-PL\",\"@id\":\"https:\/\/distribucionarc.com\/de\/#\/schema\/logo\/image\/\",\"url\":\"https:\/\/distribucionarc.com\/wp-content\/uploads\/2024\/10\/distribucion-ARC-COLOR-SIN-FONDO-e1732295305345.png\",\"contentUrl\":\"https:\/\/distribucionarc.com\/wp-content\/uploads\/2024\/10\/distribucion-ARC-COLOR-SIN-FONDO-e1732295305345.png\",\"width\":1164,\"height\":558,\"caption\":\"Distribuci\u00f3n ARC\"},\"image\":{\"@id\":\"https:\/\/distribucionarc.com\/de\/#\/schema\/logo\/image\/\"},\"description\":\"Empresa especializada en la fabricaci\u00f3n y distribuci\u00f3n de maquinaria industrial para los sectores alimentario y farmac\u00e9utico. Nos especializamos en: M\u00e1quinas de cortar carne Fabricaci\u00f3n de comprimidos Sistemas de transporte industrial L\u00edneas de embotellado Dosificadores Y mucho m\u00e1s... Ofrecemos soluciones innovadoras y personalizadas para optimizar los procesos productivos de tu empresa.\",\"email\":\"Admistracion@distribucionarc.com\",\"telephone\":\"+34 643496664\",\"legalName\":\"ARC TECH SOLUTIONS\",\"foundingDate\":\"2024-04-09\",\"vatID\":\"B55480172\",\"numberOfEmployees\":{\"@type\":\"QuantitativeValue\",\"minValue\":\"1\",\"maxValue\":\"10\"}}]}<\/script>\n<!-- \/ Yoast SEO Premium plugin. -->","yoast_head_json":{"title":"nota prawna - dystrybucja ARC","robots":{"index":"index","follow":"follow","max-snippet":"max-snippet:-1","max-image-preview":"max-image-preview:large","max-video-preview":"max-video-preview:-1"},"canonical":"https:\/\/distribucionarc.com\/pl\/poczatek\/ostrzezenie-prawne\/","og_locale":"pl_PL","og_type":"article","og_title":"aviso legal","og_description":"aviso legal Datos del vendedor Titular: ARC TECH SOLUTIONS S.L Direcci\u00f3n: carrer castell n1 bajo izquierda 46970 alaquas (valencia) N.I.F.:","og_url":"https:\/\/distribucionarc.com\/pl\/poczatek\/ostrzezenie-prawne\/","og_site_name":"distribuci\u00f3n ARC","article_modified_time":"2025-05-06T13:58:50+00:00","og_image":[{"width":612,"height":792,"url":"https:\/\/distribucionarc.com\/wp-content\/uploads\/2024\/12\/icono-arc.jpg","type":"image\/jpeg"}],"twitter_card":"summary_large_image","twitter_misc":{"Szacowany czas czytania":"8 minut"},"schema":{"@context":"https:\/\/schema.org","@graph":[{"@type":"WebPage","@id":"https:\/\/distribucionarc.com\/pt\/inicio\/aviso-legal\/","url":"https:\/\/distribucionarc.com\/pt\/inicio\/aviso-legal\/","name":"nota prawna - dystrybucja ARC","isPartOf":{"@id":"https:\/\/distribucionarc.com\/de\/#website"},"datePublished":"2020-04-15T09:38:42+00:00","dateModified":"2025-05-06T13:58:50+00:00","breadcrumb":{"@id":"https:\/\/distribucionarc.com\/pt\/inicio\/aviso-legal\/#breadcrumb"},"inLanguage":"pl-PL","potentialAction":[{"@type":"ReadAction","target":["https:\/\/distribucionarc.com\/pt\/inicio\/aviso-legal\/"]}]},{"@type":"BreadcrumbList","@id":"https:\/\/distribucionarc.com\/pt\/inicio\/aviso-legal\/#breadcrumb","itemListElement":[{"@type":"ListItem","position":1,"name":"Portada","item":"https:\/\/distribucionarc.com\/pl\/"},{"@type":"ListItem","position":2,"name":"inicio","item":"https:\/\/distribucionarc.com\/pt\/inicio\/"},{"@type":"ListItem","position":3,"name":"aviso legal"}]},{"@type":"WebSite","@id":"https:\/\/distribucionarc.com\/de\/#website","url":"https:\/\/distribucionarc.com\/de\/","name":"Dystrybucja ARC","description":"Firma specjalizuj\u0105ca si\u0119 w produkcji i dystrybucji maszyn przemys\u0142owych, zgrzewarek do puszek, maszyn do produkcji tabletek, maszyn do ci\u0119cia mi\u0119sa...","publisher":{"@id":"https:\/\/distribucionarc.com\/de\/#organization"},"potentialAction":[{"@type":"SearchAction","target":{"@type":"EntryPoint","urlTemplate":"https:\/\/distribucionarc.com\/de\/?s={search_term_string}"},"query-input":{"@type":"PropertyValueSpecification","valueRequired":true,"valueName":"search_term_string"}}],"inLanguage":"pl-PL"},{"@type":"Organization","@id":"https:\/\/distribucionarc.com\/de\/#organization","name":"Dystrybucja ARC","url":"https:\/\/distribucionarc.com\/de\/","logo":{"@type":"ImageObject","inLanguage":"pl-PL","@id":"https:\/\/distribucionarc.com\/de\/#\/schema\/logo\/image\/","url":"https:\/\/distribucionarc.com\/wp-content\/uploads\/2024\/10\/distribucion-ARC-COLOR-SIN-FONDO-e1732295305345.png","contentUrl":"https:\/\/distribucionarc.com\/wp-content\/uploads\/2024\/10\/distribucion-ARC-COLOR-SIN-FONDO-e1732295305345.png","width":1164,"height":558,"caption":"Distribuci\u00f3n ARC"},"image":{"@id":"https:\/\/distribucionarc.com\/de\/#\/schema\/logo\/image\/"},"description":"Firma specjalizuj\u0105ca si\u0119 w produkcji i dystrybucji maszyn przemys\u0142owych dla sektora spo\u017cywczego i farmaceutycznego. Specjalizujemy si\u0119 w: Maszyny do krojenia mi\u0119sa Produkcja tabletek Przemys\u0142owe systemy transportowe Linie butelkuj\u0105ce Dozowniki I wiele wi\u0119cej.... Oferujemy innowacyjne i niestandardowe rozwi\u0105zania w celu optymalizacji proces\u00f3w produkcyjnych w Twojej firmie.","email":"Admistracion@distribucionarc.com","telephone":"+34 643496664","legalName":"ARC TECH SOLUTIONS","foundingDate":"2024-04-09","vatID":"B55480172","numberOfEmployees":{"@type":"QuantitativeValue","minValue":"1","maxValue":"10"}}]}},"_links":{"self":[{"href":"https:\/\/distribucionarc.com\/pl\/wp-json\/wp\/v2\/pages\/74","targetHints":{"allow":["GET"]}}],"collection":[{"href":"https:\/\/distribucionarc.com\/pl\/wp-json\/wp\/v2\/pages"}],"about":[{"href":"https:\/\/distribucionarc.com\/pl\/wp-json\/wp\/v2\/types\/page"}],"author":[{"embeddable":true,"href":"https:\/\/distribucionarc.com\/pl\/wp-json\/wp\/v2\/users\/1"}],"replies":[{"embeddable":true,"href":"https:\/\/distribucionarc.com\/pl\/wp-json\/wp\/v2\/comments?post=74"}],"version-history":[{"count":5,"href":"https:\/\/distribucionarc.com\/pl\/wp-json\/wp\/v2\/pages\/74\/revisions"}],"predecessor-version":[{"id":17442,"href":"https:\/\/distribucionarc.com\/pl\/wp-json\/wp\/v2\/pages\/74\/revisions\/17442"}],"up":[{"embeddable":true,"href":"https:\/\/distribucionarc.com\/pl\/wp-json\/wp\/v2\/pages\/45"}],"wp:attachment":[{"href":"https:\/\/distribucionarc.com\/pl\/wp-json\/wp\/v2\/media?parent=74"}],"curies":[{"name":"wp","href":"https:\/\/api.w.org\/{rel}","templated":true}]}}