{"id":1016,"date":"2020-07-16T08:03:41","date_gmt":"2020-07-16T08:03:41","guid":{"rendered":"https:\/\/distribucionarc.com\/?post_type=product&#038;p=1016"},"modified":"2020-09-26T16:03:34","modified_gmt":"2020-09-26T16:03:34","slug":"prezentacja-wystawcy-hot-25-pc","status":"publish","type":"product","link":"https:\/\/distribucionarc.com\/pl\/producto\/vitrina-expositor-caliente-25-pza\/","title":{"rendered":"Witryna \u015brednio gor\u0105ca, 4 poziomy"},"content":{"rendered":"<h2>Witryna \u015brednio gor\u0105ca, 4 poziomy.<\/h2>\n<p>Je\u015bli szukasz idealnego rozwi\u0105zania, kt\u00f3re pozwoli Ci utrzyma\u0107 ciep\u0142o potraw w temperaturze serwowania przez kilka godzin w obszarach \u201eeksponowania i sprzeda\u017cy\u201d, szukasz<strong>\u00a0grzejniki<\/strong>\u00a0I\u00a0<strong>gabloty do ekspozycji gor\u0105cej \u017cywno\u015bci<\/strong>\u00a0z\u00a0<strong><span style=\"color: #ff0000;\">DO<\/span><span style=\"color: #0000ff;\">R<\/span>C<\/strong>. The\u00a0<strong>gor\u0105ca gablota<\/strong>\u00a0z\u00a0<strong><span style=\"color: #ff0000;\">DO<\/span><span style=\"color: #0000ff;\">R<\/span>C<\/strong>\u00a0oferuje rozwi\u0105zania w zakresie wyposa\u017cenia kawiarni, bufet\u00f3w, sklep\u00f3w i restauracji.<\/p>\n<p>Ten\u00a0<strong>gablota<\/strong>\u00a0<strong>gor\u0105cy\u00a0<span style=\"color: #ff0000;\">DO<\/span><span style=\"color: #0000ff;\">R<\/span>C<\/strong>\u00a0Blat ma solidn\u0105 ram\u0119 ze stali nierdzewnej, \u015bciany ze szk\u0142a hartowanego i drzwi akrylowe. Charakteryzuje si\u0119 wysok\u0105 stabilno\u015bci\u0105 i lepsz\u0105 widoczno\u015bci\u0105. Posiada \u0142atwo otwierane drzwiczki, hartowane szk\u0142o po\u0142\u0105czone z magnetycznym systemem zamykania. Zapewnia lepsze uszczelnienie drzwi.<\/p>\n<p>The\u00a0<strong>gor\u0105ca gablota\u00a0<span style=\"color: #ff0000;\">DO<\/span><span style=\"color: #0000ff;\">R<\/span>CVEC25<\/strong>\u00a0Posiada obrotowy przycisk termostatyczny, kt\u00f3ry pozwala wybra\u0107 najbardziej odpowiedni\u0105 temperatur\u0119 dla r\u00f3\u017cnych rodzaj\u00f3w \u017cywno\u015bci. Dwie warstwy koszy sk\u0142adaj\u0105 si\u0119 z 4 tac ze stali nierdzewnej o wymiarach 54 x 30 cm. Tace mo\u017cna wsuwa\u0107 i wysuwa\u0107, co zapewnia wi\u0119ksz\u0105 pojemno\u015b\u0107 podgrzewaczy patelni.<strong>\u00a0gor\u0105ce gabloty<\/strong>, zazwyczaj posiada wiaderka do uk\u0142adania jedzenia na barze, zwane tak\u017ce\u00a0<strong>gabloty wystawowe<\/strong>r, utrzymywane s\u0105 w odpowiedniej temperaturze dzi\u0119ki ciep\u0142u, w jakim zanurzone s\u0105 wiadra. Generalnie\u00a0<strong>gor\u0105ce witryny wystawowe<\/strong>\u00a0Bemar posiada odp\u0142yw u\u0142atwiaj\u0105cy konserwacj\u0119 i czyszczenie. Opr\u00f3cz przesuwanych drzwi, kt\u00f3re utrzymuj\u0105 temperatur\u0119 i nie marnuj\u0105 energii, zamieniaj\u0105 je w\u00a0<strong>wydajna maszyna konsumpcyjna<\/strong>.<\/p>\n<p>Dekoracyjne, ciep\u0142e \u015bwiat\u0142a uatrakcyjniaj\u0105 jedzenie i przyci\u0105gaj\u0105 wzrok klienta; z niezawodnym i bezpiecznym w\u0142\u0105cznikiem\/wy\u0142\u0105cznikiem, wodoodpornym, py\u0142oszczelnym i odpornym na up\u0142yw pr\u0105du; Na dole znajduje si\u0119 taca do zbierania oleju.<\/p>\n<h6><\/h6>\n<h6><strong>Gwarancja\u00a0<span style=\"color: #ff0000;\">DO<\/span><span style=\"color: #0000ff;\">R<\/span>C 2 LATA<\/strong><\/h6>\n<h6><span style=\"color: #008000;\">Wydajna, gor\u0105ca gablota, niskie zu\u017cycie energii 600 W<\/span><\/h6>\n<h6><strong>wsparcie techniczne w cenie.<\/strong><\/h6>\n<p>&nbsp;<\/p>\n<p>&nbsp;<\/p>\n<table role=\"presentation\" width=\"100%\" cellspacing=\"0\" cellpadding=\"0\">\n<tbody>\n<tr>\n<td class=\"attrLabels\">Temperatura:<\/td>\n<td width=\"50.0%\">30-85\u00b0C<\/td>\n<\/tr>\n<tr>\n<td class=\"attrLabels\">Kraj dystrybucji:<\/td>\n<td width=\"50.0%\">Hiszpania, Niemcy, USA<\/td>\n<td class=\"attrLabels\">Waga:<\/td>\n<td width=\"50.0%\">19 kg<\/td>\n<\/tr>\n<tr>\n<td class=\"attrLabels\">Marka:<\/td>\n<td width=\"50.0%\">\u0141UK<\/td>\n<td class=\"attrLabels\">Wysoko\u015b\u0107:<\/td>\n<td width=\"50.0%\">53cm<\/td>\n<\/tr>\n<tr>\n<td class=\"attrLabels\">Kolor:<\/td>\n<td width=\"50.0%\">Srebrny<\/td>\n<td class=\"attrLabels\">D\u0142ugi:<\/td>\n<td width=\"50.0%\">64cm<\/td>\n<\/tr>\n<tr>\n<td class=\"attrLabels\">Rodzaj produktu:<\/td>\n<td width=\"50.0%\">Gor\u0105ca gablota<\/td>\n<td class=\"attrLabels\">Szeroki:<\/td>\n<td width=\"50.0%\">34cm<\/td>\n<\/tr>\n<tr>\n<td class=\"attrLabels\">Numer producenta:<\/td>\n<td width=\"50.0%\">ARCVEC25<\/td>\n<td class=\"attrLabels\">Moc:<\/td>\n<td width=\"50.0%\">600 W<\/td>\n<\/tr>\n<tr>\n<td class=\"attrLabels\">Tworzywo:<\/td>\n<td width=\"50.0%\">stal nierdzewna, kontrola temperatury<\/td>\n<td class=\"attrLabels\">napi\u0119cie wej\u015bciowe<\/td>\n<td width=\"50.0%\">220 V \u2013 60 Hz<\/td>\n<\/tr>\n<tr>\n<td class=\"attrLabels\">Poziomy:<\/td>\n<td width=\"50.0%\">\u00a04<\/td>\n<td class=\"attrLabels\">Rozmiar kabiny:<\/td>\n<td width=\"50.0%\">30x54x9cm<\/td>\n<\/tr>\n<tr>\n<td class=\"attrLabels\">Narz\u0119dzia instalacyjne:<\/td>\n<td width=\"50.0%\">Tak<\/td>\n<td class=\"attrLabels\">Gwarancja:<\/td>\n<td width=\"50.0%\">2 LATA<\/td>\n<\/tr>\n<\/tbody>\n<\/table>","protected":false},"excerpt":{"rendered":"<h2>Witryna \u015brednio gor\u0105ca, 4 poziomy.<\/h2>\n<p>Mo\u017cesz tego u\u017cy\u0107<strong> gablota <span style=\"color: #ff0000;\">DO<\/span><span style=\"color: #0000ff;\">R<\/span>C<\/strong> w r\u00f3\u017cnorodnych \u015brodowiskach gastronomicznych, m.in <strong>kina<\/strong>, <strong>piekarnie<\/strong>,\u00a0<strong>kawiarnie<\/strong>,\u00a0<strong>restauracje typu fast food<\/strong>\u00a0i wiele innych plac\u00f3wek po\u015bwi\u0119conych\u00a0<strong>go\u015bcinno\u015b\u0107<\/strong>.<\/p>\n<p>On\u00a0<strong>gor\u0105cy wy\u015bwietlacz<\/strong> W zestawie 4 poziomy wspornik\u00f3w i 4 tace ze stali nierdzewnej, zapewniaj\u0105ce wi\u0119cej miejsca do przechowywania \u017cywno\u015bci o r\u00f3\u017cnej wielko\u015bci. Dekoracyjne, ciep\u0142e \u015bwiat\u0142a sprawiaj\u0105, \u017ce jedzenie jest bardziej atrakcyjne i przyci\u0105ga wzrok. W\u0142\u0105czanie\/wy\u0142\u0105czanie<strong>\u00a0gor\u0105c\u0105 gablot\u0119<\/strong>\u00a0z\u00a0<strong><span style=\"color: #ff0000;\">DO<\/span><span style=\"color: #0000ff;\">R<\/span>C<\/strong>\u00a0Jest niezawodny i poprawia wsp\u00f3\u0142czynnik bezpiecze\u0144stwa, a tym samym \u017cywotno\u015b\u0107 licznika; Opr\u00f3cz promowania A\u00a0<span style=\"color: #008000;\"><strong>efektywne zu\u017cycie energii<\/strong><\/span>. Posiada tac\u0119 na dole, na kt\u00f3r\u0105 zbiera si\u0119 olej, co u\u0142atwia czyszczenie. Posiada termostatyczn\u0105 regulacj\u0119 temperatury, tzw\u00a0<strong><span style=\"color: #ff0000;\">DO<\/span><span style=\"color: #0000ff;\">R<\/span>CVEC25<\/strong>\u00a0U\u0142atwia dostosowanie temperatury do r\u00f3\u017cnych rodzaj\u00f3w \u017cywno\u015bci.<\/p>\n<h6><strong>Gwarancja\u00a0<span style=\"color: #ff0000;\">DO<\/span><span style=\"color: #0000ff;\">R<\/span>C 2 LATA<\/strong><\/h6>\n<h6><span style=\"color: #008000;\">Wydajna, gor\u0105ca witryna, niskie zu\u017cycie energii 600 W<\/span><\/h6>\n<h6><strong>wsparcie techniczne w cenie<\/strong><\/h6>\n<p>&nbsp;<\/p>\n<p>&nbsp;<\/p>","protected":false},"featured_media":1022,"comment_status":"open","ping_status":"closed","template":"","meta":{"wds_primary_product_brand":0,"wds_primary_product_cat":0},"product_brand":[],"product_cat":[41],"product_tag":[],"class_list":{"0":"post-1016","1":"product","2":"type-product","3":"status-publish","4":"has-post-thumbnail","6":"product_cat-expositor-de-alimentos","7":"product_shipping_class-hosteleria","9":"first","10":"instock","11":"sale","12":"taxable","13":"shipping-taxable","14":"purchasable","15":"product-type-simple"},"yoast_head":"<!-- This site is optimized with the Yoast SEO Premium plugin v24.9 (Yoast SEO v26.1) - https:\/\/yoast.com\/wordpress\/plugins\/seo\/ -->\n<title>Vitrina expositor caliente mediano 4 niveles - distribuci\u00f3n ARC<\/title>\n<meta name=\"robots\" content=\"index, follow, max-snippet:-1, max-image-preview:large, max-video-preview:-1\" \/>\n<link rel=\"canonical\" href=\"https:\/\/distribucionarc.com\/pl\/produkty\/prezentacja-wystawcy-hot-25-pc\/\" \/>\n<meta property=\"og:locale\" content=\"pl_PL\" \/>\n<meta property=\"og:type\" content=\"article\" \/>\n<meta property=\"og:title\" content=\"Vitrina expositor caliente mediano 4 niveles\" \/>\n<meta property=\"og:description\" content=\"Vitrina expositor caliente mediano 4 niveles. Puede usar esta vitrina expositor de ARC en una amplia variedad de ambientes gastron\u00f3micos, incluyendo cines, panader\u00edas,\u00a0cafeter\u00edas,\u00a0restaurantes de comida r\u00e1pida\u00a0y muchos otros establecimientos dedicados a la\u00a0hosteler\u00eda.  El\u00a0expositor caliente viene con 4 niveles de soporte, 4 bandejas de acero inoxidable, proporcionando m\u00e1s espacio para almacenar alimentos de diferentes tama\u00f1os. Las luces c\u00e1lidas decorativas permiten que los alimentos sean m\u00e1s atractivos y llamativos. El encendido\/apagado de\u00a0la vitrina caliente\u00a0de\u00a0ARC\u00a0es fiable y mejora el factor de seguridad as\u00ed la vida \u00fatil del calentador de contador; adem\u00e1s de favorecer un\u00a0consumo energ\u00e9tico eficiente. Cuenta con una bandeja en la parte inferior para la recolecci\u00f3n de aceite para facilitar su limpieza. Dispone de una temperatura termost\u00e1tica ajustable, la\u00a0ARCVEC25\u00a0le facilita ajustar la temperatura seg\u00fan los distintos tipos de alimentos. Garant\u00eda\u00a0ARC 2 A\u00d1OS Vitrina expositora caliente eficiente, bajo consumo 600w soporte t\u00e9cnico incluido &nbsp;  &nbsp;\" \/>\n<meta property=\"og:url\" content=\"https:\/\/distribucionarc.com\/pl\/produkty\/prezentacja-wystawcy-hot-25-pc\/\" \/>\n<meta property=\"og:site_name\" content=\"distribuci\u00f3n ARC\" \/>\n<meta property=\"article:modified_time\" content=\"2020-09-26T16:03:34+00:00\" \/>\n<meta property=\"og:image\" content=\"https:\/\/distribucionarc.com\/wp-content\/uploads\/2020\/07\/Vitrina-expositor-caliente-25-0.jpg\" \/>\n\t<meta property=\"og:image:width\" content=\"1600\" \/>\n\t<meta property=\"og:image:height\" content=\"1600\" \/>\n\t<meta property=\"og:image:type\" content=\"image\/jpeg\" \/>\n<meta name=\"twitter:card\" content=\"summary_large_image\" \/>\n<meta name=\"twitter:label1\" content=\"Szacowany czas czytania\" \/>\n\t<meta name=\"twitter:data1\" content=\"2 minuty\" \/>\n<script type=\"application\/ld+json\" class=\"yoast-schema-graph\">{\"@context\":\"https:\/\/schema.org\",\"@graph\":[{\"@type\":\"WebPage\",\"@id\":\"https:\/\/distribucionarc.com\/pl\/producto\/vitrina-expositor-caliente-25-pza\/\",\"url\":\"https:\/\/distribucionarc.com\/pl\/producto\/vitrina-expositor-caliente-25-pza\/\",\"name\":\"Vitrina expositor caliente mediano 4 niveles - distribuci\u00f3n ARC\",\"isPartOf\":{\"@id\":\"https:\/\/distribucionarc.com\/ro\/#website\"},\"primaryImageOfPage\":{\"@id\":\"https:\/\/distribucionarc.com\/pl\/producto\/vitrina-expositor-caliente-25-pza\/#primaryimage\"},\"image\":{\"@id\":\"https:\/\/distribucionarc.com\/pl\/producto\/vitrina-expositor-caliente-25-pza\/#primaryimage\"},\"thumbnailUrl\":\"https:\/\/distribucionarc.com\/wp-content\/uploads\/2020\/07\/Vitrina-expositor-caliente-25-0.jpg\",\"datePublished\":\"2020-07-16T08:03:41+00:00\",\"dateModified\":\"2020-09-26T16:03:34+00:00\",\"breadcrumb\":{\"@id\":\"https:\/\/distribucionarc.com\/pl\/producto\/vitrina-expositor-caliente-25-pza\/#breadcrumb\"},\"inLanguage\":\"pl-PL\",\"potentialAction\":[{\"@type\":\"ReadAction\",\"target\":[\"https:\/\/distribucionarc.com\/pl\/producto\/vitrina-expositor-caliente-25-pza\/\"]}]},{\"@type\":\"ImageObject\",\"inLanguage\":\"pl-PL\",\"@id\":\"https:\/\/distribucionarc.com\/pl\/producto\/vitrina-expositor-caliente-25-pza\/#primaryimage\",\"url\":\"https:\/\/distribucionarc.com\/wp-content\/uploads\/2020\/07\/Vitrina-expositor-caliente-25-0.jpg\",\"contentUrl\":\"https:\/\/distribucionarc.com\/wp-content\/uploads\/2020\/07\/Vitrina-expositor-caliente-25-0.jpg\",\"width\":1600,\"height\":1600,\"caption\":\"Vitrina expositor caliente 25\"},{\"@type\":\"BreadcrumbList\",\"@id\":\"https:\/\/distribucionarc.com\/pl\/producto\/vitrina-expositor-caliente-25-pza\/#breadcrumb\",\"itemListElement\":[{\"@type\":\"ListItem\",\"position\":1,\"name\":\"Portada\",\"item\":\"https:\/\/distribucionarc.com\/ar\/\"},{\"@type\":\"ListItem\",\"position\":2,\"name\":\"Proizvodi\",\"item\":\"https:\/\/www.distribucionarc.com\/hr\/ducan\/\"},{\"@type\":\"ListItem\",\"position\":3,\"name\":\"Vitrina expositor caliente mediano 4 niveles\"}]},{\"@type\":\"WebSite\",\"@id\":\"https:\/\/distribucionarc.com\/ro\/#website\",\"url\":\"https:\/\/distribucionarc.com\/ro\/\",\"name\":\"distribuci\u00f3n ARC\",\"description\":\"Empresa especializada en la fabricaci\u00f3n y distribuci\u00f3n de maquinaria industrial, selladoras de latas, Maquinas de hacer pastillas, Maquinas de cortar carne...\",\"publisher\":{\"@id\":\"https:\/\/distribucionarc.com\/ro\/#organization\"},\"potentialAction\":[{\"@type\":\"SearchAction\",\"target\":{\"@type\":\"EntryPoint\",\"urlTemplate\":\"https:\/\/distribucionarc.com\/ro\/?s={search_term_string}\"},\"query-input\":{\"@type\":\"PropertyValueSpecification\",\"valueRequired\":true,\"valueName\":\"search_term_string\"}}],\"inLanguage\":\"pl-PL\"},{\"@type\":\"Organization\",\"@id\":\"https:\/\/distribucionarc.com\/ro\/#organization\",\"name\":\"Distribuci\u00f3n ARC\",\"url\":\"https:\/\/distribucionarc.com\/ro\/\",\"logo\":{\"@type\":\"ImageObject\",\"inLanguage\":\"pl-PL\",\"@id\":\"https:\/\/distribucionarc.com\/ro\/#\/schema\/logo\/image\/\",\"url\":\"https:\/\/distribucionarc.com\/wp-content\/uploads\/2024\/10\/distribucion-ARC-COLOR-SIN-FONDO-e1732295305345.png\",\"contentUrl\":\"https:\/\/distribucionarc.com\/wp-content\/uploads\/2024\/10\/distribucion-ARC-COLOR-SIN-FONDO-e1732295305345.png\",\"width\":1164,\"height\":558,\"caption\":\"Distribuci\u00f3n ARC\"},\"image\":{\"@id\":\"https:\/\/distribucionarc.com\/ro\/#\/schema\/logo\/image\/\"},\"description\":\"Empresa especializada en la fabricaci\u00f3n y distribuci\u00f3n de maquinaria industrial para los sectores alimentario y farmac\u00e9utico. Nos especializamos en: M\u00e1quinas de cortar carne Fabricaci\u00f3n de comprimidos Sistemas de transporte industrial L\u00edneas de embotellado Dosificadores Y mucho m\u00e1s... Ofrecemos soluciones innovadoras y personalizadas para optimizar los procesos productivos de tu empresa.\",\"email\":\"Admistracion@distribucionarc.com\",\"telephone\":\"+34 643496664\",\"legalName\":\"ARC TECH SOLUTIONS\",\"foundingDate\":\"2024-04-09\",\"vatID\":\"B55480172\",\"numberOfEmployees\":{\"@type\":\"QuantitativeValue\",\"minValue\":\"1\",\"maxValue\":\"10\"}}]}<\/script>\n<!-- \/ Yoast SEO Premium plugin. -->","yoast_head_json":{"title":"Witryna \u015brednio gor\u0105ca 4 poziomy - dystrybucja \u0142uku","robots":{"index":"index","follow":"follow","max-snippet":"max-snippet:-1","max-image-preview":"max-image-preview:large","max-video-preview":"max-video-preview:-1"},"canonical":"https:\/\/distribucionarc.com\/pl\/produkty\/prezentacja-wystawcy-hot-25-pc\/","og_locale":"pl_PL","og_type":"article","og_title":"Vitrina expositor caliente mediano 4 niveles","og_description":"Vitrina expositor caliente mediano 4 niveles. Puede usar esta vitrina expositor de ARC en una amplia variedad de ambientes gastron\u00f3micos, incluyendo cines, panader\u00edas,\u00a0cafeter\u00edas,\u00a0restaurantes de comida r\u00e1pida\u00a0y muchos otros establecimientos dedicados a la\u00a0hosteler\u00eda.  El\u00a0expositor caliente viene con 4 niveles de soporte, 4 bandejas de acero inoxidable, proporcionando m\u00e1s espacio para almacenar alimentos de diferentes tama\u00f1os. Las luces c\u00e1lidas decorativas permiten que los alimentos sean m\u00e1s atractivos y llamativos. El encendido\/apagado de\u00a0la vitrina caliente\u00a0de\u00a0ARC\u00a0es fiable y mejora el factor de seguridad as\u00ed la vida \u00fatil del calentador de contador; adem\u00e1s de favorecer un\u00a0consumo energ\u00e9tico eficiente. Cuenta con una bandeja en la parte inferior para la recolecci\u00f3n de aceite para facilitar su limpieza. Dispone de una temperatura termost\u00e1tica ajustable, la\u00a0ARCVEC25\u00a0le facilita ajustar la temperatura seg\u00fan los distintos tipos de alimentos. Garant\u00eda\u00a0ARC 2 A\u00d1OS Vitrina expositora caliente eficiente, bajo consumo 600w soporte t\u00e9cnico incluido &nbsp;  &nbsp;","og_url":"https:\/\/distribucionarc.com\/pl\/produkty\/prezentacja-wystawcy-hot-25-pc\/","og_site_name":"distribuci\u00f3n ARC","article_modified_time":"2020-09-26T16:03:34+00:00","og_image":[{"width":1600,"height":1600,"url":"https:\/\/distribucionarc.com\/wp-content\/uploads\/2020\/07\/Vitrina-expositor-caliente-25-0.jpg","type":"image\/jpeg"}],"twitter_card":"summary_large_image","twitter_misc":{"Szacowany czas czytania":"2 minuty"},"schema":{"@context":"https:\/\/schema.org","@graph":[{"@type":"WebPage","@id":"https:\/\/distribucionarc.com\/pl\/producto\/vitrina-expositor-caliente-25-pza\/","url":"https:\/\/distribucionarc.com\/pl\/producto\/vitrina-expositor-caliente-25-pza\/","name":"Witryna \u015brednio gor\u0105ca 4 poziomy - dystrybucja \u0142uku","isPartOf":{"@id":"https:\/\/distribucionarc.com\/ro\/#website"},"primaryImageOfPage":{"@id":"https:\/\/distribucionarc.com\/pl\/producto\/vitrina-expositor-caliente-25-pza\/#primaryimage"},"image":{"@id":"https:\/\/distribucionarc.com\/pl\/producto\/vitrina-expositor-caliente-25-pza\/#primaryimage"},"thumbnailUrl":"https:\/\/distribucionarc.com\/wp-content\/uploads\/2020\/07\/Vitrina-expositor-caliente-25-0.jpg","datePublished":"2020-07-16T08:03:41+00:00","dateModified":"2020-09-26T16:03:34+00:00","breadcrumb":{"@id":"https:\/\/distribucionarc.com\/pl\/producto\/vitrina-expositor-caliente-25-pza\/#breadcrumb"},"inLanguage":"pl-PL","potentialAction":[{"@type":"ReadAction","target":["https:\/\/distribucionarc.com\/pl\/producto\/vitrina-expositor-caliente-25-pza\/"]}]},{"@type":"ImageObject","inLanguage":"pl-PL","@id":"https:\/\/distribucionarc.com\/pl\/producto\/vitrina-expositor-caliente-25-pza\/#primaryimage","url":"https:\/\/distribucionarc.com\/wp-content\/uploads\/2020\/07\/Vitrina-expositor-caliente-25-0.jpg","contentUrl":"https:\/\/distribucionarc.com\/wp-content\/uploads\/2020\/07\/Vitrina-expositor-caliente-25-0.jpg","width":1600,"height":1600,"caption":"Vitrina expositor caliente 25"},{"@type":"BreadcrumbList","@id":"https:\/\/distribucionarc.com\/pl\/producto\/vitrina-expositor-caliente-25-pza\/#breadcrumb","itemListElement":[{"@type":"ListItem","position":1,"name":"Portada","item":"https:\/\/distribucionarc.com\/ar\/"},{"@type":"ListItem","position":2,"name":"Proizvodi","item":"https:\/\/www.distribucionarc.com\/hr\/ducan\/"},{"@type":"ListItem","position":3,"name":"Vitrina expositor caliente mediano 4 niveles"}]},{"@type":"WebSite","@id":"https:\/\/distribucionarc.com\/ro\/#website","url":"https:\/\/distribucionarc.com\/ro\/","name":"Dystrybucja ARC","description":"Firma specjalizuj\u0105ca si\u0119 w produkcji i dystrybucji maszyn przemys\u0142owych, zgrzewarek do puszek, maszyn do produkcji tabletek, maszyn do ci\u0119cia mi\u0119sa...","publisher":{"@id":"https:\/\/distribucionarc.com\/ro\/#organization"},"potentialAction":[{"@type":"SearchAction","target":{"@type":"EntryPoint","urlTemplate":"https:\/\/distribucionarc.com\/ro\/?s={search_term_string}"},"query-input":{"@type":"PropertyValueSpecification","valueRequired":true,"valueName":"search_term_string"}}],"inLanguage":"pl-PL"},{"@type":"Organization","@id":"https:\/\/distribucionarc.com\/ro\/#organization","name":"Dystrybucja ARC","url":"https:\/\/distribucionarc.com\/ro\/","logo":{"@type":"ImageObject","inLanguage":"pl-PL","@id":"https:\/\/distribucionarc.com\/ro\/#\/schema\/logo\/image\/","url":"https:\/\/distribucionarc.com\/wp-content\/uploads\/2024\/10\/distribucion-ARC-COLOR-SIN-FONDO-e1732295305345.png","contentUrl":"https:\/\/distribucionarc.com\/wp-content\/uploads\/2024\/10\/distribucion-ARC-COLOR-SIN-FONDO-e1732295305345.png","width":1164,"height":558,"caption":"Distribuci\u00f3n ARC"},"image":{"@id":"https:\/\/distribucionarc.com\/ro\/#\/schema\/logo\/image\/"},"description":"Firma specjalizuj\u0105ca si\u0119 w produkcji i dystrybucji maszyn przemys\u0142owych dla sektora spo\u017cywczego i farmaceutycznego. Specjalizujemy si\u0119 w: Maszyny do krojenia mi\u0119sa Produkcja tabletek Przemys\u0142owe systemy transportowe Linie butelkuj\u0105ce Dozowniki I wiele wi\u0119cej.... Oferujemy innowacyjne i niestandardowe rozwi\u0105zania w celu optymalizacji proces\u00f3w produkcyjnych w Twojej firmie.","email":"Admistracion@distribucionarc.com","telephone":"+34 643496664","legalName":"ARC TECH SOLUTIONS","foundingDate":"2024-04-09","vatID":"B55480172","numberOfEmployees":{"@type":"QuantitativeValue","minValue":"1","maxValue":"10"}}]}},"_links":{"self":[{"href":"https:\/\/distribucionarc.com\/pl\/wp-json\/wp\/v2\/product\/1016","targetHints":{"allow":["GET"]}}],"collection":[{"href":"https:\/\/distribucionarc.com\/pl\/wp-json\/wp\/v2\/product"}],"about":[{"href":"https:\/\/distribucionarc.com\/pl\/wp-json\/wp\/v2\/types\/product"}],"replies":[{"embeddable":true,"href":"https:\/\/distribucionarc.com\/pl\/wp-json\/wp\/v2\/comments?post=1016"}],"version-history":[{"count":0,"href":"https:\/\/distribucionarc.com\/pl\/wp-json\/wp\/v2\/product\/1016\/revisions"}],"wp:featuredmedia":[{"embeddable":true,"href":"https:\/\/distribucionarc.com\/pl\/wp-json\/wp\/v2\/media\/1022"}],"wp:attachment":[{"href":"https:\/\/distribucionarc.com\/pl\/wp-json\/wp\/v2\/media?parent=1016"}],"wp:term":[{"taxonomy":"product_brand","embeddable":true,"href":"https:\/\/distribucionarc.com\/pl\/wp-json\/wp\/v2\/product_brand?post=1016"},{"taxonomy":"product_cat","embeddable":true,"href":"https:\/\/distribucionarc.com\/pl\/wp-json\/wp\/v2\/product_cat?post=1016"},{"taxonomy":"product_tag","embeddable":true,"href":"https:\/\/distribucionarc.com\/pl\/wp-json\/wp\/v2\/product_tag?post=1016"}],"curies":[{"name":"wp","href":"https:\/\/api.w.org\/{rel}","templated":true}]}}