{"id":1115,"date":"2020-07-16T15:52:59","date_gmt":"2020-07-16T15:52:59","guid":{"rendered":"https:\/\/distribucionarc.com\/?post_type=product&#038;p=1115"},"modified":"2024-09-08T07:07:35","modified_gmt":"2024-09-08T07:07:35","slug":"hot-dog-skewer-gofrownica","status":"publish","type":"product","link":"https:\/\/distribucionarc.com\/pl\/producto\/gofrera-de-brocheta-perrito-caliente\/","title":{"rendered":"Gofrownica do szasz\u0142yk\u00f3w z hot dogami"},"content":{"rendered":"<h3>Gofrownica do szasz\u0142yk\u00f3w z hot dogami<\/h3>\n<p><strong>Maszyna do gofr\u00f3w <span style=\"color: #ff0000;\">DO<\/span><span style=\"color: #0000ff;\">R<\/span>C <\/strong>Wykonany jest ze stali nierdzewnej, jest trwa\u0142y, mocny i \u0142atwy w czyszczeniu. Posiada \u017celiwn\u0105 p\u0142yt\u0119 grzejn\u0105 z pow\u0142ok\u0105 teflonow\u0105, kt\u00f3ra zapobiega <strong>Kukurydziany pies<\/strong> przykleja si\u0119 do powierzchni i jest przeznaczony do d\u0142ugotrwa\u0142ego u\u017cytkowania. Forma do pieczenia, kt\u00f3r\u0105 posiada, jest odporna na korozj\u0119 i zapewnia wysok\u0105 przewodno\u015b\u0107 ciepln\u0105. Jest bardzo \u0142atwy w czyszczeniu. U\u017cytkownicy musz\u0105 u\u017cywa\u0107 jedynie suchej lub wilgotnej szmatki do czyszczenia powierzchni, nie ma potrzeby mycia ich wod\u0105.<\/p>\n<p>W\u00a0<strong><span style=\"color: #ff0000;\">DO<\/span><span style=\"color: #0000ff;\">R<\/span>C<\/strong> Zale\u017cy nam na komforcie naszych klient\u00f3w, dlatego nasza komercyjna maszyna posiada przycisk regulacji temperatury z przodu maszyny. <strong>Gofrownica<\/strong>. Temperatur\u0119 mo\u017cna regulowa\u0107 w zakresie od 0 do 300 \u2103. Przycisk timera 0-5 minut pozwala na wi\u0119ksz\u0105 swobod\u0119 pracy, bez konieczno\u015bci martwienia si\u0119 o czas pieczenia. <strong>Gofrownica do szasz\u0142yk\u00f3w <span style=\"color: #ff0000;\">DO<\/span><span style=\"color: #0000ff;\">R<\/span>CGSP1<\/strong> Dzi\u0119ki niemu w 2-4 minuty zrobisz partie po 6 gofr\u00f3w.<\/p>\n<p>Ten\u00a0<strong>gofrownica typu corn dog<\/strong>\u00a0Posiada talerz na odpady z uchwytem, kt\u00f3ry pozwala na przechowywanie odpadk\u00f3w z pojemnika<strong> gofry<\/strong> dla \u0142atwego czyszczenia. Uchwyt ze stali nierdzewnej. Odporne na ciep\u0142o p\u0142yty grzejne od prawej do lewej strony zapobiegaj\u0105 poparzeniu r\u0105k podczas gotowania. Ponadto <strong>maszyna do gofr\u00f3w<\/strong>\u00a0z\u00a0<strong><span style=\"color: #ff0000;\">DO<\/span><span style=\"color: #0000ff;\">R<\/span>C<\/strong>\u00a0<span style=\"color: #008000;\"><strong>nie tylko<\/strong><\/span> <span style=\"color: #008000;\"><strong>stabilizuje temperatur\u0119, ale tak\u017ce jej zu\u017cycie po osi\u0105gni\u0119ciu temperatury maksymalnej<\/strong><\/span><\/p>\n<p>Jego oryginalny design idealnie nadaje si\u0119 do u\u017cytku domowego lub komercyjnego. Du\u017ca ilo\u015b\u0107 detali i atrakcyjny zapach przyci\u0105gn\u0105 wielu klient\u00f3w.<\/p>\n<h6><\/h6>\n<h6><strong>Gwarancja\u00a0<span style=\"color: #ff0000;\">DO<\/span><span style=\"color: #0000ff;\">R<\/span>C 2 LATA<\/strong><\/h6>\n<h6><span style=\"color: #008000;\"><strong>Wydajna gofrownica na szasz\u0142yki, niskie zu\u017cycie energii 1300W<\/strong><\/span><\/h6>\n<h6><strong>wsparcie techniczne w cenie.<\/strong><\/h6>\n<p>&nbsp;<\/p>\n<p>&nbsp;<\/p>\n<table role=\"presentation\" width=\"100%\" cellspacing=\"0\" cellpadding=\"0\">\n<tbody>\n<tr>\n<td class=\"attrLabels\">Temperatura:<\/td>\n<td width=\"50.0%\">50-300\u00b0C<\/td>\n<\/tr>\n<tr>\n<td class=\"attrLabels\">Kraj dystrybucji:<\/td>\n<td width=\"50.0%\">Hiszpania, Niemcy, USA<\/td>\n<td class=\"attrLabels\">Waga:<\/td>\n<td width=\"50.0%\">9kg<\/td>\n<\/tr>\n<tr>\n<td class=\"attrLabels\">Marka:<\/td>\n<td width=\"50.0%\">\u0141UK<\/td>\n<td class=\"attrLabels\">Wysoko\u015b\u0107:<\/td>\n<td width=\"50.0%\">30cm<\/td>\n<\/tr>\n<tr>\n<td class=\"attrLabels\">Kolor:<\/td>\n<td width=\"50.0%\">Srebrny<\/td>\n<td class=\"attrLabels\">D\u0142ugi:<\/td>\n<td width=\"50.0%\">38cm<\/td>\n<\/tr>\n<tr>\n<td class=\"attrLabels\">Rodzaj produktu:<\/td>\n<td width=\"50.0%\">Gofrownica do szasz\u0142yk\u00f3w<\/td>\n<td class=\"attrLabels\">Szeroki:<\/td>\n<td width=\"50.0%\">31cm<\/td>\n<\/tr>\n<tr>\n<td class=\"attrLabels\">Numer producenta:<\/td>\n<td width=\"50.0%\">ARCGSP1<\/td>\n<td class=\"attrLabels\">Moc:<\/td>\n<td width=\"50.0%\">1300 W<\/td>\n<\/tr>\n<tr>\n<td class=\"attrLabels\">Tworzywo:<\/td>\n<td width=\"50.0%\">stal nierdzewna, p\u0142yta teflonowa, kontrola temperatury<\/td>\n<td class=\"attrLabels\">napi\u0119cie wej\u015bciowe<\/td>\n<td width=\"50.0%\">220 V \u2013 60 Hz<\/td>\n<\/tr>\n<tr>\n<td class=\"attrLabels\">Rozmiar szpikulca:<\/td>\n<td width=\"50.0%\">14 \u00d7 0,5 cm<\/td>\n<td class=\"attrLabels\">Czas na rund\u0119:<\/td>\n<td width=\"50.0%\">2-4 minuty<\/td>\n<\/tr>\n<tr>\n<td class=\"attrLabels\">Narz\u0119dzia instalacyjne:<\/td>\n<td width=\"50.0%\">Tak<\/td>\n<td class=\"attrLabels\">Produkcja:<\/td>\n<td width=\"50.0%\">6 sztuk<\/td>\n<\/tr>\n<\/tbody>\n<\/table>","protected":false},"excerpt":{"rendered":"<h2>Profesjonalna maszyna do gofr\u00f3w na patyku<\/h2>\n<p>The <strong>profesjonalna maszyna do robienia gofr\u00f3w<\/strong> pozwala na oferowanie d\u0142ugich i pysznych gofr\u00f3w, popularnie zwanych <strong>jogini<\/strong> lub gofry na patyku. Zainspirowana prezentacj\u0105 tych zabawnych deser\u00f3w, ta maszyna umo\u017cliwia gotowanie <strong>6 gofr\u00f3w na porcj\u0119 w zaledwie 2 do 4 minut<\/strong>, zapewniaj\u0105c szybk\u0105, atrakcyjn\u0105 i \u0142atw\u0105 do podania opcj\u0119.<\/p>\n<p>Dzi\u0119ki wydajnej konstrukcji i szybkiemu czasowi gotowania jest to <strong>profesjonalna gofrownica na patyku<\/strong> Jest to idealne rozwi\u0105zanie dla firm z du\u017cym nap\u0142ywem klient\u00f3w. Gofry na patyku doskonale nadaj\u0105 si\u0119 do spo\u017cycia w drodze, co czyni je nieodzown\u0105 opcj\u0105 w ka\u017cdym lokalu.<\/p>\n<h3>Produkty, kt\u00f3re mo\u017cesz dzi\u0119ki temu stworzy\u0107 <strong>gofrownica na patyku<\/strong>:<\/h3>\n<ul>\n<li><strong>Jogini wype\u0142nieni czekolad\u0105<\/strong>: Pod\u0142u\u017cne gofry nadziewane czekolad\u0105, kremem cukierniczym lub owocami.<\/li>\n<li><strong>Pikantne gofry<\/strong>: Nadziewane serem lub kie\u0142baskami \u2013 innowacyjna opcja.<\/li>\n<li><strong>Gofry owsiane i owocowe<\/strong>: Zdrowe i smaczne dla opcji menu fitness.<\/li>\n<li><strong>Mini pizze waflowe<\/strong>: Kreatywna opcja dla pikantnych menu.<\/li>\n<li><strong>Gofry z dodatkami<\/strong>: Personalizowane czekolad\u0105, karmelem lub \u015bwie\u017cymi owocami.<\/li>\n<li><strong>Wafle Dulce de leche<\/strong>: Kolejna s\u0142odka opcja, kt\u00f3ra przyci\u0105ga mi\u0142o\u015bnik\u00f3w tradycyjnych smak\u00f3w.<\/li>\n<li><strong>Gofry z Nutell\u0105<\/strong>: Dla fan\u00f3w czekolady.<\/li>\n<\/ul>\n<h3>Sektory, w kt\u00f3rych mo\u017cesz to wdro\u017cy\u0107 <strong>profesjonalna gofrownica na patyku<\/strong>:<\/h3>\n<ul>\n<li><strong>Targi i wydarzenia<\/strong>: <strong>gofry na patyku<\/strong> Idealnie nadaj\u0105 si\u0119 do zabawy w ruchu, co czyni t\u0119 maszyn\u0119 idealnym narz\u0119dziem do obs\u0142ugi stoisk na targach i targach.<\/li>\n<li><strong>food trucki<\/strong>: Oferuje szybk\u0105 i atrakcyjn\u0105 opcj\u0119, kt\u00f3ra idealnie pasuje do koncepcji jedzenia ulicznego.<\/li>\n<li><strong>Kawiarnie i cukiernie<\/strong>: <strong>gofry na patyku<\/strong> Mog\u0105 stanowi\u0107 idealne uzupe\u0142nienie \u015bniada\u0144 czy przek\u0105sek, przyci\u0105gaj\u0105c uwag\u0119 zar\u00f3wno doros\u0142ych, jak i dzieci.<\/li>\n<li><strong>Kioski w centrach handlowych<\/strong>: Tym gofrom nie mo\u017cna si\u0119 oprze\u0107 i s\u0105 \u0142atwe w noszeniu, idealne na szybk\u0105 przek\u0105sk\u0119 w podr\u00f3\u017cy.<\/li>\n<li><strong>Kina i teatry<\/strong>: Inna i praktyczna opcja dla tych, kt\u00f3rzy szukaj\u0105 s\u0142odkiej przek\u0105ski podczas wyst\u0119pu.<\/li>\n<li><strong>parki rozrywki<\/strong>: Idealny do sprzeda\u017cy w kioskach i przyci\u0105gania odbiorc\u00f3w w ka\u017cdym wieku.<\/li>\n<li><strong>Imprezy i catering<\/strong>: Idealne na przyj\u0119cia, wesela lub imprezy tematyczne, gdzie gofry na patyku wyr\u00f3\u017cniaj\u0105 si\u0119 niepowtarzaln\u0105 prezentacj\u0105.<\/li>\n<\/ul>\n<p>Z tym <strong>profesjonalna maszyna do robienia jogin\u00f3w<\/strong>, b\u0119dziesz oferowa\u0107 nie tylko pyszny i atrakcyjny wizualnie deser, ale tak\u017ce szybk\u0105 i \u0142atw\u0105 do spo\u017cycia opcj\u0119. Zainspirowana paluszkami waflowymi, kt\u00f3re ciesz\u0105 si\u0119 powodzeniem na rynkach i targach, ta maszyna pozwoli Ci urozmaici\u0107 swoje menu innowacyjnymi i konfigurowalnymi produktami.<\/p>","protected":false},"featured_media":1120,"comment_status":"open","ping_status":"closed","template":"","meta":{"wds_primary_product_brand":0,"wds_primary_product_cat":0},"product_brand":[],"product_cat":[51],"product_tag":[],"class_list":{"0":"post-1115","1":"product","2":"type-product","3":"status-publish","4":"has-post-thumbnail","6":"product_cat-gofreras-profesionales","7":"product_shipping_class-hosteleria","9":"first","10":"instock","11":"taxable","12":"shipping-taxable","13":"purchasable","14":"product-type-simple"},"yoast_head":"<!-- This site is optimized with the Yoast SEO Premium plugin v24.9 (Yoast SEO v26.1) - https:\/\/yoast.com\/wordpress\/plugins\/seo\/ -->\n<title>Gofrera de brocheta perrito caliente - distribuci\u00f3n ARC<\/title>\n<meta name=\"robots\" content=\"index, follow, max-snippet:-1, max-image-preview:large, max-video-preview:-1\" \/>\n<link rel=\"canonical\" href=\"https:\/\/www.distribucionarc.com\/nb\/producto\/gofrera-de-brocheta-perrito-caliente\/\" \/>\n<meta property=\"og:locale\" content=\"pl_PL\" \/>\n<meta property=\"og:type\" content=\"article\" \/>\n<meta property=\"og:title\" content=\"Gofrera de brocheta perrito caliente\" \/>\n<meta property=\"og:description\" content=\"M\u00e1quina Profesional de Gofres Pinchados en Palo La m\u00e1quina profesional para hacer gofres en palo te permite ofrecer gofres alargados y deliciosos, conocidos popularmente como yoguis o gofres en palo. Inspirada en la presentaci\u00f3n de estos divertidos postres, esta m\u00e1quina te permite cocinar 6 gofres por tanda en tan solo 2 a 4 minutos, brindando una opci\u00f3n r\u00e1pida, atractiva y f\u00e1cil de servir.  Gracias a su dise\u00f1o eficiente y al r\u00e1pido tiempo de cocci\u00f3n, esta gofrera en palo profesional es ideal para negocios con gran afluencia de clientes. Los gofres, al estar en un palo, son perfectos para comer en movimiento, lo que los convierte en una opci\u00f3n irresistible para cualquier establecimiento. Productos que puedes crear con esta m\u00e1quina de gofres en palo:   Yoguis rellenos de chocolate: Gofres alargados rellenos de chocolate, crema pastelera o frutas.  Gofres salados: Rellenos de queso o embutidos para una opci\u00f3n innovadora.  Gofres de avena y frutas: Saludables y deliciosos para opciones de men\u00fa fitness.  Mini pizzas de gofre: Una opci\u00f3n creativa para men\u00fas salados.  Gofres con coberturas: Personalizados con chocolate, caramelo o fruta fresca.  Gofres de dulce de leche: Otra opci\u00f3n dulce que atrae a los amantes de los sabores tradicionales.  Gofres de Nutella: Para los fan\u00e1ticos del chocolate.  Sectores donde puedes implementar esta gofrera en palo profesional:   Ferias y eventos: Los gofres en palo son ideales para ser disfrutados en movimiento, haciendo de esta m\u00e1quina la herramienta perfecta para puestos en ferias y mercados.  Food trucks: Ofrece una opci\u00f3n r\u00e1pida y llamativa que se adapta perfectamente al concepto de comida callejera.  Cafeter\u00edas y pasteler\u00edas: Los gofres en palo pueden ser el complemento perfecto para desayunos o meriendas, atrayendo tanto a adultos como a ni\u00f1os.  Kioskos en centros comerciales: Estos gofres son irresistibles y f\u00e1ciles de llevar, ideales para un snack r\u00e1pido mientras se pasea.  Cines y teatros: Una opci\u00f3n diferente y pr\u00e1ctica para quienes buscan un snack dulce durante la funci\u00f3n.  Parques de atracciones: Perfectos para vender en quioscos y atraer a un p\u00fablico de todas las edades.  Eventos y catering: Ideales para fiestas, bodas o eventos tem\u00e1ticos, donde los gofres en palo destacan por su presentaci\u00f3n \u00fanica.  Con esta m\u00e1quina profesional para hacer yoguis, no solo estar\u00e1s ofreciendo un postre delicioso y visualmente atractivo, sino tambi\u00e9n una opci\u00f3n r\u00e1pida y f\u00e1cil de consumir. Inspirada en los gofres en palo que triunfan en mercados y ferias, esta m\u00e1quina te permitir\u00e1 diferenciar tu men\u00fa con productos innovadores y personalizables.\" \/>\n<meta property=\"og:url\" content=\"https:\/\/www.distribucionarc.com\/nb\/producto\/gofrera-de-brocheta-perrito-caliente\/\" \/>\n<meta property=\"og:site_name\" content=\"distribuci\u00f3n ARC\" \/>\n<meta property=\"article:modified_time\" content=\"2024-09-08T07:07:35+00:00\" \/>\n<meta property=\"og:image\" content=\"https:\/\/www.distribucionarc.com\/wp-content\/uploads\/2020\/07\/Gofrera-brocheta-perrito-caliente-0.jpg\" \/>\n\t<meta property=\"og:image:width\" content=\"1600\" \/>\n\t<meta property=\"og:image:height\" content=\"1600\" \/>\n\t<meta property=\"og:image:type\" content=\"image\/jpeg\" \/>\n<meta name=\"twitter:card\" content=\"summary_large_image\" \/>\n<meta name=\"twitter:label1\" content=\"Szacowany czas czytania\" \/>\n\t<meta name=\"twitter:data1\" content=\"2 minuty\" \/>\n<script type=\"application\/ld+json\" class=\"yoast-schema-graph\">{\"@context\":\"https:\/\/schema.org\",\"@graph\":[{\"@type\":\"WebPage\",\"@id\":\"https:\/\/www.distribucionarc.com\/nb\/producto\/gofrera-de-brocheta-perrito-caliente\/\",\"url\":\"https:\/\/www.distribucionarc.com\/nb\/producto\/gofrera-de-brocheta-perrito-caliente\/\",\"name\":\"Gofrera de brocheta perrito caliente - distribuci\u00f3n ARC\",\"isPartOf\":{\"@id\":\"https:\/\/www.distribucionarc.com\/sl\/#website\"},\"primaryImageOfPage\":{\"@id\":\"https:\/\/www.distribucionarc.com\/nb\/producto\/gofrera-de-brocheta-perrito-caliente\/#primaryimage\"},\"image\":{\"@id\":\"https:\/\/www.distribucionarc.com\/nb\/producto\/gofrera-de-brocheta-perrito-caliente\/#primaryimage\"},\"thumbnailUrl\":\"https:\/\/distribucionarc.com\/wp-content\/uploads\/2020\/07\/Gofrera-brocheta-perrito-caliente-0.jpg\",\"datePublished\":\"2020-07-16T15:52:59+00:00\",\"dateModified\":\"2024-09-08T07:07:35+00:00\",\"breadcrumb\":{\"@id\":\"https:\/\/www.distribucionarc.com\/nb\/producto\/gofrera-de-brocheta-perrito-caliente\/#breadcrumb\"},\"inLanguage\":\"pl-PL\",\"potentialAction\":[{\"@type\":\"ReadAction\",\"target\":[\"https:\/\/www.distribucionarc.com\/nb\/producto\/gofrera-de-brocheta-perrito-caliente\/\"]}]},{\"@type\":\"ImageObject\",\"inLanguage\":\"pl-PL\",\"@id\":\"https:\/\/www.distribucionarc.com\/nb\/producto\/gofrera-de-brocheta-perrito-caliente\/#primaryimage\",\"url\":\"https:\/\/distribucionarc.com\/wp-content\/uploads\/2020\/07\/Gofrera-brocheta-perrito-caliente-0.jpg\",\"contentUrl\":\"https:\/\/distribucionarc.com\/wp-content\/uploads\/2020\/07\/Gofrera-brocheta-perrito-caliente-0.jpg\",\"width\":1600,\"height\":1600,\"caption\":\"Gofrera brocheta perrito caliente\"},{\"@type\":\"BreadcrumbList\",\"@id\":\"https:\/\/www.distribucionarc.com\/nb\/producto\/gofrera-de-brocheta-perrito-caliente\/#breadcrumb\",\"itemListElement\":[{\"@type\":\"ListItem\",\"position\":1,\"name\":\"Portada\",\"item\":\"https:\/\/www.distribucionarc.com\/\"},{\"@type\":\"ListItem\",\"position\":2,\"name\":\"\u00dcr\u00fcnler\",\"item\":\"https:\/\/www.distribucionarc.com\/tr\/magaza\/\"},{\"@type\":\"ListItem\",\"position\":3,\"name\":\"Gofrera de brocheta perrito caliente\"}]},{\"@type\":\"WebSite\",\"@id\":\"https:\/\/www.distribucionarc.com\/sl\/#website\",\"url\":\"https:\/\/www.distribucionarc.com\/sl\/\",\"name\":\"distribuci\u00f3n ARC\",\"description\":\"Empresa especializada en la fabricaci\u00f3n y distribuci\u00f3n de maquinaria industrial, selladoras de latas, Maquinas de hacer pastillas, Maquinas de cortar carne...\",\"publisher\":{\"@id\":\"https:\/\/www.distribucionarc.com\/sl\/#organization\"},\"potentialAction\":[{\"@type\":\"SearchAction\",\"target\":{\"@type\":\"EntryPoint\",\"urlTemplate\":\"https:\/\/www.distribucionarc.com\/sl\/?s={search_term_string}\"},\"query-input\":{\"@type\":\"PropertyValueSpecification\",\"valueRequired\":true,\"valueName\":\"search_term_string\"}}],\"inLanguage\":\"pl-PL\"},{\"@type\":\"Organization\",\"@id\":\"https:\/\/www.distribucionarc.com\/sl\/#organization\",\"name\":\"Distribuci\u00f3n ARC\",\"url\":\"https:\/\/www.distribucionarc.com\/sl\/\",\"logo\":{\"@type\":\"ImageObject\",\"inLanguage\":\"pl-PL\",\"@id\":\"https:\/\/www.distribucionarc.com\/sl\/#\/schema\/logo\/image\/\",\"url\":\"https:\/\/distribucionarc.com\/wp-content\/uploads\/2024\/10\/distribucion-ARC-COLOR-SIN-FONDO-e1732295305345.png\",\"contentUrl\":\"https:\/\/distribucionarc.com\/wp-content\/uploads\/2024\/10\/distribucion-ARC-COLOR-SIN-FONDO-e1732295305345.png\",\"width\":1164,\"height\":558,\"caption\":\"Distribuci\u00f3n ARC\"},\"image\":{\"@id\":\"https:\/\/www.distribucionarc.com\/sl\/#\/schema\/logo\/image\/\"},\"description\":\"Empresa especializada en la fabricaci\u00f3n y distribuci\u00f3n de maquinaria industrial para los sectores alimentario y farmac\u00e9utico. Nos especializamos en: M\u00e1quinas de cortar carne Fabricaci\u00f3n de comprimidos Sistemas de transporte industrial L\u00edneas de embotellado Dosificadores Y mucho m\u00e1s... Ofrecemos soluciones innovadoras y personalizadas para optimizar los procesos productivos de tu empresa.\",\"email\":\"Admistracion@distribucionarc.com\",\"telephone\":\"+34 643496664\",\"legalName\":\"ARC TECH SOLUTIONS\",\"foundingDate\":\"2024-04-09\",\"vatID\":\"B55480172\",\"numberOfEmployees\":{\"@type\":\"QuantitativeValue\",\"minValue\":\"1\",\"maxValue\":\"10\"}}]}<\/script>\n<!-- \/ Yoast SEO Premium plugin. -->","yoast_head_json":{"title":"Gofrownica do szasz\u0142yk\u00f3w z hot dog\u00f3w - dystrybucja ARC","robots":{"index":"index","follow":"follow","max-snippet":"max-snippet:-1","max-image-preview":"max-image-preview:large","max-video-preview":"max-video-preview:-1"},"canonical":"https:\/\/www.distribucionarc.com\/nb\/producto\/gofrera-de-brocheta-perrito-caliente\/","og_locale":"pl_PL","og_type":"article","og_title":"Gofrera de brocheta perrito caliente","og_description":"M\u00e1quina Profesional de Gofres Pinchados en Palo La m\u00e1quina profesional para hacer gofres en palo te permite ofrecer gofres alargados y deliciosos, conocidos popularmente como yoguis o gofres en palo. Inspirada en la presentaci\u00f3n de estos divertidos postres, esta m\u00e1quina te permite cocinar 6 gofres por tanda en tan solo 2 a 4 minutos, brindando una opci\u00f3n r\u00e1pida, atractiva y f\u00e1cil de servir.  Gracias a su dise\u00f1o eficiente y al r\u00e1pido tiempo de cocci\u00f3n, esta gofrera en palo profesional es ideal para negocios con gran afluencia de clientes. Los gofres, al estar en un palo, son perfectos para comer en movimiento, lo que los convierte en una opci\u00f3n irresistible para cualquier establecimiento. Productos que puedes crear con esta m\u00e1quina de gofres en palo:   Yoguis rellenos de chocolate: Gofres alargados rellenos de chocolate, crema pastelera o frutas.  Gofres salados: Rellenos de queso o embutidos para una opci\u00f3n innovadora.  Gofres de avena y frutas: Saludables y deliciosos para opciones de men\u00fa fitness.  Mini pizzas de gofre: Una opci\u00f3n creativa para men\u00fas salados.  Gofres con coberturas: Personalizados con chocolate, caramelo o fruta fresca.  Gofres de dulce de leche: Otra opci\u00f3n dulce que atrae a los amantes de los sabores tradicionales.  Gofres de Nutella: Para los fan\u00e1ticos del chocolate.  Sectores donde puedes implementar esta gofrera en palo profesional:   Ferias y eventos: Los gofres en palo son ideales para ser disfrutados en movimiento, haciendo de esta m\u00e1quina la herramienta perfecta para puestos en ferias y mercados.  Food trucks: Ofrece una opci\u00f3n r\u00e1pida y llamativa que se adapta perfectamente al concepto de comida callejera.  Cafeter\u00edas y pasteler\u00edas: Los gofres en palo pueden ser el complemento perfecto para desayunos o meriendas, atrayendo tanto a adultos como a ni\u00f1os.  Kioskos en centros comerciales: Estos gofres son irresistibles y f\u00e1ciles de llevar, ideales para un snack r\u00e1pido mientras se pasea.  Cines y teatros: Una opci\u00f3n diferente y pr\u00e1ctica para quienes buscan un snack dulce durante la funci\u00f3n.  Parques de atracciones: Perfectos para vender en quioscos y atraer a un p\u00fablico de todas las edades.  Eventos y catering: Ideales para fiestas, bodas o eventos tem\u00e1ticos, donde los gofres en palo destacan por su presentaci\u00f3n \u00fanica.  Con esta m\u00e1quina profesional para hacer yoguis, no solo estar\u00e1s ofreciendo un postre delicioso y visualmente atractivo, sino tambi\u00e9n una opci\u00f3n r\u00e1pida y f\u00e1cil de consumir. Inspirada en los gofres en palo que triunfan en mercados y ferias, esta m\u00e1quina te permitir\u00e1 diferenciar tu men\u00fa con productos innovadores y personalizables.","og_url":"https:\/\/www.distribucionarc.com\/nb\/producto\/gofrera-de-brocheta-perrito-caliente\/","og_site_name":"distribuci\u00f3n ARC","article_modified_time":"2024-09-08T07:07:35+00:00","og_image":[{"width":1600,"height":1600,"url":"https:\/\/www.distribucionarc.com\/wp-content\/uploads\/2020\/07\/Gofrera-brocheta-perrito-caliente-0.jpg","type":"image\/jpeg"}],"twitter_card":"summary_large_image","twitter_misc":{"Szacowany czas czytania":"2 minuty"},"schema":{"@context":"https:\/\/schema.org","@graph":[{"@type":"WebPage","@id":"https:\/\/www.distribucionarc.com\/nb\/producto\/gofrera-de-brocheta-perrito-caliente\/","url":"https:\/\/www.distribucionarc.com\/nb\/producto\/gofrera-de-brocheta-perrito-caliente\/","name":"Gofrownica do szasz\u0142yk\u00f3w z hot dog\u00f3w - dystrybucja ARC","isPartOf":{"@id":"https:\/\/www.distribucionarc.com\/sl\/#website"},"primaryImageOfPage":{"@id":"https:\/\/www.distribucionarc.com\/nb\/producto\/gofrera-de-brocheta-perrito-caliente\/#primaryimage"},"image":{"@id":"https:\/\/www.distribucionarc.com\/nb\/producto\/gofrera-de-brocheta-perrito-caliente\/#primaryimage"},"thumbnailUrl":"https:\/\/distribucionarc.com\/wp-content\/uploads\/2020\/07\/Gofrera-brocheta-perrito-caliente-0.jpg","datePublished":"2020-07-16T15:52:59+00:00","dateModified":"2024-09-08T07:07:35+00:00","breadcrumb":{"@id":"https:\/\/www.distribucionarc.com\/nb\/producto\/gofrera-de-brocheta-perrito-caliente\/#breadcrumb"},"inLanguage":"pl-PL","potentialAction":[{"@type":"ReadAction","target":["https:\/\/www.distribucionarc.com\/nb\/producto\/gofrera-de-brocheta-perrito-caliente\/"]}]},{"@type":"ImageObject","inLanguage":"pl-PL","@id":"https:\/\/www.distribucionarc.com\/nb\/producto\/gofrera-de-brocheta-perrito-caliente\/#primaryimage","url":"https:\/\/distribucionarc.com\/wp-content\/uploads\/2020\/07\/Gofrera-brocheta-perrito-caliente-0.jpg","contentUrl":"https:\/\/distribucionarc.com\/wp-content\/uploads\/2020\/07\/Gofrera-brocheta-perrito-caliente-0.jpg","width":1600,"height":1600,"caption":"Gofrera brocheta perrito caliente"},{"@type":"BreadcrumbList","@id":"https:\/\/www.distribucionarc.com\/nb\/producto\/gofrera-de-brocheta-perrito-caliente\/#breadcrumb","itemListElement":[{"@type":"ListItem","position":1,"name":"Portada","item":"https:\/\/www.distribucionarc.com\/"},{"@type":"ListItem","position":2,"name":"\u00dcr\u00fcnler","item":"https:\/\/www.distribucionarc.com\/tr\/magaza\/"},{"@type":"ListItem","position":3,"name":"Gofrera de brocheta perrito caliente"}]},{"@type":"WebSite","@id":"https:\/\/www.distribucionarc.com\/sl\/#website","url":"https:\/\/www.distribucionarc.com\/sl\/","name":"Dystrybucja ARC","description":"Firma specjalizuj\u0105ca si\u0119 w produkcji i dystrybucji maszyn przemys\u0142owych, zgrzewarek do puszek, maszyn do produkcji tabletek, maszyn do ci\u0119cia mi\u0119sa...","publisher":{"@id":"https:\/\/www.distribucionarc.com\/sl\/#organization"},"potentialAction":[{"@type":"SearchAction","target":{"@type":"EntryPoint","urlTemplate":"https:\/\/www.distribucionarc.com\/sl\/?s={search_term_string}"},"query-input":{"@type":"PropertyValueSpecification","valueRequired":true,"valueName":"search_term_string"}}],"inLanguage":"pl-PL"},{"@type":"Organization","@id":"https:\/\/www.distribucionarc.com\/sl\/#organization","name":"Dystrybucja ARC","url":"https:\/\/www.distribucionarc.com\/sl\/","logo":{"@type":"ImageObject","inLanguage":"pl-PL","@id":"https:\/\/www.distribucionarc.com\/sl\/#\/schema\/logo\/image\/","url":"https:\/\/distribucionarc.com\/wp-content\/uploads\/2024\/10\/distribucion-ARC-COLOR-SIN-FONDO-e1732295305345.png","contentUrl":"https:\/\/distribucionarc.com\/wp-content\/uploads\/2024\/10\/distribucion-ARC-COLOR-SIN-FONDO-e1732295305345.png","width":1164,"height":558,"caption":"Distribuci\u00f3n ARC"},"image":{"@id":"https:\/\/www.distribucionarc.com\/sl\/#\/schema\/logo\/image\/"},"description":"Firma specjalizuj\u0105ca si\u0119 w produkcji i dystrybucji maszyn przemys\u0142owych dla sektora spo\u017cywczego i farmaceutycznego. Specjalizujemy si\u0119 w: Maszyny do krojenia mi\u0119sa Produkcja tabletek Przemys\u0142owe systemy transportowe Linie butelkuj\u0105ce Dozowniki I wiele wi\u0119cej.... Oferujemy innowacyjne i niestandardowe rozwi\u0105zania w celu optymalizacji proces\u00f3w produkcyjnych w Twojej firmie.","email":"Admistracion@distribucionarc.com","telephone":"+34 643496664","legalName":"ARC TECH SOLUTIONS","foundingDate":"2024-04-09","vatID":"B55480172","numberOfEmployees":{"@type":"QuantitativeValue","minValue":"1","maxValue":"10"}}]}},"_links":{"self":[{"href":"https:\/\/distribucionarc.com\/pl\/wp-json\/wp\/v2\/product\/1115","targetHints":{"allow":["GET"]}}],"collection":[{"href":"https:\/\/distribucionarc.com\/pl\/wp-json\/wp\/v2\/product"}],"about":[{"href":"https:\/\/distribucionarc.com\/pl\/wp-json\/wp\/v2\/types\/product"}],"replies":[{"embeddable":true,"href":"https:\/\/distribucionarc.com\/pl\/wp-json\/wp\/v2\/comments?post=1115"}],"version-history":[{"count":0,"href":"https:\/\/distribucionarc.com\/pl\/wp-json\/wp\/v2\/product\/1115\/revisions"}],"wp:featuredmedia":[{"embeddable":true,"href":"https:\/\/distribucionarc.com\/pl\/wp-json\/wp\/v2\/media\/1120"}],"wp:attachment":[{"href":"https:\/\/distribucionarc.com\/pl\/wp-json\/wp\/v2\/media?parent=1115"}],"wp:term":[{"taxonomy":"product_brand","embeddable":true,"href":"https:\/\/distribucionarc.com\/pl\/wp-json\/wp\/v2\/product_brand?post=1115"},{"taxonomy":"product_cat","embeddable":true,"href":"https:\/\/distribucionarc.com\/pl\/wp-json\/wp\/v2\/product_cat?post=1115"},{"taxonomy":"product_tag","embeddable":true,"href":"https:\/\/distribucionarc.com\/pl\/wp-json\/wp\/v2\/product_tag?post=1115"}],"curies":[{"name":"wp","href":"https:\/\/api.w.org\/{rel}","templated":true}]}}