{"id":1234,"date":"2020-07-20T08:28:29","date_gmt":"2020-07-20T08:28:29","guid":{"rendered":"https:\/\/distribucionarc.com\/?post_type=product&#038;p=1234"},"modified":"2024-09-08T18:17:58","modified_gmt":"2024-09-08T18:17:58","slug":"sok-i-zimne-napoje-dozownik","status":"publish","type":"product","link":"https:\/\/distribucionarc.com\/pl\/producto\/dispensador-de-zumo-y-bebidas-frias\/","title":{"rendered":"Dozownik do sok\u00f3w i zimnych napoj\u00f3w"},"content":{"rendered":"<h2>Dozownik do sok\u00f3w i zimnych napoj\u00f3w<\/h2>\n<p>Ten <strong>dozownik elektryczny<\/strong> z <strong><span style=\"color: #0000ff;\"><span style=\"color: #ff0000;\">DO<\/span>R<\/span>C<\/strong> nadaje si\u0119 dla obu <strong>zimne napoje<\/strong> Jak <strong>gor\u0105cy<\/strong>, takie jak mleko sojowe, smoothie, koktajl, jogurt, kawa itp. The<strong> maszyna dozuj\u0105ca<\/strong> Nadaje si\u0119 dla firm cateringowych, sieci restauracji, sklep\u00f3w, hoteli itp.<\/p>\n<p>Firmowe opakowanie PC, niezawieraj\u0105ce BPA, odporne na uderzenia, przeznaczone do kontaktu z \u017cywno\u015bci\u0105 <strong>dozownik soku<\/strong> z <strong><span style=\"color: #ff0000;\">DO<\/span><span style=\"color: #0000ff;\">R<\/span>C<\/strong> R\u00f3\u017cni\u0105 si\u0119 od delikatnych zbiornik\u00f3w ABS\/AS. Korpus dozownika zimnych napoj\u00f3w wykonany jest z 3 warstw, dzi\u0119ki czemu jest bardziej efektowny i zapewnia wi\u0119ksz\u0105 sztywno\u015b\u0107. Parownik ze stali nierdzewnej zapewniaj\u0105cy doskona\u0142y efekt ch\u0142odzenia.<\/p>\n<p><strong>Dozownik napoj\u00f3w<\/strong> z dwoma zbiornikami po 18L (na zbiornik), kompaktowe i jednocze\u015bnie mocne. Powi\u0119kszone mieszad\u0142a pozwalaj\u0105 na efektywniejsze mieszanie w zakresie 360\u00b0. Gumowe uszczelki pomagaj\u0105 zabezpieczy\u0107 produkt i zapobiegaj\u0105 jego wyciekaniu.<\/p>\n<p>On <strong>dystrybutor zimnych napoj\u00f3w <span style=\"color: #ff0000;\">DO<\/span><span style=\"color: #0000ff;\">R<\/span>CDZE1<\/strong>. Wykorzystuje skraplacz ch\u0142odz\u0105cy z pe\u0142n\u0105 rur\u0105 miedzian\u0105 i wysokowydajn\u0105 spr\u0119\u017cark\u0119, zapewniaj\u0105c szybkie ch\u0142odzenie i ogrzewanie. Ch\u0142odzi od 5 do 12 \u2103, zu\u017cywaj\u0105c jedynie 100 W i nagrzewa do 50-58 \u2103, zu\u017cywaj\u0105c 450 W, przy sta\u0142ej kontroli temperatury. Jego szybkie dzia\u0142anie pomo\u017ce nie tylko zoptymalizowa\u0107 produkcj\u0119, ale tak\u017ce<span style=\"color: #008000;\"><strong> sprzyja niskiemu zu\u017cyciu energii<\/strong><\/span>.\u00a0<strong> Dozownik napoj\u00f3w<\/strong> Posiada osobne prze\u0142\u0105czniki umo\u017cliwiaj\u0105ce niezale\u017cne sterowanie mieszaniem, ch\u0142odzeniem i grzaniem. Prze\u0142\u0105cznik mieszania pomaga zapobiega\u0107 osadzaniu si\u0119 osad\u00f3w na dnie zbiornika.<\/p>\n<p>Dozownik ARC posiada tack\u0119 ociekow\u0105, kt\u00f3r\u0105 mo\u017cna \u0142atwo zdemontowa\u0107 w celu \u0142atwego czyszczenia; Specjalnie zaprojektowane spr\u0119\u017cynowe wyloty napoj\u00f3w umo\u017cliwiaj\u0105ce \u0142atwe u\u017cytkowanie; Wiele otwor\u00f3w wentylacyjnych zapewniaj\u0105cych szybkie odprowadzanie ciep\u0142a.<\/p>\n<p>&nbsp;<\/p>\n<h6><strong>Gwarancja<span style=\"color: #ff0000;\">\u00a0DO<\/span><span style=\"color: #0000ff;\">R<\/span>C 2 LATA<\/strong><\/h6>\n<h6><span style=\"color: #008000;\">Wydajny dozownik sok\u00f3w i zimnych napoj\u00f3w, niskie zu\u017cycie energii 450W<\/span><\/h6>\n<h6><strong>wsparcie techniczne w cenie.<\/strong><\/h6>\n<p>&nbsp;<\/p>\n<p>&nbsp;<\/p>\n<table>\n<thead>\n<tr>\n<th><strong>Charakterystyka<\/strong><\/th>\n<th><strong>Opis<\/strong><\/th>\n<\/tr>\n<\/thead>\n<tbody>\n<tr>\n<td><strong>Numer producenta<\/strong><\/td>\n<td>ARCDZE1<\/td>\n<\/tr>\n<tr>\n<td><strong>Kraje posiadaj\u0105ce wsparcie techniczne<\/strong><\/td>\n<td><a href=\"https:\/\/distribucionarc.com\/pl\/serwis-techniczny\/\" target=\"_new\" rel=\"noopener\">Skonsultuj si\u0119 z pomoc\u0105 techniczn\u0105 tutaj<\/a><\/td>\n<\/tr>\n<tr>\n<td><strong>Waga<\/strong><\/td>\n<td>26,6 kilograma (kg)<\/td>\n<\/tr>\n<tr>\n<td><strong>Wymiary maszyny<\/strong><\/td>\n<td><strong>Wysoki<\/strong>: 68cm, <strong>D\u0142ugi<\/strong>: 37 cm, <strong>Szeroki<\/strong>: 54cm<\/td>\n<\/tr>\n<tr>\n<td><strong>Kolor<\/strong><\/td>\n<td>Srebrny<\/td>\n<\/tr>\n<tr>\n<td><strong>Moc<\/strong><\/td>\n<td>Zimno: 100 W \/ Gor\u0105co: 450 W<\/td>\n<\/tr>\n<tr>\n<td><strong>napi\u0119cie wej\u015bciowe<\/strong><\/td>\n<td>220 V \/ 110 V \u2013 60 Hz<\/td>\n<\/tr>\n<tr>\n<td><strong>Temperatura robocza<\/strong><\/td>\n<td><strong>Zimno<\/strong>: 5 \u2013 12\u00b0C \/ <strong>Gor\u0105cy<\/strong>: 50 \u2013 58\u00b0C<\/td>\n<\/tr>\n<tr>\n<td><strong>Przedzia\u0142y<\/strong><\/td>\n<td>2 niezale\u017cne przegrody<\/td>\n<\/tr>\n<tr>\n<td><strong>Rozmiar kabiny<\/strong><\/td>\n<td>Wymiary ka\u017cdego poziomu: 82 cm x 33 cm x 10 cm<\/td>\n<\/tr>\n<tr>\n<td><strong>Tworzywo<\/strong><\/td>\n<td>Stal nierdzewna o kontrolowanej temperaturze i plastik PC niezawieraj\u0105cy BPA<\/td>\n<\/tr>\n<tr>\n<td><strong>Narz\u0119dzia instalacyjne<\/strong><\/td>\n<td>Do\u0142\u0105czony<\/td>\n<\/tr>\n<tr>\n<td><strong>Marka<\/strong><\/td>\n<td>\u0141UK<\/td>\n<\/tr>\n<tr>\n<td><strong>Gwarancja<\/strong><\/td>\n<td>2 lata<\/td>\n<\/tr>\n<\/tbody>\n<\/table>\n<p>&nbsp;<\/p>","protected":false},"excerpt":{"rendered":"<h2><strong>Profesjonalny automat do zimnych napoj\u00f3w \u2013 Ca\u0142kowita pojemno\u015b\u0107 24 litr\u00f3w<\/strong><\/h2>\n<p>Ten <strong>profesjonalny dystrybutor zimnych napoj\u00f3w<\/strong> Jest to idealne rozwi\u0105zanie dla firm, kt\u00f3re wymagaj\u0105 wydajnego serwowania du\u017cych ilo\u015bci sok\u00f3w, napoj\u00f3w bezalkoholowych i innych zimnych napoj\u00f3w. Maszyna ma <strong>dwa zbiorniki o pojemno\u015bci 12 litr\u00f3w (L).<\/strong> ka\u017cdy z nich, umo\u017cliwiaj\u0105c a <strong>ca\u0142kowita pojemno\u015b\u0107 24 litry<\/strong>, dzi\u0119ki czemu mo\u017cesz oferowa\u0107 zimne napoje przez ca\u0142y dzie\u0144 bez przerw.<\/p>\n<h3>G\u0142\u00f3wne cechy:<\/h3>\n<ul>\n<li><strong>Ca\u0142kowita pojemno\u015b\u0107 24 litry<\/strong>: Dzi\u0119ki dw\u00f3m 12-litrowym zbiornikom maszyna ta zosta\u0142a zaprojektowana z my\u015bl\u0105 o potrzebach bar\u00f3w, restauracji, bufet\u00f3w i innych obiekt\u00f3w, kt\u00f3re wymagaj\u0105 du\u017cej ilo\u015bci zimnych napoj\u00f3w.<\/li>\n<li><strong>podw\u00f3jne zbiorniki<\/strong>: Oferuje mo\u017cliwo\u015b\u0107 serwowania dw\u00f3ch r\u00f3\u017cnych rodzaj\u00f3w napoj\u00f3w jednocze\u015bnie, optymalizuj\u0105c r\u00f3\u017cnorodno\u015b\u0107 dla Twoich klient\u00f3w.<\/li>\n<li><strong>Trwa\u0142y materia\u0142<\/strong>: Korpus maszyny wykonany jest ze stali nierdzewnej, co zapewnia trwa\u0142o\u015b\u0107, odporno\u015b\u0107 na korozj\u0119 i \u0142atwo\u015b\u0107 konserwacji.<\/li>\n<li><strong>Wydajny uk\u0142ad ch\u0142odzenia<\/strong>: Urz\u0105dzenie posiada zaawansowany system ch\u0142odzenia, kt\u00f3ry utrzymuje napoje w idealnej temperaturze przez d\u0142ugi czas.<\/li>\n<li><strong>Intuicyjny panel sterowania<\/strong>: Umo\u017cliwia precyzyjne ustawienie temperatury w ka\u017cdym zbiorniku, zapewniaj\u0105c, \u017ce napoje b\u0119d\u0105 zawsze w optymalnych warunkach.<\/li>\n<\/ul>\n<h3>Przyk\u0142ady u\u017cycia:<\/h3>\n<ul>\n<li><strong>Restauracje i kawiarnie<\/strong>: Idealne do serwowania go\u015bciom naturalnych sok\u00f3w, \u015bwie\u017cej wody i zimnych napoj\u00f3w bezalkoholowych.<\/li>\n<li><strong>Bufety i imprezy<\/strong>: Idealny na imprezy na du\u017c\u0105 skal\u0119, gdzie wymagane s\u0105 du\u017ce ilo\u015bci zimnych napoj\u00f3w.<\/li>\n<li><strong>Hotele<\/strong>: \u015awietna opcja oferowania go\u015bciom zimnych napoj\u00f3w podczas \u015bniadania lub w holu.<\/li>\n<li><strong>Sklepy wielobran\u017cowe<\/strong>: U\u017cyj go, aby przygotowa\u0107 gotowe soki lub zimne napoje.<\/li>\n<\/ul>\n<h3>Sektory, w kt\u00f3rych mo\u017cna je wdro\u017cy\u0107:<\/h3>\n<ul>\n<li><strong>Sieci restauracji<\/strong>: Idealny dla tych, kt\u00f3rzy potrzebuj\u0105 sta\u0142ego przep\u0142ywu zimnych napoj\u00f3w przez ca\u0142y dzie\u0144.<\/li>\n<li><strong>Kawiarnie i bary<\/strong>: Idealny do miejsc, w kt\u00f3rych podawane s\u0105 \u015bwie\u017ce soki i inne zimne napoje.<\/li>\n<li><strong>Imprezy i catering<\/strong>: Kompaktowa konstrukcja i pojemno\u015b\u0107 24 litr\u00f3w sprawiaj\u0105, \u017ce idealnie nadaje si\u0119 na imprezy na du\u017c\u0105 skal\u0119.<\/li>\n<\/ul>\n<p>&nbsp;<\/p>\n<p>&nbsp;<\/p>","protected":false},"featured_media":6048,"comment_status":"open","ping_status":"closed","template":"","meta":{"wds_primary_product_brand":0,"wds_primary_product_cat":0},"product_brand":[],"product_cat":[57,56],"product_tag":[],"class_list":{"0":"post-1234","1":"product","2":"type-product","3":"status-publish","4":"has-post-thumbnail","6":"product_cat-dosificadores-dispensadores","7":"product_cat-maquinaria-para-ferias","8":"product_shipping_class-hosteleria","10":"first","11":"instock","12":"taxable","13":"shipping-taxable","14":"purchasable","15":"product-type-simple"},"yoast_head":"<!-- This site is optimized with the Yoast SEO Premium plugin v24.9 (Yoast SEO v26.1) - https:\/\/yoast.com\/wordpress\/plugins\/seo\/ -->\n<title>Dispensador de zumo y bebidas fr\u00edas - distribuci\u00f3n ARC<\/title>\n<meta name=\"robots\" content=\"index, follow, max-snippet:-1, max-image-preview:large, max-video-preview:-1\" \/>\n<link rel=\"canonical\" href=\"https:\/\/distribucionarc.com\/pl\/produkty\/sok-i-zimne-napoje-dozownik\/\" \/>\n<meta property=\"og:locale\" content=\"pl_PL\" \/>\n<meta property=\"og:type\" content=\"article\" \/>\n<meta property=\"og:title\" content=\"Dispensador de zumo y bebidas fr\u00edas\" \/>\n<meta property=\"og:description\" content=\"M\u00e1quina profesional de bebidas fr\u00edas \u2013 Capacidad total de 24 litros Este dispensador de bebidas fr\u00edas profesional es ideal para negocios que requieren servir grandes cantidades de zumos, refrescos, y otras bebidas fr\u00edas de manera eficiente. La m\u00e1quina cuenta con dos tanques de 12 litros (L) cada uno, lo que permite una capacidad total de 24 litros, garantizando que puedas ofrecer bebidas fr\u00edas durante todo el d\u00eda sin interrupciones. Caracter\u00edsticas principales:   Capacidad total de 24 litros: Con dos tanques de 12 litros, esta m\u00e1quina est\u00e1 dise\u00f1ada para cubrir las necesidades de bares, restaurantes, buffets y otros negocios que requieren un alto volumen de bebidas fr\u00edas.  Tanques dobles: Ofrece la posibilidad de servir dos tipos de bebidas diferentes al mismo tiempo, optimizando la variedad para tus clientes.  Material duradero: El cuerpo de la m\u00e1quina est\u00e1 fabricado en acero inoxidable, lo que garantiza durabilidad, resistencia a la corrosi\u00f3n y f\u00e1cil mantenimiento.  Sistema de enfriamiento eficiente: La m\u00e1quina cuenta con un sistema de refrigeraci\u00f3n avanzado que mantiene las bebidas a la temperatura perfecta durante largos periodos de tiempo.  Panel de control intuitivo: Permite ajustar la temperatura de forma precisa para cada tanque, asegurando que las bebidas est\u00e9n siempre en las condiciones \u00f3ptimas.  Ejemplos de uso:   Restaurantes y cafeter\u00edas: Ideal para servir jugos naturales, agua fresca, o refrescos fr\u00edos a los comensales.  Buffets y eventos: Perfecto para eventos a gran escala donde se requieren grandes cantidades de bebidas fr\u00edas.  Hoteles: Una excelente opci\u00f3n para ofrecer a los hu\u00e9spedes bebidas fr\u00edas en \u00e1reas de desayuno o lobby.  Tiendas de conveniencia: Util\u00edzala para ofrecer jugos o bebidas fr\u00edas listas para llevar.  Sectores donde se puede implementar:   Cadenas de restaurantes: Ideal para aquellos que necesitan un flujo constante de bebidas fr\u00edas durante todo el d\u00eda.  Cafeter\u00edas y bares: Perfecto para lugares donde se sirven jugos frescos y otras bebidas fr\u00edas.  Eventos y catering: El dise\u00f1o compacto y la capacidad de 24 litros lo hacen ideal para eventos de gran escala.  &nbsp;  &nbsp;\" \/>\n<meta property=\"og:url\" content=\"https:\/\/distribucionarc.com\/pl\/produkty\/sok-i-zimne-napoje-dozownik\/\" \/>\n<meta property=\"og:site_name\" content=\"distribuci\u00f3n ARC\" \/>\n<meta property=\"article:modified_time\" content=\"2024-09-08T18:17:58+00:00\" \/>\n<meta property=\"og:image\" content=\"https:\/\/distribucionarc.com\/wp-content\/uploads\/2020\/07\/Dispensador-de-zumo-y-bebidas-frias-imagen-de-producto.jpg\" \/>\n\t<meta property=\"og:image:width\" content=\"1600\" \/>\n\t<meta property=\"og:image:height\" content=\"1600\" \/>\n\t<meta property=\"og:image:type\" content=\"image\/jpeg\" \/>\n<meta name=\"twitter:card\" content=\"summary_large_image\" \/>\n<meta name=\"twitter:label1\" content=\"Szacowany czas czytania\" \/>\n\t<meta name=\"twitter:data1\" content=\"3 minuty\" \/>\n<script type=\"application\/ld+json\" class=\"yoast-schema-graph\">{\"@context\":\"https:\/\/schema.org\",\"@graph\":[{\"@type\":\"WebPage\",\"@id\":\"https:\/\/distribucionarc.com\/en\/producto\/dispensador-de-zumo-y-bebidas-frias\/\",\"url\":\"https:\/\/distribucionarc.com\/en\/producto\/dispensador-de-zumo-y-bebidas-frias\/\",\"name\":\"Dispensador de zumo y bebidas fr\u00edas - distribuci\u00f3n ARC\",\"isPartOf\":{\"@id\":\"https:\/\/www.distribucionarc.com\/sl\/#website\"},\"primaryImageOfPage\":{\"@id\":\"https:\/\/distribucionarc.com\/en\/producto\/dispensador-de-zumo-y-bebidas-frias\/#primaryimage\"},\"image\":{\"@id\":\"https:\/\/distribucionarc.com\/en\/producto\/dispensador-de-zumo-y-bebidas-frias\/#primaryimage\"},\"thumbnailUrl\":\"https:\/\/distribucionarc.com\/wp-content\/uploads\/2020\/07\/Dispensador-de-zumo-y-bebidas-frias-imagen-de-producto.jpg\",\"datePublished\":\"2020-07-20T08:28:29+00:00\",\"dateModified\":\"2024-09-08T18:17:58+00:00\",\"breadcrumb\":{\"@id\":\"https:\/\/distribucionarc.com\/en\/producto\/dispensador-de-zumo-y-bebidas-frias\/#breadcrumb\"},\"inLanguage\":\"pl-PL\",\"potentialAction\":[{\"@type\":\"ReadAction\",\"target\":[\"https:\/\/distribucionarc.com\/en\/producto\/dispensador-de-zumo-y-bebidas-frias\/\"]}]},{\"@type\":\"ImageObject\",\"inLanguage\":\"pl-PL\",\"@id\":\"https:\/\/distribucionarc.com\/en\/producto\/dispensador-de-zumo-y-bebidas-frias\/#primaryimage\",\"url\":\"https:\/\/distribucionarc.com\/wp-content\/uploads\/2020\/07\/Dispensador-de-zumo-y-bebidas-frias-imagen-de-producto.jpg\",\"contentUrl\":\"https:\/\/distribucionarc.com\/wp-content\/uploads\/2020\/07\/Dispensador-de-zumo-y-bebidas-frias-imagen-de-producto.jpg\",\"width\":1600,\"height\":1600},{\"@type\":\"BreadcrumbList\",\"@id\":\"https:\/\/distribucionarc.com\/en\/producto\/dispensador-de-zumo-y-bebidas-frias\/#breadcrumb\",\"itemListElement\":[{\"@type\":\"ListItem\",\"position\":1,\"name\":\"Portada\",\"item\":\"https:\/\/www.distribucionarc.com\/\"},{\"@type\":\"ListItem\",\"position\":2,\"name\":\"\u00dcr\u00fcnler\",\"item\":\"https:\/\/www.distribucionarc.com\/tr\/magaza\/\"},{\"@type\":\"ListItem\",\"position\":3,\"name\":\"Dispensador de zumo y bebidas fr\u00edas\"}]},{\"@type\":\"WebSite\",\"@id\":\"https:\/\/www.distribucionarc.com\/sl\/#website\",\"url\":\"https:\/\/www.distribucionarc.com\/sl\/\",\"name\":\"distribuci\u00f3n ARC\",\"description\":\"Empresa especializada en la fabricaci\u00f3n y distribuci\u00f3n de maquinaria industrial, selladoras de latas, Maquinas de hacer pastillas, Maquinas de cortar carne...\",\"publisher\":{\"@id\":\"https:\/\/www.distribucionarc.com\/sl\/#organization\"},\"potentialAction\":[{\"@type\":\"SearchAction\",\"target\":{\"@type\":\"EntryPoint\",\"urlTemplate\":\"https:\/\/www.distribucionarc.com\/sl\/?s={search_term_string}\"},\"query-input\":{\"@type\":\"PropertyValueSpecification\",\"valueRequired\":true,\"valueName\":\"search_term_string\"}}],\"inLanguage\":\"pl-PL\"},{\"@type\":\"Organization\",\"@id\":\"https:\/\/www.distribucionarc.com\/sl\/#organization\",\"name\":\"Distribuci\u00f3n ARC\",\"url\":\"https:\/\/www.distribucionarc.com\/sl\/\",\"logo\":{\"@type\":\"ImageObject\",\"inLanguage\":\"pl-PL\",\"@id\":\"https:\/\/www.distribucionarc.com\/sl\/#\/schema\/logo\/image\/\",\"url\":\"https:\/\/distribucionarc.com\/wp-content\/uploads\/2024\/10\/distribucion-ARC-COLOR-SIN-FONDO-e1732295305345.png\",\"contentUrl\":\"https:\/\/distribucionarc.com\/wp-content\/uploads\/2024\/10\/distribucion-ARC-COLOR-SIN-FONDO-e1732295305345.png\",\"width\":1164,\"height\":558,\"caption\":\"Distribuci\u00f3n ARC\"},\"image\":{\"@id\":\"https:\/\/www.distribucionarc.com\/sl\/#\/schema\/logo\/image\/\"},\"description\":\"Empresa especializada en la fabricaci\u00f3n y distribuci\u00f3n de maquinaria industrial para los sectores alimentario y farmac\u00e9utico. Nos especializamos en: M\u00e1quinas de cortar carne Fabricaci\u00f3n de comprimidos Sistemas de transporte industrial L\u00edneas de embotellado Dosificadores Y mucho m\u00e1s... Ofrecemos soluciones innovadoras y personalizadas para optimizar los procesos productivos de tu empresa.\",\"email\":\"Admistracion@distribucionarc.com\",\"telephone\":\"+34 643496664\",\"legalName\":\"ARC TECH SOLUTIONS\",\"foundingDate\":\"2024-04-09\",\"vatID\":\"B55480172\",\"numberOfEmployees\":{\"@type\":\"QuantitativeValue\",\"minValue\":\"1\",\"maxValue\":\"10\"}}]}<\/script>\n<!-- \/ Yoast SEO Premium plugin. -->","yoast_head_json":{"title":"Dozownik sok\u00f3w i zimnych napoj\u00f3w - dystrybucja ARC","robots":{"index":"index","follow":"follow","max-snippet":"max-snippet:-1","max-image-preview":"max-image-preview:large","max-video-preview":"max-video-preview:-1"},"canonical":"https:\/\/distribucionarc.com\/pl\/produkty\/sok-i-zimne-napoje-dozownik\/","og_locale":"pl_PL","og_type":"article","og_title":"Dispensador de zumo y bebidas fr\u00edas","og_description":"M\u00e1quina profesional de bebidas fr\u00edas \u2013 Capacidad total de 24 litros Este dispensador de bebidas fr\u00edas profesional es ideal para negocios que requieren servir grandes cantidades de zumos, refrescos, y otras bebidas fr\u00edas de manera eficiente. La m\u00e1quina cuenta con dos tanques de 12 litros (L) cada uno, lo que permite una capacidad total de 24 litros, garantizando que puedas ofrecer bebidas fr\u00edas durante todo el d\u00eda sin interrupciones. Caracter\u00edsticas principales:   Capacidad total de 24 litros: Con dos tanques de 12 litros, esta m\u00e1quina est\u00e1 dise\u00f1ada para cubrir las necesidades de bares, restaurantes, buffets y otros negocios que requieren un alto volumen de bebidas fr\u00edas.  Tanques dobles: Ofrece la posibilidad de servir dos tipos de bebidas diferentes al mismo tiempo, optimizando la variedad para tus clientes.  Material duradero: El cuerpo de la m\u00e1quina est\u00e1 fabricado en acero inoxidable, lo que garantiza durabilidad, resistencia a la corrosi\u00f3n y f\u00e1cil mantenimiento.  Sistema de enfriamiento eficiente: La m\u00e1quina cuenta con un sistema de refrigeraci\u00f3n avanzado que mantiene las bebidas a la temperatura perfecta durante largos periodos de tiempo.  Panel de control intuitivo: Permite ajustar la temperatura de forma precisa para cada tanque, asegurando que las bebidas est\u00e9n siempre en las condiciones \u00f3ptimas.  Ejemplos de uso:   Restaurantes y cafeter\u00edas: Ideal para servir jugos naturales, agua fresca, o refrescos fr\u00edos a los comensales.  Buffets y eventos: Perfecto para eventos a gran escala donde se requieren grandes cantidades de bebidas fr\u00edas.  Hoteles: Una excelente opci\u00f3n para ofrecer a los hu\u00e9spedes bebidas fr\u00edas en \u00e1reas de desayuno o lobby.  Tiendas de conveniencia: Util\u00edzala para ofrecer jugos o bebidas fr\u00edas listas para llevar.  Sectores donde se puede implementar:   Cadenas de restaurantes: Ideal para aquellos que necesitan un flujo constante de bebidas fr\u00edas durante todo el d\u00eda.  Cafeter\u00edas y bares: Perfecto para lugares donde se sirven jugos frescos y otras bebidas fr\u00edas.  Eventos y catering: El dise\u00f1o compacto y la capacidad de 24 litros lo hacen ideal para eventos de gran escala.  &nbsp;  &nbsp;","og_url":"https:\/\/distribucionarc.com\/pl\/produkty\/sok-i-zimne-napoje-dozownik\/","og_site_name":"distribuci\u00f3n ARC","article_modified_time":"2024-09-08T18:17:58+00:00","og_image":[{"width":1600,"height":1600,"url":"https:\/\/distribucionarc.com\/wp-content\/uploads\/2020\/07\/Dispensador-de-zumo-y-bebidas-frias-imagen-de-producto.jpg","type":"image\/jpeg"}],"twitter_card":"summary_large_image","twitter_misc":{"Szacowany czas czytania":"3 minuty"},"schema":{"@context":"https:\/\/schema.org","@graph":[{"@type":"WebPage","@id":"https:\/\/distribucionarc.com\/en\/producto\/dispensador-de-zumo-y-bebidas-frias\/","url":"https:\/\/distribucionarc.com\/en\/producto\/dispensador-de-zumo-y-bebidas-frias\/","name":"Dozownik sok\u00f3w i zimnych napoj\u00f3w - dystrybucja ARC","isPartOf":{"@id":"https:\/\/www.distribucionarc.com\/sl\/#website"},"primaryImageOfPage":{"@id":"https:\/\/distribucionarc.com\/en\/producto\/dispensador-de-zumo-y-bebidas-frias\/#primaryimage"},"image":{"@id":"https:\/\/distribucionarc.com\/en\/producto\/dispensador-de-zumo-y-bebidas-frias\/#primaryimage"},"thumbnailUrl":"https:\/\/distribucionarc.com\/wp-content\/uploads\/2020\/07\/Dispensador-de-zumo-y-bebidas-frias-imagen-de-producto.jpg","datePublished":"2020-07-20T08:28:29+00:00","dateModified":"2024-09-08T18:17:58+00:00","breadcrumb":{"@id":"https:\/\/distribucionarc.com\/en\/producto\/dispensador-de-zumo-y-bebidas-frias\/#breadcrumb"},"inLanguage":"pl-PL","potentialAction":[{"@type":"ReadAction","target":["https:\/\/distribucionarc.com\/en\/producto\/dispensador-de-zumo-y-bebidas-frias\/"]}]},{"@type":"ImageObject","inLanguage":"pl-PL","@id":"https:\/\/distribucionarc.com\/en\/producto\/dispensador-de-zumo-y-bebidas-frias\/#primaryimage","url":"https:\/\/distribucionarc.com\/wp-content\/uploads\/2020\/07\/Dispensador-de-zumo-y-bebidas-frias-imagen-de-producto.jpg","contentUrl":"https:\/\/distribucionarc.com\/wp-content\/uploads\/2020\/07\/Dispensador-de-zumo-y-bebidas-frias-imagen-de-producto.jpg","width":1600,"height":1600},{"@type":"BreadcrumbList","@id":"https:\/\/distribucionarc.com\/en\/producto\/dispensador-de-zumo-y-bebidas-frias\/#breadcrumb","itemListElement":[{"@type":"ListItem","position":1,"name":"Portada","item":"https:\/\/www.distribucionarc.com\/"},{"@type":"ListItem","position":2,"name":"\u00dcr\u00fcnler","item":"https:\/\/www.distribucionarc.com\/tr\/magaza\/"},{"@type":"ListItem","position":3,"name":"Dispensador de zumo y bebidas fr\u00edas"}]},{"@type":"WebSite","@id":"https:\/\/www.distribucionarc.com\/sl\/#website","url":"https:\/\/www.distribucionarc.com\/sl\/","name":"Dystrybucja ARC","description":"Firma specjalizuj\u0105ca si\u0119 w produkcji i dystrybucji maszyn przemys\u0142owych, zgrzewarek do puszek, maszyn do produkcji tabletek, maszyn do ci\u0119cia mi\u0119sa...","publisher":{"@id":"https:\/\/www.distribucionarc.com\/sl\/#organization"},"potentialAction":[{"@type":"SearchAction","target":{"@type":"EntryPoint","urlTemplate":"https:\/\/www.distribucionarc.com\/sl\/?s={search_term_string}"},"query-input":{"@type":"PropertyValueSpecification","valueRequired":true,"valueName":"search_term_string"}}],"inLanguage":"pl-PL"},{"@type":"Organization","@id":"https:\/\/www.distribucionarc.com\/sl\/#organization","name":"Dystrybucja ARC","url":"https:\/\/www.distribucionarc.com\/sl\/","logo":{"@type":"ImageObject","inLanguage":"pl-PL","@id":"https:\/\/www.distribucionarc.com\/sl\/#\/schema\/logo\/image\/","url":"https:\/\/distribucionarc.com\/wp-content\/uploads\/2024\/10\/distribucion-ARC-COLOR-SIN-FONDO-e1732295305345.png","contentUrl":"https:\/\/distribucionarc.com\/wp-content\/uploads\/2024\/10\/distribucion-ARC-COLOR-SIN-FONDO-e1732295305345.png","width":1164,"height":558,"caption":"Distribuci\u00f3n ARC"},"image":{"@id":"https:\/\/www.distribucionarc.com\/sl\/#\/schema\/logo\/image\/"},"description":"Firma specjalizuj\u0105ca si\u0119 w produkcji i dystrybucji maszyn przemys\u0142owych dla sektora spo\u017cywczego i farmaceutycznego. Specjalizujemy si\u0119 w: Maszyny do krojenia mi\u0119sa Produkcja tabletek Przemys\u0142owe systemy transportowe Linie butelkuj\u0105ce Dozowniki I wiele wi\u0119cej.... Oferujemy innowacyjne i niestandardowe rozwi\u0105zania w celu optymalizacji proces\u00f3w produkcyjnych w Twojej firmie.","email":"Admistracion@distribucionarc.com","telephone":"+34 643496664","legalName":"ARC TECH SOLUTIONS","foundingDate":"2024-04-09","vatID":"B55480172","numberOfEmployees":{"@type":"QuantitativeValue","minValue":"1","maxValue":"10"}}]}},"_links":{"self":[{"href":"https:\/\/distribucionarc.com\/pl\/wp-json\/wp\/v2\/product\/1234","targetHints":{"allow":["GET"]}}],"collection":[{"href":"https:\/\/distribucionarc.com\/pl\/wp-json\/wp\/v2\/product"}],"about":[{"href":"https:\/\/distribucionarc.com\/pl\/wp-json\/wp\/v2\/types\/product"}],"replies":[{"embeddable":true,"href":"https:\/\/distribucionarc.com\/pl\/wp-json\/wp\/v2\/comments?post=1234"}],"version-history":[{"count":0,"href":"https:\/\/distribucionarc.com\/pl\/wp-json\/wp\/v2\/product\/1234\/revisions"}],"wp:featuredmedia":[{"embeddable":true,"href":"https:\/\/distribucionarc.com\/pl\/wp-json\/wp\/v2\/media\/6048"}],"wp:attachment":[{"href":"https:\/\/distribucionarc.com\/pl\/wp-json\/wp\/v2\/media?parent=1234"}],"wp:term":[{"taxonomy":"product_brand","embeddable":true,"href":"https:\/\/distribucionarc.com\/pl\/wp-json\/wp\/v2\/product_brand?post=1234"},{"taxonomy":"product_cat","embeddable":true,"href":"https:\/\/distribucionarc.com\/pl\/wp-json\/wp\/v2\/product_cat?post=1234"},{"taxonomy":"product_tag","embeddable":true,"href":"https:\/\/distribucionarc.com\/pl\/wp-json\/wp\/v2\/product_tag?post=1234"}],"curies":[{"name":"wp","href":"https:\/\/api.w.org\/{rel}","templated":true}]}}