{"id":1277,"date":"2020-07-20T13:57:02","date_gmt":"2020-07-20T13:57:02","guid":{"rendered":"https:\/\/distribucionarc.com\/?post_type=product&#038;p=1277"},"modified":"2024-09-09T00:05:42","modified_gmt":"2024-09-09T00:05:42","slug":"maszyna-do-robienia-lodow-miekkich-14l","status":"publish","type":"product","link":"https:\/\/distribucionarc.com\/pl\/producto\/maquina-para-hacer-helados-suaves-14l\/","title":{"rendered":"Maszyna do lod\u00f3w kremowych o pojemno\u015bci 14 litr\u00f3w"},"content":{"rendered":"<h3>Maszyna do lod\u00f3w kremowych o pojemno\u015bci 14 litr\u00f3w<\/h3>\n<p><strong>Maszyna do lod\u00f3w<\/strong>\u00a0z<span style=\"color: #ff0000;\">\u00a0<\/span><strong><span style=\"color: #ff0000;\">DO<\/span><span style=\"color: #0000ff;\">R<\/span>C<\/strong>\u00a0Znajduje szerokie zastosowanie w restauracjach, kawiarniach, lodziarniach, miejscach wypoczynkowych. fast food. Bez skomplikowanych krok\u00f3w mo\u017cesz\u00a0<strong>szybko przygotowa\u0107 lody<\/strong>,\u00a0<strong>jogurt<\/strong>\u00a0albo\u00a0<strong>sorbet<\/strong><\/p>\n<p>The\u00a0<strong><span style=\"color: #ff0000;\">DO<\/span><span style=\"color: #0000ff;\">R<\/span>CMH02<\/strong>\u00a0Jest wyposa\u017cony w podw\u00f3jn\u0105 spr\u0119\u017cark\u0119 GMCC, dwa 6-litrowe zbiorniki ze stali nierdzewnej, wysokoenergetyczn\u0105 ch\u0142odnic\u0119 i czynnik ch\u0142odniczy R410a z funkcj\u0105 wst\u0119pnego ch\u0142odzenia i wydajno\u015bci\u0105 w zakresie od 20 l\/h do 28 l\/h.<\/p>\n<p>The\u00a0<strong>maszyna do lod\u00f3w<\/strong>\u00a0Posiada dwa wbudowane pojemniki ze stali nierdzewnej\u00a0<strong>maszyna do lod\u00f3w<\/strong>\u00a0z\u00a0<strong><span style=\"color: #ff0000;\">DO<\/span><span style=\"color: #0000ff;\">R<\/span>C<\/strong>\u00a0Mo\u017cna go u\u017cywa\u0107 do tworzenia trzech smak\u00f3w lod\u00f3w, w tym dw\u00f3ch prostych i jednego mieszanego, dla r\u00f3\u017cnych smak\u00f3w.<\/p>\n<p>Czas, temperatura, twardo\u015b\u0107 i ilo\u015b\u0107 lod\u00f3w mog\u0105 by\u0107 wy\u015bwietlane na ekranie w celu ci\u0105g\u0142ej obserwacji. Mo\u017cna dowolnie modulowa\u0107 wed\u0142ug upodoba\u0144. Dodatkowo czyszczenie jednym przyciskiem pozwala na szybkie i automatyczne czyszczenie maszyny do lod\u00f3w.<\/p>\n<p>Sk\u0142adniki\u00a0<strong>maszyna do lod\u00f3w<\/strong>\u00a0Mo\u017cna je wst\u0119pnie sch\u0142odzi\u0107, aby lody mog\u0142y zosta\u0107\u00a0<strong>przygotowa\u0107 si\u0119 szybko<\/strong>\u00a0po uruchomieniu maszyny. Funkcja przechowywania przez noc zmniejsza cz\u0119stotliwo\u015b\u0107 czyszczenia i oszcz\u0119dza sk\u0142adniki.<\/p>\n<p>Udoskonalony uchwyt na membran\u0119 umieszczono na zewn\u0105trz<strong>\u00a0maszyna do lod\u00f3w<\/strong>, aby ro\u017cki lodowe nie zamoczy\u0142y si\u0119 \u0142atwo i aby smak ro\u017ck\u00f3w m\u00f3g\u0142 zosta\u0107 zachowany.<\/p>\n<h6><\/h6>\n<h6><strong>Gwarancja<span style=\"color: #ff0000;\">\u00a0DO<\/span><span style=\"color: #0000ff;\">R<\/span>C 2 LATA<\/strong><\/h6>\n<h6><span style=\"color: #008000;\">Wydajna maszyna do lod\u00f3w, niskie zu\u017cycie energii 2000 W<\/span><\/h6>\n<h6><strong>wsparcie techniczne w cenie<\/strong><\/h6>\n<table>\n<thead>\n<tr>\n<th><strong>Charakterystyka<\/strong><\/th>\n<th><strong>Opis<\/strong><\/th>\n<\/tr>\n<\/thead>\n<tbody>\n<tr>\n<td><strong>Numer producenta<\/strong><\/td>\n<td>ARMCH03<\/td>\n<\/tr>\n<tr>\n<td><strong>Kraje posiadaj\u0105ce wsparcie techniczne<\/strong><\/td>\n<td><a href=\"https:\/\/distribucionarc.com\/pl\/serwis-techniczny\/\" target=\"_new\" rel=\"noopener\">Skonsultuj si\u0119 z pomoc\u0105 techniczn\u0105 tutaj<\/a><\/td>\n<\/tr>\n<tr>\n<td><strong>Waga<\/strong><\/td>\n<td>115 kilogram\u00f3w (kg)<\/td>\n<\/tr>\n<tr>\n<td><strong>Wymiary maszyny<\/strong><\/td>\n<td><strong>Wysoko\u015b\u0107<\/strong>: 85 cm, <strong>D\u0142ugi<\/strong>: 57 cm, <strong>Szeroki<\/strong>: 87cm<\/td>\n<\/tr>\n<tr>\n<td><strong>Kolor<\/strong><\/td>\n<td>Srebrny<\/td>\n<\/tr>\n<tr>\n<td><strong>Moc<\/strong><\/td>\n<td>2000 wat\u00f3w (W)<\/td>\n<\/tr>\n<tr>\n<td><strong>napi\u0119cie wej\u015bciowe<\/strong><\/td>\n<td>220 V \u2013 60 Hz<\/td>\n<\/tr>\n<tr>\n<td><strong>Zdolno\u015b\u0107 produkcyjna<\/strong><\/td>\n<td>20 \u2013 28 litr\u00f3w na godzin\u0119<\/td>\n<\/tr>\n<tr>\n<td><strong>Ch\u0142odziwo<\/strong><\/td>\n<td>R410a<\/td>\n<\/tr>\n<tr>\n<td><strong>Rozmiar depozytu<\/strong><\/td>\n<td>7 litr\u00f3w na jednostk\u0119<\/td>\n<\/tr>\n<tr>\n<td><strong>Tworzywo<\/strong><\/td>\n<td>Stal nierdzewna, inteligentne sterowanie dotykowe LCD<\/td>\n<\/tr>\n<tr>\n<td><strong>Gwarancja<\/strong><\/td>\n<td>2 lata<\/td>\n<\/tr>\n<tr>\n<td><strong>Narz\u0119dzia instalacyjne<\/strong><\/td>\n<td>Do\u0142\u0105czony<\/td>\n<\/tr>\n<\/tbody>\n<\/table>","protected":false},"excerpt":{"rendered":"<h2>Maszyna do lod\u00f3w mi\u0119kkich ARC \u2013 kompaktowa, wydajna maszyna do lod\u00f3w na blacie<\/h2>\n<p>The <strong>Profesjonalna maszyna do lod\u00f3w mi\u0119kkich i kremowych ARC<\/strong> Zosta\u0142 zaprojektowany tak, aby by\u0142 kompaktowy i wydajny, idealny do umieszczenia bezpo\u015brednio na blacie <strong>lodziarnie<\/strong>, <strong>kawiarnie<\/strong> I <strong>restauracje<\/strong> z ograniczon\u0105 przestrzeni\u0105. O pojemno\u015bci <strong>20 do 28 litr\u00f3w na godzin\u0119<\/strong>, ta maszyna pozwala produkowa\u0107 wysokiej jako\u015bci lody mi\u0119kkie i efektywnie spe\u0142nia\u0107 du\u017ce wymagania.<\/p>\n<p>Dzi\u0119ki Twojemu <strong>czynnik ch\u0142odniczy R410a<\/strong>maszyna ta gwarantuje stabiln\u0105 i energooszcz\u0119dn\u0105 produkcj\u0119, zawsze zachowuj\u0105c idealn\u0105 kremowo\u015b\u0107 i konsystencj\u0119 lod\u00f3w. Ponadto, <strong>inteligentny panel LCD<\/strong> u\u0142atwia sterowanie maszyn\u0105, umo\u017cliwiaj\u0105c precyzyjn\u0105 regulacj\u0119 czasu i temperatury.<\/p>\n<h3>Produkty, kt\u00f3re mo\u017cesz wykona\u0107:<\/h3>\n<ul>\n<li><strong>mi\u0119kkie lody<\/strong>: Idealne do ro\u017ck\u00f3w lub szklanek serwowanych w lokalach.<\/li>\n<li><strong>Mieszane lody<\/strong>: Umo\u017cliwia podanie maksymalnie dw\u00f3ch r\u00f3\u017cnych lub po\u0142\u0105czonych smak\u00f3w.<\/li>\n<li><strong>Lody i desery<\/strong>: Idealny do tworzenia spersonalizowanych deser\u00f3w lodowych dla ka\u017cdego klienta.<\/li>\n<\/ul>\n<h3>Sektory, w kt\u00f3rych mo\u017cna je wdro\u017cy\u0107:<\/h3>\n<ul>\n<li><strong>Lodziarnie i kawiarnie<\/strong>: Specjalnie do szybkiego i wydajnego serwowania mi\u0119kkich lod\u00f3w.<\/li>\n<li><strong>Restauracje<\/strong>: Doskona\u0142e do oferowania mro\u017conych deser\u00f3w jako cz\u0119\u015bci menu.<\/li>\n<li><strong>Franczyzy i food trucki<\/strong>: Idealny dla mobilnych firm lub franczyz, kt\u00f3re potrzebuj\u0105 sprz\u0119tu kompaktowego, ale o du\u017cej pojemno\u015bci.<\/li>\n<\/ul>","protected":false},"featured_media":1285,"comment_status":"open","ping_status":"closed","template":"","meta":{"wds_primary_product_brand":0,"wds_primary_product_cat":0},"product_brand":[],"product_cat":[56,58],"product_tag":[],"class_list":{"0":"post-1277","1":"product","2":"type-product","3":"status-publish","4":"has-post-thumbnail","6":"product_cat-maquinaria-para-ferias","7":"product_cat-maquinaria-para-heladerias-profesionales","8":"product_shipping_class-hosteleria","10":"first","11":"instock","12":"sale","13":"taxable","14":"shipping-taxable","15":"purchasable","16":"product-type-simple"},"yoast_head":"<!-- This site is optimized with the Yoast SEO Premium plugin v24.9 (Yoast SEO v26.1) - https:\/\/yoast.com\/wordpress\/plugins\/seo\/ -->\n<title>Maquina para hacer helados cremosos 14L - distribuci\u00f3n ARC<\/title>\n<meta name=\"robots\" content=\"index, follow, max-snippet:-1, max-image-preview:large, max-video-preview:-1\" \/>\n<link rel=\"canonical\" href=\"https:\/\/www.distribucionarc.com\/it\/producto\/maquina-para-hacer-helados-suaves-14l\/\" \/>\n<meta property=\"og:locale\" content=\"pl_PL\" \/>\n<meta property=\"og:type\" content=\"article\" \/>\n<meta property=\"og:title\" content=\"Maquina para hacer helados cremosos 14L\" \/>\n<meta property=\"og:description\" content=\"M\u00e1quina para hacer helados suaves ARC \u2013 Compacta y de alto rendimiento para mostrador La m\u00e1quina para hacer helados blandos y cremosos profesional ARC est\u00e1 dise\u00f1ada para ser compacta y potente, ideal para ubicarse directamente sobre el mostrador en helader\u00edas, cafeter\u00edas y restaurantes con espacio limitado. Con una capacidad de 20 a 28 litros por hora, esta m\u00e1quina te permite producir helados suaves de alta calidad y satisfacer grandes demandas de manera eficiente.  Gracias a su refrigerante R410a, esta m\u00e1quina garantiza una producci\u00f3n estable y eficiente en t\u00e9rminos de energ\u00eda, manteniendo siempre la cremosidad y textura perfecta del helado. Adem\u00e1s, el panel LCD inteligente facilita el control de la m\u00e1quina, permitiendo ajustes precisos en tiempo y temperatura. Productos que puedes hacer:   Helados suaves: Perfectos para conos o vasos servidos en establecimientos.  Helados mixtos: Permite servir hasta dos sabores diferentes o combinados.  Sundaes y postres: Ideal para crear postres con helado personalizado para cada cliente.  Sectores donde se puede implementar:   Helader\u00edas y cafeter\u00edas: Especial para servir helados suaves de manera r\u00e1pida y eficiente.  Restaurantes: Excelente para ofrecer postres helados como parte del men\u00fa.  Franquicias y food trucks: Ideal para negocios m\u00f3viles o franquicias que necesiten equipos compactos pero de alta capacidad.\" \/>\n<meta property=\"og:url\" content=\"https:\/\/www.distribucionarc.com\/it\/producto\/maquina-para-hacer-helados-suaves-14l\/\" \/>\n<meta property=\"og:site_name\" content=\"distribuci\u00f3n ARC\" \/>\n<meta property=\"article:modified_time\" content=\"2024-09-09T00:05:42+00:00\" \/>\n<meta property=\"og:image\" content=\"https:\/\/distribucionarc.com\/wp-content\/uploads\/2020\/07\/M\u00e1quina-para-hacer-helados-suaves-14L-1.jpg\" \/>\n\t<meta property=\"og:image:width\" content=\"1600\" \/>\n\t<meta property=\"og:image:height\" content=\"1600\" \/>\n\t<meta property=\"og:image:type\" content=\"image\/jpeg\" \/>\n<meta name=\"twitter:card\" content=\"summary_large_image\" \/>\n<meta name=\"twitter:label1\" content=\"Szacowany czas czytania\" \/>\n\t<meta name=\"twitter:data1\" content=\"2 minuty\" \/>\n<script type=\"application\/ld+json\" class=\"yoast-schema-graph\">{\"@context\":\"https:\/\/schema.org\",\"@graph\":[{\"@type\":\"WebPage\",\"@id\":\"https:\/\/www.distribucionarc.com\/it\/producto\/maquina-para-hacer-helados-suaves-14l\/\",\"url\":\"https:\/\/www.distribucionarc.com\/it\/producto\/maquina-para-hacer-helados-suaves-14l\/\",\"name\":\"Maquina para hacer helados cremosos 14L - distribuci\u00f3n ARC\",\"isPartOf\":{\"@id\":\"https:\/\/distribucionarc.com\/bg\/#website\"},\"primaryImageOfPage\":{\"@id\":\"https:\/\/www.distribucionarc.com\/it\/producto\/maquina-para-hacer-helados-suaves-14l\/#primaryimage\"},\"image\":{\"@id\":\"https:\/\/www.distribucionarc.com\/it\/producto\/maquina-para-hacer-helados-suaves-14l\/#primaryimage\"},\"thumbnailUrl\":\"https:\/\/distribucionarc.com\/wp-content\/uploads\/2020\/07\/M\u00e1quina-para-hacer-helados-suaves-14L-1.jpg\",\"datePublished\":\"2020-07-20T13:57:02+00:00\",\"dateModified\":\"2024-09-09T00:05:42+00:00\",\"breadcrumb\":{\"@id\":\"https:\/\/www.distribucionarc.com\/it\/producto\/maquina-para-hacer-helados-suaves-14l\/#breadcrumb\"},\"inLanguage\":\"pl-PL\",\"potentialAction\":[{\"@type\":\"ReadAction\",\"target\":[\"https:\/\/www.distribucionarc.com\/it\/producto\/maquina-para-hacer-helados-suaves-14l\/\"]}]},{\"@type\":\"ImageObject\",\"inLanguage\":\"pl-PL\",\"@id\":\"https:\/\/www.distribucionarc.com\/it\/producto\/maquina-para-hacer-helados-suaves-14l\/#primaryimage\",\"url\":\"https:\/\/distribucionarc.com\/wp-content\/uploads\/2020\/07\/M\u00e1quina-para-hacer-helados-suaves-14L-1.jpg\",\"contentUrl\":\"https:\/\/distribucionarc.com\/wp-content\/uploads\/2020\/07\/M\u00e1quina-para-hacer-helados-suaves-14L-1.jpg\",\"width\":1600,\"height\":1600,\"caption\":\"Maquina para hacer helados suaves 14L\"},{\"@type\":\"BreadcrumbList\",\"@id\":\"https:\/\/www.distribucionarc.com\/it\/producto\/maquina-para-hacer-helados-suaves-14l\/#breadcrumb\",\"itemListElement\":[{\"@type\":\"ListItem\",\"position\":1,\"name\":\"Portada\",\"item\":\"https:\/\/www.distribucionarc.com\/pl\/\"},{\"@type\":\"ListItem\",\"position\":2,\"name\":\"Produtos\",\"item\":\"https:\/\/www.distribucionarc.com\/pt\/comprar\/\"},{\"@type\":\"ListItem\",\"position\":3,\"name\":\"Maquina para hacer helados cremosos 14L\"}]},{\"@type\":\"WebSite\",\"@id\":\"https:\/\/distribucionarc.com\/bg\/#website\",\"url\":\"https:\/\/distribucionarc.com\/bg\/\",\"name\":\"distribuci\u00f3n ARC\",\"description\":\"Empresa especializada en la fabricaci\u00f3n y distribuci\u00f3n de maquinaria industrial, selladoras de latas, Maquinas de hacer pastillas, Maquinas de cortar carne...\",\"publisher\":{\"@id\":\"https:\/\/distribucionarc.com\/bg\/#organization\"},\"potentialAction\":[{\"@type\":\"SearchAction\",\"target\":{\"@type\":\"EntryPoint\",\"urlTemplate\":\"https:\/\/distribucionarc.com\/bg\/?s={search_term_string}\"},\"query-input\":{\"@type\":\"PropertyValueSpecification\",\"valueRequired\":true,\"valueName\":\"search_term_string\"}}],\"inLanguage\":\"pl-PL\"},{\"@type\":\"Organization\",\"@id\":\"https:\/\/distribucionarc.com\/bg\/#organization\",\"name\":\"Distribuci\u00f3n ARC\",\"url\":\"https:\/\/distribucionarc.com\/bg\/\",\"logo\":{\"@type\":\"ImageObject\",\"inLanguage\":\"pl-PL\",\"@id\":\"https:\/\/distribucionarc.com\/bg\/#\/schema\/logo\/image\/\",\"url\":\"https:\/\/distribucionarc.com\/wp-content\/uploads\/2024\/10\/distribucion-ARC-COLOR-SIN-FONDO-e1732295305345.png\",\"contentUrl\":\"https:\/\/distribucionarc.com\/wp-content\/uploads\/2024\/10\/distribucion-ARC-COLOR-SIN-FONDO-e1732295305345.png\",\"width\":1164,\"height\":558,\"caption\":\"Distribuci\u00f3n ARC\"},\"image\":{\"@id\":\"https:\/\/distribucionarc.com\/bg\/#\/schema\/logo\/image\/\"},\"description\":\"Empresa especializada en la fabricaci\u00f3n y distribuci\u00f3n de maquinaria industrial para los sectores alimentario y farmac\u00e9utico. Nos especializamos en: M\u00e1quinas de cortar carne Fabricaci\u00f3n de comprimidos Sistemas de transporte industrial L\u00edneas de embotellado Dosificadores Y mucho m\u00e1s... Ofrecemos soluciones innovadoras y personalizadas para optimizar los procesos productivos de tu empresa.\",\"email\":\"Admistracion@distribucionarc.com\",\"telephone\":\"+34 643496664\",\"legalName\":\"ARC TECH SOLUTIONS\",\"foundingDate\":\"2024-04-09\",\"vatID\":\"B55480172\",\"numberOfEmployees\":{\"@type\":\"QuantitativeValue\",\"minValue\":\"1\",\"maxValue\":\"10\"}}]}<\/script>\n<!-- \/ Yoast SEO Premium plugin. -->","yoast_head_json":{"title":"Maszyna do lod\u00f3w kremowych 14L - dystrybucja ARC","robots":{"index":"index","follow":"follow","max-snippet":"max-snippet:-1","max-image-preview":"max-image-preview:large","max-video-preview":"max-video-preview:-1"},"canonical":"https:\/\/www.distribucionarc.com\/it\/producto\/maquina-para-hacer-helados-suaves-14l\/","og_locale":"pl_PL","og_type":"article","og_title":"Maquina para hacer helados cremosos 14L","og_description":"M\u00e1quina para hacer helados suaves ARC \u2013 Compacta y de alto rendimiento para mostrador La m\u00e1quina para hacer helados blandos y cremosos profesional ARC est\u00e1 dise\u00f1ada para ser compacta y potente, ideal para ubicarse directamente sobre el mostrador en helader\u00edas, cafeter\u00edas y restaurantes con espacio limitado. Con una capacidad de 20 a 28 litros por hora, esta m\u00e1quina te permite producir helados suaves de alta calidad y satisfacer grandes demandas de manera eficiente.  Gracias a su refrigerante R410a, esta m\u00e1quina garantiza una producci\u00f3n estable y eficiente en t\u00e9rminos de energ\u00eda, manteniendo siempre la cremosidad y textura perfecta del helado. Adem\u00e1s, el panel LCD inteligente facilita el control de la m\u00e1quina, permitiendo ajustes precisos en tiempo y temperatura. Productos que puedes hacer:   Helados suaves: Perfectos para conos o vasos servidos en establecimientos.  Helados mixtos: Permite servir hasta dos sabores diferentes o combinados.  Sundaes y postres: Ideal para crear postres con helado personalizado para cada cliente.  Sectores donde se puede implementar:   Helader\u00edas y cafeter\u00edas: Especial para servir helados suaves de manera r\u00e1pida y eficiente.  Restaurantes: Excelente para ofrecer postres helados como parte del men\u00fa.  Franquicias y food trucks: Ideal para negocios m\u00f3viles o franquicias que necesiten equipos compactos pero de alta capacidad.","og_url":"https:\/\/www.distribucionarc.com\/it\/producto\/maquina-para-hacer-helados-suaves-14l\/","og_site_name":"distribuci\u00f3n ARC","article_modified_time":"2024-09-09T00:05:42+00:00","og_image":[{"width":1600,"height":1600,"url":"https:\/\/distribucionarc.com\/wp-content\/uploads\/2020\/07\/M\u00e1quina-para-hacer-helados-suaves-14L-1.jpg","type":"image\/jpeg"}],"twitter_card":"summary_large_image","twitter_misc":{"Szacowany czas czytania":"2 minuty"},"schema":{"@context":"https:\/\/schema.org","@graph":[{"@type":"WebPage","@id":"https:\/\/www.distribucionarc.com\/it\/producto\/maquina-para-hacer-helados-suaves-14l\/","url":"https:\/\/www.distribucionarc.com\/it\/producto\/maquina-para-hacer-helados-suaves-14l\/","name":"Maszyna do lod\u00f3w kremowych 14L - dystrybucja ARC","isPartOf":{"@id":"https:\/\/distribucionarc.com\/bg\/#website"},"primaryImageOfPage":{"@id":"https:\/\/www.distribucionarc.com\/it\/producto\/maquina-para-hacer-helados-suaves-14l\/#primaryimage"},"image":{"@id":"https:\/\/www.distribucionarc.com\/it\/producto\/maquina-para-hacer-helados-suaves-14l\/#primaryimage"},"thumbnailUrl":"https:\/\/distribucionarc.com\/wp-content\/uploads\/2020\/07\/M\u00e1quina-para-hacer-helados-suaves-14L-1.jpg","datePublished":"2020-07-20T13:57:02+00:00","dateModified":"2024-09-09T00:05:42+00:00","breadcrumb":{"@id":"https:\/\/www.distribucionarc.com\/it\/producto\/maquina-para-hacer-helados-suaves-14l\/#breadcrumb"},"inLanguage":"pl-PL","potentialAction":[{"@type":"ReadAction","target":["https:\/\/www.distribucionarc.com\/it\/producto\/maquina-para-hacer-helados-suaves-14l\/"]}]},{"@type":"ImageObject","inLanguage":"pl-PL","@id":"https:\/\/www.distribucionarc.com\/it\/producto\/maquina-para-hacer-helados-suaves-14l\/#primaryimage","url":"https:\/\/distribucionarc.com\/wp-content\/uploads\/2020\/07\/M\u00e1quina-para-hacer-helados-suaves-14L-1.jpg","contentUrl":"https:\/\/distribucionarc.com\/wp-content\/uploads\/2020\/07\/M\u00e1quina-para-hacer-helados-suaves-14L-1.jpg","width":1600,"height":1600,"caption":"Maquina para hacer helados suaves 14L"},{"@type":"BreadcrumbList","@id":"https:\/\/www.distribucionarc.com\/it\/producto\/maquina-para-hacer-helados-suaves-14l\/#breadcrumb","itemListElement":[{"@type":"ListItem","position":1,"name":"Portada","item":"https:\/\/www.distribucionarc.com\/pl\/"},{"@type":"ListItem","position":2,"name":"Produtos","item":"https:\/\/www.distribucionarc.com\/pt\/comprar\/"},{"@type":"ListItem","position":3,"name":"Maquina para hacer helados cremosos 14L"}]},{"@type":"WebSite","@id":"https:\/\/distribucionarc.com\/bg\/#website","url":"https:\/\/distribucionarc.com\/bg\/","name":"Dystrybucja ARC","description":"Firma specjalizuj\u0105ca si\u0119 w produkcji i dystrybucji maszyn przemys\u0142owych, zgrzewarek do puszek, maszyn do produkcji tabletek, maszyn do ci\u0119cia mi\u0119sa...","publisher":{"@id":"https:\/\/distribucionarc.com\/bg\/#organization"},"potentialAction":[{"@type":"SearchAction","target":{"@type":"EntryPoint","urlTemplate":"https:\/\/distribucionarc.com\/bg\/?s={search_term_string}"},"query-input":{"@type":"PropertyValueSpecification","valueRequired":true,"valueName":"search_term_string"}}],"inLanguage":"pl-PL"},{"@type":"Organization","@id":"https:\/\/distribucionarc.com\/bg\/#organization","name":"Dystrybucja ARC","url":"https:\/\/distribucionarc.com\/bg\/","logo":{"@type":"ImageObject","inLanguage":"pl-PL","@id":"https:\/\/distribucionarc.com\/bg\/#\/schema\/logo\/image\/","url":"https:\/\/distribucionarc.com\/wp-content\/uploads\/2024\/10\/distribucion-ARC-COLOR-SIN-FONDO-e1732295305345.png","contentUrl":"https:\/\/distribucionarc.com\/wp-content\/uploads\/2024\/10\/distribucion-ARC-COLOR-SIN-FONDO-e1732295305345.png","width":1164,"height":558,"caption":"Distribuci\u00f3n ARC"},"image":{"@id":"https:\/\/distribucionarc.com\/bg\/#\/schema\/logo\/image\/"},"description":"Firma specjalizuj\u0105ca si\u0119 w produkcji i dystrybucji maszyn przemys\u0142owych dla sektora spo\u017cywczego i farmaceutycznego. Specjalizujemy si\u0119 w: Maszyny do krojenia mi\u0119sa Produkcja tabletek Przemys\u0142owe systemy transportowe Linie butelkuj\u0105ce Dozowniki I wiele wi\u0119cej.... Oferujemy innowacyjne i niestandardowe rozwi\u0105zania w celu optymalizacji proces\u00f3w produkcyjnych w Twojej firmie.","email":"Admistracion@distribucionarc.com","telephone":"+34 643496664","legalName":"ARC TECH SOLUTIONS","foundingDate":"2024-04-09","vatID":"B55480172","numberOfEmployees":{"@type":"QuantitativeValue","minValue":"1","maxValue":"10"}}]}},"_links":{"self":[{"href":"https:\/\/distribucionarc.com\/pl\/wp-json\/wp\/v2\/product\/1277","targetHints":{"allow":["GET"]}}],"collection":[{"href":"https:\/\/distribucionarc.com\/pl\/wp-json\/wp\/v2\/product"}],"about":[{"href":"https:\/\/distribucionarc.com\/pl\/wp-json\/wp\/v2\/types\/product"}],"replies":[{"embeddable":true,"href":"https:\/\/distribucionarc.com\/pl\/wp-json\/wp\/v2\/comments?post=1277"}],"version-history":[{"count":0,"href":"https:\/\/distribucionarc.com\/pl\/wp-json\/wp\/v2\/product\/1277\/revisions"}],"wp:featuredmedia":[{"embeddable":true,"href":"https:\/\/distribucionarc.com\/pl\/wp-json\/wp\/v2\/media\/1285"}],"wp:attachment":[{"href":"https:\/\/distribucionarc.com\/pl\/wp-json\/wp\/v2\/media?parent=1277"}],"wp:term":[{"taxonomy":"product_brand","embeddable":true,"href":"https:\/\/distribucionarc.com\/pl\/wp-json\/wp\/v2\/product_brand?post=1277"},{"taxonomy":"product_cat","embeddable":true,"href":"https:\/\/distribucionarc.com\/pl\/wp-json\/wp\/v2\/product_cat?post=1277"},{"taxonomy":"product_tag","embeddable":true,"href":"https:\/\/distribucionarc.com\/pl\/wp-json\/wp\/v2\/product_tag?post=1277"}],"curies":[{"name":"wp","href":"https:\/\/api.w.org\/{rel}","templated":true}]}}