{"id":1292,"date":"2020-07-20T15:50:14","date_gmt":"2020-07-20T15:50:14","guid":{"rendered":"https:\/\/distribucionarc.com\/?post_type=product&#038;p=1292"},"modified":"2020-09-27T09:32:40","modified_gmt":"2020-09-27T09:32:40","slug":"profesjonalna-kruszarka-do-lodu","status":"publish","type":"product","link":"https:\/\/distribucionarc.com\/pl\/producto\/trituradora-de-hielo-batidora-profesional\/","title":{"rendered":"Kruszarka do lodu Profesjonalny blender"},"content":{"rendered":"<h3>Kruszarka do lodu Profesjonalny blender<\/h3>\n<p>The <strong>kruszarka do lodu<\/strong> z <strong><span style=\"color: #ff0000;\">DO<\/span><span style=\"color: #0000ff;\">R<\/span>C<\/strong> Jest wielofunkcyjny, nadaje si\u0119 do przygotowywania mro\u017conych napoj\u00f3w o r\u00f3\u017cnych smakach, lodu o idealnym rozmiarze do mojito, a nawet koktajli wieloowocowych.<\/p>\n<p>The <strong>kruszarka do lodu <span style=\"color: #ff0000;\">DO<\/span><span style=\"color: #0000ff;\">R<\/span>\uff08CMHG01\uff09<\/strong> Zawiera luf\u0119 ze stali nierdzewnej 304 klasy spo\u017cywczej. Pokrywa ze szk\u0142a hartowanego umo\u017cliwia wyra\u017an\u0105 obserwacj\u0119 procesu. Posiada kubek umo\u017cliwiaj\u0105cy dodanie wody lub oleju w dowolnym momencie.<\/p>\n<p>Pogrubione ostrza ze stali nierdzewnej 420 o wysokiej twardo\u015bci. Pozwalaj\u0105 na <strong>kruszarka do lodu<\/strong> z <strong><span style=\"color: #ff0000;\">DO<\/span><span style=\"color: #0000ff;\">R<\/span>C<\/strong> z \u0142atwo\u015bci\u0105 siekaj l\u00f3d i \u017cywno\u015b\u0107, uzyskuj\u0105c drobne, g\u0142adkie efekty.<\/p>\n<p>Dzia\u0142anie<strong> niszczarka profesjonalna <span style=\"color: #ff0000;\">DO<\/span><span style=\"color: #0000ff;\">R<\/span>C<\/strong> Jest prosty, z dobrze widocznymi przyciskami. Posiada funkcj\u0119 zatrzymania awaryjnego i urz\u0105dzenie zabezpieczaj\u0105ce, funkcja pomiaru czasu 0-60 min.<\/p>\n<p>Luf\u0119 mo\u017cna przechyli\u0107, co u\u0142atwia produkcj\u0119 gotowego produktu. Ko\u0142a umo\u017cliwiaj\u0105 wygodniejsze przemieszczanie si\u0119. Gumowe n\u00f3\u017cki zapewniaj\u0105 stabilno\u015b\u0107 urz\u0105dzenia w trakcie u\u017cytkowania. Szybkie zapi\u0119cia zapewniaj\u0105 szczelne zamkni\u0119cie produktu i bezpiecze\u0144stwo u\u017cytkownika. Hak przymocowany do b\u0119bna zapewnia maszynie wi\u0119ksz\u0105 stabilno\u015b\u0107 podczas obr\u00f3bki wszystkich rodzaj\u00f3w \u017cywno\u015bci.<\/p>\n<h6><strong>Gwarancja\u00a0<span style=\"color: #ff0000;\">DO<\/span><span style=\"color: #0000ff;\">R<\/span>C 2 LATA<\/strong><\/h6>\n<h6><span style=\"color: #008000;\">Wydajna maszyna do lod\u00f3w, niskie zu\u017cycie energii 2000 W<\/span><\/h6>\n<p><strong>wsparcie techniczne w cenie<\/strong><\/p>\n<p>&nbsp;<\/p>\n<table role=\"presentation\" width=\"100%\" cellspacing=\"0\" cellpadding=\"0\">\n<tbody>\n<tr>\n<td class=\"attrLabels\">Ch\u0142odziwo:<\/td>\n<td width=\"50.0%\">R410a<\/td>\n<\/tr>\n<tr>\n<td class=\"attrLabels\">Kraj dystrybucji:<\/td>\n<td width=\"50.0%\">Hiszpania, Niemcy, USA<\/td>\n<td class=\"attrLabels\">Waga:<\/td>\n<td width=\"50.0%\">30 kg<\/td>\n<\/tr>\n<tr>\n<td class=\"attrLabels\">Marka:<\/td>\n<td width=\"50.0%\">\u0141UK<\/td>\n<td class=\"attrLabels\">Wysoko\u015b\u0107:<\/td>\n<td width=\"50.0%\">105 cm<\/td>\n<\/tr>\n<tr>\n<td class=\"attrLabels\">Kolor:<\/td>\n<td width=\"50.0%\">Srebrny<\/td>\n<td class=\"attrLabels\">D\u0142ugi:<\/td>\n<td width=\"50.0%\">67cm<\/td>\n<\/tr>\n<tr>\n<td class=\"attrLabels\">Rodzaj produktu:<\/td>\n<td width=\"50.0%\">Profesjonalny blender krusz\u0105cy<\/td>\n<td class=\"attrLabels\">Szeroki:<\/td>\n<td width=\"50.0%\">\u00a062cm<\/td>\n<\/tr>\n<tr>\n<td class=\"attrLabels\">Numer producenta:<\/td>\n<td width=\"50.0%\">ARCMHG01<\/td>\n<td class=\"attrLabels\">Moc:<\/td>\n<td width=\"50.0%\">2000 W<\/td>\n<\/tr>\n<tr>\n<td class=\"attrLabels\">Tworzywo:<\/td>\n<td width=\"50.0%\">Stal nierdzewna, inteligentne sterowanie, system bezpiecze\u0144stwa, szk\u0142o hartowane<\/td>\n<td class=\"attrLabels\">napi\u0119cie wej\u015bciowe<\/td>\n<td width=\"50.0%\">220 V \u2013 60 Hz<\/td>\n<\/tr>\n<tr>\n<td class=\"attrLabels\">Pr\u0119dko\u015b\u0107:<\/td>\n<td width=\"50.0%\">\u00a02800 obr.\/min<\/td>\n<td class=\"attrLabels\">Rozmiar:<\/td>\n<td width=\"50.0%\">30L<\/td>\n<\/tr>\n<tr>\n<td class=\"attrLabels\">Narz\u0119dzia instalacyjne:<\/td>\n<td width=\"50.0%\">Tak<\/td>\n<td class=\"attrLabels\">Gwarancja:<\/td>\n<td width=\"50.0%\">2 LATA<\/td>\n<\/tr>\n<\/tbody>\n<\/table>\n<p>&nbsp;<\/p>","protected":false},"excerpt":{"rendered":"<h3>Kruszarka do lodu Profesjonalny blender<\/h3>\n<p>W\u00a0<span style=\"color: #ff0000;\"><strong><span style=\"font-style: inherit; font-weight: inherit;\">DO<\/span><\/strong><\/span><span style=\"color: #0000ff;\"><strong>R<\/strong><\/span><strong>C<\/strong>\u00a0zawsze znajdziesz\u00a0<strong>maszyny do lod\u00f3w<\/strong>\u00a0do u\u017cytku\u00a0<strong>profesjonalna reklama<\/strong>\u00a0najbardziej innowacyjny na rynku ze wzgl\u0119du na eleganckie detale, dba\u0142o\u015b\u0107 o sprzyjanie produkcji, a co za tym idzie, jako\u015b\u0107 produktu, a tak\u017ce pomoc w zu\u017cyciu energii<strong>\u00a0<\/strong><span style=\"color: #008000;\"><strong>energooszcz\u0119dne maszyny do lod\u00f3w.<\/strong><\/span><\/p>\n<p>T-t<strong>kruszarka do lodu<\/strong> 30 l <strong><span style=\"color: #ff0000;\">DO<\/span><span style=\"color: #0000ff;\">R<\/span>C<\/strong> Nadaje si\u0119 do przygotowywania koktajli owocowych w bardzo szybkim tempie, a tak\u017ce jest bardzo przydatny do produkcji w\u0142asnego lodu do mro\u017conych napoj\u00f3w smakowych i koktajli. Idealne do restauracji, na targi, do food truck\u00f3w, na imprezy i do u\u017cytku rodzinnego. Ten <strong>niszczarka profesjonalna <span style=\"color: #ff0000;\">DO<\/span><span style=\"color: #0000ff;\">R<\/span>\uff08CMHG01\uff09<\/strong> Wyposa\u017cono go w funkcjonaln\u0105 podw\u00f3jn\u0105 automatyczn\u0105 blokad\u0119 bezpiecze\u0144stwa, kt\u00f3ra zatrzymuje ruch ostrza po otwarciu pokrywy lub wyj\u0119ciu pojemnika. W zestawie znajduj\u0105 si\u0119 k\u00f3\u0142ka u\u0142atwiaj\u0105ce przemieszczanie. Doskonale nadaje si\u0119 do zastosowa\u0144 komercyjnych, a jego niesamowita moc sprawia, \u017ce jest niezwykle wydajny.<\/p>\n<h6><strong>Gwarancja\u00a0<span style=\"color: #ff0000;\">DO<\/span><span style=\"color: #0000ff;\">R<\/span>C 2 LATA<\/strong><\/h6>\n<h6><span style=\"color: #008000;\">Wydajna maszyna do lod\u00f3w, niskie zu\u017cycie energii 2000 W<\/span><\/h6>\n<p><strong>wsparcie techniczne w cenie<\/strong><\/p>\n<p>&nbsp;<\/p>","protected":false},"featured_media":1300,"comment_status":"open","ping_status":"closed","template":"","meta":{"wds_primary_product_brand":0,"wds_primary_product_cat":0},"product_brand":[],"product_cat":[56,58],"product_tag":[],"class_list":{"0":"post-1292","1":"product","2":"type-product","3":"status-publish","4":"has-post-thumbnail","6":"product_cat-maquinaria-para-ferias","7":"product_cat-maquinaria-para-heladerias-profesionales","8":"product_shipping_class-hosteleria","10":"first","11":"instock","12":"sale","13":"taxable","14":"shipping-taxable","15":"purchasable","16":"product-type-simple"},"yoast_head":"<!-- This site is optimized with the Yoast SEO Premium plugin v24.9 (Yoast SEO v26.1) - https:\/\/yoast.com\/wordpress\/plugins\/seo\/ -->\n<title>Trituradora de hielo Batidora profesional - distribuci\u00f3n ARC<\/title>\n<meta name=\"robots\" content=\"index, follow, max-snippet:-1, max-image-preview:large, max-video-preview:-1\" \/>\n<link rel=\"canonical\" href=\"https:\/\/www.distribucionarc.com\/producto\/trituradora-de-hielo-batidora-profesional\/\" \/>\n<meta property=\"og:locale\" content=\"pl_PL\" \/>\n<meta property=\"og:type\" content=\"article\" \/>\n<meta property=\"og:title\" content=\"Trituradora de hielo Batidora profesional\" \/>\n<meta property=\"og:description\" content=\"Trituradora de hielo Batidora profesional En\u00a0ARC\u00a0siempre encontrar\u00e1s la\u00a0maquinaria para helados\u00a0para uso\u00a0comercial profesional\u00a0m\u00e1s innovadora del mercado por sus detalles elegantes, su cuidado en favorecer la producci\u00f3n y a su vez la calidad del producto, adem\u00e1s de ayudar en el consumo energ\u00e9tico con\u00a0m\u00e1quinas de helado de bajo consumo energ\u00e9tico.  La trituradora de hielo de 30 L de ARC es apta para hacer batidos de frutas a un ritmo muy r\u00e1pido, tambi\u00e9n resulta muy \u00fatil para fabricar tu propio hielo para granizados de sabores o cocktails. Ideal para restaurantes, ferias, camiones de alimentos, eventos y uso familiar. La trituradora profesional ARCMHG01 est\u00e1 equipado con un doble cierre de seguridad autom\u00e1tico funcional, que detiene el movimiento de la cuchilla cuando la tapa est\u00e1 abierta o cuando se retira el contenedor. Se incluyen ruedas para facilitar el movimiento. Es perfecto tanto para uso comercial por su incre\u00edble potencia. Garant\u00eda\u00a0ARC 2 A\u00d1OS Maquina para hacer helados eficiente, bajo consumo 2000w soporte t\u00e9cnico incluido  &nbsp;\" \/>\n<meta property=\"og:url\" content=\"https:\/\/www.distribucionarc.com\/producto\/trituradora-de-hielo-batidora-profesional\/\" \/>\n<meta property=\"og:site_name\" content=\"distribuci\u00f3n ARC\" \/>\n<meta property=\"article:modified_time\" content=\"2020-09-27T09:32:40+00:00\" \/>\n<meta property=\"og:image\" content=\"https:\/\/www.distribucionarc.com\/wp-content\/uploads\/2020\/07\/Trituradora-hielo-Batidora-profesional-0.jpg\" \/>\n\t<meta property=\"og:image:width\" content=\"1600\" \/>\n\t<meta property=\"og:image:height\" content=\"1600\" \/>\n\t<meta property=\"og:image:type\" content=\"image\/jpeg\" \/>\n<meta name=\"twitter:card\" content=\"summary_large_image\" \/>\n<meta name=\"twitter:label1\" content=\"Szacowany czas czytania\" \/>\n\t<meta name=\"twitter:data1\" content=\"1 minuta\" \/>\n<script type=\"application\/ld+json\" class=\"yoast-schema-graph\">{\"@context\":\"https:\/\/schema.org\",\"@graph\":[{\"@type\":\"WebPage\",\"@id\":\"https:\/\/www.distribucionarc.com\/producto\/trituradora-de-hielo-batidora-profesional\/\",\"url\":\"https:\/\/www.distribucionarc.com\/producto\/trituradora-de-hielo-batidora-profesional\/\",\"name\":\"Trituradora de hielo Batidora profesional - distribuci\u00f3n ARC\",\"isPartOf\":{\"@id\":\"https:\/\/www.distribucionarc.com\/de\/#website\"},\"primaryImageOfPage\":{\"@id\":\"https:\/\/www.distribucionarc.com\/producto\/trituradora-de-hielo-batidora-profesional\/#primaryimage\"},\"image\":{\"@id\":\"https:\/\/www.distribucionarc.com\/producto\/trituradora-de-hielo-batidora-profesional\/#primaryimage\"},\"thumbnailUrl\":\"https:\/\/distribucionarc.com\/wp-content\/uploads\/2020\/07\/Trituradora-hielo-Batidora-profesional-0.jpg\",\"datePublished\":\"2020-07-20T15:50:14+00:00\",\"dateModified\":\"2020-09-27T09:32:40+00:00\",\"breadcrumb\":{\"@id\":\"https:\/\/www.distribucionarc.com\/producto\/trituradora-de-hielo-batidora-profesional\/#breadcrumb\"},\"inLanguage\":\"pl-PL\",\"potentialAction\":[{\"@type\":\"ReadAction\",\"target\":[\"https:\/\/www.distribucionarc.com\/producto\/trituradora-de-hielo-batidora-profesional\/\"]}]},{\"@type\":\"ImageObject\",\"inLanguage\":\"pl-PL\",\"@id\":\"https:\/\/www.distribucionarc.com\/producto\/trituradora-de-hielo-batidora-profesional\/#primaryimage\",\"url\":\"https:\/\/distribucionarc.com\/wp-content\/uploads\/2020\/07\/Trituradora-hielo-Batidora-profesional-0.jpg\",\"contentUrl\":\"https:\/\/distribucionarc.com\/wp-content\/uploads\/2020\/07\/Trituradora-hielo-Batidora-profesional-0.jpg\",\"width\":1600,\"height\":1600,\"caption\":\"Trituradora hielo batidora profesional\"},{\"@type\":\"BreadcrumbList\",\"@id\":\"https:\/\/www.distribucionarc.com\/producto\/trituradora-de-hielo-batidora-profesional\/#breadcrumb\",\"itemListElement\":[{\"@type\":\"ListItem\",\"position\":1,\"name\":\"Portada\",\"item\":\"https:\/\/www.distribucionarc.com\/en\/\"},{\"@type\":\"ListItem\",\"position\":2,\"name\":\"Products\",\"item\":\"https:\/\/www.distribucionarc.com\/en\/shop\/\"},{\"@type\":\"ListItem\",\"position\":3,\"name\":\"Trituradora de hielo Batidora profesional\"}]},{\"@type\":\"WebSite\",\"@id\":\"https:\/\/www.distribucionarc.com\/de\/#website\",\"url\":\"https:\/\/www.distribucionarc.com\/de\/\",\"name\":\"distribuci\u00f3n ARC\",\"description\":\"Empresa especializada en la fabricaci\u00f3n y distribuci\u00f3n de maquinaria industrial, selladoras de latas, Maquinas de hacer pastillas, Maquinas de cortar carne...\",\"publisher\":{\"@id\":\"https:\/\/www.distribucionarc.com\/de\/#organization\"},\"potentialAction\":[{\"@type\":\"SearchAction\",\"target\":{\"@type\":\"EntryPoint\",\"urlTemplate\":\"https:\/\/www.distribucionarc.com\/de\/?s={search_term_string}\"},\"query-input\":{\"@type\":\"PropertyValueSpecification\",\"valueRequired\":true,\"valueName\":\"search_term_string\"}}],\"inLanguage\":\"pl-PL\"},{\"@type\":\"Organization\",\"@id\":\"https:\/\/www.distribucionarc.com\/de\/#organization\",\"name\":\"Distribuci\u00f3n ARC\",\"url\":\"https:\/\/www.distribucionarc.com\/de\/\",\"logo\":{\"@type\":\"ImageObject\",\"inLanguage\":\"pl-PL\",\"@id\":\"https:\/\/www.distribucionarc.com\/de\/#\/schema\/logo\/image\/\",\"url\":\"https:\/\/distribucionarc.com\/wp-content\/uploads\/2024\/10\/distribucion-ARC-COLOR-SIN-FONDO-e1732295305345.png\",\"contentUrl\":\"https:\/\/distribucionarc.com\/wp-content\/uploads\/2024\/10\/distribucion-ARC-COLOR-SIN-FONDO-e1732295305345.png\",\"width\":1164,\"height\":558,\"caption\":\"Distribuci\u00f3n ARC\"},\"image\":{\"@id\":\"https:\/\/www.distribucionarc.com\/de\/#\/schema\/logo\/image\/\"},\"description\":\"Empresa especializada en la fabricaci\u00f3n y distribuci\u00f3n de maquinaria industrial para los sectores alimentario y farmac\u00e9utico. Nos especializamos en: M\u00e1quinas de cortar carne Fabricaci\u00f3n de comprimidos Sistemas de transporte industrial L\u00edneas de embotellado Dosificadores Y mucho m\u00e1s... Ofrecemos soluciones innovadoras y personalizadas para optimizar los procesos productivos de tu empresa.\",\"email\":\"Admistracion@distribucionarc.com\",\"telephone\":\"+34 643496664\",\"legalName\":\"ARC TECH SOLUTIONS\",\"foundingDate\":\"2024-04-09\",\"vatID\":\"B55480172\",\"numberOfEmployees\":{\"@type\":\"QuantitativeValue\",\"minValue\":\"1\",\"maxValue\":\"10\"}}]}<\/script>\n<!-- \/ Yoast SEO Premium plugin. -->","yoast_head_json":{"title":"Blender Ice Crusher Professional - dystrybucja ARC","robots":{"index":"index","follow":"follow","max-snippet":"max-snippet:-1","max-image-preview":"max-image-preview:large","max-video-preview":"max-video-preview:-1"},"canonical":"https:\/\/www.distribucionarc.com\/producto\/trituradora-de-hielo-batidora-profesional\/","og_locale":"pl_PL","og_type":"article","og_title":"Trituradora de hielo Batidora profesional","og_description":"Trituradora de hielo Batidora profesional En\u00a0ARC\u00a0siempre encontrar\u00e1s la\u00a0maquinaria para helados\u00a0para uso\u00a0comercial profesional\u00a0m\u00e1s innovadora del mercado por sus detalles elegantes, su cuidado en favorecer la producci\u00f3n y a su vez la calidad del producto, adem\u00e1s de ayudar en el consumo energ\u00e9tico con\u00a0m\u00e1quinas de helado de bajo consumo energ\u00e9tico.  La trituradora de hielo de 30 L de ARC es apta para hacer batidos de frutas a un ritmo muy r\u00e1pido, tambi\u00e9n resulta muy \u00fatil para fabricar tu propio hielo para granizados de sabores o cocktails. Ideal para restaurantes, ferias, camiones de alimentos, eventos y uso familiar. La trituradora profesional ARCMHG01 est\u00e1 equipado con un doble cierre de seguridad autom\u00e1tico funcional, que detiene el movimiento de la cuchilla cuando la tapa est\u00e1 abierta o cuando se retira el contenedor. Se incluyen ruedas para facilitar el movimiento. Es perfecto tanto para uso comercial por su incre\u00edble potencia. Garant\u00eda\u00a0ARC 2 A\u00d1OS Maquina para hacer helados eficiente, bajo consumo 2000w soporte t\u00e9cnico incluido  &nbsp;","og_url":"https:\/\/www.distribucionarc.com\/producto\/trituradora-de-hielo-batidora-profesional\/","og_site_name":"distribuci\u00f3n ARC","article_modified_time":"2020-09-27T09:32:40+00:00","og_image":[{"width":1600,"height":1600,"url":"https:\/\/www.distribucionarc.com\/wp-content\/uploads\/2020\/07\/Trituradora-hielo-Batidora-profesional-0.jpg","type":"image\/jpeg"}],"twitter_card":"summary_large_image","twitter_misc":{"Szacowany czas czytania":"1 minuta"},"schema":{"@context":"https:\/\/schema.org","@graph":[{"@type":"WebPage","@id":"https:\/\/www.distribucionarc.com\/producto\/trituradora-de-hielo-batidora-profesional\/","url":"https:\/\/www.distribucionarc.com\/producto\/trituradora-de-hielo-batidora-profesional\/","name":"Blender Ice Crusher Professional - dystrybucja ARC","isPartOf":{"@id":"https:\/\/www.distribucionarc.com\/de\/#website"},"primaryImageOfPage":{"@id":"https:\/\/www.distribucionarc.com\/producto\/trituradora-de-hielo-batidora-profesional\/#primaryimage"},"image":{"@id":"https:\/\/www.distribucionarc.com\/producto\/trituradora-de-hielo-batidora-profesional\/#primaryimage"},"thumbnailUrl":"https:\/\/distribucionarc.com\/wp-content\/uploads\/2020\/07\/Trituradora-hielo-Batidora-profesional-0.jpg","datePublished":"2020-07-20T15:50:14+00:00","dateModified":"2020-09-27T09:32:40+00:00","breadcrumb":{"@id":"https:\/\/www.distribucionarc.com\/producto\/trituradora-de-hielo-batidora-profesional\/#breadcrumb"},"inLanguage":"pl-PL","potentialAction":[{"@type":"ReadAction","target":["https:\/\/www.distribucionarc.com\/producto\/trituradora-de-hielo-batidora-profesional\/"]}]},{"@type":"ImageObject","inLanguage":"pl-PL","@id":"https:\/\/www.distribucionarc.com\/producto\/trituradora-de-hielo-batidora-profesional\/#primaryimage","url":"https:\/\/distribucionarc.com\/wp-content\/uploads\/2020\/07\/Trituradora-hielo-Batidora-profesional-0.jpg","contentUrl":"https:\/\/distribucionarc.com\/wp-content\/uploads\/2020\/07\/Trituradora-hielo-Batidora-profesional-0.jpg","width":1600,"height":1600,"caption":"Trituradora hielo batidora profesional"},{"@type":"BreadcrumbList","@id":"https:\/\/www.distribucionarc.com\/producto\/trituradora-de-hielo-batidora-profesional\/#breadcrumb","itemListElement":[{"@type":"ListItem","position":1,"name":"Portada","item":"https:\/\/www.distribucionarc.com\/en\/"},{"@type":"ListItem","position":2,"name":"Products","item":"https:\/\/www.distribucionarc.com\/en\/shop\/"},{"@type":"ListItem","position":3,"name":"Trituradora de hielo Batidora profesional"}]},{"@type":"WebSite","@id":"https:\/\/www.distribucionarc.com\/de\/#website","url":"https:\/\/www.distribucionarc.com\/de\/","name":"Dystrybucja ARC","description":"Firma specjalizuj\u0105ca si\u0119 w produkcji i dystrybucji maszyn przemys\u0142owych, zgrzewarek do puszek, maszyn do produkcji tabletek, maszyn do ci\u0119cia mi\u0119sa...","publisher":{"@id":"https:\/\/www.distribucionarc.com\/de\/#organization"},"potentialAction":[{"@type":"SearchAction","target":{"@type":"EntryPoint","urlTemplate":"https:\/\/www.distribucionarc.com\/de\/?s={search_term_string}"},"query-input":{"@type":"PropertyValueSpecification","valueRequired":true,"valueName":"search_term_string"}}],"inLanguage":"pl-PL"},{"@type":"Organization","@id":"https:\/\/www.distribucionarc.com\/de\/#organization","name":"Dystrybucja ARC","url":"https:\/\/www.distribucionarc.com\/de\/","logo":{"@type":"ImageObject","inLanguage":"pl-PL","@id":"https:\/\/www.distribucionarc.com\/de\/#\/schema\/logo\/image\/","url":"https:\/\/distribucionarc.com\/wp-content\/uploads\/2024\/10\/distribucion-ARC-COLOR-SIN-FONDO-e1732295305345.png","contentUrl":"https:\/\/distribucionarc.com\/wp-content\/uploads\/2024\/10\/distribucion-ARC-COLOR-SIN-FONDO-e1732295305345.png","width":1164,"height":558,"caption":"Distribuci\u00f3n ARC"},"image":{"@id":"https:\/\/www.distribucionarc.com\/de\/#\/schema\/logo\/image\/"},"description":"Firma specjalizuj\u0105ca si\u0119 w produkcji i dystrybucji maszyn przemys\u0142owych dla sektora spo\u017cywczego i farmaceutycznego. Specjalizujemy si\u0119 w: Maszyny do krojenia mi\u0119sa Produkcja tabletek Przemys\u0142owe systemy transportowe Linie butelkuj\u0105ce Dozowniki I wiele wi\u0119cej.... Oferujemy innowacyjne i niestandardowe rozwi\u0105zania w celu optymalizacji proces\u00f3w produkcyjnych w Twojej firmie.","email":"Admistracion@distribucionarc.com","telephone":"+34 643496664","legalName":"ARC TECH SOLUTIONS","foundingDate":"2024-04-09","vatID":"B55480172","numberOfEmployees":{"@type":"QuantitativeValue","minValue":"1","maxValue":"10"}}]}},"_links":{"self":[{"href":"https:\/\/distribucionarc.com\/pl\/wp-json\/wp\/v2\/product\/1292","targetHints":{"allow":["GET"]}}],"collection":[{"href":"https:\/\/distribucionarc.com\/pl\/wp-json\/wp\/v2\/product"}],"about":[{"href":"https:\/\/distribucionarc.com\/pl\/wp-json\/wp\/v2\/types\/product"}],"replies":[{"embeddable":true,"href":"https:\/\/distribucionarc.com\/pl\/wp-json\/wp\/v2\/comments?post=1292"}],"version-history":[{"count":0,"href":"https:\/\/distribucionarc.com\/pl\/wp-json\/wp\/v2\/product\/1292\/revisions"}],"wp:featuredmedia":[{"embeddable":true,"href":"https:\/\/distribucionarc.com\/pl\/wp-json\/wp\/v2\/media\/1300"}],"wp:attachment":[{"href":"https:\/\/distribucionarc.com\/pl\/wp-json\/wp\/v2\/media?parent=1292"}],"wp:term":[{"taxonomy":"product_brand","embeddable":true,"href":"https:\/\/distribucionarc.com\/pl\/wp-json\/wp\/v2\/product_brand?post=1292"},{"taxonomy":"product_cat","embeddable":true,"href":"https:\/\/distribucionarc.com\/pl\/wp-json\/wp\/v2\/product_cat?post=1292"},{"taxonomy":"product_tag","embeddable":true,"href":"https:\/\/distribucionarc.com\/pl\/wp-json\/wp\/v2\/product_tag?post=1292"}],"curies":[{"name":"wp","href":"https:\/\/api.w.org\/{rel}","templated":true}]}}