{"id":1306,"date":"2020-07-29T13:54:04","date_gmt":"2020-07-29T13:54:04","guid":{"rendered":"https:\/\/distribucionarc.com\/?post_type=product&#038;p=1306"},"modified":"2024-10-06T07:11:27","modified_gmt":"2024-10-06T07:11:27","slug":"profesjonalny-dystrybutor-goracej-czekolady","status":"publish","type":"product","link":"https:\/\/distribucionarc.com\/pl\/producto\/dispensador-chocolatera-caliente-profesional\/","title":{"rendered":"Profesjonalny dozownik gor\u0105cej czekolady"},"content":{"rendered":"<h3>Profesjonalny dozownik gor\u0105cej czekolady<\/h3>\n<p>On <strong>dozownik czekolady<\/strong> z <strong><span style=\"color: #ff0000;\">DO<\/span><span style=\"color: #0000ff;\">R<\/span>C<\/strong> Jest idealnym towarzyszem ka\u017cdej kuchni o du\u017cym zapotrzebowaniu na gor\u0105c\u0105 czekolad\u0119 dzi\u0119ki zbiornikowi o pojemno\u015bci 10 l, eleganckiemu wzornictwu, szybkiemu nagrzewaniu i sta\u0142ej kontroli temperatury.<\/p>\n<p>The <strong>producent czekolady<\/strong> z <strong><span style=\"color: #ff0000;\">DO<\/span><span style=\"color: #0000ff;\">R<\/span>C<\/strong> Posiada zbiornik o pojemno\u015bci 10 l, kt\u00f3ry u\u0142atwia nape\u0142nianie i zapewnia wi\u0119ksz\u0105 dost\u0119pno\u015b\u0107 produktu. Jego solidna i elegancka konstrukcja wykonana jest ze stali nierdzewnej najwy\u017cszej jako\u015bci, aby nie zmienia\u0107 smak\u00f3w.<\/p>\n<p>On <strong>dozownik czekolady <span style=\"color: #ff0000;\">DO<\/span><span style=\"color: #0000ff;\">R<\/span>CMCH1<\/strong> Posiada regulacj\u0119 temperatury za pomoc\u0105 czujnik\u00f3w, kt\u00f3re w\u0142\u0105czaj\u0105 i wy\u0142\u0105czaj\u0105 \u015bwiat\u0142o. <strong>producent czekolady<\/strong>, w zale\u017cno\u015bci od zakresu temperatur, kt\u00f3ry najlepiej odpowiada Twoim potrzebom. Konstrukcja ogrzewania z barier\u0105 wodn\u0105 najskuteczniej zapobiega przypalaniu si\u0119 czekolady na dnie zbiornika.<\/p>\n<p>The <strong>producent czekolady<\/strong> z <strong><span style=\"color: #ff0000;\">DO<\/span><span style=\"color: #0000ff;\">R<\/span>C<\/strong> Jest bardzo \u0142atwy w u\u017cyciu, poniewa\u017c posiada system odprowadzania i odprowadzania pary, a automatyczna kontrola temperatury u\u0142atwia osi\u0105gni\u0119cie przez produkt wybranej temperatury. Opr\u00f3cz promowania niskiego zu\u017cycia energii.<\/p>\n<h6><\/h6>\n<h6><strong>Gwarancja\u00a0<span style=\"color: #ff0000;\">DO<\/span><span style=\"color: #0000ff;\">R<\/span>C 2 LATA<\/strong><\/h6>\n<h6><span style=\"color: #008000;\">Wydajny dozownik czekolady, niskie zu\u017cycie energii 350w<\/span><\/h6>\n<h6><strong>wsparcie techniczne w cenie<\/strong><\/h6>\n<p>&nbsp;<\/p>\n<p>&nbsp;<\/p>\n<table role=\"presentation\" width=\"100%\" cellspacing=\"0\" cellpadding=\"0\">\n<tbody>\n<tr>\n<td class=\"attrLabels\">Temperatura:<\/td>\n<td width=\"50.0%\">\u00a030 \u2013 90\u00b0C<\/td>\n<\/tr>\n<tr>\n<td class=\"attrLabels\">Kraj dystrybucji:<\/td>\n<td width=\"50.0%\">Hiszpania, Niemcy, USA<\/td>\n<td class=\"attrLabels\">Waga:<\/td>\n<td width=\"50.0%\">15 kg<\/td>\n<\/tr>\n<tr>\n<td class=\"attrLabels\">Marka:<\/td>\n<td width=\"50.0%\">\u0141UK<\/td>\n<td class=\"attrLabels\">Wysoko\u015b\u0107:<\/td>\n<td width=\"50.0%\">49cm<\/td>\n<\/tr>\n<tr>\n<td class=\"attrLabels\">Kolor:<\/td>\n<td width=\"50.0%\">Czarny<\/td>\n<td class=\"attrLabels\">D\u0142ugi:<\/td>\n<td width=\"50.0%\">36cm<\/td>\n<\/tr>\n<tr>\n<td class=\"attrLabels\">Rodzaj produktu:<\/td>\n<td width=\"50.0%\">dozownik czekolady<\/td>\n<td class=\"attrLabels\">Szeroki:<\/td>\n<td width=\"50.0%\">\u00a018cm<\/td>\n<\/tr>\n<tr>\n<td class=\"attrLabels\">Numer producenta:<\/td>\n<td width=\"50.0%\">ARCMCH1<\/td>\n<td class=\"attrLabels\">Moc:<\/td>\n<td width=\"50.0%\">\u00a0350 W<\/td>\n<\/tr>\n<tr>\n<td class=\"attrLabels\">Tworzywo:<\/td>\n<td width=\"50.0%\">stal nierdzewna, kontrola temperatury, czujniki temperatury<\/td>\n<td class=\"attrLabels\">napi\u0119cie wej\u015bciowe<\/td>\n<td width=\"50.0%\">220 V \u2013 60 Hz<\/td>\n<\/tr>\n<tr>\n<td class=\"attrLabels\">Przedzia\u0142y:<\/td>\n<td width=\"50.0%\">\u00a01<\/td>\n<td class=\"attrLabels\">Rozmiar zbiornika:<\/td>\n<td width=\"50.0%\">9L<\/td>\n<\/tr>\n<tr>\n<td class=\"attrLabels\">Narz\u0119dzia instalacyjne:<\/td>\n<td width=\"50.0%\">Tak<\/td>\n<td class=\"attrLabels\">Gwarancja:<\/td>\n<td width=\"50.0%\">2 LATA<\/td>\n<\/tr>\n<\/tbody>\n<\/table>\n<p>&nbsp;<\/p>\n<p>&nbsp;<\/p>\n<p>&nbsp;<\/p>","protected":false},"excerpt":{"rendered":"<h2>Profesjonalny dozownik gor\u0105cej czekolady<\/h2>\n<p>Naj\u0142atwiejszy spos\u00f3b na zachowanie i podanie czego\u015b tak pysznego jak <strong>gor\u0105ca czekolada<\/strong>, z <strong>producent czekolady<\/strong> z <strong><span style=\"color: #ff0000;\">DO<\/span><span style=\"color: #0000ff;\">R<\/span>C<\/strong> Otrzymasz produkt o odpowiedniej temperaturze, kt\u00f3ry zachowa ca\u0142y smak i w\u0142a\u015bciwo\u015bci produktu.<\/p>\n<p>Z <strong>dystrybutor gor\u0105cych napoj\u00f3w<\/strong> z <strong><span style=\"color: #ff0000;\">DO<\/span><span style=\"color: #0000ff;\">R<\/span>C<\/strong> Zobaczysz, \u017ce Twoja produkcja wzro\u015bnie dzi\u0119ki \u0142atwej obs\u0142udze i szybkiemu wykonaniu. B\u0119dziesz musia\u0142 tylko poczeka\u0107 od 0 do 3 minut <strong>producent czekolady <span style=\"color: #ff0000;\">DO<\/span><span style=\"color: #0000ff;\">R<\/span>CMCH1<\/strong> doprowadzi\u0107 produkt do idealnej temperatury. Ten <strong>dozownik czekolady<\/strong> Najbardziej nadaje si\u0119 do restauracji, kawiarni, bar\u00f3w, hoteli, bufet\u00f3w itp.<\/p>\n<h6><strong>Gwarancja\u00a0<span style=\"color: #ff0000;\">DO<\/span><span style=\"color: #0000ff;\">R<\/span>C 2 LATA<\/strong><\/h6>\n<h6><span style=\"color: #008000;\">Wydajny dozownik czekolady, niskie zu\u017cycie energii 350w<\/span><\/h6>\n<h6><strong>wsparcie techniczne w cenie<\/strong><\/h6>","protected":false},"featured_media":1708,"comment_status":"open","ping_status":"closed","template":"","meta":{"wds_primary_product_brand":0,"wds_primary_product_cat":0},"product_brand":[],"product_cat":[57],"product_tag":[],"class_list":{"0":"post-1306","1":"product","2":"type-product","3":"status-publish","4":"has-post-thumbnail","6":"product_cat-dosificadores-dispensadores","7":"product_shipping_class-hosteleria","9":"first","10":"instock","11":"sale","12":"taxable","13":"shipping-taxable","14":"purchasable","15":"product-type-simple"},"yoast_head":"<!-- This site is optimized with the Yoast SEO Premium plugin v24.9 (Yoast SEO v26.1) - https:\/\/yoast.com\/wordpress\/plugins\/seo\/ -->\n<title>Dispensador Chocolatera caliente profesional - distribuci\u00f3n ARC<\/title>\n<meta name=\"robots\" content=\"index, follow, max-snippet:-1, max-image-preview:large, max-video-preview:-1\" \/>\n<link rel=\"canonical\" href=\"https:\/\/www.distribucionarc.com\/producto\/dispensador-chocolatera-caliente-profesional\/\" \/>\n<meta property=\"og:locale\" content=\"pl_PL\" \/>\n<meta property=\"og:type\" content=\"article\" \/>\n<meta property=\"og:title\" content=\"Dispensador Chocolatera caliente profesional\" \/>\n<meta property=\"og:description\" content=\"Dispensadora Chocolatera caliente profesional La forma m\u00e1s sencilla de conservar y servir algo tan delicioso como el chocolate caliente, con la chocolatera de ARC obtendr\u00e1 un producto a la temperatura adecuada que conservar\u00e1 todo el sabor y propiedades del producto.  Con el dispensador de bebidas calientes de ARC ver\u00e1 aumentada su producci\u00f3n por f\u00e1cil manejo y r\u00e1pida ejecuci\u00f3n. Tan solo tendr\u00e1 que esperar de 0 a 3 min para que la chocolatera ARCMCH1 lleve el producto a la temperatura ideal. Este dispensador de chocolate es el m\u00e1s adecuado para restaurantes, cafeter\u00edas, bar, hoteles, buffets, etc. Garant\u00eda\u00a0ARC 2 A\u00d1OS Dispensador de chocolate eficiente, bajo consumo 350w soporte t\u00e9cnico incluido\" \/>\n<meta property=\"og:url\" content=\"https:\/\/www.distribucionarc.com\/producto\/dispensador-chocolatera-caliente-profesional\/\" \/>\n<meta property=\"og:site_name\" content=\"distribuci\u00f3n ARC\" \/>\n<meta property=\"article:modified_time\" content=\"2024-10-06T07:11:27+00:00\" \/>\n<meta property=\"og:image\" content=\"https:\/\/www.distribucionarc.com\/wp-content\/uploads\/2020\/07\/Dispensador-Chocolatera-caliente-profesional-0.jpg\" \/>\n\t<meta property=\"og:image:width\" content=\"1600\" \/>\n\t<meta property=\"og:image:height\" content=\"1600\" \/>\n\t<meta property=\"og:image:type\" content=\"image\/jpeg\" \/>\n<meta name=\"twitter:card\" content=\"summary_large_image\" \/>\n<meta name=\"twitter:label1\" content=\"Szacowany czas czytania\" \/>\n\t<meta name=\"twitter:data1\" content=\"2 minuty\" \/>\n<script type=\"application\/ld+json\" class=\"yoast-schema-graph\">{\"@context\":\"https:\/\/schema.org\",\"@graph\":[{\"@type\":\"WebPage\",\"@id\":\"https:\/\/www.distribucionarc.com\/producto\/dispensador-chocolatera-caliente-profesional\/\",\"url\":\"https:\/\/www.distribucionarc.com\/producto\/dispensador-chocolatera-caliente-profesional\/\",\"name\":\"Dispensador Chocolatera caliente profesional - distribuci\u00f3n ARC\",\"isPartOf\":{\"@id\":\"https:\/\/www.distribucionarc.com\/sl\/#website\"},\"primaryImageOfPage\":{\"@id\":\"https:\/\/www.distribucionarc.com\/producto\/dispensador-chocolatera-caliente-profesional\/#primaryimage\"},\"image\":{\"@id\":\"https:\/\/www.distribucionarc.com\/producto\/dispensador-chocolatera-caliente-profesional\/#primaryimage\"},\"thumbnailUrl\":\"https:\/\/distribucionarc.com\/wp-content\/uploads\/2020\/07\/Dispensador-Chocolatera-caliente-profesional-0.jpg\",\"datePublished\":\"2020-07-29T13:54:04+00:00\",\"dateModified\":\"2024-10-06T07:11:27+00:00\",\"breadcrumb\":{\"@id\":\"https:\/\/www.distribucionarc.com\/producto\/dispensador-chocolatera-caliente-profesional\/#breadcrumb\"},\"inLanguage\":\"pl-PL\",\"potentialAction\":[{\"@type\":\"ReadAction\",\"target\":[\"https:\/\/www.distribucionarc.com\/producto\/dispensador-chocolatera-caliente-profesional\/\"]}]},{\"@type\":\"ImageObject\",\"inLanguage\":\"pl-PL\",\"@id\":\"https:\/\/www.distribucionarc.com\/producto\/dispensador-chocolatera-caliente-profesional\/#primaryimage\",\"url\":\"https:\/\/distribucionarc.com\/wp-content\/uploads\/2020\/07\/Dispensador-Chocolatera-caliente-profesional-0.jpg\",\"contentUrl\":\"https:\/\/distribucionarc.com\/wp-content\/uploads\/2020\/07\/Dispensador-Chocolatera-caliente-profesional-0.jpg\",\"width\":1600,\"height\":1600,\"caption\":\"Dispensador chocolate caliente profesional\"},{\"@type\":\"BreadcrumbList\",\"@id\":\"https:\/\/www.distribucionarc.com\/producto\/dispensador-chocolatera-caliente-profesional\/#breadcrumb\",\"itemListElement\":[{\"@type\":\"ListItem\",\"position\":1,\"name\":\"Portada\",\"item\":\"https:\/\/www.distribucionarc.com\/\"},{\"@type\":\"ListItem\",\"position\":2,\"name\":\"\u00dcr\u00fcnler\",\"item\":\"https:\/\/www.distribucionarc.com\/tr\/magaza\/\"},{\"@type\":\"ListItem\",\"position\":3,\"name\":\"Dispensador Chocolatera caliente profesional\"}]},{\"@type\":\"WebSite\",\"@id\":\"https:\/\/www.distribucionarc.com\/sl\/#website\",\"url\":\"https:\/\/www.distribucionarc.com\/sl\/\",\"name\":\"distribuci\u00f3n ARC\",\"description\":\"Empresa especializada en la fabricaci\u00f3n y distribuci\u00f3n de maquinaria industrial, selladoras de latas, Maquinas de hacer pastillas, Maquinas de cortar carne...\",\"publisher\":{\"@id\":\"https:\/\/www.distribucionarc.com\/sl\/#organization\"},\"potentialAction\":[{\"@type\":\"SearchAction\",\"target\":{\"@type\":\"EntryPoint\",\"urlTemplate\":\"https:\/\/www.distribucionarc.com\/sl\/?s={search_term_string}\"},\"query-input\":{\"@type\":\"PropertyValueSpecification\",\"valueRequired\":true,\"valueName\":\"search_term_string\"}}],\"inLanguage\":\"pl-PL\"},{\"@type\":\"Organization\",\"@id\":\"https:\/\/www.distribucionarc.com\/sl\/#organization\",\"name\":\"Distribuci\u00f3n ARC\",\"url\":\"https:\/\/www.distribucionarc.com\/sl\/\",\"logo\":{\"@type\":\"ImageObject\",\"inLanguage\":\"pl-PL\",\"@id\":\"https:\/\/www.distribucionarc.com\/sl\/#\/schema\/logo\/image\/\",\"url\":\"https:\/\/distribucionarc.com\/wp-content\/uploads\/2024\/10\/distribucion-ARC-COLOR-SIN-FONDO-e1732295305345.png\",\"contentUrl\":\"https:\/\/distribucionarc.com\/wp-content\/uploads\/2024\/10\/distribucion-ARC-COLOR-SIN-FONDO-e1732295305345.png\",\"width\":1164,\"height\":558,\"caption\":\"Distribuci\u00f3n ARC\"},\"image\":{\"@id\":\"https:\/\/www.distribucionarc.com\/sl\/#\/schema\/logo\/image\/\"},\"description\":\"Empresa especializada en la fabricaci\u00f3n y distribuci\u00f3n de maquinaria industrial para los sectores alimentario y farmac\u00e9utico. Nos especializamos en: M\u00e1quinas de cortar carne Fabricaci\u00f3n de comprimidos Sistemas de transporte industrial L\u00edneas de embotellado Dosificadores Y mucho m\u00e1s... Ofrecemos soluciones innovadoras y personalizadas para optimizar los procesos productivos de tu empresa.\",\"email\":\"Admistracion@distribucionarc.com\",\"telephone\":\"+34 643496664\",\"legalName\":\"ARC TECH SOLUTIONS\",\"foundingDate\":\"2024-04-09\",\"vatID\":\"B55480172\",\"numberOfEmployees\":{\"@type\":\"QuantitativeValue\",\"minValue\":\"1\",\"maxValue\":\"10\"}}]}<\/script>\n<!-- \/ Yoast SEO Premium plugin. -->","yoast_head_json":{"title":"Profesjonalny dystrybutor gor\u0105cej czekolady - dystrybucja ARC","robots":{"index":"index","follow":"follow","max-snippet":"max-snippet:-1","max-image-preview":"max-image-preview:large","max-video-preview":"max-video-preview:-1"},"canonical":"https:\/\/www.distribucionarc.com\/producto\/dispensador-chocolatera-caliente-profesional\/","og_locale":"pl_PL","og_type":"article","og_title":"Dispensador Chocolatera caliente profesional","og_description":"Dispensadora Chocolatera caliente profesional La forma m\u00e1s sencilla de conservar y servir algo tan delicioso como el chocolate caliente, con la chocolatera de ARC obtendr\u00e1 un producto a la temperatura adecuada que conservar\u00e1 todo el sabor y propiedades del producto.  Con el dispensador de bebidas calientes de ARC ver\u00e1 aumentada su producci\u00f3n por f\u00e1cil manejo y r\u00e1pida ejecuci\u00f3n. Tan solo tendr\u00e1 que esperar de 0 a 3 min para que la chocolatera ARCMCH1 lleve el producto a la temperatura ideal. Este dispensador de chocolate es el m\u00e1s adecuado para restaurantes, cafeter\u00edas, bar, hoteles, buffets, etc. Garant\u00eda\u00a0ARC 2 A\u00d1OS Dispensador de chocolate eficiente, bajo consumo 350w soporte t\u00e9cnico incluido","og_url":"https:\/\/www.distribucionarc.com\/producto\/dispensador-chocolatera-caliente-profesional\/","og_site_name":"distribuci\u00f3n ARC","article_modified_time":"2024-10-06T07:11:27+00:00","og_image":[{"width":1600,"height":1600,"url":"https:\/\/www.distribucionarc.com\/wp-content\/uploads\/2020\/07\/Dispensador-Chocolatera-caliente-profesional-0.jpg","type":"image\/jpeg"}],"twitter_card":"summary_large_image","twitter_misc":{"Szacowany czas czytania":"2 minuty"},"schema":{"@context":"https:\/\/schema.org","@graph":[{"@type":"WebPage","@id":"https:\/\/www.distribucionarc.com\/producto\/dispensador-chocolatera-caliente-profesional\/","url":"https:\/\/www.distribucionarc.com\/producto\/dispensador-chocolatera-caliente-profesional\/","name":"Profesjonalny dystrybutor gor\u0105cej czekolady - dystrybucja ARC","isPartOf":{"@id":"https:\/\/www.distribucionarc.com\/sl\/#website"},"primaryImageOfPage":{"@id":"https:\/\/www.distribucionarc.com\/producto\/dispensador-chocolatera-caliente-profesional\/#primaryimage"},"image":{"@id":"https:\/\/www.distribucionarc.com\/producto\/dispensador-chocolatera-caliente-profesional\/#primaryimage"},"thumbnailUrl":"https:\/\/distribucionarc.com\/wp-content\/uploads\/2020\/07\/Dispensador-Chocolatera-caliente-profesional-0.jpg","datePublished":"2020-07-29T13:54:04+00:00","dateModified":"2024-10-06T07:11:27+00:00","breadcrumb":{"@id":"https:\/\/www.distribucionarc.com\/producto\/dispensador-chocolatera-caliente-profesional\/#breadcrumb"},"inLanguage":"pl-PL","potentialAction":[{"@type":"ReadAction","target":["https:\/\/www.distribucionarc.com\/producto\/dispensador-chocolatera-caliente-profesional\/"]}]},{"@type":"ImageObject","inLanguage":"pl-PL","@id":"https:\/\/www.distribucionarc.com\/producto\/dispensador-chocolatera-caliente-profesional\/#primaryimage","url":"https:\/\/distribucionarc.com\/wp-content\/uploads\/2020\/07\/Dispensador-Chocolatera-caliente-profesional-0.jpg","contentUrl":"https:\/\/distribucionarc.com\/wp-content\/uploads\/2020\/07\/Dispensador-Chocolatera-caliente-profesional-0.jpg","width":1600,"height":1600,"caption":"Dispensador chocolate caliente profesional"},{"@type":"BreadcrumbList","@id":"https:\/\/www.distribucionarc.com\/producto\/dispensador-chocolatera-caliente-profesional\/#breadcrumb","itemListElement":[{"@type":"ListItem","position":1,"name":"Portada","item":"https:\/\/www.distribucionarc.com\/"},{"@type":"ListItem","position":2,"name":"\u00dcr\u00fcnler","item":"https:\/\/www.distribucionarc.com\/tr\/magaza\/"},{"@type":"ListItem","position":3,"name":"Dispensador Chocolatera caliente profesional"}]},{"@type":"WebSite","@id":"https:\/\/www.distribucionarc.com\/sl\/#website","url":"https:\/\/www.distribucionarc.com\/sl\/","name":"Dystrybucja ARC","description":"Firma specjalizuj\u0105ca si\u0119 w produkcji i dystrybucji maszyn przemys\u0142owych, zgrzewarek do puszek, maszyn do produkcji tabletek, maszyn do ci\u0119cia mi\u0119sa...","publisher":{"@id":"https:\/\/www.distribucionarc.com\/sl\/#organization"},"potentialAction":[{"@type":"SearchAction","target":{"@type":"EntryPoint","urlTemplate":"https:\/\/www.distribucionarc.com\/sl\/?s={search_term_string}"},"query-input":{"@type":"PropertyValueSpecification","valueRequired":true,"valueName":"search_term_string"}}],"inLanguage":"pl-PL"},{"@type":"Organization","@id":"https:\/\/www.distribucionarc.com\/sl\/#organization","name":"Dystrybucja ARC","url":"https:\/\/www.distribucionarc.com\/sl\/","logo":{"@type":"ImageObject","inLanguage":"pl-PL","@id":"https:\/\/www.distribucionarc.com\/sl\/#\/schema\/logo\/image\/","url":"https:\/\/distribucionarc.com\/wp-content\/uploads\/2024\/10\/distribucion-ARC-COLOR-SIN-FONDO-e1732295305345.png","contentUrl":"https:\/\/distribucionarc.com\/wp-content\/uploads\/2024\/10\/distribucion-ARC-COLOR-SIN-FONDO-e1732295305345.png","width":1164,"height":558,"caption":"Distribuci\u00f3n ARC"},"image":{"@id":"https:\/\/www.distribucionarc.com\/sl\/#\/schema\/logo\/image\/"},"description":"Firma specjalizuj\u0105ca si\u0119 w produkcji i dystrybucji maszyn przemys\u0142owych dla sektora spo\u017cywczego i farmaceutycznego. Specjalizujemy si\u0119 w: Maszyny do krojenia mi\u0119sa Produkcja tabletek Przemys\u0142owe systemy transportowe Linie butelkuj\u0105ce Dozowniki I wiele wi\u0119cej.... Oferujemy innowacyjne i niestandardowe rozwi\u0105zania w celu optymalizacji proces\u00f3w produkcyjnych w Twojej firmie.","email":"Admistracion@distribucionarc.com","telephone":"+34 643496664","legalName":"ARC TECH SOLUTIONS","foundingDate":"2024-04-09","vatID":"B55480172","numberOfEmployees":{"@type":"QuantitativeValue","minValue":"1","maxValue":"10"}}]}},"_links":{"self":[{"href":"https:\/\/distribucionarc.com\/pl\/wp-json\/wp\/v2\/product\/1306","targetHints":{"allow":["GET"]}}],"collection":[{"href":"https:\/\/distribucionarc.com\/pl\/wp-json\/wp\/v2\/product"}],"about":[{"href":"https:\/\/distribucionarc.com\/pl\/wp-json\/wp\/v2\/types\/product"}],"replies":[{"embeddable":true,"href":"https:\/\/distribucionarc.com\/pl\/wp-json\/wp\/v2\/comments?post=1306"}],"version-history":[{"count":0,"href":"https:\/\/distribucionarc.com\/pl\/wp-json\/wp\/v2\/product\/1306\/revisions"}],"wp:featuredmedia":[{"embeddable":true,"href":"https:\/\/distribucionarc.com\/pl\/wp-json\/wp\/v2\/media\/1708"}],"wp:attachment":[{"href":"https:\/\/distribucionarc.com\/pl\/wp-json\/wp\/v2\/media?parent=1306"}],"wp:term":[{"taxonomy":"product_brand","embeddable":true,"href":"https:\/\/distribucionarc.com\/pl\/wp-json\/wp\/v2\/product_brand?post=1306"},{"taxonomy":"product_cat","embeddable":true,"href":"https:\/\/distribucionarc.com\/pl\/wp-json\/wp\/v2\/product_cat?post=1306"},{"taxonomy":"product_tag","embeddable":true,"href":"https:\/\/distribucionarc.com\/pl\/wp-json\/wp\/v2\/product_tag?post=1306"}],"curies":[{"name":"wp","href":"https:\/\/api.w.org\/{rel}","templated":true}]}}