{"id":1308,"date":"2020-07-23T09:08:03","date_gmt":"2020-07-23T09:08:03","guid":{"rendered":"https:\/\/distribucionarc.com\/?post_type=product&#038;p=1308"},"modified":"2020-10-09T09:25:00","modified_gmt":"2020-10-09T09:25:00","slug":"maszyna-do-kielbasek-7l","status":"publish","type":"product","link":"https:\/\/distribucionarc.com\/pl\/producto\/maquina-para-embutidos-7l\/","title":{"rendered":"Maszyna do kie\u0142basy 7L"},"content":{"rendered":"<h3>Maszyna do kie\u0142basy 7L<\/h3>\n<p>Z <strong>maszyna do kie\u0142basek<\/strong>z <strong><span style=\"color: #ff0000;\">DO<\/span><span style=\"color: #0000ff;\">R<\/span>C<\/strong> Wystarczy wype\u0142ni\u0107 jelito, aby bardzo szybko stworzy\u0107 domowe kie\u0142baski.<\/p>\n<p>The <strong>maszyna do kie\u0142basy<\/strong> z <strong><span style=\"color: #ff0000;\">DO<\/span><span style=\"color: #0000ff;\">R<\/span>C<\/strong> Wykonany jest z korpusu ze stali nierdzewnej (a nie \u017celiwa jak inne maszyny tego typu) najlepszej jako\u015bci do kontaktu z \u017cywno\u015bci\u0105, dzi\u0119ki czemu smak Twoich produkt\u00f3w nie ulegnie zmianie.  Solidne i antypo\u015blizgowe gumowe n\u00f3\u017cki zapewniaj\u0105 maksymaln\u0105 stabilno\u015b\u0107.  Grubo\u015b\u0107 cylindra w odr\u00f3\u017cnieniu od innych <strong>nadziewarki<\/strong> zapewni mu wyj\u0105tkow\u0105 trwa\u0142o\u015b\u0107 i pe\u0142n\u0105 zgodno\u015b\u0107 z najsurowszymi normami higienicznymi.<\/p>\n<p>The <strong>nadzienie do kie\u0142basy <span style=\"color: #ff0000;\">DO<\/span><span style=\"color: #0000ff;\">R<\/span>CMPS1<\/strong> Ma podw\u00f3jn\u0105 pr\u0119dko\u015b\u0107 r\u0119czn\u0105, aby dostosowa\u0107 si\u0119 do potrzeb u\u017cytkownika, operacje opr\u00f3\u017cniania i nape\u0142niania s\u0105 niezwykle proste. Beczka przechylana o 90\u00b0 pomaga upro\u015bci\u0107 nape\u0142nianie<\/p>\n<p>Posiada zaw\u00f3r odpowietrzaj\u0105cy, kt\u00f3ry ogranicza obecno\u015b\u0107 powietrza w os\u0142onkach i mi\u0119sie workowanym. Maszyna do kie\u0142basy posiada 4 lejki o r\u00f3\u017cnych rozmiarach, dostosowane do wszelkich potrzeb.<\/p>\n<p>The <strong>dozownik kie\u0142basy<\/strong> z <strong><span style=\"color: #ff0000;\">DO<\/span><span style=\"color: #0000ff;\">R<\/span>C<\/strong> My\u015bli o ka\u017cdym, dlatego jest przystosowany tak\u017ce dla os\u00f3b lewor\u0119cznych. Najlepsze maszyny zwi\u0119kszaj\u0105ce produkcj\u0119 bez zmiany smaku produktu.<\/p>\n<h6><strong>Gwarancja\u00a0<span style=\"color: #ff0000;\">DO<\/span><span style=\"color: #0000ff;\">R<\/span>C 2 LATA<\/strong><\/h6>\n<h6><span style=\"color: #000000;\">R\u0119czna nadziewarka do kie\u0142basy<\/span><\/h6>\n<p><strong>wsparcie techniczne w cenie<\/strong><\/p>\n<p>&nbsp;<\/p>\n<table role=\"presentation\" width=\"100%\" cellspacing=\"0\" cellpadding=\"0\">\n<tbody>\n<tr>\n<td class=\"attrLabels\">facet:<\/td>\n<td width=\"50.0%\">podr\u0119cznik<\/td>\n<\/tr>\n<tr>\n<td class=\"attrLabels\">Kraj dystrybucji:<\/td>\n<td width=\"50.0%\">Hiszpania, Niemcy, USA<\/td>\n<td class=\"attrLabels\">Waga:<\/td>\n<td width=\"50.0%\">20 kg<\/td>\n<\/tr>\n<tr>\n<td class=\"attrLabels\">Marka:<\/td>\n<td width=\"50.0%\">\u0141UK<\/td>\n<td class=\"attrLabels\">Wysoko\u015b\u0107:<\/td>\n<td width=\"50.0%\">78,4 cm<\/td>\n<\/tr>\n<tr>\n<td class=\"attrLabels\">Kolor:<\/td>\n<td width=\"50.0%\">Srebrny<\/td>\n<td class=\"attrLabels\">D\u0142ugi:<\/td>\n<td width=\"50.0%\">28,95 cm<\/td>\n<\/tr>\n<tr>\n<td class=\"attrLabels\">Rodzaj produktu:<\/td>\n<td width=\"50.0%\">maszyna do kie\u0142basy<\/td>\n<td class=\"attrLabels\">Szeroki:<\/td>\n<td width=\"50.0%\">\u00a028,95 cm<\/td>\n<\/tr>\n<tr>\n<td class=\"attrLabels\">Numer producenta:<\/td>\n<td width=\"50.0%\">ARCMPS1<\/td>\n<td class=\"attrLabels\">\u015arednica: lejki<\/td>\n<td width=\"50.0%\">\u00a01,6 cm\/2,2 cm\/3,2 cm\/3,8 cm<\/td>\n<\/tr>\n<tr>\n<td class=\"attrLabels\">Tworzywo:<\/td>\n<td width=\"50.0%\">stal nierdzewna, guma antypo\u015blizgowa, zaw\u00f3r ewakuacyjny<\/td>\n<td class=\"attrLabels\">Rozmiar:<\/td>\n<td width=\"50.0%\">7L<\/td>\n<\/tr>\n<tr>\n<td class=\"attrLabels\">Pr\u0119dko\u015b\u0107:<\/td>\n<td width=\"50.0%\">Wolno\/szybko<\/td>\n<td class=\"attrLabels\">\u00a0Gwarancja:<\/td>\n<td width=\"50.0%\">2 LATA<\/td>\n<\/tr>\n<tr>\n<td class=\"attrLabels\">Narz\u0119dzia instalacyjne:<\/td>\n<td width=\"50.0%\">Tak<\/td>\n<td class=\"attrLabels\"><\/td>\n<td width=\"50.0%\"><\/td>\n<\/tr>\n<\/tbody>\n<\/table>","protected":false},"excerpt":{"rendered":"<h2>Maszyna do kie\u0142basy 7L<\/h2>\n<p>The<strong> maszyna do kie\u0142basy<\/strong> z <strong><span style=\"color: #ff0000;\">DO<\/span><span style=\"color: #0000ff;\">R<\/span>C<\/strong> 7 litr\u00f3w sprawia, \u017ce niezwykle \u0142atwo jest przygotowa\u0107 w\u0119dliny. Jest idealny do zastosowa\u0144 domowych lub restauracji i nie zmienia smaku produktu. Posiada 4 wymienne lejki do nape\u0142niania, jest \u0142atwy w czyszczeniu i mo\u017ce pracowa\u0107 z 2 pr\u0119dko\u015bciami pchania i podnoszenia.<\/p>\n<p>The<strong> nadziewarka <span style=\"color: #ff0000;\">DO<\/span><span style=\"color: #0000ff;\">R<\/span>CMPS1<\/strong> Wykonany jest z wysokiej jako\u015bci stali nierdzewnej i wyposa\u017cony w najnowocze\u015bniejsze funkcje. Charakteryzuje si\u0119 bezpiecznym systemem \u0142\u0105czenia lufy z podstaw\u0105, dzi\u0119ki czemu mo\u017cna go \u0142atwo zdemontowa\u0107 cz\u0119\u015bciowo w celu nape\u0142niania i ca\u0142kowicie w celu czyszczenia. T\u0142ok posiada zaw\u00f3r pneumatyczny, kt\u00f3ry zapobiega nadmiernemu przenikaniu powietrza i tworzy doskona\u0142e kie\u0142baski.<\/p>\n<h6><strong>Gwarancja\u00a0<span style=\"color: #ff0000;\">DO<\/span><span style=\"color: #0000ff;\">R<\/span>C 2 LATA<\/strong><\/h6>\n<h6><span style=\"color: #000000;\">R\u0119czna nadziewarka do kie\u0142basy<\/span><\/h6>\n<p><strong>wsparcie techniczne w cenie<\/strong><\/p>","protected":false},"featured_media":1315,"comment_status":"open","ping_status":"closed","template":"","meta":{"wds_primary_product_brand":0,"wds_primary_product_cat":0},"product_brand":[],"product_cat":[50],"product_tag":[],"class_list":{"0":"post-1308","1":"product","2":"type-product","3":"status-publish","4":"has-post-thumbnail","6":"product_cat-elaboradoras-de-croquetas-y-albondigas","7":"product_shipping_class-hosteleria","9":"first","10":"instock","11":"sale","12":"taxable","13":"shipping-taxable","14":"purchasable","15":"product-type-simple"},"yoast_head":"<!-- This site is optimized with the Yoast SEO Premium plugin v24.9 (Yoast SEO v26.1) - https:\/\/yoast.com\/wordpress\/plugins\/seo\/ -->\n<title>M\u00e1quina para embutidos 7L - distribuci\u00f3n ARC<\/title>\n<meta name=\"robots\" content=\"index, follow, max-snippet:-1, max-image-preview:large, max-video-preview:-1\" \/>\n<link rel=\"canonical\" href=\"https:\/\/distribucionarc.com\/pl\/produkty\/maszyna-do-kielbasek-7l\/\" \/>\n<meta property=\"og:locale\" content=\"pl_PL\" \/>\n<meta property=\"og:type\" content=\"article\" \/>\n<meta property=\"og:title\" content=\"M\u00e1quina para embutidos 7L\" \/>\n<meta property=\"og:description\" content=\"M\u00e1quina para embutidos 7L La m\u00e1quina de salchichas de ARC 7 litros hace que sea extremadamente f\u00e1cil producir carnes curadas. Es ideal para ambientes dom\u00e9sticos o restaurantes y no altera el sabor del producto. Tiene 4 embudos intercambiables para el llenado, es f\u00e1cil de limpiar y puede operar a 2 velocidades de empuje y elevaci\u00f3n.  La embutidora ARCMPS1 est\u00e1 hecha de acero inoxidable de alta calidad y viene con caracter\u00edsticas de \u00faltima generaci\u00f3n. Se caracteriza por un sistema de uni\u00f3n de seguridad, para unir el ca\u00f1\u00f3n al pedestal, por lo que se desmonta f\u00e1cilmente parcialmente para su llenado y totalmente para su limpieza. El pist\u00f3n incorpora una v\u00e1lvula neum\u00e1tica para evitar la penetraci\u00f3n excesiva del aire y crear salchichas perfectas. Garant\u00eda\u00a0ARC 2 A\u00d1OS Rellenadora de embutidos manual soporte t\u00e9cnico incluido\" \/>\n<meta property=\"og:url\" content=\"https:\/\/distribucionarc.com\/pl\/produkty\/maszyna-do-kielbasek-7l\/\" \/>\n<meta property=\"og:site_name\" content=\"distribuci\u00f3n ARC\" \/>\n<meta property=\"article:modified_time\" content=\"2020-10-09T09:25:00+00:00\" \/>\n<meta property=\"og:image\" content=\"https:\/\/distribucionarc.com\/wp-content\/uploads\/2020\/07\/M\u00e1quina-para-embutidos-7L-0.jpg\" \/>\n\t<meta property=\"og:image:width\" content=\"1600\" \/>\n\t<meta property=\"og:image:height\" content=\"1600\" \/>\n\t<meta property=\"og:image:type\" content=\"image\/jpeg\" \/>\n<meta name=\"twitter:card\" content=\"summary_large_image\" \/>\n<meta name=\"twitter:label1\" content=\"Szacowany czas czytania\" \/>\n\t<meta name=\"twitter:data1\" content=\"1 minuta\" \/>\n<script type=\"application\/ld+json\" class=\"yoast-schema-graph\">{\"@context\":\"https:\/\/schema.org\",\"@graph\":[{\"@type\":\"WebPage\",\"@id\":\"https:\/\/distribucionarc.com\/en\/producto\/maquina-para-embutidos-7l\/\",\"url\":\"https:\/\/distribucionarc.com\/en\/producto\/maquina-para-embutidos-7l\/\",\"name\":\"M\u00e1quina para embutidos 7L - distribuci\u00f3n ARC\",\"isPartOf\":{\"@id\":\"https:\/\/www.distribucionarc.com\/sl\/#website\"},\"primaryImageOfPage\":{\"@id\":\"https:\/\/distribucionarc.com\/en\/producto\/maquina-para-embutidos-7l\/#primaryimage\"},\"image\":{\"@id\":\"https:\/\/distribucionarc.com\/en\/producto\/maquina-para-embutidos-7l\/#primaryimage\"},\"thumbnailUrl\":\"https:\/\/distribucionarc.com\/wp-content\/uploads\/2020\/07\/M\u00e1quina-para-embutidos-7L-0.jpg\",\"datePublished\":\"2020-07-23T09:08:03+00:00\",\"dateModified\":\"2020-10-09T09:25:00+00:00\",\"breadcrumb\":{\"@id\":\"https:\/\/distribucionarc.com\/en\/producto\/maquina-para-embutidos-7l\/#breadcrumb\"},\"inLanguage\":\"pl-PL\",\"potentialAction\":[{\"@type\":\"ReadAction\",\"target\":[\"https:\/\/distribucionarc.com\/en\/producto\/maquina-para-embutidos-7l\/\"]}]},{\"@type\":\"ImageObject\",\"inLanguage\":\"pl-PL\",\"@id\":\"https:\/\/distribucionarc.com\/en\/producto\/maquina-para-embutidos-7l\/#primaryimage\",\"url\":\"https:\/\/distribucionarc.com\/wp-content\/uploads\/2020\/07\/M\u00e1quina-para-embutidos-7L-0.jpg\",\"contentUrl\":\"https:\/\/distribucionarc.com\/wp-content\/uploads\/2020\/07\/M\u00e1quina-para-embutidos-7L-0.jpg\",\"width\":1600,\"height\":1600,\"caption\":\"Maquina para embutidos 7L\"},{\"@type\":\"BreadcrumbList\",\"@id\":\"https:\/\/distribucionarc.com\/en\/producto\/maquina-para-embutidos-7l\/#breadcrumb\",\"itemListElement\":[{\"@type\":\"ListItem\",\"position\":1,\"name\":\"Portada\",\"item\":\"https:\/\/www.distribucionarc.com\/\"},{\"@type\":\"ListItem\",\"position\":2,\"name\":\"\u00dcr\u00fcnler\",\"item\":\"https:\/\/www.distribucionarc.com\/tr\/magaza\/\"},{\"@type\":\"ListItem\",\"position\":3,\"name\":\"M\u00e1quina para embutidos 7L\"}]},{\"@type\":\"WebSite\",\"@id\":\"https:\/\/www.distribucionarc.com\/sl\/#website\",\"url\":\"https:\/\/www.distribucionarc.com\/sl\/\",\"name\":\"distribuci\u00f3n ARC\",\"description\":\"Empresa especializada en la fabricaci\u00f3n y distribuci\u00f3n de maquinaria industrial, selladoras de latas, Maquinas de hacer pastillas, Maquinas de cortar carne...\",\"publisher\":{\"@id\":\"https:\/\/www.distribucionarc.com\/sl\/#organization\"},\"potentialAction\":[{\"@type\":\"SearchAction\",\"target\":{\"@type\":\"EntryPoint\",\"urlTemplate\":\"https:\/\/www.distribucionarc.com\/sl\/?s={search_term_string}\"},\"query-input\":{\"@type\":\"PropertyValueSpecification\",\"valueRequired\":true,\"valueName\":\"search_term_string\"}}],\"inLanguage\":\"pl-PL\"},{\"@type\":\"Organization\",\"@id\":\"https:\/\/www.distribucionarc.com\/sl\/#organization\",\"name\":\"Distribuci\u00f3n ARC\",\"url\":\"https:\/\/www.distribucionarc.com\/sl\/\",\"logo\":{\"@type\":\"ImageObject\",\"inLanguage\":\"pl-PL\",\"@id\":\"https:\/\/www.distribucionarc.com\/sl\/#\/schema\/logo\/image\/\",\"url\":\"https:\/\/distribucionarc.com\/wp-content\/uploads\/2024\/10\/distribucion-ARC-COLOR-SIN-FONDO-e1732295305345.png\",\"contentUrl\":\"https:\/\/distribucionarc.com\/wp-content\/uploads\/2024\/10\/distribucion-ARC-COLOR-SIN-FONDO-e1732295305345.png\",\"width\":1164,\"height\":558,\"caption\":\"Distribuci\u00f3n ARC\"},\"image\":{\"@id\":\"https:\/\/www.distribucionarc.com\/sl\/#\/schema\/logo\/image\/\"},\"description\":\"Empresa especializada en la fabricaci\u00f3n y distribuci\u00f3n de maquinaria industrial para los sectores alimentario y farmac\u00e9utico. Nos especializamos en: M\u00e1quinas de cortar carne Fabricaci\u00f3n de comprimidos Sistemas de transporte industrial L\u00edneas de embotellado Dosificadores Y mucho m\u00e1s... Ofrecemos soluciones innovadoras y personalizadas para optimizar los procesos productivos de tu empresa.\",\"email\":\"Admistracion@distribucionarc.com\",\"telephone\":\"+34 643496664\",\"legalName\":\"ARC TECH SOLUTIONS\",\"foundingDate\":\"2024-04-09\",\"vatID\":\"B55480172\",\"numberOfEmployees\":{\"@type\":\"QuantitativeValue\",\"minValue\":\"1\",\"maxValue\":\"10\"}}]}<\/script>\n<!-- \/ Yoast SEO Premium plugin. -->","yoast_head_json":{"title":"Maszyna do kie\u0142basy 7L - dystrybucja ARC","robots":{"index":"index","follow":"follow","max-snippet":"max-snippet:-1","max-image-preview":"max-image-preview:large","max-video-preview":"max-video-preview:-1"},"canonical":"https:\/\/distribucionarc.com\/pl\/produkty\/maszyna-do-kielbasek-7l\/","og_locale":"pl_PL","og_type":"article","og_title":"M\u00e1quina para embutidos 7L","og_description":"M\u00e1quina para embutidos 7L La m\u00e1quina de salchichas de ARC 7 litros hace que sea extremadamente f\u00e1cil producir carnes curadas. Es ideal para ambientes dom\u00e9sticos o restaurantes y no altera el sabor del producto. Tiene 4 embudos intercambiables para el llenado, es f\u00e1cil de limpiar y puede operar a 2 velocidades de empuje y elevaci\u00f3n.  La embutidora ARCMPS1 est\u00e1 hecha de acero inoxidable de alta calidad y viene con caracter\u00edsticas de \u00faltima generaci\u00f3n. Se caracteriza por un sistema de uni\u00f3n de seguridad, para unir el ca\u00f1\u00f3n al pedestal, por lo que se desmonta f\u00e1cilmente parcialmente para su llenado y totalmente para su limpieza. El pist\u00f3n incorpora una v\u00e1lvula neum\u00e1tica para evitar la penetraci\u00f3n excesiva del aire y crear salchichas perfectas. Garant\u00eda\u00a0ARC 2 A\u00d1OS Rellenadora de embutidos manual soporte t\u00e9cnico incluido","og_url":"https:\/\/distribucionarc.com\/pl\/produkty\/maszyna-do-kielbasek-7l\/","og_site_name":"distribuci\u00f3n ARC","article_modified_time":"2020-10-09T09:25:00+00:00","og_image":[{"width":1600,"height":1600,"url":"https:\/\/distribucionarc.com\/wp-content\/uploads\/2020\/07\/M\u00e1quina-para-embutidos-7L-0.jpg","type":"image\/jpeg"}],"twitter_card":"summary_large_image","twitter_misc":{"Szacowany czas czytania":"1 minuta"},"schema":{"@context":"https:\/\/schema.org","@graph":[{"@type":"WebPage","@id":"https:\/\/distribucionarc.com\/en\/producto\/maquina-para-embutidos-7l\/","url":"https:\/\/distribucionarc.com\/en\/producto\/maquina-para-embutidos-7l\/","name":"Maszyna do kie\u0142basy 7L - dystrybucja ARC","isPartOf":{"@id":"https:\/\/www.distribucionarc.com\/sl\/#website"},"primaryImageOfPage":{"@id":"https:\/\/distribucionarc.com\/en\/producto\/maquina-para-embutidos-7l\/#primaryimage"},"image":{"@id":"https:\/\/distribucionarc.com\/en\/producto\/maquina-para-embutidos-7l\/#primaryimage"},"thumbnailUrl":"https:\/\/distribucionarc.com\/wp-content\/uploads\/2020\/07\/M\u00e1quina-para-embutidos-7L-0.jpg","datePublished":"2020-07-23T09:08:03+00:00","dateModified":"2020-10-09T09:25:00+00:00","breadcrumb":{"@id":"https:\/\/distribucionarc.com\/en\/producto\/maquina-para-embutidos-7l\/#breadcrumb"},"inLanguage":"pl-PL","potentialAction":[{"@type":"ReadAction","target":["https:\/\/distribucionarc.com\/en\/producto\/maquina-para-embutidos-7l\/"]}]},{"@type":"ImageObject","inLanguage":"pl-PL","@id":"https:\/\/distribucionarc.com\/en\/producto\/maquina-para-embutidos-7l\/#primaryimage","url":"https:\/\/distribucionarc.com\/wp-content\/uploads\/2020\/07\/M\u00e1quina-para-embutidos-7L-0.jpg","contentUrl":"https:\/\/distribucionarc.com\/wp-content\/uploads\/2020\/07\/M\u00e1quina-para-embutidos-7L-0.jpg","width":1600,"height":1600,"caption":"Maquina para embutidos 7L"},{"@type":"BreadcrumbList","@id":"https:\/\/distribucionarc.com\/en\/producto\/maquina-para-embutidos-7l\/#breadcrumb","itemListElement":[{"@type":"ListItem","position":1,"name":"Portada","item":"https:\/\/www.distribucionarc.com\/"},{"@type":"ListItem","position":2,"name":"\u00dcr\u00fcnler","item":"https:\/\/www.distribucionarc.com\/tr\/magaza\/"},{"@type":"ListItem","position":3,"name":"M\u00e1quina para embutidos 7L"}]},{"@type":"WebSite","@id":"https:\/\/www.distribucionarc.com\/sl\/#website","url":"https:\/\/www.distribucionarc.com\/sl\/","name":"Dystrybucja ARC","description":"Firma specjalizuj\u0105ca si\u0119 w produkcji i dystrybucji maszyn przemys\u0142owych, zgrzewarek do puszek, maszyn do produkcji tabletek, maszyn do ci\u0119cia mi\u0119sa...","publisher":{"@id":"https:\/\/www.distribucionarc.com\/sl\/#organization"},"potentialAction":[{"@type":"SearchAction","target":{"@type":"EntryPoint","urlTemplate":"https:\/\/www.distribucionarc.com\/sl\/?s={search_term_string}"},"query-input":{"@type":"PropertyValueSpecification","valueRequired":true,"valueName":"search_term_string"}}],"inLanguage":"pl-PL"},{"@type":"Organization","@id":"https:\/\/www.distribucionarc.com\/sl\/#organization","name":"Dystrybucja ARC","url":"https:\/\/www.distribucionarc.com\/sl\/","logo":{"@type":"ImageObject","inLanguage":"pl-PL","@id":"https:\/\/www.distribucionarc.com\/sl\/#\/schema\/logo\/image\/","url":"https:\/\/distribucionarc.com\/wp-content\/uploads\/2024\/10\/distribucion-ARC-COLOR-SIN-FONDO-e1732295305345.png","contentUrl":"https:\/\/distribucionarc.com\/wp-content\/uploads\/2024\/10\/distribucion-ARC-COLOR-SIN-FONDO-e1732295305345.png","width":1164,"height":558,"caption":"Distribuci\u00f3n ARC"},"image":{"@id":"https:\/\/www.distribucionarc.com\/sl\/#\/schema\/logo\/image\/"},"description":"Firma specjalizuj\u0105ca si\u0119 w produkcji i dystrybucji maszyn przemys\u0142owych dla sektora spo\u017cywczego i farmaceutycznego. Specjalizujemy si\u0119 w: Maszyny do krojenia mi\u0119sa Produkcja tabletek Przemys\u0142owe systemy transportowe Linie butelkuj\u0105ce Dozowniki I wiele wi\u0119cej.... Oferujemy innowacyjne i niestandardowe rozwi\u0105zania w celu optymalizacji proces\u00f3w produkcyjnych w Twojej firmie.","email":"Admistracion@distribucionarc.com","telephone":"+34 643496664","legalName":"ARC TECH SOLUTIONS","foundingDate":"2024-04-09","vatID":"B55480172","numberOfEmployees":{"@type":"QuantitativeValue","minValue":"1","maxValue":"10"}}]}},"_links":{"self":[{"href":"https:\/\/distribucionarc.com\/pl\/wp-json\/wp\/v2\/product\/1308","targetHints":{"allow":["GET"]}}],"collection":[{"href":"https:\/\/distribucionarc.com\/pl\/wp-json\/wp\/v2\/product"}],"about":[{"href":"https:\/\/distribucionarc.com\/pl\/wp-json\/wp\/v2\/types\/product"}],"replies":[{"embeddable":true,"href":"https:\/\/distribucionarc.com\/pl\/wp-json\/wp\/v2\/comments?post=1308"}],"version-history":[{"count":0,"href":"https:\/\/distribucionarc.com\/pl\/wp-json\/wp\/v2\/product\/1308\/revisions"}],"wp:featuredmedia":[{"embeddable":true,"href":"https:\/\/distribucionarc.com\/pl\/wp-json\/wp\/v2\/media\/1315"}],"wp:attachment":[{"href":"https:\/\/distribucionarc.com\/pl\/wp-json\/wp\/v2\/media?parent=1308"}],"wp:term":[{"taxonomy":"product_brand","embeddable":true,"href":"https:\/\/distribucionarc.com\/pl\/wp-json\/wp\/v2\/product_brand?post=1308"},{"taxonomy":"product_cat","embeddable":true,"href":"https:\/\/distribucionarc.com\/pl\/wp-json\/wp\/v2\/product_cat?post=1308"},{"taxonomy":"product_tag","embeddable":true,"href":"https:\/\/distribucionarc.com\/pl\/wp-json\/wp\/v2\/product_tag?post=1308"}],"curies":[{"name":"wp","href":"https:\/\/api.w.org\/{rel}","templated":true}]}}