{"id":1321,"date":"2020-07-23T09:34:42","date_gmt":"2020-07-23T09:34:42","guid":{"rendered":"https:\/\/distribucionarc.com\/?post_type=product&#038;p=1321"},"modified":"2020-09-25T10:55:48","modified_gmt":"2020-09-25T10:55:48","slug":"miodarka-reczna-3m","status":"publish","type":"product","link":"https:\/\/distribucionarc.com\/pl\/producto\/extractor-de-miel-manual-3m\/","title":{"rendered":"Miodarka r\u0119czna 3M"},"content":{"rendered":"<h3><strong>Miodarka r\u0119czna 3M<\/strong><\/h3>\n<p>Ten\u00a0<strong>maszyna przemys\u0142owa<\/strong>\u00a0Do\u00a0<strong>pszczelarstwo<\/strong>\u00a0Posiada wysokiej jako\u015bci obudow\u0119 z polerowanej stali nierdzewnej i ram\u0119 w kszta\u0142cie ula, co zapewnia odporno\u015b\u0107 na rdz\u0119 i \u015bcieranie. Konstrukcja spawana bezszwowo sprawia, \u017ce konserwacja i czyszczenie maszyny s\u0105 \u0142atwe. Kompaktowy i zaprojektowany tak, aby zapewni\u0107 Ci wi\u0119ksz\u0105 stabilno\u015b\u0107<\/p>\n<p>Z\u00a0<strong>ekstraktor miodu\u00a0<\/strong><span style=\"color: #ff0000\"><strong>DO<\/strong><\/span><span style=\"color: #0000ff\"><strong>R<\/strong><\/span><strong>CEM01,<\/strong>\u00a0Metoda ta jest prosta i pozwala zaoszcz\u0119dzi\u0107 czas i prac\u0119. Ten\u00a0<strong>maszyny pszczelarskie<\/strong>\u00a0z\u00a0<span style=\"color: #ff0000\"><strong>DO<\/strong><\/span><span style=\"color: #0000ff\"><strong>R<\/strong><\/span><strong>C<\/strong>\u00a0Przeznaczony do ci\u0119\u017ckich prac, obs\u0142uguje do 3 standardowych ram na ma\u0142ej, \u015bredniej i du\u017cej g\u0142\u0119boko\u015bci, zamkni\u0119te wyposa\u017cenie ramy pomaga nie zanieczyszcza\u0107\u00a0<strong>Mi\u00f3d<\/strong>.<br \/>\nZintegrowana, pogrubiona belka jest wykonana z wytrzyma\u0142ego stopu aluminium, kt\u00f3ry jest mocniejszy i stabilniejszy. Brak ostrych kraw\u0119dzi, aby unikn\u0105\u0107 zanieczyszczenia<strong>\u00a0Mi\u00f3d<\/strong>\u00a0i zapewniaj\u0105 bezpieczniejsz\u0105 obs\u0142ug\u0119.<br \/>\nPosiada 2 przezroczyste pokrywy umo\u017cliwiaj\u0105ce obserwacj\u0119 podczas procesu\u00a0<strong>ekstrakcja<\/strong>. Brama\u00a0<strong>przeznaczony do miodu<\/strong>\u00a0na dnie zbiornika umo\u017cliwia swobodny przep\u0142yw miodu.<\/p>\n<p>U\u017cycie\u00a0<span style=\"color: #ff0000\"><strong>DO<\/strong><\/span><span style=\"color: #0000ff\"><strong>R<\/strong><\/span><strong>CEM01<\/strong>\u00a0pomo\u017ce Ci w tym procesie\u00a0<strong>robienie miodu<\/strong>\u00a0ze wzgl\u0119du na wygod\u0119 i \u0142atwo\u015b\u0107 przetwarzania, tak proste jak umieszczenie<strong>\u00a0plaster miodu<\/strong>\u00a0w ramkach i w bardzo kr\u00f3tkim czasie otrzyma\u0107 produkt. Idealny dla hobbyst\u00f3w lub\u00a0<strong>ma\u0142y pszczelarz<\/strong>.<\/p>\n<h6 style=\"font-weight: inherit\"><strong style=\"font-style: inherit\">Gwarancja\u00a0<\/strong><span style=\"color: #ff0000\"><strong>DO<\/strong><\/span><span style=\"color: #0000ff\"><strong>R<\/strong><\/span><strong>C 2 LATA<\/strong><\/h6>\n<h6 style=\"font-weight: inherit\"><strong style=\"font-style: inherit\">wsparcie techniczne w cenie<\/strong><\/h6>\n<p>&nbsp;<\/p>\n<p>&nbsp;<\/p>\n<table width=\"100%\">\n<tbody>\n<tr>\n<td>Facet:<\/td>\n<td width=\"50%\">Podr\u0119cznik<\/td>\n<td colspan=\"2\" width=\"327\"><\/td>\n<\/tr>\n<tr>\n<td>Kraj dystrybucji:<\/td>\n<td width=\"50%\">Hiszpania, Niemcy, USA<\/td>\n<td>Waga:<\/td>\n<td width=\"50%\">13 kg<\/td>\n<\/tr>\n<tr>\n<td>Marka:<\/td>\n<td width=\"50%\">\u0141UK<\/td>\n<td>Wysoko\u015b\u0107:<\/td>\n<td width=\"50%\">85cm<\/td>\n<\/tr>\n<tr>\n<td>Kolor:<\/td>\n<td width=\"50%\">Srebrny<\/td>\n<td>D\u0142ugi:<\/td>\n<td width=\"50%\">\u00a038cm<\/td>\n<\/tr>\n<tr>\n<td>Rodzaj produktu:<\/td>\n<td width=\"50%\">Wyci\u0105garka do miodu<\/td>\n<td>Szeroki:<\/td>\n<td width=\"50%\">38cm<\/td>\n<\/tr>\n<tr>\n<td>Numer producenta:<\/td>\n<td width=\"50%\">ARCEM01<\/td>\n<td>Produkcja:<\/td>\n<td width=\"50%\">3 punkty<\/td>\n<\/tr>\n<tr>\n<td>Tworzywo:<\/td>\n<td width=\"50%\">stal nierdzewna, stop aluminium<\/td>\n<td>Rozmiar kranu:<\/td>\n<td width=\"50%\">5 cm<\/td>\n<\/tr>\n<tr>\n<td>Wymiary lufy:<\/td>\n<td width=\"50%\">\u015arednica 38 cm<\/td>\n<td>Gwarancja:<\/td>\n<td width=\"50%\">2 LATA<\/td>\n<\/tr>\n<tr>\n<td>Wysoko\u015b\u0107 lufy:<\/td>\n<td width=\"50%\">60cm<\/td>\n<td><\/td>\n<td width=\"50%\"><\/td>\n<\/tr>\n<\/tbody>\n<\/table>","protected":false},"excerpt":{"rendered":"<h2>Miodarka r\u0119czna 3M<\/h2>\n<p>On<strong style=\"font-style: inherit\">\u00a0R\u0119czna miodarka<\/strong> z <strong><span style=\"color: #ff0000\">DO<\/span><span style=\"color: #0000ff\">R<\/span>C<\/strong> <span style=\"font-size: 16px\">\u00a0Przeznaczona jest do obr\u00f3bki 3 ramek, wykonana jest z niezwykle wytrzyma\u0142ej stali nierdzewnej. Ten\u00a0<\/span><strong style=\"font-style: inherit\">maszyny pszczelarskie<\/strong><span style=\"font-size: 16px\">\u00a0jest dostarczany do A<\/span><strong style=\"font-style: inherit\">\u00a0bezkonkurencyjna cena<\/strong><span style=\"font-size: 16px\">\u00a0za dba\u0142o\u015b\u0107 przy produkcji miodu i najwy\u017cszej jako\u015bci surowce.<\/span><\/p>\n<p>On\u00a0<strong style=\"font-style: inherit\">ekstraktor g\u00f3wna<\/strong>l W zestawie 2 przezroczyste pokrywy i 2 boczne uchwyty u\u0142atwiaj\u0105ce przenoszenie. Dolna wewn\u0119trzna cz\u0119\u015b\u0107 \u0142odygi ma kszta\u0142t sto\u017ckowy. The\u00a0<strong style=\"font-style: inherit\">Mi\u00f3d<\/strong>\u00a0Nap\u00f3j jest wydawany z dozownika o \u015brednicy 2 cm, wyposa\u017conego w blokad\u0119. On\u00a0<strong style=\"font-style: inherit\">ekstraktor miodu\u00a0<\/strong>\u00a0Jest przeznaczony do przetwarzania 3<strong style=\"font-style: inherit\">\u00a0ramki<\/strong>\u00a0i nadaje si\u0119 do ramek o ma\u0142ej, \u015bredniej i du\u017cej g\u0142\u0119boko\u015bci. Metalowe z\u0119batki s\u0105 ca\u0142kowicie wewn\u0119trzne, co zapobiega ich zabrudzeniu miodem. On\u00a0<strong style=\"font-style: inherit\">ekstraktor miodu\u00a0<\/strong><span style=\"color: #ff0000\"><strong>DO<\/strong><\/span><span style=\"color: #0000ff\"><strong>R<\/strong><\/span><strong>CEM01<\/strong>\u00a0Jako jeden z nielicznych na rynku posiada nisko podniesione \u0142o\u017cysko, kt\u00f3re zapobiega przedostawaniu si\u0119 wyekstrahowanego miodu. Wyko\u0144czenie ze stali nierdzewnej polerowanej na wysoki po\u0142ysk nadaje mu bardzo elegancki charakter.<\/p>\n<h6 style=\"font-weight: inherit\"><strong style=\"font-style: inherit\">Gwarancja\u00a0<\/strong><span style=\"color: #ff0000\"><strong>DO<\/strong><\/span><span style=\"color: #0000ff\"><strong>R<\/strong><\/span><strong>C 2 LATA<\/strong><\/h6>\n<h6 style=\"font-weight: inherit\"><strong style=\"font-style: inherit\">wsparcie techniczne w cenie<\/strong><\/h6>","protected":false},"featured_media":1332,"comment_status":"open","ping_status":"closed","template":"","meta":{"wds_primary_product_brand":0,"wds_primary_product_cat":0},"product_brand":[],"product_cat":[30],"product_tag":[],"class_list":{"0":"post-1321","1":"product","2":"type-product","3":"status-publish","4":"has-post-thumbnail","6":"product_cat-maquinaria-apicola","7":"product_shipping_class-express","9":"first","10":"instock","11":"sale","12":"taxable","13":"shipping-taxable","14":"purchasable","15":"product-type-simple"},"yoast_head":"<!-- This site is optimized with the Yoast SEO Premium plugin v24.9 (Yoast SEO v26.1) - https:\/\/yoast.com\/wordpress\/plugins\/seo\/ -->\n<title>Extractor de miel manual 3M - distribuci\u00f3n ARC<\/title>\n<meta name=\"robots\" content=\"index, follow, max-snippet:-1, max-image-preview:large, max-video-preview:-1\" \/>\n<link rel=\"canonical\" href=\"https:\/\/distribucionarc.com\/pl\/produkty\/miodarka-reczna-3m\/\" \/>\n<meta property=\"og:locale\" content=\"pl_PL\" \/>\n<meta property=\"og:type\" content=\"article\" \/>\n<meta property=\"og:title\" content=\"Extractor de miel manual 3M\" \/>\n<meta property=\"og:description\" content=\"Extractor de miel manual 3M El\u00a0Extractor de miel manual de ARC \u00a0est\u00e1 dise\u00f1ada para procesar 3 marcos, est\u00e1 hecho de acero inoxidable extremadamente duradero. Esta\u00a0maquinaria ap\u00edcola\u00a0se proporciona a un\u00a0precio inmejorable\u00a0por su cuidado en la elaboraci\u00f3n de la miel y sus materiales de primera calidad.  El\u00a0extractor de miel viene con 2 tapas transparentes y 2 asas laterales para facilitar el transporte. La parte inferior interna del tallo tiene forma c\u00f3nica. La\u00a0miel\u00a0se descarga del dispensador de 2 cm con un dispositivo de bloqueo. El\u00a0extractor de miel\u00a0\u00a0est\u00e1 dise\u00f1ado para procesar 3\u00a0marcos\u00a0y es adecuado para marcos de baja, media y alta profundidad. Los engranajes met\u00e1licos son totalmente internos para evitar que se ensucie con la miel. El\u00a0extractor de miel\u00a0ARCEM01\u00a0es uno de los pocos en el mercado equipado con un rodamiento elevado m\u00e1s bajo que impide la penetraci\u00f3n de la miel extra\u00edda. El acabado de acero inoxidable pulido espejo le da unas caracter\u00edsticas muy elegantes. Garant\u00eda\u00a0ARC 2 A\u00d1OS soporte t\u00e9cnico\u00a0incluido\" \/>\n<meta property=\"og:url\" content=\"https:\/\/distribucionarc.com\/pl\/produkty\/miodarka-reczna-3m\/\" \/>\n<meta property=\"og:site_name\" content=\"distribuci\u00f3n ARC\" \/>\n<meta property=\"article:modified_time\" content=\"2020-09-25T10:55:48+00:00\" \/>\n<meta property=\"og:image\" content=\"https:\/\/distribucionarc.com\/wp-content\/uploads\/2020\/07\/Extractor-de-miel-manual-3M-2.jpg\" \/>\n\t<meta property=\"og:image:width\" content=\"1600\" \/>\n\t<meta property=\"og:image:height\" content=\"1600\" \/>\n\t<meta property=\"og:image:type\" content=\"image\/jpeg\" \/>\n<meta name=\"twitter:card\" content=\"summary_large_image\" \/>\n<meta name=\"twitter:label1\" content=\"Szacowany czas czytania\" \/>\n\t<meta name=\"twitter:data1\" content=\"2 minuty\" \/>\n<script type=\"application\/ld+json\" class=\"yoast-schema-graph\">{\"@context\":\"https:\/\/schema.org\",\"@graph\":[{\"@type\":\"WebPage\",\"@id\":\"https:\/\/distribucionarc.com\/sk\/producto\/extractor-de-miel-manual-3m\/\",\"url\":\"https:\/\/distribucionarc.com\/sk\/producto\/extractor-de-miel-manual-3m\/\",\"name\":\"Extractor de miel manual 3M - distribuci\u00f3n ARC\",\"isPartOf\":{\"@id\":\"https:\/\/distribucionarc.com\/ro\/#website\"},\"primaryImageOfPage\":{\"@id\":\"https:\/\/distribucionarc.com\/sk\/producto\/extractor-de-miel-manual-3m\/#primaryimage\"},\"image\":{\"@id\":\"https:\/\/distribucionarc.com\/sk\/producto\/extractor-de-miel-manual-3m\/#primaryimage\"},\"thumbnailUrl\":\"https:\/\/distribucionarc.com\/wp-content\/uploads\/2020\/07\/Extractor-de-miel-manual-3M-2.jpg\",\"datePublished\":\"2020-07-23T09:34:42+00:00\",\"dateModified\":\"2020-09-25T10:55:48+00:00\",\"breadcrumb\":{\"@id\":\"https:\/\/distribucionarc.com\/sk\/producto\/extractor-de-miel-manual-3m\/#breadcrumb\"},\"inLanguage\":\"pl-PL\",\"potentialAction\":[{\"@type\":\"ReadAction\",\"target\":[\"https:\/\/distribucionarc.com\/sk\/producto\/extractor-de-miel-manual-3m\/\"]}]},{\"@type\":\"ImageObject\",\"inLanguage\":\"pl-PL\",\"@id\":\"https:\/\/distribucionarc.com\/sk\/producto\/extractor-de-miel-manual-3m\/#primaryimage\",\"url\":\"https:\/\/distribucionarc.com\/wp-content\/uploads\/2020\/07\/Extractor-de-miel-manual-3M-2.jpg\",\"contentUrl\":\"https:\/\/distribucionarc.com\/wp-content\/uploads\/2020\/07\/Extractor-de-miel-manual-3M-2.jpg\",\"width\":1600,\"height\":1600,\"caption\":\"Extractor de miel manual 3M\"},{\"@type\":\"BreadcrumbList\",\"@id\":\"https:\/\/distribucionarc.com\/sk\/producto\/extractor-de-miel-manual-3m\/#breadcrumb\",\"itemListElement\":[{\"@type\":\"ListItem\",\"position\":1,\"name\":\"Portada\",\"item\":\"https:\/\/distribucionarc.com\/ar\/\"},{\"@type\":\"ListItem\",\"position\":2,\"name\":\"Proizvodi\",\"item\":\"https:\/\/www.distribucionarc.com\/hr\/ducan\/\"},{\"@type\":\"ListItem\",\"position\":3,\"name\":\"Extractor de miel manual 3M\"}]},{\"@type\":\"WebSite\",\"@id\":\"https:\/\/distribucionarc.com\/ro\/#website\",\"url\":\"https:\/\/distribucionarc.com\/ro\/\",\"name\":\"distribuci\u00f3n ARC\",\"description\":\"Empresa especializada en la fabricaci\u00f3n y distribuci\u00f3n de maquinaria industrial, selladoras de latas, Maquinas de hacer pastillas, Maquinas de cortar carne...\",\"publisher\":{\"@id\":\"https:\/\/distribucionarc.com\/ro\/#organization\"},\"potentialAction\":[{\"@type\":\"SearchAction\",\"target\":{\"@type\":\"EntryPoint\",\"urlTemplate\":\"https:\/\/distribucionarc.com\/ro\/?s={search_term_string}\"},\"query-input\":{\"@type\":\"PropertyValueSpecification\",\"valueRequired\":true,\"valueName\":\"search_term_string\"}}],\"inLanguage\":\"pl-PL\"},{\"@type\":\"Organization\",\"@id\":\"https:\/\/distribucionarc.com\/ro\/#organization\",\"name\":\"Distribuci\u00f3n ARC\",\"url\":\"https:\/\/distribucionarc.com\/ro\/\",\"logo\":{\"@type\":\"ImageObject\",\"inLanguage\":\"pl-PL\",\"@id\":\"https:\/\/distribucionarc.com\/ro\/#\/schema\/logo\/image\/\",\"url\":\"https:\/\/distribucionarc.com\/wp-content\/uploads\/2024\/10\/distribucion-ARC-COLOR-SIN-FONDO-e1732295305345.png\",\"contentUrl\":\"https:\/\/distribucionarc.com\/wp-content\/uploads\/2024\/10\/distribucion-ARC-COLOR-SIN-FONDO-e1732295305345.png\",\"width\":1164,\"height\":558,\"caption\":\"Distribuci\u00f3n ARC\"},\"image\":{\"@id\":\"https:\/\/distribucionarc.com\/ro\/#\/schema\/logo\/image\/\"},\"description\":\"Empresa especializada en la fabricaci\u00f3n y distribuci\u00f3n de maquinaria industrial para los sectores alimentario y farmac\u00e9utico. Nos especializamos en: M\u00e1quinas de cortar carne Fabricaci\u00f3n de comprimidos Sistemas de transporte industrial L\u00edneas de embotellado Dosificadores Y mucho m\u00e1s... Ofrecemos soluciones innovadoras y personalizadas para optimizar los procesos productivos de tu empresa.\",\"email\":\"Admistracion@distribucionarc.com\",\"telephone\":\"+34 643496664\",\"legalName\":\"ARC TECH SOLUTIONS\",\"foundingDate\":\"2024-04-09\",\"vatID\":\"B55480172\",\"numberOfEmployees\":{\"@type\":\"QuantitativeValue\",\"minValue\":\"1\",\"maxValue\":\"10\"}}]}<\/script>\n<!-- \/ Yoast SEO Premium plugin. -->","yoast_head_json":{"title":"3M Manual Honey Extractor - Dystrybucja ARC","robots":{"index":"index","follow":"follow","max-snippet":"max-snippet:-1","max-image-preview":"max-image-preview:large","max-video-preview":"max-video-preview:-1"},"canonical":"https:\/\/distribucionarc.com\/pl\/produkty\/miodarka-reczna-3m\/","og_locale":"pl_PL","og_type":"article","og_title":"Extractor de miel manual 3M","og_description":"Extractor de miel manual 3M El\u00a0Extractor de miel manual de ARC \u00a0est\u00e1 dise\u00f1ada para procesar 3 marcos, est\u00e1 hecho de acero inoxidable extremadamente duradero. Esta\u00a0maquinaria ap\u00edcola\u00a0se proporciona a un\u00a0precio inmejorable\u00a0por su cuidado en la elaboraci\u00f3n de la miel y sus materiales de primera calidad.  El\u00a0extractor de miel viene con 2 tapas transparentes y 2 asas laterales para facilitar el transporte. La parte inferior interna del tallo tiene forma c\u00f3nica. La\u00a0miel\u00a0se descarga del dispensador de 2 cm con un dispositivo de bloqueo. El\u00a0extractor de miel\u00a0\u00a0est\u00e1 dise\u00f1ado para procesar 3\u00a0marcos\u00a0y es adecuado para marcos de baja, media y alta profundidad. Los engranajes met\u00e1licos son totalmente internos para evitar que se ensucie con la miel. El\u00a0extractor de miel\u00a0ARCEM01\u00a0es uno de los pocos en el mercado equipado con un rodamiento elevado m\u00e1s bajo que impide la penetraci\u00f3n de la miel extra\u00edda. El acabado de acero inoxidable pulido espejo le da unas caracter\u00edsticas muy elegantes. Garant\u00eda\u00a0ARC 2 A\u00d1OS soporte t\u00e9cnico\u00a0incluido","og_url":"https:\/\/distribucionarc.com\/pl\/produkty\/miodarka-reczna-3m\/","og_site_name":"distribuci\u00f3n ARC","article_modified_time":"2020-09-25T10:55:48+00:00","og_image":[{"width":1600,"height":1600,"url":"https:\/\/distribucionarc.com\/wp-content\/uploads\/2020\/07\/Extractor-de-miel-manual-3M-2.jpg","type":"image\/jpeg"}],"twitter_card":"summary_large_image","twitter_misc":{"Szacowany czas czytania":"2 minuty"},"schema":{"@context":"https:\/\/schema.org","@graph":[{"@type":"WebPage","@id":"https:\/\/distribucionarc.com\/sk\/producto\/extractor-de-miel-manual-3m\/","url":"https:\/\/distribucionarc.com\/sk\/producto\/extractor-de-miel-manual-3m\/","name":"3M Manual Honey Extractor - Dystrybucja ARC","isPartOf":{"@id":"https:\/\/distribucionarc.com\/ro\/#website"},"primaryImageOfPage":{"@id":"https:\/\/distribucionarc.com\/sk\/producto\/extractor-de-miel-manual-3m\/#primaryimage"},"image":{"@id":"https:\/\/distribucionarc.com\/sk\/producto\/extractor-de-miel-manual-3m\/#primaryimage"},"thumbnailUrl":"https:\/\/distribucionarc.com\/wp-content\/uploads\/2020\/07\/Extractor-de-miel-manual-3M-2.jpg","datePublished":"2020-07-23T09:34:42+00:00","dateModified":"2020-09-25T10:55:48+00:00","breadcrumb":{"@id":"https:\/\/distribucionarc.com\/sk\/producto\/extractor-de-miel-manual-3m\/#breadcrumb"},"inLanguage":"pl-PL","potentialAction":[{"@type":"ReadAction","target":["https:\/\/distribucionarc.com\/sk\/producto\/extractor-de-miel-manual-3m\/"]}]},{"@type":"ImageObject","inLanguage":"pl-PL","@id":"https:\/\/distribucionarc.com\/sk\/producto\/extractor-de-miel-manual-3m\/#primaryimage","url":"https:\/\/distribucionarc.com\/wp-content\/uploads\/2020\/07\/Extractor-de-miel-manual-3M-2.jpg","contentUrl":"https:\/\/distribucionarc.com\/wp-content\/uploads\/2020\/07\/Extractor-de-miel-manual-3M-2.jpg","width":1600,"height":1600,"caption":"Extractor de miel manual 3M"},{"@type":"BreadcrumbList","@id":"https:\/\/distribucionarc.com\/sk\/producto\/extractor-de-miel-manual-3m\/#breadcrumb","itemListElement":[{"@type":"ListItem","position":1,"name":"Portada","item":"https:\/\/distribucionarc.com\/ar\/"},{"@type":"ListItem","position":2,"name":"Proizvodi","item":"https:\/\/www.distribucionarc.com\/hr\/ducan\/"},{"@type":"ListItem","position":3,"name":"Extractor de miel manual 3M"}]},{"@type":"WebSite","@id":"https:\/\/distribucionarc.com\/ro\/#website","url":"https:\/\/distribucionarc.com\/ro\/","name":"Dystrybucja ARC","description":"Firma specjalizuj\u0105ca si\u0119 w produkcji i dystrybucji maszyn przemys\u0142owych, zgrzewarek do puszek, maszyn do produkcji tabletek, maszyn do ci\u0119cia mi\u0119sa...","publisher":{"@id":"https:\/\/distribucionarc.com\/ro\/#organization"},"potentialAction":[{"@type":"SearchAction","target":{"@type":"EntryPoint","urlTemplate":"https:\/\/distribucionarc.com\/ro\/?s={search_term_string}"},"query-input":{"@type":"PropertyValueSpecification","valueRequired":true,"valueName":"search_term_string"}}],"inLanguage":"pl-PL"},{"@type":"Organization","@id":"https:\/\/distribucionarc.com\/ro\/#organization","name":"Dystrybucja ARC","url":"https:\/\/distribucionarc.com\/ro\/","logo":{"@type":"ImageObject","inLanguage":"pl-PL","@id":"https:\/\/distribucionarc.com\/ro\/#\/schema\/logo\/image\/","url":"https:\/\/distribucionarc.com\/wp-content\/uploads\/2024\/10\/distribucion-ARC-COLOR-SIN-FONDO-e1732295305345.png","contentUrl":"https:\/\/distribucionarc.com\/wp-content\/uploads\/2024\/10\/distribucion-ARC-COLOR-SIN-FONDO-e1732295305345.png","width":1164,"height":558,"caption":"Distribuci\u00f3n ARC"},"image":{"@id":"https:\/\/distribucionarc.com\/ro\/#\/schema\/logo\/image\/"},"description":"Firma specjalizuj\u0105ca si\u0119 w produkcji i dystrybucji maszyn przemys\u0142owych dla sektora spo\u017cywczego i farmaceutycznego. Specjalizujemy si\u0119 w: Maszyny do krojenia mi\u0119sa Produkcja tabletek Przemys\u0142owe systemy transportowe Linie butelkuj\u0105ce Dozowniki I wiele wi\u0119cej.... Oferujemy innowacyjne i niestandardowe rozwi\u0105zania w celu optymalizacji proces\u00f3w produkcyjnych w Twojej firmie.","email":"Admistracion@distribucionarc.com","telephone":"+34 643496664","legalName":"ARC TECH SOLUTIONS","foundingDate":"2024-04-09","vatID":"B55480172","numberOfEmployees":{"@type":"QuantitativeValue","minValue":"1","maxValue":"10"}}]}},"_links":{"self":[{"href":"https:\/\/distribucionarc.com\/pl\/wp-json\/wp\/v2\/product\/1321","targetHints":{"allow":["GET"]}}],"collection":[{"href":"https:\/\/distribucionarc.com\/pl\/wp-json\/wp\/v2\/product"}],"about":[{"href":"https:\/\/distribucionarc.com\/pl\/wp-json\/wp\/v2\/types\/product"}],"replies":[{"embeddable":true,"href":"https:\/\/distribucionarc.com\/pl\/wp-json\/wp\/v2\/comments?post=1321"}],"version-history":[{"count":0,"href":"https:\/\/distribucionarc.com\/pl\/wp-json\/wp\/v2\/product\/1321\/revisions"}],"wp:featuredmedia":[{"embeddable":true,"href":"https:\/\/distribucionarc.com\/pl\/wp-json\/wp\/v2\/media\/1332"}],"wp:attachment":[{"href":"https:\/\/distribucionarc.com\/pl\/wp-json\/wp\/v2\/media?parent=1321"}],"wp:term":[{"taxonomy":"product_brand","embeddable":true,"href":"https:\/\/distribucionarc.com\/pl\/wp-json\/wp\/v2\/product_brand?post=1321"},{"taxonomy":"product_cat","embeddable":true,"href":"https:\/\/distribucionarc.com\/pl\/wp-json\/wp\/v2\/product_cat?post=1321"},{"taxonomy":"product_tag","embeddable":true,"href":"https:\/\/distribucionarc.com\/pl\/wp-json\/wp\/v2\/product_tag?post=1321"}],"curies":[{"name":"wp","href":"https:\/\/api.w.org\/{rel}","templated":true}]}}