{"id":1368,"date":"2020-07-23T15:26:48","date_gmt":"2020-07-23T15:26:48","guid":{"rendered":"https:\/\/distribucionarc.com\/?post_type=product&#038;p=1368"},"modified":"2023-05-06T18:01:14","modified_gmt":"2023-05-06T18:01:14","slug":"krajalnica-do-miesa-krajarka-profesjonalna-500kg","status":"publish","type":"product","link":"https:\/\/distribucionarc.com\/pl\/producto\/cortadora-fileteadora-de-carnes-profesional-500kg\/","title":{"rendered":"Profesjonalna krajalnica do filetowania mi\u0119sa 500kg"},"content":{"rendered":"<h3>Profesjonalna krajalnica do filetowania mi\u0119sa 500kg<\/h3>\n<p>Z <strong>profesjonalne krajalnice do mi\u0119sa<\/strong> z <strong><span style=\"color: #ff0000;\">DO<\/span><span style=\"color: #0000ff;\">R<\/span>C<\/strong> B\u0119dziesz w stanie uzyska\u0107 produkt, kt\u00f3ry odpowiada Twoim potrzebom. Ta maszyna lepiej zachowa Twoje produkty, u\u0142atwiaj\u0105c ci\u0119cie w najkr\u00f3tszym mo\u017cliwym czasie. Mo\u017cesz dostosowa\u0107 krajalnic\u0119 do wymaga\u0144 swoich klient\u00f3w, aby uzyska\u0107 r\u00f3wne i precyzyjne ci\u0119cia.<\/p>\n<p>The <strong>profesjonalna maszyna do filetowania<\/strong> z<strong><span style=\"color: #ff0000;\"> DO<\/span><span style=\"color: #0000ff;\">R<\/span>C<\/strong> Jest w ca\u0142o\u015bci wykonany ze stali nierdzewnej, co gwarantuje jego twardo\u015b\u0107 i wytrzyma\u0142o\u015b\u0107. W ostrzach zastosowano inny, specjalny materia\u0142 dla sektora spo\u017cywczego, kt\u00f3rego twardo\u015b\u0107 mo\u017ce osi\u0105gn\u0105\u0107 52\u00b0, co pozwala na ich d\u0142ugotrwa\u0142e u\u017cytkowanie.<\/p>\n<p>Ten <strong>krajalnica komercyjna <span style=\"color: #ff0000;\">DO<\/span><span style=\"color: #0000ff;\">R<\/span>CMFTC1<\/strong> Posiada przycisk zabezpieczaj\u0105cy, kt\u00f3ry automatycznie blokuje maszyn\u0119 po jej ods\u0142oni\u0119ciu. <strong>Ta profesjonalna maszyna do filetowania<\/strong> zwi\u0119kszy swoj\u0105 produkcj\u0119 po osi\u0105gni\u0119ciu <span style=\"color: #ff0000;\"><b style=\"color: #ff0000;\">wytwarza\u0107 <\/b><span style=\"color: #ff0000;\"><b>500 kg<\/b><\/span><b style=\"color: #ff0000;\"> na godzin\u0119,<\/b><\/span> jednocze\u015bnie czerpi\u0105c korzy\u015bci <span style=\"color: #008000;\"><strong>silnik o niskim zu\u017cyciu paliwa<\/strong><\/span>.<\/p>\n<p>Profesjonalna maszyna do filetowania wyposa\u017cona jest w ostrze o szeroko\u015bci 0,3 cm, dzi\u0119ki czemu mo\u017cna ni\u0105 wykonywa\u0107 ci\u0119cia o d\u0142ugo\u015bci od 0,25 do 50 cm. Profesjonalna krajalnica najlepiej sprawdzi si\u0119 w delikatesach, barach, restauracjach, zak\u0142adach mi\u0119snych, bufetach i hotelach.<\/p>\n<h6>Gwarancja<strong>\u00a0<span style=\"color: #ff0000;\">DO<\/span><span style=\"color: #0000ff;\">R<\/span>C 2 LATA<\/strong><\/h6>\n<h6><span style=\"color: #008000;\">najbardziej wydajny silnik o niskim zu\u017cyciu energii 1000 W<\/span><\/h6>\n<h6>wsparcie techniczne w cenie.<\/h6>\n<p>&nbsp;<\/p>\n<p>&nbsp;<\/p>\n<table role=\"presentation\" width=\"100%\" cellspacing=\"0\" cellpadding=\"0\">\n<tbody>\n<tr>\n<td class=\"attrLabels\">Moc:<\/td>\n<td width=\"50.0%\">1000 W<\/td>\n<\/tr>\n<tr>\n<td class=\"attrLabels\">Wolta\u017c:<\/td>\n<td width=\"50.0%\">110 V \u2013 220 V 50 Hz do 60 Hz<\/td>\n<td class=\"attrLabels\">Waga:<\/td>\n<td width=\"50.0%\">50 kg<\/td>\n<\/tr>\n<tr>\n<td class=\"attrLabels\">Kraj dystrybucji:<\/td>\n<td width=\"50.0%\">Hiszpania, Niemcy, USA<\/td>\n<td class=\"attrLabels\">Wysoko\u015b\u0107:<\/td>\n<td width=\"50.0%\">74,5 cm<\/td>\n<\/tr>\n<tr>\n<td class=\"attrLabels\">Marka:<\/td>\n<td width=\"50.0%\">\u0141UK<\/td>\n<td class=\"attrLabels\">D\u0142ugi:<\/td>\n<td width=\"50.0%\">30,4 cm<\/td>\n<\/tr>\n<tr>\n<td class=\"attrLabels\">Rodzaj produktu:<\/td>\n<td width=\"50.0%\">Profesjonalna krajalnica do filetowania<\/td>\n<td class=\"attrLabels\">Szeroki:<\/td>\n<td width=\"50.0%\">\u00a053cm<\/td>\n<\/tr>\n<tr>\n<td class=\"attrLabels\">Numer producenta:<\/td>\n<td width=\"50.0%\">ARCMFTC1<\/td>\n<td class=\"attrLabels\">Pr\u0119dko\u015b\u0107 robocza:<\/td>\n<td width=\"50.0%\">\u00a0500 kg na godzin\u0119<\/td>\n<\/tr>\n<tr>\n<td class=\"attrLabels\">Tworzywo:<\/td>\n<td width=\"50.0%\">stalowe, antypo\u015blizgowe k\u00f3\u0142ka,<\/td>\n<td class=\"attrLabels\">Rozmiar wej\u015bciowy:<\/td>\n<td width=\"50.0%\">14,5 x 7 cm<\/td>\n<\/tr>\n<tr>\n<td class=\"attrLabels\">Kolor:<\/td>\n<td width=\"50.0%\">Srebrny<\/td>\n<td class=\"attrLabels\">Produkcja:<\/td>\n<td width=\"50.0%\">360 kg<\/td>\n<\/tr>\n<tr>\n<td class=\"attrLabels\">Narz\u0119dzia instalacyjne:<\/td>\n<td width=\"50.0%\">Tak<\/td>\n<td class=\"attrLabels\">Gwarancja:<\/td>\n<td width=\"50.0%\">2 LATA<\/td>\n<\/tr>\n<\/tbody>\n<\/table>\n<p>&nbsp;<\/p>\n<p>&nbsp;<\/p>\n<p>&nbsp;<\/p>","protected":false},"excerpt":{"rendered":"<h2>Profesjonalna krajalnica do filetowania mi\u0119sa 500kg<\/h2>\n<p>Ten <strong>komercyjna krajalnica do mi\u0119sa<span style=\"color: #ff0000;\"> DO<\/span><span style=\"color: #0000ff;\">R<\/span>C<\/strong> Nadaje si\u0119 do stosowania w gastronomii, zak\u0142adach mi\u0119snych, bufetach i hotelach. Dzi\u0119ki tej profesjonalnej krajalnicy zwi\u0119kszysz swoj\u0105 produkcj\u0119, poniewa\u017c b\u0119dziesz m\u00f3g\u0142 przetwarza\u0107 <span style=\"color: #ff0000;\"><strong>500 kg na godzin\u0119<\/strong><\/span>.<\/p>\n<p>The <strong>profesjonalna maszyna do filetowania<span style=\"color: #ff0000;\"> DO<\/span><span style=\"color: #0000ff;\">R<\/span>CMFTC1<\/strong> Skutecznie kroi wo\u0142owin\u0119, wieprzowin\u0119, jagni\u0119cin\u0119 i inne mi\u0119sa na kawa\u0142ki. Powierzchnia tych plasterk\u00f3w mi\u0119sa jest g\u0142adka, a grubo\u015b\u0107 jest taka sama, bardzo przydatne jest utrzymanie jako\u015bci \u015bwie\u017cego mi\u0119sa. The <strong>krajalnica do mi\u0119sa<\/strong> Zosta\u0142 zaprojektowany tak, aby by\u0142 prosty i czysty, m\u00f3g\u0142 si\u0119 swobodnie obraca\u0107; Zesp\u00f3\u0142 no\u017cy mo\u017cna \u0142atwiej wyj\u0105\u0107, wyczy\u015bci\u0107 i wyregulowa\u0107. Wykonane z najwy\u017cszej jako\u015bci stali nierdzewnej dla sektora spo\u017cywczego.<\/p>\n<h6>Gwarancja<strong>\u00a0<span style=\"color: #ff0000;\">DO<\/span><span style=\"color: #0000ff;\">R<\/span>C 2 LATA<\/strong><\/h6>\n<h6><span style=\"color: #008000;\">najbardziej wydajny silnik o niskim zu\u017cyciu energii 1000 W<\/span><\/h6>\n<h6>wsparcie techniczne w cenie.<\/h6>\n<p>&nbsp;<\/p>","protected":false},"featured_media":1374,"comment_status":"open","ping_status":"closed","template":"","meta":{"wds_primary_product_brand":0,"wds_primary_product_cat":0},"product_brand":[],"product_cat":[43],"product_tag":[],"class_list":{"0":"post-1368","1":"product","2":"type-product","3":"status-publish","4":"has-post-thumbnail","6":"product_cat-cortadoras-de-alimentos","7":"product_shipping_class-express","9":"first","10":"instock","11":"sale","12":"taxable","13":"shipping-taxable","14":"purchasable","15":"product-type-simple"},"yoast_head":"<!-- This site is optimized with the Yoast SEO Premium plugin v24.9 (Yoast SEO v26.1) - https:\/\/yoast.com\/wordpress\/plugins\/seo\/ -->\n<title>Cortadora fileteadora de carnes profesional 500Kg - distribuci\u00f3n ARC<\/title>\n<meta name=\"robots\" content=\"index, follow, max-snippet:-1, max-image-preview:large, max-video-preview:-1\" \/>\n<link rel=\"canonical\" href=\"https:\/\/www.distribucionarc.com\/en\/producto\/cortadora-fileteadora-de-carnes-profesional-500kg\/\" \/>\n<meta property=\"og:locale\" content=\"pl_PL\" \/>\n<meta property=\"og:type\" content=\"article\" \/>\n<meta property=\"og:title\" content=\"Cortadora fileteadora de carnes profesional 500Kg\" \/>\n<meta property=\"og:description\" content=\"Cortadora fileteadora de carnes profesional 500Kg Esta cortadora comercial de carne ARC es el adecuado para la industria de restaurantes, procesadores de carnes, buffet, hoteles. Con esta cortadora profesional aumentara su produccion al poder procesar 500Kg por hora.  La fileteadora profesional ARCMFTC1 es eficaz en el corte de carne de res, cerdo, cordero y otras carnes en trozos. la superficie de estas carnes en rodajas es lisa y el espesor es igual, resulta muy \u00fatil para mantener la calidad de la carne fresca. La cortadora de carne est\u00e1 dise\u00f1ada para ser simple y limpia, libre de girar; la unidad de cuchillo se puede quitar, limpiar y ajustar m\u00e1s f\u00e1cilmente. Fabricada de acero inoxidable de la mejor calidad para el \u00e1mbito alimenticio. Garant\u00eda\u00a0ARC 2 A\u00d1OS motor m\u00e1s eficiente bajo consumo 1000w soporte t\u00e9cnico\u00a0incluido. &nbsp;\" \/>\n<meta property=\"og:url\" content=\"https:\/\/www.distribucionarc.com\/en\/producto\/cortadora-fileteadora-de-carnes-profesional-500kg\/\" \/>\n<meta property=\"og:site_name\" content=\"distribuci\u00f3n ARC\" \/>\n<meta property=\"article:modified_time\" content=\"2023-05-06T18:01:14+00:00\" \/>\n<meta property=\"og:image\" content=\"https:\/\/www.distribucionarc.com\/wp-content\/uploads\/2020\/07\/Cortadora-fileteadora-de-carnes-profesional-500Kg-0.jpg\" \/>\n\t<meta property=\"og:image:width\" content=\"1600\" \/>\n\t<meta property=\"og:image:height\" content=\"1600\" \/>\n\t<meta property=\"og:image:type\" content=\"image\/jpeg\" \/>\n<meta name=\"twitter:card\" content=\"summary_large_image\" \/>\n<meta name=\"twitter:label1\" content=\"Szacowany czas czytania\" \/>\n\t<meta name=\"twitter:data1\" content=\"1 minuta\" \/>\n<script type=\"application\/ld+json\" class=\"yoast-schema-graph\">{\"@context\":\"https:\/\/schema.org\",\"@graph\":[{\"@type\":\"WebPage\",\"@id\":\"https:\/\/www.distribucionarc.com\/en\/producto\/cortadora-fileteadora-de-carnes-profesional-500kg\/\",\"url\":\"https:\/\/www.distribucionarc.com\/en\/producto\/cortadora-fileteadora-de-carnes-profesional-500kg\/\",\"name\":\"Cortadora fileteadora de carnes profesional 500Kg - distribuci\u00f3n ARC\",\"isPartOf\":{\"@id\":\"https:\/\/www.distribucionarc.com\/sl\/#website\"},\"primaryImageOfPage\":{\"@id\":\"https:\/\/www.distribucionarc.com\/en\/producto\/cortadora-fileteadora-de-carnes-profesional-500kg\/#primaryimage\"},\"image\":{\"@id\":\"https:\/\/www.distribucionarc.com\/en\/producto\/cortadora-fileteadora-de-carnes-profesional-500kg\/#primaryimage\"},\"thumbnailUrl\":\"https:\/\/distribucionarc.com\/wp-content\/uploads\/2020\/07\/Cortadora-fileteadora-de-carnes-profesional-500Kg-0.jpg\",\"datePublished\":\"2020-07-23T15:26:48+00:00\",\"dateModified\":\"2023-05-06T18:01:14+00:00\",\"breadcrumb\":{\"@id\":\"https:\/\/www.distribucionarc.com\/en\/producto\/cortadora-fileteadora-de-carnes-profesional-500kg\/#breadcrumb\"},\"inLanguage\":\"pl-PL\",\"potentialAction\":[{\"@type\":\"ReadAction\",\"target\":[\"https:\/\/www.distribucionarc.com\/en\/producto\/cortadora-fileteadora-de-carnes-profesional-500kg\/\"]}]},{\"@type\":\"ImageObject\",\"inLanguage\":\"pl-PL\",\"@id\":\"https:\/\/www.distribucionarc.com\/en\/producto\/cortadora-fileteadora-de-carnes-profesional-500kg\/#primaryimage\",\"url\":\"https:\/\/distribucionarc.com\/wp-content\/uploads\/2020\/07\/Cortadora-fileteadora-de-carnes-profesional-500Kg-0.jpg\",\"contentUrl\":\"https:\/\/distribucionarc.com\/wp-content\/uploads\/2020\/07\/Cortadora-fileteadora-de-carnes-profesional-500Kg-0.jpg\",\"width\":1600,\"height\":1600,\"caption\":\"Cortadora fileteadora de carnes profesional 500Kg\"},{\"@type\":\"BreadcrumbList\",\"@id\":\"https:\/\/www.distribucionarc.com\/en\/producto\/cortadora-fileteadora-de-carnes-profesional-500kg\/#breadcrumb\",\"itemListElement\":[{\"@type\":\"ListItem\",\"position\":1,\"name\":\"Portada\",\"item\":\"https:\/\/www.distribucionarc.com\/\"},{\"@type\":\"ListItem\",\"position\":2,\"name\":\"\u00dcr\u00fcnler\",\"item\":\"https:\/\/www.distribucionarc.com\/tr\/magaza\/\"},{\"@type\":\"ListItem\",\"position\":3,\"name\":\"Cortadora fileteadora de carnes profesional 500Kg\"}]},{\"@type\":\"WebSite\",\"@id\":\"https:\/\/www.distribucionarc.com\/sl\/#website\",\"url\":\"https:\/\/www.distribucionarc.com\/sl\/\",\"name\":\"distribuci\u00f3n ARC\",\"description\":\"Empresa especializada en la fabricaci\u00f3n y distribuci\u00f3n de maquinaria industrial, selladoras de latas, Maquinas de hacer pastillas, Maquinas de cortar carne...\",\"publisher\":{\"@id\":\"https:\/\/www.distribucionarc.com\/sl\/#organization\"},\"potentialAction\":[{\"@type\":\"SearchAction\",\"target\":{\"@type\":\"EntryPoint\",\"urlTemplate\":\"https:\/\/www.distribucionarc.com\/sl\/?s={search_term_string}\"},\"query-input\":{\"@type\":\"PropertyValueSpecification\",\"valueRequired\":true,\"valueName\":\"search_term_string\"}}],\"inLanguage\":\"pl-PL\"},{\"@type\":\"Organization\",\"@id\":\"https:\/\/www.distribucionarc.com\/sl\/#organization\",\"name\":\"Distribuci\u00f3n ARC\",\"url\":\"https:\/\/www.distribucionarc.com\/sl\/\",\"logo\":{\"@type\":\"ImageObject\",\"inLanguage\":\"pl-PL\",\"@id\":\"https:\/\/www.distribucionarc.com\/sl\/#\/schema\/logo\/image\/\",\"url\":\"https:\/\/distribucionarc.com\/wp-content\/uploads\/2024\/10\/distribucion-ARC-COLOR-SIN-FONDO-e1732295305345.png\",\"contentUrl\":\"https:\/\/distribucionarc.com\/wp-content\/uploads\/2024\/10\/distribucion-ARC-COLOR-SIN-FONDO-e1732295305345.png\",\"width\":1164,\"height\":558,\"caption\":\"Distribuci\u00f3n ARC\"},\"image\":{\"@id\":\"https:\/\/www.distribucionarc.com\/sl\/#\/schema\/logo\/image\/\"},\"description\":\"Empresa especializada en la fabricaci\u00f3n y distribuci\u00f3n de maquinaria industrial para los sectores alimentario y farmac\u00e9utico. Nos especializamos en: M\u00e1quinas de cortar carne Fabricaci\u00f3n de comprimidos Sistemas de transporte industrial L\u00edneas de embotellado Dosificadores Y mucho m\u00e1s... Ofrecemos soluciones innovadoras y personalizadas para optimizar los procesos productivos de tu empresa.\",\"email\":\"Admistracion@distribucionarc.com\",\"telephone\":\"+34 643496664\",\"legalName\":\"ARC TECH SOLUTIONS\",\"foundingDate\":\"2024-04-09\",\"vatID\":\"B55480172\",\"numberOfEmployees\":{\"@type\":\"QuantitativeValue\",\"minValue\":\"1\",\"maxValue\":\"10\"}}]}<\/script>\n<!-- \/ Yoast SEO Premium plugin. -->","yoast_head_json":{"title":"Profesjonalna krajalnica do mi\u0119sa 500kg - dystrybucja ARC","robots":{"index":"index","follow":"follow","max-snippet":"max-snippet:-1","max-image-preview":"max-image-preview:large","max-video-preview":"max-video-preview:-1"},"canonical":"https:\/\/www.distribucionarc.com\/en\/producto\/cortadora-fileteadora-de-carnes-profesional-500kg\/","og_locale":"pl_PL","og_type":"article","og_title":"Cortadora fileteadora de carnes profesional 500Kg","og_description":"Cortadora fileteadora de carnes profesional 500Kg Esta cortadora comercial de carne ARC es el adecuado para la industria de restaurantes, procesadores de carnes, buffet, hoteles. Con esta cortadora profesional aumentara su produccion al poder procesar 500Kg por hora.  La fileteadora profesional ARCMFTC1 es eficaz en el corte de carne de res, cerdo, cordero y otras carnes en trozos. la superficie de estas carnes en rodajas es lisa y el espesor es igual, resulta muy \u00fatil para mantener la calidad de la carne fresca. La cortadora de carne est\u00e1 dise\u00f1ada para ser simple y limpia, libre de girar; la unidad de cuchillo se puede quitar, limpiar y ajustar m\u00e1s f\u00e1cilmente. Fabricada de acero inoxidable de la mejor calidad para el \u00e1mbito alimenticio. Garant\u00eda\u00a0ARC 2 A\u00d1OS motor m\u00e1s eficiente bajo consumo 1000w soporte t\u00e9cnico\u00a0incluido. &nbsp;","og_url":"https:\/\/www.distribucionarc.com\/en\/producto\/cortadora-fileteadora-de-carnes-profesional-500kg\/","og_site_name":"distribuci\u00f3n ARC","article_modified_time":"2023-05-06T18:01:14+00:00","og_image":[{"width":1600,"height":1600,"url":"https:\/\/www.distribucionarc.com\/wp-content\/uploads\/2020\/07\/Cortadora-fileteadora-de-carnes-profesional-500Kg-0.jpg","type":"image\/jpeg"}],"twitter_card":"summary_large_image","twitter_misc":{"Szacowany czas czytania":"1 minuta"},"schema":{"@context":"https:\/\/schema.org","@graph":[{"@type":"WebPage","@id":"https:\/\/www.distribucionarc.com\/en\/producto\/cortadora-fileteadora-de-carnes-profesional-500kg\/","url":"https:\/\/www.distribucionarc.com\/en\/producto\/cortadora-fileteadora-de-carnes-profesional-500kg\/","name":"Profesjonalna krajalnica do mi\u0119sa 500kg - dystrybucja ARC","isPartOf":{"@id":"https:\/\/www.distribucionarc.com\/sl\/#website"},"primaryImageOfPage":{"@id":"https:\/\/www.distribucionarc.com\/en\/producto\/cortadora-fileteadora-de-carnes-profesional-500kg\/#primaryimage"},"image":{"@id":"https:\/\/www.distribucionarc.com\/en\/producto\/cortadora-fileteadora-de-carnes-profesional-500kg\/#primaryimage"},"thumbnailUrl":"https:\/\/distribucionarc.com\/wp-content\/uploads\/2020\/07\/Cortadora-fileteadora-de-carnes-profesional-500Kg-0.jpg","datePublished":"2020-07-23T15:26:48+00:00","dateModified":"2023-05-06T18:01:14+00:00","breadcrumb":{"@id":"https:\/\/www.distribucionarc.com\/en\/producto\/cortadora-fileteadora-de-carnes-profesional-500kg\/#breadcrumb"},"inLanguage":"pl-PL","potentialAction":[{"@type":"ReadAction","target":["https:\/\/www.distribucionarc.com\/en\/producto\/cortadora-fileteadora-de-carnes-profesional-500kg\/"]}]},{"@type":"ImageObject","inLanguage":"pl-PL","@id":"https:\/\/www.distribucionarc.com\/en\/producto\/cortadora-fileteadora-de-carnes-profesional-500kg\/#primaryimage","url":"https:\/\/distribucionarc.com\/wp-content\/uploads\/2020\/07\/Cortadora-fileteadora-de-carnes-profesional-500Kg-0.jpg","contentUrl":"https:\/\/distribucionarc.com\/wp-content\/uploads\/2020\/07\/Cortadora-fileteadora-de-carnes-profesional-500Kg-0.jpg","width":1600,"height":1600,"caption":"Cortadora fileteadora de carnes profesional 500Kg"},{"@type":"BreadcrumbList","@id":"https:\/\/www.distribucionarc.com\/en\/producto\/cortadora-fileteadora-de-carnes-profesional-500kg\/#breadcrumb","itemListElement":[{"@type":"ListItem","position":1,"name":"Portada","item":"https:\/\/www.distribucionarc.com\/"},{"@type":"ListItem","position":2,"name":"\u00dcr\u00fcnler","item":"https:\/\/www.distribucionarc.com\/tr\/magaza\/"},{"@type":"ListItem","position":3,"name":"Cortadora fileteadora de carnes profesional 500Kg"}]},{"@type":"WebSite","@id":"https:\/\/www.distribucionarc.com\/sl\/#website","url":"https:\/\/www.distribucionarc.com\/sl\/","name":"Dystrybucja ARC","description":"Firma specjalizuj\u0105ca si\u0119 w produkcji i dystrybucji maszyn przemys\u0142owych, zgrzewarek do puszek, maszyn do produkcji tabletek, maszyn do ci\u0119cia mi\u0119sa...","publisher":{"@id":"https:\/\/www.distribucionarc.com\/sl\/#organization"},"potentialAction":[{"@type":"SearchAction","target":{"@type":"EntryPoint","urlTemplate":"https:\/\/www.distribucionarc.com\/sl\/?s={search_term_string}"},"query-input":{"@type":"PropertyValueSpecification","valueRequired":true,"valueName":"search_term_string"}}],"inLanguage":"pl-PL"},{"@type":"Organization","@id":"https:\/\/www.distribucionarc.com\/sl\/#organization","name":"Dystrybucja ARC","url":"https:\/\/www.distribucionarc.com\/sl\/","logo":{"@type":"ImageObject","inLanguage":"pl-PL","@id":"https:\/\/www.distribucionarc.com\/sl\/#\/schema\/logo\/image\/","url":"https:\/\/distribucionarc.com\/wp-content\/uploads\/2024\/10\/distribucion-ARC-COLOR-SIN-FONDO-e1732295305345.png","contentUrl":"https:\/\/distribucionarc.com\/wp-content\/uploads\/2024\/10\/distribucion-ARC-COLOR-SIN-FONDO-e1732295305345.png","width":1164,"height":558,"caption":"Distribuci\u00f3n ARC"},"image":{"@id":"https:\/\/www.distribucionarc.com\/sl\/#\/schema\/logo\/image\/"},"description":"Firma specjalizuj\u0105ca si\u0119 w produkcji i dystrybucji maszyn przemys\u0142owych dla sektora spo\u017cywczego i farmaceutycznego. Specjalizujemy si\u0119 w: Maszyny do krojenia mi\u0119sa Produkcja tabletek Przemys\u0142owe systemy transportowe Linie butelkuj\u0105ce Dozowniki I wiele wi\u0119cej.... Oferujemy innowacyjne i niestandardowe rozwi\u0105zania w celu optymalizacji proces\u00f3w produkcyjnych w Twojej firmie.","email":"Admistracion@distribucionarc.com","telephone":"+34 643496664","legalName":"ARC TECH SOLUTIONS","foundingDate":"2024-04-09","vatID":"B55480172","numberOfEmployees":{"@type":"QuantitativeValue","minValue":"1","maxValue":"10"}}]}},"_links":{"self":[{"href":"https:\/\/distribucionarc.com\/pl\/wp-json\/wp\/v2\/product\/1368","targetHints":{"allow":["GET"]}}],"collection":[{"href":"https:\/\/distribucionarc.com\/pl\/wp-json\/wp\/v2\/product"}],"about":[{"href":"https:\/\/distribucionarc.com\/pl\/wp-json\/wp\/v2\/types\/product"}],"replies":[{"embeddable":true,"href":"https:\/\/distribucionarc.com\/pl\/wp-json\/wp\/v2\/comments?post=1368"}],"version-history":[{"count":0,"href":"https:\/\/distribucionarc.com\/pl\/wp-json\/wp\/v2\/product\/1368\/revisions"}],"wp:featuredmedia":[{"embeddable":true,"href":"https:\/\/distribucionarc.com\/pl\/wp-json\/wp\/v2\/media\/1374"}],"wp:attachment":[{"href":"https:\/\/distribucionarc.com\/pl\/wp-json\/wp\/v2\/media?parent=1368"}],"wp:term":[{"taxonomy":"product_brand","embeddable":true,"href":"https:\/\/distribucionarc.com\/pl\/wp-json\/wp\/v2\/product_brand?post=1368"},{"taxonomy":"product_cat","embeddable":true,"href":"https:\/\/distribucionarc.com\/pl\/wp-json\/wp\/v2\/product_cat?post=1368"},{"taxonomy":"product_tag","embeddable":true,"href":"https:\/\/distribucionarc.com\/pl\/wp-json\/wp\/v2\/product_tag?post=1368"}],"curies":[{"name":"wp","href":"https:\/\/api.w.org\/{rel}","templated":true}]}}