{"id":1380,"date":"2020-07-23T16:14:34","date_gmt":"2020-07-23T16:14:34","guid":{"rendered":"https:\/\/distribucionarc.com\/?post_type=product&#038;p=1380"},"modified":"2020-09-27T09:44:03","modified_gmt":"2020-09-27T09:44:03","slug":"dozownik-paczkow-reczny-5l","status":"publish","type":"product","link":"https:\/\/distribucionarc.com\/pl\/producto\/dosificador-rosquillera-manual-5l\/","title":{"rendered":"R\u0119czny dozownik p\u0105czk\u00f3w o pojemno\u015bci 5 litr\u00f3w"},"content":{"rendered":"<h3>R\u0119czny dozownik p\u0105czk\u00f3w o pojemno\u015bci 5 litr\u00f3w<\/h3>\n<p>On <strong>dozownik p\u0105czk\u00f3w\u00a0<\/strong><strong style=\"font-size: 16px; font-style: normal;\"><span style=\"color: #ff0000;\">DO<\/span><\/strong><strong style=\"font-size: 16px;\"><span style=\"color: #0000ff;\">R<\/span>C<\/strong><span style=\"font-size: 16px;\"> Wykonany jest z aluminium spo\u017cywczego i stali nierdzewnej, ma kompaktow\u0105 konstrukcj\u0119. Odporne na wysokie temperatury i \u0142atwe do czyszczenia.<\/span><\/p>\n<p><strong>Producent p\u0105czk\u00f3w <span style=\"color: #ff0000;\">DO<\/span><span style=\"color: #0000ff;\">R<\/span>CMDM1<\/strong> Posiada zasobnik o pojemno\u015bci 5 litr\u00f3w, kt\u00f3ry mo\u017ce pomie\u015bci\u0107 du\u017c\u0105 ilo\u015b\u0107 ciasta. W jednym cyklu mo\u017cna przygotowa\u0107 kilka p\u0105czk\u00f3w. Dost\u0119pnych jest 6 poziom\u00f3w pieczenia, kt\u00f3re mo\u017cna dostosowa\u0107 do w\u0142asnych potrzeb. Elastyczna i \u0142atwa w kontrolowaniu grubo\u015b\u0107 foremki do p\u0105czk\u00f3w<\/p>\n<p>Urz\u0105dzenie posiada dr\u0105\u017cek steruj\u0105cy umo\u017cliwiaj\u0105cy \u0142atw\u0105 obs\u0142ug\u0119 jedn\u0105 r\u0119k\u0105, spr\u0119\u017cyn\u0119 energooszcz\u0119dn\u0105 i wysokiej jako\u015bci uchwyt przeno\u015bny.<\/p>\n<p>Stoj\u0105ca konstrukcja pozwala na wygodne przechowywanie dozownika do p\u0105czk\u00f3w. Mo\u017ce tak\u017ce skutecznie zapobiega\u0107 sp\u0142ywaniu ciasta w trakcie pracy.<\/p>\n<p>Prosta i wygodna metoda przygotowania p\u0105czk\u00f3w. Szeroko stosowane w restauracjach, kawiarniach, piekarniach, kuchniach domowych itp. Nadaje si\u0119 do u\u017cytku domowego i komercyjnego.<\/p>\n<h6><\/h6>\n<h6><strong>Gwarancja\u00a0<span style=\"color: #ff0000;\">DO<\/span><span style=\"color: #0000ff;\">R<\/span>C<\/strong><strong>\u00a02 LATA<\/strong><\/h6>\n<h6><strong>wsparcie techniczne w cenie<\/strong><\/h6>\n<p>&nbsp;<\/p>\n<p>&nbsp;<\/p>\n<table width=\"100%\">\n<tbody>\n<tr>\n<td>Marka:<\/td>\n<td width=\"32%\">\u0141UK<\/td>\n<td>Waga:<\/td>\n<td width=\"30%\">1 kilogram<\/td>\n<\/tr>\n<tr>\n<td>Kraj dystrybucji:<\/td>\n<td width=\"32%\">Hiszpania, Niemcy, USA<\/td>\n<td>Wysoko\u015b\u0107:<\/td>\n<td width=\"30%\">42cm<\/td>\n<\/tr>\n<tr>\n<td>Kolor:<\/td>\n<td width=\"32%\">Srebrny<\/td>\n<td>D\u0142ugi:<\/td>\n<td width=\"30%\">18cm<\/td>\n<\/tr>\n<tr>\n<td>Rodzaj produktu:<\/td>\n<td width=\"32%\">Profesjonalny dystrybutor p\u0105czk\u00f3w<\/td>\n<td>Szeroki:<\/td>\n<td width=\"30%\">18cm<\/td>\n<\/tr>\n<tr>\n<td>Numer producenta:<\/td>\n<td width=\"32%\">ARCMDM1<\/td>\n<td>Rozmiar zbiornika:<\/td>\n<td width=\"30%\">5 litr\u00f3w<\/td>\n<\/tr>\n<tr>\n<td>Tworzywo:<\/td>\n<td width=\"32%\">stal nierdzewna<\/td>\n<td>Gwarancja:<\/td>\n<td width=\"30%\">2 LATA<\/td>\n<\/tr>\n<tr>\n<td>Rozmiar p\u0105czka:<\/td>\n<td width=\"32%\">od 5 do 9 cm<\/td>\n<td>Przestrzenie:<\/td>\n<td width=\"30%\">\u00a06 regulowanych poziom\u00f3w<\/td>\n<\/tr>\n<\/tbody>\n<\/table>","protected":false},"excerpt":{"rendered":"<h2>R\u0119czny dozownik do p\u0105czk\u00f3w 5 l<\/h2>\n<p>Ten\u00a0<strong>maszyna do p\u0105czk\u00f3w<\/strong>\u00a0z\u00a0<strong><span style=\"color: #ff0000;\">DO<\/span><span style=\"color: #0000ff;\">R<\/span>C<\/strong>\u00a0Nadaje si\u0119 do produkcji masowej lub nawet do wytwarzania <strong>\u015bwie\u017ce p\u0105czki<\/strong> w du\u017cych ilo\u015bciach, aby zachowa\u0142y ca\u0142\u0105 swoj\u0105 konsystencj\u0119 i smak.<\/p>\n<p>Ten <strong>r\u0119czny dozownik p\u0105czk\u00f3w <span style=\"color: #ff0000;\">DO<\/span><span style=\"color: #0000ff;\">R<\/span>CDMD1<\/strong> jest zaprojektowany tak, aby umo\u017cliwi\u0107 Ci przygotowanie pysznych da\u0144 <strong>p\u0105czki<\/strong> w najprostszy i najszybszy spos\u00f3b. Jest idealny dla <strong>p\u0105czki<\/strong> idealnie uformowane, domowej roboty. Wykonanie z aluminium przeznaczonego do kontaktu z \u017cywno\u015bci\u0105 gwarantuje solidn\u0105 konstrukcj\u0119 i kompaktow\u0105 konstrukcj\u0119, a 5-litrowy zasobnik pozwala na wygodniejsz\u0105 prac\u0119 ze wzgl\u0119du na ilo\u015b\u0107 ciasta, kt\u00f3r\u0105 mo\u017cna w nim przechowywa\u0107. Wbudowany pasek steruj\u0105cy umo\u017cliwia sterowanie zasobnikiem <strong>p\u0105czki<\/strong> obs\u0142ugiwa\u0107 jedn\u0105 r\u0119k\u0105. Nadaje si\u0119 do u\u017cytku domowego i komercyjnego.<\/p>\n<h6><strong>Gwarancja\u00a0<span style=\"color: #ff0000;\">DO<\/span><span style=\"color: #0000ff;\">R<\/span>C<\/strong><strong>\u00a02 LATA<\/strong><\/h6>\n<h6><strong>wsparcie techniczne w cenie<\/strong><\/h6>\n<div class=\"summary entry-summary\">\n<div class=\"quantity\"><label class=\"screen-reader-text\" for=\"quantity_5f19adf2dab21\">Profesjonalna automatyczna maszyna do p\u0105czk\u00f3w ilo\u015b\u0107<\/label><\/div>\n<\/div>","protected":false},"featured_media":1387,"comment_status":"open","ping_status":"closed","template":"","meta":{"wds_primary_product_brand":0,"wds_primary_product_cat":0},"product_brand":[],"product_cat":[53],"product_tag":[],"class_list":{"0":"post-1380","1":"product","2":"type-product","3":"status-publish","4":"has-post-thumbnail","6":"product_cat-panaderia-y-pasteleria-industrial","7":"product_shipping_class-hosteleria","9":"first","10":"instock","11":"sale","12":"taxable","13":"shipping-taxable","14":"purchasable","15":"product-type-simple"},"yoast_head":"<!-- This site is optimized with the Yoast SEO Premium plugin v24.9 (Yoast SEO v26.1) - https:\/\/yoast.com\/wordpress\/plugins\/seo\/ -->\n<title>Dosificador rosquillera manual 5L - distribuci\u00f3n ARC<\/title>\n<meta name=\"robots\" content=\"index, follow, max-snippet:-1, max-image-preview:large, max-video-preview:-1\" \/>\n<link rel=\"canonical\" href=\"https:\/\/distribucionarc.com\/pl\/produkty\/dozownik-paczkow-reczny-5l\/\" \/>\n<meta property=\"og:locale\" content=\"pl_PL\" \/>\n<meta property=\"og:type\" content=\"article\" \/>\n<meta property=\"og:title\" content=\"Dosificador rosquillera manual 5L\" \/>\n<meta property=\"og:description\" content=\"Dosificador rosquillera manual 5 L Esta\u00a0m\u00e1quina de donuts\u00a0de\u00a0ARC\u00a0es la indicada para la producci\u00f3n en cadena o incluso para fabricar donuts frescos en gran cantidad para que conserven toda su textura y sabor.  Este dispensador manual de donuts ARCDMD1 est\u00e1 dise\u00f1ado para permitirle hacer deliciosas rosquillas de la forma m\u00e1s sencilla y r\u00e1pida. Es ideal para donuts caseros perfectamente formados. El material de aluminio de calidad alimentaria garantiza una estructura robusta y un dise\u00f1o compacto, su tolva de 5 L le permitir\u00e1 trabajar m\u00e1s c\u00f3modamente por la cantidad de masa que puede almacenar . La barra de control incorporada permite que la tolva de rosquillas funcione con una mano. Es adecuado para uso dom\u00e9stico y comercial. Garant\u00eda\u00a0ARC\u00a02 A\u00d1OS soporte t\u00e9cnico incluido  M\u00e1quina autom\u00e1tica para donuts o rosquillas profesional cantidad\" \/>\n<meta property=\"og:url\" content=\"https:\/\/distribucionarc.com\/pl\/produkty\/dozownik-paczkow-reczny-5l\/\" \/>\n<meta property=\"og:site_name\" content=\"distribuci\u00f3n ARC\" \/>\n<meta property=\"article:modified_time\" content=\"2020-09-27T09:44:03+00:00\" \/>\n<meta property=\"og:image\" content=\"https:\/\/distribucionarc.com\/wp-content\/uploads\/2020\/07\/Dosificador-rosquillera-manual-5L-0.jpg\" \/>\n\t<meta property=\"og:image:width\" content=\"1600\" \/>\n\t<meta property=\"og:image:height\" content=\"1600\" \/>\n\t<meta property=\"og:image:type\" content=\"image\/jpeg\" \/>\n<meta name=\"twitter:card\" content=\"summary_large_image\" \/>\n<meta name=\"twitter:label1\" content=\"Szacowany czas czytania\" \/>\n\t<meta name=\"twitter:data1\" content=\"1 minuta\" \/>\n<script type=\"application\/ld+json\" class=\"yoast-schema-graph\">{\"@context\":\"https:\/\/schema.org\",\"@graph\":[{\"@type\":\"WebPage\",\"@id\":\"https:\/\/distribucionarc.com\/pl\/producto\/dosificador-rosquillera-manual-5l\/\",\"url\":\"https:\/\/distribucionarc.com\/pl\/producto\/dosificador-rosquillera-manual-5l\/\",\"name\":\"Dosificador rosquillera manual 5L - distribuci\u00f3n ARC\",\"isPartOf\":{\"@id\":\"https:\/\/distribucionarc.com\/de\/#website\"},\"primaryImageOfPage\":{\"@id\":\"https:\/\/distribucionarc.com\/pl\/producto\/dosificador-rosquillera-manual-5l\/#primaryimage\"},\"image\":{\"@id\":\"https:\/\/distribucionarc.com\/pl\/producto\/dosificador-rosquillera-manual-5l\/#primaryimage\"},\"thumbnailUrl\":\"https:\/\/distribucionarc.com\/wp-content\/uploads\/2020\/07\/Dosificador-rosquillera-manual-5L-0.jpg\",\"datePublished\":\"2020-07-23T16:14:34+00:00\",\"dateModified\":\"2020-09-27T09:44:03+00:00\",\"breadcrumb\":{\"@id\":\"https:\/\/distribucionarc.com\/pl\/producto\/dosificador-rosquillera-manual-5l\/#breadcrumb\"},\"inLanguage\":\"pl-PL\",\"potentialAction\":[{\"@type\":\"ReadAction\",\"target\":[\"https:\/\/distribucionarc.com\/pl\/producto\/dosificador-rosquillera-manual-5l\/\"]}]},{\"@type\":\"ImageObject\",\"inLanguage\":\"pl-PL\",\"@id\":\"https:\/\/distribucionarc.com\/pl\/producto\/dosificador-rosquillera-manual-5l\/#primaryimage\",\"url\":\"https:\/\/distribucionarc.com\/wp-content\/uploads\/2020\/07\/Dosificador-rosquillera-manual-5L-0.jpg\",\"contentUrl\":\"https:\/\/distribucionarc.com\/wp-content\/uploads\/2020\/07\/Dosificador-rosquillera-manual-5L-0.jpg\",\"width\":1600,\"height\":1600,\"caption\":\"Dosificador rosquillera manual 5L\"},{\"@type\":\"BreadcrumbList\",\"@id\":\"https:\/\/distribucionarc.com\/pl\/producto\/dosificador-rosquillera-manual-5l\/#breadcrumb\",\"itemListElement\":[{\"@type\":\"ListItem\",\"position\":1,\"name\":\"Portada\",\"item\":\"https:\/\/distribucionarc.com\/pl\/\"},{\"@type\":\"ListItem\",\"position\":2,\"name\":\"Produkty\",\"item\":\"https:\/\/distribucionarc.com\/pl\/shop\/\"},{\"@type\":\"ListItem\",\"position\":3,\"name\":\"Dosificador rosquillera manual 5L\"}]},{\"@type\":\"WebSite\",\"@id\":\"https:\/\/distribucionarc.com\/de\/#website\",\"url\":\"https:\/\/distribucionarc.com\/de\/\",\"name\":\"distribuci\u00f3n ARC\",\"description\":\"Empresa especializada en la fabricaci\u00f3n y distribuci\u00f3n de maquinaria industrial, selladoras de latas, Maquinas de hacer pastillas, Maquinas de cortar carne...\",\"publisher\":{\"@id\":\"https:\/\/distribucionarc.com\/de\/#organization\"},\"potentialAction\":[{\"@type\":\"SearchAction\",\"target\":{\"@type\":\"EntryPoint\",\"urlTemplate\":\"https:\/\/distribucionarc.com\/de\/?s={search_term_string}\"},\"query-input\":{\"@type\":\"PropertyValueSpecification\",\"valueRequired\":true,\"valueName\":\"search_term_string\"}}],\"inLanguage\":\"pl-PL\"},{\"@type\":\"Organization\",\"@id\":\"https:\/\/distribucionarc.com\/de\/#organization\",\"name\":\"Distribuci\u00f3n ARC\",\"url\":\"https:\/\/distribucionarc.com\/de\/\",\"logo\":{\"@type\":\"ImageObject\",\"inLanguage\":\"pl-PL\",\"@id\":\"https:\/\/distribucionarc.com\/de\/#\/schema\/logo\/image\/\",\"url\":\"https:\/\/distribucionarc.com\/wp-content\/uploads\/2024\/10\/distribucion-ARC-COLOR-SIN-FONDO-e1732295305345.png\",\"contentUrl\":\"https:\/\/distribucionarc.com\/wp-content\/uploads\/2024\/10\/distribucion-ARC-COLOR-SIN-FONDO-e1732295305345.png\",\"width\":1164,\"height\":558,\"caption\":\"Distribuci\u00f3n ARC\"},\"image\":{\"@id\":\"https:\/\/distribucionarc.com\/de\/#\/schema\/logo\/image\/\"},\"description\":\"Empresa especializada en la fabricaci\u00f3n y distribuci\u00f3n de maquinaria industrial para los sectores alimentario y farmac\u00e9utico. Nos especializamos en: M\u00e1quinas de cortar carne Fabricaci\u00f3n de comprimidos Sistemas de transporte industrial L\u00edneas de embotellado Dosificadores Y mucho m\u00e1s... Ofrecemos soluciones innovadoras y personalizadas para optimizar los procesos productivos de tu empresa.\",\"email\":\"Admistracion@distribucionarc.com\",\"telephone\":\"+34 643496664\",\"legalName\":\"ARC TECH SOLUTIONS\",\"foundingDate\":\"2024-04-09\",\"vatID\":\"B55480172\",\"numberOfEmployees\":{\"@type\":\"QuantitativeValue\",\"minValue\":\"1\",\"maxValue\":\"10\"}}]}<\/script>\n<!-- \/ Yoast SEO Premium plugin. -->","yoast_head_json":{"title":"R\u0119czny dozownik do p\u0105czk\u00f3w 5L - dystrybucja ARC","robots":{"index":"index","follow":"follow","max-snippet":"max-snippet:-1","max-image-preview":"max-image-preview:large","max-video-preview":"max-video-preview:-1"},"canonical":"https:\/\/distribucionarc.com\/pl\/produkty\/dozownik-paczkow-reczny-5l\/","og_locale":"pl_PL","og_type":"article","og_title":"Dosificador rosquillera manual 5L","og_description":"Dosificador rosquillera manual 5 L Esta\u00a0m\u00e1quina de donuts\u00a0de\u00a0ARC\u00a0es la indicada para la producci\u00f3n en cadena o incluso para fabricar donuts frescos en gran cantidad para que conserven toda su textura y sabor.  Este dispensador manual de donuts ARCDMD1 est\u00e1 dise\u00f1ado para permitirle hacer deliciosas rosquillas de la forma m\u00e1s sencilla y r\u00e1pida. Es ideal para donuts caseros perfectamente formados. El material de aluminio de calidad alimentaria garantiza una estructura robusta y un dise\u00f1o compacto, su tolva de 5 L le permitir\u00e1 trabajar m\u00e1s c\u00f3modamente por la cantidad de masa que puede almacenar . La barra de control incorporada permite que la tolva de rosquillas funcione con una mano. Es adecuado para uso dom\u00e9stico y comercial. Garant\u00eda\u00a0ARC\u00a02 A\u00d1OS soporte t\u00e9cnico incluido  M\u00e1quina autom\u00e1tica para donuts o rosquillas profesional cantidad","og_url":"https:\/\/distribucionarc.com\/pl\/produkty\/dozownik-paczkow-reczny-5l\/","og_site_name":"distribuci\u00f3n ARC","article_modified_time":"2020-09-27T09:44:03+00:00","og_image":[{"width":1600,"height":1600,"url":"https:\/\/distribucionarc.com\/wp-content\/uploads\/2020\/07\/Dosificador-rosquillera-manual-5L-0.jpg","type":"image\/jpeg"}],"twitter_card":"summary_large_image","twitter_misc":{"Szacowany czas czytania":"1 minuta"},"schema":{"@context":"https:\/\/schema.org","@graph":[{"@type":"WebPage","@id":"https:\/\/distribucionarc.com\/pl\/producto\/dosificador-rosquillera-manual-5l\/","url":"https:\/\/distribucionarc.com\/pl\/producto\/dosificador-rosquillera-manual-5l\/","name":"R\u0119czny dozownik do p\u0105czk\u00f3w 5L - dystrybucja ARC","isPartOf":{"@id":"https:\/\/distribucionarc.com\/de\/#website"},"primaryImageOfPage":{"@id":"https:\/\/distribucionarc.com\/pl\/producto\/dosificador-rosquillera-manual-5l\/#primaryimage"},"image":{"@id":"https:\/\/distribucionarc.com\/pl\/producto\/dosificador-rosquillera-manual-5l\/#primaryimage"},"thumbnailUrl":"https:\/\/distribucionarc.com\/wp-content\/uploads\/2020\/07\/Dosificador-rosquillera-manual-5L-0.jpg","datePublished":"2020-07-23T16:14:34+00:00","dateModified":"2020-09-27T09:44:03+00:00","breadcrumb":{"@id":"https:\/\/distribucionarc.com\/pl\/producto\/dosificador-rosquillera-manual-5l\/#breadcrumb"},"inLanguage":"pl-PL","potentialAction":[{"@type":"ReadAction","target":["https:\/\/distribucionarc.com\/pl\/producto\/dosificador-rosquillera-manual-5l\/"]}]},{"@type":"ImageObject","inLanguage":"pl-PL","@id":"https:\/\/distribucionarc.com\/pl\/producto\/dosificador-rosquillera-manual-5l\/#primaryimage","url":"https:\/\/distribucionarc.com\/wp-content\/uploads\/2020\/07\/Dosificador-rosquillera-manual-5L-0.jpg","contentUrl":"https:\/\/distribucionarc.com\/wp-content\/uploads\/2020\/07\/Dosificador-rosquillera-manual-5L-0.jpg","width":1600,"height":1600,"caption":"Dosificador rosquillera manual 5L"},{"@type":"BreadcrumbList","@id":"https:\/\/distribucionarc.com\/pl\/producto\/dosificador-rosquillera-manual-5l\/#breadcrumb","itemListElement":[{"@type":"ListItem","position":1,"name":"Portada","item":"https:\/\/distribucionarc.com\/pl\/"},{"@type":"ListItem","position":2,"name":"Produkty","item":"https:\/\/distribucionarc.com\/pl\/shop\/"},{"@type":"ListItem","position":3,"name":"Dosificador rosquillera manual 5L"}]},{"@type":"WebSite","@id":"https:\/\/distribucionarc.com\/de\/#website","url":"https:\/\/distribucionarc.com\/de\/","name":"Dystrybucja ARC","description":"Firma specjalizuj\u0105ca si\u0119 w produkcji i dystrybucji maszyn przemys\u0142owych, zgrzewarek do puszek, maszyn do produkcji tabletek, maszyn do ci\u0119cia mi\u0119sa...","publisher":{"@id":"https:\/\/distribucionarc.com\/de\/#organization"},"potentialAction":[{"@type":"SearchAction","target":{"@type":"EntryPoint","urlTemplate":"https:\/\/distribucionarc.com\/de\/?s={search_term_string}"},"query-input":{"@type":"PropertyValueSpecification","valueRequired":true,"valueName":"search_term_string"}}],"inLanguage":"pl-PL"},{"@type":"Organization","@id":"https:\/\/distribucionarc.com\/de\/#organization","name":"Dystrybucja ARC","url":"https:\/\/distribucionarc.com\/de\/","logo":{"@type":"ImageObject","inLanguage":"pl-PL","@id":"https:\/\/distribucionarc.com\/de\/#\/schema\/logo\/image\/","url":"https:\/\/distribucionarc.com\/wp-content\/uploads\/2024\/10\/distribucion-ARC-COLOR-SIN-FONDO-e1732295305345.png","contentUrl":"https:\/\/distribucionarc.com\/wp-content\/uploads\/2024\/10\/distribucion-ARC-COLOR-SIN-FONDO-e1732295305345.png","width":1164,"height":558,"caption":"Distribuci\u00f3n ARC"},"image":{"@id":"https:\/\/distribucionarc.com\/de\/#\/schema\/logo\/image\/"},"description":"Firma specjalizuj\u0105ca si\u0119 w produkcji i dystrybucji maszyn przemys\u0142owych dla sektora spo\u017cywczego i farmaceutycznego. Specjalizujemy si\u0119 w: Maszyny do krojenia mi\u0119sa Produkcja tabletek Przemys\u0142owe systemy transportowe Linie butelkuj\u0105ce Dozowniki I wiele wi\u0119cej.... Oferujemy innowacyjne i niestandardowe rozwi\u0105zania w celu optymalizacji proces\u00f3w produkcyjnych w Twojej firmie.","email":"Admistracion@distribucionarc.com","telephone":"+34 643496664","legalName":"ARC TECH SOLUTIONS","foundingDate":"2024-04-09","vatID":"B55480172","numberOfEmployees":{"@type":"QuantitativeValue","minValue":"1","maxValue":"10"}}]}},"_links":{"self":[{"href":"https:\/\/distribucionarc.com\/pl\/wp-json\/wp\/v2\/product\/1380","targetHints":{"allow":["GET"]}}],"collection":[{"href":"https:\/\/distribucionarc.com\/pl\/wp-json\/wp\/v2\/product"}],"about":[{"href":"https:\/\/distribucionarc.com\/pl\/wp-json\/wp\/v2\/types\/product"}],"replies":[{"embeddable":true,"href":"https:\/\/distribucionarc.com\/pl\/wp-json\/wp\/v2\/comments?post=1380"}],"version-history":[{"count":0,"href":"https:\/\/distribucionarc.com\/pl\/wp-json\/wp\/v2\/product\/1380\/revisions"}],"wp:featuredmedia":[{"embeddable":true,"href":"https:\/\/distribucionarc.com\/pl\/wp-json\/wp\/v2\/media\/1387"}],"wp:attachment":[{"href":"https:\/\/distribucionarc.com\/pl\/wp-json\/wp\/v2\/media?parent=1380"}],"wp:term":[{"taxonomy":"product_brand","embeddable":true,"href":"https:\/\/distribucionarc.com\/pl\/wp-json\/wp\/v2\/product_brand?post=1380"},{"taxonomy":"product_cat","embeddable":true,"href":"https:\/\/distribucionarc.com\/pl\/wp-json\/wp\/v2\/product_cat?post=1380"},{"taxonomy":"product_tag","embeddable":true,"href":"https:\/\/distribucionarc.com\/pl\/wp-json\/wp\/v2\/product_tag?post=1380"}],"curies":[{"name":"wp","href":"https:\/\/api.w.org\/{rel}","templated":true}]}}