{"id":14,"date":"2020-04-14T20:21:33","date_gmt":"2020-04-14T20:21:33","guid":{"rendered":"https:\/\/distribucionarc.com\/?post_type=product&#038;p=14"},"modified":"2025-05-08T21:40:38","modified_gmt":"2025-05-08T19:40:38","slug":"napelniacz-plynny-tlokowy-pneumatyczny-1000ml-%f0%9f%a7%b4","status":"publish","type":"product","link":"https:\/\/distribucionarc.com\/pl\/producto\/llenadora-de-liquidos-piston-neumatico-1000ml-%f0%9f%a7%b4\/","title":{"rendered":"Pneumatyczny t\u0142ok ss\u0105cy Rozlew p\u0142ynu do nape\u0142niania, dozowanie 1000 ml ?"},"content":{"rendered":"<p>Aplikacja:<\/p>\n<p>Wype\u0142niacz pneumatyczny serii GFA mo\u017ce by\u0107 stosowany do nape\u0142niania krem\u00f3w i p\u0142yn\u00f3w, jest szeroko stosowany w przemy\u015ble chemicznym, spo\u017cywczym, napoj\u00f3w i farmaceutycznym.<\/p>\n<p>Maszyna ta ma optymaln\u0105 konstrukcj\u0119 i sk\u0142ada si\u0119 z t\u0142oka pneumatycznego, kt\u00f3ry realizuje konstrukcj\u0119 nap\u0119dzan\u0105 pneumatycznie. Obudowa oraz wszystkie po\u0142\u0105czone cz\u0119\u015bci wraz z materia\u0142ami wykonane s\u0105 ze stali nierdzewnej SS304. W standardzie zastosowano stal nierdzewn\u0105 SS304. Wewn\u0119trzne \u015bcianki g\u0142\u00f3wnych cz\u0119\u015bci wykonane s\u0105 ze stali polerowanej o chropowato\u015bci ra \u2264 0,2-0,4 um, co odpowiada wymogom certyfikacji GMP, dzi\u0119ki czemu jest nierdzewne i odporne na korozj\u0119, dodatkowo u\u017cytkownik mo\u017ce regulowa\u0107 obj\u0119to\u015b\u0107 i pr\u0119dko\u015b\u0107 nape\u0142niania w zakresie wymagany typ<\/p>\n<p>Dzi\u0119ki tej maszynie dozuj\u0105cej maszyna rozlewnicza mo\u017ce dozowa\u0107 \u017cel hydrologiczny<\/p>\n<p>Obs\u0142uga maszyny<\/p>\n<p>Okular:<\/p>\n<p>maszyna ze stalowym korpusem<\/p>\n<ol>\n<li>1. Stal nierdzewna<\/li>\n<\/ol>\n<p>Projekt systemu zawor\u00f3w obrotowych<\/p>\n<ol start=\"2\">\n<li>2. Tryb nape\u0142niania t\u0142oka<\/li>\n<li>3. Opona<\/li>\n<li>4. Regulowana pr\u0119dko\u015b\u0107 podawania t\u0142oka<\/li>\n<li>5. Antykorozyjne, g\u0142\u00f3wne miejsce nape\u0142niania i regulowana wysoko\u015b\u0107<\/li>\n<\/ol>\n<p>Dok\u0142adno\u015b\u0107 nape\u0142niania<\/p>\n<ol start=\"6\">\n<li>6.Wysoka (+\/-1%)<\/li>\n<li>7. \u0141atwe do czyszczenia i konserwacji<\/li>\n<\/ol>\n<p>Gatunek stali nierdzewnej<\/p>\n<ol start=\"8\">\n<li>8. \u0141atwy w monta\u017cu i demonta\u017cu cz\u0119\u015bci pneumatycznych.<\/li>\n<li>9. p\u00f3\u0142automatyczny lub automatyczny<\/li>\n<li>10. Regulacja wlotu ci\u015bnienia powietrza<\/li>\n<li>regulowana obj\u0119to\u015b\u0107 nape\u0142niania<\/li>\n<\/ol>\n<p>Parametr techniczny:<\/p>\n<p>Zakres wielokrotnego nape\u0142niania: 90 ml-1000 ml<\/p>\n<p>Obowi\u0105zuj\u0105ce ci\u015bnienie: 0,4-0,9 MPA<\/p>\n<p>Szybko\u015b\u0107 nape\u0142niania: 40 butelek na minut\u0119<\/p>\n<p>Masa netto: 25 kg<\/p>\n<p>Zasilanie: 220 V<\/p>\n<p>G\u0142owica nape\u0142niaj\u0105ca: 1<\/p>\n<p>Wymiary maszyny: 1000*350*355mm<\/p>\n<p>Gatunek automatyczny: p\u00f3\u0142automatyczny<\/p>\n<p>Rodzaj nap\u0119du: pneumatyczny i elektryczny<\/p>\n<p>Materia\u0142: stal nierdzewna SS304<\/p>\n<p>Wymiary maszyny: 1000*350*355mm<\/p>\n<p><iframe loading=\"lazy\" src=\"https:\/\/www.youtube.com\/embed\/saMORv2poEk\" width=\"560\" height=\"315\" frameborder=\"0\" allowfullscreen=\"allowfullscreen\"><\/iframe><\/p>","protected":false},"excerpt":{"rendered":"<p>Pneumatyczne urz\u0105dzenie rozlewnicze 90ML \u27a1\ufe0f1000ML maszyna nape\u0142niaj\u0105ca do szamponu, olejku, wody, perfum<\/p>\n<p>p\u00f3\u0142automatyczny nape\u0142niacz butelek<\/p>\n<p>PNEUMATYCZNA NAPE\u0141NIACZ P\u0141YNU DO SZAMPON\u00d3W, OLEJK\u00d3W, \u017bEL\u00d3W WODNYCH PERFUMY<\/p>\n<p>90ML \u27a1\ufe0f1000ML<\/p>\n<p>Mo\u017cna dozowa\u0107 r\u00f3\u017cne rodzaje p\u0142yn\u00f3w, takie jak szampon, olejek, woda, perfumy i \u017cel chemiczny. Mo\u017cna dozowa\u0107 r\u00f3\u017cne ilo\u015bci produktu pocz\u0105wszy od 90 Ml \u27a1\ufe0f1000 Ml<\/p>","protected":false},"featured_media":15,"comment_status":"open","ping_status":"closed","template":"","meta":{"wds_primary_product_brand":0,"wds_primary_product_cat":0},"product_brand":[],"product_cat":[18,19,74,73,321],"product_tag":[],"class_list":{"0":"post-14","1":"product","2":"type-product","3":"status-publish","4":"has-post-thumbnail","6":"product_cat-dosificadoras","7":"product_cat-dosificadoras-de-liquidos","8":"product_cat-llenadoras-de-botellas","9":"product_cat-llenadoras-de-liquidos","10":"product_cat-llenadoras-de-piston","12":"first","13":"instock","14":"taxable","15":"shipping-taxable","16":"purchasable","17":"product-type-simple"},"yoast_head":"<!-- This site is optimized with the Yoast SEO Premium plugin v24.9 (Yoast SEO v26.1) - https:\/\/yoast.com\/wordpress\/plugins\/seo\/ -->\n<title>Llenadora de L\u00edquidos Pist\u00f3n Neum\u00e1tico por Succi\u00f3n Embotelladora, Dosificadora 1000 ml ? - distribuci\u00f3n ARC<\/title>\n<meta name=\"robots\" content=\"index, follow, max-snippet:-1, max-image-preview:large, max-video-preview:-1\" \/>\n<link rel=\"canonical\" href=\"https:\/\/distribucionarc.com\/pl\/produkty\/napelniacz-plynny-tlokowy-pneumatyczny-1000ml-\ud83e\uddf4\/\" \/>\n<meta property=\"og:locale\" content=\"pl_PL\" \/>\n<meta property=\"og:type\" content=\"article\" \/>\n<meta property=\"og:title\" content=\"Llenadora de L\u00edquidos Pist\u00f3n Neum\u00e1tico por Succi\u00f3n Embotelladora, Dosificadora 1000 ml ?\" \/>\n<meta property=\"og:description\" content=\"Dispositivo de embotellado neum\u00e1tico 90ML \u27a1\ufe0f 1000ML m\u00e1quina de rellenar para el champ\u00fa, aceite, agua, perfume  llenadora de botellas semiautom\u00e1tica  MAQUINA DE LLENADO DE LIQUIDO NEUMATICA PARA CHAMPU, ACEITE, PERFUME DE AGUA GEL  90 ML \u27a1\ufe0f 1000 ML  Usted puede dosificar diversas clases de l\u00edquidos como champ\u00fa, aceite, agua, perfume, y gel el producto qu\u00edmico. Puede dosificar diferentes cantidades de producto que van desde los 90 Ml \u27a1\ufe0f1000 Ml\" \/>\n<meta property=\"og:url\" content=\"https:\/\/distribucionarc.com\/pl\/produkty\/napelniacz-plynny-tlokowy-pneumatyczny-1000ml-\ud83e\uddf4\/\" \/>\n<meta property=\"og:site_name\" content=\"distribuci\u00f3n ARC\" \/>\n<meta property=\"article:modified_time\" content=\"2025-05-08T19:40:38+00:00\" \/>\n<meta property=\"og:image\" content=\"https:\/\/distribucionarc.com\/wp-content\/uploads\/2020\/04\/llenadora_de_liquidos_0.jpg\" \/>\n\t<meta property=\"og:image:width\" content=\"1001\" \/>\n\t<meta property=\"og:image:height\" content=\"1001\" \/>\n\t<meta property=\"og:image:type\" content=\"image\/jpeg\" \/>\n<meta name=\"twitter:card\" content=\"summary_large_image\" \/>\n<meta name=\"twitter:label1\" content=\"Szacowany czas czytania\" \/>\n\t<meta name=\"twitter:data1\" content=\"2 minuty\" \/>\n<script type=\"application\/ld+json\" class=\"yoast-schema-graph\">{\"@context\":\"https:\/\/schema.org\",\"@graph\":[{\"@type\":\"WebPage\",\"@id\":\"https:\/\/distribucionarc.com\/sk\/producto\/llenadora-de-liquidos-piston-neumatico-1000ml-%f0%9f%a7%b4\/\",\"url\":\"https:\/\/distribucionarc.com\/sk\/producto\/llenadora-de-liquidos-piston-neumatico-1000ml-%f0%9f%a7%b4\/\",\"name\":\"Llenadora de L\u00edquidos Pist\u00f3n Neum\u00e1tico por Succi\u00f3n Embotelladora, Dosificadora 1000 ml ? - distribuci\u00f3n ARC\",\"isPartOf\":{\"@id\":\"https:\/\/www.distribucionarc.com\/sl\/#website\"},\"primaryImageOfPage\":{\"@id\":\"https:\/\/distribucionarc.com\/sk\/producto\/llenadora-de-liquidos-piston-neumatico-1000ml-%f0%9f%a7%b4\/#primaryimage\"},\"image\":{\"@id\":\"https:\/\/distribucionarc.com\/sk\/producto\/llenadora-de-liquidos-piston-neumatico-1000ml-%f0%9f%a7%b4\/#primaryimage\"},\"thumbnailUrl\":\"https:\/\/distribucionarc.com\/wp-content\/uploads\/2020\/04\/llenadora_de_liquidos_0.jpg\",\"datePublished\":\"2020-04-14T20:21:33+00:00\",\"dateModified\":\"2025-05-08T19:40:38+00:00\",\"breadcrumb\":{\"@id\":\"https:\/\/distribucionarc.com\/sk\/producto\/llenadora-de-liquidos-piston-neumatico-1000ml-%f0%9f%a7%b4\/#breadcrumb\"},\"inLanguage\":\"pl-PL\",\"potentialAction\":[{\"@type\":\"ReadAction\",\"target\":[\"https:\/\/distribucionarc.com\/sk\/producto\/llenadora-de-liquidos-piston-neumatico-1000ml-%f0%9f%a7%b4\/\"]}]},{\"@type\":\"ImageObject\",\"inLanguage\":\"pl-PL\",\"@id\":\"https:\/\/distribucionarc.com\/sk\/producto\/llenadora-de-liquidos-piston-neumatico-1000ml-%f0%9f%a7%b4\/#primaryimage\",\"url\":\"https:\/\/distribucionarc.com\/wp-content\/uploads\/2020\/04\/llenadora_de_liquidos_0.jpg\",\"contentUrl\":\"https:\/\/distribucionarc.com\/wp-content\/uploads\/2020\/04\/llenadora_de_liquidos_0.jpg\",\"width\":1001,\"height\":1001},{\"@type\":\"BreadcrumbList\",\"@id\":\"https:\/\/distribucionarc.com\/sk\/producto\/llenadora-de-liquidos-piston-neumatico-1000ml-%f0%9f%a7%b4\/#breadcrumb\",\"itemListElement\":[{\"@type\":\"ListItem\",\"position\":1,\"name\":\"Portada\",\"item\":\"https:\/\/www.distribucionarc.com\/\"},{\"@type\":\"ListItem\",\"position\":2,\"name\":\"\u00dcr\u00fcnler\",\"item\":\"https:\/\/www.distribucionarc.com\/tr\/magaza\/\"},{\"@type\":\"ListItem\",\"position\":3,\"name\":\"Llenadora de L\u00edquidos Pist\u00f3n Neum\u00e1tico por Succi\u00f3n Embotelladora, Dosificadora 1000 ml ?\"}]},{\"@type\":\"WebSite\",\"@id\":\"https:\/\/www.distribucionarc.com\/sl\/#website\",\"url\":\"https:\/\/www.distribucionarc.com\/sl\/\",\"name\":\"distribuci\u00f3n ARC\",\"description\":\"Empresa especializada en la fabricaci\u00f3n y distribuci\u00f3n de maquinaria industrial, selladoras de latas, Maquinas de hacer pastillas, Maquinas de cortar carne...\",\"publisher\":{\"@id\":\"https:\/\/www.distribucionarc.com\/sl\/#organization\"},\"potentialAction\":[{\"@type\":\"SearchAction\",\"target\":{\"@type\":\"EntryPoint\",\"urlTemplate\":\"https:\/\/www.distribucionarc.com\/sl\/?s={search_term_string}\"},\"query-input\":{\"@type\":\"PropertyValueSpecification\",\"valueRequired\":true,\"valueName\":\"search_term_string\"}}],\"inLanguage\":\"pl-PL\"},{\"@type\":\"Organization\",\"@id\":\"https:\/\/www.distribucionarc.com\/sl\/#organization\",\"name\":\"Distribuci\u00f3n ARC\",\"url\":\"https:\/\/www.distribucionarc.com\/sl\/\",\"logo\":{\"@type\":\"ImageObject\",\"inLanguage\":\"pl-PL\",\"@id\":\"https:\/\/www.distribucionarc.com\/sl\/#\/schema\/logo\/image\/\",\"url\":\"https:\/\/distribucionarc.com\/wp-content\/uploads\/2024\/10\/distribucion-ARC-COLOR-SIN-FONDO-e1732295305345.png\",\"contentUrl\":\"https:\/\/distribucionarc.com\/wp-content\/uploads\/2024\/10\/distribucion-ARC-COLOR-SIN-FONDO-e1732295305345.png\",\"width\":1164,\"height\":558,\"caption\":\"Distribuci\u00f3n ARC\"},\"image\":{\"@id\":\"https:\/\/www.distribucionarc.com\/sl\/#\/schema\/logo\/image\/\"},\"description\":\"Empresa especializada en la fabricaci\u00f3n y distribuci\u00f3n de maquinaria industrial para los sectores alimentario y farmac\u00e9utico. Nos especializamos en: M\u00e1quinas de cortar carne Fabricaci\u00f3n de comprimidos Sistemas de transporte industrial L\u00edneas de embotellado Dosificadores Y mucho m\u00e1s... Ofrecemos soluciones innovadoras y personalizadas para optimizar los procesos productivos de tu empresa.\",\"email\":\"Admistracion@distribucionarc.com\",\"telephone\":\"+34 643496664\",\"legalName\":\"ARC TECH SOLUTIONS\",\"foundingDate\":\"2024-04-09\",\"vatID\":\"B55480172\",\"numberOfEmployees\":{\"@type\":\"QuantitativeValue\",\"minValue\":\"1\",\"maxValue\":\"10\"}}]}<\/script>\n<!-- \/ Yoast SEO Premium plugin. -->","yoast_head_json":{"title":"Pneumatyczny t\u0142ok ss\u0105cy Rozlew cieczy w butelce, dozowanie 1000 ml ? - Dystrybucja ARC","robots":{"index":"index","follow":"follow","max-snippet":"max-snippet:-1","max-image-preview":"max-image-preview:large","max-video-preview":"max-video-preview:-1"},"canonical":"https:\/\/distribucionarc.com\/pl\/produkty\/napelniacz-plynny-tlokowy-pneumatyczny-1000ml-\ud83e\uddf4\/","og_locale":"pl_PL","og_type":"article","og_title":"Llenadora de L\u00edquidos Pist\u00f3n Neum\u00e1tico por Succi\u00f3n Embotelladora, Dosificadora 1000 ml ?","og_description":"Dispositivo de embotellado neum\u00e1tico 90ML \u27a1\ufe0f 1000ML m\u00e1quina de rellenar para el champ\u00fa, aceite, agua, perfume  llenadora de botellas semiautom\u00e1tica  MAQUINA DE LLENADO DE LIQUIDO NEUMATICA PARA CHAMPU, ACEITE, PERFUME DE AGUA GEL  90 ML \u27a1\ufe0f 1000 ML  Usted puede dosificar diversas clases de l\u00edquidos como champ\u00fa, aceite, agua, perfume, y gel el producto qu\u00edmico. Puede dosificar diferentes cantidades de producto que van desde los 90 Ml \u27a1\ufe0f1000 Ml","og_url":"https:\/\/distribucionarc.com\/pl\/produkty\/napelniacz-plynny-tlokowy-pneumatyczny-1000ml-\ud83e\uddf4\/","og_site_name":"distribuci\u00f3n ARC","article_modified_time":"2025-05-08T19:40:38+00:00","og_image":[{"width":1001,"height":1001,"url":"https:\/\/distribucionarc.com\/wp-content\/uploads\/2020\/04\/llenadora_de_liquidos_0.jpg","type":"image\/jpeg"}],"twitter_card":"summary_large_image","twitter_misc":{"Szacowany czas czytania":"2 minuty"},"schema":{"@context":"https:\/\/schema.org","@graph":[{"@type":"WebPage","@id":"https:\/\/distribucionarc.com\/sk\/producto\/llenadora-de-liquidos-piston-neumatico-1000ml-%f0%9f%a7%b4\/","url":"https:\/\/distribucionarc.com\/sk\/producto\/llenadora-de-liquidos-piston-neumatico-1000ml-%f0%9f%a7%b4\/","name":"Pneumatyczny t\u0142ok ss\u0105cy Rozlew cieczy w butelce, dozowanie 1000 ml ? - Dystrybucja ARC","isPartOf":{"@id":"https:\/\/www.distribucionarc.com\/sl\/#website"},"primaryImageOfPage":{"@id":"https:\/\/distribucionarc.com\/sk\/producto\/llenadora-de-liquidos-piston-neumatico-1000ml-%f0%9f%a7%b4\/#primaryimage"},"image":{"@id":"https:\/\/distribucionarc.com\/sk\/producto\/llenadora-de-liquidos-piston-neumatico-1000ml-%f0%9f%a7%b4\/#primaryimage"},"thumbnailUrl":"https:\/\/distribucionarc.com\/wp-content\/uploads\/2020\/04\/llenadora_de_liquidos_0.jpg","datePublished":"2020-04-14T20:21:33+00:00","dateModified":"2025-05-08T19:40:38+00:00","breadcrumb":{"@id":"https:\/\/distribucionarc.com\/sk\/producto\/llenadora-de-liquidos-piston-neumatico-1000ml-%f0%9f%a7%b4\/#breadcrumb"},"inLanguage":"pl-PL","potentialAction":[{"@type":"ReadAction","target":["https:\/\/distribucionarc.com\/sk\/producto\/llenadora-de-liquidos-piston-neumatico-1000ml-%f0%9f%a7%b4\/"]}]},{"@type":"ImageObject","inLanguage":"pl-PL","@id":"https:\/\/distribucionarc.com\/sk\/producto\/llenadora-de-liquidos-piston-neumatico-1000ml-%f0%9f%a7%b4\/#primaryimage","url":"https:\/\/distribucionarc.com\/wp-content\/uploads\/2020\/04\/llenadora_de_liquidos_0.jpg","contentUrl":"https:\/\/distribucionarc.com\/wp-content\/uploads\/2020\/04\/llenadora_de_liquidos_0.jpg","width":1001,"height":1001},{"@type":"BreadcrumbList","@id":"https:\/\/distribucionarc.com\/sk\/producto\/llenadora-de-liquidos-piston-neumatico-1000ml-%f0%9f%a7%b4\/#breadcrumb","itemListElement":[{"@type":"ListItem","position":1,"name":"Portada","item":"https:\/\/www.distribucionarc.com\/"},{"@type":"ListItem","position":2,"name":"\u00dcr\u00fcnler","item":"https:\/\/www.distribucionarc.com\/tr\/magaza\/"},{"@type":"ListItem","position":3,"name":"Llenadora de L\u00edquidos Pist\u00f3n Neum\u00e1tico por Succi\u00f3n Embotelladora, Dosificadora 1000 ml ?"}]},{"@type":"WebSite","@id":"https:\/\/www.distribucionarc.com\/sl\/#website","url":"https:\/\/www.distribucionarc.com\/sl\/","name":"Dystrybucja ARC","description":"Firma specjalizuj\u0105ca si\u0119 w produkcji i dystrybucji maszyn przemys\u0142owych, zgrzewarek do puszek, maszyn do produkcji tabletek, maszyn do ci\u0119cia mi\u0119sa...","publisher":{"@id":"https:\/\/www.distribucionarc.com\/sl\/#organization"},"potentialAction":[{"@type":"SearchAction","target":{"@type":"EntryPoint","urlTemplate":"https:\/\/www.distribucionarc.com\/sl\/?s={search_term_string}"},"query-input":{"@type":"PropertyValueSpecification","valueRequired":true,"valueName":"search_term_string"}}],"inLanguage":"pl-PL"},{"@type":"Organization","@id":"https:\/\/www.distribucionarc.com\/sl\/#organization","name":"Dystrybucja ARC","url":"https:\/\/www.distribucionarc.com\/sl\/","logo":{"@type":"ImageObject","inLanguage":"pl-PL","@id":"https:\/\/www.distribucionarc.com\/sl\/#\/schema\/logo\/image\/","url":"https:\/\/distribucionarc.com\/wp-content\/uploads\/2024\/10\/distribucion-ARC-COLOR-SIN-FONDO-e1732295305345.png","contentUrl":"https:\/\/distribucionarc.com\/wp-content\/uploads\/2024\/10\/distribucion-ARC-COLOR-SIN-FONDO-e1732295305345.png","width":1164,"height":558,"caption":"Distribuci\u00f3n ARC"},"image":{"@id":"https:\/\/www.distribucionarc.com\/sl\/#\/schema\/logo\/image\/"},"description":"Firma specjalizuj\u0105ca si\u0119 w produkcji i dystrybucji maszyn przemys\u0142owych dla sektora spo\u017cywczego i farmaceutycznego. Specjalizujemy si\u0119 w: Maszyny do krojenia mi\u0119sa Produkcja tabletek Przemys\u0142owe systemy transportowe Linie butelkuj\u0105ce Dozowniki I wiele wi\u0119cej.... Oferujemy innowacyjne i niestandardowe rozwi\u0105zania w celu optymalizacji proces\u00f3w produkcyjnych w Twojej firmie.","email":"Admistracion@distribucionarc.com","telephone":"+34 643496664","legalName":"ARC TECH SOLUTIONS","foundingDate":"2024-04-09","vatID":"B55480172","numberOfEmployees":{"@type":"QuantitativeValue","minValue":"1","maxValue":"10"}}]}},"_links":{"self":[{"href":"https:\/\/distribucionarc.com\/pl\/wp-json\/wp\/v2\/product\/14","targetHints":{"allow":["GET"]}}],"collection":[{"href":"https:\/\/distribucionarc.com\/pl\/wp-json\/wp\/v2\/product"}],"about":[{"href":"https:\/\/distribucionarc.com\/pl\/wp-json\/wp\/v2\/types\/product"}],"replies":[{"embeddable":true,"href":"https:\/\/distribucionarc.com\/pl\/wp-json\/wp\/v2\/comments?post=14"}],"version-history":[{"count":1,"href":"https:\/\/distribucionarc.com\/pl\/wp-json\/wp\/v2\/product\/14\/revisions"}],"predecessor-version":[{"id":17461,"href":"https:\/\/distribucionarc.com\/pl\/wp-json\/wp\/v2\/product\/14\/revisions\/17461"}],"wp:featuredmedia":[{"embeddable":true,"href":"https:\/\/distribucionarc.com\/pl\/wp-json\/wp\/v2\/media\/15"}],"wp:attachment":[{"href":"https:\/\/distribucionarc.com\/pl\/wp-json\/wp\/v2\/media?parent=14"}],"wp:term":[{"taxonomy":"product_brand","embeddable":true,"href":"https:\/\/distribucionarc.com\/pl\/wp-json\/wp\/v2\/product_brand?post=14"},{"taxonomy":"product_cat","embeddable":true,"href":"https:\/\/distribucionarc.com\/pl\/wp-json\/wp\/v2\/product_cat?post=14"},{"taxonomy":"product_tag","embeddable":true,"href":"https:\/\/distribucionarc.com\/pl\/wp-json\/wp\/v2\/product_tag?post=14"}],"curies":[{"name":"wp","href":"https:\/\/api.w.org\/{rel}","templated":true}]}}