{"id":1443,"date":"2020-07-24T14:44:52","date_gmt":"2020-07-24T14:44:52","guid":{"rendered":"https:\/\/distribucionarc.com\/?post_type=product&#038;p=1443"},"modified":"2020-10-09T11:14:42","modified_gmt":"2020-10-09T11:14:42","slug":"profesjonalna-mleko-mleko-warzywne","status":"publish","type":"product","link":"https:\/\/distribucionarc.com\/pl\/producto\/maquina-profesional-para-leche-vegetal\/","title":{"rendered":"Profesjonalna maszyna do mleka ro\u015blinnego"},"content":{"rendered":"<h2>Profesjonalna maszyna do mleka ro\u015blinnego<\/h2>\n<p>Dzi\u0119ki temu b\u0119dziesz w stanie wyprodukowa\u0107 wy\u015bmienite i delikatne mleko sojowe <strong>automat do mleka ro\u015blinnego<\/strong> Nadaje si\u0119 do wszelkiego rodzaju fasoli, orzeszk\u00f3w ziemnych itp.<\/p>\n<p>Cia\u0142o <strong>maszyna do mleka sojowego<span style=\"color: #ff0000;\"> DO<\/span><span style=\"color: #0000ff;\">R<\/span>C<\/strong> Wykonany jest z pogrubionej stali nierdzewnej i stopu aluminium o wysokiej jako\u015bci spo\u017cywczej. Ca\u0142kowicie miedziany silnik zapewniaj\u0105cy du\u017c\u0105 pr\u0119dko\u015b\u0107, 2800 obr.\/min, nie b\u0119dzie si\u0119 \u0142atwo przegrzewa\u0142, co jest najlepszym wyborem, aby uzyska\u0107 maksymaln\u0105 wydajno\u015b\u0107. Tradycyjna metoda fizycznej rafinacji nie niszczy \u015bcian kom\u00f3rkowych ziaren, skutecznie utrzymuje warto\u015bci od\u017cywcze i ekstrahuje bia\u0142ko.<\/p>\n<p>Pogrubiona podstawa <strong>maszyna do mleka ro\u015blinnego<\/strong> z <strong><span style=\"color: #ff0000;\">DO<\/span><span style=\"color: #0000ff;\">R<\/span>C<\/strong> Jest antykorozyjny, co zapewnia trwa\u0142o\u015b\u0107. Jest przymocowany za pomoc\u0105 du\u017cych gumowych n\u00f3\u017cek, aby zapewni\u0107 wi\u0119ksz\u0105 stabilno\u015b\u0107 podczas procesu. Solidne klamry umieszczone po obu stronach \u0142atwo i pewnie mocuj\u0105 si\u0119 do ekspresu do mleka bez nabia\u0142u i zapobiegaj\u0105 przypadkowemu rozlaniu.<\/p>\n<p>Zaawansowana konstrukcja <strong>maszyna do soi <span style=\"color: #ff0000;\">DO<\/span><span style=\"color: #0000ff;\">R<\/span>CMLV1<\/strong> Ulepszone szlifowanie, podw\u00f3jne bia\u0142e ko\u0142a piaskowe. Filtrowane \u017celazem i g\u0119st\u0105 siatk\u0105. Odpady i pyszne mleko sojowe rozdzielane s\u0105 na dwa wyloty, bez konieczno\u015bci dodatkowej pracy.<\/p>\n<p>Wyprodukuj do <span style=\"color: #0000ff;\"><strong>35 kg soi na godzin\u0119<\/strong><\/span> przy minimalnym wysi\u0142ku, a tak\u017ce dzi\u0119ki wykorzystaniu wydajnego silnika o niskim zu\u017cyciu energii.<\/p>\n<h6><strong>Gwarancja\u00a0<span style=\"color: #ff0000;\">DO<\/span><span style=\"color: #0000ff;\">R<\/span>C 2 LATA<\/strong><\/h6>\n<h6><span style=\"color: #008000;\">Automat do wydajnego mleka ro\u015blinnego, niskie zu\u017cycie 1000 w<\/span><\/h6>\n<h6><strong>wsparcie techniczne w cenie<\/strong><\/h6>\n<p>&nbsp;<\/p>\n<p>&nbsp;<\/p>\n<table role=\"presentation\" width=\"100%\" cellspacing=\"0\" cellpadding=\"0\">\n<tbody>\n<tr>\n<td class=\"attrLabels\">Kolor:<\/td>\n<td width=\"50.0%\">Srebrny<\/td>\n<\/tr>\n<tr>\n<td class=\"attrLabels\">Kraj dystrybucji:<\/td>\n<td width=\"50.0%\">Hiszpania, Niemcy, USA<\/td>\n<td class=\"attrLabels\">Waga:<\/td>\n<td width=\"50.0%\">35 kg<\/td>\n<\/tr>\n<tr>\n<td class=\"attrLabels\">Marka:<\/td>\n<td width=\"50.0%\">\u0141UK<\/td>\n<td class=\"attrLabels\">Wysoko\u015b\u0107:<\/td>\n<td width=\"50.0%\">70cm<\/td>\n<\/tr>\n<tr>\n<td class=\"attrLabels\">Gwarancja:<\/td>\n<td width=\"50.0%\">2 LATA<\/td>\n<td class=\"attrLabels\">D\u0142ugi:<\/td>\n<td width=\"50.0%\">34cm<\/td>\n<\/tr>\n<tr>\n<td class=\"attrLabels\">Rodzaj produktu:<\/td>\n<td width=\"50.0%\">maszyna do mleka sojowego<\/td>\n<td class=\"attrLabels\">Szeroki:<\/td>\n<td width=\"50.0%\">34cm<\/td>\n<\/tr>\n<tr>\n<td class=\"attrLabels\">Numer producenta:<\/td>\n<td width=\"50.0%\">ARCMLV1<\/td>\n<td class=\"attrLabels\">Moc:<\/td>\n<td width=\"50.0%\">1000 W<\/td>\n<\/tr>\n<tr>\n<td class=\"attrLabels\">Tworzywo:<\/td>\n<td width=\"50.0%\">silnik miedziany o du\u017cej mocy ze stali nierdzewnej,<\/td>\n<td class=\"attrLabels\">napi\u0119cie wej\u015bciowe<\/td>\n<td width=\"50.0%\">220 V \u2013 50 Hz 110 V \u2013 60 Hz<\/td>\n<\/tr>\n<tr>\n<td class=\"attrLabels\">Rodzaje przetwarzania:<\/td>\n<td width=\"50.0%\">zimne, gor\u0105ce, ze sma\u017ceniem lub bez<\/td>\n<td class=\"attrLabels\">Pr\u0119dko\u015b\u0107 silnika:<\/td>\n<td width=\"50.0%\">\u00a02800 obr.\/min<\/td>\n<\/tr>\n<tr>\n<td class=\"attrLabels\">Narz\u0119dzia instalacyjne:<\/td>\n<td width=\"50.0%\">Tak<\/td>\n<td class=\"attrLabels\">Umiej\u0119tno\u015b\u0107:<\/td>\n<td width=\"50.0%\">35 kg na godzin\u0119<\/td>\n<\/tr>\n<\/tbody>\n<\/table>\n<p>&nbsp;<\/p>","protected":false},"excerpt":{"rendered":"<h3>Profesjonalna maszyna do mleka ro\u015blinnego<\/h3>\n<p>\u015awie\u017ce, zdrowe i smaczne mleko! Z <strong>elektryczny m\u0142yn rafineryjny<\/strong> z<strong>\u00a0<\/strong><span style=\"color: #ff0000;\"><strong>DO<\/strong><\/span><span style=\"color: #0000ff;\"><strong><span style=\"font-style: inherit; font-weight: inherit;\">R<\/span><\/strong><\/span><strong>C<\/strong>\u00a0Mo\u017cesz wzbogaci\u0107 swoj\u0105 kuchni\u0119 o najlepsze specjalne napoje ro\u015blinne na bazie orzech\u00f3w, zb\u00f3\u017c lub nasion bez dodatk\u00f3w.<\/p>\n<p>The <strong>automatyczna maszyna do mleka sojowego <span style=\"color: #ff0000;\">DO<\/span><span style=\"color: #0000ff;\">R<\/span>C<\/strong> Przyjmuje stare metody, ale przy mniejszym ha\u0142asie i wi\u0119kszej produkcji, co z kolei skutecznie utrzymuje od\u017cywianie i ekstrahuje wszystkie bia\u0142ka. Mleko i odpady s\u0105 oddzielane. Nadaje si\u0119 do r\u00f3\u017cnych materia\u0142\u00f3w, w tym soi, czarnej fasoli, orzeszk\u00f3w ziemnych, czarnego sezamu, orzecha w\u0142oskiego, migda\u0142\u00f3w, kolcowoju itp. The <strong>maszyna do mleka sojowego <span style=\"color: #ff0000;\">DO<\/span><span style=\"color: #0000ff;\">R<\/span>CMLV1\u00a0 <\/strong>Posiada solidn\u0105 obudow\u0119 ze stali nierdzewnej najwy\u017cszej klasy spo\u017cywczej.<\/p>\n<div class=\"summary entry-summary\">\n<div class=\"woocommerce-product-details__short-description\"><\/div>\n<\/div>\n<div class=\"woocommerce-tabs wc-tabs-wrapper\">\n<h6><strong>Gwarancja\u00a0<span style=\"color: #ff0000;\">DO<\/span><span style=\"color: #0000ff;\">R<\/span>C 2 LATA<\/strong><\/h6>\n<h6><span style=\"color: #008000;\">Automat do wydajnego mleka ro\u015blinnego, niskie zu\u017cycie 1000 w<\/span><\/h6>\n<h6><strong>wsparcie techniczne w cenie<\/strong><\/h6>\n<\/div>","protected":false},"featured_media":1450,"comment_status":"open","ping_status":"closed","template":"","meta":{"wds_primary_product_brand":0,"wds_primary_product_cat":0},"product_brand":[],"product_cat":[55],"product_tag":[],"class_list":{"0":"post-1443","1":"product","2":"type-product","3":"status-publish","4":"has-post-thumbnail","6":"product_cat-extractor-prensa-de-aceites","7":"product_shipping_class-hosteleria","9":"first","10":"instock","11":"sale","12":"taxable","13":"shipping-taxable","14":"purchasable","15":"product-type-simple"},"yoast_head":"<!-- This site is optimized with the Yoast SEO Premium plugin v24.9 (Yoast SEO v26.1) - https:\/\/yoast.com\/wordpress\/plugins\/seo\/ -->\n<title>Maquina profesional para leche vegetal - distribuci\u00f3n ARC<\/title>\n<meta name=\"robots\" content=\"index, follow, max-snippet:-1, max-image-preview:large, max-video-preview:-1\" \/>\n<link rel=\"canonical\" href=\"https:\/\/distribucionarc.com\/pl\/produkty\/profesjonalna-mleko-mleko-warzywne\/\" \/>\n<meta property=\"og:locale\" content=\"pl_PL\" \/>\n<meta property=\"og:type\" content=\"article\" \/>\n<meta property=\"og:title\" content=\"Maquina profesional para leche vegetal\" \/>\n<meta property=\"og:description\" content=\"Maquina profesional para leche vegetal \u00a1Leche fresca, sana y sabrosa! Con el molino refinador el\u00e9ctrico de\u00a0ARC\u00a0puedes enriquecer tu cocina con las mejores bebidas vegetales especiales de frutos secos, granos o semillas sin aditivos.  La m\u00e1quina autom\u00e1tica de leche de soja ARC adopta m\u00e9todos antiguos, pero de menor ruido y mayor producci\u00f3n que a su vez mantienen eficazmente la nutrici\u00f3n y extrae todas las prote\u00ednas. La leche y los residuos est\u00e1n separados. Adecuado para diversos materiales incluyendo soja, frijol negro, cacahuete, s\u00e9samo negro, nuez, almendra, baya de lobo, etc. La m\u00e1quina para leche de soja ARCMLV1\u00a0 tiene un cuerpo robusto de acero inoxidable de la mejor calidad alimentaria.     Garant\u00eda\u00a0ARC 2 A\u00d1OS Maquina automatica para leche vegetal eficiente, bajo consumo 1000 w soporte t\u00e9cnico\u00a0incluido\" \/>\n<meta property=\"og:url\" content=\"https:\/\/distribucionarc.com\/pl\/produkty\/profesjonalna-mleko-mleko-warzywne\/\" \/>\n<meta property=\"og:site_name\" content=\"distribuci\u00f3n ARC\" \/>\n<meta property=\"article:modified_time\" content=\"2020-10-09T11:14:42+00:00\" \/>\n<meta property=\"og:image\" content=\"https:\/\/distribucionarc.com\/wp-content\/uploads\/2020\/07\/M\u00e1quina-profesional-para-leche-vegetal-0.jpg\" \/>\n\t<meta property=\"og:image:width\" content=\"1600\" \/>\n\t<meta property=\"og:image:height\" content=\"1600\" \/>\n\t<meta property=\"og:image:type\" content=\"image\/jpeg\" \/>\n<meta name=\"twitter:card\" content=\"summary_large_image\" \/>\n<meta name=\"twitter:label1\" content=\"Szacowany czas czytania\" \/>\n\t<meta name=\"twitter:data1\" content=\"2 minuty\" \/>\n<script type=\"application\/ld+json\" class=\"yoast-schema-graph\">{\"@context\":\"https:\/\/schema.org\",\"@graph\":[{\"@type\":\"WebPage\",\"@id\":\"https:\/\/distribucionarc.com\/en\/producto\/maquina-profesional-para-leche-vegetal\/\",\"url\":\"https:\/\/distribucionarc.com\/en\/producto\/maquina-profesional-para-leche-vegetal\/\",\"name\":\"Maquina profesional para leche vegetal - distribuci\u00f3n ARC\",\"isPartOf\":{\"@id\":\"https:\/\/www.distribucionarc.com\/de\/#website\"},\"primaryImageOfPage\":{\"@id\":\"https:\/\/distribucionarc.com\/en\/producto\/maquina-profesional-para-leche-vegetal\/#primaryimage\"},\"image\":{\"@id\":\"https:\/\/distribucionarc.com\/en\/producto\/maquina-profesional-para-leche-vegetal\/#primaryimage\"},\"thumbnailUrl\":\"https:\/\/distribucionarc.com\/wp-content\/uploads\/2020\/07\/M\u00e1quina-profesional-para-leche-vegetal-0.jpg\",\"datePublished\":\"2020-07-24T14:44:52+00:00\",\"dateModified\":\"2020-10-09T11:14:42+00:00\",\"breadcrumb\":{\"@id\":\"https:\/\/distribucionarc.com\/en\/producto\/maquina-profesional-para-leche-vegetal\/#breadcrumb\"},\"inLanguage\":\"pl-PL\",\"potentialAction\":[{\"@type\":\"ReadAction\",\"target\":[\"https:\/\/distribucionarc.com\/en\/producto\/maquina-profesional-para-leche-vegetal\/\"]}]},{\"@type\":\"ImageObject\",\"inLanguage\":\"pl-PL\",\"@id\":\"https:\/\/distribucionarc.com\/en\/producto\/maquina-profesional-para-leche-vegetal\/#primaryimage\",\"url\":\"https:\/\/distribucionarc.com\/wp-content\/uploads\/2020\/07\/M\u00e1quina-profesional-para-leche-vegetal-0.jpg\",\"contentUrl\":\"https:\/\/distribucionarc.com\/wp-content\/uploads\/2020\/07\/M\u00e1quina-profesional-para-leche-vegetal-0.jpg\",\"width\":1600,\"height\":1600,\"caption\":\"M\u00e1quina profesional para leche vegetal\"},{\"@type\":\"BreadcrumbList\",\"@id\":\"https:\/\/distribucionarc.com\/en\/producto\/maquina-profesional-para-leche-vegetal\/#breadcrumb\",\"itemListElement\":[{\"@type\":\"ListItem\",\"position\":1,\"name\":\"Portada\",\"item\":\"https:\/\/www.distribucionarc.com\/en\/\"},{\"@type\":\"ListItem\",\"position\":2,\"name\":\"Products\",\"item\":\"https:\/\/www.distribucionarc.com\/en\/shop\/\"},{\"@type\":\"ListItem\",\"position\":3,\"name\":\"Maquina profesional para leche vegetal\"}]},{\"@type\":\"WebSite\",\"@id\":\"https:\/\/www.distribucionarc.com\/de\/#website\",\"url\":\"https:\/\/www.distribucionarc.com\/de\/\",\"name\":\"distribuci\u00f3n ARC\",\"description\":\"Empresa especializada en la fabricaci\u00f3n y distribuci\u00f3n de maquinaria industrial, selladoras de latas, Maquinas de hacer pastillas, Maquinas de cortar carne...\",\"publisher\":{\"@id\":\"https:\/\/www.distribucionarc.com\/de\/#organization\"},\"potentialAction\":[{\"@type\":\"SearchAction\",\"target\":{\"@type\":\"EntryPoint\",\"urlTemplate\":\"https:\/\/www.distribucionarc.com\/de\/?s={search_term_string}\"},\"query-input\":{\"@type\":\"PropertyValueSpecification\",\"valueRequired\":true,\"valueName\":\"search_term_string\"}}],\"inLanguage\":\"pl-PL\"},{\"@type\":\"Organization\",\"@id\":\"https:\/\/www.distribucionarc.com\/de\/#organization\",\"name\":\"Distribuci\u00f3n ARC\",\"url\":\"https:\/\/www.distribucionarc.com\/de\/\",\"logo\":{\"@type\":\"ImageObject\",\"inLanguage\":\"pl-PL\",\"@id\":\"https:\/\/www.distribucionarc.com\/de\/#\/schema\/logo\/image\/\",\"url\":\"https:\/\/distribucionarc.com\/wp-content\/uploads\/2024\/10\/distribucion-ARC-COLOR-SIN-FONDO-e1732295305345.png\",\"contentUrl\":\"https:\/\/distribucionarc.com\/wp-content\/uploads\/2024\/10\/distribucion-ARC-COLOR-SIN-FONDO-e1732295305345.png\",\"width\":1164,\"height\":558,\"caption\":\"Distribuci\u00f3n ARC\"},\"image\":{\"@id\":\"https:\/\/www.distribucionarc.com\/de\/#\/schema\/logo\/image\/\"},\"description\":\"Empresa especializada en la fabricaci\u00f3n y distribuci\u00f3n de maquinaria industrial para los sectores alimentario y farmac\u00e9utico. Nos especializamos en: M\u00e1quinas de cortar carne Fabricaci\u00f3n de comprimidos Sistemas de transporte industrial L\u00edneas de embotellado Dosificadores Y mucho m\u00e1s... Ofrecemos soluciones innovadoras y personalizadas para optimizar los procesos productivos de tu empresa.\",\"email\":\"Admistracion@distribucionarc.com\",\"telephone\":\"+34 643496664\",\"legalName\":\"ARC TECH SOLUTIONS\",\"foundingDate\":\"2024-04-09\",\"vatID\":\"B55480172\",\"numberOfEmployees\":{\"@type\":\"QuantitativeValue\",\"minValue\":\"1\",\"maxValue\":\"10\"}}]}<\/script>\n<!-- \/ Yoast SEO Premium plugin. -->","yoast_head_json":{"title":"Profesjonalna maszyna do mleka ro\u015blinnego - dystrybucja ARC","robots":{"index":"index","follow":"follow","max-snippet":"max-snippet:-1","max-image-preview":"max-image-preview:large","max-video-preview":"max-video-preview:-1"},"canonical":"https:\/\/distribucionarc.com\/pl\/produkty\/profesjonalna-mleko-mleko-warzywne\/","og_locale":"pl_PL","og_type":"article","og_title":"Maquina profesional para leche vegetal","og_description":"Maquina profesional para leche vegetal \u00a1Leche fresca, sana y sabrosa! Con el molino refinador el\u00e9ctrico de\u00a0ARC\u00a0puedes enriquecer tu cocina con las mejores bebidas vegetales especiales de frutos secos, granos o semillas sin aditivos.  La m\u00e1quina autom\u00e1tica de leche de soja ARC adopta m\u00e9todos antiguos, pero de menor ruido y mayor producci\u00f3n que a su vez mantienen eficazmente la nutrici\u00f3n y extrae todas las prote\u00ednas. La leche y los residuos est\u00e1n separados. Adecuado para diversos materiales incluyendo soja, frijol negro, cacahuete, s\u00e9samo negro, nuez, almendra, baya de lobo, etc. La m\u00e1quina para leche de soja ARCMLV1\u00a0 tiene un cuerpo robusto de acero inoxidable de la mejor calidad alimentaria.     Garant\u00eda\u00a0ARC 2 A\u00d1OS Maquina automatica para leche vegetal eficiente, bajo consumo 1000 w soporte t\u00e9cnico\u00a0incluido","og_url":"https:\/\/distribucionarc.com\/pl\/produkty\/profesjonalna-mleko-mleko-warzywne\/","og_site_name":"distribuci\u00f3n ARC","article_modified_time":"2020-10-09T11:14:42+00:00","og_image":[{"width":1600,"height":1600,"url":"https:\/\/distribucionarc.com\/wp-content\/uploads\/2020\/07\/M\u00e1quina-profesional-para-leche-vegetal-0.jpg","type":"image\/jpeg"}],"twitter_card":"summary_large_image","twitter_misc":{"Szacowany czas czytania":"2 minuty"},"schema":{"@context":"https:\/\/schema.org","@graph":[{"@type":"WebPage","@id":"https:\/\/distribucionarc.com\/en\/producto\/maquina-profesional-para-leche-vegetal\/","url":"https:\/\/distribucionarc.com\/en\/producto\/maquina-profesional-para-leche-vegetal\/","name":"Profesjonalna maszyna do mleka ro\u015blinnego - dystrybucja ARC","isPartOf":{"@id":"https:\/\/www.distribucionarc.com\/de\/#website"},"primaryImageOfPage":{"@id":"https:\/\/distribucionarc.com\/en\/producto\/maquina-profesional-para-leche-vegetal\/#primaryimage"},"image":{"@id":"https:\/\/distribucionarc.com\/en\/producto\/maquina-profesional-para-leche-vegetal\/#primaryimage"},"thumbnailUrl":"https:\/\/distribucionarc.com\/wp-content\/uploads\/2020\/07\/M\u00e1quina-profesional-para-leche-vegetal-0.jpg","datePublished":"2020-07-24T14:44:52+00:00","dateModified":"2020-10-09T11:14:42+00:00","breadcrumb":{"@id":"https:\/\/distribucionarc.com\/en\/producto\/maquina-profesional-para-leche-vegetal\/#breadcrumb"},"inLanguage":"pl-PL","potentialAction":[{"@type":"ReadAction","target":["https:\/\/distribucionarc.com\/en\/producto\/maquina-profesional-para-leche-vegetal\/"]}]},{"@type":"ImageObject","inLanguage":"pl-PL","@id":"https:\/\/distribucionarc.com\/en\/producto\/maquina-profesional-para-leche-vegetal\/#primaryimage","url":"https:\/\/distribucionarc.com\/wp-content\/uploads\/2020\/07\/M\u00e1quina-profesional-para-leche-vegetal-0.jpg","contentUrl":"https:\/\/distribucionarc.com\/wp-content\/uploads\/2020\/07\/M\u00e1quina-profesional-para-leche-vegetal-0.jpg","width":1600,"height":1600,"caption":"M\u00e1quina profesional para leche vegetal"},{"@type":"BreadcrumbList","@id":"https:\/\/distribucionarc.com\/en\/producto\/maquina-profesional-para-leche-vegetal\/#breadcrumb","itemListElement":[{"@type":"ListItem","position":1,"name":"Portada","item":"https:\/\/www.distribucionarc.com\/en\/"},{"@type":"ListItem","position":2,"name":"Products","item":"https:\/\/www.distribucionarc.com\/en\/shop\/"},{"@type":"ListItem","position":3,"name":"Maquina profesional para leche vegetal"}]},{"@type":"WebSite","@id":"https:\/\/www.distribucionarc.com\/de\/#website","url":"https:\/\/www.distribucionarc.com\/de\/","name":"Dystrybucja ARC","description":"Firma specjalizuj\u0105ca si\u0119 w produkcji i dystrybucji maszyn przemys\u0142owych, zgrzewarek do puszek, maszyn do produkcji tabletek, maszyn do ci\u0119cia mi\u0119sa...","publisher":{"@id":"https:\/\/www.distribucionarc.com\/de\/#organization"},"potentialAction":[{"@type":"SearchAction","target":{"@type":"EntryPoint","urlTemplate":"https:\/\/www.distribucionarc.com\/de\/?s={search_term_string}"},"query-input":{"@type":"PropertyValueSpecification","valueRequired":true,"valueName":"search_term_string"}}],"inLanguage":"pl-PL"},{"@type":"Organization","@id":"https:\/\/www.distribucionarc.com\/de\/#organization","name":"Dystrybucja ARC","url":"https:\/\/www.distribucionarc.com\/de\/","logo":{"@type":"ImageObject","inLanguage":"pl-PL","@id":"https:\/\/www.distribucionarc.com\/de\/#\/schema\/logo\/image\/","url":"https:\/\/distribucionarc.com\/wp-content\/uploads\/2024\/10\/distribucion-ARC-COLOR-SIN-FONDO-e1732295305345.png","contentUrl":"https:\/\/distribucionarc.com\/wp-content\/uploads\/2024\/10\/distribucion-ARC-COLOR-SIN-FONDO-e1732295305345.png","width":1164,"height":558,"caption":"Distribuci\u00f3n ARC"},"image":{"@id":"https:\/\/www.distribucionarc.com\/de\/#\/schema\/logo\/image\/"},"description":"Firma specjalizuj\u0105ca si\u0119 w produkcji i dystrybucji maszyn przemys\u0142owych dla sektora spo\u017cywczego i farmaceutycznego. Specjalizujemy si\u0119 w: Maszyny do krojenia mi\u0119sa Produkcja tabletek Przemys\u0142owe systemy transportowe Linie butelkuj\u0105ce Dozowniki I wiele wi\u0119cej.... Oferujemy innowacyjne i niestandardowe rozwi\u0105zania w celu optymalizacji proces\u00f3w produkcyjnych w Twojej firmie.","email":"Admistracion@distribucionarc.com","telephone":"+34 643496664","legalName":"ARC TECH SOLUTIONS","foundingDate":"2024-04-09","vatID":"B55480172","numberOfEmployees":{"@type":"QuantitativeValue","minValue":"1","maxValue":"10"}}]}},"_links":{"self":[{"href":"https:\/\/distribucionarc.com\/pl\/wp-json\/wp\/v2\/product\/1443","targetHints":{"allow":["GET"]}}],"collection":[{"href":"https:\/\/distribucionarc.com\/pl\/wp-json\/wp\/v2\/product"}],"about":[{"href":"https:\/\/distribucionarc.com\/pl\/wp-json\/wp\/v2\/types\/product"}],"replies":[{"embeddable":true,"href":"https:\/\/distribucionarc.com\/pl\/wp-json\/wp\/v2\/comments?post=1443"}],"version-history":[{"count":0,"href":"https:\/\/distribucionarc.com\/pl\/wp-json\/wp\/v2\/product\/1443\/revisions"}],"wp:featuredmedia":[{"embeddable":true,"href":"https:\/\/distribucionarc.com\/pl\/wp-json\/wp\/v2\/media\/1450"}],"wp:attachment":[{"href":"https:\/\/distribucionarc.com\/pl\/wp-json\/wp\/v2\/media?parent=1443"}],"wp:term":[{"taxonomy":"product_brand","embeddable":true,"href":"https:\/\/distribucionarc.com\/pl\/wp-json\/wp\/v2\/product_brand?post=1443"},{"taxonomy":"product_cat","embeddable":true,"href":"https:\/\/distribucionarc.com\/pl\/wp-json\/wp\/v2\/product_cat?post=1443"},{"taxonomy":"product_tag","embeddable":true,"href":"https:\/\/distribucionarc.com\/pl\/wp-json\/wp\/v2\/product_tag?post=1443"}],"curies":[{"name":"wp","href":"https:\/\/api.w.org\/{rel}","templated":true}]}}