{"id":1456,"date":"2020-07-24T18:54:07","date_gmt":"2020-07-24T18:54:07","guid":{"rendered":"https:\/\/distribucionarc.com\/?post_type=product&#038;p=1456"},"modified":"2020-09-29T18:47:32","modified_gmt":"2020-09-29T18:47:32","slug":"kostkarka-do-lodu-150-kg","status":"publish","type":"product","link":"https:\/\/distribucionarc.com\/pl\/producto\/maquina-para-cubitos-de-hielo-150-kg\/","title":{"rendered":"Maszyna do kostek lodu 150 kg"},"content":{"rendered":"<h3>Maszyna do lodu na kostki lodu 150 kg<\/h3>\n<p>The\u00a0<strong>maszyna do lodu<\/strong>\u00a0jest wyposa\u017cony w<strong>\u00a0automatyczny system ochrony<\/strong>\u00a0kt\u00f3ry mo\u017ce automatycznie zatrzyma\u0107 si\u0119, gdy l\u00f3d jest pe\u0142ny lub brakuje wody, skutecznie unikaj\u0105c wypadk\u00f3w.<\/p>\n<p>Przyjmuje importowan\u0105 spr\u0119\u017cark\u0119 SECOP, kt\u00f3ra ma mocne j\u0105dro i mo\u017ce pracowa\u0107 cicho.\u00a0<span style=\"color: #008000;\"><strong>Zapewni oszcz\u0119dno\u015b\u0107 energii i przyczyni si\u0119 do bycia przyjaznym dla \u015brodowiska.<\/strong><\/span>, mo\u017ce zmaksymalizowa\u0107 wydajno\u015b\u0107 produkcji lodu.<\/p>\n<p>The<strong>\u00a0maszyna do lodu<\/strong>\u00a0z<span style=\"color: #ff0000;\">\u00a0<\/span><strong><span style=\"color: #ff0000;\">DO<\/span><span style=\"color: #0000ff;\">R<\/span>C<\/strong> Jest on otoczony dwuwarstwow\u0105 izolacj\u0105 piankow\u0105, kt\u00f3ra skutecznie zapobiega topnieniu kostek lodu przez 3-5 godzin po zaniku zasilania. Konstrukcja pozwala na bezpo\u015bredni podgl\u0105d wn\u0119trza bez konieczno\u015bci zdejmowania pokrywy. W zestawie znajduje si\u0119 125-elementowa (12 x 13) wielorastrowa misa na l\u00f3d.<strong> maszyna do kostek <span style=\"color: #ff0000;\">DO<\/span><span style=\"color: #0000ff;\">R<\/span>150-centymetrowy<\/strong> jest w stanie wyprodukowa\u0107 oko\u0142o (150-160 kg) wykwintnego <strong>krystalicznie czyste kostki lodu<\/strong> co 24 godziny. Grubo\u015b\u0107 kostek lodu mo\u017cna dowolnie regulowa\u0107 w zale\u017cno\u015bci od potrzeb, dzi\u0119ki funkcji mocnego ch\u0142odzenia i drugiej pr\u0119dko\u015bci startu (pierwsze przygotowanie lodu zajmuje oko\u0142o 20 minut, a nast\u0119pnie 10-15 minut na ka\u017cd\u0105 kolejn\u0105 warstw\u0119 lodu).<\/p>\n<p>Ten <strong>maszyna do lodu\u00a0<span style=\"color: #ff0000;\">DO<\/span><span style=\"color: #0000ff;\">R<\/span>C<\/strong>\u00a0 Wyposa\u017cony jest w inteligentny dotykowy panel LCD, kt\u00f3ry umo\u017cliwia precyzyjn\u0105 kontrol\u0119 temperatury i ustawienie czasu. Dzi\u0119ki funkcji tworzenia kopii zapasowej kostkarka mo\u017ce zosta\u0107 wy\u0142\u0105czona na noc i ponownie uruchomiona rano<\/p>\n<p>The\u00a0<strong>maszyna do kostek lodu<\/strong>\u00a0M\u00f3c\u00a0<span style=\"color: #00ccff;\"><strong>automatycznie czyste<\/strong><\/span>\u00a0w oko\u0142o 30 minut za pomoc\u0105 jednego przycisku, oszcz\u0119dzaj\u0105c czas i wysi\u0142ek. Skorzystaj z\u00a0<span style=\"color: #800080;\"><strong>Niebieskie \u015bwiat\u0142o NANO-UV<\/strong><\/span>, To<span style=\"color: #00ccff;\"><span style=\"color: #000000;\">\u00a0<\/span><strong><span style=\"color: #000000;\">przyczynia si\u0119 do o\u015bwietlenia wn\u0119trza i<\/span>\u00a0<span style=\"color: #000000;\">Jest<\/span> skuteczny w sterylizacji<\/strong><\/span>.<\/p>\n<h6><\/h6>\n<h6><strong>Gwarancja\u00a0<span style=\"color: #ff0000;\">DO<\/span><span style=\"color: #0000ff;\">R<\/span>C 2 LATA<\/strong><\/h6>\n<h6><span style=\"color: #008000;\"><strong>Wydajna kostkarka do lodu, niskie zu\u017cycie 750 W<\/strong><\/span><\/h6>\n<h6><strong>wsparcie techniczne w cenie<\/strong><\/h6>\n<p>&nbsp;<\/p>\n<table role=\"presentation\" width=\"100%\" cellspacing=\"0\" cellpadding=\"0\">\n<tbody>\n<tr>\n<td class=\"attrLabels\">Moc:<\/td>\n<td width=\"50.0%\">750 W<\/td>\n<\/tr>\n<tr>\n<td class=\"attrLabels\">Wolta\u017c:<\/td>\n<td width=\"50.0%\">220 V \u2013 240 V, 50 Hz<\/td>\n<td class=\"attrLabels\">Waga:<\/td>\n<td width=\"50.0%\">64 kilogramy<\/td>\n<\/tr>\n<tr>\n<td class=\"attrLabels\">Kraj dystrybucji:<\/td>\n<td width=\"50.0%\">Hiszpania, Niemcy, USA<\/td>\n<td class=\"attrLabels\">Wysoko\u015b\u0107:<\/td>\n<td width=\"50.0%\">170 cm<\/td>\n<\/tr>\n<tr>\n<td class=\"attrLabels\">Marka:<\/td>\n<td width=\"50.0%\">\u0141UK<\/td>\n<td class=\"attrLabels\">D\u0142ugi:<\/td>\n<td width=\"50.0%\">57cm<\/td>\n<\/tr>\n<tr>\n<td class=\"attrLabels\">Rodzaj produktu:<\/td>\n<td width=\"50.0%\">Maszyna do kostek lodu<\/td>\n<td class=\"attrLabels\">Szeroki:<\/td>\n<td width=\"50.0%\">\u00a086cm<\/td>\n<\/tr>\n<tr>\n<td class=\"attrLabels\">Numer producenta:<\/td>\n<td width=\"50.0%\">ARCMCH150<\/td>\n<td class=\"attrLabels\">Pr\u0119dko\u015b\u0107 robocza:<\/td>\n<td width=\"50.0%\">\u00a0150 kg na 24 godziny<\/td>\n<\/tr>\n<tr>\n<td class=\"attrLabels\">Tworzywo:<\/td>\n<td width=\"50.0%\">stal nierdzewna, ekran dotykowy LCD, niebieskie \u015bwiat\u0142o UV, zoptymalizowany silnik, pompa spustowa<\/td>\n<td class=\"attrLabels\">wymiar kostki lodu:<\/td>\n<td width=\"50.0%\">22x22x22mm<\/td>\n<\/tr>\n<tr>\n<td class=\"attrLabels\">Kolor:<\/td>\n<td width=\"50.0%\">Srebrny<\/td>\n<td class=\"attrLabels\">Sk\u0142adowanie:<\/td>\n<td width=\"50.0%\">100 kg<\/td>\n<\/tr>\n<tr>\n<td class=\"attrLabels\">Narz\u0119dzia instalacyjne:<\/td>\n<td width=\"50.0%\">Tak<\/td>\n<td class=\"attrLabels\">Gwarancja:<\/td>\n<td width=\"50.0%\">2 LATA<\/td>\n<\/tr>\n<\/tbody>\n<\/table>","protected":false},"excerpt":{"rendered":"<h2>Maszyna do lodu na kostki lodu 150 kg<\/h2>\n<p>Nie marnuj wi\u0119cej czasu na kupowanie work\u00f3w na l\u00f3d dzi\u0119ki\u00a0<strong>maszyny do kostek lodu<\/strong>\u00a0z<span style=\"color: #ff0000;\">\u00a0<\/span><strong><span style=\"color: #ff0000;\">DO<\/span><span style=\"color: #0000ff;\">R<\/span>C;<\/strong> Nie b\u0119dziesz musia\u0142 nigdzie i\u015b\u0107, aby zawsze mie\u0107 pe\u0142ne zapasy, przechowuj\u0105c je na czas wytwarzania wi\u0119kszej ilo\u015bci lodu.<\/p>\n<p>Ten\u00a0<strong>maszyna do lodu\u00a0<span style=\"color: #ff0000;\">DO<\/span><span style=\"color: #0000ff;\">R<\/span>C<\/strong>\u00a0Wysoka jako\u015b\u0107 wykonana jest z najlepszej jako\u015bci stali nierdzewnej, specjalnej do \u017cywno\u015bci, z dwuwarstwow\u0105 izolacj\u0105 piankow\u0105.  The\u00a0<strong>maszyna do kostek lodu<\/strong><span style=\"color: #ff0000;\">\u00a0<\/span><strong><span style=\"color: #ff0000;\">DO<\/span><span style=\"color: #0000ff;\">R<\/span>150-centymetrowy<\/strong>\u00a0ma pojemno\u015b\u0107\u00a0<strong>Produkcja lodu 150 kg w ci\u0105gu 24 godzin<\/strong> i pojemno\u015bci\u0105 zbiornika na l\u00f3d wynosz\u0105c\u0105 140 kg, <strong>maszyna do lodu<\/strong>\u00a0W razie potrzeby mo\u017cesz dostosowa\u0107 grubo\u015b\u0107 kostek.<\/p>\n<h6><strong>Gwarancja\u00a0<span style=\"color: #ff0000;\">DO<\/span><span style=\"color: #0000ff;\">R<\/span>C 2 LATA<\/strong><\/h6>\n<h6><span style=\"color: #008000;\"><strong>Wydajna kostkarka do lodu, niskie zu\u017cycie 750 W<\/strong><\/span><\/h6>\n<h6><strong>wsparcie techniczne w cenie<\/strong><\/h6>","protected":false},"featured_media":1457,"comment_status":"open","ping_status":"closed","template":"","meta":{"wds_primary_product_brand":0,"wds_primary_product_cat":0},"product_brand":[],"product_cat":[59],"product_tag":[],"class_list":{"0":"post-1456","1":"product","2":"type-product","3":"status-publish","4":"has-post-thumbnail","6":"product_cat-hielo","7":"product_shipping_class-hosteleria","9":"first","10":"instock","11":"sale","12":"taxable","13":"shipping-taxable","14":"purchasable","15":"product-type-simple"},"yoast_head":"<!-- This site is optimized with the Yoast SEO Premium plugin v24.9 (Yoast SEO v26.1) - https:\/\/yoast.com\/wordpress\/plugins\/seo\/ -->\n<title>M\u00e1quina para cubitos de hielo 150 Kg - distribuci\u00f3n ARC<\/title>\n<meta name=\"robots\" content=\"index, follow, max-snippet:-1, max-image-preview:large, max-video-preview:-1\" \/>\n<link rel=\"canonical\" href=\"https:\/\/distribucionarc.com\/pl\/produkty\/kostkarka-do-lodu-150-kg\/\" \/>\n<meta property=\"og:locale\" content=\"pl_PL\" \/>\n<meta property=\"og:type\" content=\"article\" \/>\n<meta property=\"og:title\" content=\"M\u00e1quina para cubitos de hielo 150 Kg\" \/>\n<meta property=\"og:description\" content=\"M\u00e1quina de hielo para cubitos de hielo 150 Kg No pierdas m\u00e1s el tiempo comprando sacos de hielo, con las\u00a0m\u00e1quinas para cubitos de hielo\u00a0de\u00a0ARC; no tendr\u00e1s que ir a ning\u00fan lado para tener tus reservas siempre llenas, al almacenarlo mientras se va fabricando m\u00e1s hielo.  Esta\u00a0m\u00e1quina de hielo\u00a0ARC\u00a0de alta calidad est\u00e1 hecha de acero inoxidable de la mejor calidad, especial para alimentos con aislamiento de espuma de doble capa. \u00a0La\u00a0m\u00e1quina para cubitos de hielo\u00a0ARCMCH150\u00a0cuenta con una capacidad de\u00a0producci\u00f3n de hielo de 150 Kg en 24 horas y una capacidad de almacenamiento de hielo de 140 Kg, con la m\u00e1quina de hielo\u00a0usted podr\u00e1 ajustar el grosor de los cubitos seg\u00fan le sea necesario. Garant\u00eda\u00a0ARC 2 A\u00d1OS Maquina para cubitos de hielo eficiente, bajo consumo 750w soporte t\u00e9cnico\u00a0incluido\" \/>\n<meta property=\"og:url\" content=\"https:\/\/distribucionarc.com\/pl\/produkty\/kostkarka-do-lodu-150-kg\/\" \/>\n<meta property=\"og:site_name\" content=\"distribuci\u00f3n ARC\" \/>\n<meta property=\"article:modified_time\" content=\"2020-09-29T18:47:32+00:00\" \/>\n<meta property=\"og:image\" content=\"https:\/\/distribucionarc.com\/wp-content\/uploads\/2020\/07\/M\u00e1quina-para-cubitos-de-hielo-150-Kg-0.jpg\" \/>\n\t<meta property=\"og:image:width\" content=\"1600\" \/>\n\t<meta property=\"og:image:height\" content=\"1600\" \/>\n\t<meta property=\"og:image:type\" content=\"image\/jpeg\" \/>\n<meta name=\"twitter:card\" content=\"summary_large_image\" \/>\n<meta name=\"twitter:label1\" content=\"Szacowany czas czytania\" \/>\n\t<meta name=\"twitter:data1\" content=\"2 minuty\" \/>\n<script type=\"application\/ld+json\" class=\"yoast-schema-graph\">{\"@context\":\"https:\/\/schema.org\",\"@graph\":[{\"@type\":\"WebPage\",\"@id\":\"https:\/\/distribucionarc.com\/nb\/producto\/maquina-para-cubitos-de-hielo-150-kg\/\",\"url\":\"https:\/\/distribucionarc.com\/nb\/producto\/maquina-para-cubitos-de-hielo-150-kg\/\",\"name\":\"M\u00e1quina para cubitos de hielo 150 Kg - distribuci\u00f3n ARC\",\"isPartOf\":{\"@id\":\"https:\/\/www.distribucionarc.com\/de\/#website\"},\"primaryImageOfPage\":{\"@id\":\"https:\/\/distribucionarc.com\/nb\/producto\/maquina-para-cubitos-de-hielo-150-kg\/#primaryimage\"},\"image\":{\"@id\":\"https:\/\/distribucionarc.com\/nb\/producto\/maquina-para-cubitos-de-hielo-150-kg\/#primaryimage\"},\"thumbnailUrl\":\"https:\/\/distribucionarc.com\/wp-content\/uploads\/2020\/07\/M\u00e1quina-para-cubitos-de-hielo-150-Kg-0.jpg\",\"datePublished\":\"2020-07-24T18:54:07+00:00\",\"dateModified\":\"2020-09-29T18:47:32+00:00\",\"breadcrumb\":{\"@id\":\"https:\/\/distribucionarc.com\/nb\/producto\/maquina-para-cubitos-de-hielo-150-kg\/#breadcrumb\"},\"inLanguage\":\"pl-PL\",\"potentialAction\":[{\"@type\":\"ReadAction\",\"target\":[\"https:\/\/distribucionarc.com\/nb\/producto\/maquina-para-cubitos-de-hielo-150-kg\/\"]}]},{\"@type\":\"ImageObject\",\"inLanguage\":\"pl-PL\",\"@id\":\"https:\/\/distribucionarc.com\/nb\/producto\/maquina-para-cubitos-de-hielo-150-kg\/#primaryimage\",\"url\":\"https:\/\/distribucionarc.com\/wp-content\/uploads\/2020\/07\/M\u00e1quina-para-cubitos-de-hielo-150-Kg-0.jpg\",\"contentUrl\":\"https:\/\/distribucionarc.com\/wp-content\/uploads\/2020\/07\/M\u00e1quina-para-cubitos-de-hielo-150-Kg-0.jpg\",\"width\":1600,\"height\":1600,\"caption\":\"M\u00e1quina para cubitos de hielo 150 Kg\"},{\"@type\":\"BreadcrumbList\",\"@id\":\"https:\/\/distribucionarc.com\/nb\/producto\/maquina-para-cubitos-de-hielo-150-kg\/#breadcrumb\",\"itemListElement\":[{\"@type\":\"ListItem\",\"position\":1,\"name\":\"Portada\",\"item\":\"https:\/\/www.distribucionarc.com\/en\/\"},{\"@type\":\"ListItem\",\"position\":2,\"name\":\"Products\",\"item\":\"https:\/\/www.distribucionarc.com\/en\/shop\/\"},{\"@type\":\"ListItem\",\"position\":3,\"name\":\"M\u00e1quina para cubitos de hielo 150 Kg\"}]},{\"@type\":\"WebSite\",\"@id\":\"https:\/\/www.distribucionarc.com\/de\/#website\",\"url\":\"https:\/\/www.distribucionarc.com\/de\/\",\"name\":\"distribuci\u00f3n ARC\",\"description\":\"Empresa especializada en la fabricaci\u00f3n y distribuci\u00f3n de maquinaria industrial, selladoras de latas, Maquinas de hacer pastillas, Maquinas de cortar carne...\",\"publisher\":{\"@id\":\"https:\/\/www.distribucionarc.com\/de\/#organization\"},\"potentialAction\":[{\"@type\":\"SearchAction\",\"target\":{\"@type\":\"EntryPoint\",\"urlTemplate\":\"https:\/\/www.distribucionarc.com\/de\/?s={search_term_string}\"},\"query-input\":{\"@type\":\"PropertyValueSpecification\",\"valueRequired\":true,\"valueName\":\"search_term_string\"}}],\"inLanguage\":\"pl-PL\"},{\"@type\":\"Organization\",\"@id\":\"https:\/\/www.distribucionarc.com\/de\/#organization\",\"name\":\"Distribuci\u00f3n ARC\",\"url\":\"https:\/\/www.distribucionarc.com\/de\/\",\"logo\":{\"@type\":\"ImageObject\",\"inLanguage\":\"pl-PL\",\"@id\":\"https:\/\/www.distribucionarc.com\/de\/#\/schema\/logo\/image\/\",\"url\":\"https:\/\/distribucionarc.com\/wp-content\/uploads\/2024\/10\/distribucion-ARC-COLOR-SIN-FONDO-e1732295305345.png\",\"contentUrl\":\"https:\/\/distribucionarc.com\/wp-content\/uploads\/2024\/10\/distribucion-ARC-COLOR-SIN-FONDO-e1732295305345.png\",\"width\":1164,\"height\":558,\"caption\":\"Distribuci\u00f3n ARC\"},\"image\":{\"@id\":\"https:\/\/www.distribucionarc.com\/de\/#\/schema\/logo\/image\/\"},\"description\":\"Empresa especializada en la fabricaci\u00f3n y distribuci\u00f3n de maquinaria industrial para los sectores alimentario y farmac\u00e9utico. Nos especializamos en: M\u00e1quinas de cortar carne Fabricaci\u00f3n de comprimidos Sistemas de transporte industrial L\u00edneas de embotellado Dosificadores Y mucho m\u00e1s... Ofrecemos soluciones innovadoras y personalizadas para optimizar los procesos productivos de tu empresa.\",\"email\":\"Admistracion@distribucionarc.com\",\"telephone\":\"+34 643496664\",\"legalName\":\"ARC TECH SOLUTIONS\",\"foundingDate\":\"2024-04-09\",\"vatID\":\"B55480172\",\"numberOfEmployees\":{\"@type\":\"QuantitativeValue\",\"minValue\":\"1\",\"maxValue\":\"10\"}}]}<\/script>\n<!-- \/ Yoast SEO Premium plugin. -->","yoast_head_json":{"title":"Maszyna do lodu 150 kg - dystrybucja ARC","robots":{"index":"index","follow":"follow","max-snippet":"max-snippet:-1","max-image-preview":"max-image-preview:large","max-video-preview":"max-video-preview:-1"},"canonical":"https:\/\/distribucionarc.com\/pl\/produkty\/kostkarka-do-lodu-150-kg\/","og_locale":"pl_PL","og_type":"article","og_title":"M\u00e1quina para cubitos de hielo 150 Kg","og_description":"M\u00e1quina de hielo para cubitos de hielo 150 Kg No pierdas m\u00e1s el tiempo comprando sacos de hielo, con las\u00a0m\u00e1quinas para cubitos de hielo\u00a0de\u00a0ARC; no tendr\u00e1s que ir a ning\u00fan lado para tener tus reservas siempre llenas, al almacenarlo mientras se va fabricando m\u00e1s hielo.  Esta\u00a0m\u00e1quina de hielo\u00a0ARC\u00a0de alta calidad est\u00e1 hecha de acero inoxidable de la mejor calidad, especial para alimentos con aislamiento de espuma de doble capa. \u00a0La\u00a0m\u00e1quina para cubitos de hielo\u00a0ARCMCH150\u00a0cuenta con una capacidad de\u00a0producci\u00f3n de hielo de 150 Kg en 24 horas y una capacidad de almacenamiento de hielo de 140 Kg, con la m\u00e1quina de hielo\u00a0usted podr\u00e1 ajustar el grosor de los cubitos seg\u00fan le sea necesario. Garant\u00eda\u00a0ARC 2 A\u00d1OS Maquina para cubitos de hielo eficiente, bajo consumo 750w soporte t\u00e9cnico\u00a0incluido","og_url":"https:\/\/distribucionarc.com\/pl\/produkty\/kostkarka-do-lodu-150-kg\/","og_site_name":"distribuci\u00f3n ARC","article_modified_time":"2020-09-29T18:47:32+00:00","og_image":[{"width":1600,"height":1600,"url":"https:\/\/distribucionarc.com\/wp-content\/uploads\/2020\/07\/M\u00e1quina-para-cubitos-de-hielo-150-Kg-0.jpg","type":"image\/jpeg"}],"twitter_card":"summary_large_image","twitter_misc":{"Szacowany czas czytania":"2 minuty"},"schema":{"@context":"https:\/\/schema.org","@graph":[{"@type":"WebPage","@id":"https:\/\/distribucionarc.com\/nb\/producto\/maquina-para-cubitos-de-hielo-150-kg\/","url":"https:\/\/distribucionarc.com\/nb\/producto\/maquina-para-cubitos-de-hielo-150-kg\/","name":"Maszyna do lodu 150 kg - dystrybucja ARC","isPartOf":{"@id":"https:\/\/www.distribucionarc.com\/de\/#website"},"primaryImageOfPage":{"@id":"https:\/\/distribucionarc.com\/nb\/producto\/maquina-para-cubitos-de-hielo-150-kg\/#primaryimage"},"image":{"@id":"https:\/\/distribucionarc.com\/nb\/producto\/maquina-para-cubitos-de-hielo-150-kg\/#primaryimage"},"thumbnailUrl":"https:\/\/distribucionarc.com\/wp-content\/uploads\/2020\/07\/M\u00e1quina-para-cubitos-de-hielo-150-Kg-0.jpg","datePublished":"2020-07-24T18:54:07+00:00","dateModified":"2020-09-29T18:47:32+00:00","breadcrumb":{"@id":"https:\/\/distribucionarc.com\/nb\/producto\/maquina-para-cubitos-de-hielo-150-kg\/#breadcrumb"},"inLanguage":"pl-PL","potentialAction":[{"@type":"ReadAction","target":["https:\/\/distribucionarc.com\/nb\/producto\/maquina-para-cubitos-de-hielo-150-kg\/"]}]},{"@type":"ImageObject","inLanguage":"pl-PL","@id":"https:\/\/distribucionarc.com\/nb\/producto\/maquina-para-cubitos-de-hielo-150-kg\/#primaryimage","url":"https:\/\/distribucionarc.com\/wp-content\/uploads\/2020\/07\/M\u00e1quina-para-cubitos-de-hielo-150-Kg-0.jpg","contentUrl":"https:\/\/distribucionarc.com\/wp-content\/uploads\/2020\/07\/M\u00e1quina-para-cubitos-de-hielo-150-Kg-0.jpg","width":1600,"height":1600,"caption":"M\u00e1quina para cubitos de hielo 150 Kg"},{"@type":"BreadcrumbList","@id":"https:\/\/distribucionarc.com\/nb\/producto\/maquina-para-cubitos-de-hielo-150-kg\/#breadcrumb","itemListElement":[{"@type":"ListItem","position":1,"name":"Portada","item":"https:\/\/www.distribucionarc.com\/en\/"},{"@type":"ListItem","position":2,"name":"Products","item":"https:\/\/www.distribucionarc.com\/en\/shop\/"},{"@type":"ListItem","position":3,"name":"M\u00e1quina para cubitos de hielo 150 Kg"}]},{"@type":"WebSite","@id":"https:\/\/www.distribucionarc.com\/de\/#website","url":"https:\/\/www.distribucionarc.com\/de\/","name":"Dystrybucja ARC","description":"Firma specjalizuj\u0105ca si\u0119 w produkcji i dystrybucji maszyn przemys\u0142owych, zgrzewarek do puszek, maszyn do produkcji tabletek, maszyn do ci\u0119cia mi\u0119sa...","publisher":{"@id":"https:\/\/www.distribucionarc.com\/de\/#organization"},"potentialAction":[{"@type":"SearchAction","target":{"@type":"EntryPoint","urlTemplate":"https:\/\/www.distribucionarc.com\/de\/?s={search_term_string}"},"query-input":{"@type":"PropertyValueSpecification","valueRequired":true,"valueName":"search_term_string"}}],"inLanguage":"pl-PL"},{"@type":"Organization","@id":"https:\/\/www.distribucionarc.com\/de\/#organization","name":"Dystrybucja ARC","url":"https:\/\/www.distribucionarc.com\/de\/","logo":{"@type":"ImageObject","inLanguage":"pl-PL","@id":"https:\/\/www.distribucionarc.com\/de\/#\/schema\/logo\/image\/","url":"https:\/\/distribucionarc.com\/wp-content\/uploads\/2024\/10\/distribucion-ARC-COLOR-SIN-FONDO-e1732295305345.png","contentUrl":"https:\/\/distribucionarc.com\/wp-content\/uploads\/2024\/10\/distribucion-ARC-COLOR-SIN-FONDO-e1732295305345.png","width":1164,"height":558,"caption":"Distribuci\u00f3n ARC"},"image":{"@id":"https:\/\/www.distribucionarc.com\/de\/#\/schema\/logo\/image\/"},"description":"Firma specjalizuj\u0105ca si\u0119 w produkcji i dystrybucji maszyn przemys\u0142owych dla sektora spo\u017cywczego i farmaceutycznego. Specjalizujemy si\u0119 w: Maszyny do krojenia mi\u0119sa Produkcja tabletek Przemys\u0142owe systemy transportowe Linie butelkuj\u0105ce Dozowniki I wiele wi\u0119cej.... Oferujemy innowacyjne i niestandardowe rozwi\u0105zania w celu optymalizacji proces\u00f3w produkcyjnych w Twojej firmie.","email":"Admistracion@distribucionarc.com","telephone":"+34 643496664","legalName":"ARC TECH SOLUTIONS","foundingDate":"2024-04-09","vatID":"B55480172","numberOfEmployees":{"@type":"QuantitativeValue","minValue":"1","maxValue":"10"}}]}},"_links":{"self":[{"href":"https:\/\/distribucionarc.com\/pl\/wp-json\/wp\/v2\/product\/1456","targetHints":{"allow":["GET"]}}],"collection":[{"href":"https:\/\/distribucionarc.com\/pl\/wp-json\/wp\/v2\/product"}],"about":[{"href":"https:\/\/distribucionarc.com\/pl\/wp-json\/wp\/v2\/types\/product"}],"replies":[{"embeddable":true,"href":"https:\/\/distribucionarc.com\/pl\/wp-json\/wp\/v2\/comments?post=1456"}],"version-history":[{"count":0,"href":"https:\/\/distribucionarc.com\/pl\/wp-json\/wp\/v2\/product\/1456\/revisions"}],"wp:featuredmedia":[{"embeddable":true,"href":"https:\/\/distribucionarc.com\/pl\/wp-json\/wp\/v2\/media\/1457"}],"wp:attachment":[{"href":"https:\/\/distribucionarc.com\/pl\/wp-json\/wp\/v2\/media?parent=1456"}],"wp:term":[{"taxonomy":"product_brand","embeddable":true,"href":"https:\/\/distribucionarc.com\/pl\/wp-json\/wp\/v2\/product_brand?post=1456"},{"taxonomy":"product_cat","embeddable":true,"href":"https:\/\/distribucionarc.com\/pl\/wp-json\/wp\/v2\/product_cat?post=1456"},{"taxonomy":"product_tag","embeddable":true,"href":"https:\/\/distribucionarc.com\/pl\/wp-json\/wp\/v2\/product_tag?post=1456"}],"curies":[{"name":"wp","href":"https:\/\/api.w.org\/{rel}","templated":true}]}}