{"id":1487,"date":"2020-07-25T11:51:24","date_gmt":"2020-07-25T11:51:24","guid":{"rendered":"https:\/\/distribucionarc.com\/?post_type=product&#038;p=1487"},"modified":"2020-09-27T09:58:53","modified_gmt":"2020-09-27T09:58:53","slug":"frytownica-na-gorace-powietrze-piekarnik-z-obracaniem","status":"publish","type":"product","link":"https:\/\/distribucionarc.com\/pl\/producto\/horno-freidora-de-aire-caliente-con-funcion-giratoria\/","title":{"rendered":"Frytkownica na gor\u0105ce powietrze z funkcj\u0105 obracania"},"content":{"rendered":"<h3>Frytkownica na gor\u0105ce powietrze z funkcj\u0105 obracania<\/h3>\n<p>Pojemno\u015b\u0107 <strong>frytkownica na gor\u0105ce powietrze<\/strong> Ma pojemno\u015b\u0107 12 l z wydajn\u0105 przestrzeni\u0105 do gotowania i funkcj\u0105 obracania. Funkcja zatrzymywania ciep\u0142a pomo\u017ce przyczyni\u0107 si\u0119 do: <span style=\"color: #008000;\"><strong>niskie zu\u017cycie energii<\/strong><\/span>.<\/p>\n<p>Z <strong>frytkownica <span style=\"color: #ff0000;\">DO<\/span><span style=\"color: #0000ff;\">R<\/span>CFHA12<\/strong> i jego 1600 W, masz wszechstronne urz\u0105dzenie kuchenne, za pomoc\u0105 kt\u00f3rego mo\u017cesz piec lub sma\u017cy\u0107 ryby, mi\u0119so, warzywa, dania wega\u0144skie i desery. Ze wzgl\u0119du na swoje rozmiary i funkcj\u0119 szybkiego nagrzewania b\u0119dzie niezast\u0105piony.<\/p>\n<p>Podobny do A <strong>piec konwekcyjny<\/strong>dania przygotowywane s\u0105 na du\u017cym ogniu, a nie na oleju lub t\u0142uszczu, g\u0142\u00f3wnie w strumieniu gor\u0105cego powietrza. Element grzewczy <strong>frytkownica na gor\u0105ce powietrze <span style=\"color: #ff0000;\">DO<\/span><span style=\"color: #0000ff;\">R<\/span>C<\/strong> Wykonany jest z najlepszej stali nierdzewnej przeznaczonej do kontaktu z \u017cywno\u015bci\u0105.<\/p>\n<p>Z cyfrowym wy\u015bwietlaczem <strong>piekarnik na gor\u0105ce powietrze<\/strong>, b\u0119dzie sterowa\u0142 regulowanym czasem gotowania od 1-60 min i jego temperatur\u0105 od 50\u00b0C do 200\u00b0C. W 9 ustalonych programach znajdziesz r\u00f3\u017cnorodne terminy dotycz\u0105ce r\u00f3\u017cnych potraw. Technologia szybkiej cyrkulacji powietrza pozwala zaoszcz\u0119dzi\u0107 czas.<\/p>\n<h6><\/h6>\n<h6>Gwarancja<strong>\u00a0<span style=\"color: #ff0000;\">DO<\/span><span style=\"color: #0000ff;\">R<\/span>C 2 LATA<\/strong><\/h6>\n<h6><span style=\"color: #008000;\">Wydajna frytkownica elektryczna o niskim zu\u017cyciu energii 1600 W<\/span><\/h6>\n<h6>wsparcie techniczne w cenie<\/h6>\n<p>&nbsp;<\/p>\n<table role=\"presentation\" width=\"100%\" cellspacing=\"0\" cellpadding=\"0\">\n<tbody>\n<tr>\n<td class=\"attrLabels\">Temperatura:<\/td>\n<td width=\"50.0%\">50-200\u00b0C<\/td>\n<\/tr>\n<tr>\n<td class=\"attrLabels\">Kraj dystrybucji:<\/td>\n<td width=\"50.0%\">Hiszpania, Niemcy, USA<\/td>\n<td class=\"attrLabels\">Waga:<\/td>\n<td width=\"50.0%\">7 kg<\/td>\n<\/tr>\n<tr>\n<td class=\"attrLabels\">Marka:<\/td>\n<td width=\"50.0%\">\u0141UK<\/td>\n<td class=\"attrLabels\">Wysoko\u015b\u0107:<\/td>\n<td width=\"50.0%\">\u00a037cm<\/td>\n<\/tr>\n<tr>\n<td class=\"attrLabels\">Kolor:<\/td>\n<td width=\"50.0%\">Srebrny<\/td>\n<td class=\"attrLabels\">D\u0142ugi:<\/td>\n<td width=\"50.0%\">34cm<\/td>\n<\/tr>\n<tr>\n<td class=\"attrLabels\">Rodzaj produktu:<\/td>\n<td width=\"50.0%\">frytkownica na gor\u0105ce powietrze<\/td>\n<td class=\"attrLabels\">Szeroki:<\/td>\n<td width=\"50.0%\">33cm<\/td>\n<\/tr>\n<tr>\n<td class=\"attrLabels\">Numer producenta:<\/td>\n<td width=\"50.0%\">ARCFHA12<\/td>\n<td class=\"attrLabels\">Moc:<\/td>\n<td width=\"50.0%\">1600 W<\/td>\n<\/tr>\n<tr>\n<td class=\"attrLabels\">Tworzywo:<\/td>\n<td width=\"50.0%\">stal nierdzewna, ekran dotykowy LCD<\/td>\n<td class=\"attrLabels\">napi\u0119cie wej\u015bciowe<\/td>\n<td width=\"50.0%\">220 V \u2013 50 Hz<\/td>\n<\/tr>\n<tr>\n<td class=\"attrLabels\">Cechy:<\/td>\n<td width=\"50.0%\">Piekarnik z termoobiegiem, frytkownica, opiekanie, funkcja obracania, pieczenie<\/td>\n<td class=\"attrLabels\">Umiej\u0119tno\u015b\u0107:<\/td>\n<td width=\"50.0%\">12L<\/td>\n<\/tr>\n<tr>\n<td class=\"attrLabels\">Narz\u0119dzia instalacyjne:<\/td>\n<td width=\"50.0%\">Tak<\/td>\n<td class=\"attrLabels\">Gwarancja:<\/td>\n<td width=\"50.0%\">\u0141UK 2 LATA<\/td>\n<\/tr>\n<\/tbody>\n<\/table>","protected":false},"excerpt":{"rendered":"<h2>Frytkownica na gor\u0105ce powietrze z funkcj\u0105 obracania<\/h2>\n<p>Zadbaj o swoich klient\u00f3w i zaskocz ich <strong>frytownice na gor\u0105ce powietrze <span style=\"color: #ff0000;\">DO<\/span><span style=\"color: #0000ff;\">R<\/span>C<\/strong>, Twoje potrawy b\u0119d\u0105 najzdrowsze i najsmaczniejsze, bo nie zale\u017c\u0105 od olej\u00f3w i t\u0142uszcz\u00f3w, a\u017c do <strong>80% mniej t\u0142uszczu<\/strong> i jednocze\u015bnie A <strong>Smak 100%<\/strong>.<\/p>\n<p>Z<strong> frytkownica na gor\u0105ce powietrze<\/strong> z <strong><span style=\"color: #ff0000;\">DO<\/span><span style=\"color: #0000ff;\">R<\/span>C<\/strong>, dania przygotowywane s\u0105 w strumieniu gor\u0105cego powietrza, podobnie jak a<strong> piec konwekcyjny<\/strong> Rozprowadzaj\u0105c kr\u0105\u017c\u0105ce powietrze zar\u00f3wno przez g\u00f3rn\u0105, jak i doln\u0105 cz\u0119\u015b\u0107, bez konieczno\u015bci stosowania oleju lub smaru, mo\u017cna osi\u0105gn\u0105\u0107 niezr\u00f3wnane rezultaty. The<strong> frytkownica na gor\u0105ce powietrze <span style=\"color: #ff0000;\">DO<\/span><span style=\"color: #0000ff;\">R<\/span>CFHA12<\/strong> Posiada efektywn\u0105 przestrze\u0144 do gotowania i w por\u00f3wnaniu do piekarnika z obiegiem powietrza osi\u0105gnie po\u017c\u0105dan\u0105 temperatur\u0119 robocz\u0105 w rekordowo kr\u00f3tkim czasie. Co wi\u0119cej, jego funkcja zatrzymywania ciep\u0142a przyczynia si\u0119 do: <span style=\"color: #008000;\"><strong>niskie zu\u017cycie energii.<\/strong><\/span><\/p>\n<h6>Gwarancja<strong>\u00a0<span style=\"color: #ff0000;\">DO<\/span><span style=\"color: #0000ff;\">R<\/span>C 2 LATA<\/strong><\/h6>\n<h6><span style=\"color: #008000;\">Wydajna frytkownica elektryczna o niskim zu\u017cyciu energii 1600 W<\/span><\/h6>\n<h6>wsparcie techniczne w cenie<\/h6>\n<p>&nbsp;<\/p>","protected":false},"featured_media":1488,"comment_status":"open","ping_status":"closed","template":"","meta":{"wds_primary_product_brand":0,"wds_primary_product_cat":0},"product_brand":[],"product_cat":[42,38,40],"product_tag":[],"class_list":{"0":"post-1487","1":"product","2":"type-product","3":"status-publish","4":"has-post-thumbnail","6":"product_cat-asador-de-pollos","7":"product_cat-freidoras","8":"product_cat-hornos","9":"product_shipping_class-hosteleria","11":"first","12":"instock","13":"sale","14":"taxable","15":"shipping-taxable","16":"purchasable","17":"product-type-simple"},"yoast_head":"<!-- This site is optimized with the Yoast SEO Premium plugin v24.9 (Yoast SEO v26.1) - https:\/\/yoast.com\/wordpress\/plugins\/seo\/ -->\n<title>Horno freidora de aire caliente con funci\u00f3n giratoria - distribuci\u00f3n ARC<\/title>\n<meta name=\"robots\" content=\"index, follow, max-snippet:-1, max-image-preview:large, max-video-preview:-1\" \/>\n<link rel=\"canonical\" href=\"https:\/\/www.distribucionarc.com\/sl\/producto\/horno-freidora-de-aire-caliente-con-funcion-giratoria\/\" \/>\n<meta property=\"og:locale\" content=\"pl_PL\" \/>\n<meta property=\"og:type\" content=\"article\" \/>\n<meta property=\"og:title\" content=\"Horno freidora de aire caliente con funci\u00f3n giratoria\" \/>\n<meta property=\"og:description\" content=\"Horno freidora de aire caliente con funci\u00f3n giratoria Cuida a tus clientes y sorpr\u00e9ndelos con las freidoras de aire caliente ARC, tus platos ser\u00e1n los m\u00e1s sanos y sabrosos al no depender de aceites o grasas, hasta un 80% menos de grasa y al mismo tiempo un 100% de sabor.  Con la freidora de aire caliente de ARC, los platos se preparan en una corriente de aire caliente, similar a un horno de convecci\u00f3n repartiendo el aire circulante por ambas partes superior \/inferior, sin necesidad de aceite o grasas podr\u00e1 lograr unos resultados insuperables. La freidora de aire caliente ARCFHA12 dispone de un espacio de cocci\u00f3n eficaz adem\u00e1s en comparaci\u00f3n con un horno de aire circulante conseguir\u00e1 la temperatura de funcionamiento deseada en tiempo r\u00e9cord. Adem\u00e1s, su funci\u00f3n de conservaci\u00f3n del calor contribuye a un bajo consumo energ\u00e9tico. Garant\u00eda\u00a0ARC 2 A\u00d1OS Horno freidora el\u00e9ctrica eficiente, bajo consumo 1600w soporte t\u00e9cnico\u00a0incluido &nbsp;\" \/>\n<meta property=\"og:url\" content=\"https:\/\/www.distribucionarc.com\/sl\/producto\/horno-freidora-de-aire-caliente-con-funcion-giratoria\/\" \/>\n<meta property=\"og:site_name\" content=\"distribuci\u00f3n ARC\" \/>\n<meta property=\"article:modified_time\" content=\"2020-09-27T09:58:53+00:00\" \/>\n<meta property=\"og:image\" content=\"https:\/\/distribucionarc.com\/wp-content\/uploads\/2020\/07\/Horno-freidora-de-aire-caliente-con-funci\u00f3n-giratoria-0.jpeg\" \/>\n\t<meta property=\"og:image:width\" content=\"1600\" \/>\n\t<meta property=\"og:image:height\" content=\"1548\" \/>\n\t<meta property=\"og:image:type\" content=\"image\/jpeg\" \/>\n<meta name=\"twitter:card\" content=\"summary_large_image\" \/>\n<meta name=\"twitter:label1\" content=\"Szacowany czas czytania\" \/>\n\t<meta name=\"twitter:data1\" content=\"1 minuta\" \/>\n<script type=\"application\/ld+json\" class=\"yoast-schema-graph\">{\"@context\":\"https:\/\/schema.org\",\"@graph\":[{\"@type\":\"WebPage\",\"@id\":\"https:\/\/www.distribucionarc.com\/sl\/producto\/horno-freidora-de-aire-caliente-con-funcion-giratoria\/\",\"url\":\"https:\/\/www.distribucionarc.com\/sl\/producto\/horno-freidora-de-aire-caliente-con-funcion-giratoria\/\",\"name\":\"Horno freidora de aire caliente con funci\u00f3n giratoria - distribuci\u00f3n ARC\",\"isPartOf\":{\"@id\":\"https:\/\/www.distribucionarc.com\/sl\/#website\"},\"primaryImageOfPage\":{\"@id\":\"https:\/\/www.distribucionarc.com\/sl\/producto\/horno-freidora-de-aire-caliente-con-funcion-giratoria\/#primaryimage\"},\"image\":{\"@id\":\"https:\/\/www.distribucionarc.com\/sl\/producto\/horno-freidora-de-aire-caliente-con-funcion-giratoria\/#primaryimage\"},\"thumbnailUrl\":\"https:\/\/distribucionarc.com\/wp-content\/uploads\/2020\/07\/Horno-freidora-de-aire-caliente-con-funci\u00f3n-giratoria-0.jpeg\",\"datePublished\":\"2020-07-25T11:51:24+00:00\",\"dateModified\":\"2020-09-27T09:58:53+00:00\",\"breadcrumb\":{\"@id\":\"https:\/\/www.distribucionarc.com\/sl\/producto\/horno-freidora-de-aire-caliente-con-funcion-giratoria\/#breadcrumb\"},\"inLanguage\":\"pl-PL\",\"potentialAction\":[{\"@type\":\"ReadAction\",\"target\":[\"https:\/\/www.distribucionarc.com\/sl\/producto\/horno-freidora-de-aire-caliente-con-funcion-giratoria\/\"]}]},{\"@type\":\"ImageObject\",\"inLanguage\":\"pl-PL\",\"@id\":\"https:\/\/www.distribucionarc.com\/sl\/producto\/horno-freidora-de-aire-caliente-con-funcion-giratoria\/#primaryimage\",\"url\":\"https:\/\/distribucionarc.com\/wp-content\/uploads\/2020\/07\/Horno-freidora-de-aire-caliente-con-funci\u00f3n-giratoria-0.jpeg\",\"contentUrl\":\"https:\/\/distribucionarc.com\/wp-content\/uploads\/2020\/07\/Horno-freidora-de-aire-caliente-con-funci\u00f3n-giratoria-0.jpeg\",\"width\":1600,\"height\":1548,\"caption\":\"Horno freidora de aire caliente\"},{\"@type\":\"BreadcrumbList\",\"@id\":\"https:\/\/www.distribucionarc.com\/sl\/producto\/horno-freidora-de-aire-caliente-con-funcion-giratoria\/#breadcrumb\",\"itemListElement\":[{\"@type\":\"ListItem\",\"position\":1,\"name\":\"Portada\",\"item\":\"https:\/\/www.distribucionarc.com\/\"},{\"@type\":\"ListItem\",\"position\":2,\"name\":\"\u00dcr\u00fcnler\",\"item\":\"https:\/\/www.distribucionarc.com\/tr\/magaza\/\"},{\"@type\":\"ListItem\",\"position\":3,\"name\":\"Horno freidora de aire caliente con funci\u00f3n giratoria\"}]},{\"@type\":\"WebSite\",\"@id\":\"https:\/\/www.distribucionarc.com\/sl\/#website\",\"url\":\"https:\/\/www.distribucionarc.com\/sl\/\",\"name\":\"distribuci\u00f3n ARC\",\"description\":\"Empresa especializada en la fabricaci\u00f3n y distribuci\u00f3n de maquinaria industrial, selladoras de latas, Maquinas de hacer pastillas, Maquinas de cortar carne...\",\"publisher\":{\"@id\":\"https:\/\/www.distribucionarc.com\/sl\/#organization\"},\"potentialAction\":[{\"@type\":\"SearchAction\",\"target\":{\"@type\":\"EntryPoint\",\"urlTemplate\":\"https:\/\/www.distribucionarc.com\/sl\/?s={search_term_string}\"},\"query-input\":{\"@type\":\"PropertyValueSpecification\",\"valueRequired\":true,\"valueName\":\"search_term_string\"}}],\"inLanguage\":\"pl-PL\"},{\"@type\":\"Organization\",\"@id\":\"https:\/\/www.distribucionarc.com\/sl\/#organization\",\"name\":\"Distribuci\u00f3n ARC\",\"url\":\"https:\/\/www.distribucionarc.com\/sl\/\",\"logo\":{\"@type\":\"ImageObject\",\"inLanguage\":\"pl-PL\",\"@id\":\"https:\/\/www.distribucionarc.com\/sl\/#\/schema\/logo\/image\/\",\"url\":\"https:\/\/distribucionarc.com\/wp-content\/uploads\/2024\/10\/distribucion-ARC-COLOR-SIN-FONDO-e1732295305345.png\",\"contentUrl\":\"https:\/\/distribucionarc.com\/wp-content\/uploads\/2024\/10\/distribucion-ARC-COLOR-SIN-FONDO-e1732295305345.png\",\"width\":1164,\"height\":558,\"caption\":\"Distribuci\u00f3n ARC\"},\"image\":{\"@id\":\"https:\/\/www.distribucionarc.com\/sl\/#\/schema\/logo\/image\/\"},\"description\":\"Empresa especializada en la fabricaci\u00f3n y distribuci\u00f3n de maquinaria industrial para los sectores alimentario y farmac\u00e9utico. Nos especializamos en: M\u00e1quinas de cortar carne Fabricaci\u00f3n de comprimidos Sistemas de transporte industrial L\u00edneas de embotellado Dosificadores Y mucho m\u00e1s... Ofrecemos soluciones innovadoras y personalizadas para optimizar los procesos productivos de tu empresa.\",\"email\":\"Admistracion@distribucionarc.com\",\"telephone\":\"+34 643496664\",\"legalName\":\"ARC TECH SOLUTIONS\",\"foundingDate\":\"2024-04-09\",\"vatID\":\"B55480172\",\"numberOfEmployees\":{\"@type\":\"QuantitativeValue\",\"minValue\":\"1\",\"maxValue\":\"10\"}}]}<\/script>\n<!-- \/ Yoast SEO Premium plugin. -->","yoast_head_json":{"title":"Frytkownica na gor\u0105ce powietrze z funkcj\u0105 rotacji - dystrybucja \u0142uku","robots":{"index":"index","follow":"follow","max-snippet":"max-snippet:-1","max-image-preview":"max-image-preview:large","max-video-preview":"max-video-preview:-1"},"canonical":"https:\/\/www.distribucionarc.com\/sl\/producto\/horno-freidora-de-aire-caliente-con-funcion-giratoria\/","og_locale":"pl_PL","og_type":"article","og_title":"Horno freidora de aire caliente con funci\u00f3n giratoria","og_description":"Horno freidora de aire caliente con funci\u00f3n giratoria Cuida a tus clientes y sorpr\u00e9ndelos con las freidoras de aire caliente ARC, tus platos ser\u00e1n los m\u00e1s sanos y sabrosos al no depender de aceites o grasas, hasta un 80% menos de grasa y al mismo tiempo un 100% de sabor.  Con la freidora de aire caliente de ARC, los platos se preparan en una corriente de aire caliente, similar a un horno de convecci\u00f3n repartiendo el aire circulante por ambas partes superior \/inferior, sin necesidad de aceite o grasas podr\u00e1 lograr unos resultados insuperables. La freidora de aire caliente ARCFHA12 dispone de un espacio de cocci\u00f3n eficaz adem\u00e1s en comparaci\u00f3n con un horno de aire circulante conseguir\u00e1 la temperatura de funcionamiento deseada en tiempo r\u00e9cord. Adem\u00e1s, su funci\u00f3n de conservaci\u00f3n del calor contribuye a un bajo consumo energ\u00e9tico. Garant\u00eda\u00a0ARC 2 A\u00d1OS Horno freidora el\u00e9ctrica eficiente, bajo consumo 1600w soporte t\u00e9cnico\u00a0incluido &nbsp;","og_url":"https:\/\/www.distribucionarc.com\/sl\/producto\/horno-freidora-de-aire-caliente-con-funcion-giratoria\/","og_site_name":"distribuci\u00f3n ARC","article_modified_time":"2020-09-27T09:58:53+00:00","og_image":[{"width":1600,"height":1548,"url":"https:\/\/distribucionarc.com\/wp-content\/uploads\/2020\/07\/Horno-freidora-de-aire-caliente-con-funci\u00f3n-giratoria-0.jpeg","type":"image\/jpeg"}],"twitter_card":"summary_large_image","twitter_misc":{"Szacowany czas czytania":"1 minuta"},"schema":{"@context":"https:\/\/schema.org","@graph":[{"@type":"WebPage","@id":"https:\/\/www.distribucionarc.com\/sl\/producto\/horno-freidora-de-aire-caliente-con-funcion-giratoria\/","url":"https:\/\/www.distribucionarc.com\/sl\/producto\/horno-freidora-de-aire-caliente-con-funcion-giratoria\/","name":"Frytkownica na gor\u0105ce powietrze z funkcj\u0105 rotacji - dystrybucja \u0142uku","isPartOf":{"@id":"https:\/\/www.distribucionarc.com\/sl\/#website"},"primaryImageOfPage":{"@id":"https:\/\/www.distribucionarc.com\/sl\/producto\/horno-freidora-de-aire-caliente-con-funcion-giratoria\/#primaryimage"},"image":{"@id":"https:\/\/www.distribucionarc.com\/sl\/producto\/horno-freidora-de-aire-caliente-con-funcion-giratoria\/#primaryimage"},"thumbnailUrl":"https:\/\/distribucionarc.com\/wp-content\/uploads\/2020\/07\/Horno-freidora-de-aire-caliente-con-funci\u00f3n-giratoria-0.jpeg","datePublished":"2020-07-25T11:51:24+00:00","dateModified":"2020-09-27T09:58:53+00:00","breadcrumb":{"@id":"https:\/\/www.distribucionarc.com\/sl\/producto\/horno-freidora-de-aire-caliente-con-funcion-giratoria\/#breadcrumb"},"inLanguage":"pl-PL","potentialAction":[{"@type":"ReadAction","target":["https:\/\/www.distribucionarc.com\/sl\/producto\/horno-freidora-de-aire-caliente-con-funcion-giratoria\/"]}]},{"@type":"ImageObject","inLanguage":"pl-PL","@id":"https:\/\/www.distribucionarc.com\/sl\/producto\/horno-freidora-de-aire-caliente-con-funcion-giratoria\/#primaryimage","url":"https:\/\/distribucionarc.com\/wp-content\/uploads\/2020\/07\/Horno-freidora-de-aire-caliente-con-funci\u00f3n-giratoria-0.jpeg","contentUrl":"https:\/\/distribucionarc.com\/wp-content\/uploads\/2020\/07\/Horno-freidora-de-aire-caliente-con-funci\u00f3n-giratoria-0.jpeg","width":1600,"height":1548,"caption":"Horno freidora de aire caliente"},{"@type":"BreadcrumbList","@id":"https:\/\/www.distribucionarc.com\/sl\/producto\/horno-freidora-de-aire-caliente-con-funcion-giratoria\/#breadcrumb","itemListElement":[{"@type":"ListItem","position":1,"name":"Portada","item":"https:\/\/www.distribucionarc.com\/"},{"@type":"ListItem","position":2,"name":"\u00dcr\u00fcnler","item":"https:\/\/www.distribucionarc.com\/tr\/magaza\/"},{"@type":"ListItem","position":3,"name":"Horno freidora de aire caliente con funci\u00f3n giratoria"}]},{"@type":"WebSite","@id":"https:\/\/www.distribucionarc.com\/sl\/#website","url":"https:\/\/www.distribucionarc.com\/sl\/","name":"Dystrybucja ARC","description":"Firma specjalizuj\u0105ca si\u0119 w produkcji i dystrybucji maszyn przemys\u0142owych, zgrzewarek do puszek, maszyn do produkcji tabletek, maszyn do ci\u0119cia mi\u0119sa...","publisher":{"@id":"https:\/\/www.distribucionarc.com\/sl\/#organization"},"potentialAction":[{"@type":"SearchAction","target":{"@type":"EntryPoint","urlTemplate":"https:\/\/www.distribucionarc.com\/sl\/?s={search_term_string}"},"query-input":{"@type":"PropertyValueSpecification","valueRequired":true,"valueName":"search_term_string"}}],"inLanguage":"pl-PL"},{"@type":"Organization","@id":"https:\/\/www.distribucionarc.com\/sl\/#organization","name":"Dystrybucja ARC","url":"https:\/\/www.distribucionarc.com\/sl\/","logo":{"@type":"ImageObject","inLanguage":"pl-PL","@id":"https:\/\/www.distribucionarc.com\/sl\/#\/schema\/logo\/image\/","url":"https:\/\/distribucionarc.com\/wp-content\/uploads\/2024\/10\/distribucion-ARC-COLOR-SIN-FONDO-e1732295305345.png","contentUrl":"https:\/\/distribucionarc.com\/wp-content\/uploads\/2024\/10\/distribucion-ARC-COLOR-SIN-FONDO-e1732295305345.png","width":1164,"height":558,"caption":"Distribuci\u00f3n ARC"},"image":{"@id":"https:\/\/www.distribucionarc.com\/sl\/#\/schema\/logo\/image\/"},"description":"Firma specjalizuj\u0105ca si\u0119 w produkcji i dystrybucji maszyn przemys\u0142owych dla sektora spo\u017cywczego i farmaceutycznego. Specjalizujemy si\u0119 w: Maszyny do krojenia mi\u0119sa Produkcja tabletek Przemys\u0142owe systemy transportowe Linie butelkuj\u0105ce Dozowniki I wiele wi\u0119cej.... Oferujemy innowacyjne i niestandardowe rozwi\u0105zania w celu optymalizacji proces\u00f3w produkcyjnych w Twojej firmie.","email":"Admistracion@distribucionarc.com","telephone":"+34 643496664","legalName":"ARC TECH SOLUTIONS","foundingDate":"2024-04-09","vatID":"B55480172","numberOfEmployees":{"@type":"QuantitativeValue","minValue":"1","maxValue":"10"}}]}},"_links":{"self":[{"href":"https:\/\/distribucionarc.com\/pl\/wp-json\/wp\/v2\/product\/1487","targetHints":{"allow":["GET"]}}],"collection":[{"href":"https:\/\/distribucionarc.com\/pl\/wp-json\/wp\/v2\/product"}],"about":[{"href":"https:\/\/distribucionarc.com\/pl\/wp-json\/wp\/v2\/types\/product"}],"replies":[{"embeddable":true,"href":"https:\/\/distribucionarc.com\/pl\/wp-json\/wp\/v2\/comments?post=1487"}],"version-history":[{"count":0,"href":"https:\/\/distribucionarc.com\/pl\/wp-json\/wp\/v2\/product\/1487\/revisions"}],"wp:featuredmedia":[{"embeddable":true,"href":"https:\/\/distribucionarc.com\/pl\/wp-json\/wp\/v2\/media\/1488"}],"wp:attachment":[{"href":"https:\/\/distribucionarc.com\/pl\/wp-json\/wp\/v2\/media?parent=1487"}],"wp:term":[{"taxonomy":"product_brand","embeddable":true,"href":"https:\/\/distribucionarc.com\/pl\/wp-json\/wp\/v2\/product_brand?post=1487"},{"taxonomy":"product_cat","embeddable":true,"href":"https:\/\/distribucionarc.com\/pl\/wp-json\/wp\/v2\/product_cat?post=1487"},{"taxonomy":"product_tag","embeddable":true,"href":"https:\/\/distribucionarc.com\/pl\/wp-json\/wp\/v2\/product_tag?post=1487"}],"curies":[{"name":"wp","href":"https:\/\/api.w.org\/{rel}","templated":true}]}}