{"id":1596,"date":"2020-07-28T09:56:21","date_gmt":"2020-07-28T09:56:21","guid":{"rendered":"https:\/\/distribucionarc.com\/?post_type=product&#038;p=1596"},"modified":"2020-09-27T10:25:13","modified_gmt":"2020-09-27T10:25:13","slug":"robot-kuchenny-przetworca-warzyw","status":"publish","type":"product","link":"https:\/\/distribucionarc.com\/pl\/producto\/cortador-de-verduras-procesador-alimentos\/","title":{"rendered":"Robot kuchenny, krajalnica do warzyw"},"content":{"rendered":"<h3>Robot kuchenny do krojenia warzyw 10 l<\/h3>\n<p>On\u00a0<strong>profesjonalna krajarka do warzyw\u00a0<span style=\"color: #ff0000;\">DO<\/span><span style=\"color: #0000ff;\">R<\/span>C<\/strong> Wykonany jest ze stali nierdzewnej i odlewanego stopu aluminium z powierzchni\u0105 anodowan\u0105 na srebrno. Antykorozyjne. Wysokowydajny silnik o mocy 1000 W umo\u017cliwia du\u017c\u0105 pr\u0119dko\u015b\u0107 obrotow\u0105 1600 obr.\/min. Pr\u0119dko\u015b\u0107 obrotowa tarcz tn\u0105cych wynosi 270 obr.\/min.<\/p>\n<p>On<strong> robot kuchenny <span style=\"color: #ff0000;\">DO<\/span><span style=\"color: #0000ff;\">R<\/span>CCVP2<\/strong>\u00a0 Nadaje si\u0119 do krojenia r\u00f3\u017cnego rodzaju warzyw, owoc\u00f3w i ser\u00f3w. Mo\u017cliwo\u015b\u0107 krojenia, szatkowania i krojenia w kostk\u0119 przy u\u017cyciu r\u00f3\u017cnych tarcz tn\u0105cych. Ze wzgl\u0119d\u00f3w bezpiecze\u0144stwa <strong>przetw\u00f3rnia warzyw<\/strong> Dzia\u0142a tylko przy zamkni\u0119tej pokrywie<\/p>\n<p>Antypo\u015blizgowe gumowe n\u00f3\u017cki zapewniaj\u0105 stabilno\u015b\u0107\u00a0<strong>profesjonalna przecinarka<\/strong>; Zakryty wy\u0142\u0105cznik zasilania zapewnia bezpiecze\u0144stwo; pasek mocy zapobiega zranieniu r\u0105k; Ergonomiczny uchwyt u\u0142atwia ci\u0119cie.<\/p>\n<h6>Gwarancja<strong>\u00a0<span style=\"color: #ff0000;\">DO<\/span><span style=\"color: #0000ff;\">R<\/span>C<\/strong><\/h6>\n<h6><span style=\"color: #008000;\"><strong>Robot kuchenny do warzyw, niskie zu\u017cycie 1000 W<\/strong><\/span><\/h6>\n<h6>wsparcie techniczne w cenie<\/h6>\n<p>&nbsp;<\/p>\n<table role=\"presentation\" width=\"100%\" cellspacing=\"0\" cellpadding=\"0\">\n<tbody>\n<tr>\n<td class=\"attrLabels\">Gwarancja:<\/td>\n<td width=\"50.0%\">\u0141UK 2 LATA<\/td>\n<\/tr>\n<tr>\n<td class=\"attrLabels\">Kraj dystrybucji:<\/td>\n<td width=\"50.0%\">Hiszpania, Niemcy, USA<\/td>\n<td class=\"attrLabels\">Waga:<\/td>\n<td width=\"50.0%\">34,3 kg<\/td>\n<\/tr>\n<tr>\n<td class=\"attrLabels\">Marka:<\/td>\n<td width=\"50.0%\">\u0141UK<\/td>\n<td class=\"attrLabels\">Wysoko\u015b\u0107:<\/td>\n<td width=\"50.0%\">\u00a058cm<\/td>\n<\/tr>\n<tr>\n<td class=\"attrLabels\">Kolor:<\/td>\n<td width=\"50.0%\">Srebrny<\/td>\n<td class=\"attrLabels\">D\u0142ugi:<\/td>\n<td width=\"50.0%\">43,5 cm<\/td>\n<\/tr>\n<tr>\n<td class=\"attrLabels\">Rodzaj produktu:<\/td>\n<td width=\"50.0%\">Profesjonalna krajarka do warzyw<\/td>\n<td class=\"attrLabels\">Szeroki:<\/td>\n<td width=\"50.0%\">41cm<\/td>\n<\/tr>\n<tr>\n<td class=\"attrLabels\">Numer producenta:<\/td>\n<td width=\"50.0%\">ARCCVP2<\/td>\n<td class=\"attrLabels\">Moc:<\/td>\n<td width=\"50.0%\">1000 W<\/td>\n<\/tr>\n<tr>\n<td class=\"attrLabels\">Tworzywo:<\/td>\n<td width=\"50.0%\">Stal nierdzewna 304<\/p>\n<p>420 stal nierdzewna<\/td>\n<td class=\"attrLabels\">napi\u0119cie wej\u015bciowe<\/td>\n<td width=\"50.0%\">220 V \u2013 50 Hz<\/td>\n<\/tr>\n<tr>\n<td class=\"attrLabels\">Umiej\u0119tno\u015b\u0107:<\/td>\n<td width=\"50.0%\">10L<\/td>\n<td class=\"attrLabels\">Obroty silnika:<\/td>\n<td width=\"50.0%\">1600 obr.\/min<\/td>\n<\/tr>\n<tr>\n<td class=\"attrLabels\">Narz\u0119dzia instalacyjne:<\/td>\n<td width=\"50.0%\">Tak<\/td>\n<td class=\"attrLabels\">pr\u0119dko\u015b\u0107 tarczy tn\u0105cej:<\/td>\n<td width=\"50.0%\">270 obr.\/min<\/p>\n<p>&nbsp;<\/td>\n<\/tr>\n<\/tbody>\n<\/table>","protected":false},"excerpt":{"rendered":"<h2>Robot kuchenny do krojenia warzyw 10 l<\/h2>\n<p>Z\u00a0<strong>krajarka do warzyw<\/strong>\u00a0z\u00a0<strong><span style=\"color: #ff0000;\">DO<\/span><span style=\"color: #0000ff;\">R<\/span>C<\/strong>\u00a0Zaoszcz\u0119dzisz czas i pieni\u0105dze, przygotujesz sa\u0142atki, placki ziemniaczane, frytki itp. W najskuteczniejszy i najprostszy spos\u00f3b.<\/p>\n<p>Ten\u00a0<strong>krajalnica do \u017cywno\u015bci\u00a0<span style=\"color: #ff0000;\">DO<\/span><span style=\"color: #0000ff;\">R<\/span>CCVP2<\/strong>\u00a0Wykonany jest ze stali nierdzewnej przeznaczonej do kontaktu z \u017cywno\u015bci\u0105 i wysokiej jako\u015bci odlewanego stopu aluminium z powierzchni\u0105 anodowan\u0105 na srebrno. W zestawie znajduje si\u0119 6 r\u00f3\u017cnych tarcz tn\u0105cych\u00a0<strong>robot kuchenny warzywny<\/strong>\u00a0do r\u00f3\u017cnych ci\u0119\u0107, w tym krojenia, szatkowania i kostkowania. Ta komercyjna siekacz do warzyw jest idealny do siekania r\u00f3\u017cnych warzyw i owoc\u00f3w!<\/p>\n<h6>Gwarancja<strong>\u00a0<span style=\"color: #ff0000;\">DO<\/span><span style=\"color: #0000ff;\">R<\/span>C<\/strong><\/h6>\n<h6><span style=\"color: #008000;\"><strong>Robot kuchenny do warzyw, niskie zu\u017cycie 1000 W<\/strong><\/span><\/h6>\n<h6>wsparcie techniczne w cenie<\/h6>","protected":false},"featured_media":1604,"comment_status":"open","ping_status":"closed","template":"","meta":{"wds_primary_product_brand":0,"wds_primary_product_cat":0},"product_brand":[],"product_cat":[43],"product_tag":[],"class_list":{"0":"post-1596","1":"product","2":"type-product","3":"status-publish","4":"has-post-thumbnail","6":"product_cat-cortadoras-de-alimentos","7":"product_shipping_class-hosteleria","9":"first","10":"instock","11":"sale","12":"taxable","13":"shipping-taxable","14":"purchasable","15":"product-type-simple"},"yoast_head":"<!-- This site is optimized with the Yoast SEO Premium plugin v24.9 (Yoast SEO v26.1) - https:\/\/yoast.com\/wordpress\/plugins\/seo\/ -->\n<title>Cortador de verduras procesador alimentos - distribuci\u00f3n ARC<\/title>\n<meta name=\"robots\" content=\"index, follow, max-snippet:-1, max-image-preview:large, max-video-preview:-1\" \/>\n<link rel=\"canonical\" href=\"https:\/\/distribucionarc.com\/pl\/produkty\/robot-kuchenny-przetworca-warzyw\/\" \/>\n<meta property=\"og:locale\" content=\"pl_PL\" \/>\n<meta property=\"og:type\" content=\"article\" \/>\n<meta property=\"og:title\" content=\"Cortador de verduras procesador alimentos\" \/>\n<meta property=\"og:description\" content=\"Cortador de verduras procesador de alimentos 10 L Con la\u00a0cortadora de verduras\u00a0de\u00a0ARC\u00a0ahorraras tiempo y dinero, preparar tus ensaladas, picadillos, salteados, etc. De la forma m\u00e1s eficaz y sencilla.  Este\u00a0cortador de alimentos\u00a0ARCCVP2\u00a0est\u00e1 hecho de acero inoxidable de grado alimenticio y aleaci\u00f3n de aluminio fundido de alta calidad con superficie anodizada de plata. Se incluyen 6 discos de corte diferentes en el\u00a0procesador de alimentos vegetales\u00a0para diferentes cortes, incluyendo rebanar, triturar y cortar en cubitos. \u00a1Este picador de verduras comercial es perfecto para cortar varias verduras y frutas! Garant\u00eda\u00a0ARC Procesador de alimentos vegetales, bajo consumo 1000w soporte t\u00e9cnico\u00a0incluido\" \/>\n<meta property=\"og:url\" content=\"https:\/\/distribucionarc.com\/pl\/produkty\/robot-kuchenny-przetworca-warzyw\/\" \/>\n<meta property=\"og:site_name\" content=\"distribuci\u00f3n ARC\" \/>\n<meta property=\"article:modified_time\" content=\"2020-09-27T10:25:13+00:00\" \/>\n<meta property=\"og:image\" content=\"https:\/\/distribucionarc.com\/wp-content\/uploads\/2020\/07\/Cortador-de-alimentos-procesador-0.jpg\" \/>\n\t<meta property=\"og:image:width\" content=\"1444\" \/>\n\t<meta property=\"og:image:height\" content=\"1500\" \/>\n\t<meta property=\"og:image:type\" content=\"image\/jpeg\" \/>\n<meta name=\"twitter:card\" content=\"summary_large_image\" \/>\n<meta name=\"twitter:label1\" content=\"Szacowany czas czytania\" \/>\n\t<meta name=\"twitter:data1\" content=\"1 minuta\" \/>\n<script type=\"application\/ld+json\" class=\"yoast-schema-graph\">{\"@context\":\"https:\/\/schema.org\",\"@graph\":[{\"@type\":\"WebPage\",\"@id\":\"https:\/\/distribucionarc.com\/producto\/cortador-de-verduras-procesador-alimentos\/\",\"url\":\"https:\/\/distribucionarc.com\/producto\/cortador-de-verduras-procesador-alimentos\/\",\"name\":\"Cortador de verduras procesador alimentos - distribuci\u00f3n ARC\",\"isPartOf\":{\"@id\":\"https:\/\/distribucionarc.com\/ro\/#website\"},\"primaryImageOfPage\":{\"@id\":\"https:\/\/distribucionarc.com\/producto\/cortador-de-verduras-procesador-alimentos\/#primaryimage\"},\"image\":{\"@id\":\"https:\/\/distribucionarc.com\/producto\/cortador-de-verduras-procesador-alimentos\/#primaryimage\"},\"thumbnailUrl\":\"https:\/\/distribucionarc.com\/wp-content\/uploads\/2020\/07\/Cortador-de-alimentos-procesador-0.jpg\",\"datePublished\":\"2020-07-28T09:56:21+00:00\",\"dateModified\":\"2020-09-27T10:25:13+00:00\",\"breadcrumb\":{\"@id\":\"https:\/\/distribucionarc.com\/producto\/cortador-de-verduras-procesador-alimentos\/#breadcrumb\"},\"inLanguage\":\"pl-PL\",\"potentialAction\":[{\"@type\":\"ReadAction\",\"target\":[\"https:\/\/distribucionarc.com\/producto\/cortador-de-verduras-procesador-alimentos\/\"]}]},{\"@type\":\"ImageObject\",\"inLanguage\":\"pl-PL\",\"@id\":\"https:\/\/distribucionarc.com\/producto\/cortador-de-verduras-procesador-alimentos\/#primaryimage\",\"url\":\"https:\/\/distribucionarc.com\/wp-content\/uploads\/2020\/07\/Cortador-de-alimentos-procesador-0.jpg\",\"contentUrl\":\"https:\/\/distribucionarc.com\/wp-content\/uploads\/2020\/07\/Cortador-de-alimentos-procesador-0.jpg\",\"width\":1444,\"height\":1500,\"caption\":\"Cortador de alimentos procesador\"},{\"@type\":\"BreadcrumbList\",\"@id\":\"https:\/\/distribucionarc.com\/producto\/cortador-de-verduras-procesador-alimentos\/#breadcrumb\",\"itemListElement\":[{\"@type\":\"ListItem\",\"position\":1,\"name\":\"Portada\",\"item\":\"https:\/\/distribucionarc.com\/ar\/\"},{\"@type\":\"ListItem\",\"position\":2,\"name\":\"Proizvodi\",\"item\":\"https:\/\/www.distribucionarc.com\/hr\/ducan\/\"},{\"@type\":\"ListItem\",\"position\":3,\"name\":\"Cortador de verduras procesador alimentos\"}]},{\"@type\":\"WebSite\",\"@id\":\"https:\/\/distribucionarc.com\/ro\/#website\",\"url\":\"https:\/\/distribucionarc.com\/ro\/\",\"name\":\"distribuci\u00f3n ARC\",\"description\":\"Empresa especializada en la fabricaci\u00f3n y distribuci\u00f3n de maquinaria industrial, selladoras de latas, Maquinas de hacer pastillas, Maquinas de cortar carne...\",\"publisher\":{\"@id\":\"https:\/\/distribucionarc.com\/ro\/#organization\"},\"potentialAction\":[{\"@type\":\"SearchAction\",\"target\":{\"@type\":\"EntryPoint\",\"urlTemplate\":\"https:\/\/distribucionarc.com\/ro\/?s={search_term_string}\"},\"query-input\":{\"@type\":\"PropertyValueSpecification\",\"valueRequired\":true,\"valueName\":\"search_term_string\"}}],\"inLanguage\":\"pl-PL\"},{\"@type\":\"Organization\",\"@id\":\"https:\/\/distribucionarc.com\/ro\/#organization\",\"name\":\"Distribuci\u00f3n ARC\",\"url\":\"https:\/\/distribucionarc.com\/ro\/\",\"logo\":{\"@type\":\"ImageObject\",\"inLanguage\":\"pl-PL\",\"@id\":\"https:\/\/distribucionarc.com\/ro\/#\/schema\/logo\/image\/\",\"url\":\"https:\/\/distribucionarc.com\/wp-content\/uploads\/2024\/10\/distribucion-ARC-COLOR-SIN-FONDO-e1732295305345.png\",\"contentUrl\":\"https:\/\/distribucionarc.com\/wp-content\/uploads\/2024\/10\/distribucion-ARC-COLOR-SIN-FONDO-e1732295305345.png\",\"width\":1164,\"height\":558,\"caption\":\"Distribuci\u00f3n ARC\"},\"image\":{\"@id\":\"https:\/\/distribucionarc.com\/ro\/#\/schema\/logo\/image\/\"},\"description\":\"Empresa especializada en la fabricaci\u00f3n y distribuci\u00f3n de maquinaria industrial para los sectores alimentario y farmac\u00e9utico. Nos especializamos en: M\u00e1quinas de cortar carne Fabricaci\u00f3n de comprimidos Sistemas de transporte industrial L\u00edneas de embotellado Dosificadores Y mucho m\u00e1s... Ofrecemos soluciones innovadoras y personalizadas para optimizar los procesos productivos de tu empresa.\",\"email\":\"Admistracion@distribucionarc.com\",\"telephone\":\"+34 643496664\",\"legalName\":\"ARC TECH SOLUTIONS\",\"foundingDate\":\"2024-04-09\",\"vatID\":\"B55480172\",\"numberOfEmployees\":{\"@type\":\"QuantitativeValue\",\"minValue\":\"1\",\"maxValue\":\"10\"}}]}<\/script>\n<!-- \/ Yoast SEO Premium plugin. -->","yoast_head_json":{"title":"Robot kuchenny do krojenia warzyw - dystrybucja ARC","robots":{"index":"index","follow":"follow","max-snippet":"max-snippet:-1","max-image-preview":"max-image-preview:large","max-video-preview":"max-video-preview:-1"},"canonical":"https:\/\/distribucionarc.com\/pl\/produkty\/robot-kuchenny-przetworca-warzyw\/","og_locale":"pl_PL","og_type":"article","og_title":"Cortador de verduras procesador alimentos","og_description":"Cortador de verduras procesador de alimentos 10 L Con la\u00a0cortadora de verduras\u00a0de\u00a0ARC\u00a0ahorraras tiempo y dinero, preparar tus ensaladas, picadillos, salteados, etc. De la forma m\u00e1s eficaz y sencilla.  Este\u00a0cortador de alimentos\u00a0ARCCVP2\u00a0est\u00e1 hecho de acero inoxidable de grado alimenticio y aleaci\u00f3n de aluminio fundido de alta calidad con superficie anodizada de plata. Se incluyen 6 discos de corte diferentes en el\u00a0procesador de alimentos vegetales\u00a0para diferentes cortes, incluyendo rebanar, triturar y cortar en cubitos. \u00a1Este picador de verduras comercial es perfecto para cortar varias verduras y frutas! Garant\u00eda\u00a0ARC Procesador de alimentos vegetales, bajo consumo 1000w soporte t\u00e9cnico\u00a0incluido","og_url":"https:\/\/distribucionarc.com\/pl\/produkty\/robot-kuchenny-przetworca-warzyw\/","og_site_name":"distribuci\u00f3n ARC","article_modified_time":"2020-09-27T10:25:13+00:00","og_image":[{"width":1444,"height":1500,"url":"https:\/\/distribucionarc.com\/wp-content\/uploads\/2020\/07\/Cortador-de-alimentos-procesador-0.jpg","type":"image\/jpeg"}],"twitter_card":"summary_large_image","twitter_misc":{"Szacowany czas czytania":"1 minuta"},"schema":{"@context":"https:\/\/schema.org","@graph":[{"@type":"WebPage","@id":"https:\/\/distribucionarc.com\/producto\/cortador-de-verduras-procesador-alimentos\/","url":"https:\/\/distribucionarc.com\/producto\/cortador-de-verduras-procesador-alimentos\/","name":"Robot kuchenny do krojenia warzyw - dystrybucja ARC","isPartOf":{"@id":"https:\/\/distribucionarc.com\/ro\/#website"},"primaryImageOfPage":{"@id":"https:\/\/distribucionarc.com\/producto\/cortador-de-verduras-procesador-alimentos\/#primaryimage"},"image":{"@id":"https:\/\/distribucionarc.com\/producto\/cortador-de-verduras-procesador-alimentos\/#primaryimage"},"thumbnailUrl":"https:\/\/distribucionarc.com\/wp-content\/uploads\/2020\/07\/Cortador-de-alimentos-procesador-0.jpg","datePublished":"2020-07-28T09:56:21+00:00","dateModified":"2020-09-27T10:25:13+00:00","breadcrumb":{"@id":"https:\/\/distribucionarc.com\/producto\/cortador-de-verduras-procesador-alimentos\/#breadcrumb"},"inLanguage":"pl-PL","potentialAction":[{"@type":"ReadAction","target":["https:\/\/distribucionarc.com\/producto\/cortador-de-verduras-procesador-alimentos\/"]}]},{"@type":"ImageObject","inLanguage":"pl-PL","@id":"https:\/\/distribucionarc.com\/producto\/cortador-de-verduras-procesador-alimentos\/#primaryimage","url":"https:\/\/distribucionarc.com\/wp-content\/uploads\/2020\/07\/Cortador-de-alimentos-procesador-0.jpg","contentUrl":"https:\/\/distribucionarc.com\/wp-content\/uploads\/2020\/07\/Cortador-de-alimentos-procesador-0.jpg","width":1444,"height":1500,"caption":"Cortador de alimentos procesador"},{"@type":"BreadcrumbList","@id":"https:\/\/distribucionarc.com\/producto\/cortador-de-verduras-procesador-alimentos\/#breadcrumb","itemListElement":[{"@type":"ListItem","position":1,"name":"Portada","item":"https:\/\/distribucionarc.com\/ar\/"},{"@type":"ListItem","position":2,"name":"Proizvodi","item":"https:\/\/www.distribucionarc.com\/hr\/ducan\/"},{"@type":"ListItem","position":3,"name":"Cortador de verduras procesador alimentos"}]},{"@type":"WebSite","@id":"https:\/\/distribucionarc.com\/ro\/#website","url":"https:\/\/distribucionarc.com\/ro\/","name":"Dystrybucja ARC","description":"Firma specjalizuj\u0105ca si\u0119 w produkcji i dystrybucji maszyn przemys\u0142owych, zgrzewarek do puszek, maszyn do produkcji tabletek, maszyn do ci\u0119cia mi\u0119sa...","publisher":{"@id":"https:\/\/distribucionarc.com\/ro\/#organization"},"potentialAction":[{"@type":"SearchAction","target":{"@type":"EntryPoint","urlTemplate":"https:\/\/distribucionarc.com\/ro\/?s={search_term_string}"},"query-input":{"@type":"PropertyValueSpecification","valueRequired":true,"valueName":"search_term_string"}}],"inLanguage":"pl-PL"},{"@type":"Organization","@id":"https:\/\/distribucionarc.com\/ro\/#organization","name":"Dystrybucja ARC","url":"https:\/\/distribucionarc.com\/ro\/","logo":{"@type":"ImageObject","inLanguage":"pl-PL","@id":"https:\/\/distribucionarc.com\/ro\/#\/schema\/logo\/image\/","url":"https:\/\/distribucionarc.com\/wp-content\/uploads\/2024\/10\/distribucion-ARC-COLOR-SIN-FONDO-e1732295305345.png","contentUrl":"https:\/\/distribucionarc.com\/wp-content\/uploads\/2024\/10\/distribucion-ARC-COLOR-SIN-FONDO-e1732295305345.png","width":1164,"height":558,"caption":"Distribuci\u00f3n ARC"},"image":{"@id":"https:\/\/distribucionarc.com\/ro\/#\/schema\/logo\/image\/"},"description":"Firma specjalizuj\u0105ca si\u0119 w produkcji i dystrybucji maszyn przemys\u0142owych dla sektora spo\u017cywczego i farmaceutycznego. Specjalizujemy si\u0119 w: Maszyny do krojenia mi\u0119sa Produkcja tabletek Przemys\u0142owe systemy transportowe Linie butelkuj\u0105ce Dozowniki I wiele wi\u0119cej.... Oferujemy innowacyjne i niestandardowe rozwi\u0105zania w celu optymalizacji proces\u00f3w produkcyjnych w Twojej firmie.","email":"Admistracion@distribucionarc.com","telephone":"+34 643496664","legalName":"ARC TECH SOLUTIONS","foundingDate":"2024-04-09","vatID":"B55480172","numberOfEmployees":{"@type":"QuantitativeValue","minValue":"1","maxValue":"10"}}]}},"_links":{"self":[{"href":"https:\/\/distribucionarc.com\/pl\/wp-json\/wp\/v2\/product\/1596","targetHints":{"allow":["GET"]}}],"collection":[{"href":"https:\/\/distribucionarc.com\/pl\/wp-json\/wp\/v2\/product"}],"about":[{"href":"https:\/\/distribucionarc.com\/pl\/wp-json\/wp\/v2\/types\/product"}],"replies":[{"embeddable":true,"href":"https:\/\/distribucionarc.com\/pl\/wp-json\/wp\/v2\/comments?post=1596"}],"version-history":[{"count":0,"href":"https:\/\/distribucionarc.com\/pl\/wp-json\/wp\/v2\/product\/1596\/revisions"}],"wp:featuredmedia":[{"embeddable":true,"href":"https:\/\/distribucionarc.com\/pl\/wp-json\/wp\/v2\/media\/1604"}],"wp:attachment":[{"href":"https:\/\/distribucionarc.com\/pl\/wp-json\/wp\/v2\/media?parent=1596"}],"wp:term":[{"taxonomy":"product_brand","embeddable":true,"href":"https:\/\/distribucionarc.com\/pl\/wp-json\/wp\/v2\/product_brand?post=1596"},{"taxonomy":"product_cat","embeddable":true,"href":"https:\/\/distribucionarc.com\/pl\/wp-json\/wp\/v2\/product_cat?post=1596"},{"taxonomy":"product_tag","embeddable":true,"href":"https:\/\/distribucionarc.com\/pl\/wp-json\/wp\/v2\/product_tag?post=1596"}],"curies":[{"name":"wp","href":"https:\/\/api.w.org\/{rel}","templated":true}]}}