{"id":1641,"date":"2020-07-28T16:23:12","date_gmt":"2020-07-28T16:23:12","guid":{"rendered":"https:\/\/distribucionarc.com\/?post_type=product&#038;p=1641"},"modified":"2020-09-27T16:40:39","modified_gmt":"2020-09-27T16:40:39","slug":"maszyna-do-popcornu","status":"publish","type":"product","link":"https:\/\/distribucionarc.com\/pl\/producto\/maquina-para-palomitas\/","title":{"rendered":"Maszyna do popcornu"},"content":{"rendered":"<h3>Maszyna do popcornu<\/h3>\n<p>The\u00a0<strong>maszyna do popcornu<\/strong>\u00a0Wykonany jest w wi\u0119kszo\u015bci z wysokiej jako\u015bci stali nierdzewnej, dzi\u0119ki czemu jest bardzo \u0142atwy do czyszczenia i skutecznie zabezpieczony przed korozj\u0105. Ponadto,\u00a0<strong>pow\u0142oka teflonowa garnka<\/strong>\u00a0zapobiega przypaleniu si\u0119 popcornu. Doniczka ma \u015brednic\u0119 18,5 cm<\/p>\n<p>Panele s\u0105\u00a0<strong>wykonany ze szk\u0142a hartowanego<\/strong>. W razie wypadku rozpadaj\u0105 si\u0119 na ma\u0142e kawa\u0142ki zamiast si\u0119 roz\u0142upa\u0107. Ten\u00a0<strong>maszyna do popcornu\u00a0<span style=\"color: #ff0000;\">DO<span style=\"color: #0000ff;\">R<\/span><\/span>C<\/strong> Wyposa\u017cony jest w trzy prze\u0142\u0105czniki d\u017awigniowe umieszczone nad drzwiami. Aby kontrolowa\u0107 temperatur\u0119, nale\u017cy w\u0142\u0105czy\u0107 maszyn\u0119 i funkcj\u0119 mieszania.<\/p>\n<p>The\u00a0<strong>maszyna do popcornu\u00a0<span style=\"color: #ff0000;\">DO<\/span><span style=\"color: #0000ff;\">R<\/span>CMPC02<\/strong>\u00a0Pracuje z moc\u0105 1350 W, a dzi\u0119ki du\u017cej mocy i automatycznemu termostatowi szybko osi\u0105ga temperatur\u0119 robocz\u0105. gwarantowany jeden\u00a0<span style=\"color: #008000;\"><strong>Wysoka wydajno\u015b\u0107 pracy i niskie zu\u017cycie energii<\/strong><\/span>. W ten spos\u00f3b mo\u017ce produkowa\u0107 oko\u0142o 5 kg na godzin\u0119.<\/p>\n<h6><strong>Gwarancja\u00a0<span style=\"color: #ff0000;\">DO<\/span><span style=\"color: #0000ff;\">R<\/span>C<\/strong><strong>\u00a02 LATA<\/strong><\/h6>\n<h6><span style=\"color: #008000;\"><strong>Wydajna maszyna do popcornu, niskie zu\u017cycie 1350 W<\/strong><\/span><\/h6>\n<h6><strong>wsparcie techniczne w cenie<\/strong><\/h6>\n<p>&nbsp;<\/p>\n<table role=\"presentation\" width=\"100%\" cellspacing=\"0\" cellpadding=\"0\">\n<tbody>\n<tr>\n<td class=\"attrLabels\">Numer cz\u0119\u015bci producenta:<\/td>\n<td width=\"50.0%\">ARCMPC02<\/td>\n<\/tr>\n<tr>\n<td class=\"attrLabels\">Kraj dystrybucji:<\/td>\n<td width=\"50.0%\">Hiszpania, Niemcy, USA<\/td>\n<td class=\"attrLabels\">Waga:<\/td>\n<td width=\"50.0%\">22 kg<\/td>\n<\/tr>\n<tr>\n<td class=\"attrLabels\">Marka:<\/td>\n<td width=\"50.0%\">\u0141UK<\/td>\n<td class=\"attrLabels\">Wysoki:<\/td>\n<td width=\"50.0%\">75cm<\/td>\n<\/tr>\n<tr>\n<td class=\"attrLabels\">Kolor:<\/td>\n<td width=\"50.0%\">R\u00f3\u017cowy<\/td>\n<td class=\"attrLabels\">D\u0142ugi:<\/td>\n<td width=\"50.0%\">56cm<\/td>\n<\/tr>\n<tr>\n<td class=\"attrLabels\">Rodzaj produktu:<\/td>\n<td width=\"50.0%\">Maszyna do popcornu z w\u00f3zkiem<\/td>\n<td class=\"attrLabels\">Szeroki:<\/td>\n<td width=\"50.0%\">52cm<\/td>\n<\/tr>\n<tr>\n<td class=\"attrLabels\">Wymiary doniczki:<\/td>\n<td width=\"50.0%\">223 gramy<\/td>\n<td class=\"attrLabels\">Moc:<\/td>\n<td width=\"50.0%\">1350 W<\/td>\n<\/tr>\n<tr>\n<td class=\"attrLabels\">Tworzywo:<\/td>\n<td width=\"50.0%\">bezpieczna dla \u017cywno\u015bci stal nierdzewna<\/td>\n<td class=\"attrLabels\">Wolta\u017c:<\/td>\n<td width=\"50.0%\">220 V \u2013 60 Hz<\/td>\n<\/tr>\n<tr>\n<td class=\"attrLabels\">Wymiary maszyny:<\/td>\n<td width=\"50.0%\">Wymiary: 56x52x75 cm<\/td>\n<td class=\"attrLabels\">Umiej\u0119tno\u015b\u0107:<\/td>\n<td width=\"50.0%\">16 litr\u00f3w<\/td>\n<\/tr>\n<tr>\n<td class=\"attrLabels\">Narz\u0119dzia instalacyjne:<\/td>\n<td width=\"50.0%\">Tak<\/td>\n<td class=\"attrLabels\">Produkcja:<\/td>\n<td width=\"50.0%\">50 kg na godzin\u0119<\/td>\n<\/tr>\n<\/tbody>\n<\/table>\n<p>&nbsp;<\/p>","protected":false},"excerpt":{"rendered":"<h2>Maszyna do popcornu<\/h2>\n<p>Skorzystaj z<strong>\u00a0maszyna do popcornu\u00a0<span style=\"color: #ff0000;\">DO<\/span><span style=\"color: #0000ff;\">R<\/span>CMPC02<\/strong>\u00a0i daj si\u0119 przekona\u0107 doskona\u0142ym doznaniom smakowym, czy to w kinie, na targach staroci czy festiwalach!<\/p>\n<p>Maszyna\u00a0<strong>pra\u017cona kukurydza\u00a0<span style=\"color: #ff0000;\">DO<\/span><span style=\"color: #0000ff;\">R<\/span>C<\/strong> Zosta\u0142 on specjalnie zaprojektowany do profesjonalnego u\u017cytku w gastronomii i stanowi prawdziw\u0105 atrakcj\u0119. Urzeka nie tylko radosnym designem, wyrazist\u0105 czerwon\u0105 barw\u0105 i emaliowanym dachem, ale tak\u017ce ogrzewan\u0105 i o\u015bwietlon\u0105 komor\u0105, systemem mieszania i automatycznym termostatem.<\/p>\n<h6><strong>Gwarancja<span style=\"color: #ff0000;\">\u00a0DO<\/span><span style=\"color: #0000ff;\">R<\/span>C<\/strong><strong>\u00a02 LATA<\/strong><\/h6>\n<h6><span style=\"color: #008000;\"><strong>Wydajna maszyna do popcornu, niskie zu\u017cycie 1350 W<\/strong><\/span><\/h6>\n<h6><strong>wsparcie techniczne w cenie<\/strong><\/h6>","protected":false},"featured_media":1630,"comment_status":"open","ping_status":"closed","template":"","meta":{"wds_primary_product_brand":0,"wds_primary_product_cat":0},"product_brand":[],"product_cat":[56],"product_tag":[],"class_list":{"0":"post-1641","1":"product","2":"type-product","3":"status-publish","4":"has-post-thumbnail","6":"product_cat-maquinaria-para-ferias","7":"product_shipping_class-hosteleria","9":"first","10":"instock","11":"sale","12":"taxable","13":"shipping-taxable","14":"purchasable","15":"product-type-simple"},"yoast_head":"<!-- This site is optimized with the Yoast SEO Premium plugin v24.9 (Yoast SEO v26.1) - https:\/\/yoast.com\/wordpress\/plugins\/seo\/ -->\n<title>Maquina para palomitas - distribuci\u00f3n ARC<\/title>\n<meta name=\"robots\" content=\"index, follow, max-snippet:-1, max-image-preview:large, max-video-preview:-1\" \/>\n<link rel=\"canonical\" href=\"https:\/\/distribucionarc.com\/pl\/produkty\/maszyna-do-popcornu\/\" \/>\n<meta property=\"og:locale\" content=\"pl_PL\" \/>\n<meta property=\"og:type\" content=\"article\" \/>\n<meta property=\"og:title\" content=\"Maquina para palomitas\" \/>\n<meta property=\"og:description\" content=\"Maquina para palomitas Saca partido a la\u00a0m\u00e1quina de palomitas\u00a0ARCMPC02\u00a0y d\u00e9jate convencer por una excelente experiencia de sabor, \u00a1ya sea en cines, mercadillos o festivales!  La m\u00e1quina de\u00a0palomitas de ma\u00edz\u00a0ARC ha sido especialmente dise\u00f1ada para el uso profesional en gastronom\u00eda y resulta toda una atracci\u00f3n. No solo impresiona por su dise\u00f1o alegre, el llamativo color rojo, y techo esmaltado, sino tambi\u00e9n por su c\u00e1mara calefactada e iluminada, sistema de agitaci\u00f3n y termostato autom\u00e1tico. Garant\u00eda\u00a0ARC\u00a02 A\u00d1OS M\u00e1quina de palomitas eficiente, bajo consumo 1350w soporte t\u00e9cnico incluido\" \/>\n<meta property=\"og:url\" content=\"https:\/\/distribucionarc.com\/pl\/produkty\/maszyna-do-popcornu\/\" \/>\n<meta property=\"og:site_name\" content=\"distribuci\u00f3n ARC\" \/>\n<meta property=\"article:modified_time\" content=\"2020-09-27T16:40:39+00:00\" \/>\n<meta property=\"og:image\" content=\"https:\/\/distribucionarc.com\/wp-content\/uploads\/2020\/07\/M\u00e1quina-para-palomitas-con-carro-1.jpg\" \/>\n\t<meta property=\"og:image:width\" content=\"1600\" \/>\n\t<meta property=\"og:image:height\" content=\"1600\" \/>\n\t<meta property=\"og:image:type\" content=\"image\/jpeg\" \/>\n<meta name=\"twitter:card\" content=\"summary_large_image\" \/>\n<meta name=\"twitter:label1\" content=\"Szacowany czas czytania\" \/>\n\t<meta name=\"twitter:data1\" content=\"1 minuta\" \/>\n<script type=\"application\/ld+json\" class=\"yoast-schema-graph\">{\"@context\":\"https:\/\/schema.org\",\"@graph\":[{\"@type\":\"WebPage\",\"@id\":\"https:\/\/distribucionarc.com\/sl\/producto\/maquina-para-palomitas\/\",\"url\":\"https:\/\/distribucionarc.com\/sl\/producto\/maquina-para-palomitas\/\",\"name\":\"Maquina para palomitas - distribuci\u00f3n ARC\",\"isPartOf\":{\"@id\":\"https:\/\/distribucionarc.com\/de\/#website\"},\"primaryImageOfPage\":{\"@id\":\"https:\/\/distribucionarc.com\/sl\/producto\/maquina-para-palomitas\/#primaryimage\"},\"image\":{\"@id\":\"https:\/\/distribucionarc.com\/sl\/producto\/maquina-para-palomitas\/#primaryimage\"},\"thumbnailUrl\":\"https:\/\/distribucionarc.com\/wp-content\/uploads\/2020\/07\/M\u00e1quina-para-palomitas-con-carro-1.jpg\",\"datePublished\":\"2020-07-28T16:23:12+00:00\",\"dateModified\":\"2020-09-27T16:40:39+00:00\",\"breadcrumb\":{\"@id\":\"https:\/\/distribucionarc.com\/sl\/producto\/maquina-para-palomitas\/#breadcrumb\"},\"inLanguage\":\"pl-PL\",\"potentialAction\":[{\"@type\":\"ReadAction\",\"target\":[\"https:\/\/distribucionarc.com\/sl\/producto\/maquina-para-palomitas\/\"]}]},{\"@type\":\"ImageObject\",\"inLanguage\":\"pl-PL\",\"@id\":\"https:\/\/distribucionarc.com\/sl\/producto\/maquina-para-palomitas\/#primaryimage\",\"url\":\"https:\/\/distribucionarc.com\/wp-content\/uploads\/2020\/07\/M\u00e1quina-para-palomitas-con-carro-1.jpg\",\"contentUrl\":\"https:\/\/distribucionarc.com\/wp-content\/uploads\/2020\/07\/M\u00e1quina-para-palomitas-con-carro-1.jpg\",\"width\":1600,\"height\":1600,\"caption\":\"M\u00e1quina para palomitas\"},{\"@type\":\"BreadcrumbList\",\"@id\":\"https:\/\/distribucionarc.com\/sl\/producto\/maquina-para-palomitas\/#breadcrumb\",\"itemListElement\":[{\"@type\":\"ListItem\",\"position\":1,\"name\":\"Portada\",\"item\":\"https:\/\/distribucionarc.com\/pl\/\"},{\"@type\":\"ListItem\",\"position\":2,\"name\":\"Produkty\",\"item\":\"https:\/\/distribucionarc.com\/pl\/shop\/\"},{\"@type\":\"ListItem\",\"position\":3,\"name\":\"Maquina para palomitas\"}]},{\"@type\":\"WebSite\",\"@id\":\"https:\/\/distribucionarc.com\/de\/#website\",\"url\":\"https:\/\/distribucionarc.com\/de\/\",\"name\":\"distribuci\u00f3n ARC\",\"description\":\"Empresa especializada en la fabricaci\u00f3n y distribuci\u00f3n de maquinaria industrial, selladoras de latas, Maquinas de hacer pastillas, Maquinas de cortar carne...\",\"publisher\":{\"@id\":\"https:\/\/distribucionarc.com\/de\/#organization\"},\"potentialAction\":[{\"@type\":\"SearchAction\",\"target\":{\"@type\":\"EntryPoint\",\"urlTemplate\":\"https:\/\/distribucionarc.com\/de\/?s={search_term_string}\"},\"query-input\":{\"@type\":\"PropertyValueSpecification\",\"valueRequired\":true,\"valueName\":\"search_term_string\"}}],\"inLanguage\":\"pl-PL\"},{\"@type\":\"Organization\",\"@id\":\"https:\/\/distribucionarc.com\/de\/#organization\",\"name\":\"Distribuci\u00f3n ARC\",\"url\":\"https:\/\/distribucionarc.com\/de\/\",\"logo\":{\"@type\":\"ImageObject\",\"inLanguage\":\"pl-PL\",\"@id\":\"https:\/\/distribucionarc.com\/de\/#\/schema\/logo\/image\/\",\"url\":\"https:\/\/distribucionarc.com\/wp-content\/uploads\/2024\/10\/distribucion-ARC-COLOR-SIN-FONDO-e1732295305345.png\",\"contentUrl\":\"https:\/\/distribucionarc.com\/wp-content\/uploads\/2024\/10\/distribucion-ARC-COLOR-SIN-FONDO-e1732295305345.png\",\"width\":1164,\"height\":558,\"caption\":\"Distribuci\u00f3n ARC\"},\"image\":{\"@id\":\"https:\/\/distribucionarc.com\/de\/#\/schema\/logo\/image\/\"},\"description\":\"Empresa especializada en la fabricaci\u00f3n y distribuci\u00f3n de maquinaria industrial para los sectores alimentario y farmac\u00e9utico. Nos especializamos en: M\u00e1quinas de cortar carne Fabricaci\u00f3n de comprimidos Sistemas de transporte industrial L\u00edneas de embotellado Dosificadores Y mucho m\u00e1s... Ofrecemos soluciones innovadoras y personalizadas para optimizar los procesos productivos de tu empresa.\",\"email\":\"Admistracion@distribucionarc.com\",\"telephone\":\"+34 643496664\",\"legalName\":\"ARC TECH SOLUTIONS\",\"foundingDate\":\"2024-04-09\",\"vatID\":\"B55480172\",\"numberOfEmployees\":{\"@type\":\"QuantitativeValue\",\"minValue\":\"1\",\"maxValue\":\"10\"}}]}<\/script>\n<!-- \/ Yoast SEO Premium plugin. -->","yoast_head_json":{"title":"Maszyna do popcornu - dystrybucja ARC","robots":{"index":"index","follow":"follow","max-snippet":"max-snippet:-1","max-image-preview":"max-image-preview:large","max-video-preview":"max-video-preview:-1"},"canonical":"https:\/\/distribucionarc.com\/pl\/produkty\/maszyna-do-popcornu\/","og_locale":"pl_PL","og_type":"article","og_title":"Maquina para palomitas","og_description":"Maquina para palomitas Saca partido a la\u00a0m\u00e1quina de palomitas\u00a0ARCMPC02\u00a0y d\u00e9jate convencer por una excelente experiencia de sabor, \u00a1ya sea en cines, mercadillos o festivales!  La m\u00e1quina de\u00a0palomitas de ma\u00edz\u00a0ARC ha sido especialmente dise\u00f1ada para el uso profesional en gastronom\u00eda y resulta toda una atracci\u00f3n. No solo impresiona por su dise\u00f1o alegre, el llamativo color rojo, y techo esmaltado, sino tambi\u00e9n por su c\u00e1mara calefactada e iluminada, sistema de agitaci\u00f3n y termostato autom\u00e1tico. Garant\u00eda\u00a0ARC\u00a02 A\u00d1OS M\u00e1quina de palomitas eficiente, bajo consumo 1350w soporte t\u00e9cnico incluido","og_url":"https:\/\/distribucionarc.com\/pl\/produkty\/maszyna-do-popcornu\/","og_site_name":"distribuci\u00f3n ARC","article_modified_time":"2020-09-27T16:40:39+00:00","og_image":[{"width":1600,"height":1600,"url":"https:\/\/distribucionarc.com\/wp-content\/uploads\/2020\/07\/M\u00e1quina-para-palomitas-con-carro-1.jpg","type":"image\/jpeg"}],"twitter_card":"summary_large_image","twitter_misc":{"Szacowany czas czytania":"1 minuta"},"schema":{"@context":"https:\/\/schema.org","@graph":[{"@type":"WebPage","@id":"https:\/\/distribucionarc.com\/sl\/producto\/maquina-para-palomitas\/","url":"https:\/\/distribucionarc.com\/sl\/producto\/maquina-para-palomitas\/","name":"Maszyna do popcornu - dystrybucja ARC","isPartOf":{"@id":"https:\/\/distribucionarc.com\/de\/#website"},"primaryImageOfPage":{"@id":"https:\/\/distribucionarc.com\/sl\/producto\/maquina-para-palomitas\/#primaryimage"},"image":{"@id":"https:\/\/distribucionarc.com\/sl\/producto\/maquina-para-palomitas\/#primaryimage"},"thumbnailUrl":"https:\/\/distribucionarc.com\/wp-content\/uploads\/2020\/07\/M\u00e1quina-para-palomitas-con-carro-1.jpg","datePublished":"2020-07-28T16:23:12+00:00","dateModified":"2020-09-27T16:40:39+00:00","breadcrumb":{"@id":"https:\/\/distribucionarc.com\/sl\/producto\/maquina-para-palomitas\/#breadcrumb"},"inLanguage":"pl-PL","potentialAction":[{"@type":"ReadAction","target":["https:\/\/distribucionarc.com\/sl\/producto\/maquina-para-palomitas\/"]}]},{"@type":"ImageObject","inLanguage":"pl-PL","@id":"https:\/\/distribucionarc.com\/sl\/producto\/maquina-para-palomitas\/#primaryimage","url":"https:\/\/distribucionarc.com\/wp-content\/uploads\/2020\/07\/M\u00e1quina-para-palomitas-con-carro-1.jpg","contentUrl":"https:\/\/distribucionarc.com\/wp-content\/uploads\/2020\/07\/M\u00e1quina-para-palomitas-con-carro-1.jpg","width":1600,"height":1600,"caption":"M\u00e1quina para palomitas"},{"@type":"BreadcrumbList","@id":"https:\/\/distribucionarc.com\/sl\/producto\/maquina-para-palomitas\/#breadcrumb","itemListElement":[{"@type":"ListItem","position":1,"name":"Portada","item":"https:\/\/distribucionarc.com\/pl\/"},{"@type":"ListItem","position":2,"name":"Produkty","item":"https:\/\/distribucionarc.com\/pl\/shop\/"},{"@type":"ListItem","position":3,"name":"Maquina para palomitas"}]},{"@type":"WebSite","@id":"https:\/\/distribucionarc.com\/de\/#website","url":"https:\/\/distribucionarc.com\/de\/","name":"Dystrybucja ARC","description":"Firma specjalizuj\u0105ca si\u0119 w produkcji i dystrybucji maszyn przemys\u0142owych, zgrzewarek do puszek, maszyn do produkcji tabletek, maszyn do ci\u0119cia mi\u0119sa...","publisher":{"@id":"https:\/\/distribucionarc.com\/de\/#organization"},"potentialAction":[{"@type":"SearchAction","target":{"@type":"EntryPoint","urlTemplate":"https:\/\/distribucionarc.com\/de\/?s={search_term_string}"},"query-input":{"@type":"PropertyValueSpecification","valueRequired":true,"valueName":"search_term_string"}}],"inLanguage":"pl-PL"},{"@type":"Organization","@id":"https:\/\/distribucionarc.com\/de\/#organization","name":"Dystrybucja ARC","url":"https:\/\/distribucionarc.com\/de\/","logo":{"@type":"ImageObject","inLanguage":"pl-PL","@id":"https:\/\/distribucionarc.com\/de\/#\/schema\/logo\/image\/","url":"https:\/\/distribucionarc.com\/wp-content\/uploads\/2024\/10\/distribucion-ARC-COLOR-SIN-FONDO-e1732295305345.png","contentUrl":"https:\/\/distribucionarc.com\/wp-content\/uploads\/2024\/10\/distribucion-ARC-COLOR-SIN-FONDO-e1732295305345.png","width":1164,"height":558,"caption":"Distribuci\u00f3n ARC"},"image":{"@id":"https:\/\/distribucionarc.com\/de\/#\/schema\/logo\/image\/"},"description":"Firma specjalizuj\u0105ca si\u0119 w produkcji i dystrybucji maszyn przemys\u0142owych dla sektora spo\u017cywczego i farmaceutycznego. Specjalizujemy si\u0119 w: Maszyny do krojenia mi\u0119sa Produkcja tabletek Przemys\u0142owe systemy transportowe Linie butelkuj\u0105ce Dozowniki I wiele wi\u0119cej.... Oferujemy innowacyjne i niestandardowe rozwi\u0105zania w celu optymalizacji proces\u00f3w produkcyjnych w Twojej firmie.","email":"Admistracion@distribucionarc.com","telephone":"+34 643496664","legalName":"ARC TECH SOLUTIONS","foundingDate":"2024-04-09","vatID":"B55480172","numberOfEmployees":{"@type":"QuantitativeValue","minValue":"1","maxValue":"10"}}]}},"_links":{"self":[{"href":"https:\/\/distribucionarc.com\/pl\/wp-json\/wp\/v2\/product\/1641","targetHints":{"allow":["GET"]}}],"collection":[{"href":"https:\/\/distribucionarc.com\/pl\/wp-json\/wp\/v2\/product"}],"about":[{"href":"https:\/\/distribucionarc.com\/pl\/wp-json\/wp\/v2\/types\/product"}],"replies":[{"embeddable":true,"href":"https:\/\/distribucionarc.com\/pl\/wp-json\/wp\/v2\/comments?post=1641"}],"version-history":[{"count":0,"href":"https:\/\/distribucionarc.com\/pl\/wp-json\/wp\/v2\/product\/1641\/revisions"}],"wp:featuredmedia":[{"embeddable":true,"href":"https:\/\/distribucionarc.com\/pl\/wp-json\/wp\/v2\/media\/1630"}],"wp:attachment":[{"href":"https:\/\/distribucionarc.com\/pl\/wp-json\/wp\/v2\/media?parent=1641"}],"wp:term":[{"taxonomy":"product_brand","embeddable":true,"href":"https:\/\/distribucionarc.com\/pl\/wp-json\/wp\/v2\/product_brand?post=1641"},{"taxonomy":"product_cat","embeddable":true,"href":"https:\/\/distribucionarc.com\/pl\/wp-json\/wp\/v2\/product_cat?post=1641"},{"taxonomy":"product_tag","embeddable":true,"href":"https:\/\/distribucionarc.com\/pl\/wp-json\/wp\/v2\/product_tag?post=1641"}],"curies":[{"name":"wp","href":"https:\/\/api.w.org\/{rel}","templated":true}]}}