{"id":1656,"date":"2020-07-29T10:18:14","date_gmt":"2020-07-29T10:18:14","guid":{"rendered":"https:\/\/distribucionarc.com\/?post_type=product&#038;p=1656"},"modified":"2020-10-21T09:34:08","modified_gmt":"2020-10-21T09:34:08","slug":"rozdrabniacz-do-warzyw-i-owocow","status":"publish","type":"product","link":"https:\/\/distribucionarc.com\/pl\/producto\/trituradora-de-frutas-y-verduras\/","title":{"rendered":"Kruszarka do owoc\u00f3w i warzyw"},"content":{"rendered":"<h3>Kruszarka do owoc\u00f3w i warzyw<\/h3>\n<p>Ten <strong>kruszarka do przygotowania sosu pomidorowego<\/strong> Wykonany jest ze stali nierdzewnej. Wszystkie cz\u0119\u015bci maj\u0105ce kontakt z \u017cywno\u015bci\u0105 wykonane s\u0105 ze stali nierdzewnej 304 najwy\u017cszej jako\u015bci spo\u017cywczej.<\/p>\n<p>Ten<strong> maszyna do robienia sos\u00f3w <span style=\"color: #ff0000;\">DO<\/span><span style=\"color: #0000ff;\">R<\/span>C<\/strong> Wykorzystuje mi\u0119dzynarodowy silnik z czystej miedzi o mocy 300 W z obudow\u0105 zewn\u0119trzn\u0105 ze stali nierdzewnej, kt\u00f3ra jest znacznie trwalsza w por\u00f3wnaniu z silnikami ods\u0142oni\u0119tymi. Opr\u00f3cz<span style=\"color: #008000;\"><strong> promowa\u0107 niskie zu\u017cycie energii<\/strong><\/span>.<\/p>\n<p>On <strong>przetw\u00f3rca pomidor\u00f3w <span style=\"color: #ff0000;\">DO<\/span><span style=\"color: #0000ff;\">R<\/span>CTTE1<\/strong>, dzi\u0119ki lejkowi o du\u017cej \u015brednicy 22 cm, mo\u017cna jednocze\u015bnie umie\u015bci\u0107 obfite owoce, takie jak jagody i pomidory. Mo\u017cliwo\u015b\u0107 regulacji k\u0105ta podajnika; Zacisk podajnika skutecznie zapobiega rozpryskiwaniu; filtr tubowy skutecznie odprowadzaj\u0105cy \u015bcieki; Ergonomiczny uchwyt do wygodnego przenoszenia.<\/p>\n<p>Poziom wodoodporno\u015bci tego sitka do pomidor\u00f3w i sos\u00f3w to poziom II, co sprawia, \u017ce czyszczenie urz\u0105dzenia jest niezwykle \u0142atwe; Dzi\u0119ki niskiemu poziomowi ha\u0142asu mo\u017cesz cieszy\u0107 si\u0119 gotowaniem w dowolnym momencie<\/p>\n<p>Wyposa\u017cony w du\u017c\u0105 powierzchni\u0119 otwor\u00f3w odprowadzaj\u0105cych ciep\u0142o, co pomaga szybko rozproszy\u0107 ciep\u0142o i poprawi\u0107 \u017cywotno\u015b\u0107<strong> przetw\u00f3rca owoc\u00f3w i warzyw <span style=\"color: #ff0000;\">DO<\/span><span style=\"color: #0000ff;\">R<\/span>C.<\/strong><\/p>\n<p>&nbsp;<\/p>\n<h6>Gwarancja<strong>\u00a0<\/strong><span style=\"color: #ff0000;\"><strong>DO<\/strong><\/span><span style=\"color: #0000ff;\"><strong>R<\/strong><\/span><strong>C 2 LATA<\/strong><\/h6>\n<h6><span style=\"color: #008000;\">najbardziej wydajny silnik o niskim zu\u017cyciu energii 300 W<\/span><\/h6>\n<h6>wsparcie techniczne w cenie.<\/h6>\n<p>&nbsp;<\/p>\n<table role=\"presentation\" width=\"100%\" cellspacing=\"0\" cellpadding=\"0\">\n<tbody>\n<tr>\n<td class=\"attrLabels\">Moc:<\/td>\n<td width=\"50.0%\">300 W<\/td>\n<\/tr>\n<tr>\n<td class=\"attrLabels\">Wolta\u017c:<\/td>\n<td width=\"50.0%\">220 V 50 Hz<\/td>\n<td class=\"attrLabels\">Waga:<\/td>\n<td width=\"50.0%\">18 kg<\/td>\n<\/tr>\n<tr>\n<td class=\"attrLabels\">Kraj dystrybucji:<\/td>\n<td width=\"50.0%\">Hiszpania, Niemcy, USA<\/td>\n<td class=\"attrLabels\">Wysoko\u015b\u0107:<\/td>\n<td width=\"50.0%\">34,5cm<\/td>\n<\/tr>\n<tr>\n<td class=\"attrLabels\">Marka:<\/td>\n<td width=\"50.0%\">\u0141UK<\/td>\n<td class=\"attrLabels\">D\u0142ugi:<\/td>\n<td width=\"50.0%\">20cm<\/td>\n<\/tr>\n<tr>\n<td class=\"attrLabels\">Rodzaj produktu:<\/td>\n<td width=\"50.0%\">Przetwornik owoc\u00f3w i warzyw<\/td>\n<td class=\"attrLabels\">Szeroki:<\/td>\n<td width=\"50.0%\">\u00a050cm<\/td>\n<\/tr>\n<tr>\n<td class=\"attrLabels\">Numer producenta:<\/td>\n<td width=\"50.0%\">ARCTTE1<\/td>\n<td class=\"attrLabels\">Pr\u0119dko\u015b\u0107 robocza:<\/td>\n<td width=\"50.0%\">\u00a090 do 160 kg na godzin\u0119<\/td>\n<\/tr>\n<tr>\n<td class=\"attrLabels\">Tworzywo:<\/td>\n<td width=\"50.0%\">stal nierdzewna, silnik miedziany<\/td>\n<td class=\"attrLabels\">\u015arednica wlotu:<\/td>\n<td width=\"50.0%\">22cm<\/td>\n<\/tr>\n<tr>\n<td class=\"attrLabels\">Kolor:<\/td>\n<td width=\"50.0%\">Srebrny<\/td>\n<td class=\"attrLabels\">Gwarancja:<\/td>\n<td width=\"50.0%\">2 LATA<\/td>\n<\/tr>\n<tr>\n<td class=\"attrLabels\">Narz\u0119dzia instalacyjne:<\/td>\n<td width=\"50.0%\">Tak<\/td>\n<td class=\"attrLabels\"><\/td>\n<td width=\"50.0%\"><\/td>\n<\/tr>\n<\/tbody>\n<\/table>\n<p>&nbsp;<\/p>\n<p>&nbsp;<\/p>","protected":false},"excerpt":{"rendered":"<h2>Kruszarka do owoc\u00f3w i warzyw<\/h2>\n<p>Ten <strong>kruszarka do pomidor\u00f3w <span style=\"color: #ff0000;\">DO<\/span><span style=\"color: #0000ff;\">R<\/span>CTTE1<\/strong> Idealnie nadaje si\u0119 do samodzielnego przygotowywania sos\u00f3w i d\u017cem\u00f3w, za pomoc\u0105 jednego przycisku otrzymasz \u015bwie\u017cy i smaczny produkt.<\/p>\n<p><strong>maszynka do mielenia \u017cywno\u015bci<span style=\"color: #ff0000;\"> DO<\/span><span style=\"color: #0000ff;\">R<\/span>C<\/strong> Komercyjny, wykonany ze stali nierdzewnej, \u0142atwy w monta\u017cu i czyszczeniu. Wykorzystuje mi\u0119dzynarodowy silnik z czystej miedzi z obudow\u0105 zewn\u0119trzn\u0105 ze stali nierdzewnej, aby zwi\u0119kszy\u0107 jego trwa\u0142o\u015b\u0107. Lejek o du\u017cej \u015brednicy u\u0142atwia podawanie wystarczaj\u0105cej ilo\u015bci owoc\u00f3w. Idealnie nadaje si\u0119 do robienia d\u017cem\u00f3w o r\u00f3\u017cnych smakach.<\/p>\n<h6>Gwarancja<strong>\u00a0<\/strong><span style=\"color: #ff0000;\"><strong>DO<\/strong><\/span><span style=\"color: #0000ff;\"><strong>R<\/strong><\/span><strong>C 2 LATA<\/strong><\/h6>\n<h6><span style=\"color: #008000;\">najbardziej wydajny silnik o niskim zu\u017cyciu energii 300 W<\/span><\/h6>\n<h6>wsparcie techniczne w cenie.<\/h6>\n<h6><\/h6>","protected":false},"featured_media":1663,"comment_status":"open","ping_status":"closed","template":"","meta":{"wds_primary_product_brand":0,"wds_primary_product_cat":0},"product_brand":[],"product_cat":[43,55],"product_tag":[],"class_list":{"0":"post-1656","1":"product","2":"type-product","3":"status-publish","4":"has-post-thumbnail","6":"product_cat-cortadoras-de-alimentos","7":"product_cat-extractor-prensa-de-aceites","8":"product_shipping_class-hosteleria","10":"first","11":"instock","12":"sale","13":"taxable","14":"shipping-taxable","15":"purchasable","16":"product-type-simple"},"yoast_head":"<!-- This site is optimized with the Yoast SEO Premium plugin v24.9 (Yoast SEO v26.1) - https:\/\/yoast.com\/wordpress\/plugins\/seo\/ -->\n<title>Trituradora de frutas y verduras - distribuci\u00f3n ARC<\/title>\n<meta name=\"robots\" content=\"index, follow, max-snippet:-1, max-image-preview:large, max-video-preview:-1\" \/>\n<link rel=\"canonical\" href=\"https:\/\/distribucionarc.com\/pl\/produkty\/rozdrabniacz-do-warzyw-i-owocow\/\" \/>\n<meta property=\"og:locale\" content=\"pl_PL\" \/>\n<meta property=\"og:type\" content=\"article\" \/>\n<meta property=\"og:title\" content=\"Trituradora de frutas y verduras\" \/>\n<meta property=\"og:description\" content=\"Trituradora de frutas y verduras Esta trituradora de tomates ARCTTE1 es la indicada para elaborar tus propias salsas y mermeladas, tan solo con un bot\u00f3n obtendr\u00e1s un producto fresco y sabroso.  Triturador de alimentos ARC comercial, est\u00e1 hecho de acero inoxidable, es f\u00e1cil de ensamblar y limpiar. Adopta un motor internacional de cobre puro con una carcasa exterior de acero inoxidable para favorecer a su durabilidad. El embudo de gran di\u00e1metro facilita la alimentaci\u00f3n suficiente de las frutas. Perfecto para hacer las mermeladas de varios sabores. Garant\u00eda\u00a0ARC 2 A\u00d1OS motor m\u00e1s eficiente bajo consumo 300w soporte t\u00e9cnico\u00a0incluido.\" \/>\n<meta property=\"og:url\" content=\"https:\/\/distribucionarc.com\/pl\/produkty\/rozdrabniacz-do-warzyw-i-owocow\/\" \/>\n<meta property=\"og:site_name\" content=\"distribuci\u00f3n ARC\" \/>\n<meta property=\"article:modified_time\" content=\"2020-10-21T09:34:08+00:00\" \/>\n<meta property=\"og:image\" content=\"https:\/\/distribucionarc.com\/wp-content\/uploads\/2020\/07\/Trituradora-de-frutas-y-verduras-0.jpg\" \/>\n\t<meta property=\"og:image:width\" content=\"1600\" \/>\n\t<meta property=\"og:image:height\" content=\"1600\" \/>\n\t<meta property=\"og:image:type\" content=\"image\/jpeg\" \/>\n<meta name=\"twitter:card\" content=\"summary_large_image\" \/>\n<meta name=\"twitter:label1\" content=\"Szacowany czas czytania\" \/>\n\t<meta name=\"twitter:data1\" content=\"1 minuta\" \/>\n<script type=\"application\/ld+json\" class=\"yoast-schema-graph\">{\"@context\":\"https:\/\/schema.org\",\"@graph\":[{\"@type\":\"WebPage\",\"@id\":\"https:\/\/distribucionarc.com\/sl\/producto\/trituradora-de-frutas-y-verduras\/\",\"url\":\"https:\/\/distribucionarc.com\/sl\/producto\/trituradora-de-frutas-y-verduras\/\",\"name\":\"Trituradora de frutas y verduras - distribuci\u00f3n ARC\",\"isPartOf\":{\"@id\":\"https:\/\/distribucionarc.com\/de\/#website\"},\"primaryImageOfPage\":{\"@id\":\"https:\/\/distribucionarc.com\/sl\/producto\/trituradora-de-frutas-y-verduras\/#primaryimage\"},\"image\":{\"@id\":\"https:\/\/distribucionarc.com\/sl\/producto\/trituradora-de-frutas-y-verduras\/#primaryimage\"},\"thumbnailUrl\":\"https:\/\/distribucionarc.com\/wp-content\/uploads\/2020\/07\/Trituradora-de-frutas-y-verduras-0.jpg\",\"datePublished\":\"2020-07-29T10:18:14+00:00\",\"dateModified\":\"2020-10-21T09:34:08+00:00\",\"breadcrumb\":{\"@id\":\"https:\/\/distribucionarc.com\/sl\/producto\/trituradora-de-frutas-y-verduras\/#breadcrumb\"},\"inLanguage\":\"pl-PL\",\"potentialAction\":[{\"@type\":\"ReadAction\",\"target\":[\"https:\/\/distribucionarc.com\/sl\/producto\/trituradora-de-frutas-y-verduras\/\"]}]},{\"@type\":\"ImageObject\",\"inLanguage\":\"pl-PL\",\"@id\":\"https:\/\/distribucionarc.com\/sl\/producto\/trituradora-de-frutas-y-verduras\/#primaryimage\",\"url\":\"https:\/\/distribucionarc.com\/wp-content\/uploads\/2020\/07\/Trituradora-de-frutas-y-verduras-0.jpg\",\"contentUrl\":\"https:\/\/distribucionarc.com\/wp-content\/uploads\/2020\/07\/Trituradora-de-frutas-y-verduras-0.jpg\",\"width\":1600,\"height\":1600,\"caption\":\"Trituradora de frutas y verduras\"},{\"@type\":\"BreadcrumbList\",\"@id\":\"https:\/\/distribucionarc.com\/sl\/producto\/trituradora-de-frutas-y-verduras\/#breadcrumb\",\"itemListElement\":[{\"@type\":\"ListItem\",\"position\":1,\"name\":\"Portada\",\"item\":\"https:\/\/distribucionarc.com\/pl\/\"},{\"@type\":\"ListItem\",\"position\":2,\"name\":\"Produkty\",\"item\":\"https:\/\/distribucionarc.com\/pl\/shop\/\"},{\"@type\":\"ListItem\",\"position\":3,\"name\":\"Trituradora de frutas y verduras\"}]},{\"@type\":\"WebSite\",\"@id\":\"https:\/\/distribucionarc.com\/de\/#website\",\"url\":\"https:\/\/distribucionarc.com\/de\/\",\"name\":\"distribuci\u00f3n ARC\",\"description\":\"Empresa especializada en la fabricaci\u00f3n y distribuci\u00f3n de maquinaria industrial, selladoras de latas, Maquinas de hacer pastillas, Maquinas de cortar carne...\",\"publisher\":{\"@id\":\"https:\/\/distribucionarc.com\/de\/#organization\"},\"potentialAction\":[{\"@type\":\"SearchAction\",\"target\":{\"@type\":\"EntryPoint\",\"urlTemplate\":\"https:\/\/distribucionarc.com\/de\/?s={search_term_string}\"},\"query-input\":{\"@type\":\"PropertyValueSpecification\",\"valueRequired\":true,\"valueName\":\"search_term_string\"}}],\"inLanguage\":\"pl-PL\"},{\"@type\":\"Organization\",\"@id\":\"https:\/\/distribucionarc.com\/de\/#organization\",\"name\":\"Distribuci\u00f3n ARC\",\"url\":\"https:\/\/distribucionarc.com\/de\/\",\"logo\":{\"@type\":\"ImageObject\",\"inLanguage\":\"pl-PL\",\"@id\":\"https:\/\/distribucionarc.com\/de\/#\/schema\/logo\/image\/\",\"url\":\"https:\/\/distribucionarc.com\/wp-content\/uploads\/2024\/10\/distribucion-ARC-COLOR-SIN-FONDO-e1732295305345.png\",\"contentUrl\":\"https:\/\/distribucionarc.com\/wp-content\/uploads\/2024\/10\/distribucion-ARC-COLOR-SIN-FONDO-e1732295305345.png\",\"width\":1164,\"height\":558,\"caption\":\"Distribuci\u00f3n ARC\"},\"image\":{\"@id\":\"https:\/\/distribucionarc.com\/de\/#\/schema\/logo\/image\/\"},\"description\":\"Empresa especializada en la fabricaci\u00f3n y distribuci\u00f3n de maquinaria industrial para los sectores alimentario y farmac\u00e9utico. Nos especializamos en: M\u00e1quinas de cortar carne Fabricaci\u00f3n de comprimidos Sistemas de transporte industrial L\u00edneas de embotellado Dosificadores Y mucho m\u00e1s... Ofrecemos soluciones innovadoras y personalizadas para optimizar los procesos productivos de tu empresa.\",\"email\":\"Admistracion@distribucionarc.com\",\"telephone\":\"+34 643496664\",\"legalName\":\"ARC TECH SOLUTIONS\",\"foundingDate\":\"2024-04-09\",\"vatID\":\"B55480172\",\"numberOfEmployees\":{\"@type\":\"QuantitativeValue\",\"minValue\":\"1\",\"maxValue\":\"10\"}}]}<\/script>\n<!-- \/ Yoast SEO Premium plugin. -->","yoast_head_json":{"title":"Rozdrabniacz do owoc\u00f3w i warzyw - dystrybucja ARC","robots":{"index":"index","follow":"follow","max-snippet":"max-snippet:-1","max-image-preview":"max-image-preview:large","max-video-preview":"max-video-preview:-1"},"canonical":"https:\/\/distribucionarc.com\/pl\/produkty\/rozdrabniacz-do-warzyw-i-owocow\/","og_locale":"pl_PL","og_type":"article","og_title":"Trituradora de frutas y verduras","og_description":"Trituradora de frutas y verduras Esta trituradora de tomates ARCTTE1 es la indicada para elaborar tus propias salsas y mermeladas, tan solo con un bot\u00f3n obtendr\u00e1s un producto fresco y sabroso.  Triturador de alimentos ARC comercial, est\u00e1 hecho de acero inoxidable, es f\u00e1cil de ensamblar y limpiar. Adopta un motor internacional de cobre puro con una carcasa exterior de acero inoxidable para favorecer a su durabilidad. El embudo de gran di\u00e1metro facilita la alimentaci\u00f3n suficiente de las frutas. Perfecto para hacer las mermeladas de varios sabores. Garant\u00eda\u00a0ARC 2 A\u00d1OS motor m\u00e1s eficiente bajo consumo 300w soporte t\u00e9cnico\u00a0incluido.","og_url":"https:\/\/distribucionarc.com\/pl\/produkty\/rozdrabniacz-do-warzyw-i-owocow\/","og_site_name":"distribuci\u00f3n ARC","article_modified_time":"2020-10-21T09:34:08+00:00","og_image":[{"width":1600,"height":1600,"url":"https:\/\/distribucionarc.com\/wp-content\/uploads\/2020\/07\/Trituradora-de-frutas-y-verduras-0.jpg","type":"image\/jpeg"}],"twitter_card":"summary_large_image","twitter_misc":{"Szacowany czas czytania":"1 minuta"},"schema":{"@context":"https:\/\/schema.org","@graph":[{"@type":"WebPage","@id":"https:\/\/distribucionarc.com\/sl\/producto\/trituradora-de-frutas-y-verduras\/","url":"https:\/\/distribucionarc.com\/sl\/producto\/trituradora-de-frutas-y-verduras\/","name":"Rozdrabniacz do owoc\u00f3w i warzyw - dystrybucja ARC","isPartOf":{"@id":"https:\/\/distribucionarc.com\/de\/#website"},"primaryImageOfPage":{"@id":"https:\/\/distribucionarc.com\/sl\/producto\/trituradora-de-frutas-y-verduras\/#primaryimage"},"image":{"@id":"https:\/\/distribucionarc.com\/sl\/producto\/trituradora-de-frutas-y-verduras\/#primaryimage"},"thumbnailUrl":"https:\/\/distribucionarc.com\/wp-content\/uploads\/2020\/07\/Trituradora-de-frutas-y-verduras-0.jpg","datePublished":"2020-07-29T10:18:14+00:00","dateModified":"2020-10-21T09:34:08+00:00","breadcrumb":{"@id":"https:\/\/distribucionarc.com\/sl\/producto\/trituradora-de-frutas-y-verduras\/#breadcrumb"},"inLanguage":"pl-PL","potentialAction":[{"@type":"ReadAction","target":["https:\/\/distribucionarc.com\/sl\/producto\/trituradora-de-frutas-y-verduras\/"]}]},{"@type":"ImageObject","inLanguage":"pl-PL","@id":"https:\/\/distribucionarc.com\/sl\/producto\/trituradora-de-frutas-y-verduras\/#primaryimage","url":"https:\/\/distribucionarc.com\/wp-content\/uploads\/2020\/07\/Trituradora-de-frutas-y-verduras-0.jpg","contentUrl":"https:\/\/distribucionarc.com\/wp-content\/uploads\/2020\/07\/Trituradora-de-frutas-y-verduras-0.jpg","width":1600,"height":1600,"caption":"Trituradora de frutas y verduras"},{"@type":"BreadcrumbList","@id":"https:\/\/distribucionarc.com\/sl\/producto\/trituradora-de-frutas-y-verduras\/#breadcrumb","itemListElement":[{"@type":"ListItem","position":1,"name":"Portada","item":"https:\/\/distribucionarc.com\/pl\/"},{"@type":"ListItem","position":2,"name":"Produkty","item":"https:\/\/distribucionarc.com\/pl\/shop\/"},{"@type":"ListItem","position":3,"name":"Trituradora de frutas y verduras"}]},{"@type":"WebSite","@id":"https:\/\/distribucionarc.com\/de\/#website","url":"https:\/\/distribucionarc.com\/de\/","name":"Dystrybucja ARC","description":"Firma specjalizuj\u0105ca si\u0119 w produkcji i dystrybucji maszyn przemys\u0142owych, zgrzewarek do puszek, maszyn do produkcji tabletek, maszyn do ci\u0119cia mi\u0119sa...","publisher":{"@id":"https:\/\/distribucionarc.com\/de\/#organization"},"potentialAction":[{"@type":"SearchAction","target":{"@type":"EntryPoint","urlTemplate":"https:\/\/distribucionarc.com\/de\/?s={search_term_string}"},"query-input":{"@type":"PropertyValueSpecification","valueRequired":true,"valueName":"search_term_string"}}],"inLanguage":"pl-PL"},{"@type":"Organization","@id":"https:\/\/distribucionarc.com\/de\/#organization","name":"Dystrybucja ARC","url":"https:\/\/distribucionarc.com\/de\/","logo":{"@type":"ImageObject","inLanguage":"pl-PL","@id":"https:\/\/distribucionarc.com\/de\/#\/schema\/logo\/image\/","url":"https:\/\/distribucionarc.com\/wp-content\/uploads\/2024\/10\/distribucion-ARC-COLOR-SIN-FONDO-e1732295305345.png","contentUrl":"https:\/\/distribucionarc.com\/wp-content\/uploads\/2024\/10\/distribucion-ARC-COLOR-SIN-FONDO-e1732295305345.png","width":1164,"height":558,"caption":"Distribuci\u00f3n ARC"},"image":{"@id":"https:\/\/distribucionarc.com\/de\/#\/schema\/logo\/image\/"},"description":"Firma specjalizuj\u0105ca si\u0119 w produkcji i dystrybucji maszyn przemys\u0142owych dla sektora spo\u017cywczego i farmaceutycznego. Specjalizujemy si\u0119 w: Maszyny do krojenia mi\u0119sa Produkcja tabletek Przemys\u0142owe systemy transportowe Linie butelkuj\u0105ce Dozowniki I wiele wi\u0119cej.... Oferujemy innowacyjne i niestandardowe rozwi\u0105zania w celu optymalizacji proces\u00f3w produkcyjnych w Twojej firmie.","email":"Admistracion@distribucionarc.com","telephone":"+34 643496664","legalName":"ARC TECH SOLUTIONS","foundingDate":"2024-04-09","vatID":"B55480172","numberOfEmployees":{"@type":"QuantitativeValue","minValue":"1","maxValue":"10"}}]}},"_links":{"self":[{"href":"https:\/\/distribucionarc.com\/pl\/wp-json\/wp\/v2\/product\/1656","targetHints":{"allow":["GET"]}}],"collection":[{"href":"https:\/\/distribucionarc.com\/pl\/wp-json\/wp\/v2\/product"}],"about":[{"href":"https:\/\/distribucionarc.com\/pl\/wp-json\/wp\/v2\/types\/product"}],"replies":[{"embeddable":true,"href":"https:\/\/distribucionarc.com\/pl\/wp-json\/wp\/v2\/comments?post=1656"}],"version-history":[{"count":0,"href":"https:\/\/distribucionarc.com\/pl\/wp-json\/wp\/v2\/product\/1656\/revisions"}],"wp:featuredmedia":[{"embeddable":true,"href":"https:\/\/distribucionarc.com\/pl\/wp-json\/wp\/v2\/media\/1663"}],"wp:attachment":[{"href":"https:\/\/distribucionarc.com\/pl\/wp-json\/wp\/v2\/media?parent=1656"}],"wp:term":[{"taxonomy":"product_brand","embeddable":true,"href":"https:\/\/distribucionarc.com\/pl\/wp-json\/wp\/v2\/product_brand?post=1656"},{"taxonomy":"product_cat","embeddable":true,"href":"https:\/\/distribucionarc.com\/pl\/wp-json\/wp\/v2\/product_cat?post=1656"},{"taxonomy":"product_tag","embeddable":true,"href":"https:\/\/distribucionarc.com\/pl\/wp-json\/wp\/v2\/product_tag?post=1656"}],"curies":[{"name":"wp","href":"https:\/\/api.w.org\/{rel}","templated":true}]}}