{"id":17778,"date":"2025-08-21T01:39:52","date_gmt":"2025-08-20T23:39:52","guid":{"rendered":"https:\/\/distribucionarc.com\/?post_type=product&#038;p=17778"},"modified":"2025-08-21T01:39:53","modified_gmt":"2025-08-20T23:39:53","slug":"kruszarka-granulator-oscylacyjny-do-obrobki-na-zimno-produktow-wrazliwych-na-wilgoc","status":"publish","type":"product","link":"https:\/\/distribucionarc.com\/pl\/producto\/triturador-granulador-oscilante-trabajo-en-frio-productos-humedad\/","title":{"rendered":"Granulator oscylacyjny kruszarka do obr\u00f3bki na zimno produkt\u00f3w wilgotnych"},"content":{"rendered":"<p data-start=\"790\" data-end=\"1407\">On <strong data-start=\"793\" data-end=\"805\">YARK-160<\/strong> to jest <strong data-start=\"812\" data-end=\"854\">m\u0142yn\/kruszarka\/granulator oscylacyjny<\/strong> wysoka wydajno\u015b\u0107 zaprojektowana dla <strong data-start=\"889\" data-end=\"922\">produkty o wysokiej wilgotno\u015bci<\/strong> albo <strong data-start=\"925\" data-end=\"947\">wra\u017cliwy na ciep\u0142o<\/strong>Jego oscylacja <strong data-start=\"963\" data-end=\"971\">360\u00b0<\/strong> Do <strong data-start=\"974\" data-end=\"992\">\u224860 cykli\/min<\/strong> generuje <strong data-start=\"1000\" data-end=\"1017\">mi\u0119kkie \u015bcinanie<\/strong>, z <strong data-start=\"1023\" data-end=\"1040\">niskie tarcie<\/strong> I <strong data-start=\"1043\" data-end=\"1071\">minimalny wzrost temperatury<\/strong>, co pozwala <strong data-start=\"1088\" data-end=\"1133\">kruszy\u0107, deaglomerowa\u0107 i granulowa\u0107 na zimno<\/strong> bez materia\u0142u <strong data-start=\"1154\" data-end=\"1200\">topi si\u0119, zbryla lub traci w\u0142a\u015bciwo\u015bci<\/strong>.<br data-start=\"1201\" data-end=\"1204\" \/>Zaprojektowany dla linii <strong data-start=\"1224\" data-end=\"1237\">kontynuujesz<\/strong> i intensywne zmiany, oferuje <strong data-start=\"1266\" data-end=\"1294\">kontrolowany rozk\u0142ad wielko\u015bci cz\u0105stek<\/strong> (zgodnie z siatk\u0105) w celu optymalizacji <strong data-start=\"1324\" data-end=\"1373\">mieszanie, dozowanie, wyt\u0142aczanie, tabletkowanie<\/strong> I <strong data-start=\"1376\" data-end=\"1387\">p\u0142ynno\u015b\u0107<\/strong> produktu ko\u0144cowego.<\/p>\n<p data-start=\"1409\" data-end=\"1452\"><strong data-start=\"1409\" data-end=\"1450\">Zastosowania i materia\u0142y (przyk\u0142ady):<\/strong><\/p>\n<ul data-start=\"1453\" data-end=\"2008\">\n<li data-start=\"1453\" data-end=\"1659\">\n<p data-start=\"1455\" data-end=\"1659\"><strong data-start=\"1455\" data-end=\"1471\">Karmienie<\/strong>: czekolada\/kakao (nieroztopione), zag\u0119szczone buliony\/\u201eAvecrem\u201d, mokry cukier, mokra s\u00f3l morska, przyprawy z olejami, suszone owoce z resztkow\u0105 wilgoci\u0105, mieszanki i przetwory.<\/p>\n<\/li>\n<li data-start=\"1660\" data-end=\"1804\">\n<p data-start=\"1662\" data-end=\"1804\"><strong data-start=\"1662\" data-end=\"1678\">Farmaceutyczny<\/strong>: <strong data-start=\"1680\" data-end=\"1702\">granulacja na mokro<\/strong> proszk\u00f3w do tabletek, tabletek rozkruszonych, <strong data-start=\"1756\" data-end=\"1773\">zdeaglomerowany<\/strong> przed zmieszaniem\/kapsu\u0142kowaniem.<\/p>\n<\/li>\n<li data-start=\"1805\" data-end=\"1906\">\n<p data-start=\"1807\" data-end=\"1906\"><strong data-start=\"1807\" data-end=\"1820\">Kosmetyki<\/strong>: bazy mydlane, woski, balsamy i pasty; kontrola wielko\u015bci <strong data-start=\"1882\" data-end=\"1903\">bez przegrzania<\/strong>.<\/p>\n<\/li>\n<li data-start=\"1907\" data-end=\"2008\">\n<p data-start=\"1909\" data-end=\"2008\"><strong data-start=\"1909\" data-end=\"1920\">Chemia<\/strong>:proszki higroskopijne\/reaktywne, wst\u0119pnie granulowane <strong data-start=\"1972\" data-end=\"1988\">dawkowanie<\/strong> I <strong data-start=\"1991\" data-end=\"2007\">zag\u0119szczanie<\/strong>.<\/p>\n<\/li>\n<\/ul>\n<p data-start=\"2010\" data-end=\"2031\"><strong data-start=\"2010\" data-end=\"2029\">G\u0142\u00f3wne korzy\u015bci:<\/strong><\/p>\n<ul data-start=\"2032\" data-end=\"2494\">\n<li data-start=\"2032\" data-end=\"2117\">\n<p data-start=\"2034\" data-end=\"2117\"><strong data-start=\"2034\" data-end=\"2053\">Obr\u00f3bka na zimno<\/strong> \u2192 mniej przywierania, mniej problematycznych kar, <strong data-start=\"2097\" data-end=\"2114\">stabilny przep\u0142yw<\/strong>.<\/p>\n<\/li>\n<li data-start=\"2118\" data-end=\"2213\">\n<p data-start=\"2120\" data-end=\"2213\"><strong data-start=\"2120\" data-end=\"2146\">Wydajno\u015b\u0107 200\u2013300 kg\/h<\/strong> z <strong data-start=\"2151\" data-end=\"2167\">Silnik 2,2 kW<\/strong> \u2192 <strong data-start=\"2170\" data-end=\"2195\">efektywno\u015b\u0107 energetyczna<\/strong> I <strong data-start=\"2198\" data-end=\"2210\">krzepa<\/strong>.<\/p>\n<\/li>\n<li data-start=\"2214\" data-end=\"2314\">\n<p data-start=\"2216\" data-end=\"2314\"><strong data-start=\"2216\" data-end=\"2236\">Stal nierdzewna<\/strong>, kompaktowa konstrukcja jak na sw\u00f3j rozmiar, <strong data-start=\"2270\" data-end=\"2289\">zmiana siatki<\/strong> I <strong data-start=\"2292\" data-end=\"2311\">szybkie czyszczenie<\/strong>.<\/p>\n<\/li>\n<li data-start=\"2315\" data-end=\"2396\">\n<p data-start=\"2317\" data-end=\"2396\"><strong data-start=\"2317\" data-end=\"2341\">Integracja online<\/strong>:regulowany zasobnik, r\u00f3wnomierne wyj\u015bcie, bezpieczna praca.<\/p>\n<\/li>\n<li data-start=\"2397\" data-end=\"2494\">\n<p data-start=\"2399\" data-end=\"2494\"><strong data-start=\"2399\" data-end=\"2424\">Wsparcie ARC w Hiszpanii<\/strong>: doradztwo, opcjonalne uruchomienie, cz\u0119\u015bci zamienne i konserwacja.<\/p>\n<\/li>\n<\/ul>\n<blockquote data-start=\"2496\" data-end=\"2710\">\n<p data-start=\"2498\" data-end=\"2710\"><strong data-start=\"2498\" data-end=\"2542\">Dost\u0119pne r\u00f3wnie\u017c w wy\u017cszych modelach<\/strong> (wi\u0119kszy otw\u00f3r i przep\u0142yw &gt;300 kg\/h). Wskazuje <strong data-start=\"2583\" data-end=\"2595\">tworzywo<\/strong>, <strong data-start=\"2597\" data-end=\"2613\">% wilgotno\u015b\u0107<\/strong>, <strong data-start=\"2615\" data-end=\"2643\">rozmiar wej\u015bcia\/wyj\u015bcia<\/strong> I <strong data-start=\"2646\" data-end=\"2665\">docelowa szybko\u015b\u0107 przep\u0142ywu<\/strong> poleci\u0107 Ci\u0119 <strong data-start=\"2684\" data-end=\"2693\">oczko<\/strong> i konfiguracji.<\/p>\n<\/blockquote>\n<table class=\"tabla-especificaciones yark-160\">\n<thead>\n<tr>\n<th colspan=\"2\">Dane techniczne \u2014 YARK-160<\/th>\n<\/tr>\n<\/thead>\n<tbody>\n<tr>\n<td>Model<\/td>\n<td>YARK-160<\/td>\n<\/tr>\n<tr>\n<td>Zdolno\u015b\u0107 produkcyjna<\/td>\n<td>200\u2013300 kg\/h (w zale\u017cno\u015bci od materia\u0142u, wilgotno\u015bci i siatki)<\/td>\n<\/tr>\n<tr>\n<td>\u015arednica wirnika wahad\u0142owego<\/td>\n<td>160 mm<\/td>\n<\/tr>\n<tr>\n<td>K\u0105t ruchu\/oscylacyjny<\/td>\n<td>360\u00b0<\/td>\n<\/tr>\n<tr>\n<td>Cz\u0119stotliwo\u015b\u0107 oscylacji<\/td>\n<td>\u2248 60 cykli\/min<\/td>\n<\/tr>\n<tr>\n<td>Moc silnika<\/td>\n<td>2,2 kW<\/td>\n<\/tr>\n<tr>\n<td>Waga<\/td>\n<td>330 kg<\/td>\n<\/tr>\n<tr>\n<td>Wymiary (d\u0142. \u00d7 szer. \u00d7 wys.)<\/td>\n<td>950 \u00d7 750 \u00d7 1240 mm<\/td>\n<\/tr>\n<tr>\n<td>Materia\u0142 konstrukcyjny<\/td>\n<td>Stal nierdzewna (solidna konstrukcja, \u0142atwe czyszczenie)<\/td>\n<\/tr>\n<tr>\n<td>Operacje<\/td>\n<td>Kruszenie, granulacja na zimno na mokro, deaglomeracja, homogenizacja<\/td>\n<\/tr>\n<tr>\n<td>Konserwacja zapobiegawcza<\/td>\n<td><a href=\"https:\/\/distribucionarc.com\/pl\/konserwacja-zapobiegajaca-lukowi-elektrycznemu\/\" target=\"_blank\" rel=\"noopener\">Plan konserwacji zapobiegawczej ARC<\/a><\/td>\n<\/tr>\n<tr>\n<td>Serwis techniczny<\/td>\n<td><a href=\"https:\/\/distribucionarc.com\/pl\/serwis-techniczny\/\" target=\"_blank\" rel=\"noopener\">Specjalistyczny serwis techniczny (wyszukiwanie wed\u0142ug kraju i lokalizacji)<\/a><\/td>\n<\/tr>\n<tr>\n<td>Obowi\u0105zuj\u0105ca gwarancja<\/td>\n<td>Typ A \u2014 <a href=\"https:\/\/distribucionarc.com\/pl\/dystrybucja-gwarancji-arc\/\" target=\"_blank\" rel=\"noopener\">Gwarancja dystrybucji ARC<\/a><\/td>\n<\/tr>\n<\/tbody>\n<\/table>\n<p>&nbsp;<\/p>\n<p>&nbsp;<\/p>","protected":false},"excerpt":{"rendered":"<p>On <strong data-start=\"400\" data-end=\"412\">YARK-160<\/strong> to jest <strong data-start=\"419\" data-end=\"454\">kruszarka-granulator oscylacyjny<\/strong> z <strong data-start=\"458\" data-end=\"491\">wysoka wydajno\u015b\u0107 (200\u2013300 kg\/h)<\/strong> Do <strong data-start=\"497\" data-end=\"527\">granulacja na zimno na mokro<\/strong>Idealny do zastosowa\u0144 w przemy\u015ble spo\u017cywczym, farmaceutycznym, kosmetycznym i chemicznym: <strong data-start=\"582\" data-end=\"620\">zapobiega topnieniu, przywieraniu i zbrylaniu si\u0119<\/strong>, poprawia <strong data-start=\"632\" data-end=\"641\">przep\u0142yw<\/strong> i <strong data-start=\"647\" data-end=\"663\">jednorodno\u015b\u0107<\/strong> granulatu. <strong data-start=\"679\" data-end=\"718\">Serwis techniczny ARC w Europie i Stanach Zjednoczonych<\/strong>\u00a0I <strong data-start=\"721\" data-end=\"740\">gwarancja typu A<\/strong>.<\/p>","protected":false},"featured_media":17784,"comment_status":"open","ping_status":"closed","template":"","meta":{"wds_primary_product_brand":0,"wds_primary_product_cat":0},"product_brand":[],"product_cat":[326],"product_tag":[],"class_list":{"0":"post-17778","1":"product","2":"type-product","3":"status-publish","4":"has-post-thumbnail","6":"product_cat-trituradoras-industriales","8":"first","9":"instock","10":"taxable","11":"shipping-taxable","12":"purchasable","13":"product-type-simple"},"yoast_head":"<!-- This site is optimized with the Yoast SEO Premium plugin v24.9 (Yoast SEO v26.1) - https:\/\/yoast.com\/wordpress\/plugins\/seo\/ -->\n<title>Triturador Granulador Oscilante Trabajo en fr\u00edo productos humedad - distribuci\u00f3n ARC<\/title>\n<meta name=\"description\" content=\"YARK-160: triturador oscilante 200\u2013300 kg\/h para granulaci\u00f3n h\u00fameda en fr\u00edo en alimentos, farmacia y cosm\u00e9tica. Garant\u00eda tipo A y SAT ARC en Europa y estados unidos\" \/>\n<meta name=\"robots\" content=\"index, follow, max-snippet:-1, max-image-preview:large, max-video-preview:-1\" \/>\n<link rel=\"canonical\" href=\"https:\/\/distribucionarc.com\/pl\/produkty\/kruszarka-granulator-oscylacyjny-do-obrobki-na-zimno-produktow-wrazliwych-na-wilgoc\/\" \/>\n<meta property=\"og:locale\" content=\"pl_PL\" \/>\n<meta property=\"og:type\" content=\"article\" \/>\n<meta property=\"og:title\" content=\"Triturador Granulador Oscilante Trabajo en fr\u00edo productos humedad\" \/>\n<meta property=\"og:description\" content=\"YARK-160: triturador oscilante 200\u2013300 kg\/h para granulaci\u00f3n h\u00fameda en fr\u00edo en alimentos, farmacia y cosm\u00e9tica. Garant\u00eda tipo A y SAT ARC en Europa y estados unidos\" \/>\n<meta property=\"og:url\" content=\"https:\/\/distribucionarc.com\/pl\/produkty\/kruszarka-granulator-oscylacyjny-do-obrobki-na-zimno-produktow-wrazliwych-na-wilgoc\/\" \/>\n<meta property=\"og:site_name\" content=\"distribuci\u00f3n ARC\" \/>\n<meta property=\"article:modified_time\" content=\"2025-08-20T23:39:53+00:00\" \/>\n<meta property=\"og:image\" content=\"https:\/\/distribucionarc.com\/wp-content\/uploads\/2025\/08\/Granulador-industrial-YARK-160-vista-lateral-derecha-completa.jpeg\" \/>\n\t<meta property=\"og:image:width\" content=\"800\" \/>\n\t<meta property=\"og:image:height\" content=\"800\" \/>\n\t<meta property=\"og:image:type\" content=\"image\/jpeg\" \/>\n<meta name=\"twitter:card\" content=\"summary_large_image\" \/>\n<meta name=\"twitter:label1\" content=\"Szacowany czas czytania\" \/>\n\t<meta name=\"twitter:data1\" content=\"2 minuty\" \/>\n<script type=\"application\/ld+json\" class=\"yoast-schema-graph\">{\"@context\":\"https:\/\/schema.org\",\"@graph\":[{\"@type\":\"WebPage\",\"@id\":\"https:\/\/distribucionarc.com\/pt\/producto\/triturador-granulador-oscilante-trabajo-en-frio-productos-humedad\/\",\"url\":\"https:\/\/distribucionarc.com\/pt\/producto\/triturador-granulador-oscilante-trabajo-en-frio-productos-humedad\/\",\"name\":\"Triturador Granulador Oscilante Trabajo en fr\u00edo productos humedad - distribuci\u00f3n ARC\",\"isPartOf\":{\"@id\":\"https:\/\/www.distribucionarc.com\/sl\/#website\"},\"primaryImageOfPage\":{\"@id\":\"https:\/\/distribucionarc.com\/pt\/producto\/triturador-granulador-oscilante-trabajo-en-frio-productos-humedad\/#primaryimage\"},\"image\":{\"@id\":\"https:\/\/distribucionarc.com\/pt\/producto\/triturador-granulador-oscilante-trabajo-en-frio-productos-humedad\/#primaryimage\"},\"thumbnailUrl\":\"https:\/\/distribucionarc.com\/wp-content\/uploads\/2025\/08\/Granulador-industrial-YARK-160-vista-lateral-derecha-completa.jpeg\",\"datePublished\":\"2025-08-20T23:39:52+00:00\",\"dateModified\":\"2025-08-20T23:39:53+00:00\",\"description\":\"YARK-160: triturador oscilante 200\u2013300 kg\/h para granulaci\u00f3n h\u00fameda en fr\u00edo en alimentos, farmacia y cosm\u00e9tica. Garant\u00eda tipo A y SAT ARC en Europa y estados unidos\",\"breadcrumb\":{\"@id\":\"https:\/\/distribucionarc.com\/pt\/producto\/triturador-granulador-oscilante-trabajo-en-frio-productos-humedad\/#breadcrumb\"},\"inLanguage\":\"pl-PL\",\"potentialAction\":[{\"@type\":\"ReadAction\",\"target\":[\"https:\/\/distribucionarc.com\/pt\/producto\/triturador-granulador-oscilante-trabajo-en-frio-productos-humedad\/\"]}]},{\"@type\":\"ImageObject\",\"inLanguage\":\"pl-PL\",\"@id\":\"https:\/\/distribucionarc.com\/pt\/producto\/triturador-granulador-oscilante-trabajo-en-frio-productos-humedad\/#primaryimage\",\"url\":\"https:\/\/distribucionarc.com\/wp-content\/uploads\/2025\/08\/Granulador-industrial-YARK-160-vista-lateral-derecha-completa.jpeg\",\"contentUrl\":\"https:\/\/distribucionarc.com\/wp-content\/uploads\/2025\/08\/Granulador-industrial-YARK-160-vista-lateral-derecha-completa.jpeg\",\"width\":800,\"height\":800,\"caption\":\"Vista lateral completa del YARK-160 en posici\u00f3n de trabajo\"},{\"@type\":\"BreadcrumbList\",\"@id\":\"https:\/\/distribucionarc.com\/pt\/producto\/triturador-granulador-oscilante-trabajo-en-frio-productos-humedad\/#breadcrumb\",\"itemListElement\":[{\"@type\":\"ListItem\",\"position\":1,\"name\":\"Portada\",\"item\":\"https:\/\/www.distribucionarc.com\/\"},{\"@type\":\"ListItem\",\"position\":2,\"name\":\"\u00dcr\u00fcnler\",\"item\":\"https:\/\/www.distribucionarc.com\/tr\/magaza\/\"},{\"@type\":\"ListItem\",\"position\":3,\"name\":\"Triturador Granulador Oscilante Trabajo en fr\u00edo productos humedad\"}]},{\"@type\":\"WebSite\",\"@id\":\"https:\/\/www.distribucionarc.com\/sl\/#website\",\"url\":\"https:\/\/www.distribucionarc.com\/sl\/\",\"name\":\"distribuci\u00f3n ARC\",\"description\":\"Empresa especializada en la fabricaci\u00f3n y distribuci\u00f3n de maquinaria industrial, selladoras de latas, Maquinas de hacer pastillas, Maquinas de cortar carne...\",\"publisher\":{\"@id\":\"https:\/\/www.distribucionarc.com\/sl\/#organization\"},\"potentialAction\":[{\"@type\":\"SearchAction\",\"target\":{\"@type\":\"EntryPoint\",\"urlTemplate\":\"https:\/\/www.distribucionarc.com\/sl\/?s={search_term_string}\"},\"query-input\":{\"@type\":\"PropertyValueSpecification\",\"valueRequired\":true,\"valueName\":\"search_term_string\"}}],\"inLanguage\":\"pl-PL\"},{\"@type\":\"Organization\",\"@id\":\"https:\/\/www.distribucionarc.com\/sl\/#organization\",\"name\":\"Distribuci\u00f3n ARC\",\"url\":\"https:\/\/www.distribucionarc.com\/sl\/\",\"logo\":{\"@type\":\"ImageObject\",\"inLanguage\":\"pl-PL\",\"@id\":\"https:\/\/www.distribucionarc.com\/sl\/#\/schema\/logo\/image\/\",\"url\":\"https:\/\/distribucionarc.com\/wp-content\/uploads\/2024\/10\/distribucion-ARC-COLOR-SIN-FONDO-e1732295305345.png\",\"contentUrl\":\"https:\/\/distribucionarc.com\/wp-content\/uploads\/2024\/10\/distribucion-ARC-COLOR-SIN-FONDO-e1732295305345.png\",\"width\":1164,\"height\":558,\"caption\":\"Distribuci\u00f3n ARC\"},\"image\":{\"@id\":\"https:\/\/www.distribucionarc.com\/sl\/#\/schema\/logo\/image\/\"},\"description\":\"Empresa especializada en la fabricaci\u00f3n y distribuci\u00f3n de maquinaria industrial para los sectores alimentario y farmac\u00e9utico. Nos especializamos en: M\u00e1quinas de cortar carne Fabricaci\u00f3n de comprimidos Sistemas de transporte industrial L\u00edneas de embotellado Dosificadores Y mucho m\u00e1s... Ofrecemos soluciones innovadoras y personalizadas para optimizar los procesos productivos de tu empresa.\",\"email\":\"Admistracion@distribucionarc.com\",\"telephone\":\"+34 643496664\",\"legalName\":\"ARC TECH SOLUTIONS\",\"foundingDate\":\"2024-04-09\",\"vatID\":\"B55480172\",\"numberOfEmployees\":{\"@type\":\"QuantitativeValue\",\"minValue\":\"1\",\"maxValue\":\"10\"}}]}<\/script>\n<!-- \/ Yoast SEO Premium plugin. -->","yoast_head_json":{"title":"Granulator oscylacyjny Kruszarka Zimna obr\u00f3bka produkt\u00f3w podatnych na wilgo\u0107 - dystrybucja ARC","description":"YARK-160: Kruszarka oscylacyjna o wydajno\u015bci 200\u2013300 kg\/h do granulacji na zimno i na mokro w przemy\u015ble spo\u017cywczym, farmaceutycznym i kosmetycznym. Gwarancja typu A i SAT ARC w Europie i Stanach Zjednoczonych.","robots":{"index":"index","follow":"follow","max-snippet":"max-snippet:-1","max-image-preview":"max-image-preview:large","max-video-preview":"max-video-preview:-1"},"canonical":"https:\/\/distribucionarc.com\/pl\/produkty\/kruszarka-granulator-oscylacyjny-do-obrobki-na-zimno-produktow-wrazliwych-na-wilgoc\/","og_locale":"pl_PL","og_type":"article","og_title":"Triturador Granulador Oscilante Trabajo en fr\u00edo productos humedad","og_description":"YARK-160: triturador oscilante 200\u2013300 kg\/h para granulaci\u00f3n h\u00fameda en fr\u00edo en alimentos, farmacia y cosm\u00e9tica. Garant\u00eda tipo A y SAT ARC en Europa y estados unidos","og_url":"https:\/\/distribucionarc.com\/pl\/produkty\/kruszarka-granulator-oscylacyjny-do-obrobki-na-zimno-produktow-wrazliwych-na-wilgoc\/","og_site_name":"distribuci\u00f3n ARC","article_modified_time":"2025-08-20T23:39:53+00:00","og_image":[{"width":800,"height":800,"url":"https:\/\/distribucionarc.com\/wp-content\/uploads\/2025\/08\/Granulador-industrial-YARK-160-vista-lateral-derecha-completa.jpeg","type":"image\/jpeg"}],"twitter_card":"summary_large_image","twitter_misc":{"Szacowany czas czytania":"2 minuty"},"schema":{"@context":"https:\/\/schema.org","@graph":[{"@type":"WebPage","@id":"https:\/\/distribucionarc.com\/pt\/producto\/triturador-granulador-oscilante-trabajo-en-frio-productos-humedad\/","url":"https:\/\/distribucionarc.com\/pt\/producto\/triturador-granulador-oscilante-trabajo-en-frio-productos-humedad\/","name":"Granulator oscylacyjny Kruszarka Zimna obr\u00f3bka produkt\u00f3w podatnych na wilgo\u0107 - dystrybucja ARC","isPartOf":{"@id":"https:\/\/www.distribucionarc.com\/sl\/#website"},"primaryImageOfPage":{"@id":"https:\/\/distribucionarc.com\/pt\/producto\/triturador-granulador-oscilante-trabajo-en-frio-productos-humedad\/#primaryimage"},"image":{"@id":"https:\/\/distribucionarc.com\/pt\/producto\/triturador-granulador-oscilante-trabajo-en-frio-productos-humedad\/#primaryimage"},"thumbnailUrl":"https:\/\/distribucionarc.com\/wp-content\/uploads\/2025\/08\/Granulador-industrial-YARK-160-vista-lateral-derecha-completa.jpeg","datePublished":"2025-08-20T23:39:52+00:00","dateModified":"2025-08-20T23:39:53+00:00","description":"YARK-160: Kruszarka oscylacyjna o wydajno\u015bci 200\u2013300 kg\/h do granulacji na zimno i na mokro w przemy\u015ble spo\u017cywczym, farmaceutycznym i kosmetycznym. Gwarancja typu A i SAT ARC w Europie i Stanach Zjednoczonych.","breadcrumb":{"@id":"https:\/\/distribucionarc.com\/pt\/producto\/triturador-granulador-oscilante-trabajo-en-frio-productos-humedad\/#breadcrumb"},"inLanguage":"pl-PL","potentialAction":[{"@type":"ReadAction","target":["https:\/\/distribucionarc.com\/pt\/producto\/triturador-granulador-oscilante-trabajo-en-frio-productos-humedad\/"]}]},{"@type":"ImageObject","inLanguage":"pl-PL","@id":"https:\/\/distribucionarc.com\/pt\/producto\/triturador-granulador-oscilante-trabajo-en-frio-productos-humedad\/#primaryimage","url":"https:\/\/distribucionarc.com\/wp-content\/uploads\/2025\/08\/Granulador-industrial-YARK-160-vista-lateral-derecha-completa.jpeg","contentUrl":"https:\/\/distribucionarc.com\/wp-content\/uploads\/2025\/08\/Granulador-industrial-YARK-160-vista-lateral-derecha-completa.jpeg","width":800,"height":800,"caption":"Vista lateral completa del YARK-160 en posici\u00f3n de trabajo"},{"@type":"BreadcrumbList","@id":"https:\/\/distribucionarc.com\/pt\/producto\/triturador-granulador-oscilante-trabajo-en-frio-productos-humedad\/#breadcrumb","itemListElement":[{"@type":"ListItem","position":1,"name":"Portada","item":"https:\/\/www.distribucionarc.com\/"},{"@type":"ListItem","position":2,"name":"\u00dcr\u00fcnler","item":"https:\/\/www.distribucionarc.com\/tr\/magaza\/"},{"@type":"ListItem","position":3,"name":"Triturador Granulador Oscilante Trabajo en fr\u00edo productos humedad"}]},{"@type":"WebSite","@id":"https:\/\/www.distribucionarc.com\/sl\/#website","url":"https:\/\/www.distribucionarc.com\/sl\/","name":"Dystrybucja ARC","description":"Firma specjalizuj\u0105ca si\u0119 w produkcji i dystrybucji maszyn przemys\u0142owych, zgrzewarek do puszek, maszyn do produkcji tabletek, maszyn do ci\u0119cia mi\u0119sa...","publisher":{"@id":"https:\/\/www.distribucionarc.com\/sl\/#organization"},"potentialAction":[{"@type":"SearchAction","target":{"@type":"EntryPoint","urlTemplate":"https:\/\/www.distribucionarc.com\/sl\/?s={search_term_string}"},"query-input":{"@type":"PropertyValueSpecification","valueRequired":true,"valueName":"search_term_string"}}],"inLanguage":"pl-PL"},{"@type":"Organization","@id":"https:\/\/www.distribucionarc.com\/sl\/#organization","name":"Dystrybucja ARC","url":"https:\/\/www.distribucionarc.com\/sl\/","logo":{"@type":"ImageObject","inLanguage":"pl-PL","@id":"https:\/\/www.distribucionarc.com\/sl\/#\/schema\/logo\/image\/","url":"https:\/\/distribucionarc.com\/wp-content\/uploads\/2024\/10\/distribucion-ARC-COLOR-SIN-FONDO-e1732295305345.png","contentUrl":"https:\/\/distribucionarc.com\/wp-content\/uploads\/2024\/10\/distribucion-ARC-COLOR-SIN-FONDO-e1732295305345.png","width":1164,"height":558,"caption":"Distribuci\u00f3n ARC"},"image":{"@id":"https:\/\/www.distribucionarc.com\/sl\/#\/schema\/logo\/image\/"},"description":"Firma specjalizuj\u0105ca si\u0119 w produkcji i dystrybucji maszyn przemys\u0142owych dla sektora spo\u017cywczego i farmaceutycznego. Specjalizujemy si\u0119 w: Maszyny do krojenia mi\u0119sa Produkcja tabletek Przemys\u0142owe systemy transportowe Linie butelkuj\u0105ce Dozowniki I wiele wi\u0119cej.... Oferujemy innowacyjne i niestandardowe rozwi\u0105zania w celu optymalizacji proces\u00f3w produkcyjnych w Twojej firmie.","email":"Admistracion@distribucionarc.com","telephone":"+34 643496664","legalName":"ARC TECH SOLUTIONS","foundingDate":"2024-04-09","vatID":"B55480172","numberOfEmployees":{"@type":"QuantitativeValue","minValue":"1","maxValue":"10"}}]}},"_links":{"self":[{"href":"https:\/\/distribucionarc.com\/pl\/wp-json\/wp\/v2\/product\/17778","targetHints":{"allow":["GET"]}}],"collection":[{"href":"https:\/\/distribucionarc.com\/pl\/wp-json\/wp\/v2\/product"}],"about":[{"href":"https:\/\/distribucionarc.com\/pl\/wp-json\/wp\/v2\/types\/product"}],"replies":[{"embeddable":true,"href":"https:\/\/distribucionarc.com\/pl\/wp-json\/wp\/v2\/comments?post=17778"}],"version-history":[{"count":1,"href":"https:\/\/distribucionarc.com\/pl\/wp-json\/wp\/v2\/product\/17778\/revisions"}],"predecessor-version":[{"id":17785,"href":"https:\/\/distribucionarc.com\/pl\/wp-json\/wp\/v2\/product\/17778\/revisions\/17785"}],"wp:featuredmedia":[{"embeddable":true,"href":"https:\/\/distribucionarc.com\/pl\/wp-json\/wp\/v2\/media\/17784"}],"wp:attachment":[{"href":"https:\/\/distribucionarc.com\/pl\/wp-json\/wp\/v2\/media?parent=17778"}],"wp:term":[{"taxonomy":"product_brand","embeddable":true,"href":"https:\/\/distribucionarc.com\/pl\/wp-json\/wp\/v2\/product_brand?post=17778"},{"taxonomy":"product_cat","embeddable":true,"href":"https:\/\/distribucionarc.com\/pl\/wp-json\/wp\/v2\/product_cat?post=17778"},{"taxonomy":"product_tag","embeddable":true,"href":"https:\/\/distribucionarc.com\/pl\/wp-json\/wp\/v2\/product_tag?post=17778"}],"curies":[{"name":"wp","href":"https:\/\/api.w.org\/{rel}","templated":true}]}}