{"id":1815,"date":"2020-07-31T11:24:52","date_gmt":"2020-07-31T11:24:52","guid":{"rendered":"https:\/\/distribucionarc.com\/?post_type=product&#038;p=1815"},"modified":"2022-10-15T21:48:50","modified_gmt":"2022-10-15T21:48:50","slug":"automatyczna-dozujaca-maszyna-zgrzewajaca-2","status":"publish","type":"product","link":"https:\/\/distribucionarc.com\/pl\/producto\/dosificadora-selladora-automatica-de-granos-2\/","title":{"rendered":"Automatyczny dozownik uszczelniaj\u0105cy ziarno 200g"},"content":{"rendered":"<h3>Automatyczny dozownik uszczelniaj\u0105cy do zb\u00f3\u017c, m\u0105k i proszk\u00f3w<\/h3>\n<p>The\u00a0<strong>uszczelniacz dozuj\u0105cy<\/strong>\u00a0z\u00a0<strong><span style=\"color: #ff0000;\">DO<\/span><span style=\"color: #0000ff;\">R<\/span>C<\/strong>\u00a0Jest to ca\u0142kowicie automatyczne, w trakcie ca\u0142ego procesu odbywa si\u0119 wa\u017cenie, ci\u0119cie, owijanie i ci\u0119cie. The\u00a0<strong>maszyna pakuj\u0105ca i wa\u017c\u0105ca<\/strong>\u00a0Posiada podw\u00f3jny system wibracji, kt\u00f3ry pracuje p\u0142ynnie i cicho<\/p>\n<p>Du\u017cy zbiornik\u00a0<strong><span style=\"color: #ff0000;\">DO<\/span><span style=\"color: #0000ff;\">R<\/span>CMSAG200<\/strong> pozwala na sprawne nape\u0142nianie. Jest to rodzaj uszczelnienia 3-stronnego. Szeroko\u015b\u0107 papieru: 18 cm (czyli szeroko\u015b\u0107 worka z gotowym produktem 8 cm). D\u0142ugo\u015b\u0107 papieru: 1-16 cm. Zakres pakowania: pojemno\u015b\u0107 1-200g. Ten <strong>automatyczna maszyna do wa\u017cenia<\/strong>\u00a0Nadaje si\u0119 do drobnego proszku, proszku chemicznego, proszku jadalnego, proszku kawowego i innych suchych i mobilnych materia\u0142\u00f3w.<\/p>\n<p>Mikrokomputerowy system sterowania <strong>wysoka precyzja<\/strong>\u00a0sprawia, \u017ce proces wa\u017cenia i nape\u0142niania jest dok\u0142adny i redukuje b\u0142\u0119dy. Podw\u00f3jne ekrany kontrolne s\u0105 \u0142atwe w u\u017cyciu.<\/p>\n<p>Ca\u0142y kad\u0142ub <strong>maszyna uszczelniaj\u0105ca i wa\u017c\u0105ca<\/strong> Wykonany jest ze stali nierdzewnej przeznaczonej do kontaktu z \u017cywno\u015bci\u0105, solidny i trwa\u0142y przez d\u0142ugi czas. \u0141atwe otwieranie i zamykanie dzi\u0119ki solidnym lokom. Wentylator odprowadzaj\u0105cy ciep\u0142o jest przeznaczony do pracy ci\u0105g\u0142ej.<\/p>\n<p>Poniewa\u017c maszyna jest z\u0142o\u017cona z dw\u00f3ch cz\u0119\u015bci (od\u0142\u0105czanych), cztery ko\u0142a zosta\u0142y zaprojektowane tak, aby umo\u017cliwi\u0107 \u0142atwe przemieszczanie i prac\u0119.<\/p>\n<h6><strong>Gwarancja\u00a0<span style=\"color: #ff0000;\">DO<\/span><span style=\"color: #0000ff;\">R<\/span>C 2 LATA<\/strong><\/h6>\n<h6><span style=\"color: #008000;\">Wydajny automatyczny dozownik uszczelniacza, niskie zu\u017cycie energii 100W<\/span><\/h6>\n<h6><strong>wsparcie techniczne w cenie<\/strong><\/h6>\n<p>&nbsp;<\/p>\n<table role=\"presentation\" width=\"100%\" cellspacing=\"0\" cellpadding=\"0\">\n<tbody>\n<tr>\n<td class=\"attrLabels\">Marka:<\/td>\n<td width=\"50.0%\">\u0141UK<\/td>\n<\/tr>\n<tr>\n<td class=\"attrLabels\">Kraj dystrybucji:<\/td>\n<td width=\"50.0%\">Hiszpania, Niemcy, USA<\/td>\n<td class=\"attrLabels\">Waga:<\/td>\n<td width=\"50.0%\">66 kg<\/td>\n<\/tr>\n<tr>\n<td class=\"attrLabels\">Marka:<\/td>\n<td width=\"50.0%\">\u0141UK<\/td>\n<td class=\"attrLabels\">Wysoko\u015b\u0107:<\/td>\n<td width=\"50.0%\">141cm<\/td>\n<\/tr>\n<tr>\n<td class=\"attrLabels\">Kolor:<\/td>\n<td width=\"50.0%\">Srebrny<\/td>\n<td class=\"attrLabels\">D\u0142ugi:<\/td>\n<td width=\"50.0%\">52cm<\/td>\n<\/tr>\n<tr>\n<td class=\"attrLabels\">Rodzaj produktu:<\/td>\n<td width=\"50.0%\">Automatyczny dozownik plomb<\/td>\n<td class=\"attrLabels\">Szeroki:<\/td>\n<td width=\"50.0%\">62cm<\/td>\n<\/tr>\n<tr>\n<td class=\"attrLabels\">Numer producenta:<\/td>\n<td width=\"50.0%\">ARMSAG200<\/td>\n<td class=\"attrLabels\">Moc:<\/td>\n<td width=\"50.0%\">100 W<\/td>\n<\/tr>\n<tr>\n<td class=\"attrLabels\">Tworzywo:<\/td>\n<td width=\"50.0%\">stal nierdzewna, mikrokomputery, sterowanie automatyczne<\/td>\n<td class=\"attrLabels\">napi\u0119cie wej\u015bciowe<\/td>\n<td width=\"50.0%\">220 V \u2013 60 Hz<\/td>\n<\/tr>\n<tr>\n<td class=\"attrLabels\">Gwarancja:<\/td>\n<td width=\"50.0%\">\u00a0 2 lata<\/td>\n<td class=\"attrLabels\">Szybko\u015b\u0107 pakowania:<\/td>\n<td width=\"50.0%\">8 \u2013 12 work\u00f3w na minut\u0119<\/td>\n<\/tr>\n<tr>\n<td class=\"attrLabels\">Narz\u0119dzia instalacyjne:<\/td>\n<td width=\"50.0%\">Tak<\/td>\n<td class=\"attrLabels\">Pojemno\u015b\u0107 pakowania:<\/td>\n<td width=\"50.0%\">\u00a00 \u2013 200 gram\u00f3w<\/td>\n<\/tr>\n<\/tbody>\n<\/table>","protected":false},"excerpt":{"rendered":"<h2>Automatyczny dozownik uszczelniaj\u0105cy do zb\u00f3\u017c, m\u0105k i proszk\u00f3w<\/h2>\n<p><strong><span style=\"color: #ff0000;\">DO<\/span><span style=\"color: #0000ff;\">R<\/span>C<\/strong>\u00a0oferuje r\u00f3\u017cnego rodzaju rozwi\u0105zania dla bran\u017c pracuj\u0105cych z proszkami, ziarnami i m\u0105kami. Posiadamy standardowe systemy umo\u017cliwiaj\u0105ce zgrzewanie work\u00f3w oraz systemy wytwarzaj\u0105ce pr\u00f3\u017cni\u0119 do pakowania.<\/p>\n<p>The\u00a0<strong>automatyczna maszyna uszczelniaj\u0105ca <span style=\"color: #ff0000;\">DO<\/span><span style=\"color: #0000ff;\">R<\/span>CMSAG200<\/strong>\u00a0Tr\u00f3jstronny worek na kurz jest stabilny i niezawodny. Po\u0142\u0105cz wszystko <strong>funkcje wa\u017cenia i pakowania<\/strong>, aby promowa\u0107 produkcj\u0119. Przyj\u0105\u0107 <strong>podw\u00f3jne systemy wibracyjne do maskowania<\/strong> <strong>bardzo wydajny<\/strong>. Jest idealny do kurzu, cz\u0105stek i innych suchych i ruchomych materia\u0142\u00f3w, nadaje si\u0119 do bibu\u0142y filtracyjnej, folii kompozytowej, work\u00f3w z folii aluminiowej, w\u0142\u00f3kniny, papieru olejowanego, torebek plastikowych zgrzewanych na gor\u0105co i innych materia\u0142\u00f3w opakowaniowych zgrzewanych na gor\u0105co.<\/p>\n<h6><strong>Gwarancja\u00a0<span style=\"color: #ff0000;\">DO<\/span><span style=\"color: #0000ff;\">R<\/span>C 2 LATA<\/strong><\/h6>\n<h6><span style=\"color: #008000;\">Wydajny automatyczny dozownik uszczelniacza, niskie zu\u017cycie energii 100W<\/span><\/h6>\n<h6><strong>wsparcie techniczne w cenie<\/strong><\/h6>","protected":false},"featured_media":1822,"comment_status":"open","ping_status":"closed","template":"","meta":{"wds_primary_product_brand":0,"wds_primary_product_cat":0},"product_brand":[],"product_cat":[18,22,15,21,27],"product_tag":[],"class_list":{"0":"post-1815","1":"product","2":"type-product","3":"status-publish","4":"has-post-thumbnail","6":"product_cat-dosificadoras","7":"product_cat-llenadora-de-bolsas-granos-y-polvo","8":"product_cat-llenadoras-y-selladoras-automaticas-flow-pack-sachet","9":"product_cat-maquinas-llenadoras","10":"product_cat-selladoras-de-bolsas","11":"product_shipping_class-express","13":"first","14":"instock","15":"taxable","16":"shipping-taxable","17":"purchasable","18":"product-type-simple"},"yoast_head":"<!-- This site is optimized with the Yoast SEO Premium plugin v24.9 (Yoast SEO v26.1) - https:\/\/yoast.com\/wordpress\/plugins\/seo\/ -->\n<title>Dosificadora selladora autom\u00e1tica de granos 200g - distribuci\u00f3n ARC<\/title>\n<meta name=\"robots\" content=\"index, follow, max-snippet:-1, max-image-preview:large, max-video-preview:-1\" \/>\n<link rel=\"canonical\" href=\"https:\/\/www.distribucionarc.com\/tr\/producto\/dosificadora-selladora-automatica-de-granos-2\/\" \/>\n<meta property=\"og:locale\" content=\"pl_PL\" \/>\n<meta property=\"og:type\" content=\"article\" \/>\n<meta property=\"og:title\" content=\"Dosificadora selladora autom\u00e1tica de granos 200g\" \/>\n<meta property=\"og:description\" content=\"Dosificadora selladora autom\u00e1tica de granos, harinas polvos ARC\u00a0ofrece varios tipos de soluciones para las industrias que trabajan con polvos, granos y harinas. Tenemos sistemas est\u00e1ndar que permiten sellar las bolsas y tambi\u00e9n sistemas que generan vac\u00edo a los empaques.  La\u00a0m\u00e1quina de sellado autom\u00e1tico ARCMSAG200\u00a0de tres caras para bolsas de polvo es estable y confiable. Combina todas las funciones de pesaje y embalaje, para favorecer la producci\u00f3n. Adopta sistemas de doble vibraci\u00f3n para un enmascaramiento muy eficiente. Es perfecto para polvo, part\u00edculas y otros materiales secos y m\u00f3viles, adecuado para papel de filtro, pel\u00edcula compuesta, bolsas de papel de aluminio, no tejido, papel engrasado, bolsas de pl\u00e1stico termosellados y otros materiales de embalaje termosellable. Garant\u00eda\u00a0ARC 2 A\u00d1OS Dosificadora selladora autom\u00e1tica eficiente, bajo consumo 100w soporte t\u00e9cnico incluido\" \/>\n<meta property=\"og:url\" content=\"https:\/\/www.distribucionarc.com\/tr\/producto\/dosificadora-selladora-automatica-de-granos-2\/\" \/>\n<meta property=\"og:site_name\" content=\"distribuci\u00f3n ARC\" \/>\n<meta property=\"article:modified_time\" content=\"2022-10-15T21:48:50+00:00\" \/>\n<meta property=\"og:image\" content=\"https:\/\/distribucionarc.com\/wp-content\/uploads\/2020\/07\/Dosificadora-selladora-autom\u00e1tica-de-granos-200-0.jpg\" \/>\n\t<meta property=\"og:image:width\" content=\"1600\" \/>\n\t<meta property=\"og:image:height\" content=\"1600\" \/>\n\t<meta property=\"og:image:type\" content=\"image\/jpeg\" \/>\n<meta name=\"twitter:card\" content=\"summary_large_image\" \/>\n<meta name=\"twitter:label1\" content=\"Szacowany czas czytania\" \/>\n\t<meta name=\"twitter:data1\" content=\"2 minuty\" \/>\n<script type=\"application\/ld+json\" class=\"yoast-schema-graph\">{\"@context\":\"https:\/\/schema.org\",\"@graph\":[{\"@type\":\"WebPage\",\"@id\":\"https:\/\/www.distribucionarc.com\/tr\/producto\/dosificadora-selladora-automatica-de-granos-2\/\",\"url\":\"https:\/\/www.distribucionarc.com\/tr\/producto\/dosificadora-selladora-automatica-de-granos-2\/\",\"name\":\"Dosificadora selladora autom\u00e1tica de granos 200g - distribuci\u00f3n ARC\",\"isPartOf\":{\"@id\":\"https:\/\/www.distribucionarc.com\/sl\/#website\"},\"primaryImageOfPage\":{\"@id\":\"https:\/\/www.distribucionarc.com\/tr\/producto\/dosificadora-selladora-automatica-de-granos-2\/#primaryimage\"},\"image\":{\"@id\":\"https:\/\/www.distribucionarc.com\/tr\/producto\/dosificadora-selladora-automatica-de-granos-2\/#primaryimage\"},\"thumbnailUrl\":\"https:\/\/distribucionarc.com\/wp-content\/uploads\/2020\/07\/Dosificadora-selladora-autom\u00e1tica-de-granos-200-0.jpg\",\"datePublished\":\"2020-07-31T11:24:52+00:00\",\"dateModified\":\"2022-10-15T21:48:50+00:00\",\"breadcrumb\":{\"@id\":\"https:\/\/www.distribucionarc.com\/tr\/producto\/dosificadora-selladora-automatica-de-granos-2\/#breadcrumb\"},\"inLanguage\":\"pl-PL\",\"potentialAction\":[{\"@type\":\"ReadAction\",\"target\":[\"https:\/\/www.distribucionarc.com\/tr\/producto\/dosificadora-selladora-automatica-de-granos-2\/\"]}]},{\"@type\":\"ImageObject\",\"inLanguage\":\"pl-PL\",\"@id\":\"https:\/\/www.distribucionarc.com\/tr\/producto\/dosificadora-selladora-automatica-de-granos-2\/#primaryimage\",\"url\":\"https:\/\/distribucionarc.com\/wp-content\/uploads\/2020\/07\/Dosificadora-selladora-autom\u00e1tica-de-granos-200-0.jpg\",\"contentUrl\":\"https:\/\/distribucionarc.com\/wp-content\/uploads\/2020\/07\/Dosificadora-selladora-autom\u00e1tica-de-granos-200-0.jpg\",\"width\":1600,\"height\":1600,\"caption\":\"Dosificadora selladora autom\u00e1tica de granos 200\"},{\"@type\":\"BreadcrumbList\",\"@id\":\"https:\/\/www.distribucionarc.com\/tr\/producto\/dosificadora-selladora-automatica-de-granos-2\/#breadcrumb\",\"itemListElement\":[{\"@type\":\"ListItem\",\"position\":1,\"name\":\"Portada\",\"item\":\"https:\/\/www.distribucionarc.com\/\"},{\"@type\":\"ListItem\",\"position\":2,\"name\":\"\u00dcr\u00fcnler\",\"item\":\"https:\/\/www.distribucionarc.com\/tr\/magaza\/\"},{\"@type\":\"ListItem\",\"position\":3,\"name\":\"Dosificadora selladora autom\u00e1tica de granos 200g\"}]},{\"@type\":\"WebSite\",\"@id\":\"https:\/\/www.distribucionarc.com\/sl\/#website\",\"url\":\"https:\/\/www.distribucionarc.com\/sl\/\",\"name\":\"distribuci\u00f3n ARC\",\"description\":\"Empresa especializada en la fabricaci\u00f3n y distribuci\u00f3n de maquinaria industrial, selladoras de latas, Maquinas de hacer pastillas, Maquinas de cortar carne...\",\"publisher\":{\"@id\":\"https:\/\/www.distribucionarc.com\/sl\/#organization\"},\"potentialAction\":[{\"@type\":\"SearchAction\",\"target\":{\"@type\":\"EntryPoint\",\"urlTemplate\":\"https:\/\/www.distribucionarc.com\/sl\/?s={search_term_string}\"},\"query-input\":{\"@type\":\"PropertyValueSpecification\",\"valueRequired\":true,\"valueName\":\"search_term_string\"}}],\"inLanguage\":\"pl-PL\"},{\"@type\":\"Organization\",\"@id\":\"https:\/\/www.distribucionarc.com\/sl\/#organization\",\"name\":\"Distribuci\u00f3n ARC\",\"url\":\"https:\/\/www.distribucionarc.com\/sl\/\",\"logo\":{\"@type\":\"ImageObject\",\"inLanguage\":\"pl-PL\",\"@id\":\"https:\/\/www.distribucionarc.com\/sl\/#\/schema\/logo\/image\/\",\"url\":\"https:\/\/distribucionarc.com\/wp-content\/uploads\/2024\/10\/distribucion-ARC-COLOR-SIN-FONDO-e1732295305345.png\",\"contentUrl\":\"https:\/\/distribucionarc.com\/wp-content\/uploads\/2024\/10\/distribucion-ARC-COLOR-SIN-FONDO-e1732295305345.png\",\"width\":1164,\"height\":558,\"caption\":\"Distribuci\u00f3n ARC\"},\"image\":{\"@id\":\"https:\/\/www.distribucionarc.com\/sl\/#\/schema\/logo\/image\/\"},\"description\":\"Empresa especializada en la fabricaci\u00f3n y distribuci\u00f3n de maquinaria industrial para los sectores alimentario y farmac\u00e9utico. Nos especializamos en: M\u00e1quinas de cortar carne Fabricaci\u00f3n de comprimidos Sistemas de transporte industrial L\u00edneas de embotellado Dosificadores Y mucho m\u00e1s... Ofrecemos soluciones innovadoras y personalizadas para optimizar los procesos productivos de tu empresa.\",\"email\":\"Admistracion@distribucionarc.com\",\"telephone\":\"+34 643496664\",\"legalName\":\"ARC TECH SOLUTIONS\",\"foundingDate\":\"2024-04-09\",\"vatID\":\"B55480172\",\"numberOfEmployees\":{\"@type\":\"QuantitativeValue\",\"minValue\":\"1\",\"maxValue\":\"10\"}}]}<\/script>\n<!-- \/ Yoast SEO Premium plugin. -->","yoast_head_json":{"title":"Automatyczny dozownik zapiecz\u0119towania ziarna 200g - dystrybucja ARC","robots":{"index":"index","follow":"follow","max-snippet":"max-snippet:-1","max-image-preview":"max-image-preview:large","max-video-preview":"max-video-preview:-1"},"canonical":"https:\/\/www.distribucionarc.com\/tr\/producto\/dosificadora-selladora-automatica-de-granos-2\/","og_locale":"pl_PL","og_type":"article","og_title":"Dosificadora selladora autom\u00e1tica de granos 200g","og_description":"Dosificadora selladora autom\u00e1tica de granos, harinas polvos ARC\u00a0ofrece varios tipos de soluciones para las industrias que trabajan con polvos, granos y harinas. Tenemos sistemas est\u00e1ndar que permiten sellar las bolsas y tambi\u00e9n sistemas que generan vac\u00edo a los empaques.  La\u00a0m\u00e1quina de sellado autom\u00e1tico ARCMSAG200\u00a0de tres caras para bolsas de polvo es estable y confiable. Combina todas las funciones de pesaje y embalaje, para favorecer la producci\u00f3n. Adopta sistemas de doble vibraci\u00f3n para un enmascaramiento muy eficiente. Es perfecto para polvo, part\u00edculas y otros materiales secos y m\u00f3viles, adecuado para papel de filtro, pel\u00edcula compuesta, bolsas de papel de aluminio, no tejido, papel engrasado, bolsas de pl\u00e1stico termosellados y otros materiales de embalaje termosellable. Garant\u00eda\u00a0ARC 2 A\u00d1OS Dosificadora selladora autom\u00e1tica eficiente, bajo consumo 100w soporte t\u00e9cnico incluido","og_url":"https:\/\/www.distribucionarc.com\/tr\/producto\/dosificadora-selladora-automatica-de-granos-2\/","og_site_name":"distribuci\u00f3n ARC","article_modified_time":"2022-10-15T21:48:50+00:00","og_image":[{"width":1600,"height":1600,"url":"https:\/\/distribucionarc.com\/wp-content\/uploads\/2020\/07\/Dosificadora-selladora-autom\u00e1tica-de-granos-200-0.jpg","type":"image\/jpeg"}],"twitter_card":"summary_large_image","twitter_misc":{"Szacowany czas czytania":"2 minuty"},"schema":{"@context":"https:\/\/schema.org","@graph":[{"@type":"WebPage","@id":"https:\/\/www.distribucionarc.com\/tr\/producto\/dosificadora-selladora-automatica-de-granos-2\/","url":"https:\/\/www.distribucionarc.com\/tr\/producto\/dosificadora-selladora-automatica-de-granos-2\/","name":"Automatyczny dozownik zapiecz\u0119towania ziarna 200g - dystrybucja ARC","isPartOf":{"@id":"https:\/\/www.distribucionarc.com\/sl\/#website"},"primaryImageOfPage":{"@id":"https:\/\/www.distribucionarc.com\/tr\/producto\/dosificadora-selladora-automatica-de-granos-2\/#primaryimage"},"image":{"@id":"https:\/\/www.distribucionarc.com\/tr\/producto\/dosificadora-selladora-automatica-de-granos-2\/#primaryimage"},"thumbnailUrl":"https:\/\/distribucionarc.com\/wp-content\/uploads\/2020\/07\/Dosificadora-selladora-autom\u00e1tica-de-granos-200-0.jpg","datePublished":"2020-07-31T11:24:52+00:00","dateModified":"2022-10-15T21:48:50+00:00","breadcrumb":{"@id":"https:\/\/www.distribucionarc.com\/tr\/producto\/dosificadora-selladora-automatica-de-granos-2\/#breadcrumb"},"inLanguage":"pl-PL","potentialAction":[{"@type":"ReadAction","target":["https:\/\/www.distribucionarc.com\/tr\/producto\/dosificadora-selladora-automatica-de-granos-2\/"]}]},{"@type":"ImageObject","inLanguage":"pl-PL","@id":"https:\/\/www.distribucionarc.com\/tr\/producto\/dosificadora-selladora-automatica-de-granos-2\/#primaryimage","url":"https:\/\/distribucionarc.com\/wp-content\/uploads\/2020\/07\/Dosificadora-selladora-autom\u00e1tica-de-granos-200-0.jpg","contentUrl":"https:\/\/distribucionarc.com\/wp-content\/uploads\/2020\/07\/Dosificadora-selladora-autom\u00e1tica-de-granos-200-0.jpg","width":1600,"height":1600,"caption":"Dosificadora selladora autom\u00e1tica de granos 200"},{"@type":"BreadcrumbList","@id":"https:\/\/www.distribucionarc.com\/tr\/producto\/dosificadora-selladora-automatica-de-granos-2\/#breadcrumb","itemListElement":[{"@type":"ListItem","position":1,"name":"Portada","item":"https:\/\/www.distribucionarc.com\/"},{"@type":"ListItem","position":2,"name":"\u00dcr\u00fcnler","item":"https:\/\/www.distribucionarc.com\/tr\/magaza\/"},{"@type":"ListItem","position":3,"name":"Dosificadora selladora autom\u00e1tica de granos 200g"}]},{"@type":"WebSite","@id":"https:\/\/www.distribucionarc.com\/sl\/#website","url":"https:\/\/www.distribucionarc.com\/sl\/","name":"Dystrybucja ARC","description":"Firma specjalizuj\u0105ca si\u0119 w produkcji i dystrybucji maszyn przemys\u0142owych, zgrzewarek do puszek, maszyn do produkcji tabletek, maszyn do ci\u0119cia mi\u0119sa...","publisher":{"@id":"https:\/\/www.distribucionarc.com\/sl\/#organization"},"potentialAction":[{"@type":"SearchAction","target":{"@type":"EntryPoint","urlTemplate":"https:\/\/www.distribucionarc.com\/sl\/?s={search_term_string}"},"query-input":{"@type":"PropertyValueSpecification","valueRequired":true,"valueName":"search_term_string"}}],"inLanguage":"pl-PL"},{"@type":"Organization","@id":"https:\/\/www.distribucionarc.com\/sl\/#organization","name":"Dystrybucja ARC","url":"https:\/\/www.distribucionarc.com\/sl\/","logo":{"@type":"ImageObject","inLanguage":"pl-PL","@id":"https:\/\/www.distribucionarc.com\/sl\/#\/schema\/logo\/image\/","url":"https:\/\/distribucionarc.com\/wp-content\/uploads\/2024\/10\/distribucion-ARC-COLOR-SIN-FONDO-e1732295305345.png","contentUrl":"https:\/\/distribucionarc.com\/wp-content\/uploads\/2024\/10\/distribucion-ARC-COLOR-SIN-FONDO-e1732295305345.png","width":1164,"height":558,"caption":"Distribuci\u00f3n ARC"},"image":{"@id":"https:\/\/www.distribucionarc.com\/sl\/#\/schema\/logo\/image\/"},"description":"Firma specjalizuj\u0105ca si\u0119 w produkcji i dystrybucji maszyn przemys\u0142owych dla sektora spo\u017cywczego i farmaceutycznego. Specjalizujemy si\u0119 w: Maszyny do krojenia mi\u0119sa Produkcja tabletek Przemys\u0142owe systemy transportowe Linie butelkuj\u0105ce Dozowniki I wiele wi\u0119cej.... Oferujemy innowacyjne i niestandardowe rozwi\u0105zania w celu optymalizacji proces\u00f3w produkcyjnych w Twojej firmie.","email":"Admistracion@distribucionarc.com","telephone":"+34 643496664","legalName":"ARC TECH SOLUTIONS","foundingDate":"2024-04-09","vatID":"B55480172","numberOfEmployees":{"@type":"QuantitativeValue","minValue":"1","maxValue":"10"}}]}},"_links":{"self":[{"href":"https:\/\/distribucionarc.com\/pl\/wp-json\/wp\/v2\/product\/1815","targetHints":{"allow":["GET"]}}],"collection":[{"href":"https:\/\/distribucionarc.com\/pl\/wp-json\/wp\/v2\/product"}],"about":[{"href":"https:\/\/distribucionarc.com\/pl\/wp-json\/wp\/v2\/types\/product"}],"replies":[{"embeddable":true,"href":"https:\/\/distribucionarc.com\/pl\/wp-json\/wp\/v2\/comments?post=1815"}],"version-history":[{"count":0,"href":"https:\/\/distribucionarc.com\/pl\/wp-json\/wp\/v2\/product\/1815\/revisions"}],"wp:featuredmedia":[{"embeddable":true,"href":"https:\/\/distribucionarc.com\/pl\/wp-json\/wp\/v2\/media\/1822"}],"wp:attachment":[{"href":"https:\/\/distribucionarc.com\/pl\/wp-json\/wp\/v2\/media?parent=1815"}],"wp:term":[{"taxonomy":"product_brand","embeddable":true,"href":"https:\/\/distribucionarc.com\/pl\/wp-json\/wp\/v2\/product_brand?post=1815"},{"taxonomy":"product_cat","embeddable":true,"href":"https:\/\/distribucionarc.com\/pl\/wp-json\/wp\/v2\/product_cat?post=1815"},{"taxonomy":"product_tag","embeddable":true,"href":"https:\/\/distribucionarc.com\/pl\/wp-json\/wp\/v2\/product_tag?post=1815"}],"curies":[{"name":"wp","href":"https:\/\/api.w.org\/{rel}","templated":true}]}}