{"id":1950,"date":"2020-08-04T12:22:50","date_gmt":"2020-08-04T12:22:50","guid":{"rendered":"https:\/\/distribucionarc.com\/?post_type=product&#038;p=1950"},"modified":"2020-09-30T07:35:05","modified_gmt":"2020-09-30T07:35:05","slug":"przemyslowa-kurtyna-powietrzna","status":"publish","type":"product","link":"https:\/\/distribucionarc.com\/pl\/producto\/cortina-de-aire-industrial\/","title":{"rendered":"Przemys\u0142owa kurtyna powietrzna 90 cm"},"content":{"rendered":"<h3>Przemys\u0142owa klimatyzacja kurtynowa<\/h3>\n<p>The <strong>kurtyny wiatrowe<\/strong> Skutecznie zapobiegaj\u0105 wydostawaniu si\u0119 klimatyzowanego powietrza na zewn\u0105trz i blokuj\u0105 przedostawanie si\u0119 kurzu, owad\u00f3w lataj\u0105cych, dymu itp.<\/p>\n<p>The<strong> kurtyny powietrzne <span style=\"color: #ff0000;\">DO<\/span><span style=\"color: #0000ff;\">R<\/span>C<\/strong> Odbojniki drzwiowe wyposa\u017cone s\u0105 w przycisk (niski\/wy\u0142\u0105czony\/wysoki) umo\u017cliwiaj\u0105cy zmian\u0119 pr\u0119dko\u015bci nadmuchu. Jego zu\u017cycie energii zmienia si\u0119 w zale\u017cno\u015bci od potrzeb i wynosi od 145 W do 165 W <span style=\"color: #008000;\"><strong>znacz\u0105co poprawiaj\u0105c zu\u017cycie energii.<\/strong><\/span><\/p>\n<p>Silnik o du\u017cej mocy zapewnia doskona\u0142y przep\u0142yw powietrza. Zastosowano konstrukcj\u0119 owiewki, a kierunek wiatru mo\u017cna regulowa\u0107 r\u0119cznie, aby dostosowa\u0107 si\u0119 do r\u00f3\u017cnych warunk\u00f3w.<\/p>\n<p>The <strong>kurtyna klimatyzacji <span style=\"color: #ff0000;\">DO<\/span><span style=\"color: #0000ff;\">R<\/span>CCAF1<\/strong> Jest wyposa\u017cony w ciche \u0142o\u017cyska zapewniaj\u0105ce cich\u0105 prac\u0119. Poziom ha\u0142asu jest mniejszy ni\u017c 55 dB, co pozwala na prac\u0119 w cichym otoczeniu.<\/p>\n<p>Wy\u0142\u0105cznik kra\u0144cowy mo\u017cna zamontowa\u0107 na drzwiach. Po otwarciu drzwi wentylator drzwiowy zaczyna dzia\u0142a\u0107 automatycznie, a po zamkni\u0119ciu drzwi zamyka si\u0119 automatycznie.<\/p>\n<p>Jest wyposa\u017cony w p\u0142yt\u0119 monta\u017cow\u0105, kt\u00f3ra jest ju\u017c wyposa\u017cona w wst\u0119pnie wywiercone otwory, dzi\u0119ki czemu monta\u017c jest \u0142atwiejszy i solidniejszy.<\/p>\n<h6>\u00a0<strong>Gwarancja\u00a0<span style=\"color: #ff0000;\">DO<\/span><span style=\"color: #0000ff;\">R<\/span>C 2 LATA<\/strong><\/h6>\n<h6><span style=\"color: #008000;\">Wydajna klimatyzacja, niskie zu\u017cycie energii 165w<\/span><\/h6>\n<h6><strong>wsparcie techniczne w cenie<\/strong><\/h6>\n<p>&nbsp;<\/p>\n<p>&nbsp;<\/p>\n<table role=\"presentation\" width=\"100%\" cellspacing=\"0\" cellpadding=\"0\">\n<tbody>\n<tr>\n<td class=\"attrLabels\">Marka:<\/td>\n<td width=\"50.0%\">\u0141UK<\/td>\n<\/tr>\n<tr>\n<td class=\"attrLabels\">Kraj dystrybucji:<\/td>\n<td width=\"50.0%\">Hiszpania, Niemcy, USA<\/td>\n<td class=\"attrLabels\">Waga:<\/td>\n<td width=\"50.0%\">13 kg<\/td>\n<\/tr>\n<tr>\n<td class=\"attrLabels\">Kolor:<\/td>\n<td width=\"50.0%\">Bia\u0142y<\/td>\n<td class=\"attrLabels\">Wysoko\u015b\u0107:<\/td>\n<td width=\"50.0%\">22cm<\/td>\n<\/tr>\n<tr>\n<td class=\"attrLabels\">\u00a0Gwarancja:<\/td>\n<td width=\"50.0%\">\u00a02 LATA<\/td>\n<td class=\"attrLabels\">D\u0142ugi:<\/td>\n<td width=\"50.0%\">90cm<\/td>\n<\/tr>\n<tr>\n<td class=\"attrLabels\">Rodzaj produktu:<\/td>\n<td width=\"50.0%\">Klimatyzacja<\/td>\n<td class=\"attrLabels\">Szeroki:<\/td>\n<td width=\"50.0%\">19cm<\/td>\n<\/tr>\n<tr>\n<td class=\"attrLabels\">Numer producenta:<\/td>\n<td width=\"50.0%\">ARCCAF1<\/td>\n<td class=\"attrLabels\">Wysoka pr\u0119dko\u015b\u0107:<\/td>\n<td width=\"50.0%\">1322,3 CFM<\/td>\n<\/tr>\n<tr>\n<td class=\"attrLabels\">Tworzywo:<\/td>\n<td width=\"50.0%\">Wydajny silnik, automatyczne sterowanie<\/td>\n<td class=\"attrLabels\">Niska pr\u0119dko\u015b\u0107:<\/td>\n<td width=\"50.0%\">1082,0 CFM<\/td>\n<\/tr>\n<tr>\n<td class=\"attrLabels\">Moc:<\/td>\n<td width=\"50.0%\">\u00a0145 W do 165 W<\/td>\n<td class=\"attrLabels\">Zalecana wysoko\u015b\u0107 drzwi:<\/td>\n<td width=\"50.0%\">2,3 metra<\/td>\n<\/tr>\n<tr>\n<td class=\"attrLabels\">Napi\u0119cie wej\u015bciowe:<\/td>\n<td width=\"50.0%\">230 V \u2013 50 Hz<\/td>\n<td class=\"attrLabels\">Ha\u0142as silnika:<\/td>\n<td width=\"50.0%\">&lt;55dB<\/td>\n<\/tr>\n<\/tbody>\n<\/table>","protected":false},"excerpt":{"rendered":"<h2>Przemys\u0142owa klimatyzacja kurtynowa<\/h2>\n<p>Najlepsze rozwi\u0105zanie, aby w Twoim lokalu zawsze panowa\u0142a odpowiednia temperatura i taka, jak\u0105 lubi\u0105 Twoi klienci.<\/p>\n<p>The <strong>kurtyna powietrzna<\/strong> z <strong><span style=\"color: #ff0000;\">DO<\/span><span style=\"color: #0000ff;\">R<\/span>C<\/strong> Jest to pot\u0119\u017cny wentylator, kt\u00f3ry tworzy nad wej\u015bciem niewidoczn\u0105 barier\u0119 powietrzn\u0105 o du\u017cej pr\u0119dko\u015bci. Izoluje \u015brodowisko powietrza wewn\u0105trz i na zewn\u0105trz, aby utrzyma\u0107 r\u00f3\u017cnic\u0119 temperatur. <strong>Oszcz\u0119dzaj energi\u0119<\/strong> i pomaga zapobiega\u0107 ucieczce powietrza na zewn\u0105trz oraz blokuje przedostawanie si\u0119 owad\u00f3w lataj\u0105cych, kurzu, gor\u0105cego lub zimnego powietrza i dymu.<\/p>\n<h6><strong>Gwarancja\u00a0<span style=\"color: #ff0000;\">DO<\/span><span style=\"color: #0000ff;\">R<\/span>C 2 LATA<\/strong><\/h6>\n<h6><span style=\"color: #008000;\">Wydajna klimatyzacja, niskie zu\u017cycie energii 165w<\/span><\/h6>\n<h6><strong>wsparcie techniczne w cenie<\/strong><\/h6>\n<p>&nbsp;<\/p>","protected":false},"featured_media":1951,"comment_status":"open","ping_status":"closed","template":"","meta":{"wds_primary_product_brand":0,"wds_primary_product_cat":0},"product_brand":[],"product_cat":[63],"product_tag":[],"class_list":{"0":"post-1950","1":"product","2":"type-product","3":"status-publish","4":"has-post-thumbnail","6":"product_cat-climatizacion-industrial","7":"product_shipping_class-hosteleria","9":"first","10":"instock","11":"sale","12":"taxable","13":"shipping-taxable","14":"purchasable","15":"product-type-simple"},"yoast_head":"<!-- This site is optimized with the Yoast SEO Premium plugin v24.9 (Yoast SEO v26.1) - https:\/\/yoast.com\/wordpress\/plugins\/seo\/ -->\n<title>Cortina de aire industrial 90 cm - distribuci\u00f3n ARC<\/title>\n<meta name=\"robots\" content=\"index, follow, max-snippet:-1, max-image-preview:large, max-video-preview:-1\" \/>\n<link rel=\"canonical\" href=\"https:\/\/www.distribucionarc.com\/ro\/producto\/cortina-de-aire-industrial\/\" \/>\n<meta property=\"og:locale\" content=\"pl_PL\" \/>\n<meta property=\"og:type\" content=\"article\" \/>\n<meta property=\"og:title\" content=\"Cortina de aire industrial 90 cm\" \/>\n<meta property=\"og:description\" content=\"Aire acondicionado cortina de aire industrial La mejor soluci\u00f3n para que su local est\u00e9 siempre a la temperatura adecuada y del agrado de sus clientes.  La cortina de aire de ARC es un potente ventilador, que crea una barrera de aire invisible de alta velocidad sobre la entrada. A\u00edsla el ambiente de aire interior y exterior para mantener la diferencia de temperatura. Ahorra energ\u00eda y ayuda a evitar que el aire escape al exterior, y bloquea la entrada de insectos voladores, polvo, aire caliente o fr\u00edo y humo. Garant\u00eda\u00a0ARC 2 A\u00d1OS Aire acondicionado eficiente, bajo consumo 165w soporte t\u00e9cnico incluido &nbsp;\" \/>\n<meta property=\"og:url\" content=\"https:\/\/www.distribucionarc.com\/ro\/producto\/cortina-de-aire-industrial\/\" \/>\n<meta property=\"og:site_name\" content=\"distribuci\u00f3n ARC\" \/>\n<meta property=\"article:modified_time\" content=\"2020-09-30T07:35:05+00:00\" \/>\n<meta property=\"og:image\" content=\"https:\/\/www.distribucionarc.com\/wp-content\/uploads\/2020\/08\/Cortina-de-aire-industrial-0.jpg\" \/>\n\t<meta property=\"og:image:width\" content=\"1600\" \/>\n\t<meta property=\"og:image:height\" content=\"1600\" \/>\n\t<meta property=\"og:image:type\" content=\"image\/jpeg\" \/>\n<meta name=\"twitter:card\" content=\"summary_large_image\" \/>\n<meta name=\"twitter:label1\" content=\"Szacowany czas czytania\" \/>\n\t<meta name=\"twitter:data1\" content=\"1 minuta\" \/>\n<script type=\"application\/ld+json\" class=\"yoast-schema-graph\">{\"@context\":\"https:\/\/schema.org\",\"@graph\":[{\"@type\":\"WebPage\",\"@id\":\"https:\/\/www.distribucionarc.com\/ro\/producto\/cortina-de-aire-industrial\/\",\"url\":\"https:\/\/www.distribucionarc.com\/ro\/producto\/cortina-de-aire-industrial\/\",\"name\":\"Cortina de aire industrial 90 cm - distribuci\u00f3n ARC\",\"isPartOf\":{\"@id\":\"https:\/\/distribucionarc.com\/ro\/#website\"},\"primaryImageOfPage\":{\"@id\":\"https:\/\/www.distribucionarc.com\/ro\/producto\/cortina-de-aire-industrial\/#primaryimage\"},\"image\":{\"@id\":\"https:\/\/www.distribucionarc.com\/ro\/producto\/cortina-de-aire-industrial\/#primaryimage\"},\"thumbnailUrl\":\"https:\/\/distribucionarc.com\/wp-content\/uploads\/2020\/08\/Cortina-de-aire-industrial-0.jpg\",\"datePublished\":\"2020-08-04T12:22:50+00:00\",\"dateModified\":\"2020-09-30T07:35:05+00:00\",\"breadcrumb\":{\"@id\":\"https:\/\/www.distribucionarc.com\/ro\/producto\/cortina-de-aire-industrial\/#breadcrumb\"},\"inLanguage\":\"pl-PL\",\"potentialAction\":[{\"@type\":\"ReadAction\",\"target\":[\"https:\/\/www.distribucionarc.com\/ro\/producto\/cortina-de-aire-industrial\/\"]}]},{\"@type\":\"ImageObject\",\"inLanguage\":\"pl-PL\",\"@id\":\"https:\/\/www.distribucionarc.com\/ro\/producto\/cortina-de-aire-industrial\/#primaryimage\",\"url\":\"https:\/\/distribucionarc.com\/wp-content\/uploads\/2020\/08\/Cortina-de-aire-industrial-0.jpg\",\"contentUrl\":\"https:\/\/distribucionarc.com\/wp-content\/uploads\/2020\/08\/Cortina-de-aire-industrial-0.jpg\",\"width\":1600,\"height\":1600,\"caption\":\"Cortina de aire industrial\"},{\"@type\":\"BreadcrumbList\",\"@id\":\"https:\/\/www.distribucionarc.com\/ro\/producto\/cortina-de-aire-industrial\/#breadcrumb\",\"itemListElement\":[{\"@type\":\"ListItem\",\"position\":1,\"name\":\"Portada\",\"item\":\"https:\/\/distribucionarc.com\/ar\/\"},{\"@type\":\"ListItem\",\"position\":2,\"name\":\"Proizvodi\",\"item\":\"https:\/\/www.distribucionarc.com\/hr\/ducan\/\"},{\"@type\":\"ListItem\",\"position\":3,\"name\":\"Cortina de aire industrial 90 cm\"}]},{\"@type\":\"WebSite\",\"@id\":\"https:\/\/distribucionarc.com\/ro\/#website\",\"url\":\"https:\/\/distribucionarc.com\/ro\/\",\"name\":\"distribuci\u00f3n ARC\",\"description\":\"Empresa especializada en la fabricaci\u00f3n y distribuci\u00f3n de maquinaria industrial, selladoras de latas, Maquinas de hacer pastillas, Maquinas de cortar carne...\",\"publisher\":{\"@id\":\"https:\/\/distribucionarc.com\/ro\/#organization\"},\"potentialAction\":[{\"@type\":\"SearchAction\",\"target\":{\"@type\":\"EntryPoint\",\"urlTemplate\":\"https:\/\/distribucionarc.com\/ro\/?s={search_term_string}\"},\"query-input\":{\"@type\":\"PropertyValueSpecification\",\"valueRequired\":true,\"valueName\":\"search_term_string\"}}],\"inLanguage\":\"pl-PL\"},{\"@type\":\"Organization\",\"@id\":\"https:\/\/distribucionarc.com\/ro\/#organization\",\"name\":\"Distribuci\u00f3n ARC\",\"url\":\"https:\/\/distribucionarc.com\/ro\/\",\"logo\":{\"@type\":\"ImageObject\",\"inLanguage\":\"pl-PL\",\"@id\":\"https:\/\/distribucionarc.com\/ro\/#\/schema\/logo\/image\/\",\"url\":\"https:\/\/distribucionarc.com\/wp-content\/uploads\/2024\/10\/distribucion-ARC-COLOR-SIN-FONDO-e1732295305345.png\",\"contentUrl\":\"https:\/\/distribucionarc.com\/wp-content\/uploads\/2024\/10\/distribucion-ARC-COLOR-SIN-FONDO-e1732295305345.png\",\"width\":1164,\"height\":558,\"caption\":\"Distribuci\u00f3n ARC\"},\"image\":{\"@id\":\"https:\/\/distribucionarc.com\/ro\/#\/schema\/logo\/image\/\"},\"description\":\"Empresa especializada en la fabricaci\u00f3n y distribuci\u00f3n de maquinaria industrial para los sectores alimentario y farmac\u00e9utico. Nos especializamos en: M\u00e1quinas de cortar carne Fabricaci\u00f3n de comprimidos Sistemas de transporte industrial L\u00edneas de embotellado Dosificadores Y mucho m\u00e1s... Ofrecemos soluciones innovadoras y personalizadas para optimizar los procesos productivos de tu empresa.\",\"email\":\"Admistracion@distribucionarc.com\",\"telephone\":\"+34 643496664\",\"legalName\":\"ARC TECH SOLUTIONS\",\"foundingDate\":\"2024-04-09\",\"vatID\":\"B55480172\",\"numberOfEmployees\":{\"@type\":\"QuantitativeValue\",\"minValue\":\"1\",\"maxValue\":\"10\"}}]}<\/script>\n<!-- \/ Yoast SEO Premium plugin. -->","yoast_head_json":{"title":"Przemys\u0142owa kurtyna powietrzna 90 cm - dystrybucja ARC","robots":{"index":"index","follow":"follow","max-snippet":"max-snippet:-1","max-image-preview":"max-image-preview:large","max-video-preview":"max-video-preview:-1"},"canonical":"https:\/\/www.distribucionarc.com\/ro\/producto\/cortina-de-aire-industrial\/","og_locale":"pl_PL","og_type":"article","og_title":"Cortina de aire industrial 90 cm","og_description":"Aire acondicionado cortina de aire industrial La mejor soluci\u00f3n para que su local est\u00e9 siempre a la temperatura adecuada y del agrado de sus clientes.  La cortina de aire de ARC es un potente ventilador, que crea una barrera de aire invisible de alta velocidad sobre la entrada. A\u00edsla el ambiente de aire interior y exterior para mantener la diferencia de temperatura. Ahorra energ\u00eda y ayuda a evitar que el aire escape al exterior, y bloquea la entrada de insectos voladores, polvo, aire caliente o fr\u00edo y humo. Garant\u00eda\u00a0ARC 2 A\u00d1OS Aire acondicionado eficiente, bajo consumo 165w soporte t\u00e9cnico incluido &nbsp;","og_url":"https:\/\/www.distribucionarc.com\/ro\/producto\/cortina-de-aire-industrial\/","og_site_name":"distribuci\u00f3n ARC","article_modified_time":"2020-09-30T07:35:05+00:00","og_image":[{"width":1600,"height":1600,"url":"https:\/\/www.distribucionarc.com\/wp-content\/uploads\/2020\/08\/Cortina-de-aire-industrial-0.jpg","type":"image\/jpeg"}],"twitter_card":"summary_large_image","twitter_misc":{"Szacowany czas czytania":"1 minuta"},"schema":{"@context":"https:\/\/schema.org","@graph":[{"@type":"WebPage","@id":"https:\/\/www.distribucionarc.com\/ro\/producto\/cortina-de-aire-industrial\/","url":"https:\/\/www.distribucionarc.com\/ro\/producto\/cortina-de-aire-industrial\/","name":"Przemys\u0142owa kurtyna powietrzna 90 cm - dystrybucja ARC","isPartOf":{"@id":"https:\/\/distribucionarc.com\/ro\/#website"},"primaryImageOfPage":{"@id":"https:\/\/www.distribucionarc.com\/ro\/producto\/cortina-de-aire-industrial\/#primaryimage"},"image":{"@id":"https:\/\/www.distribucionarc.com\/ro\/producto\/cortina-de-aire-industrial\/#primaryimage"},"thumbnailUrl":"https:\/\/distribucionarc.com\/wp-content\/uploads\/2020\/08\/Cortina-de-aire-industrial-0.jpg","datePublished":"2020-08-04T12:22:50+00:00","dateModified":"2020-09-30T07:35:05+00:00","breadcrumb":{"@id":"https:\/\/www.distribucionarc.com\/ro\/producto\/cortina-de-aire-industrial\/#breadcrumb"},"inLanguage":"pl-PL","potentialAction":[{"@type":"ReadAction","target":["https:\/\/www.distribucionarc.com\/ro\/producto\/cortina-de-aire-industrial\/"]}]},{"@type":"ImageObject","inLanguage":"pl-PL","@id":"https:\/\/www.distribucionarc.com\/ro\/producto\/cortina-de-aire-industrial\/#primaryimage","url":"https:\/\/distribucionarc.com\/wp-content\/uploads\/2020\/08\/Cortina-de-aire-industrial-0.jpg","contentUrl":"https:\/\/distribucionarc.com\/wp-content\/uploads\/2020\/08\/Cortina-de-aire-industrial-0.jpg","width":1600,"height":1600,"caption":"Cortina de aire industrial"},{"@type":"BreadcrumbList","@id":"https:\/\/www.distribucionarc.com\/ro\/producto\/cortina-de-aire-industrial\/#breadcrumb","itemListElement":[{"@type":"ListItem","position":1,"name":"Portada","item":"https:\/\/distribucionarc.com\/ar\/"},{"@type":"ListItem","position":2,"name":"Proizvodi","item":"https:\/\/www.distribucionarc.com\/hr\/ducan\/"},{"@type":"ListItem","position":3,"name":"Cortina de aire industrial 90 cm"}]},{"@type":"WebSite","@id":"https:\/\/distribucionarc.com\/ro\/#website","url":"https:\/\/distribucionarc.com\/ro\/","name":"Dystrybucja ARC","description":"Firma specjalizuj\u0105ca si\u0119 w produkcji i dystrybucji maszyn przemys\u0142owych, zgrzewarek do puszek, maszyn do produkcji tabletek, maszyn do ci\u0119cia mi\u0119sa...","publisher":{"@id":"https:\/\/distribucionarc.com\/ro\/#organization"},"potentialAction":[{"@type":"SearchAction","target":{"@type":"EntryPoint","urlTemplate":"https:\/\/distribucionarc.com\/ro\/?s={search_term_string}"},"query-input":{"@type":"PropertyValueSpecification","valueRequired":true,"valueName":"search_term_string"}}],"inLanguage":"pl-PL"},{"@type":"Organization","@id":"https:\/\/distribucionarc.com\/ro\/#organization","name":"Dystrybucja ARC","url":"https:\/\/distribucionarc.com\/ro\/","logo":{"@type":"ImageObject","inLanguage":"pl-PL","@id":"https:\/\/distribucionarc.com\/ro\/#\/schema\/logo\/image\/","url":"https:\/\/distribucionarc.com\/wp-content\/uploads\/2024\/10\/distribucion-ARC-COLOR-SIN-FONDO-e1732295305345.png","contentUrl":"https:\/\/distribucionarc.com\/wp-content\/uploads\/2024\/10\/distribucion-ARC-COLOR-SIN-FONDO-e1732295305345.png","width":1164,"height":558,"caption":"Distribuci\u00f3n ARC"},"image":{"@id":"https:\/\/distribucionarc.com\/ro\/#\/schema\/logo\/image\/"},"description":"Firma specjalizuj\u0105ca si\u0119 w produkcji i dystrybucji maszyn przemys\u0142owych dla sektora spo\u017cywczego i farmaceutycznego. Specjalizujemy si\u0119 w: Maszyny do krojenia mi\u0119sa Produkcja tabletek Przemys\u0142owe systemy transportowe Linie butelkuj\u0105ce Dozowniki I wiele wi\u0119cej.... Oferujemy innowacyjne i niestandardowe rozwi\u0105zania w celu optymalizacji proces\u00f3w produkcyjnych w Twojej firmie.","email":"Admistracion@distribucionarc.com","telephone":"+34 643496664","legalName":"ARC TECH SOLUTIONS","foundingDate":"2024-04-09","vatID":"B55480172","numberOfEmployees":{"@type":"QuantitativeValue","minValue":"1","maxValue":"10"}}]}},"_links":{"self":[{"href":"https:\/\/distribucionarc.com\/pl\/wp-json\/wp\/v2\/product\/1950","targetHints":{"allow":["GET"]}}],"collection":[{"href":"https:\/\/distribucionarc.com\/pl\/wp-json\/wp\/v2\/product"}],"about":[{"href":"https:\/\/distribucionarc.com\/pl\/wp-json\/wp\/v2\/types\/product"}],"replies":[{"embeddable":true,"href":"https:\/\/distribucionarc.com\/pl\/wp-json\/wp\/v2\/comments?post=1950"}],"version-history":[{"count":0,"href":"https:\/\/distribucionarc.com\/pl\/wp-json\/wp\/v2\/product\/1950\/revisions"}],"wp:featuredmedia":[{"embeddable":true,"href":"https:\/\/distribucionarc.com\/pl\/wp-json\/wp\/v2\/media\/1951"}],"wp:attachment":[{"href":"https:\/\/distribucionarc.com\/pl\/wp-json\/wp\/v2\/media?parent=1950"}],"wp:term":[{"taxonomy":"product_brand","embeddable":true,"href":"https:\/\/distribucionarc.com\/pl\/wp-json\/wp\/v2\/product_brand?post=1950"},{"taxonomy":"product_cat","embeddable":true,"href":"https:\/\/distribucionarc.com\/pl\/wp-json\/wp\/v2\/product_cat?post=1950"},{"taxonomy":"product_tag","embeddable":true,"href":"https:\/\/distribucionarc.com\/pl\/wp-json\/wp\/v2\/product_tag?post=1950"}],"curies":[{"name":"wp","href":"https:\/\/api.w.org\/{rel}","templated":true}]}}