{"id":1963,"date":"2020-08-04T13:31:22","date_gmt":"2020-08-04T13:31:22","guid":{"rendered":"https:\/\/distribucionarc.com\/?post_type=product&#038;p=1963"},"modified":"2020-09-30T07:40:02","modified_gmt":"2020-09-30T07:40:02","slug":"wentylator-przemyslowy-60-cm","status":"publish","type":"product","link":"https:\/\/distribucionarc.com\/pl\/producto\/ventilador-industrial-60-cm\/","title":{"rendered":"Wentylator przemys\u0142owy 60 cm"},"content":{"rendered":"<h2>Wentylator przemys\u0142owy 60 cm<\/h2>\n<p>P\u0142ynna praca silnika i rotora zapewnia lepsz\u0105 dystrybucj\u0119 powietrza. The <strong>maszyna wiatrowa<\/strong> z <strong><span style=\"color: #ff0000;\">DO<\/span><span style=\"color: #0000ff;\">R<\/span>C<\/strong> Idealnie sprawdza si\u0119 w pomieszczeniach gdzie potrzebna jest du\u017ca ilo\u015b\u0107 powietrza w kr\u00f3tkim czasie (takich jak restauracje, hale, warsztaty, biura, produkcja przemys\u0142owa i wiele innych).<\/p>\n<p>On<strong> wentylator przemys\u0142owy <span style=\"color: #ff0000;\">DO<\/span><span style=\"color: #0000ff;\">R<\/span>CVEI60<\/strong> Jest wzmocniony solidn\u0105 ram\u0105 ze stali nierdzewnej o \u015brednicy 60 cm, aby zapewni\u0107 jego trwa\u0142o\u015b\u0107, a tak\u017ce zawiera zestaw k\u00f3\u0142 u\u0142atwiaj\u0105cych jego przemieszczanie.<\/p>\n<p>Jego mocny silnik 230 V pomo\u017ce Ci wygenerowa\u0107 <span style=\"color: #008000;\"><strong>niskie zu\u017cycie energii<\/strong><\/span> Dzi\u0119ki du\u017cej mocy wytw\u00f3rczej wynosz\u0105cej zaledwie 160 W, maszyna wiatrowa mo\u017ce wygenerowa\u0107 do 13 800 m3\/h.<\/p>\n<p>Maszyna wiatrowa posiada 3 pr\u0119dko\u015bci, aby dostosowa\u0107 j\u0105 do swoich potrzeb.<\/p>\n<h6>\u00a0<strong>Gwarancja\u00a0<span style=\"color: #ff0000;\">DO<\/span><span style=\"color: #0000ff;\">R<\/span>C 2 LATA<\/strong><\/h6>\n<h6><span style=\"color: #008000;\">Wydajny wentylator przemys\u0142owy o niskim zu\u017cyciu energii 160W<\/span><\/h6>\n<h6><strong>wsparcie techniczne w cenie<\/strong><\/h6>\n<p>&nbsp;<\/p>\n<table role=\"presentation\" width=\"100%\" cellspacing=\"0\" cellpadding=\"0\">\n<tbody>\n<tr>\n<td class=\"attrLabels\">Marka:<\/td>\n<td width=\"50.0%\">\u0141UK<\/td>\n<\/tr>\n<tr>\n<td class=\"attrLabels\">Kraj dystrybucji:<\/td>\n<td width=\"50.0%\">Hiszpania, Niemcy, USA<\/td>\n<td class=\"attrLabels\">Waga:<\/td>\n<td width=\"50.0%\">16kg<\/td>\n<\/tr>\n<tr>\n<td class=\"attrLabels\">Kolor:<\/td>\n<td width=\"50.0%\">Czarny<\/td>\n<td class=\"attrLabels\">Wysoko\u015b\u0107:<\/td>\n<td width=\"50.0%\">67cm<\/td>\n<\/tr>\n<tr>\n<td class=\"attrLabels\">\u00a0Gwarancja:<\/td>\n<td width=\"50.0%\">\u00a02 LATA<\/td>\n<td class=\"attrLabels\">D\u0142ugi:<\/td>\n<td width=\"50.0%\">65cm<\/td>\n<\/tr>\n<tr>\n<td class=\"attrLabels\">Rodzaj produktu:<\/td>\n<td width=\"50.0%\">wentylator przemys\u0142owy<\/td>\n<td class=\"attrLabels\">Szeroki:<\/td>\n<td width=\"50.0%\">25cm<\/td>\n<\/tr>\n<tr>\n<td class=\"attrLabels\">Numer producenta:<\/td>\n<td width=\"50.0%\">ARCVEI60<\/td>\n<td class=\"attrLabels\">\u015arednica kosza:<\/td>\n<td width=\"50.0%\">65cm<\/td>\n<\/tr>\n<tr>\n<td class=\"attrLabels\">Tworzywo:<\/td>\n<td width=\"50.0%\">Wydajny silnik, automatyczne sterowanie<\/td>\n<td class=\"attrLabels\">Maksymalna wydajno\u015b\u0107 powietrza:<\/td>\n<td width=\"50.0%\">13 800 m3\/godz<\/td>\n<\/tr>\n<tr>\n<td class=\"attrLabels\">Moc:<\/td>\n<td width=\"50.0%\">\u00a0145 W do 165 W<\/td>\n<td class=\"attrLabels\">Wirnik:<\/td>\n<td width=\"50.0%\">60cm<\/td>\n<\/tr>\n<tr>\n<td class=\"attrLabels\">Napi\u0119cie wej\u015bciowe:<\/td>\n<td width=\"50.0%\">230 V \u2013 50 Hz<\/td>\n<td class=\"attrLabels\">Pr\u0119dko\u015bci:<\/td>\n<td width=\"50.0%\">3<\/td>\n<\/tr>\n<\/tbody>\n<\/table>","protected":false},"excerpt":{"rendered":"<h2>Wentylator przemys\u0142owy 60 cm<\/h2>\n<p>Najlepsze rozwi\u0105zanie, aby w Twoim lokalu zawsze panowa\u0142a odpowiednia temperatura i taka, jak\u0105 lubi\u0105 Twoi klienci.<\/p>\n<p>Przy zu\u017cyciu zaledwie 160 W wentylator ten generuje niesamowit\u0105 si\u0142\u0119 wentylacji wynosz\u0105c\u0105 13 800 m3 na godzin\u0119. Ten <strong>maszyna wiatrowa<\/strong> z <strong><span style=\"color: #ff0000;\">DO<\/span><span style=\"color: #0000ff;\">R<\/span>C<\/strong> Zosta\u0142 wyprodukowany do u\u017cytku przemys\u0142owego. Dlatego te\u017c <strong>wentylator<\/strong> Mo\u017cna go stosowa\u0107 do osuszania budynk\u00f3w, a tak\u017ce do ch\u0142odzenia maszyn lub po prostu do cyrkulacji powietrza.<\/p>\n<h6>\u00a0<strong>Gwarancja\u00a0<span style=\"color: #ff0000;\">DO<\/span><span style=\"color: #0000ff;\">R<\/span>C 2 LATA<\/strong><\/h6>\n<h6><span style=\"color: #008000;\">Wydajny wentylator przemys\u0142owy o niskim zu\u017cyciu energii 160W<\/span><\/h6>\n<h6><strong>wsparcie techniczne w cenie<\/strong><\/h6>","protected":false},"featured_media":1965,"comment_status":"open","ping_status":"closed","template":"","meta":{"wds_primary_product_brand":0,"wds_primary_product_cat":0},"product_brand":[],"product_cat":[63],"product_tag":[],"class_list":{"0":"post-1963","1":"product","2":"type-product","3":"status-publish","4":"has-post-thumbnail","6":"product_cat-climatizacion-industrial","7":"product_shipping_class-hosteleria","9":"first","10":"instock","11":"sale","12":"taxable","13":"shipping-taxable","14":"purchasable","15":"product-type-simple"},"yoast_head":"<!-- This site is optimized with the Yoast SEO Premium plugin v24.9 (Yoast SEO v26.1) - https:\/\/yoast.com\/wordpress\/plugins\/seo\/ -->\n<title>Ventilador industrial 60 cm - distribuci\u00f3n ARC<\/title>\n<meta name=\"robots\" content=\"index, follow, max-snippet:-1, max-image-preview:large, max-video-preview:-1\" \/>\n<link rel=\"canonical\" href=\"https:\/\/distribucionarc.com\/pl\/produkty\/wentylator-przemyslowy-60-cm\/\" \/>\n<meta property=\"og:locale\" content=\"pl_PL\" \/>\n<meta property=\"og:type\" content=\"article\" \/>\n<meta property=\"og:title\" content=\"Ventilador industrial 60 cm\" \/>\n<meta property=\"og:description\" content=\"Ventilador industrial 60 cm La mejor soluci\u00f3n para que su local est\u00e9 siempre a la temperatura adecuada y del agrado de sus clientes.  Con s\u00f3lo 160 vatios de consumo, este ventilador logra generar una incre\u00edble fuerza de ventilaci\u00f3n de 13,800m3 por hora. Esta m\u00e1quina e\u00f3lica de ARC fue fabricada para uso industrial. Por lo tanto, el ventilador se puede utilizar para el secado de edificios, as\u00ed como para la refrigeraci\u00f3n de maquinaria o simplemente para la circulaci\u00f3n de aire. \u00a0Garant\u00eda\u00a0ARC 2 A\u00d1OS Ventilador industrial eficiente, bajo consumo 160w soporte t\u00e9cnico incluido\" \/>\n<meta property=\"og:url\" content=\"https:\/\/distribucionarc.com\/pl\/produkty\/wentylator-przemyslowy-60-cm\/\" \/>\n<meta property=\"og:site_name\" content=\"distribuci\u00f3n ARC\" \/>\n<meta property=\"article:modified_time\" content=\"2020-09-30T07:40:02+00:00\" \/>\n<meta property=\"og:image\" content=\"https:\/\/distribucionarc.com\/wp-content\/uploads\/2020\/08\/Ventilador-industrial-60-0.jpg\" \/>\n\t<meta property=\"og:image:width\" content=\"1600\" \/>\n\t<meta property=\"og:image:height\" content=\"1548\" \/>\n\t<meta property=\"og:image:type\" content=\"image\/jpeg\" \/>\n<meta name=\"twitter:card\" content=\"summary_large_image\" \/>\n<meta name=\"twitter:label1\" content=\"Szacowany czas czytania\" \/>\n\t<meta name=\"twitter:data1\" content=\"1 minuta\" \/>\n<script type=\"application\/ld+json\" class=\"yoast-schema-graph\">{\"@context\":\"https:\/\/schema.org\",\"@graph\":[{\"@type\":\"WebPage\",\"@id\":\"https:\/\/distribucionarc.com\/producto\/ventilador-industrial-60-cm\/\",\"url\":\"https:\/\/distribucionarc.com\/producto\/ventilador-industrial-60-cm\/\",\"name\":\"Ventilador industrial 60 cm - distribuci\u00f3n ARC\",\"isPartOf\":{\"@id\":\"https:\/\/www.distribucionarc.com\/de\/#website\"},\"primaryImageOfPage\":{\"@id\":\"https:\/\/distribucionarc.com\/producto\/ventilador-industrial-60-cm\/#primaryimage\"},\"image\":{\"@id\":\"https:\/\/distribucionarc.com\/producto\/ventilador-industrial-60-cm\/#primaryimage\"},\"thumbnailUrl\":\"https:\/\/distribucionarc.com\/wp-content\/uploads\/2020\/08\/Ventilador-industrial-60-0.jpg\",\"datePublished\":\"2020-08-04T13:31:22+00:00\",\"dateModified\":\"2020-09-30T07:40:02+00:00\",\"breadcrumb\":{\"@id\":\"https:\/\/distribucionarc.com\/producto\/ventilador-industrial-60-cm\/#breadcrumb\"},\"inLanguage\":\"pl-PL\",\"potentialAction\":[{\"@type\":\"ReadAction\",\"target\":[\"https:\/\/distribucionarc.com\/producto\/ventilador-industrial-60-cm\/\"]}]},{\"@type\":\"ImageObject\",\"inLanguage\":\"pl-PL\",\"@id\":\"https:\/\/distribucionarc.com\/producto\/ventilador-industrial-60-cm\/#primaryimage\",\"url\":\"https:\/\/distribucionarc.com\/wp-content\/uploads\/2020\/08\/Ventilador-industrial-60-0.jpg\",\"contentUrl\":\"https:\/\/distribucionarc.com\/wp-content\/uploads\/2020\/08\/Ventilador-industrial-60-0.jpg\",\"width\":1600,\"height\":1548,\"caption\":\"Ventilador industrial 60\"},{\"@type\":\"BreadcrumbList\",\"@id\":\"https:\/\/distribucionarc.com\/producto\/ventilador-industrial-60-cm\/#breadcrumb\",\"itemListElement\":[{\"@type\":\"ListItem\",\"position\":1,\"name\":\"Portada\",\"item\":\"https:\/\/www.distribucionarc.com\/en\/\"},{\"@type\":\"ListItem\",\"position\":2,\"name\":\"Products\",\"item\":\"https:\/\/www.distribucionarc.com\/en\/shop\/\"},{\"@type\":\"ListItem\",\"position\":3,\"name\":\"Ventilador industrial 60 cm\"}]},{\"@type\":\"WebSite\",\"@id\":\"https:\/\/www.distribucionarc.com\/de\/#website\",\"url\":\"https:\/\/www.distribucionarc.com\/de\/\",\"name\":\"distribuci\u00f3n ARC\",\"description\":\"Empresa especializada en la fabricaci\u00f3n y distribuci\u00f3n de maquinaria industrial, selladoras de latas, Maquinas de hacer pastillas, Maquinas de cortar carne...\",\"publisher\":{\"@id\":\"https:\/\/www.distribucionarc.com\/de\/#organization\"},\"potentialAction\":[{\"@type\":\"SearchAction\",\"target\":{\"@type\":\"EntryPoint\",\"urlTemplate\":\"https:\/\/www.distribucionarc.com\/de\/?s={search_term_string}\"},\"query-input\":{\"@type\":\"PropertyValueSpecification\",\"valueRequired\":true,\"valueName\":\"search_term_string\"}}],\"inLanguage\":\"pl-PL\"},{\"@type\":\"Organization\",\"@id\":\"https:\/\/www.distribucionarc.com\/de\/#organization\",\"name\":\"Distribuci\u00f3n ARC\",\"url\":\"https:\/\/www.distribucionarc.com\/de\/\",\"logo\":{\"@type\":\"ImageObject\",\"inLanguage\":\"pl-PL\",\"@id\":\"https:\/\/www.distribucionarc.com\/de\/#\/schema\/logo\/image\/\",\"url\":\"https:\/\/distribucionarc.com\/wp-content\/uploads\/2024\/10\/distribucion-ARC-COLOR-SIN-FONDO-e1732295305345.png\",\"contentUrl\":\"https:\/\/distribucionarc.com\/wp-content\/uploads\/2024\/10\/distribucion-ARC-COLOR-SIN-FONDO-e1732295305345.png\",\"width\":1164,\"height\":558,\"caption\":\"Distribuci\u00f3n ARC\"},\"image\":{\"@id\":\"https:\/\/www.distribucionarc.com\/de\/#\/schema\/logo\/image\/\"},\"description\":\"Empresa especializada en la fabricaci\u00f3n y distribuci\u00f3n de maquinaria industrial para los sectores alimentario y farmac\u00e9utico. Nos especializamos en: M\u00e1quinas de cortar carne Fabricaci\u00f3n de comprimidos Sistemas de transporte industrial L\u00edneas de embotellado Dosificadores Y mucho m\u00e1s... Ofrecemos soluciones innovadoras y personalizadas para optimizar los procesos productivos de tu empresa.\",\"email\":\"Admistracion@distribucionarc.com\",\"telephone\":\"+34 643496664\",\"legalName\":\"ARC TECH SOLUTIONS\",\"foundingDate\":\"2024-04-09\",\"vatID\":\"B55480172\",\"numberOfEmployees\":{\"@type\":\"QuantitativeValue\",\"minValue\":\"1\",\"maxValue\":\"10\"}}]}<\/script>\n<!-- \/ Yoast SEO Premium plugin. -->","yoast_head_json":{"title":"Wentylator przemys\u0142owy 60 cm - dystrybucja ARC","robots":{"index":"index","follow":"follow","max-snippet":"max-snippet:-1","max-image-preview":"max-image-preview:large","max-video-preview":"max-video-preview:-1"},"canonical":"https:\/\/distribucionarc.com\/pl\/produkty\/wentylator-przemyslowy-60-cm\/","og_locale":"pl_PL","og_type":"article","og_title":"Ventilador industrial 60 cm","og_description":"Ventilador industrial 60 cm La mejor soluci\u00f3n para que su local est\u00e9 siempre a la temperatura adecuada y del agrado de sus clientes.  Con s\u00f3lo 160 vatios de consumo, este ventilador logra generar una incre\u00edble fuerza de ventilaci\u00f3n de 13,800m3 por hora. Esta m\u00e1quina e\u00f3lica de ARC fue fabricada para uso industrial. Por lo tanto, el ventilador se puede utilizar para el secado de edificios, as\u00ed como para la refrigeraci\u00f3n de maquinaria o simplemente para la circulaci\u00f3n de aire. \u00a0Garant\u00eda\u00a0ARC 2 A\u00d1OS Ventilador industrial eficiente, bajo consumo 160w soporte t\u00e9cnico incluido","og_url":"https:\/\/distribucionarc.com\/pl\/produkty\/wentylator-przemyslowy-60-cm\/","og_site_name":"distribuci\u00f3n ARC","article_modified_time":"2020-09-30T07:40:02+00:00","og_image":[{"width":1600,"height":1548,"url":"https:\/\/distribucionarc.com\/wp-content\/uploads\/2020\/08\/Ventilador-industrial-60-0.jpg","type":"image\/jpeg"}],"twitter_card":"summary_large_image","twitter_misc":{"Szacowany czas czytania":"1 minuta"},"schema":{"@context":"https:\/\/schema.org","@graph":[{"@type":"WebPage","@id":"https:\/\/distribucionarc.com\/producto\/ventilador-industrial-60-cm\/","url":"https:\/\/distribucionarc.com\/producto\/ventilador-industrial-60-cm\/","name":"Wentylator przemys\u0142owy 60 cm - dystrybucja ARC","isPartOf":{"@id":"https:\/\/www.distribucionarc.com\/de\/#website"},"primaryImageOfPage":{"@id":"https:\/\/distribucionarc.com\/producto\/ventilador-industrial-60-cm\/#primaryimage"},"image":{"@id":"https:\/\/distribucionarc.com\/producto\/ventilador-industrial-60-cm\/#primaryimage"},"thumbnailUrl":"https:\/\/distribucionarc.com\/wp-content\/uploads\/2020\/08\/Ventilador-industrial-60-0.jpg","datePublished":"2020-08-04T13:31:22+00:00","dateModified":"2020-09-30T07:40:02+00:00","breadcrumb":{"@id":"https:\/\/distribucionarc.com\/producto\/ventilador-industrial-60-cm\/#breadcrumb"},"inLanguage":"pl-PL","potentialAction":[{"@type":"ReadAction","target":["https:\/\/distribucionarc.com\/producto\/ventilador-industrial-60-cm\/"]}]},{"@type":"ImageObject","inLanguage":"pl-PL","@id":"https:\/\/distribucionarc.com\/producto\/ventilador-industrial-60-cm\/#primaryimage","url":"https:\/\/distribucionarc.com\/wp-content\/uploads\/2020\/08\/Ventilador-industrial-60-0.jpg","contentUrl":"https:\/\/distribucionarc.com\/wp-content\/uploads\/2020\/08\/Ventilador-industrial-60-0.jpg","width":1600,"height":1548,"caption":"Ventilador industrial 60"},{"@type":"BreadcrumbList","@id":"https:\/\/distribucionarc.com\/producto\/ventilador-industrial-60-cm\/#breadcrumb","itemListElement":[{"@type":"ListItem","position":1,"name":"Portada","item":"https:\/\/www.distribucionarc.com\/en\/"},{"@type":"ListItem","position":2,"name":"Products","item":"https:\/\/www.distribucionarc.com\/en\/shop\/"},{"@type":"ListItem","position":3,"name":"Ventilador industrial 60 cm"}]},{"@type":"WebSite","@id":"https:\/\/www.distribucionarc.com\/de\/#website","url":"https:\/\/www.distribucionarc.com\/de\/","name":"Dystrybucja ARC","description":"Firma specjalizuj\u0105ca si\u0119 w produkcji i dystrybucji maszyn przemys\u0142owych, zgrzewarek do puszek, maszyn do produkcji tabletek, maszyn do ci\u0119cia mi\u0119sa...","publisher":{"@id":"https:\/\/www.distribucionarc.com\/de\/#organization"},"potentialAction":[{"@type":"SearchAction","target":{"@type":"EntryPoint","urlTemplate":"https:\/\/www.distribucionarc.com\/de\/?s={search_term_string}"},"query-input":{"@type":"PropertyValueSpecification","valueRequired":true,"valueName":"search_term_string"}}],"inLanguage":"pl-PL"},{"@type":"Organization","@id":"https:\/\/www.distribucionarc.com\/de\/#organization","name":"Dystrybucja ARC","url":"https:\/\/www.distribucionarc.com\/de\/","logo":{"@type":"ImageObject","inLanguage":"pl-PL","@id":"https:\/\/www.distribucionarc.com\/de\/#\/schema\/logo\/image\/","url":"https:\/\/distribucionarc.com\/wp-content\/uploads\/2024\/10\/distribucion-ARC-COLOR-SIN-FONDO-e1732295305345.png","contentUrl":"https:\/\/distribucionarc.com\/wp-content\/uploads\/2024\/10\/distribucion-ARC-COLOR-SIN-FONDO-e1732295305345.png","width":1164,"height":558,"caption":"Distribuci\u00f3n ARC"},"image":{"@id":"https:\/\/www.distribucionarc.com\/de\/#\/schema\/logo\/image\/"},"description":"Firma specjalizuj\u0105ca si\u0119 w produkcji i dystrybucji maszyn przemys\u0142owych dla sektora spo\u017cywczego i farmaceutycznego. Specjalizujemy si\u0119 w: Maszyny do krojenia mi\u0119sa Produkcja tabletek Przemys\u0142owe systemy transportowe Linie butelkuj\u0105ce Dozowniki I wiele wi\u0119cej.... Oferujemy innowacyjne i niestandardowe rozwi\u0105zania w celu optymalizacji proces\u00f3w produkcyjnych w Twojej firmie.","email":"Admistracion@distribucionarc.com","telephone":"+34 643496664","legalName":"ARC TECH SOLUTIONS","foundingDate":"2024-04-09","vatID":"B55480172","numberOfEmployees":{"@type":"QuantitativeValue","minValue":"1","maxValue":"10"}}]}},"_links":{"self":[{"href":"https:\/\/distribucionarc.com\/pl\/wp-json\/wp\/v2\/product\/1963","targetHints":{"allow":["GET"]}}],"collection":[{"href":"https:\/\/distribucionarc.com\/pl\/wp-json\/wp\/v2\/product"}],"about":[{"href":"https:\/\/distribucionarc.com\/pl\/wp-json\/wp\/v2\/types\/product"}],"replies":[{"embeddable":true,"href":"https:\/\/distribucionarc.com\/pl\/wp-json\/wp\/v2\/comments?post=1963"}],"version-history":[{"count":0,"href":"https:\/\/distribucionarc.com\/pl\/wp-json\/wp\/v2\/product\/1963\/revisions"}],"wp:featuredmedia":[{"embeddable":true,"href":"https:\/\/distribucionarc.com\/pl\/wp-json\/wp\/v2\/media\/1965"}],"wp:attachment":[{"href":"https:\/\/distribucionarc.com\/pl\/wp-json\/wp\/v2\/media?parent=1963"}],"wp:term":[{"taxonomy":"product_brand","embeddable":true,"href":"https:\/\/distribucionarc.com\/pl\/wp-json\/wp\/v2\/product_brand?post=1963"},{"taxonomy":"product_cat","embeddable":true,"href":"https:\/\/distribucionarc.com\/pl\/wp-json\/wp\/v2\/product_cat?post=1963"},{"taxonomy":"product_tag","embeddable":true,"href":"https:\/\/distribucionarc.com\/pl\/wp-json\/wp\/v2\/product_tag?post=1963"}],"curies":[{"name":"wp","href":"https:\/\/api.w.org\/{rel}","templated":true}]}}