{"id":2000,"date":"2020-08-05T13:58:02","date_gmt":"2020-08-05T13:58:02","guid":{"rendered":"https:\/\/distribucionarc.com\/?post_type=product&#038;p=2000"},"modified":"2023-10-19T12:46:02","modified_gmt":"2023-10-19T12:46:02","slug":"automat-do-paczkow-lub-malych-paczkow","status":"publish","type":"product","link":"https:\/\/distribucionarc.com\/pl\/producto\/maquina-automatica-para-donuts-o-rosquillas-pequena\/","title":{"rendered":"Ma\u0142a automatyczna maszyna do p\u0105czk\u00f3w lub p\u0105czk\u00f3w"},"content":{"rendered":"<h3>Profesjonalna automatyczna maszyna do p\u0105czk\u00f3w lub p\u0105czk\u00f3w<\/h3>\n<p>Zwi\u0119ksz swoj\u0105 produkcj\u0119 bez utraty smaku produktu dzi\u0119ki<strong>\u00a0automatyczna maszyna do p\u0105czk\u00f3w<\/strong>\u00a0z\u00a0<strong><span style=\"color: #ff0000;\">DO<\/span><span style=\"color: #0000ff;\">R<\/span>C<\/strong>. Posiada niezb\u0119dne funkcje, aby podkre\u015bli\u0107 Twoje a<strong>wysoka wydajno\u015b\u0107<\/strong>, \u0142atwo\u015b\u0107 zarz\u0105dzania i\u00a0<strong>niskie zu\u017cycie energii<\/strong>.<\/p>\n<p>Ten\u00a0<strong>komercyjna maszyna do p\u0105czk\u00f3w<\/strong>\u00a0z\u00a0<strong><span style=\"color: #ff0000;\">DO<\/span><span style=\"color: #0000ff;\">R<\/span>C<\/strong>\u00a0Wykonany jest ze stali nierdzewnej 304 przeznaczonej do kontaktu z \u017cywno\u015bci\u0105, solidnej i trwa\u0142ej. Odporny na korozj\u0119, rdz\u0119 i \u0142atwy do czyszczenia.<\/p>\n<p>The\u00a0<strong>automatyczna maszyna do p\u0105czk\u00f3w<\/strong>\u00a0<strong><span style=\"color: #ff0000;\">DO<\/span><span style=\"color: #0000ff;\">R<\/span>CMAD3<\/strong> Wyposa\u017cony jest w inteligentny panel sterowania umo\u017cliwiaj\u0105cy wygodn\u0105 i precyzyjn\u0105 kontrol\u0119 temperatury oleju oraz czasu sma\u017cenia. Ze wska\u017anikami stale pokazuj\u0105cymi stan gotowania. Ten <strong>producent p\u0105czk\u00f3w<\/strong>\u00a0z\u00a0<strong><span style=\"color: #ff0000;\">DO<\/span><span style=\"color: #0000ff;\">R<\/span>C<\/strong>\u00a0Jest w pe\u0142ni automatyczny, z automatycznym formowaniem, automatyczn\u0105 kontrol\u0105 temperatury, automatycznym sma\u017ceniem, automatycznym obracaniem i wyj\u015bciem\u00a0<strong>znacznie oszcz\u0119dza Twoj\u0105 energi\u0119<\/strong>\u00a0i jego czas.<\/p>\n<p>The\u00a0<strong>mini automatyczna maszyna do robienia p\u0105czk\u00f3w<\/strong>\u00a0Wyposa\u017cony jest w zbiornik o du\u017cej pojemno\u015bci, kt\u00f3ry pomie\u015bci 7 litr\u00f3w ciasta. Mo\u017cesz przygotowa\u0107 kilka p\u0105czk\u00f3w jednocze\u015bnie, bez konieczno\u015bci wielokrotnego \u0142adowania pojemnika.<\/p>\n<p>Dost\u0119pne s\u0105 foremki do p\u0105czk\u00f3w w trzech rozmiarach (4-5 cm \/ 6-7 cm \/ 8-9 cm), dzi\u0119ki czemu mo\u017cna przygotowa\u0107 mini-p\u0105czki, \u015brednie-p\u0105czki i du\u017ce-p\u0105czki, dostosowuj\u0105c je do r\u00f3\u017cnych potrzeb. Mo\u017cliwo\u015b\u0107 produkcji 850 p\u0105czk\u00f3w o \u015brednicy 4-5 cm na godzin\u0119, 650 p\u0105czk\u00f3w o \u015brednicy 6-7 cm na godzin\u0119 lub 500 p\u0105czk\u00f3w o \u015brednicy 8-9 cm na godzin\u0119<\/p>\n<p>W zestawie znajduj\u0105 si\u0119 r\u00f3\u017cne akcesoria, w tym dwie szczypce do \u017cywno\u015bci, dwa 20-litrowe cylindry pomiarowe i dwie tacki do przechowywania sma\u017conych p\u0105czk\u00f3w.<\/p>\n<p>&nbsp;<\/p>\n<h6><strong>Gwarancja <span style=\"color: #ff0000;\">DO<\/span><span style=\"color: #0000ff;\">R<\/span>C<\/strong><strong style=\"font-size: 1.1em;\">\u00a02 LATA<\/strong><\/h6>\n<h6><span style=\"color: #008000;\">Automatyczna maszyna do p\u0105czk\u00f3w i donat\u00f3w, wydajna, niskie zu\u017cycie 3000w<\/span><\/h6>\n<h6><strong>wsparcie techniczne w cenie<\/strong><\/h6>\n<p>&nbsp;<\/p>\n<table role=\"presentation\" width=\"100%\" cellspacing=\"0\" cellpadding=\"0\">\n<tbody>\n<tr>\n<td class=\"attrLabels\">Temperatura:<\/td>\n<td width=\"50.0%\">0-300\u00b0C<\/td>\n<\/tr>\n<tr>\n<td class=\"attrLabels\">Kraj dystrybucji:<\/td>\n<td width=\"50.0%\">Hiszpania, Niemcy, USA<\/td>\n<td class=\"attrLabels\">Waga:<\/td>\n<td width=\"50.0%\">45kg<\/td>\n<\/tr>\n<tr>\n<td class=\"attrLabels\">Marka:<\/td>\n<td width=\"50.0%\">\u0141UK<\/td>\n<td class=\"attrLabels\">Wysoko\u015b\u0107:<\/td>\n<td width=\"50.0%\">65cm<\/td>\n<\/tr>\n<tr>\n<td class=\"attrLabels\">Kolor:<\/td>\n<td width=\"50.0%\">Srebrny<\/td>\n<td class=\"attrLabels\">D\u0142ugi:<\/td>\n<td width=\"50.0%\">103cm<\/td>\n<\/tr>\n<tr>\n<td class=\"attrLabels\">Rodzaj produktu:<\/td>\n<td width=\"50.0%\">Profesjonalna automatyczna maszyna do p\u0105czk\u00f3w<\/td>\n<td class=\"attrLabels\">Szeroki:<\/td>\n<td width=\"50.0%\">36cm<\/td>\n<\/tr>\n<tr>\n<td class=\"attrLabels\">Numer producenta:<\/td>\n<td width=\"50.0%\">ARCMAD10<\/td>\n<td class=\"attrLabels\">Moc:<\/td>\n<td width=\"50.0%\">3000 W<\/td>\n<\/tr>\n<tr>\n<td class=\"attrLabels\">Tworzywo:<\/td>\n<td width=\"50.0%\">stal nierdzewna, kontrola temperatury, w pe\u0142ni automatyczny<\/td>\n<td class=\"attrLabels\">napi\u0119cie wej\u015bciowe<\/td>\n<td width=\"50.0%\">220 V \u2013 60 Hz<\/td>\n<\/tr>\n<tr>\n<td class=\"attrLabels\">Rozmiar p\u0105czka:<\/td>\n<td width=\"50.0%\">4-5cm 6-7cm<\/p>\n<p>8-9 cm<\/td>\n<td class=\"attrLabels\">Gwarancja:<\/td>\n<td width=\"50.0%\">2 LATA<\/td>\n<\/tr>\n<tr>\n<td class=\"attrLabels\">Narz\u0119dzia instalacyjne:<\/td>\n<td width=\"50.0%\">Tak<\/td>\n<td class=\"attrLabels\">Produkcja:<\/td>\n<td width=\"50.0%\">500 \u2013 850 za godzin\u0119 w zale\u017cno\u015bci od rozmiaru<\/td>\n<\/tr>\n<\/tbody>\n<\/table>","protected":false},"excerpt":{"rendered":"<h2>Profesjonalna automatyczna maszyna do p\u0105czk\u00f3w lub p\u0105czk\u00f3w<\/h2>\n<p>Ten\u00a0<strong>maszyna do p\u0105czk\u00f3w<\/strong>\u00a0z\u00a0<strong><span style=\"color: #ff0000;\">DO<\/span><span style=\"color: #0000ff;\">R<\/span>C<\/strong>\u00a0Jest wskazany do produkcji \u0142a\u0144cuchowej lub nawet do produkcji \u015bwie\u017cych p\u0105czk\u00f3w w du\u017cych ilo\u015bciach, aby zachowa\u0142y ca\u0142\u0105 swoj\u0105 konsystencj\u0119 i smak.<\/p>\n<p>The\u00a0<strong>automatyczna maszyna do p\u0105czk\u00f3w <span style=\"color: #ff0000;\">DO<\/span><span style=\"color: #0000ff;\">R<\/span>CMAD3<\/strong>\u00a0Wykonany jest ze stali nierdzewnej przeznaczonej do kontaktu z \u017cywno\u015bci\u0105. W pe\u0142ni zautomatyzowana konstrukcja jest popularna ze wzgl\u0119du na wysok\u0105 wydajno\u015b\u0107 i precyzj\u0119 produkcji\u00a0<strong>p\u0105czki<\/strong>\u00a0z automatycznym formowaniem: posiada automatyczn\u0105 kontrol\u0119 temperatury, p\u0105czki obracaj\u0105 si\u0119 automatycznie na pasku\u00a0<strong>oszcz\u0119dno\u015b\u0107 czasu i energii<\/strong>. Z\u00a0<strong>automatyczna maszyna do p\u0105czk\u00f3w<\/strong>\u00a0mo\u017cna zrobi\u0107 wiele pysznych rzeczy<strong>\u00a0p\u0105czki<\/strong> z\u0142ociste i chrupi\u0105ce dzi\u0119ki zbiornikowi o pojemno\u015bci 7L.<\/p>\n<h6><strong>Gwarancja\u00a0<span style=\"color: #ff0000;\">DO<\/span><span style=\"color: #0000ff;\">R<\/span>C<\/strong><strong>\u00a02 LATA<\/strong><\/h6>\n<h6><span style=\"color: #008000;\">Automatyczna maszyna do p\u0105czk\u00f3w i donat\u00f3w, wydajna, niskie zu\u017cycie 3000w<\/span><\/h6>\n<h6><strong>wsparcie techniczne w cenie<\/strong><\/h6>","protected":false},"featured_media":2011,"comment_status":"open","ping_status":"closed","template":"","meta":{"wds_primary_product_brand":0,"wds_primary_product_cat":0},"product_brand":[],"product_cat":[56,53],"product_tag":[],"class_list":{"0":"post-2000","1":"product","2":"type-product","3":"status-publish","4":"has-post-thumbnail","6":"product_cat-maquinaria-para-ferias","7":"product_cat-panaderia-y-pasteleria-industrial","8":"product_shipping_class-express","10":"first","11":"instock","12":"taxable","13":"shipping-taxable","14":"purchasable","15":"product-type-simple"},"yoast_head":"<!-- This site is optimized with the Yoast SEO Premium plugin v24.9 (Yoast SEO v26.1) - https:\/\/yoast.com\/wordpress\/plugins\/seo\/ -->\n<title>M\u00e1quina autom\u00e1tica para donuts o rosquillas peque\u00f1a - distribuci\u00f3n ARC<\/title>\n<meta name=\"robots\" content=\"index, follow, max-snippet:-1, max-image-preview:large, max-video-preview:-1\" \/>\n<link rel=\"canonical\" href=\"https:\/\/distribucionarc.com\/pl\/produkty\/automat-do-paczkow-lub-malych-paczkow\/\" \/>\n<meta property=\"og:locale\" content=\"pl_PL\" \/>\n<meta property=\"og:type\" content=\"article\" \/>\n<meta property=\"og:title\" content=\"M\u00e1quina autom\u00e1tica para donuts o rosquillas peque\u00f1a\" \/>\n<meta property=\"og:description\" content=\"M\u00e1quina autom\u00e1tica para donuts o rosquillas profesional Esta\u00a0m\u00e1quina de donuts\u00a0de\u00a0ARC\u00a0es la indicada para la producci\u00f3n en cadena o incluso para fabricar donuts frescos en gran cantidad para que conserven toda su textura y sabor.  La\u00a0m\u00e1quina autom\u00e1tica de rosquillas ARCMAD3\u00a0est\u00e1 hecha de acero inoxidable de calidad alimentaria. El dise\u00f1o totalmente autom\u00e1tico es popular por su alta eficiencia y precisi\u00f3n para producir\u00a0donuts\u00a0con formaci\u00f3n autom\u00e1tica: dispone de control autom\u00e1tico de temperatura, los donuts giran autom\u00e1ticamente por la cinta\u00a0ahorrando tiempo y energ\u00eda. Con la\u00a0m\u00e1quina autom\u00e1tica de rosquillas\u00a0puede hacer \u00a0una gran cantidad de deliciosos\u00a0donuts dorados y crujientes gracias a su tanque de 7L. Garant\u00eda\u00a0ARC\u00a02 A\u00d1OS Maquina automatica para donuts y rosquillas eficiente, bajo consumo 3000w soporte t\u00e9cnico incluido\" \/>\n<meta property=\"og:url\" content=\"https:\/\/distribucionarc.com\/pl\/produkty\/automat-do-paczkow-lub-malych-paczkow\/\" \/>\n<meta property=\"og:site_name\" content=\"distribuci\u00f3n ARC\" \/>\n<meta property=\"article:modified_time\" content=\"2023-10-19T12:46:02+00:00\" \/>\n<meta property=\"og:image\" content=\"https:\/\/distribucionarc.com\/wp-content\/uploads\/2020\/08\/M\u00e1quina-autom\u00e1tica-para-donuts-o-rosquillas-3-2.jpg\" \/>\n\t<meta property=\"og:image:width\" content=\"1001\" \/>\n\t<meta property=\"og:image:height\" content=\"1001\" \/>\n\t<meta property=\"og:image:type\" content=\"image\/jpeg\" \/>\n<meta name=\"twitter:card\" content=\"summary_large_image\" \/>\n<meta name=\"twitter:label1\" content=\"Szacowany czas czytania\" \/>\n\t<meta name=\"twitter:data1\" content=\"2 minuty\" \/>\n<script type=\"application\/ld+json\" class=\"yoast-schema-graph\">{\"@context\":\"https:\/\/schema.org\",\"@graph\":[{\"@type\":\"WebPage\",\"@id\":\"https:\/\/distribucionarc.com\/pl\/producto\/maquina-automatica-para-donuts-o-rosquillas-pequena\/\",\"url\":\"https:\/\/distribucionarc.com\/pl\/producto\/maquina-automatica-para-donuts-o-rosquillas-pequena\/\",\"name\":\"M\u00e1quina autom\u00e1tica para donuts o rosquillas peque\u00f1a - distribuci\u00f3n ARC\",\"isPartOf\":{\"@id\":\"https:\/\/distribucionarc.com\/de\/#website\"},\"primaryImageOfPage\":{\"@id\":\"https:\/\/distribucionarc.com\/pl\/producto\/maquina-automatica-para-donuts-o-rosquillas-pequena\/#primaryimage\"},\"image\":{\"@id\":\"https:\/\/distribucionarc.com\/pl\/producto\/maquina-automatica-para-donuts-o-rosquillas-pequena\/#primaryimage\"},\"thumbnailUrl\":\"https:\/\/distribucionarc.com\/wp-content\/uploads\/2020\/08\/M\u00e1quina-autom\u00e1tica-para-donuts-o-rosquillas-3-2.jpg\",\"datePublished\":\"2020-08-05T13:58:02+00:00\",\"dateModified\":\"2023-10-19T12:46:02+00:00\",\"breadcrumb\":{\"@id\":\"https:\/\/distribucionarc.com\/pl\/producto\/maquina-automatica-para-donuts-o-rosquillas-pequena\/#breadcrumb\"},\"inLanguage\":\"pl-PL\",\"potentialAction\":[{\"@type\":\"ReadAction\",\"target\":[\"https:\/\/distribucionarc.com\/pl\/producto\/maquina-automatica-para-donuts-o-rosquillas-pequena\/\"]}]},{\"@type\":\"ImageObject\",\"inLanguage\":\"pl-PL\",\"@id\":\"https:\/\/distribucionarc.com\/pl\/producto\/maquina-automatica-para-donuts-o-rosquillas-pequena\/#primaryimage\",\"url\":\"https:\/\/distribucionarc.com\/wp-content\/uploads\/2020\/08\/M\u00e1quina-autom\u00e1tica-para-donuts-o-rosquillas-3-2.jpg\",\"contentUrl\":\"https:\/\/distribucionarc.com\/wp-content\/uploads\/2020\/08\/M\u00e1quina-autom\u00e1tica-para-donuts-o-rosquillas-3-2.jpg\",\"width\":1001,\"height\":1001,\"caption\":\"M\u00e1quina autom\u00e1tica para donuts o rosquillas peque\u00f1a\"},{\"@type\":\"BreadcrumbList\",\"@id\":\"https:\/\/distribucionarc.com\/pl\/producto\/maquina-automatica-para-donuts-o-rosquillas-pequena\/#breadcrumb\",\"itemListElement\":[{\"@type\":\"ListItem\",\"position\":1,\"name\":\"Portada\",\"item\":\"https:\/\/distribucionarc.com\/pl\/\"},{\"@type\":\"ListItem\",\"position\":2,\"name\":\"Produkty\",\"item\":\"https:\/\/distribucionarc.com\/pl\/shop\/\"},{\"@type\":\"ListItem\",\"position\":3,\"name\":\"M\u00e1quina autom\u00e1tica para donuts o rosquillas peque\u00f1a\"}]},{\"@type\":\"WebSite\",\"@id\":\"https:\/\/distribucionarc.com\/de\/#website\",\"url\":\"https:\/\/distribucionarc.com\/de\/\",\"name\":\"distribuci\u00f3n ARC\",\"description\":\"Empresa especializada en la fabricaci\u00f3n y distribuci\u00f3n de maquinaria industrial, selladoras de latas, Maquinas de hacer pastillas, Maquinas de cortar carne...\",\"publisher\":{\"@id\":\"https:\/\/distribucionarc.com\/de\/#organization\"},\"potentialAction\":[{\"@type\":\"SearchAction\",\"target\":{\"@type\":\"EntryPoint\",\"urlTemplate\":\"https:\/\/distribucionarc.com\/de\/?s={search_term_string}\"},\"query-input\":{\"@type\":\"PropertyValueSpecification\",\"valueRequired\":true,\"valueName\":\"search_term_string\"}}],\"inLanguage\":\"pl-PL\"},{\"@type\":\"Organization\",\"@id\":\"https:\/\/distribucionarc.com\/de\/#organization\",\"name\":\"Distribuci\u00f3n ARC\",\"url\":\"https:\/\/distribucionarc.com\/de\/\",\"logo\":{\"@type\":\"ImageObject\",\"inLanguage\":\"pl-PL\",\"@id\":\"https:\/\/distribucionarc.com\/de\/#\/schema\/logo\/image\/\",\"url\":\"https:\/\/distribucionarc.com\/wp-content\/uploads\/2024\/10\/distribucion-ARC-COLOR-SIN-FONDO-e1732295305345.png\",\"contentUrl\":\"https:\/\/distribucionarc.com\/wp-content\/uploads\/2024\/10\/distribucion-ARC-COLOR-SIN-FONDO-e1732295305345.png\",\"width\":1164,\"height\":558,\"caption\":\"Distribuci\u00f3n ARC\"},\"image\":{\"@id\":\"https:\/\/distribucionarc.com\/de\/#\/schema\/logo\/image\/\"},\"description\":\"Empresa especializada en la fabricaci\u00f3n y distribuci\u00f3n de maquinaria industrial para los sectores alimentario y farmac\u00e9utico. Nos especializamos en: M\u00e1quinas de cortar carne Fabricaci\u00f3n de comprimidos Sistemas de transporte industrial L\u00edneas de embotellado Dosificadores Y mucho m\u00e1s... Ofrecemos soluciones innovadoras y personalizadas para optimizar los procesos productivos de tu empresa.\",\"email\":\"Admistracion@distribucionarc.com\",\"telephone\":\"+34 643496664\",\"legalName\":\"ARC TECH SOLUTIONS\",\"foundingDate\":\"2024-04-09\",\"vatID\":\"B55480172\",\"numberOfEmployees\":{\"@type\":\"QuantitativeValue\",\"minValue\":\"1\",\"maxValue\":\"10\"}}]}<\/script>\n<!-- \/ Yoast SEO Premium plugin. -->","yoast_head_json":{"title":"Ma\u0142a automatyczna maszyna do p\u0105czk\u00f3w - dystrybucja ARC","robots":{"index":"index","follow":"follow","max-snippet":"max-snippet:-1","max-image-preview":"max-image-preview:large","max-video-preview":"max-video-preview:-1"},"canonical":"https:\/\/distribucionarc.com\/pl\/produkty\/automat-do-paczkow-lub-malych-paczkow\/","og_locale":"pl_PL","og_type":"article","og_title":"M\u00e1quina autom\u00e1tica para donuts o rosquillas peque\u00f1a","og_description":"M\u00e1quina autom\u00e1tica para donuts o rosquillas profesional Esta\u00a0m\u00e1quina de donuts\u00a0de\u00a0ARC\u00a0es la indicada para la producci\u00f3n en cadena o incluso para fabricar donuts frescos en gran cantidad para que conserven toda su textura y sabor.  La\u00a0m\u00e1quina autom\u00e1tica de rosquillas ARCMAD3\u00a0est\u00e1 hecha de acero inoxidable de calidad alimentaria. El dise\u00f1o totalmente autom\u00e1tico es popular por su alta eficiencia y precisi\u00f3n para producir\u00a0donuts\u00a0con formaci\u00f3n autom\u00e1tica: dispone de control autom\u00e1tico de temperatura, los donuts giran autom\u00e1ticamente por la cinta\u00a0ahorrando tiempo y energ\u00eda. Con la\u00a0m\u00e1quina autom\u00e1tica de rosquillas\u00a0puede hacer \u00a0una gran cantidad de deliciosos\u00a0donuts dorados y crujientes gracias a su tanque de 7L. Garant\u00eda\u00a0ARC\u00a02 A\u00d1OS Maquina automatica para donuts y rosquillas eficiente, bajo consumo 3000w soporte t\u00e9cnico incluido","og_url":"https:\/\/distribucionarc.com\/pl\/produkty\/automat-do-paczkow-lub-malych-paczkow\/","og_site_name":"distribuci\u00f3n ARC","article_modified_time":"2023-10-19T12:46:02+00:00","og_image":[{"width":1001,"height":1001,"url":"https:\/\/distribucionarc.com\/wp-content\/uploads\/2020\/08\/M\u00e1quina-autom\u00e1tica-para-donuts-o-rosquillas-3-2.jpg","type":"image\/jpeg"}],"twitter_card":"summary_large_image","twitter_misc":{"Szacowany czas czytania":"2 minuty"},"schema":{"@context":"https:\/\/schema.org","@graph":[{"@type":"WebPage","@id":"https:\/\/distribucionarc.com\/pl\/producto\/maquina-automatica-para-donuts-o-rosquillas-pequena\/","url":"https:\/\/distribucionarc.com\/pl\/producto\/maquina-automatica-para-donuts-o-rosquillas-pequena\/","name":"Ma\u0142a automatyczna maszyna do p\u0105czk\u00f3w - dystrybucja ARC","isPartOf":{"@id":"https:\/\/distribucionarc.com\/de\/#website"},"primaryImageOfPage":{"@id":"https:\/\/distribucionarc.com\/pl\/producto\/maquina-automatica-para-donuts-o-rosquillas-pequena\/#primaryimage"},"image":{"@id":"https:\/\/distribucionarc.com\/pl\/producto\/maquina-automatica-para-donuts-o-rosquillas-pequena\/#primaryimage"},"thumbnailUrl":"https:\/\/distribucionarc.com\/wp-content\/uploads\/2020\/08\/M\u00e1quina-autom\u00e1tica-para-donuts-o-rosquillas-3-2.jpg","datePublished":"2020-08-05T13:58:02+00:00","dateModified":"2023-10-19T12:46:02+00:00","breadcrumb":{"@id":"https:\/\/distribucionarc.com\/pl\/producto\/maquina-automatica-para-donuts-o-rosquillas-pequena\/#breadcrumb"},"inLanguage":"pl-PL","potentialAction":[{"@type":"ReadAction","target":["https:\/\/distribucionarc.com\/pl\/producto\/maquina-automatica-para-donuts-o-rosquillas-pequena\/"]}]},{"@type":"ImageObject","inLanguage":"pl-PL","@id":"https:\/\/distribucionarc.com\/pl\/producto\/maquina-automatica-para-donuts-o-rosquillas-pequena\/#primaryimage","url":"https:\/\/distribucionarc.com\/wp-content\/uploads\/2020\/08\/M\u00e1quina-autom\u00e1tica-para-donuts-o-rosquillas-3-2.jpg","contentUrl":"https:\/\/distribucionarc.com\/wp-content\/uploads\/2020\/08\/M\u00e1quina-autom\u00e1tica-para-donuts-o-rosquillas-3-2.jpg","width":1001,"height":1001,"caption":"M\u00e1quina autom\u00e1tica para donuts o rosquillas peque\u00f1a"},{"@type":"BreadcrumbList","@id":"https:\/\/distribucionarc.com\/pl\/producto\/maquina-automatica-para-donuts-o-rosquillas-pequena\/#breadcrumb","itemListElement":[{"@type":"ListItem","position":1,"name":"Portada","item":"https:\/\/distribucionarc.com\/pl\/"},{"@type":"ListItem","position":2,"name":"Produkty","item":"https:\/\/distribucionarc.com\/pl\/shop\/"},{"@type":"ListItem","position":3,"name":"M\u00e1quina autom\u00e1tica para donuts o rosquillas peque\u00f1a"}]},{"@type":"WebSite","@id":"https:\/\/distribucionarc.com\/de\/#website","url":"https:\/\/distribucionarc.com\/de\/","name":"Dystrybucja ARC","description":"Firma specjalizuj\u0105ca si\u0119 w produkcji i dystrybucji maszyn przemys\u0142owych, zgrzewarek do puszek, maszyn do produkcji tabletek, maszyn do ci\u0119cia mi\u0119sa...","publisher":{"@id":"https:\/\/distribucionarc.com\/de\/#organization"},"potentialAction":[{"@type":"SearchAction","target":{"@type":"EntryPoint","urlTemplate":"https:\/\/distribucionarc.com\/de\/?s={search_term_string}"},"query-input":{"@type":"PropertyValueSpecification","valueRequired":true,"valueName":"search_term_string"}}],"inLanguage":"pl-PL"},{"@type":"Organization","@id":"https:\/\/distribucionarc.com\/de\/#organization","name":"Dystrybucja ARC","url":"https:\/\/distribucionarc.com\/de\/","logo":{"@type":"ImageObject","inLanguage":"pl-PL","@id":"https:\/\/distribucionarc.com\/de\/#\/schema\/logo\/image\/","url":"https:\/\/distribucionarc.com\/wp-content\/uploads\/2024\/10\/distribucion-ARC-COLOR-SIN-FONDO-e1732295305345.png","contentUrl":"https:\/\/distribucionarc.com\/wp-content\/uploads\/2024\/10\/distribucion-ARC-COLOR-SIN-FONDO-e1732295305345.png","width":1164,"height":558,"caption":"Distribuci\u00f3n ARC"},"image":{"@id":"https:\/\/distribucionarc.com\/de\/#\/schema\/logo\/image\/"},"description":"Firma specjalizuj\u0105ca si\u0119 w produkcji i dystrybucji maszyn przemys\u0142owych dla sektora spo\u017cywczego i farmaceutycznego. Specjalizujemy si\u0119 w: Maszyny do krojenia mi\u0119sa Produkcja tabletek Przemys\u0142owe systemy transportowe Linie butelkuj\u0105ce Dozowniki I wiele wi\u0119cej.... Oferujemy innowacyjne i niestandardowe rozwi\u0105zania w celu optymalizacji proces\u00f3w produkcyjnych w Twojej firmie.","email":"Admistracion@distribucionarc.com","telephone":"+34 643496664","legalName":"ARC TECH SOLUTIONS","foundingDate":"2024-04-09","vatID":"B55480172","numberOfEmployees":{"@type":"QuantitativeValue","minValue":"1","maxValue":"10"}}]}},"_links":{"self":[{"href":"https:\/\/distribucionarc.com\/pl\/wp-json\/wp\/v2\/product\/2000","targetHints":{"allow":["GET"]}}],"collection":[{"href":"https:\/\/distribucionarc.com\/pl\/wp-json\/wp\/v2\/product"}],"about":[{"href":"https:\/\/distribucionarc.com\/pl\/wp-json\/wp\/v2\/types\/product"}],"replies":[{"embeddable":true,"href":"https:\/\/distribucionarc.com\/pl\/wp-json\/wp\/v2\/comments?post=2000"}],"version-history":[{"count":0,"href":"https:\/\/distribucionarc.com\/pl\/wp-json\/wp\/v2\/product\/2000\/revisions"}],"wp:featuredmedia":[{"embeddable":true,"href":"https:\/\/distribucionarc.com\/pl\/wp-json\/wp\/v2\/media\/2011"}],"wp:attachment":[{"href":"https:\/\/distribucionarc.com\/pl\/wp-json\/wp\/v2\/media?parent=2000"}],"wp:term":[{"taxonomy":"product_brand","embeddable":true,"href":"https:\/\/distribucionarc.com\/pl\/wp-json\/wp\/v2\/product_brand?post=2000"},{"taxonomy":"product_cat","embeddable":true,"href":"https:\/\/distribucionarc.com\/pl\/wp-json\/wp\/v2\/product_cat?post=2000"},{"taxonomy":"product_tag","embeddable":true,"href":"https:\/\/distribucionarc.com\/pl\/wp-json\/wp\/v2\/product_tag?post=2000"}],"curies":[{"name":"wp","href":"https:\/\/api.w.org\/{rel}","templated":true}]}}