{"id":2022,"date":"2020-08-05T16:52:52","date_gmt":"2020-08-05T16:52:52","guid":{"rendered":"https:\/\/distribucionarc.com\/?post_type=product&#038;p=2022"},"modified":"2023-01-05T23:59:19","modified_gmt":"2023-01-05T23:59:19","slug":"maszyna-do-lodow-rolowanych","status":"publish","type":"product","link":"https:\/\/distribucionarc.com\/pl\/producto\/maquina-para-helados-enrollados\/","title":{"rendered":"Maszyna do lod\u00f3w walcowanych"},"content":{"rendered":"<h3>Maszyna do lod\u00f3w walcowanych na zimno<\/h3>\n<p>The<strong> maszyna do robienia lod\u00f3w <span style=\"color: #ff0000;\">DO<\/span><span style=\"color: #0000ff;\">R<\/span>C<\/strong> Przyjmuje materia\u0142 ze stali nierdzewnej o wysokiej wytrzyma\u0142o\u015bci. Wszystkie cz\u0119\u015bci maj\u0105ce kontakt z \u017cywno\u015bci\u0105 wykonane s\u0105 ze stali nierdzewnej 304 przeznaczonej do kontaktu z \u017cywno\u015bci\u0105. Eleganckie, higieniczne, trwa\u0142e i \u0142atwe w czyszczeniu.<\/p>\n<p>Ca\u0142y talerz <strong>\u017celazko do lod\u00f3w <span style=\"color: #ff0000;\">DO<\/span><span style=\"color: #0000ff;\">R<\/span>CPFM6<\/strong> Jest w pe\u0142ni funkcjonalny, bez martwego k\u0105ta. Wbudowane r\u00f3wnomiernie rozmieszczone miedziane rurki ch\u0142odz\u0105ce znacznie poprawiaj\u0105 wydajno\u015b\u0107 ch\u0142odzenia i mog\u0105 wytworzy\u0107 l\u00f3d w zaledwie 58 sekund. Kompresor marki ma siln\u0105 funkcj\u0119 ch\u0142odzenia, wysoki efekt ch\u0142odzenia, niski poziom ha\u0142asu i oszcz\u0119dno\u015b\u0107 energii.<\/p>\n<p><strong>\u00a0<\/strong><\/p>\n<p>The <strong>Roluje zimn\u0105 patelni\u0119<\/strong> Posiada 6 polerowanych na lustro cylindr\u00f3w na sk\u0142adniki, kt\u00f3re s\u0105 r\u00f3wnie\u017c wykonane ze stali nierdzewnej. Odporny na zu\u017cycie, bezwonny i \u0142atwy do czyszczenia.<\/p>\n<p>Posiada dwie metody rozmra\u017cania. Mo\u017cesz rozmrozi\u0107 maszyn\u0119, po prostu naciskaj\u0105c przycisk lub peda\u0142 no\u017cny, co u\u0142atwia rozmra\u017canie, gdy masz zaj\u0119te r\u0119ce.<\/p>\n<h6><strong>Gwarancja\u00a0<span style=\"color: #ff0000;\">DO<\/span><span style=\"color: #0000ff;\">R<\/span>C 2 LATA<\/strong><\/h6>\n<h6><span style=\"color: #008000;\">Wydajna maszyna do lod\u00f3w, niskie zu\u017cycie energii 740 W<\/span><\/h6>\n<p><strong>wsparcie techniczne w cenie<\/strong><\/p>\n<table role=\"presentation\" width=\"100%\" cellspacing=\"0\" cellpadding=\"0\">\n<tbody>\n<tr>\n<td class=\"attrLabels\">Ch\u0142odziwo:<\/td>\n<td width=\"50.0%\">R410a<\/td>\n<\/tr>\n<tr>\n<td class=\"attrLabels\">Kraj dystrybucji:<\/td>\n<td width=\"50.0%\">Hiszpania, Niemcy, USA<\/td>\n<td class=\"attrLabels\">Waga:<\/td>\n<td width=\"50.0%\">57 kg<\/td>\n<\/tr>\n<tr>\n<td class=\"attrLabels\">Marka:<\/td>\n<td width=\"50.0%\">\u0141UK<\/td>\n<td class=\"attrLabels\">Wysoko\u015b\u0107:<\/td>\n<td width=\"50.0%\">81cm<\/td>\n<\/tr>\n<tr>\n<td class=\"attrLabels\">Kolor:<\/td>\n<td width=\"50.0%\">Srebrny<\/td>\n<td class=\"attrLabels\">D\u0142ugi:<\/td>\n<td width=\"50.0%\">91cm<\/td>\n<\/tr>\n<tr>\n<td class=\"attrLabels\">Rodzaj produktu:<\/td>\n<td width=\"50.0%\">maszyna do robienia lod\u00f3w<\/td>\n<td class=\"attrLabels\">Szeroki:<\/td>\n<td width=\"50.0%\">\u00a063cm<\/td>\n<\/tr>\n<tr>\n<td class=\"attrLabels\">Numer producenta:<\/td>\n<td width=\"50.0%\">ARCPFM6<\/td>\n<td class=\"attrLabels\">Moc:<\/td>\n<td width=\"50.0%\">740 W<\/td>\n<\/tr>\n<tr>\n<td class=\"attrLabels\">Tworzywo:<\/td>\n<td width=\"50.0%\">stal nierdzewna<\/td>\n<td class=\"attrLabels\">napi\u0119cie wej\u015bciowe<\/td>\n<td width=\"50.0%\">220 V \u2013 60 Hz<\/td>\n<\/tr>\n<tr>\n<td class=\"attrLabels\">\u015arednica p\u0142yty:<\/td>\n<td width=\"50.0%\">\u00a040cm<\/td>\n<td class=\"attrLabels\">Umiej\u0119tno\u015b\u0107:<\/td>\n<td width=\"50.0%\">6 garnk\u00f3w<\/td>\n<\/tr>\n<tr>\n<td class=\"attrLabels\">Narz\u0119dzia instalacyjne:<\/td>\n<td width=\"50.0%\">Tak<\/td>\n<td class=\"attrLabels\">Gwarancja:<\/td>\n<td width=\"50.0%\">2 LATA<\/td>\n<\/tr>\n<\/tbody>\n<\/table>","protected":false},"excerpt":{"rendered":"<h2>Maszyna do lod\u00f3w walcowanych na zimno<\/h2>\n<p>Z <strong>zimne \u017celazo<\/strong> Do <strong>Roladki lodowe<\/strong> z <strong><span style=\"color: #ff0000;\">DO<\/span><span style=\"color: #0000ff;\">R<\/span>C<\/strong> Dzi\u0119ki temu innowacyjnemu sposobowi serwowania lod\u00f3w nada Twojemu lokalowi niepowtarzalny charakter.<br \/>\nTen <strong>maszyna do lod\u00f3w walcowanych<\/strong> Jest zbudowany ze stali nierdzewnej, solidny i trwa\u0142y. Wyposa\u017cony jest w sze\u015b\u0107 cylindr\u00f3w na sk\u0142adniki o du\u017cej pojemno\u015bci, w kt\u00f3rych mo\u017cna przechowywa\u0107 r\u00f3\u017cne sk\u0142adniki w celu uzyskania bogatszych smak\u00f3w. Szeroko stosowane w barach, kawiarniach, lodziarniach, restauracjach w stylu zachodnim, hotelach, piekarniach<\/p>\n<h6><strong>Gwarancja\u00a0<span style=\"color: #ff0000;\">DO<\/span><span style=\"color: #0000ff;\">R<\/span>C 2 LATA<\/strong><\/h6>\n<h6><span style=\"color: #008000;\">Wydajna maszyna do lod\u00f3w, niskie zu\u017cycie energii 740 W<\/span><\/h6>\n<p><strong>wsparcie techniczne w cenie<\/strong><\/p>","protected":false},"featured_media":2028,"comment_status":"open","ping_status":"closed","template":"","meta":{"wds_primary_product_brand":0,"wds_primary_product_cat":0},"product_brand":[],"product_cat":[56,58],"product_tag":[],"class_list":{"0":"post-2022","1":"product","2":"type-product","3":"status-publish","4":"has-post-thumbnail","6":"product_cat-maquinaria-para-ferias","7":"product_cat-maquinaria-para-heladerias-profesionales","8":"product_shipping_class-express","10":"first","11":"instock","12":"taxable","13":"shipping-taxable","14":"purchasable","15":"product-type-simple"},"yoast_head":"<!-- This site is optimized with the Yoast SEO Premium plugin v24.9 (Yoast SEO v26.1) - https:\/\/yoast.com\/wordpress\/plugins\/seo\/ -->\n<title>Maquina para helados enrollados - distribuci\u00f3n ARC<\/title>\n<meta name=\"robots\" content=\"index, follow, max-snippet:-1, max-image-preview:large, max-video-preview:-1\" \/>\n<link rel=\"canonical\" href=\"https:\/\/distribucionarc.com\/pl\/produkty\/maszyna-do-lodow-rolowanych\/\" \/>\n<meta property=\"og:locale\" content=\"pl_PL\" \/>\n<meta property=\"og:type\" content=\"article\" \/>\n<meta property=\"og:title\" content=\"Maquina para helados enrollados\" \/>\n<meta property=\"og:description\" content=\"Maquina para helados enrollados plancha fr\u00eda Con la plancha fr\u00eda para Rolls de helado de ARC le dar\u00e1 un toque \u00fanico a su establecimiento, con esta innovadora forma de servir el helado. Esta m\u00e1quina de helados enrollados est\u00e1 construida con material de acero inoxidable, robusto y duradero. Viene con seis cilindros de ingredientes de gran capacidad para contener varios ingredientes para obtener sabores m\u00e1s ricos. Se utiliza ampliamente en bares, caf\u00e9s, helader\u00edas, restaurantes de estilo occidental, hoteles, panader\u00edas Garant\u00eda\u00a0ARC 2 A\u00d1OS Maquina para hacer helados eficiente, bajo consumo 740w soporte t\u00e9cnico incluido\" \/>\n<meta property=\"og:url\" content=\"https:\/\/distribucionarc.com\/pl\/produkty\/maszyna-do-lodow-rolowanych\/\" \/>\n<meta property=\"og:site_name\" content=\"distribuci\u00f3n ARC\" \/>\n<meta property=\"article:modified_time\" content=\"2023-01-05T23:59:19+00:00\" \/>\n<meta property=\"og:image\" content=\"https:\/\/distribucionarc.com\/wp-content\/uploads\/2020\/08\/M\u00e1quina-para-helados-enrollados-0.jpg\" \/>\n\t<meta property=\"og:image:width\" content=\"1600\" \/>\n\t<meta property=\"og:image:height\" content=\"1600\" \/>\n\t<meta property=\"og:image:type\" content=\"image\/jpeg\" \/>\n<meta name=\"twitter:card\" content=\"summary_large_image\" \/>\n<meta name=\"twitter:label1\" content=\"Szacowany czas czytania\" \/>\n\t<meta name=\"twitter:data1\" content=\"1 minuta\" \/>\n<script type=\"application\/ld+json\" class=\"yoast-schema-graph\">{\"@context\":\"https:\/\/schema.org\",\"@graph\":[{\"@type\":\"WebPage\",\"@id\":\"https:\/\/distribucionarc.com\/pl\/producto\/maquina-para-helados-enrollados\/\",\"url\":\"https:\/\/distribucionarc.com\/pl\/producto\/maquina-para-helados-enrollados\/\",\"name\":\"Maquina para helados enrollados - distribuci\u00f3n ARC\",\"isPartOf\":{\"@id\":\"https:\/\/distribucionarc.com\/de\/#website\"},\"primaryImageOfPage\":{\"@id\":\"https:\/\/distribucionarc.com\/pl\/producto\/maquina-para-helados-enrollados\/#primaryimage\"},\"image\":{\"@id\":\"https:\/\/distribucionarc.com\/pl\/producto\/maquina-para-helados-enrollados\/#primaryimage\"},\"thumbnailUrl\":\"https:\/\/distribucionarc.com\/wp-content\/uploads\/2020\/08\/M\u00e1quina-para-helados-enrollados-0.jpg\",\"datePublished\":\"2020-08-05T16:52:52+00:00\",\"dateModified\":\"2023-01-05T23:59:19+00:00\",\"breadcrumb\":{\"@id\":\"https:\/\/distribucionarc.com\/pl\/producto\/maquina-para-helados-enrollados\/#breadcrumb\"},\"inLanguage\":\"pl-PL\",\"potentialAction\":[{\"@type\":\"ReadAction\",\"target\":[\"https:\/\/distribucionarc.com\/pl\/producto\/maquina-para-helados-enrollados\/\"]}]},{\"@type\":\"ImageObject\",\"inLanguage\":\"pl-PL\",\"@id\":\"https:\/\/distribucionarc.com\/pl\/producto\/maquina-para-helados-enrollados\/#primaryimage\",\"url\":\"https:\/\/distribucionarc.com\/wp-content\/uploads\/2020\/08\/M\u00e1quina-para-helados-enrollados-0.jpg\",\"contentUrl\":\"https:\/\/distribucionarc.com\/wp-content\/uploads\/2020\/08\/M\u00e1quina-para-helados-enrollados-0.jpg\",\"width\":1600,\"height\":1600,\"caption\":\"M\u00e1quina para helados enrollados\"},{\"@type\":\"BreadcrumbList\",\"@id\":\"https:\/\/distribucionarc.com\/pl\/producto\/maquina-para-helados-enrollados\/#breadcrumb\",\"itemListElement\":[{\"@type\":\"ListItem\",\"position\":1,\"name\":\"Portada\",\"item\":\"https:\/\/distribucionarc.com\/pl\/\"},{\"@type\":\"ListItem\",\"position\":2,\"name\":\"Produkty\",\"item\":\"https:\/\/distribucionarc.com\/pl\/shop\/\"},{\"@type\":\"ListItem\",\"position\":3,\"name\":\"Maquina para helados enrollados\"}]},{\"@type\":\"WebSite\",\"@id\":\"https:\/\/distribucionarc.com\/de\/#website\",\"url\":\"https:\/\/distribucionarc.com\/de\/\",\"name\":\"distribuci\u00f3n ARC\",\"description\":\"Empresa especializada en la fabricaci\u00f3n y distribuci\u00f3n de maquinaria industrial, selladoras de latas, Maquinas de hacer pastillas, Maquinas de cortar carne...\",\"publisher\":{\"@id\":\"https:\/\/distribucionarc.com\/de\/#organization\"},\"potentialAction\":[{\"@type\":\"SearchAction\",\"target\":{\"@type\":\"EntryPoint\",\"urlTemplate\":\"https:\/\/distribucionarc.com\/de\/?s={search_term_string}\"},\"query-input\":{\"@type\":\"PropertyValueSpecification\",\"valueRequired\":true,\"valueName\":\"search_term_string\"}}],\"inLanguage\":\"pl-PL\"},{\"@type\":\"Organization\",\"@id\":\"https:\/\/distribucionarc.com\/de\/#organization\",\"name\":\"Distribuci\u00f3n ARC\",\"url\":\"https:\/\/distribucionarc.com\/de\/\",\"logo\":{\"@type\":\"ImageObject\",\"inLanguage\":\"pl-PL\",\"@id\":\"https:\/\/distribucionarc.com\/de\/#\/schema\/logo\/image\/\",\"url\":\"https:\/\/distribucionarc.com\/wp-content\/uploads\/2024\/10\/distribucion-ARC-COLOR-SIN-FONDO-e1732295305345.png\",\"contentUrl\":\"https:\/\/distribucionarc.com\/wp-content\/uploads\/2024\/10\/distribucion-ARC-COLOR-SIN-FONDO-e1732295305345.png\",\"width\":1164,\"height\":558,\"caption\":\"Distribuci\u00f3n ARC\"},\"image\":{\"@id\":\"https:\/\/distribucionarc.com\/de\/#\/schema\/logo\/image\/\"},\"description\":\"Empresa especializada en la fabricaci\u00f3n y distribuci\u00f3n de maquinaria industrial para los sectores alimentario y farmac\u00e9utico. Nos especializamos en: M\u00e1quinas de cortar carne Fabricaci\u00f3n de comprimidos Sistemas de transporte industrial L\u00edneas de embotellado Dosificadores Y mucho m\u00e1s... Ofrecemos soluciones innovadoras y personalizadas para optimizar los procesos productivos de tu empresa.\",\"email\":\"Admistracion@distribucionarc.com\",\"telephone\":\"+34 643496664\",\"legalName\":\"ARC TECH SOLUTIONS\",\"foundingDate\":\"2024-04-09\",\"vatID\":\"B55480172\",\"numberOfEmployees\":{\"@type\":\"QuantitativeValue\",\"minValue\":\"1\",\"maxValue\":\"10\"}}]}<\/script>\n<!-- \/ Yoast SEO Premium plugin. -->","yoast_head_json":{"title":"Maszyna do lod\u00f3w walcowanych - dystrybucja ARC","robots":{"index":"index","follow":"follow","max-snippet":"max-snippet:-1","max-image-preview":"max-image-preview:large","max-video-preview":"max-video-preview:-1"},"canonical":"https:\/\/distribucionarc.com\/pl\/produkty\/maszyna-do-lodow-rolowanych\/","og_locale":"pl_PL","og_type":"article","og_title":"Maquina para helados enrollados","og_description":"Maquina para helados enrollados plancha fr\u00eda Con la plancha fr\u00eda para Rolls de helado de ARC le dar\u00e1 un toque \u00fanico a su establecimiento, con esta innovadora forma de servir el helado. Esta m\u00e1quina de helados enrollados est\u00e1 construida con material de acero inoxidable, robusto y duradero. Viene con seis cilindros de ingredientes de gran capacidad para contener varios ingredientes para obtener sabores m\u00e1s ricos. Se utiliza ampliamente en bares, caf\u00e9s, helader\u00edas, restaurantes de estilo occidental, hoteles, panader\u00edas Garant\u00eda\u00a0ARC 2 A\u00d1OS Maquina para hacer helados eficiente, bajo consumo 740w soporte t\u00e9cnico incluido","og_url":"https:\/\/distribucionarc.com\/pl\/produkty\/maszyna-do-lodow-rolowanych\/","og_site_name":"distribuci\u00f3n ARC","article_modified_time":"2023-01-05T23:59:19+00:00","og_image":[{"width":1600,"height":1600,"url":"https:\/\/distribucionarc.com\/wp-content\/uploads\/2020\/08\/M\u00e1quina-para-helados-enrollados-0.jpg","type":"image\/jpeg"}],"twitter_card":"summary_large_image","twitter_misc":{"Szacowany czas czytania":"1 minuta"},"schema":{"@context":"https:\/\/schema.org","@graph":[{"@type":"WebPage","@id":"https:\/\/distribucionarc.com\/pl\/producto\/maquina-para-helados-enrollados\/","url":"https:\/\/distribucionarc.com\/pl\/producto\/maquina-para-helados-enrollados\/","name":"Maszyna do lod\u00f3w walcowanych - dystrybucja ARC","isPartOf":{"@id":"https:\/\/distribucionarc.com\/de\/#website"},"primaryImageOfPage":{"@id":"https:\/\/distribucionarc.com\/pl\/producto\/maquina-para-helados-enrollados\/#primaryimage"},"image":{"@id":"https:\/\/distribucionarc.com\/pl\/producto\/maquina-para-helados-enrollados\/#primaryimage"},"thumbnailUrl":"https:\/\/distribucionarc.com\/wp-content\/uploads\/2020\/08\/M\u00e1quina-para-helados-enrollados-0.jpg","datePublished":"2020-08-05T16:52:52+00:00","dateModified":"2023-01-05T23:59:19+00:00","breadcrumb":{"@id":"https:\/\/distribucionarc.com\/pl\/producto\/maquina-para-helados-enrollados\/#breadcrumb"},"inLanguage":"pl-PL","potentialAction":[{"@type":"ReadAction","target":["https:\/\/distribucionarc.com\/pl\/producto\/maquina-para-helados-enrollados\/"]}]},{"@type":"ImageObject","inLanguage":"pl-PL","@id":"https:\/\/distribucionarc.com\/pl\/producto\/maquina-para-helados-enrollados\/#primaryimage","url":"https:\/\/distribucionarc.com\/wp-content\/uploads\/2020\/08\/M\u00e1quina-para-helados-enrollados-0.jpg","contentUrl":"https:\/\/distribucionarc.com\/wp-content\/uploads\/2020\/08\/M\u00e1quina-para-helados-enrollados-0.jpg","width":1600,"height":1600,"caption":"M\u00e1quina para helados enrollados"},{"@type":"BreadcrumbList","@id":"https:\/\/distribucionarc.com\/pl\/producto\/maquina-para-helados-enrollados\/#breadcrumb","itemListElement":[{"@type":"ListItem","position":1,"name":"Portada","item":"https:\/\/distribucionarc.com\/pl\/"},{"@type":"ListItem","position":2,"name":"Produkty","item":"https:\/\/distribucionarc.com\/pl\/shop\/"},{"@type":"ListItem","position":3,"name":"Maquina para helados enrollados"}]},{"@type":"WebSite","@id":"https:\/\/distribucionarc.com\/de\/#website","url":"https:\/\/distribucionarc.com\/de\/","name":"Dystrybucja ARC","description":"Firma specjalizuj\u0105ca si\u0119 w produkcji i dystrybucji maszyn przemys\u0142owych, zgrzewarek do puszek, maszyn do produkcji tabletek, maszyn do ci\u0119cia mi\u0119sa...","publisher":{"@id":"https:\/\/distribucionarc.com\/de\/#organization"},"potentialAction":[{"@type":"SearchAction","target":{"@type":"EntryPoint","urlTemplate":"https:\/\/distribucionarc.com\/de\/?s={search_term_string}"},"query-input":{"@type":"PropertyValueSpecification","valueRequired":true,"valueName":"search_term_string"}}],"inLanguage":"pl-PL"},{"@type":"Organization","@id":"https:\/\/distribucionarc.com\/de\/#organization","name":"Dystrybucja ARC","url":"https:\/\/distribucionarc.com\/de\/","logo":{"@type":"ImageObject","inLanguage":"pl-PL","@id":"https:\/\/distribucionarc.com\/de\/#\/schema\/logo\/image\/","url":"https:\/\/distribucionarc.com\/wp-content\/uploads\/2024\/10\/distribucion-ARC-COLOR-SIN-FONDO-e1732295305345.png","contentUrl":"https:\/\/distribucionarc.com\/wp-content\/uploads\/2024\/10\/distribucion-ARC-COLOR-SIN-FONDO-e1732295305345.png","width":1164,"height":558,"caption":"Distribuci\u00f3n ARC"},"image":{"@id":"https:\/\/distribucionarc.com\/de\/#\/schema\/logo\/image\/"},"description":"Firma specjalizuj\u0105ca si\u0119 w produkcji i dystrybucji maszyn przemys\u0142owych dla sektora spo\u017cywczego i farmaceutycznego. Specjalizujemy si\u0119 w: Maszyny do krojenia mi\u0119sa Produkcja tabletek Przemys\u0142owe systemy transportowe Linie butelkuj\u0105ce Dozowniki I wiele wi\u0119cej.... Oferujemy innowacyjne i niestandardowe rozwi\u0105zania w celu optymalizacji proces\u00f3w produkcyjnych w Twojej firmie.","email":"Admistracion@distribucionarc.com","telephone":"+34 643496664","legalName":"ARC TECH SOLUTIONS","foundingDate":"2024-04-09","vatID":"B55480172","numberOfEmployees":{"@type":"QuantitativeValue","minValue":"1","maxValue":"10"}}]}},"_links":{"self":[{"href":"https:\/\/distribucionarc.com\/pl\/wp-json\/wp\/v2\/product\/2022","targetHints":{"allow":["GET"]}}],"collection":[{"href":"https:\/\/distribucionarc.com\/pl\/wp-json\/wp\/v2\/product"}],"about":[{"href":"https:\/\/distribucionarc.com\/pl\/wp-json\/wp\/v2\/types\/product"}],"replies":[{"embeddable":true,"href":"https:\/\/distribucionarc.com\/pl\/wp-json\/wp\/v2\/comments?post=2022"}],"version-history":[{"count":0,"href":"https:\/\/distribucionarc.com\/pl\/wp-json\/wp\/v2\/product\/2022\/revisions"}],"wp:featuredmedia":[{"embeddable":true,"href":"https:\/\/distribucionarc.com\/pl\/wp-json\/wp\/v2\/media\/2028"}],"wp:attachment":[{"href":"https:\/\/distribucionarc.com\/pl\/wp-json\/wp\/v2\/media?parent=2022"}],"wp:term":[{"taxonomy":"product_brand","embeddable":true,"href":"https:\/\/distribucionarc.com\/pl\/wp-json\/wp\/v2\/product_brand?post=2022"},{"taxonomy":"product_cat","embeddable":true,"href":"https:\/\/distribucionarc.com\/pl\/wp-json\/wp\/v2\/product_cat?post=2022"},{"taxonomy":"product_tag","embeddable":true,"href":"https:\/\/distribucionarc.com\/pl\/wp-json\/wp\/v2\/product_tag?post=2022"}],"curies":[{"name":"wp","href":"https:\/\/api.w.org\/{rel}","templated":true}]}}