{"id":2043,"date":"2020-08-07T12:24:18","date_gmt":"2020-08-07T12:24:18","guid":{"rendered":"https:\/\/distribucionarc.com\/?post_type=product&#038;p=2043"},"modified":"2025-05-08T21:08:48","modified_gmt":"2025-05-08T19:08:48","slug":"17-litrowa-cyfrowa-dozujaca-napelniarka-do-butelkowania","status":"publish","type":"product","link":"https:\/\/distribucionarc.com\/pl\/producto\/dosificadora-embotelladora-llenadora-de-liquidos-digital-de-17l\/","title":{"rendered":"Cyfrowy dozownik cieczy 20L, maszyna do butelkowania, nape\u0142niacz"},"content":{"rendered":"<h3>Cyfrowy dozownik cieczy 20L, maszyna do butelkowania, nape\u0142niacz<\/h3>\n<p>Pompa i silnik <strong>dozownik p\u0142ynu <span style=\"color: #ff0000;\">DO<\/span><span style=\"color: #0000ff;\">R<\/span>C<\/strong> Sk\u0142adaj\u0105 si\u0119 z kilku najwy\u017cszej jako\u015bci materia\u0142\u00f3w antykorozyjnych, a solidna obudowa ze stali nierdzewnej jest wyko\u0144czona \u015brodkiem antykorozyjnym, aby zapewni\u0107 jej trwa\u0142o\u015b\u0107.<\/p>\n<p>Czas oczekiwania na nape\u0142nienie mo\u017cna dowolnie regulowa\u0107 na ekranie LCD, posiada tak\u017ce funkcj\u0119 automatycznego zliczania. Proces nape\u0142niania mo\u017cna przeprowadzi\u0107 ustawiaj\u0105c<strong> podsadzkarz<\/strong> <strong>automatycznie<\/strong> <strong>albo<\/strong> <strong>r\u0119czne sterowanie procesem<\/strong> z \u0142atwym w obs\u0142udze peda\u0142em samoczynnego uruchamiania.<\/p>\n<p>Mo\u017cna dostosowa\u0107 wysoko\u015b\u0107 do r\u00f3\u017cnych rozmiar\u00f3w pojemnik\u00f3w, dyszy i w\u0119\u017ca<strong> rozlewnia <span style=\"color: #ff0000;\">DO<\/span><span style=\"color: #0000ff;\">R<\/span>CEDL20 tys<\/strong> Posiadaj\u0105 bardzo precyzyjny system nape\u0142niania zapobiegaj\u0105cy kapaniu. Zapewnia <strong>du\u017ca ilo\u015b\u0107 nape\u0142nienia (20L\/min)\u00a0<\/strong> wolny od zanieczyszcze\u0144 dzi\u0119ki du\u017cemu filtrowi wlotowemu.<\/p>\n<p>Zawiera wentylator, kt\u00f3ry zapewnia stabiln\u0105 prac\u0119 dzi\u0119ki automatycznej absorpcji i funkcji zabezpieczenia termicznego, umo\u017cliwiaj\u0105c normaln\u0105 prac\u0119, je\u015bli pracuje przez d\u0142ugi czas lub jest nieaktywny.<\/p>\n<h6><strong>Gwarancja\u00a0<span style=\"color: #ff0000;\">DO<\/span><span style=\"color: #0000ff;\">R<\/span>C 2 LATA<\/strong><\/h6>\n<h6><span style=\"color: #008000;\">Wydajny dozownik do butelkowania, niskie zu\u017cycie energii 200W<\/span><\/h6>\n<h6><strong>wsparcie techniczne w cenie<\/strong><\/h6>\n<p>&nbsp;<\/p>\n<table role=\"presentation\" width=\"100%\" cellspacing=\"0\" cellpadding=\"0\">\n<tbody>\n<tr>\n<td class=\"attrLabels\">Marka:<\/td>\n<td width=\"50.0%\">\u0141UK<\/td>\n<\/tr>\n<tr>\n<td class=\"attrLabels\">Kraj dystrybucji:<\/td>\n<td width=\"50.0%\">Hiszpania, Niemcy, USA<\/td>\n<td class=\"attrLabels\">Waga:<\/td>\n<td width=\"50.0%\">10 kg<\/td>\n<\/tr>\n<tr>\n<td class=\"attrLabels\">Marka:<\/td>\n<td width=\"50.0%\">\u0141UK<\/td>\n<td class=\"attrLabels\">Wysoko\u015b\u0107:<\/td>\n<td width=\"50.0%\">21,5cm<\/td>\n<\/tr>\n<tr>\n<td class=\"attrLabels\">Kolor:<\/td>\n<td width=\"50.0%\">Srebrny<\/td>\n<td class=\"attrLabels\">D\u0142ugi:<\/td>\n<td width=\"50.0%\">35,5cm<\/td>\n<\/tr>\n<tr>\n<td class=\"attrLabels\">Rodzaj produktu:<\/td>\n<td width=\"50.0%\">Dozownik do nape\u0142niania p\u0142ynem<\/td>\n<td class=\"attrLabels\">Szeroki:<\/td>\n<td width=\"50.0%\">32,5cm<\/td>\n<\/tr>\n<tr>\n<td class=\"attrLabels\">Numer producenta:<\/td>\n<td width=\"50.0%\">ARCEDL20K<\/td>\n<td class=\"attrLabels\">Moc:<\/td>\n<td width=\"50.0%\">200 W<\/td>\n<\/tr>\n<tr>\n<td class=\"attrLabels\">Tworzywo:<\/td>\n<td width=\"50.0%\">stal nierdzewna, mikrokomputer, sterowanie automatyczne, w\u0142\u0105cznik no\u017cny<\/td>\n<td class=\"attrLabels\">napi\u0119cie wej\u015bciowe<\/td>\n<td width=\"50.0%\">220 V \u2013 60 Hz<\/td>\n<\/tr>\n<tr>\n<td class=\"attrLabels\">Gwarancja:<\/td>\n<td width=\"50.0%\">\u00a0 2 lata<\/td>\n<td class=\"attrLabels\">Obj\u0119to\u015b\u0107 nape\u0142niania:<\/td>\n<td width=\"50.0%\">30 ml do 20 000 ml<\/td>\n<\/tr>\n<tr>\n<td class=\"attrLabels\">Narz\u0119dzia instalacyjne:<\/td>\n<td width=\"50.0%\">Tak<\/td>\n<td class=\"attrLabels\">Maksymalny przep\u0142yw:<\/td>\n<td width=\"50.0%\">\u00a020 l\/min w zale\u017cno\u015bci od cieczy i zwrotno\u015bci<\/td>\n<\/tr>\n<\/tbody>\n<\/table>\n<p>&nbsp;<\/p>","protected":false},"excerpt":{"rendered":"<h2>Cyfrowy dozownik cieczy 20L, maszyna do butelkowania, nape\u0142niacz<\/h2>\n<p>Ten <strong>szafarka<\/strong> Jest szeroko stosowany w przemy\u015ble farmaceutycznym, chemicznym, napoj\u00f3w, naftowym, kosmetycznym i innych, odpowiedni dla<strong> ciecze o niskiej lepko\u015bci, wolne od cz\u0105stek<\/strong> jak woda, oliwa z oliwek, paliwo, napoje itp.<\/p>\n<p>The <strong>maszyna do nape\u0142niania p\u0142yn\u00f3w<\/strong> <strong><span style=\"color: #ff0000;\">DO<\/span><span style=\"color: #0000ff;\">R<\/span>C<\/strong> Posiada automatyczn\u0105 pomp\u0119 startow\u0105 i dwie g\u0142owice, dzi\u0119ki czemu jest bardziej praktyczna i wydajna. Mo\u017ce by\u0107 stosowany do nape\u0142niania wielu rodzaj\u00f3w p\u0142yn\u00f3w o niskiej g\u0119sto\u015bci i lekkich. Takie jak woda, oliwa z oliwek, napoje, ocet, mleko itp. W zale\u017cno\u015bci od rodzaju cieczy zaleca si\u0119 stosowanie r\u00f3\u017cnych materia\u0142\u00f3w. Dostarczana przez nas tuba jest silikonowa.<\/p>\n<h6><strong>Gwarancja\u00a0<span style=\"color: #ff0000;\">DO<\/span><span style=\"color: #0000ff;\">R<\/span>C 2 LATA<\/strong><\/h6>\n<h6><span style=\"color: #008000;\">Wydajny dozownik do butelkowania, niskie zu\u017cycie energii 200W<\/span><\/h6>\n<h6><strong>wsparcie techniczne w cenie<\/strong><\/h6>\n<p>&nbsp;<\/p>","protected":false},"featured_media":2053,"comment_status":"open","ping_status":"closed","template":"","meta":{"wds_primary_product_brand":0,"wds_primary_product_cat":0},"product_brand":[],"product_cat":[18,19,320,21],"product_tag":[],"class_list":{"0":"post-2043","1":"product","2":"type-product","3":"status-publish","4":"has-post-thumbnail","6":"product_cat-dosificadoras","7":"product_cat-dosificadoras-de-liquidos","8":"product_cat-llenadoras-de-liquidos-por-gravedad","9":"product_cat-maquinas-llenadoras","10":"product_shipping_class-express","12":"first","13":"instock","14":"sale","15":"taxable","16":"shipping-taxable","17":"purchasable","18":"product-type-simple"},"yoast_head":"<!-- This site is optimized with the Yoast SEO Premium plugin v24.9 (Yoast SEO v26.1) - https:\/\/yoast.com\/wordpress\/plugins\/seo\/ -->\n<title>Dosificadora, Embotelladora, Llenadora de L\u00edquidos Digital de 20L - distribuci\u00f3n ARC<\/title>\n<meta name=\"robots\" content=\"index, follow, max-snippet:-1, max-image-preview:large, max-video-preview:-1\" \/>\n<link rel=\"canonical\" href=\"https:\/\/distribucionarc.com\/pl\/produkty\/17-litrowa-cyfrowa-dozujaca-napelniarka-do-butelkowania\/\" \/>\n<meta property=\"og:locale\" content=\"pl_PL\" \/>\n<meta property=\"og:type\" content=\"article\" \/>\n<meta property=\"og:title\" content=\"Dosificadora, Embotelladora, Llenadora de L\u00edquidos Digital de 20L\" \/>\n<meta property=\"og:description\" content=\"Dosificadora, Embotelladora, Llenadora de L\u00edquidos Digital de 20L Esta dosificadora es ampliamente utilizada en las industrias farmac\u00e9utica, qu\u00edmica, de bebidas, aceite, cosm\u00e9tica y otras, adecuado para l\u00edquidos de baja viscosidad y libres de part\u00edculas como agua, aceite de oliva, combustibles, bebidas, etc.  La m\u00e1quina llenadora de l\u00edquidos ARC tiene una bomba de arranque autom\u00e1tico y dos cabezales, que la hacen m\u00e1s pr\u00e1ctica y eficiente. Se puede utilizar para llenar muchos tipos de l\u00edquidos de baja densidad y ligeros. Tales como agua, aceite de oliva, bebidas, vinagre, leche, etc. Seg\u00fan los distintos tipos de l\u00edquidos se recomienda utilizar diferentes materiales. El tubo que suministramos es de silicona. Garant\u00eda\u00a0ARC 2 A\u00d1OS Dosificadora\u00a0 embotelladora eficiente, bajo consumo 200w soporte t\u00e9cnico incluido &nbsp;\" \/>\n<meta property=\"og:url\" content=\"https:\/\/distribucionarc.com\/pl\/produkty\/17-litrowa-cyfrowa-dozujaca-napelniarka-do-butelkowania\/\" \/>\n<meta property=\"og:site_name\" content=\"distribuci\u00f3n ARC\" \/>\n<meta property=\"article:modified_time\" content=\"2025-05-08T19:08:48+00:00\" \/>\n<meta property=\"og:image\" content=\"https:\/\/distribucionarc.com\/wp-content\/uploads\/2020\/08\/Dosificadora-embotelladora-llenadora-de-l\u00edquidos-digital-de-17L-0.jpg\" \/>\n\t<meta property=\"og:image:width\" content=\"1600\" \/>\n\t<meta property=\"og:image:height\" content=\"1600\" \/>\n\t<meta property=\"og:image:type\" content=\"image\/jpeg\" \/>\n<meta name=\"twitter:card\" content=\"summary_large_image\" \/>\n<meta name=\"twitter:label1\" content=\"Szacowany czas czytania\" \/>\n\t<meta name=\"twitter:data1\" content=\"2 minuty\" \/>\n<script type=\"application\/ld+json\" class=\"yoast-schema-graph\">{\"@context\":\"https:\/\/schema.org\",\"@graph\":[{\"@type\":\"WebPage\",\"@id\":\"https:\/\/distribucionarc.com\/pl\/producto\/dosificadora-embotelladora-llenadora-de-liquidos-digital-de-17l\/\",\"url\":\"https:\/\/distribucionarc.com\/pl\/producto\/dosificadora-embotelladora-llenadora-de-liquidos-digital-de-17l\/\",\"name\":\"Dosificadora, Embotelladora, Llenadora de L\u00edquidos Digital de 20L - distribuci\u00f3n ARC\",\"isPartOf\":{\"@id\":\"https:\/\/www.distribucionarc.com\/sl\/#website\"},\"primaryImageOfPage\":{\"@id\":\"https:\/\/distribucionarc.com\/pl\/producto\/dosificadora-embotelladora-llenadora-de-liquidos-digital-de-17l\/#primaryimage\"},\"image\":{\"@id\":\"https:\/\/distribucionarc.com\/pl\/producto\/dosificadora-embotelladora-llenadora-de-liquidos-digital-de-17l\/#primaryimage\"},\"thumbnailUrl\":\"https:\/\/distribucionarc.com\/wp-content\/uploads\/2020\/08\/Dosificadora-embotelladora-llenadora-de-l\u00edquidos-digital-de-17L-0.jpg\",\"datePublished\":\"2020-08-07T12:24:18+00:00\",\"dateModified\":\"2025-05-08T19:08:48+00:00\",\"breadcrumb\":{\"@id\":\"https:\/\/distribucionarc.com\/pl\/producto\/dosificadora-embotelladora-llenadora-de-liquidos-digital-de-17l\/#breadcrumb\"},\"inLanguage\":\"pl-PL\",\"potentialAction\":[{\"@type\":\"ReadAction\",\"target\":[\"https:\/\/distribucionarc.com\/pl\/producto\/dosificadora-embotelladora-llenadora-de-liquidos-digital-de-17l\/\"]}]},{\"@type\":\"ImageObject\",\"inLanguage\":\"pl-PL\",\"@id\":\"https:\/\/distribucionarc.com\/pl\/producto\/dosificadora-embotelladora-llenadora-de-liquidos-digital-de-17l\/#primaryimage\",\"url\":\"https:\/\/distribucionarc.com\/wp-content\/uploads\/2020\/08\/Dosificadora-embotelladora-llenadora-de-l\u00edquidos-digital-de-17L-0.jpg\",\"contentUrl\":\"https:\/\/distribucionarc.com\/wp-content\/uploads\/2020\/08\/Dosificadora-embotelladora-llenadora-de-l\u00edquidos-digital-de-17L-0.jpg\",\"width\":1600,\"height\":1600,\"caption\":\"Dosificadora embotelladora llenadora de l\u00edquidos digital de 17L\"},{\"@type\":\"BreadcrumbList\",\"@id\":\"https:\/\/distribucionarc.com\/pl\/producto\/dosificadora-embotelladora-llenadora-de-liquidos-digital-de-17l\/#breadcrumb\",\"itemListElement\":[{\"@type\":\"ListItem\",\"position\":1,\"name\":\"Portada\",\"item\":\"https:\/\/www.distribucionarc.com\/\"},{\"@type\":\"ListItem\",\"position\":2,\"name\":\"\u00dcr\u00fcnler\",\"item\":\"https:\/\/www.distribucionarc.com\/tr\/magaza\/\"},{\"@type\":\"ListItem\",\"position\":3,\"name\":\"Dosificadora, Embotelladora, Llenadora de L\u00edquidos Digital de 20L\"}]},{\"@type\":\"WebSite\",\"@id\":\"https:\/\/www.distribucionarc.com\/sl\/#website\",\"url\":\"https:\/\/www.distribucionarc.com\/sl\/\",\"name\":\"distribuci\u00f3n ARC\",\"description\":\"Empresa especializada en la fabricaci\u00f3n y distribuci\u00f3n de maquinaria industrial, selladoras de latas, Maquinas de hacer pastillas, Maquinas de cortar carne...\",\"publisher\":{\"@id\":\"https:\/\/www.distribucionarc.com\/sl\/#organization\"},\"potentialAction\":[{\"@type\":\"SearchAction\",\"target\":{\"@type\":\"EntryPoint\",\"urlTemplate\":\"https:\/\/www.distribucionarc.com\/sl\/?s={search_term_string}\"},\"query-input\":{\"@type\":\"PropertyValueSpecification\",\"valueRequired\":true,\"valueName\":\"search_term_string\"}}],\"inLanguage\":\"pl-PL\"},{\"@type\":\"Organization\",\"@id\":\"https:\/\/www.distribucionarc.com\/sl\/#organization\",\"name\":\"Distribuci\u00f3n ARC\",\"url\":\"https:\/\/www.distribucionarc.com\/sl\/\",\"logo\":{\"@type\":\"ImageObject\",\"inLanguage\":\"pl-PL\",\"@id\":\"https:\/\/www.distribucionarc.com\/sl\/#\/schema\/logo\/image\/\",\"url\":\"https:\/\/distribucionarc.com\/wp-content\/uploads\/2024\/10\/distribucion-ARC-COLOR-SIN-FONDO-e1732295305345.png\",\"contentUrl\":\"https:\/\/distribucionarc.com\/wp-content\/uploads\/2024\/10\/distribucion-ARC-COLOR-SIN-FONDO-e1732295305345.png\",\"width\":1164,\"height\":558,\"caption\":\"Distribuci\u00f3n ARC\"},\"image\":{\"@id\":\"https:\/\/www.distribucionarc.com\/sl\/#\/schema\/logo\/image\/\"},\"description\":\"Empresa especializada en la fabricaci\u00f3n y distribuci\u00f3n de maquinaria industrial para los sectores alimentario y farmac\u00e9utico. Nos especializamos en: M\u00e1quinas de cortar carne Fabricaci\u00f3n de comprimidos Sistemas de transporte industrial L\u00edneas de embotellado Dosificadores Y mucho m\u00e1s... Ofrecemos soluciones innovadoras y personalizadas para optimizar los procesos productivos de tu empresa.\",\"email\":\"Admistracion@distribucionarc.com\",\"telephone\":\"+34 643496664\",\"legalName\":\"ARC TECH SOLUTIONS\",\"foundingDate\":\"2024-04-09\",\"vatID\":\"B55480172\",\"numberOfEmployees\":{\"@type\":\"QuantitativeValue\",\"minValue\":\"1\",\"maxValue\":\"10\"}}]}<\/script>\n<!-- \/ Yoast SEO Premium plugin. -->","yoast_head_json":{"title":"Cyfrowy dozownik cieczy, butelkowanie i nape\u0142nianie 20L - dystrybucja ARC","robots":{"index":"index","follow":"follow","max-snippet":"max-snippet:-1","max-image-preview":"max-image-preview:large","max-video-preview":"max-video-preview:-1"},"canonical":"https:\/\/distribucionarc.com\/pl\/produkty\/17-litrowa-cyfrowa-dozujaca-napelniarka-do-butelkowania\/","og_locale":"pl_PL","og_type":"article","og_title":"Dosificadora, Embotelladora, Llenadora de L\u00edquidos Digital de 20L","og_description":"Dosificadora, Embotelladora, Llenadora de L\u00edquidos Digital de 20L Esta dosificadora es ampliamente utilizada en las industrias farmac\u00e9utica, qu\u00edmica, de bebidas, aceite, cosm\u00e9tica y otras, adecuado para l\u00edquidos de baja viscosidad y libres de part\u00edculas como agua, aceite de oliva, combustibles, bebidas, etc.  La m\u00e1quina llenadora de l\u00edquidos ARC tiene una bomba de arranque autom\u00e1tico y dos cabezales, que la hacen m\u00e1s pr\u00e1ctica y eficiente. Se puede utilizar para llenar muchos tipos de l\u00edquidos de baja densidad y ligeros. Tales como agua, aceite de oliva, bebidas, vinagre, leche, etc. Seg\u00fan los distintos tipos de l\u00edquidos se recomienda utilizar diferentes materiales. El tubo que suministramos es de silicona. Garant\u00eda\u00a0ARC 2 A\u00d1OS Dosificadora\u00a0 embotelladora eficiente, bajo consumo 200w soporte t\u00e9cnico incluido &nbsp;","og_url":"https:\/\/distribucionarc.com\/pl\/produkty\/17-litrowa-cyfrowa-dozujaca-napelniarka-do-butelkowania\/","og_site_name":"distribuci\u00f3n ARC","article_modified_time":"2025-05-08T19:08:48+00:00","og_image":[{"width":1600,"height":1600,"url":"https:\/\/distribucionarc.com\/wp-content\/uploads\/2020\/08\/Dosificadora-embotelladora-llenadora-de-l\u00edquidos-digital-de-17L-0.jpg","type":"image\/jpeg"}],"twitter_card":"summary_large_image","twitter_misc":{"Szacowany czas czytania":"2 minuty"},"schema":{"@context":"https:\/\/schema.org","@graph":[{"@type":"WebPage","@id":"https:\/\/distribucionarc.com\/pl\/producto\/dosificadora-embotelladora-llenadora-de-liquidos-digital-de-17l\/","url":"https:\/\/distribucionarc.com\/pl\/producto\/dosificadora-embotelladora-llenadora-de-liquidos-digital-de-17l\/","name":"Cyfrowy dozownik cieczy, butelkowanie i nape\u0142nianie 20L - dystrybucja ARC","isPartOf":{"@id":"https:\/\/www.distribucionarc.com\/sl\/#website"},"primaryImageOfPage":{"@id":"https:\/\/distribucionarc.com\/pl\/producto\/dosificadora-embotelladora-llenadora-de-liquidos-digital-de-17l\/#primaryimage"},"image":{"@id":"https:\/\/distribucionarc.com\/pl\/producto\/dosificadora-embotelladora-llenadora-de-liquidos-digital-de-17l\/#primaryimage"},"thumbnailUrl":"https:\/\/distribucionarc.com\/wp-content\/uploads\/2020\/08\/Dosificadora-embotelladora-llenadora-de-l\u00edquidos-digital-de-17L-0.jpg","datePublished":"2020-08-07T12:24:18+00:00","dateModified":"2025-05-08T19:08:48+00:00","breadcrumb":{"@id":"https:\/\/distribucionarc.com\/pl\/producto\/dosificadora-embotelladora-llenadora-de-liquidos-digital-de-17l\/#breadcrumb"},"inLanguage":"pl-PL","potentialAction":[{"@type":"ReadAction","target":["https:\/\/distribucionarc.com\/pl\/producto\/dosificadora-embotelladora-llenadora-de-liquidos-digital-de-17l\/"]}]},{"@type":"ImageObject","inLanguage":"pl-PL","@id":"https:\/\/distribucionarc.com\/pl\/producto\/dosificadora-embotelladora-llenadora-de-liquidos-digital-de-17l\/#primaryimage","url":"https:\/\/distribucionarc.com\/wp-content\/uploads\/2020\/08\/Dosificadora-embotelladora-llenadora-de-l\u00edquidos-digital-de-17L-0.jpg","contentUrl":"https:\/\/distribucionarc.com\/wp-content\/uploads\/2020\/08\/Dosificadora-embotelladora-llenadora-de-l\u00edquidos-digital-de-17L-0.jpg","width":1600,"height":1600,"caption":"Dosificadora embotelladora llenadora de l\u00edquidos digital de 17L"},{"@type":"BreadcrumbList","@id":"https:\/\/distribucionarc.com\/pl\/producto\/dosificadora-embotelladora-llenadora-de-liquidos-digital-de-17l\/#breadcrumb","itemListElement":[{"@type":"ListItem","position":1,"name":"Portada","item":"https:\/\/www.distribucionarc.com\/"},{"@type":"ListItem","position":2,"name":"\u00dcr\u00fcnler","item":"https:\/\/www.distribucionarc.com\/tr\/magaza\/"},{"@type":"ListItem","position":3,"name":"Dosificadora, Embotelladora, Llenadora de L\u00edquidos Digital de 20L"}]},{"@type":"WebSite","@id":"https:\/\/www.distribucionarc.com\/sl\/#website","url":"https:\/\/www.distribucionarc.com\/sl\/","name":"Dystrybucja ARC","description":"Firma specjalizuj\u0105ca si\u0119 w produkcji i dystrybucji maszyn przemys\u0142owych, zgrzewarek do puszek, maszyn do produkcji tabletek, maszyn do ci\u0119cia mi\u0119sa...","publisher":{"@id":"https:\/\/www.distribucionarc.com\/sl\/#organization"},"potentialAction":[{"@type":"SearchAction","target":{"@type":"EntryPoint","urlTemplate":"https:\/\/www.distribucionarc.com\/sl\/?s={search_term_string}"},"query-input":{"@type":"PropertyValueSpecification","valueRequired":true,"valueName":"search_term_string"}}],"inLanguage":"pl-PL"},{"@type":"Organization","@id":"https:\/\/www.distribucionarc.com\/sl\/#organization","name":"Dystrybucja ARC","url":"https:\/\/www.distribucionarc.com\/sl\/","logo":{"@type":"ImageObject","inLanguage":"pl-PL","@id":"https:\/\/www.distribucionarc.com\/sl\/#\/schema\/logo\/image\/","url":"https:\/\/distribucionarc.com\/wp-content\/uploads\/2024\/10\/distribucion-ARC-COLOR-SIN-FONDO-e1732295305345.png","contentUrl":"https:\/\/distribucionarc.com\/wp-content\/uploads\/2024\/10\/distribucion-ARC-COLOR-SIN-FONDO-e1732295305345.png","width":1164,"height":558,"caption":"Distribuci\u00f3n ARC"},"image":{"@id":"https:\/\/www.distribucionarc.com\/sl\/#\/schema\/logo\/image\/"},"description":"Firma specjalizuj\u0105ca si\u0119 w produkcji i dystrybucji maszyn przemys\u0142owych dla sektora spo\u017cywczego i farmaceutycznego. Specjalizujemy si\u0119 w: Maszyny do krojenia mi\u0119sa Produkcja tabletek Przemys\u0142owe systemy transportowe Linie butelkuj\u0105ce Dozowniki I wiele wi\u0119cej.... Oferujemy innowacyjne i niestandardowe rozwi\u0105zania w celu optymalizacji proces\u00f3w produkcyjnych w Twojej firmie.","email":"Admistracion@distribucionarc.com","telephone":"+34 643496664","legalName":"ARC TECH SOLUTIONS","foundingDate":"2024-04-09","vatID":"B55480172","numberOfEmployees":{"@type":"QuantitativeValue","minValue":"1","maxValue":"10"}}]}},"_links":{"self":[{"href":"https:\/\/distribucionarc.com\/pl\/wp-json\/wp\/v2\/product\/2043","targetHints":{"allow":["GET"]}}],"collection":[{"href":"https:\/\/distribucionarc.com\/pl\/wp-json\/wp\/v2\/product"}],"about":[{"href":"https:\/\/distribucionarc.com\/pl\/wp-json\/wp\/v2\/types\/product"}],"replies":[{"embeddable":true,"href":"https:\/\/distribucionarc.com\/pl\/wp-json\/wp\/v2\/comments?post=2043"}],"version-history":[{"count":1,"href":"https:\/\/distribucionarc.com\/pl\/wp-json\/wp\/v2\/product\/2043\/revisions"}],"predecessor-version":[{"id":17458,"href":"https:\/\/distribucionarc.com\/pl\/wp-json\/wp\/v2\/product\/2043\/revisions\/17458"}],"wp:featuredmedia":[{"embeddable":true,"href":"https:\/\/distribucionarc.com\/pl\/wp-json\/wp\/v2\/media\/2053"}],"wp:attachment":[{"href":"https:\/\/distribucionarc.com\/pl\/wp-json\/wp\/v2\/media?parent=2043"}],"wp:term":[{"taxonomy":"product_brand","embeddable":true,"href":"https:\/\/distribucionarc.com\/pl\/wp-json\/wp\/v2\/product_brand?post=2043"},{"taxonomy":"product_cat","embeddable":true,"href":"https:\/\/distribucionarc.com\/pl\/wp-json\/wp\/v2\/product_cat?post=2043"},{"taxonomy":"product_tag","embeddable":true,"href":"https:\/\/distribucionarc.com\/pl\/wp-json\/wp\/v2\/product_tag?post=2043"}],"curies":[{"name":"wp","href":"https:\/\/api.w.org\/{rel}","templated":true}]}}