{"id":2075,"date":"2020-08-07T15:34:13","date_gmt":"2020-08-07T15:34:13","guid":{"rendered":"https:\/\/distribucionarc.com\/?post_type=product&#038;p=2075"},"modified":"2020-09-30T08:55:08","modified_gmt":"2020-09-30T08:55:08","slug":"wyciskacz-do-owocow-6l","status":"publish","type":"product","link":"https:\/\/distribucionarc.com\/pl\/producto\/prensa-de-vino-exprimidor-de-frutas-6l\/","title":{"rendered":"Wyciskarka do wina o pojemno\u015bci 6 litr\u00f3w"},"content":{"rendered":"<h3>Prasa do wina, sokowir\u00f3wka, wyciskarka do owoc\u00f3w 6L<\/h3>\n<p>Naci\u015bni\u0119cie za pomoc\u0105 <strong>Wyciskarka do owoc\u00f3w ARC<\/strong> B\u0119dzie szybkie i \u0142atwe, w zale\u017cno\u015bci od maceracji (bardzo posiekane owoce). Ka\u017cdy rodzaj owoc\u00f3w wymaga w\u0142asnego sposobu przygotowania.<\/p>\n<p>Ilo\u015b\u0107 uzyskanego soku zale\u017cy oczywi\u015bcie od zawarto\u015bci wody w owocach, a nie od wysi\u0142ku osoby obs\u0142uguj\u0105cej. Je\u015bli owoc jest dobrze przygotowany, mo\u017cna go \u0142atwo wycisn\u0105\u0107 jedn\u0105 r\u0119k\u0105.<\/p>\n<p>Nie mo\u017cna wyciska\u0107 owoc\u00f3w w ca\u0142o\u015bci, przekrojonych na po\u0142\u00f3wki i \u0107wiartki. Prasy \u015brubowe nie s\u0105 do tego przeznaczone. Aby uzyska\u0107 najlepsze rezultaty, zaleca si\u0119 dobre rozdrobnienie owoc\u00f3w.<\/p>\n<p>The <strong>wyciskarka do wina <span style=\"color: #ff0000;\">DO<\/span><span style=\"color: #0000ff;\">R<\/span>CPEF6<\/strong> Jest produkowany z ci\u0105g\u0142ym wa\u0142em stalowym z obs\u0142ug\u0105 r\u0119czn\u0105 i mechaniczn\u0105, solidnym lejkiem zbieraj\u0105cym ze stali nierdzewnej oraz <strong>beczka<\/strong> zrobiony z <strong>solidna \u0142odyga bukowa<\/strong> Lepiej zachowuje smak i zapewnia stabilno\u015b\u0107 podczas procesu.<\/p>\n<h6><strong>Gwarancja\u00a0<\/strong><span style=\"color: #ff0000;\"><strong>DO<\/strong><\/span><span style=\"color: #0000ff;\"><strong>R<\/strong><\/span><strong>C 2 LATA<\/strong><\/h6>\n<h6><strong>wsparcie techniczne w cenie<\/strong><\/h6>\n<p>&nbsp;<\/p>\n<table width=\"100%\">\n<tbody>\n<tr>\n<td>Facet:<\/td>\n<td width=\"50%\">Podr\u0119cznik<\/td>\n<td colspan=\"2\" width=\"327\"><\/td>\n<\/tr>\n<tr>\n<td>Kraj dystrybucji:<\/td>\n<td width=\"50%\">Hiszpania, Niemcy, USA<\/td>\n<td>Waga:<\/td>\n<td width=\"50%\">6,4 kg<\/td>\n<\/tr>\n<tr>\n<td>Marka:<\/td>\n<td width=\"50%\">\u0141UK<\/td>\n<td>Wysoko\u015b\u0107:<\/td>\n<td width=\"50%\">56cm<\/td>\n<\/tr>\n<tr>\n<td>Kolor:<\/td>\n<td width=\"50%\">Srebrny<\/td>\n<td>D\u0142ugi:<\/td>\n<td width=\"50%\">\u00a027cm<\/td>\n<\/tr>\n<tr>\n<td>Rodzaj produktu:<\/td>\n<td width=\"50%\">sokowir\u00f3wka, prasa do wina<\/td>\n<td>Szeroki:<\/td>\n<td width=\"50%\">27cm<\/td>\n<\/tr>\n<tr>\n<td>Numer producenta:<\/td>\n<td width=\"50%\">ARCPEF6<\/td>\n<td>Produkcja:<\/td>\n<td width=\"50%\">6L<\/td>\n<\/tr>\n<tr>\n<td>Tworzywo:<\/td>\n<td width=\"50%\">drewno bukowe, stal nierdzewna przeznaczona do kontaktu z \u017cywno\u015bci\u0105, stal<\/td>\n<td>Rozmiar koszyka:<\/td>\n<td width=\"50%\">19x27cm<\/td>\n<\/tr>\n<tr>\n<td>Wymiary lufy:<\/td>\n<td width=\"50%\">\u015arednica 27 cm<\/td>\n<td>Sprz\u0119t:<\/td>\n<td width=\"50%\">W komplecie \u015bciereczka dociskowa<\/td>\n<\/tr>\n<tr>\n<td>Wysoko\u015b\u0107 lufy:<\/td>\n<td width=\"50%\">42cm<\/td>\n<td>Gwarancja:<\/td>\n<td width=\"50%\">2 LATA<\/td>\n<\/tr>\n<\/tbody>\n<\/table>","protected":false},"excerpt":{"rendered":"<h2>Prasa do wina, sokowir\u00f3wka, wyciskarka do owoc\u00f3w 6L<\/h2>\n<p>On<strong> ekstraktor jag\u00f3d <span style=\"color: #ff0000;\">DO<\/span><span style=\"color: #0000ff;\">R<\/span>C<\/strong> Jest wytrzyma\u0142y z <strong>wysoka wydajno\u015b\u0107 soku<\/strong>; Wywiera wysokie ci\u015bnienie dzi\u0119ki metalowej konstrukcji wa\u0142u. W przeciwie\u0144stwie do pras innych dostawc\u00f3w, tuleja prasy jest <strong>wykonane z wytrzyma\u0142ego drewna bukowego <\/strong>Do<strong> lepiej zachowa\u0107 smak<\/strong>. The<strong> umiej\u0119tno\u015b\u0107\u00a0<\/strong>maksimum koszyka wynosi<strong> 6 litr\u00f3w<\/strong><\/p>\n<h6><strong>Gwarancja\u00a0<\/strong><span style=\"color: #ff0000;\"><strong>DO<\/strong><\/span><span style=\"color: #0000ff;\"><strong>R<\/strong><\/span><strong>C 2 LATA<\/strong><\/h6>\n<h6><strong>wsparcie techniczne w cenie<\/strong><\/h6>","protected":false},"featured_media":2076,"comment_status":"open","ping_status":"closed","template":"","meta":{"wds_primary_product_brand":0,"wds_primary_product_cat":0},"product_brand":[],"product_cat":[30,65,67],"product_tag":[],"class_list":{"0":"post-2075","1":"product","2":"type-product","3":"status-publish","4":"has-post-thumbnail","6":"product_cat-maquinaria-apicola","7":"product_cat-maquinaria-industrial-para-procesar-fruta-verdura-panales","8":"product_cat-prensas-de-frutas-trituradoras","9":"product_shipping_class-hosteleria","11":"first","12":"instock","13":"sale","14":"taxable","15":"shipping-taxable","16":"purchasable","17":"product-type-simple"},"yoast_head":"<!-- This site is optimized with the Yoast SEO Premium plugin v24.9 (Yoast SEO v26.1) - https:\/\/yoast.com\/wordpress\/plugins\/seo\/ -->\n<title>Prensa de vino exprimidor de frutas 6L - distribuci\u00f3n ARC<\/title>\n<meta name=\"robots\" content=\"index, follow, max-snippet:-1, max-image-preview:large, max-video-preview:-1\" \/>\n<link rel=\"canonical\" href=\"https:\/\/distribucionarc.com\/pl\/produkty\/wyciskacz-do-owocow-6l\/\" \/>\n<meta property=\"og:locale\" content=\"pl_PL\" \/>\n<meta property=\"og:type\" content=\"article\" \/>\n<meta property=\"og:title\" content=\"Prensa de vino exprimidor de frutas 6L\" \/>\n<meta property=\"og:description\" content=\"Prensa de vino, extractor de zumo, exprimidor de frutas 6L El extractor de bayas ARC es robusto con un alto rendimiento de zumo; ejerce una alta presi\u00f3n debido a la construcci\u00f3n del eje de metal.\u00a0A diferencia de las prensas de otros proveedores, el\u00a0barril de\u00a0la\u00a0prensa est\u00e1 hecho de madera de haya robusta para conservar mejor el sabor. La capacidad\u00a0m\u00e1xima\u00a0de la cesta es de 6 litros Garant\u00eda\u00a0ARC 2 A\u00d1OS soporte t\u00e9cnico\u00a0incluido\" \/>\n<meta property=\"og:url\" content=\"https:\/\/distribucionarc.com\/pl\/produkty\/wyciskacz-do-owocow-6l\/\" \/>\n<meta property=\"og:site_name\" content=\"distribuci\u00f3n ARC\" \/>\n<meta property=\"article:modified_time\" content=\"2020-09-30T08:55:08+00:00\" \/>\n<meta property=\"og:image\" content=\"https:\/\/distribucionarc.com\/wp-content\/uploads\/2020\/08\/Prensa-de-vino-extractor-de-zumo-exprimidor-de-frutas-6L-0.jpg\" \/>\n\t<meta property=\"og:image:width\" content=\"1000\" \/>\n\t<meta property=\"og:image:height\" content=\"1000\" \/>\n\t<meta property=\"og:image:type\" content=\"image\/jpeg\" \/>\n<meta name=\"twitter:card\" content=\"summary_large_image\" \/>\n<meta name=\"twitter:label1\" content=\"Szacowany czas czytania\" \/>\n\t<meta name=\"twitter:data1\" content=\"1 minuta\" \/>\n<script type=\"application\/ld+json\" class=\"yoast-schema-graph\">{\"@context\":\"https:\/\/schema.org\",\"@graph\":[{\"@type\":\"WebPage\",\"@id\":\"https:\/\/distribucionarc.com\/pl\/producto\/prensa-de-vino-exprimidor-de-frutas-6l\/\",\"url\":\"https:\/\/distribucionarc.com\/pl\/producto\/prensa-de-vino-exprimidor-de-frutas-6l\/\",\"name\":\"Prensa de vino exprimidor de frutas 6L - distribuci\u00f3n ARC\",\"isPartOf\":{\"@id\":\"https:\/\/distribucionarc.com\/de\/#website\"},\"primaryImageOfPage\":{\"@id\":\"https:\/\/distribucionarc.com\/pl\/producto\/prensa-de-vino-exprimidor-de-frutas-6l\/#primaryimage\"},\"image\":{\"@id\":\"https:\/\/distribucionarc.com\/pl\/producto\/prensa-de-vino-exprimidor-de-frutas-6l\/#primaryimage\"},\"thumbnailUrl\":\"https:\/\/distribucionarc.com\/wp-content\/uploads\/2020\/08\/Prensa-de-vino-extractor-de-zumo-exprimidor-de-frutas-6L-0.jpg\",\"datePublished\":\"2020-08-07T15:34:13+00:00\",\"dateModified\":\"2020-09-30T08:55:08+00:00\",\"breadcrumb\":{\"@id\":\"https:\/\/distribucionarc.com\/pl\/producto\/prensa-de-vino-exprimidor-de-frutas-6l\/#breadcrumb\"},\"inLanguage\":\"pl-PL\",\"potentialAction\":[{\"@type\":\"ReadAction\",\"target\":[\"https:\/\/distribucionarc.com\/pl\/producto\/prensa-de-vino-exprimidor-de-frutas-6l\/\"]}]},{\"@type\":\"ImageObject\",\"inLanguage\":\"pl-PL\",\"@id\":\"https:\/\/distribucionarc.com\/pl\/producto\/prensa-de-vino-exprimidor-de-frutas-6l\/#primaryimage\",\"url\":\"https:\/\/distribucionarc.com\/wp-content\/uploads\/2020\/08\/Prensa-de-vino-extractor-de-zumo-exprimidor-de-frutas-6L-0.jpg\",\"contentUrl\":\"https:\/\/distribucionarc.com\/wp-content\/uploads\/2020\/08\/Prensa-de-vino-extractor-de-zumo-exprimidor-de-frutas-6L-0.jpg\",\"width\":1000,\"height\":1000,\"caption\":\"Prensa de vino extractor de zumo exprimidor de frutas 6L\"},{\"@type\":\"BreadcrumbList\",\"@id\":\"https:\/\/distribucionarc.com\/pl\/producto\/prensa-de-vino-exprimidor-de-frutas-6l\/#breadcrumb\",\"itemListElement\":[{\"@type\":\"ListItem\",\"position\":1,\"name\":\"Portada\",\"item\":\"https:\/\/distribucionarc.com\/pl\/\"},{\"@type\":\"ListItem\",\"position\":2,\"name\":\"Produkty\",\"item\":\"https:\/\/distribucionarc.com\/pl\/shop\/\"},{\"@type\":\"ListItem\",\"position\":3,\"name\":\"Prensa de vino exprimidor de frutas 6L\"}]},{\"@type\":\"WebSite\",\"@id\":\"https:\/\/distribucionarc.com\/de\/#website\",\"url\":\"https:\/\/distribucionarc.com\/de\/\",\"name\":\"distribuci\u00f3n ARC\",\"description\":\"Empresa especializada en la fabricaci\u00f3n y distribuci\u00f3n de maquinaria industrial, selladoras de latas, Maquinas de hacer pastillas, Maquinas de cortar carne...\",\"publisher\":{\"@id\":\"https:\/\/distribucionarc.com\/de\/#organization\"},\"potentialAction\":[{\"@type\":\"SearchAction\",\"target\":{\"@type\":\"EntryPoint\",\"urlTemplate\":\"https:\/\/distribucionarc.com\/de\/?s={search_term_string}\"},\"query-input\":{\"@type\":\"PropertyValueSpecification\",\"valueRequired\":true,\"valueName\":\"search_term_string\"}}],\"inLanguage\":\"pl-PL\"},{\"@type\":\"Organization\",\"@id\":\"https:\/\/distribucionarc.com\/de\/#organization\",\"name\":\"Distribuci\u00f3n ARC\",\"url\":\"https:\/\/distribucionarc.com\/de\/\",\"logo\":{\"@type\":\"ImageObject\",\"inLanguage\":\"pl-PL\",\"@id\":\"https:\/\/distribucionarc.com\/de\/#\/schema\/logo\/image\/\",\"url\":\"https:\/\/distribucionarc.com\/wp-content\/uploads\/2024\/10\/distribucion-ARC-COLOR-SIN-FONDO-e1732295305345.png\",\"contentUrl\":\"https:\/\/distribucionarc.com\/wp-content\/uploads\/2024\/10\/distribucion-ARC-COLOR-SIN-FONDO-e1732295305345.png\",\"width\":1164,\"height\":558,\"caption\":\"Distribuci\u00f3n ARC\"},\"image\":{\"@id\":\"https:\/\/distribucionarc.com\/de\/#\/schema\/logo\/image\/\"},\"description\":\"Empresa especializada en la fabricaci\u00f3n y distribuci\u00f3n de maquinaria industrial para los sectores alimentario y farmac\u00e9utico. Nos especializamos en: M\u00e1quinas de cortar carne Fabricaci\u00f3n de comprimidos Sistemas de transporte industrial L\u00edneas de embotellado Dosificadores Y mucho m\u00e1s... Ofrecemos soluciones innovadoras y personalizadas para optimizar los procesos productivos de tu empresa.\",\"email\":\"Admistracion@distribucionarc.com\",\"telephone\":\"+34 643496664\",\"legalName\":\"ARC TECH SOLUTIONS\",\"foundingDate\":\"2024-04-09\",\"vatID\":\"B55480172\",\"numberOfEmployees\":{\"@type\":\"QuantitativeValue\",\"minValue\":\"1\",\"maxValue\":\"10\"}}]}<\/script>\n<!-- \/ Yoast SEO Premium plugin. -->","yoast_head_json":{"title":"Wyciskarka do wina 6L - dystrybucja ARC","robots":{"index":"index","follow":"follow","max-snippet":"max-snippet:-1","max-image-preview":"max-image-preview:large","max-video-preview":"max-video-preview:-1"},"canonical":"https:\/\/distribucionarc.com\/pl\/produkty\/wyciskacz-do-owocow-6l\/","og_locale":"pl_PL","og_type":"article","og_title":"Prensa de vino exprimidor de frutas 6L","og_description":"Prensa de vino, extractor de zumo, exprimidor de frutas 6L El extractor de bayas ARC es robusto con un alto rendimiento de zumo; ejerce una alta presi\u00f3n debido a la construcci\u00f3n del eje de metal.\u00a0A diferencia de las prensas de otros proveedores, el\u00a0barril de\u00a0la\u00a0prensa est\u00e1 hecho de madera de haya robusta para conservar mejor el sabor. La capacidad\u00a0m\u00e1xima\u00a0de la cesta es de 6 litros Garant\u00eda\u00a0ARC 2 A\u00d1OS soporte t\u00e9cnico\u00a0incluido","og_url":"https:\/\/distribucionarc.com\/pl\/produkty\/wyciskacz-do-owocow-6l\/","og_site_name":"distribuci\u00f3n ARC","article_modified_time":"2020-09-30T08:55:08+00:00","og_image":[{"width":1000,"height":1000,"url":"https:\/\/distribucionarc.com\/wp-content\/uploads\/2020\/08\/Prensa-de-vino-extractor-de-zumo-exprimidor-de-frutas-6L-0.jpg","type":"image\/jpeg"}],"twitter_card":"summary_large_image","twitter_misc":{"Szacowany czas czytania":"1 minuta"},"schema":{"@context":"https:\/\/schema.org","@graph":[{"@type":"WebPage","@id":"https:\/\/distribucionarc.com\/pl\/producto\/prensa-de-vino-exprimidor-de-frutas-6l\/","url":"https:\/\/distribucionarc.com\/pl\/producto\/prensa-de-vino-exprimidor-de-frutas-6l\/","name":"Wyciskarka do wina 6L - dystrybucja ARC","isPartOf":{"@id":"https:\/\/distribucionarc.com\/de\/#website"},"primaryImageOfPage":{"@id":"https:\/\/distribucionarc.com\/pl\/producto\/prensa-de-vino-exprimidor-de-frutas-6l\/#primaryimage"},"image":{"@id":"https:\/\/distribucionarc.com\/pl\/producto\/prensa-de-vino-exprimidor-de-frutas-6l\/#primaryimage"},"thumbnailUrl":"https:\/\/distribucionarc.com\/wp-content\/uploads\/2020\/08\/Prensa-de-vino-extractor-de-zumo-exprimidor-de-frutas-6L-0.jpg","datePublished":"2020-08-07T15:34:13+00:00","dateModified":"2020-09-30T08:55:08+00:00","breadcrumb":{"@id":"https:\/\/distribucionarc.com\/pl\/producto\/prensa-de-vino-exprimidor-de-frutas-6l\/#breadcrumb"},"inLanguage":"pl-PL","potentialAction":[{"@type":"ReadAction","target":["https:\/\/distribucionarc.com\/pl\/producto\/prensa-de-vino-exprimidor-de-frutas-6l\/"]}]},{"@type":"ImageObject","inLanguage":"pl-PL","@id":"https:\/\/distribucionarc.com\/pl\/producto\/prensa-de-vino-exprimidor-de-frutas-6l\/#primaryimage","url":"https:\/\/distribucionarc.com\/wp-content\/uploads\/2020\/08\/Prensa-de-vino-extractor-de-zumo-exprimidor-de-frutas-6L-0.jpg","contentUrl":"https:\/\/distribucionarc.com\/wp-content\/uploads\/2020\/08\/Prensa-de-vino-extractor-de-zumo-exprimidor-de-frutas-6L-0.jpg","width":1000,"height":1000,"caption":"Prensa de vino extractor de zumo exprimidor de frutas 6L"},{"@type":"BreadcrumbList","@id":"https:\/\/distribucionarc.com\/pl\/producto\/prensa-de-vino-exprimidor-de-frutas-6l\/#breadcrumb","itemListElement":[{"@type":"ListItem","position":1,"name":"Portada","item":"https:\/\/distribucionarc.com\/pl\/"},{"@type":"ListItem","position":2,"name":"Produkty","item":"https:\/\/distribucionarc.com\/pl\/shop\/"},{"@type":"ListItem","position":3,"name":"Prensa de vino exprimidor de frutas 6L"}]},{"@type":"WebSite","@id":"https:\/\/distribucionarc.com\/de\/#website","url":"https:\/\/distribucionarc.com\/de\/","name":"Dystrybucja ARC","description":"Firma specjalizuj\u0105ca si\u0119 w produkcji i dystrybucji maszyn przemys\u0142owych, zgrzewarek do puszek, maszyn do produkcji tabletek, maszyn do ci\u0119cia mi\u0119sa...","publisher":{"@id":"https:\/\/distribucionarc.com\/de\/#organization"},"potentialAction":[{"@type":"SearchAction","target":{"@type":"EntryPoint","urlTemplate":"https:\/\/distribucionarc.com\/de\/?s={search_term_string}"},"query-input":{"@type":"PropertyValueSpecification","valueRequired":true,"valueName":"search_term_string"}}],"inLanguage":"pl-PL"},{"@type":"Organization","@id":"https:\/\/distribucionarc.com\/de\/#organization","name":"Dystrybucja ARC","url":"https:\/\/distribucionarc.com\/de\/","logo":{"@type":"ImageObject","inLanguage":"pl-PL","@id":"https:\/\/distribucionarc.com\/de\/#\/schema\/logo\/image\/","url":"https:\/\/distribucionarc.com\/wp-content\/uploads\/2024\/10\/distribucion-ARC-COLOR-SIN-FONDO-e1732295305345.png","contentUrl":"https:\/\/distribucionarc.com\/wp-content\/uploads\/2024\/10\/distribucion-ARC-COLOR-SIN-FONDO-e1732295305345.png","width":1164,"height":558,"caption":"Distribuci\u00f3n ARC"},"image":{"@id":"https:\/\/distribucionarc.com\/de\/#\/schema\/logo\/image\/"},"description":"Firma specjalizuj\u0105ca si\u0119 w produkcji i dystrybucji maszyn przemys\u0142owych dla sektora spo\u017cywczego i farmaceutycznego. Specjalizujemy si\u0119 w: Maszyny do krojenia mi\u0119sa Produkcja tabletek Przemys\u0142owe systemy transportowe Linie butelkuj\u0105ce Dozowniki I wiele wi\u0119cej.... Oferujemy innowacyjne i niestandardowe rozwi\u0105zania w celu optymalizacji proces\u00f3w produkcyjnych w Twojej firmie.","email":"Admistracion@distribucionarc.com","telephone":"+34 643496664","legalName":"ARC TECH SOLUTIONS","foundingDate":"2024-04-09","vatID":"B55480172","numberOfEmployees":{"@type":"QuantitativeValue","minValue":"1","maxValue":"10"}}]}},"_links":{"self":[{"href":"https:\/\/distribucionarc.com\/pl\/wp-json\/wp\/v2\/product\/2075","targetHints":{"allow":["GET"]}}],"collection":[{"href":"https:\/\/distribucionarc.com\/pl\/wp-json\/wp\/v2\/product"}],"about":[{"href":"https:\/\/distribucionarc.com\/pl\/wp-json\/wp\/v2\/types\/product"}],"replies":[{"embeddable":true,"href":"https:\/\/distribucionarc.com\/pl\/wp-json\/wp\/v2\/comments?post=2075"}],"version-history":[{"count":0,"href":"https:\/\/distribucionarc.com\/pl\/wp-json\/wp\/v2\/product\/2075\/revisions"}],"wp:featuredmedia":[{"embeddable":true,"href":"https:\/\/distribucionarc.com\/pl\/wp-json\/wp\/v2\/media\/2076"}],"wp:attachment":[{"href":"https:\/\/distribucionarc.com\/pl\/wp-json\/wp\/v2\/media?parent=2075"}],"wp:term":[{"taxonomy":"product_brand","embeddable":true,"href":"https:\/\/distribucionarc.com\/pl\/wp-json\/wp\/v2\/product_brand?post=2075"},{"taxonomy":"product_cat","embeddable":true,"href":"https:\/\/distribucionarc.com\/pl\/wp-json\/wp\/v2\/product_cat?post=2075"},{"taxonomy":"product_tag","embeddable":true,"href":"https:\/\/distribucionarc.com\/pl\/wp-json\/wp\/v2\/product_tag?post=2075"}],"curies":[{"name":"wp","href":"https:\/\/api.w.org\/{rel}","templated":true}]}}